{"id":8549,"date":"2024-01-30T15:52:42","date_gmt":"2024-01-30T15:52:42","guid":{"rendered":"https:\/\/www.seraphina.si\/?post_type=product&#038;p=8549"},"modified":"2026-03-15T12:44:32","modified_gmt":"2026-03-15T11:44:32","slug":"zenski-srebrni-prsten-s-lotosovim-opalom-i-bijelim-topazom","status":"publish","type":"product","link":"https:\/\/www.seraphina.si\/hr\/p\/zenski-prstan-iz-srebra-lotus-opal-in-beli-topaz\/","title":{"rendered":"\u017denski srebrni prsten LOTUS, Opal i bijeli topaz"},"content":{"rendered":"<p>Prsten izra\u0111en od 925 srebra s poliranim prirodnim kristalom opala i sitnim bijelim topazima.<\/p>\n<p>Veli\u010dina opala je 6 mm x 8 mm.<\/p>\n<p>Etiopski opali upijaju vodu, \u0161to im mijenja izgled, pa se kontakt s vodom ne preporu\u010duje!<\/p>\n<p>Svaki proizvod je jedinstven - boja opala varira od sme\u0111e\u017eute do mlije\u010dnobijele, s razli\u010ditim refleksijama. Ako imate posebne \u017eelje u vezi s tim, pi\u0161ite nam na info@seraphina.si. U suprotnom, prsten \u0107e biti odabran nasumi\u010dno.<\/p>\n<p>Slike prikazuju i pojedina\u010dni prsten kao i raznolikost nijansi boja opala i mogu\u0107e kombinacije s drugim modelima.<\/p>","protected":false},"excerpt":{"rendered":"<p>Prsten izra\u0111en od srebra 925 s poliranim prirodnim opalom i sitnim bijelim topazima. Opal poti\u010de samopouzdanje i donosi ravnote\u017eu i harmoniju. Djeluje kao za\u0161titni kamen i poti\u010de pozitivne promjene, a istovremeno poma\u017ee u prevladavanju emocionalnih izazova i poti\u010de izra\u017eavanje na\u0161eg pravog ja.<\/p>","protected":false},"featured_media":8560,"template":"","meta":{"_acf_changed":false,"inline_featured_image":false},"horoskop":[],"kamen":[695],"kolekcija":[],"mesec":[600],"product_brand":[],"product_cat":[288,757,25,31,351,183],"product_tag":[36,21,54,24,33],"class_list":{"0":"post-8549","1":"product","2":"type-product","3":"status-publish","4":"has-post-thumbnail","6":"kamen-opal","7":"mesec-oktober","8":"product_cat-kabosoni-polirani-kristali-in-minerali","9":"product_cat-kamen-meseca-opal","10":"product_cat-prstani","11":"product_cat-prstani-iz-srebra","12":"product_cat-prstani-s-kabosoni","13":"product_cat-vsa-ponudba","14":"product_tag-brusen","15":"product_tag-kristal","16":"product_tag-opal","17":"product_tag-prstan","18":"product_tag-srebro","19":"pa_horoskop-bik","20":"pa_horoskop-dvojcka","21":"pa_horoskop-skorpijon","22":"pa_horoskop-tehtnica","23":"pa_kamen-opal","24":"tm-has-options","26":"first","27":"instock","28":"taxable","29":"shipping-taxable","30":"purchasable","31":"product-type-variable"},"acf":[],"yoast_head":"<!-- This site is optimized with the Yoast SEO plugin v27.3 - https:\/\/yoast.com\/product\/yoast-seo-wordpress\/ -->\n<title>Seraphina - Prstan Lotus - Opal in Beli Topaz<\/title>\n<meta name=\"description\" content=\"Prstan izdelan iz 925 srebra s poliranim naravnim kristalom opal in drobnimi belimi topazi. Seraphina - nakit iz naravnih kristalov in poldragih kamnov.\" \/>\n<meta name=\"robots\" content=\"index, follow, max-snippet:-1, max-image-preview:large, max-video-preview:-1\" \/>\n<link rel=\"canonical\" href=\"https:\/\/www.seraphina.si\/hr\/str\/zenski-srebrni-prsten-s-lotosovim-opalom-i-bijelim-topazom\/\" \/>\n<meta property=\"og:locale\" content=\"hr_HR\" \/>\n<meta property=\"og:type\" content=\"article\" \/>\n<meta property=\"og:title\" content=\"Seraphina - Prstan Lotus - Opal in Beli Topaz\" \/>\n<meta property=\"og:description\" content=\"Prstan izdelan iz 925 srebra s poliranim naravnim kristalom opal in drobnimi belimi topazi. Seraphina - nakit iz naravnih kristalov in poldragih kamnov.\" \/>\n<meta property=\"og:url\" content=\"https:\/\/www.seraphina.si\/hr\/str\/zenski-srebrni-prsten-s-lotosovim-opalom-i-bijelim-topazom\/\" \/>\n<meta property=\"og:site_name\" content=\"Seraphina\" \/>\n<meta property=\"article:publisher\" content=\"https:\/\/www.facebook.com\/seraphina.si\/\" \/>\n<meta property=\"article:modified_time\" content=\"2026-03-15T11:44:32+00:00\" \/>\n<meta property=\"og:image\" content=\"https:\/\/www.seraphina.si\/wp-content\/uploads\/2024\/01\/5.jpg\" \/>\n\t<meta property=\"og:image:width\" content=\"1215\" \/>\n\t<meta property=\"og:image:height\" content=\"1215\" \/>\n\t<meta property=\"og:image:type\" content=\"image\/jpeg\" \/>\n<script type=\"application\/ld+json\" class=\"yoast-schema-graph\">{\"@context\":\"https:\\\/\\\/schema.org\",\"@graph\":[{\"@type\":[\"WebPage\",\"CollectionPage\"],\"@id\":\"https:\\\/\\\/www.seraphina.si\\\/p\\\/zenski-prstan-iz-srebra-lotus-opal-in-beli-topaz\\\/\",\"url\":\"https:\\\/\\\/www.seraphina.si\\\/p\\\/zenski-prstan-iz-srebra-lotus-opal-in-beli-topaz\\\/\",\"name\":\"Seraphina - Prstan Lotus - Opal in Beli Topaz\",\"isPartOf\":{\"@id\":\"https:\\\/\\\/www.seraphina.si\\\/#website\"},\"primaryImageOfPage\":{\"@id\":\"https:\\\/\\\/www.seraphina.si\\\/p\\\/zenski-prstan-iz-srebra-lotus-opal-in-beli-topaz\\\/#primaryimage\"},\"image\":{\"@id\":\"https:\\\/\\\/www.seraphina.si\\\/p\\\/zenski-prstan-iz-srebra-lotus-opal-in-beli-topaz\\\/#primaryimage\"},\"thumbnailUrl\":\"https:\\\/\\\/www.seraphina.si\\\/wp-content\\\/uploads\\\/2024\\\/01\\\/5.jpg\",\"datePublished\":\"2024-01-30T15:52:42+00:00\",\"dateModified\":\"2026-03-15T11:44:32+00:00\",\"description\":\"Prstan izdelan iz 925 srebra s poliranim naravnim kristalom opal in drobnimi belimi topazi. Seraphina - nakit iz naravnih kristalov in poldragih kamnov.\",\"breadcrumb\":{\"@id\":\"https:\\\/\\\/www.seraphina.si\\\/p\\\/zenski-prstan-iz-srebra-lotus-opal-in-beli-topaz\\\/#breadcrumb\"},\"inLanguage\":\"hr\"},{\"@type\":\"ImageObject\",\"inLanguage\":\"hr\",\"@id\":\"https:\\\/\\\/www.seraphina.si\\\/p\\\/zenski-prstan-iz-srebra-lotus-opal-in-beli-topaz\\\/#primaryimage\",\"url\":\"https:\\\/\\\/www.seraphina.si\\\/wp-content\\\/uploads\\\/2024\\\/01\\\/5.jpg\",\"contentUrl\":\"https:\\\/\\\/www.seraphina.si\\\/wp-content\\\/uploads\\\/2024\\\/01\\\/5.jpg\",\"width\":1215,\"height\":1215,\"caption\":\"Prstan Lotus - Opal in Beli Topaz - Seraphina\"},{\"@type\":\"BreadcrumbList\",\"@id\":\"https:\\\/\\\/www.seraphina.si\\\/p\\\/zenski-prstan-iz-srebra-lotus-opal-in-beli-topaz\\\/#breadcrumb\",\"itemListElement\":[{\"@type\":\"ListItem\",\"position\":1,\"name\":\"Home\",\"item\":\"https:\\\/\\\/www.seraphina.si\\\/\"},{\"@type\":\"ListItem\",\"position\":2,\"name\":\"Trgovina\",\"item\":\"https:\\\/\\\/www.seraphina.si\\\/trgovina\\\/\"},{\"@type\":\"ListItem\",\"position\":3,\"name\":\"\u017denski prstan iz srebra LOTUS, Opal in Beli Topaz\"}]},{\"@type\":\"WebSite\",\"@id\":\"https:\\\/\\\/www.seraphina.si\\\/#website\",\"url\":\"https:\\\/\\\/www.seraphina.si\\\/\",\"name\":\"Unikatni nakit iz kristalov - Seraphina\",\"description\":\"Unikatni nakit kamen iz kristalov, srebrni prstani in veri\u017eice -\",\"publisher\":{\"@id\":\"https:\\\/\\\/www.seraphina.si\\\/#organization\"},\"alternateName\":\"Seraphina - Unikatni nakit iz kristalov\",\"potentialAction\":[{\"@type\":\"SearchAction\",\"target\":{\"@type\":\"EntryPoint\",\"urlTemplate\":\"https:\\\/\\\/www.seraphina.si\\\/?s={search_term_string}\"},\"query-input\":{\"@type\":\"PropertyValueSpecification\",\"valueRequired\":true,\"valueName\":\"search_term_string\"}}],\"inLanguage\":\"hr\"},{\"@type\":\"Organization\",\"@id\":\"https:\\\/\\\/www.seraphina.si\\\/#organization\",\"name\":\"Nakit Seraphina\",\"alternateName\":\"Seraphina spletna trgovina z nakitom, kristali in minerali\",\"url\":\"https:\\\/\\\/www.seraphina.si\\\/\",\"logo\":{\"@type\":\"ImageObject\",\"inLanguage\":\"hr\",\"@id\":\"https:\\\/\\\/www.seraphina.si\\\/#\\\/schema\\\/logo\\\/image\\\/\",\"url\":\"https:\\\/\\\/www.seraphina.si\\\/wp-content\\\/uploads\\\/2025\\\/03\\\/logo-seraphina-2025-1.svg\",\"contentUrl\":\"https:\\\/\\\/www.seraphina.si\\\/wp-content\\\/uploads\\\/2025\\\/03\\\/logo-seraphina-2025-1.svg\",\"width\":100,\"height\":100,\"caption\":\"Nakit Seraphina\"},\"image\":{\"@id\":\"https:\\\/\\\/www.seraphina.si\\\/#\\\/schema\\\/logo\\\/image\\\/\"},\"sameAs\":[\"https:\\\/\\\/www.facebook.com\\\/seraphina.si\\\/\",\"https:\\\/\\\/www.instagram.com\\\/seraphinas_gemstones\\\/\"]}]}<\/script>\n<!-- \/ Yoast SEO plugin. -->","yoast_head_json":{"title":"Serafina - Lotosov prsten - Opal i bijeli topaz","description":"Prsten izra\u0111en od srebra 925 s poliranim prirodnim kristalom opala i sitnim bijelim topazima. Serafina - nakit izra\u0111en od prirodnih kristala i poludragog kamenja.","robots":{"index":"index","follow":"follow","max-snippet":"max-snippet:-1","max-image-preview":"max-image-preview:large","max-video-preview":"max-video-preview:-1"},"canonical":"https:\/\/www.seraphina.si\/hr\/str\/zenski-srebrni-prsten-s-lotosovim-opalom-i-bijelim-topazom\/","og_locale":"hr_HR","og_type":"article","og_title":"Seraphina - Prstan Lotus - Opal in Beli Topaz","og_description":"Prstan izdelan iz 925 srebra s poliranim naravnim kristalom opal in drobnimi belimi topazi. Seraphina - nakit iz naravnih kristalov in poldragih kamnov.","og_url":"https:\/\/www.seraphina.si\/hr\/str\/zenski-srebrni-prsten-s-lotosovim-opalom-i-bijelim-topazom\/","og_site_name":"Seraphina","article_publisher":"https:\/\/www.facebook.com\/seraphina.si\/","article_modified_time":"2026-03-15T11:44:32+00:00","og_image":[{"width":1215,"height":1215,"url":"https:\/\/www.seraphina.si\/wp-content\/uploads\/2024\/01\/5.jpg","type":"image\/jpeg"}],"schema":{"@context":"https:\/\/schema.org","@graph":[{"@type":["WebPage","CollectionPage"],"@id":"https:\/\/www.seraphina.si\/p\/zenski-prstan-iz-srebra-lotus-opal-in-beli-topaz\/","url":"https:\/\/www.seraphina.si\/p\/zenski-prstan-iz-srebra-lotus-opal-in-beli-topaz\/","name":"Serafina - Lotosov prsten - Opal i bijeli topaz","isPartOf":{"@id":"https:\/\/www.seraphina.si\/#website"},"primaryImageOfPage":{"@id":"https:\/\/www.seraphina.si\/p\/zenski-prstan-iz-srebra-lotus-opal-in-beli-topaz\/#primaryimage"},"image":{"@id":"https:\/\/www.seraphina.si\/p\/zenski-prstan-iz-srebra-lotus-opal-in-beli-topaz\/#primaryimage"},"thumbnailUrl":"https:\/\/www.seraphina.si\/wp-content\/uploads\/2024\/01\/5.jpg","datePublished":"2024-01-30T15:52:42+00:00","dateModified":"2026-03-15T11:44:32+00:00","description":"Prsten izra\u0111en od srebra 925 s poliranim prirodnim kristalom opala i sitnim bijelim topazima. Serafina - nakit izra\u0111en od prirodnih kristala i poludragog kamenja.","breadcrumb":{"@id":"https:\/\/www.seraphina.si\/p\/zenski-prstan-iz-srebra-lotus-opal-in-beli-topaz\/#breadcrumb"},"inLanguage":"hr"},{"@type":"ImageObject","inLanguage":"hr","@id":"https:\/\/www.seraphina.si\/p\/zenski-prstan-iz-srebra-lotus-opal-in-beli-topaz\/#primaryimage","url":"https:\/\/www.seraphina.si\/wp-content\/uploads\/2024\/01\/5.jpg","contentUrl":"https:\/\/www.seraphina.si\/wp-content\/uploads\/2024\/01\/5.jpg","width":1215,"height":1215,"caption":"Prstan Lotus - Opal in Beli Topaz - Seraphina"},{"@type":"BreadcrumbList","@id":"https:\/\/www.seraphina.si\/p\/zenski-prstan-iz-srebra-lotus-opal-in-beli-topaz\/#breadcrumb","itemListElement":[{"@type":"ListItem","position":1,"name":"Home","item":"https:\/\/www.seraphina.si\/"},{"@type":"ListItem","position":2,"name":"Trgovina","item":"https:\/\/www.seraphina.si\/trgovina\/"},{"@type":"ListItem","position":3,"name":"\u017denski prstan iz srebra LOTUS, Opal in Beli Topaz"}]},{"@type":"WebSite","@id":"https:\/\/www.seraphina.si\/#website","url":"https:\/\/www.seraphina.si\/","name":"Unikatni kristalni nakit - Serafina","description":"Unikatni nakit od kristala, srebrnog prstenja i lan\u010di\u0107a -","publisher":{"@id":"https:\/\/www.seraphina.si\/#organization"},"alternateName":"Seraphina - Unikatni nakit iz kristalov","potentialAction":[{"@type":"SearchAction","target":{"@type":"EntryPoint","urlTemplate":"https:\/\/www.seraphina.si\/?s={search_term_string}"},"query-input":{"@type":"PropertyValueSpecification","valueRequired":true,"valueName":"search_term_string"}}],"inLanguage":"hr"},{"@type":"Organization","@id":"https:\/\/www.seraphina.si\/#organization","name":"Seraphina nakit","alternateName":"Seraphina spletna trgovina z nakitom, kristali in minerali","url":"https:\/\/www.seraphina.si\/","logo":{"@type":"ImageObject","inLanguage":"hr","@id":"https:\/\/www.seraphina.si\/#\/schema\/logo\/image\/","url":"https:\/\/www.seraphina.si\/wp-content\/uploads\/2025\/03\/logo-seraphina-2025-1.svg","contentUrl":"https:\/\/www.seraphina.si\/wp-content\/uploads\/2025\/03\/logo-seraphina-2025-1.svg","width":100,"height":100,"caption":"Nakit Seraphina"},"image":{"@id":"https:\/\/www.seraphina.si\/#\/schema\/logo\/image\/"},"sameAs":["https:\/\/www.facebook.com\/seraphina.si\/","https:\/\/www.instagram.com\/seraphinas_gemstones\/"]}]}},"_links":{"self":[{"href":"https:\/\/www.seraphina.si\/hr\/wp-json\/wp\/v2\/product\/8549","targetHints":{"allow":["GET"]}}],"collection":[{"href":"https:\/\/www.seraphina.si\/hr\/wp-json\/wp\/v2\/product"}],"about":[{"href":"https:\/\/www.seraphina.si\/hr\/wp-json\/wp\/v2\/types\/product"}],"wp:featuredmedia":[{"embeddable":true,"href":"https:\/\/www.seraphina.si\/hr\/wp-json\/wp\/v2\/media\/8560"}],"wp:attachment":[{"href":"https:\/\/www.seraphina.si\/hr\/wp-json\/wp\/v2\/media?parent=8549"}],"wp:term":[{"taxonomy":"horoskop","embeddable":true,"href":"https:\/\/www.seraphina.si\/hr\/wp-json\/wp\/v2\/horoskop?post=8549"},{"taxonomy":"kamen","embeddable":true,"href":"https:\/\/www.seraphina.si\/hr\/wp-json\/wp\/v2\/kamen?post=8549"},{"taxonomy":"kolekcija","embeddable":true,"href":"https:\/\/www.seraphina.si\/hr\/wp-json\/wp\/v2\/kolekcija?post=8549"},{"taxonomy":"mesec","embeddable":true,"href":"https:\/\/www.seraphina.si\/hr\/wp-json\/wp\/v2\/mesec?post=8549"},{"taxonomy":"product_brand","embeddable":true,"href":"https:\/\/www.seraphina.si\/hr\/wp-json\/wp\/v2\/product_brand?post=8549"},{"taxonomy":"product_cat","embeddable":true,"href":"https:\/\/www.seraphina.si\/hr\/wp-json\/wp\/v2\/product_cat?post=8549"},{"taxonomy":"product_tag","embeddable":true,"href":"https:\/\/www.seraphina.si\/hr\/wp-json\/wp\/v2\/product_tag?post=8549"}],"curies":[{"name":"radni list","href":"https:\/\/api.w.org\/{rel}","templated":true}]}}