{"id":8400,"date":"2024-01-28T10:54:04","date_gmt":"2024-01-28T10:54:04","guid":{"rendered":"https:\/\/www.seraphina.si\/?post_type=product&#038;p=8400"},"modified":"2026-01-13T08:34:28","modified_gmt":"2026-01-13T07:34:28","slug":"zenske-srebrne-nausnice-s-mjesecevim-kamenom","status":"publish","type":"product","link":"https:\/\/www.seraphina.si\/hr\/p\/zenski-uhani-iz-srebra-isla-mesecev-kamen\/","title":{"rendered":"\u017denske srebrne nau\u0161nice ISLA, mjese\u010dev kamen"},"content":{"rendered":"<p>Nau\u0161nice od 925 srebra sa prirodnim kristalom mjese\u010devog kamena.<\/p>\n<p>Veli\u010dina mjese\u010devog kamena je 7 mm x 5 mm.<\/p>\n<p>Budu\u0107i da se radi o prirodnim kristalima, nijanse boja i adularescencija (plavi sjaj) pojedinih proizvoda malo se razlikuju.<\/p>\n<h4><strong>Mjese\u010dev kamen - Mjese\u010dev kamen<\/strong><\/h4>\n<p>Podrijetlo: Bihar, Indija<\/p>\n<p>Misti\u010dni kamen nadzemaljskog sjaja koji se naziva mjese\u010dev kamen cijenjen je u drevnim kulturama od pamtivijeka. Zbog svog magi\u010dnog sjaja, stari Rimljani su vjerovali da kamen sadr\u017ei mjese\u010dinu, odnosno nastao je od same mjese\u010dine, to\u010dnije od skrutnutih mjese\u010devih zraka. Njegova upotreba se\u017ee daleko u povijest, gdje su drevne kulture vjerovale da kamen ima misti\u010dna svojstva.<\/p>\n<p>Nazivaju ga i kamenom putnika, jer \u0161titi one koji putuju no\u0107u, posebno morem, a mnogi su ga smatrali sretnim kamenom koji otvara vezu s drugim svijetom.<\/p>\n<p>Od najranijih vremena mjese\u010dev je kamen bio opipljiva veza s mjese\u010devom energijom, za\u0161titni amulet za putnike, ljubavni dar za strast, kanal za proro\u010danstva i put do mudrosti. Prema staroj narodnoj tradiciji, svoju budu\u0107nost mo\u017eete vidjeti ako mjese\u010dev kamen stavite u usta za vrijeme punog Mjeseca, kada on ima najve\u0107u mo\u0107.<\/p>\n<p>Hindusi vjeruju da u snovima omogu\u0107uje magi\u010dne vizije i donosi sre\u0107u, a kada je nose dvoje ljudi djeluje kao afrodizijak. Unosi strast u vezu, posebno za vrijeme punog Mjeseca.<\/p>\n<p>Simbolizira nje\u017enost, ljubav, plodnost, intuiciju, emocionalno razumijevanje i \u017eenstvenost te je odli\u010dan suputnik tijekom trudno\u0107e i poroda. Mjese\u010dev kamen smiruje i regulira pretjerane emocionalne reakcije te nas podsje\u0107a da je sve dio prirodnog ciklusa.<\/p>\n<p>Mjese\u010dev kamen nas povezuje s energijom Mjeseca, koja predstavlja \u017eensku energiju i povezana je s intuitivnim djelovanjem. Poma\u017ee u razvoju osje\u0107aja empatije i razumijevanja, ja\u010da intuiciju i psihi\u010dke sposobnosti (vidovitost). Ba\u0161 kao i sam mjesec, koji raste i opada u svojim ciklusima, stvaraju\u0107i plimu i oseku, tako je i mjese\u010dev kamen povezan s promjenom, ciklusima i obnovom. Umiruje, ohrabruje i u\u010di vlasnika razumjeti prirodne ritmove \u017eivota.<\/p>\n<p>Poma\u017ee kod nesanice, problema s menstruacijom, za\u010de\u0107em, trudno\u0107om, porodom i dojenjem. Tako\u0111er poma\u017ee kod problema sa \u017eenskim reproduktivnim organima, regulira hormone, ubla\u017eava promjene raspolo\u017eenja i stres.<\/p>","protected":false},"excerpt":{"rendered":"<p>Nau\u0161nice od 925 srebra sa prirodnim kristalom mjese\u010devog kamena. Poznat po svom misti\u010dnom sjaju, mjese\u010dev kamen simbolizira nje\u017enost, intuiciju i povezanost s mjese\u010devim ciklusima. Njegova energija umiruje i poma\u017ee u emocionalnoj ravnote\u017ei te ja\u010da empatiju i razumijevanje prirodnih ritmova \u017eivota.<\/p>","protected":false},"featured_media":8402,"template":"","meta":{"_acf_changed":false,"inline_featured_image":false},"horoskop":[],"kamen":[692],"kolekcija":[721],"mesec":[596],"product_brand":[],"product_cat":[289,15,421,183],"product_tag":[34,33,46,281],"class_list":{"0":"post-8400","1":"product","2":"type-product","3":"status-publish","4":"has-post-thumbnail","6":"kamen-mesecev-kamen","7":"kolekcija-basic","8":"mesec-junij","9":"product_cat-bruseni-kristali-in-minerali","10":"product_cat-uhani","11":"product_cat-uhani-z-brusenimi-kamni","12":"product_cat-vsa-ponudba","13":"product_tag-mesecev-kamen","14":"product_tag-srebro","15":"product_tag-uhani","16":"product_tag-viseci","17":"pa_horoskop-devica","18":"pa_horoskop-dvojcka","19":"pa_horoskop-rak","20":"pa_horoskop-ribi","21":"pa_kamen-mesecev-kamen","22":"tm-has-options","24":"first","25":"onbackorder","26":"taxable","27":"shipping-taxable","28":"purchasable","29":"product-type-simple"},"acf":[],"yoast_head":"<!-- This site is optimized with the Yoast SEO plugin v27.3 - https:\/\/yoast.com\/product\/yoast-seo-wordpress\/ -->\n<title>Uhani Isla - Mese\u010dev kamen - Seraphina<\/title>\n<meta name=\"description\" content=\"Uhani izdelani iz 925 srebra z naravnim kristalom mese\u010dev kamen. Seraphina - nakit iz naravnih kristalov in poldragih - dragih kamnov.\" \/>\n<meta name=\"robots\" content=\"index, follow, max-snippet:-1, max-image-preview:large, max-video-preview:-1\" \/>\n<link rel=\"canonical\" href=\"https:\/\/www.seraphina.si\/hr\/str\/zenske-srebrne-nausnice-s-mjesecevim-kamenom\/\" \/>\n<meta property=\"og:locale\" content=\"hr_HR\" \/>\n<meta property=\"og:type\" content=\"article\" \/>\n<meta property=\"og:title\" content=\"Uhani Isla - Mese\u010dev kamen - Seraphina\" \/>\n<meta property=\"og:description\" content=\"Uhani izdelani iz 925 srebra z naravnim kristalom mese\u010dev kamen. Seraphina - nakit iz naravnih kristalov in poldragih - dragih kamnov.\" \/>\n<meta property=\"og:url\" content=\"https:\/\/www.seraphina.si\/hr\/str\/zenske-srebrne-nausnice-s-mjesecevim-kamenom\/\" \/>\n<meta property=\"og:site_name\" content=\"Seraphina\" \/>\n<meta property=\"article:publisher\" content=\"https:\/\/www.facebook.com\/seraphina.si\/\" \/>\n<meta property=\"article:modified_time\" content=\"2026-01-13T07:34:28+00:00\" \/>\n<meta property=\"og:image\" content=\"https:\/\/www.seraphina.si\/wp-content\/uploads\/2024\/01\/12-2j.jpg\" \/>\n\t<meta property=\"og:image:width\" content=\"1215\" \/>\n\t<meta property=\"og:image:height\" content=\"1215\" \/>\n\t<meta property=\"og:image:type\" content=\"image\/jpeg\" \/>\n<script type=\"application\/ld+json\" class=\"yoast-schema-graph\">{\"@context\":\"https:\\\/\\\/schema.org\",\"@graph\":[{\"@type\":[\"WebPage\",\"CollectionPage\"],\"@id\":\"https:\\\/\\\/www.seraphina.si\\\/p\\\/zenski-uhani-iz-srebra-isla-mesecev-kamen\\\/\",\"url\":\"https:\\\/\\\/www.seraphina.si\\\/p\\\/zenski-uhani-iz-srebra-isla-mesecev-kamen\\\/\",\"name\":\"Uhani Isla - Mese\u010dev kamen - Seraphina\",\"isPartOf\":{\"@id\":\"https:\\\/\\\/www.seraphina.si\\\/#website\"},\"primaryImageOfPage\":{\"@id\":\"https:\\\/\\\/www.seraphina.si\\\/p\\\/zenski-uhani-iz-srebra-isla-mesecev-kamen\\\/#primaryimage\"},\"image\":{\"@id\":\"https:\\\/\\\/www.seraphina.si\\\/p\\\/zenski-uhani-iz-srebra-isla-mesecev-kamen\\\/#primaryimage\"},\"thumbnailUrl\":\"https:\\\/\\\/www.seraphina.si\\\/wp-content\\\/uploads\\\/2024\\\/01\\\/12-2j.jpg\",\"datePublished\":\"2024-01-28T10:54:04+00:00\",\"dateModified\":\"2026-01-13T07:34:28+00:00\",\"description\":\"Uhani izdelani iz 925 srebra z naravnim kristalom mese\u010dev kamen. Seraphina - nakit iz naravnih kristalov in poldragih - dragih kamnov.\",\"breadcrumb\":{\"@id\":\"https:\\\/\\\/www.seraphina.si\\\/p\\\/zenski-uhani-iz-srebra-isla-mesecev-kamen\\\/#breadcrumb\"},\"inLanguage\":\"hr\"},{\"@type\":\"ImageObject\",\"inLanguage\":\"hr\",\"@id\":\"https:\\\/\\\/www.seraphina.si\\\/p\\\/zenski-uhani-iz-srebra-isla-mesecev-kamen\\\/#primaryimage\",\"url\":\"https:\\\/\\\/www.seraphina.si\\\/wp-content\\\/uploads\\\/2024\\\/01\\\/12-2j.jpg\",\"contentUrl\":\"https:\\\/\\\/www.seraphina.si\\\/wp-content\\\/uploads\\\/2024\\\/01\\\/12-2j.jpg\",\"width\":1215,\"height\":1215,\"caption\":\"Uhani Isla - Mese\u010dev kamen - Seraphina\"},{\"@type\":\"BreadcrumbList\",\"@id\":\"https:\\\/\\\/www.seraphina.si\\\/p\\\/zenski-uhani-iz-srebra-isla-mesecev-kamen\\\/#breadcrumb\",\"itemListElement\":[{\"@type\":\"ListItem\",\"position\":1,\"name\":\"Home\",\"item\":\"https:\\\/\\\/www.seraphina.si\\\/\"},{\"@type\":\"ListItem\",\"position\":2,\"name\":\"Trgovina\",\"item\":\"https:\\\/\\\/www.seraphina.si\\\/trgovina\\\/\"},{\"@type\":\"ListItem\",\"position\":3,\"name\":\"\u017denski uhani iz srebra ISLA, Mese\u010dev kamen\"}]},{\"@type\":\"WebSite\",\"@id\":\"https:\\\/\\\/www.seraphina.si\\\/#website\",\"url\":\"https:\\\/\\\/www.seraphina.si\\\/\",\"name\":\"Unikatni nakit iz kristalov - Seraphina\",\"description\":\"Unikatni nakit kamen iz kristalov, srebrni prstani in veri\u017eice -\",\"publisher\":{\"@id\":\"https:\\\/\\\/www.seraphina.si\\\/#organization\"},\"alternateName\":\"Seraphina - Unikatni nakit iz kristalov\",\"potentialAction\":[{\"@type\":\"SearchAction\",\"target\":{\"@type\":\"EntryPoint\",\"urlTemplate\":\"https:\\\/\\\/www.seraphina.si\\\/?s={search_term_string}\"},\"query-input\":{\"@type\":\"PropertyValueSpecification\",\"valueRequired\":true,\"valueName\":\"search_term_string\"}}],\"inLanguage\":\"hr\"},{\"@type\":\"Organization\",\"@id\":\"https:\\\/\\\/www.seraphina.si\\\/#organization\",\"name\":\"Nakit Seraphina\",\"alternateName\":\"Seraphina spletna trgovina z nakitom, kristali in minerali\",\"url\":\"https:\\\/\\\/www.seraphina.si\\\/\",\"logo\":{\"@type\":\"ImageObject\",\"inLanguage\":\"hr\",\"@id\":\"https:\\\/\\\/www.seraphina.si\\\/#\\\/schema\\\/logo\\\/image\\\/\",\"url\":\"https:\\\/\\\/www.seraphina.si\\\/wp-content\\\/uploads\\\/2025\\\/03\\\/logo-seraphina-2025-1.svg\",\"contentUrl\":\"https:\\\/\\\/www.seraphina.si\\\/wp-content\\\/uploads\\\/2025\\\/03\\\/logo-seraphina-2025-1.svg\",\"width\":100,\"height\":100,\"caption\":\"Nakit Seraphina\"},\"image\":{\"@id\":\"https:\\\/\\\/www.seraphina.si\\\/#\\\/schema\\\/logo\\\/image\\\/\"},\"sameAs\":[\"https:\\\/\\\/www.facebook.com\\\/seraphina.si\\\/\",\"https:\\\/\\\/www.instagram.com\\\/seraphinas_gemstones\\\/\"]}]}<\/script>\n<!-- \/ Yoast SEO plugin. -->","yoast_head_json":{"title":"Isla nau\u0161nice - Mjese\u010dev kamen - Seraphina","description":"Nau\u0161nice od 925 srebra sa prirodnim kristalom mjese\u010devog kamena. Seraphina - nakit od prirodnih kristala i poludragog - dragog kamenja.","robots":{"index":"index","follow":"follow","max-snippet":"max-snippet:-1","max-image-preview":"max-image-preview:large","max-video-preview":"max-video-preview:-1"},"canonical":"https:\/\/www.seraphina.si\/hr\/str\/zenske-srebrne-nausnice-s-mjesecevim-kamenom\/","og_locale":"hr_HR","og_type":"article","og_title":"Uhani Isla - Mese\u010dev kamen - Seraphina","og_description":"Uhani izdelani iz 925 srebra z naravnim kristalom mese\u010dev kamen. Seraphina - nakit iz naravnih kristalov in poldragih - dragih kamnov.","og_url":"https:\/\/www.seraphina.si\/hr\/str\/zenske-srebrne-nausnice-s-mjesecevim-kamenom\/","og_site_name":"Seraphina","article_publisher":"https:\/\/www.facebook.com\/seraphina.si\/","article_modified_time":"2026-01-13T07:34:28+00:00","og_image":[{"width":1215,"height":1215,"url":"https:\/\/www.seraphina.si\/wp-content\/uploads\/2024\/01\/12-2j.jpg","type":"image\/jpeg"}],"schema":{"@context":"https:\/\/schema.org","@graph":[{"@type":["WebPage","CollectionPage"],"@id":"https:\/\/www.seraphina.si\/p\/zenski-uhani-iz-srebra-isla-mesecev-kamen\/","url":"https:\/\/www.seraphina.si\/p\/zenski-uhani-iz-srebra-isla-mesecev-kamen\/","name":"Isla nau\u0161nice - Mjese\u010dev kamen - Seraphina","isPartOf":{"@id":"https:\/\/www.seraphina.si\/#website"},"primaryImageOfPage":{"@id":"https:\/\/www.seraphina.si\/p\/zenski-uhani-iz-srebra-isla-mesecev-kamen\/#primaryimage"},"image":{"@id":"https:\/\/www.seraphina.si\/p\/zenski-uhani-iz-srebra-isla-mesecev-kamen\/#primaryimage"},"thumbnailUrl":"https:\/\/www.seraphina.si\/wp-content\/uploads\/2024\/01\/12-2j.jpg","datePublished":"2024-01-28T10:54:04+00:00","dateModified":"2026-01-13T07:34:28+00:00","description":"Nau\u0161nice od 925 srebra sa prirodnim kristalom mjese\u010devog kamena. Seraphina - nakit od prirodnih kristala i poludragog - dragog kamenja.","breadcrumb":{"@id":"https:\/\/www.seraphina.si\/p\/zenski-uhani-iz-srebra-isla-mesecev-kamen\/#breadcrumb"},"inLanguage":"hr"},{"@type":"ImageObject","inLanguage":"hr","@id":"https:\/\/www.seraphina.si\/p\/zenski-uhani-iz-srebra-isla-mesecev-kamen\/#primaryimage","url":"https:\/\/www.seraphina.si\/wp-content\/uploads\/2024\/01\/12-2j.jpg","contentUrl":"https:\/\/www.seraphina.si\/wp-content\/uploads\/2024\/01\/12-2j.jpg","width":1215,"height":1215,"caption":"Uhani Isla - Mese\u010dev kamen - Seraphina"},{"@type":"BreadcrumbList","@id":"https:\/\/www.seraphina.si\/p\/zenski-uhani-iz-srebra-isla-mesecev-kamen\/#breadcrumb","itemListElement":[{"@type":"ListItem","position":1,"name":"Home","item":"https:\/\/www.seraphina.si\/"},{"@type":"ListItem","position":2,"name":"Trgovina","item":"https:\/\/www.seraphina.si\/trgovina\/"},{"@type":"ListItem","position":3,"name":"\u017denski uhani iz srebra ISLA, Mese\u010dev kamen"}]},{"@type":"WebSite","@id":"https:\/\/www.seraphina.si\/#website","url":"https:\/\/www.seraphina.si\/","name":"Unikatni kristalni nakit - Serafina","description":"Unikatni nakit od kristala, srebrnog prstenja i lan\u010di\u0107a -","publisher":{"@id":"https:\/\/www.seraphina.si\/#organization"},"alternateName":"Seraphina - Unikatni nakit iz kristalov","potentialAction":[{"@type":"SearchAction","target":{"@type":"EntryPoint","urlTemplate":"https:\/\/www.seraphina.si\/?s={search_term_string}"},"query-input":{"@type":"PropertyValueSpecification","valueRequired":true,"valueName":"search_term_string"}}],"inLanguage":"hr"},{"@type":"Organization","@id":"https:\/\/www.seraphina.si\/#organization","name":"Seraphina nakit","alternateName":"Seraphina spletna trgovina z nakitom, kristali in minerali","url":"https:\/\/www.seraphina.si\/","logo":{"@type":"ImageObject","inLanguage":"hr","@id":"https:\/\/www.seraphina.si\/#\/schema\/logo\/image\/","url":"https:\/\/www.seraphina.si\/wp-content\/uploads\/2025\/03\/logo-seraphina-2025-1.svg","contentUrl":"https:\/\/www.seraphina.si\/wp-content\/uploads\/2025\/03\/logo-seraphina-2025-1.svg","width":100,"height":100,"caption":"Nakit Seraphina"},"image":{"@id":"https:\/\/www.seraphina.si\/#\/schema\/logo\/image\/"},"sameAs":["https:\/\/www.facebook.com\/seraphina.si\/","https:\/\/www.instagram.com\/seraphinas_gemstones\/"]}]}},"_links":{"self":[{"href":"https:\/\/www.seraphina.si\/hr\/wp-json\/wp\/v2\/product\/8400","targetHints":{"allow":["GET"]}}],"collection":[{"href":"https:\/\/www.seraphina.si\/hr\/wp-json\/wp\/v2\/product"}],"about":[{"href":"https:\/\/www.seraphina.si\/hr\/wp-json\/wp\/v2\/types\/product"}],"wp:featuredmedia":[{"embeddable":true,"href":"https:\/\/www.seraphina.si\/hr\/wp-json\/wp\/v2\/media\/8402"}],"wp:attachment":[{"href":"https:\/\/www.seraphina.si\/hr\/wp-json\/wp\/v2\/media?parent=8400"}],"wp:term":[{"taxonomy":"horoskop","embeddable":true,"href":"https:\/\/www.seraphina.si\/hr\/wp-json\/wp\/v2\/horoskop?post=8400"},{"taxonomy":"kamen","embeddable":true,"href":"https:\/\/www.seraphina.si\/hr\/wp-json\/wp\/v2\/kamen?post=8400"},{"taxonomy":"kolekcija","embeddable":true,"href":"https:\/\/www.seraphina.si\/hr\/wp-json\/wp\/v2\/kolekcija?post=8400"},{"taxonomy":"mesec","embeddable":true,"href":"https:\/\/www.seraphina.si\/hr\/wp-json\/wp\/v2\/mesec?post=8400"},{"taxonomy":"product_brand","embeddable":true,"href":"https:\/\/www.seraphina.si\/hr\/wp-json\/wp\/v2\/product_brand?post=8400"},{"taxonomy":"product_cat","embeddable":true,"href":"https:\/\/www.seraphina.si\/hr\/wp-json\/wp\/v2\/product_cat?post=8400"},{"taxonomy":"product_tag","embeddable":true,"href":"https:\/\/www.seraphina.si\/hr\/wp-json\/wp\/v2\/product_tag?post=8400"}],"curies":[{"name":"radni list","href":"https:\/\/api.w.org\/{rel}","templated":true}]}}