{"id":7886,"date":"2023-12-04T19:31:43","date_gmt":"2023-12-04T19:31:43","guid":{"rendered":"https:\/\/www.seraphina.si\/?post_type=product&#038;p=7886"},"modified":"2026-03-16T11:24:44","modified_gmt":"2026-03-16T10:24:44","slug":"zenski-srebrni-prsten-nyra-s-ruzicastim-turmalinom","status":"publish","type":"product","link":"https:\/\/www.seraphina.si\/hr\/p\/zenski-prstan-iz-srebra-nyra-roza-turmalin\/","title":{"rendered":"\u017denski NYRA prsten od sterling srebra, ru\u017ei\u010dasti turmalin"},"content":{"rendered":"<p>Prsten izra\u0111en od srebra 925, s prirodnim poliranim ru\u017ei\u010dastim turmalinom.<\/p>\n<p>Dostupan u 3 verzije:<\/p>\n<ul>\n<li>925 srebro (dostupno sa ili bez adularescencije)<\/li>\n<li>srebro fino\u0107e 925 s rodijskom prevlakom<\/li>\n<li>srebro 925 sa pozlatom \u010disto\u0107e 750\/1000 (18 karata), debljina pozlate je 2,5 mikrona<\/li>\n<\/ul>\n<p>Odtenek turmalina je pri vsakem prstanu malenkost druga\u010den in sicer od svetlo roza do temnej\u0161e roza barve. Prstan bo izbran naklju\u010dno, \u010de \u017eelite izbirati nam ob oddaji naro\u010dila pi\u0161ite na info@seraphina.si.<\/p>\n<p>Velikost turmalina je od 4 mm do 5 mm.<\/p>","protected":false},"excerpt":{"rendered":"<p>Prstan izdelan iz 925 srebra, z naravnim bru\u0161enim roza turmalinom, ki nas navdihuje s so\u010dutjem, razumevanjem, strpnostjo in blaginjo. Ugodno vpliva na samozavest, privablja ne\u017enost, ravnovesje, mir in je globoko povezan s sr\u010dnimi zadevami. Na voljo v 3 razli\u010dicah: srebro 925, srebro 925 s prevleko iz rodija in srebro 925 s pozlato \u010distine 750\/1000 (18 karatov).<\/p>\n<p>&nbsp;<\/p>","protected":false},"featured_media":21281,"template":"","meta":{"_acf_changed":false,"inline_featured_image":false},"horoskop":[],"kamen":[714],"kolekcija":[721],"mesec":[600],"product_brand":[],"product_cat":[289,25,31,349,183],"product_tag":[36,21,24,33,88],"class_list":{"0":"post-7886","1":"product","2":"type-product","3":"status-publish","4":"has-post-thumbnail","6":"kamen-turmalin","7":"kolekcija-basic","8":"mesec-oktober","9":"product_cat-bruseni-kristali-in-minerali","10":"product_cat-prstani","11":"product_cat-prstani-iz-srebra","12":"product_cat-prstani-z-brusenimi-kamni","13":"product_cat-vsa-ponudba","14":"product_tag-brusen","15":"product_tag-kristal","16":"product_tag-prstan","17":"product_tag-srebro","18":"product_tag-turmalin","19":"pa_horoskop-kozorog","20":"pa_horoskop-skorpijon","21":"pa_horoskop-tehtnica","22":"pa_kamen-turmalin","23":"tm-has-options","25":"first","26":"instock","27":"sale","28":"taxable","29":"shipping-taxable","30":"purchasable","31":"product-type-variable","32":"has-default-attributes"},"acf":[],"yoast_head":"<!-- This site is optimized with the Yoast SEO plugin v27.3 - https:\/\/yoast.com\/product\/yoast-seo-wordpress\/ -->\n<title>\u017denski prstan iz srebra NYRA, Roza Turmalin<\/title>\n<meta name=\"description\" content=\"Prstan izdelan iz 925 srebra, z naravnim bru\u0161enim roza turmalinom v dveh odtenkih. Seraphina - nakit iz naravnih kristalov in mineralov.\" \/>\n<meta name=\"robots\" content=\"index, follow, max-snippet:-1, max-image-preview:large, max-video-preview:-1\" \/>\n<link rel=\"canonical\" href=\"https:\/\/www.seraphina.si\/hr\/str\/zenski-srebrni-prsten-nyra-s-ruzicastim-turmalinom\/\" \/>\n<meta property=\"og:locale\" content=\"hr_HR\" \/>\n<meta property=\"og:type\" content=\"article\" \/>\n<meta property=\"og:title\" content=\"\u017denski prstan iz srebra NYRA, Roza Turmalin\" \/>\n<meta property=\"og:description\" content=\"Prstan izdelan iz 925 srebra, z naravnim bru\u0161enim roza turmalinom v dveh odtenkih. Seraphina - nakit iz naravnih kristalov in mineralov.\" \/>\n<meta property=\"og:url\" content=\"https:\/\/www.seraphina.si\/hr\/str\/zenski-srebrni-prsten-nyra-s-ruzicastim-turmalinom\/\" \/>\n<meta property=\"og:site_name\" content=\"Seraphina\" \/>\n<meta property=\"article:publisher\" content=\"https:\/\/www.facebook.com\/seraphina.si\/\" \/>\n<meta property=\"article:modified_time\" content=\"2026-03-16T10:24:44+00:00\" \/>\n<meta property=\"og:image\" content=\"https:\/\/www.seraphina.si\/wp-content\/uploads\/2023\/12\/1-9.jpg\" \/>\n\t<meta property=\"og:image:width\" content=\"945\" \/>\n\t<meta property=\"og:image:height\" content=\"945\" \/>\n\t<meta property=\"og:image:type\" content=\"image\/jpeg\" \/>\n<script type=\"application\/ld+json\" class=\"yoast-schema-graph\">{\"@context\":\"https:\\\/\\\/schema.org\",\"@graph\":[{\"@type\":[\"WebPage\",\"CollectionPage\"],\"@id\":\"https:\\\/\\\/www.seraphina.si\\\/p\\\/zenski-prstan-iz-srebra-nyra-roza-turmalin\\\/\",\"url\":\"https:\\\/\\\/www.seraphina.si\\\/p\\\/zenski-prstan-iz-srebra-nyra-roza-turmalin\\\/\",\"name\":\"\u017denski prstan iz srebra NYRA, Roza Turmalin\",\"isPartOf\":{\"@id\":\"https:\\\/\\\/www.seraphina.si\\\/#website\"},\"primaryImageOfPage\":{\"@id\":\"https:\\\/\\\/www.seraphina.si\\\/p\\\/zenski-prstan-iz-srebra-nyra-roza-turmalin\\\/#primaryimage\"},\"image\":{\"@id\":\"https:\\\/\\\/www.seraphina.si\\\/p\\\/zenski-prstan-iz-srebra-nyra-roza-turmalin\\\/#primaryimage\"},\"thumbnailUrl\":\"https:\\\/\\\/www.seraphina.si\\\/wp-content\\\/uploads\\\/2023\\\/12\\\/1-9.jpg\",\"datePublished\":\"2023-12-04T19:31:43+00:00\",\"dateModified\":\"2026-03-16T10:24:44+00:00\",\"description\":\"Prstan izdelan iz 925 srebra, z naravnim bru\u0161enim roza turmalinom v dveh odtenkih. Seraphina - nakit iz naravnih kristalov in mineralov.\",\"breadcrumb\":{\"@id\":\"https:\\\/\\\/www.seraphina.si\\\/p\\\/zenski-prstan-iz-srebra-nyra-roza-turmalin\\\/#breadcrumb\"},\"inLanguage\":\"hr\"},{\"@type\":\"ImageObject\",\"inLanguage\":\"hr\",\"@id\":\"https:\\\/\\\/www.seraphina.si\\\/p\\\/zenski-prstan-iz-srebra-nyra-roza-turmalin\\\/#primaryimage\",\"url\":\"https:\\\/\\\/www.seraphina.si\\\/wp-content\\\/uploads\\\/2023\\\/12\\\/1-9.jpg\",\"contentUrl\":\"https:\\\/\\\/www.seraphina.si\\\/wp-content\\\/uploads\\\/2023\\\/12\\\/1-9.jpg\",\"width\":945,\"height\":945,\"caption\":\"Prstan Nyra - Roza Turmalin - Seraphina\"},{\"@type\":\"BreadcrumbList\",\"@id\":\"https:\\\/\\\/www.seraphina.si\\\/p\\\/zenski-prstan-iz-srebra-nyra-roza-turmalin\\\/#breadcrumb\",\"itemListElement\":[{\"@type\":\"ListItem\",\"position\":1,\"name\":\"Home\",\"item\":\"https:\\\/\\\/www.seraphina.si\\\/\"},{\"@type\":\"ListItem\",\"position\":2,\"name\":\"Trgovina\",\"item\":\"https:\\\/\\\/www.seraphina.si\\\/trgovina\\\/\"},{\"@type\":\"ListItem\",\"position\":3,\"name\":\"\u017denski prstan iz srebra NYRA, Roza Turmalin\"}]},{\"@type\":\"WebSite\",\"@id\":\"https:\\\/\\\/www.seraphina.si\\\/#website\",\"url\":\"https:\\\/\\\/www.seraphina.si\\\/\",\"name\":\"Unikatni nakit iz kristalov - Seraphina\",\"description\":\"Unikatni nakit kamen iz kristalov, srebrni prstani in veri\u017eice -\",\"publisher\":{\"@id\":\"https:\\\/\\\/www.seraphina.si\\\/#organization\"},\"alternateName\":\"Seraphina - Unikatni nakit iz kristalov\",\"potentialAction\":[{\"@type\":\"SearchAction\",\"target\":{\"@type\":\"EntryPoint\",\"urlTemplate\":\"https:\\\/\\\/www.seraphina.si\\\/?s={search_term_string}\"},\"query-input\":{\"@type\":\"PropertyValueSpecification\",\"valueRequired\":true,\"valueName\":\"search_term_string\"}}],\"inLanguage\":\"hr\"},{\"@type\":\"Organization\",\"@id\":\"https:\\\/\\\/www.seraphina.si\\\/#organization\",\"name\":\"Nakit Seraphina\",\"alternateName\":\"Seraphina spletna trgovina z nakitom, kristali in minerali\",\"url\":\"https:\\\/\\\/www.seraphina.si\\\/\",\"logo\":{\"@type\":\"ImageObject\",\"inLanguage\":\"hr\",\"@id\":\"https:\\\/\\\/www.seraphina.si\\\/#\\\/schema\\\/logo\\\/image\\\/\",\"url\":\"https:\\\/\\\/www.seraphina.si\\\/wp-content\\\/uploads\\\/2025\\\/03\\\/logo-seraphina-2025-1.svg\",\"contentUrl\":\"https:\\\/\\\/www.seraphina.si\\\/wp-content\\\/uploads\\\/2025\\\/03\\\/logo-seraphina-2025-1.svg\",\"width\":100,\"height\":100,\"caption\":\"Nakit Seraphina\"},\"image\":{\"@id\":\"https:\\\/\\\/www.seraphina.si\\\/#\\\/schema\\\/logo\\\/image\\\/\"},\"sameAs\":[\"https:\\\/\\\/www.facebook.com\\\/seraphina.si\\\/\",\"https:\\\/\\\/www.instagram.com\\\/seraphinas_gemstones\\\/\"]}]}<\/script>\n<!-- \/ Yoast SEO plugin. -->","yoast_head_json":{"title":"\u017denski NYRA prsten od sterling srebra, ru\u017ei\u010dasti turmalin","description":"Prsten izra\u0111en od srebra 925, s prirodnim poliranim ru\u017ei\u010dastim turmalinom u dvije nijanse. Serafina - nakit izra\u0111en od prirodnih kristala i minerala.","robots":{"index":"index","follow":"follow","max-snippet":"max-snippet:-1","max-image-preview":"max-image-preview:large","max-video-preview":"max-video-preview:-1"},"canonical":"https:\/\/www.seraphina.si\/hr\/str\/zenski-srebrni-prsten-nyra-s-ruzicastim-turmalinom\/","og_locale":"hr_HR","og_type":"article","og_title":"\u017denski prstan iz srebra NYRA, Roza Turmalin","og_description":"Prstan izdelan iz 925 srebra, z naravnim bru\u0161enim roza turmalinom v dveh odtenkih. Seraphina - nakit iz naravnih kristalov in mineralov.","og_url":"https:\/\/www.seraphina.si\/hr\/str\/zenski-srebrni-prsten-nyra-s-ruzicastim-turmalinom\/","og_site_name":"Seraphina","article_publisher":"https:\/\/www.facebook.com\/seraphina.si\/","article_modified_time":"2026-03-16T10:24:44+00:00","og_image":[{"width":945,"height":945,"url":"https:\/\/www.seraphina.si\/wp-content\/uploads\/2023\/12\/1-9.jpg","type":"image\/jpeg"}],"schema":{"@context":"https:\/\/schema.org","@graph":[{"@type":["WebPage","CollectionPage"],"@id":"https:\/\/www.seraphina.si\/p\/zenski-prstan-iz-srebra-nyra-roza-turmalin\/","url":"https:\/\/www.seraphina.si\/p\/zenski-prstan-iz-srebra-nyra-roza-turmalin\/","name":"\u017denski NYRA prsten od sterling srebra, ru\u017ei\u010dasti turmalin","isPartOf":{"@id":"https:\/\/www.seraphina.si\/#website"},"primaryImageOfPage":{"@id":"https:\/\/www.seraphina.si\/p\/zenski-prstan-iz-srebra-nyra-roza-turmalin\/#primaryimage"},"image":{"@id":"https:\/\/www.seraphina.si\/p\/zenski-prstan-iz-srebra-nyra-roza-turmalin\/#primaryimage"},"thumbnailUrl":"https:\/\/www.seraphina.si\/wp-content\/uploads\/2023\/12\/1-9.jpg","datePublished":"2023-12-04T19:31:43+00:00","dateModified":"2026-03-16T10:24:44+00:00","description":"Prsten izra\u0111en od srebra 925, s prirodnim poliranim ru\u017ei\u010dastim turmalinom u dvije nijanse. Serafina - nakit izra\u0111en od prirodnih kristala i minerala.","breadcrumb":{"@id":"https:\/\/www.seraphina.si\/p\/zenski-prstan-iz-srebra-nyra-roza-turmalin\/#breadcrumb"},"inLanguage":"hr"},{"@type":"ImageObject","inLanguage":"hr","@id":"https:\/\/www.seraphina.si\/p\/zenski-prstan-iz-srebra-nyra-roza-turmalin\/#primaryimage","url":"https:\/\/www.seraphina.si\/wp-content\/uploads\/2023\/12\/1-9.jpg","contentUrl":"https:\/\/www.seraphina.si\/wp-content\/uploads\/2023\/12\/1-9.jpg","width":945,"height":945,"caption":"Prstan Nyra - Roza Turmalin - Seraphina"},{"@type":"BreadcrumbList","@id":"https:\/\/www.seraphina.si\/p\/zenski-prstan-iz-srebra-nyra-roza-turmalin\/#breadcrumb","itemListElement":[{"@type":"ListItem","position":1,"name":"Home","item":"https:\/\/www.seraphina.si\/"},{"@type":"ListItem","position":2,"name":"Trgovina","item":"https:\/\/www.seraphina.si\/trgovina\/"},{"@type":"ListItem","position":3,"name":"\u017denski prstan iz srebra NYRA, Roza Turmalin"}]},{"@type":"WebSite","@id":"https:\/\/www.seraphina.si\/#website","url":"https:\/\/www.seraphina.si\/","name":"Unikatni kristalni nakit - Serafina","description":"Unikatni nakit od kristala, srebrnog prstenja i lan\u010di\u0107a -","publisher":{"@id":"https:\/\/www.seraphina.si\/#organization"},"alternateName":"Seraphina - Unikatni nakit iz kristalov","potentialAction":[{"@type":"SearchAction","target":{"@type":"EntryPoint","urlTemplate":"https:\/\/www.seraphina.si\/?s={search_term_string}"},"query-input":{"@type":"PropertyValueSpecification","valueRequired":true,"valueName":"search_term_string"}}],"inLanguage":"hr"},{"@type":"Organization","@id":"https:\/\/www.seraphina.si\/#organization","name":"Seraphina nakit","alternateName":"Seraphina spletna trgovina z nakitom, kristali in minerali","url":"https:\/\/www.seraphina.si\/","logo":{"@type":"ImageObject","inLanguage":"hr","@id":"https:\/\/www.seraphina.si\/#\/schema\/logo\/image\/","url":"https:\/\/www.seraphina.si\/wp-content\/uploads\/2025\/03\/logo-seraphina-2025-1.svg","contentUrl":"https:\/\/www.seraphina.si\/wp-content\/uploads\/2025\/03\/logo-seraphina-2025-1.svg","width":100,"height":100,"caption":"Nakit Seraphina"},"image":{"@id":"https:\/\/www.seraphina.si\/#\/schema\/logo\/image\/"},"sameAs":["https:\/\/www.facebook.com\/seraphina.si\/","https:\/\/www.instagram.com\/seraphinas_gemstones\/"]}]}},"_links":{"self":[{"href":"https:\/\/www.seraphina.si\/hr\/wp-json\/wp\/v2\/product\/7886","targetHints":{"allow":["GET"]}}],"collection":[{"href":"https:\/\/www.seraphina.si\/hr\/wp-json\/wp\/v2\/product"}],"about":[{"href":"https:\/\/www.seraphina.si\/hr\/wp-json\/wp\/v2\/types\/product"}],"wp:featuredmedia":[{"embeddable":true,"href":"https:\/\/www.seraphina.si\/hr\/wp-json\/wp\/v2\/media\/21281"}],"wp:attachment":[{"href":"https:\/\/www.seraphina.si\/hr\/wp-json\/wp\/v2\/media?parent=7886"}],"wp:term":[{"taxonomy":"horoskop","embeddable":true,"href":"https:\/\/www.seraphina.si\/hr\/wp-json\/wp\/v2\/horoskop?post=7886"},{"taxonomy":"kamen","embeddable":true,"href":"https:\/\/www.seraphina.si\/hr\/wp-json\/wp\/v2\/kamen?post=7886"},{"taxonomy":"kolekcija","embeddable":true,"href":"https:\/\/www.seraphina.si\/hr\/wp-json\/wp\/v2\/kolekcija?post=7886"},{"taxonomy":"mesec","embeddable":true,"href":"https:\/\/www.seraphina.si\/hr\/wp-json\/wp\/v2\/mesec?post=7886"},{"taxonomy":"product_brand","embeddable":true,"href":"https:\/\/www.seraphina.si\/hr\/wp-json\/wp\/v2\/product_brand?post=7886"},{"taxonomy":"product_cat","embeddable":true,"href":"https:\/\/www.seraphina.si\/hr\/wp-json\/wp\/v2\/product_cat?post=7886"},{"taxonomy":"product_tag","embeddable":true,"href":"https:\/\/www.seraphina.si\/hr\/wp-json\/wp\/v2\/product_tag?post=7886"}],"curies":[{"name":"radni list","href":"https:\/\/api.w.org\/{rel}","templated":true}]}}