{"id":6668,"date":"2023-09-22T14:37:17","date_gmt":"2023-09-22T14:37:17","guid":{"rendered":"https:\/\/www.seraphina.si\/?post_type=product&#038;p=6668"},"modified":"2026-03-16T13:10:23","modified_gmt":"2026-03-16T12:10:23","slug":"zenske-srebrne-nausnice-anthea-s-crnim-turmalinom-i-bijelim-topazom","status":"publish","type":"product","link":"https:\/\/www.seraphina.si\/hr\/p\/zenski-uhani-iz-srebra-anthea-crni-turmalin-in-beli-topaz\/","title":{"rendered":"\u017denske srebrne nau\u0161nice ANTHEA, crni turmalin i bijeli topaz"},"content":{"rendered":"<p>Nau\u0161nice izra\u0111ene od srebra 925, s prirodnim crnim turmalinom i kristalima bijelog topaza.<\/p>\n<p>Dostupan u 3 verzije:<\/p>\n<ul>\n<li>srebro 925<\/li>\n<li>srebro 925 + presvlaka od rodija<\/li>\n<li>srebro 925 sa pozlatom \u010disto\u0107e 750\/1000 (18 karata), debljina pozlate je 2,5 mikrona<\/li>\n<\/ul>\n<p>Veli\u010dina turmalina je otprilike 6 mm x 4 mm.<\/p>","protected":false},"excerpt":{"rendered":"<p>Nau\u0161nice izra\u0111ene od srebra 925, s prirodnim crnim turmalinom i bijelim topaz kristalom. Crni turmalin ima sna\u017enu sposobnost za\u0161tite od negativne energije, stresa i emocionalne ucjene, poma\u017ee nam u duhovnom rastu, pobolj\u0161ava intuiciju i emocionalnu stabilnost. Dostupne u 3 verzije: srebro 925, srebro 925 s rodijevom \u017eicom ili srebro 925 sa \u017eicom od zlata 750\/1000 (18 karata).<\/p>","protected":false},"featured_media":21377,"template":"","meta":{"_acf_changed":false,"inline_featured_image":false},"horoskop":[],"kamen":[740,714],"kolekcija":[],"mesec":[600],"product_brand":[],"product_cat":[289,15,421,183],"product_tag":[232,21,33,55,88,46],"class_list":{"0":"post-6668","1":"product","2":"type-product","3":"status-publish","4":"has-post-thumbnail","6":"kamen-crni-turmalin","7":"kamen-turmalin","8":"mesec-oktober","9":"product_cat-bruseni-kristali-in-minerali","10":"product_cat-uhani","11":"product_cat-uhani-z-brusenimi-kamni","12":"product_cat-vsa-ponudba","13":"product_tag-crni","14":"product_tag-kristal","15":"product_tag-srebro","16":"product_tag-topaz","17":"product_tag-turmalin","18":"product_tag-uhani","19":"pa_horoskop-kozorog","20":"pa_horoskop-skorpijon","21":"pa_horoskop-tehtnica","22":"pa_kamen-turmalin","23":"tm-has-options","25":"first","26":"instock","27":"taxable","28":"shipping-taxable","29":"purchasable","30":"product-type-variable"},"acf":[],"yoast_head":"<!-- This site is optimized with the Yoast SEO plugin v27.3 - https:\/\/yoast.com\/product\/yoast-seo-wordpress\/ -->\n<title>\u017denski uhani iz srebra ANTHEA, \u010crni Turmalin in Beli Topaz - Seraphina<\/title>\n<meta name=\"description\" content=\"Uhani izdelani iz 925 srebra, z naravnim kristalom \u010drni turmalin in beli topaz. Velikost turmalina je pribli\u017eno 6 mm x 4 mm.\" \/>\n<meta name=\"robots\" content=\"index, follow, max-snippet:-1, max-image-preview:large, max-video-preview:-1\" \/>\n<link rel=\"canonical\" href=\"https:\/\/www.seraphina.si\/hr\/str\/zenske-srebrne-nausnice-anthea-s-crnim-turmalinom-i-bijelim-topazom\/\" \/>\n<meta property=\"og:locale\" content=\"hr_HR\" \/>\n<meta property=\"og:type\" content=\"article\" \/>\n<meta property=\"og:title\" content=\"\u017denski uhani iz srebra ANTHEA, \u010crni Turmalin in Beli Topaz - Seraphina\" \/>\n<meta property=\"og:description\" content=\"Uhani izdelani iz 925 srebra, z naravnim kristalom \u010drni turmalin in beli topaz. Velikost turmalina je pribli\u017eno 6 mm x 4 mm.\" \/>\n<meta property=\"og:url\" content=\"https:\/\/www.seraphina.si\/hr\/str\/zenske-srebrne-nausnice-anthea-s-crnim-turmalinom-i-bijelim-topazom\/\" \/>\n<meta property=\"og:site_name\" content=\"Seraphina\" \/>\n<meta property=\"article:publisher\" content=\"https:\/\/www.facebook.com\/seraphina.si\/\" \/>\n<meta property=\"article:modified_time\" content=\"2026-03-16T12:10:23+00:00\" \/>\n<meta property=\"og:image\" content=\"https:\/\/www.seraphina.si\/wp-content\/uploads\/2023\/09\/5-1-Pica.jpg\" \/>\n\t<meta property=\"og:image:width\" content=\"1000\" \/>\n\t<meta property=\"og:image:height\" content=\"1000\" \/>\n\t<meta property=\"og:image:type\" content=\"image\/jpeg\" \/>\n<script type=\"application\/ld+json\" class=\"yoast-schema-graph\">{\"@context\":\"https:\\\/\\\/schema.org\",\"@graph\":[{\"@type\":[\"WebPage\",\"CollectionPage\"],\"@id\":\"https:\\\/\\\/www.seraphina.si\\\/p\\\/zenski-uhani-iz-srebra-anthea-crni-turmalin-in-beli-topaz\\\/\",\"url\":\"https:\\\/\\\/www.seraphina.si\\\/p\\\/zenski-uhani-iz-srebra-anthea-crni-turmalin-in-beli-topaz\\\/\",\"name\":\"\u017denski uhani iz srebra ANTHEA, \u010crni Turmalin in Beli Topaz - Seraphina\",\"isPartOf\":{\"@id\":\"https:\\\/\\\/www.seraphina.si\\\/#website\"},\"primaryImageOfPage\":{\"@id\":\"https:\\\/\\\/www.seraphina.si\\\/p\\\/zenski-uhani-iz-srebra-anthea-crni-turmalin-in-beli-topaz\\\/#primaryimage\"},\"image\":{\"@id\":\"https:\\\/\\\/www.seraphina.si\\\/p\\\/zenski-uhani-iz-srebra-anthea-crni-turmalin-in-beli-topaz\\\/#primaryimage\"},\"thumbnailUrl\":\"https:\\\/\\\/www.seraphina.si\\\/wp-content\\\/uploads\\\/2023\\\/09\\\/5-1-Pica.jpg\",\"datePublished\":\"2023-09-22T14:37:17+00:00\",\"dateModified\":\"2026-03-16T12:10:23+00:00\",\"description\":\"Uhani izdelani iz 925 srebra, z naravnim kristalom \u010drni turmalin in beli topaz. Velikost turmalina je pribli\u017eno 6 mm x 4 mm.\",\"breadcrumb\":{\"@id\":\"https:\\\/\\\/www.seraphina.si\\\/p\\\/zenski-uhani-iz-srebra-anthea-crni-turmalin-in-beli-topaz\\\/#breadcrumb\"},\"inLanguage\":\"hr\"},{\"@type\":\"ImageObject\",\"inLanguage\":\"hr\",\"@id\":\"https:\\\/\\\/www.seraphina.si\\\/p\\\/zenski-uhani-iz-srebra-anthea-crni-turmalin-in-beli-topaz\\\/#primaryimage\",\"url\":\"https:\\\/\\\/www.seraphina.si\\\/wp-content\\\/uploads\\\/2023\\\/09\\\/5-1-Pica.jpg\",\"contentUrl\":\"https:\\\/\\\/www.seraphina.si\\\/wp-content\\\/uploads\\\/2023\\\/09\\\/5-1-Pica.jpg\",\"width\":1000,\"height\":1000,\"caption\":\"Uhani Anthea - \u010crni Turmalin in Beli Topaz - Seraphina\"},{\"@type\":\"BreadcrumbList\",\"@id\":\"https:\\\/\\\/www.seraphina.si\\\/p\\\/zenski-uhani-iz-srebra-anthea-crni-turmalin-in-beli-topaz\\\/#breadcrumb\",\"itemListElement\":[{\"@type\":\"ListItem\",\"position\":1,\"name\":\"Home\",\"item\":\"https:\\\/\\\/www.seraphina.si\\\/\"},{\"@type\":\"ListItem\",\"position\":2,\"name\":\"Trgovina\",\"item\":\"https:\\\/\\\/www.seraphina.si\\\/trgovina\\\/\"},{\"@type\":\"ListItem\",\"position\":3,\"name\":\"\u017denski uhani iz srebra ANTHEA, \u010crni Turmalin in Beli Topaz\"}]},{\"@type\":\"WebSite\",\"@id\":\"https:\\\/\\\/www.seraphina.si\\\/#website\",\"url\":\"https:\\\/\\\/www.seraphina.si\\\/\",\"name\":\"Unikatni nakit iz kristalov - Seraphina\",\"description\":\"Unikatni nakit kamen iz kristalov, srebrni prstani in veri\u017eice -\",\"publisher\":{\"@id\":\"https:\\\/\\\/www.seraphina.si\\\/#organization\"},\"alternateName\":\"Seraphina - Unikatni nakit iz kristalov\",\"potentialAction\":[{\"@type\":\"SearchAction\",\"target\":{\"@type\":\"EntryPoint\",\"urlTemplate\":\"https:\\\/\\\/www.seraphina.si\\\/?s={search_term_string}\"},\"query-input\":{\"@type\":\"PropertyValueSpecification\",\"valueRequired\":true,\"valueName\":\"search_term_string\"}}],\"inLanguage\":\"hr\"},{\"@type\":\"Organization\",\"@id\":\"https:\\\/\\\/www.seraphina.si\\\/#organization\",\"name\":\"Nakit Seraphina\",\"alternateName\":\"Seraphina spletna trgovina z nakitom, kristali in minerali\",\"url\":\"https:\\\/\\\/www.seraphina.si\\\/\",\"logo\":{\"@type\":\"ImageObject\",\"inLanguage\":\"hr\",\"@id\":\"https:\\\/\\\/www.seraphina.si\\\/#\\\/schema\\\/logo\\\/image\\\/\",\"url\":\"https:\\\/\\\/www.seraphina.si\\\/wp-content\\\/uploads\\\/2025\\\/03\\\/logo-seraphina-2025-1.svg\",\"contentUrl\":\"https:\\\/\\\/www.seraphina.si\\\/wp-content\\\/uploads\\\/2025\\\/03\\\/logo-seraphina-2025-1.svg\",\"width\":100,\"height\":100,\"caption\":\"Nakit Seraphina\"},\"image\":{\"@id\":\"https:\\\/\\\/www.seraphina.si\\\/#\\\/schema\\\/logo\\\/image\\\/\"},\"sameAs\":[\"https:\\\/\\\/www.facebook.com\\\/seraphina.si\\\/\",\"https:\\\/\\\/www.instagram.com\\\/seraphinas_gemstones\\\/\"]}]}<\/script>\n<!-- \/ Yoast SEO plugin. -->","yoast_head_json":{"title":"\u017denske srebrne nau\u0161nice ANTHEA, crni turmalin i bijeli topaz - Serafina","description":"Nau\u0161nice izra\u0111ene od srebra 925, s prirodnim kristalima crnog turmalina i bijelog topaza. Veli\u010dina turmalina je otprilike 6 mm x 4 mm.","robots":{"index":"index","follow":"follow","max-snippet":"max-snippet:-1","max-image-preview":"max-image-preview:large","max-video-preview":"max-video-preview:-1"},"canonical":"https:\/\/www.seraphina.si\/hr\/str\/zenske-srebrne-nausnice-anthea-s-crnim-turmalinom-i-bijelim-topazom\/","og_locale":"hr_HR","og_type":"article","og_title":"\u017denski uhani iz srebra ANTHEA, \u010crni Turmalin in Beli Topaz - Seraphina","og_description":"Uhani izdelani iz 925 srebra, z naravnim kristalom \u010drni turmalin in beli topaz. Velikost turmalina je pribli\u017eno 6 mm x 4 mm.","og_url":"https:\/\/www.seraphina.si\/hr\/str\/zenske-srebrne-nausnice-anthea-s-crnim-turmalinom-i-bijelim-topazom\/","og_site_name":"Seraphina","article_publisher":"https:\/\/www.facebook.com\/seraphina.si\/","article_modified_time":"2026-03-16T12:10:23+00:00","og_image":[{"width":1000,"height":1000,"url":"https:\/\/www.seraphina.si\/wp-content\/uploads\/2023\/09\/5-1-Pica.jpg","type":"image\/jpeg"}],"schema":{"@context":"https:\/\/schema.org","@graph":[{"@type":["WebPage","CollectionPage"],"@id":"https:\/\/www.seraphina.si\/p\/zenski-uhani-iz-srebra-anthea-crni-turmalin-in-beli-topaz\/","url":"https:\/\/www.seraphina.si\/p\/zenski-uhani-iz-srebra-anthea-crni-turmalin-in-beli-topaz\/","name":"\u017denske srebrne nau\u0161nice ANTHEA, crni turmalin i bijeli topaz - Serafina","isPartOf":{"@id":"https:\/\/www.seraphina.si\/#website"},"primaryImageOfPage":{"@id":"https:\/\/www.seraphina.si\/p\/zenski-uhani-iz-srebra-anthea-crni-turmalin-in-beli-topaz\/#primaryimage"},"image":{"@id":"https:\/\/www.seraphina.si\/p\/zenski-uhani-iz-srebra-anthea-crni-turmalin-in-beli-topaz\/#primaryimage"},"thumbnailUrl":"https:\/\/www.seraphina.si\/wp-content\/uploads\/2023\/09\/5-1-Pica.jpg","datePublished":"2023-09-22T14:37:17+00:00","dateModified":"2026-03-16T12:10:23+00:00","description":"Nau\u0161nice izra\u0111ene od srebra 925, s prirodnim kristalima crnog turmalina i bijelog topaza. Veli\u010dina turmalina je otprilike 6 mm x 4 mm.","breadcrumb":{"@id":"https:\/\/www.seraphina.si\/p\/zenski-uhani-iz-srebra-anthea-crni-turmalin-in-beli-topaz\/#breadcrumb"},"inLanguage":"hr"},{"@type":"ImageObject","inLanguage":"hr","@id":"https:\/\/www.seraphina.si\/p\/zenski-uhani-iz-srebra-anthea-crni-turmalin-in-beli-topaz\/#primaryimage","url":"https:\/\/www.seraphina.si\/wp-content\/uploads\/2023\/09\/5-1-Pica.jpg","contentUrl":"https:\/\/www.seraphina.si\/wp-content\/uploads\/2023\/09\/5-1-Pica.jpg","width":1000,"height":1000,"caption":"Uhani Anthea - \u010crni Turmalin in Beli Topaz - Seraphina"},{"@type":"BreadcrumbList","@id":"https:\/\/www.seraphina.si\/p\/zenski-uhani-iz-srebra-anthea-crni-turmalin-in-beli-topaz\/#breadcrumb","itemListElement":[{"@type":"ListItem","position":1,"name":"Home","item":"https:\/\/www.seraphina.si\/"},{"@type":"ListItem","position":2,"name":"Trgovina","item":"https:\/\/www.seraphina.si\/trgovina\/"},{"@type":"ListItem","position":3,"name":"\u017denski uhani iz srebra ANTHEA, \u010crni Turmalin in Beli Topaz"}]},{"@type":"WebSite","@id":"https:\/\/www.seraphina.si\/#website","url":"https:\/\/www.seraphina.si\/","name":"Unikatni kristalni nakit - Serafina","description":"Unikatni nakit od kristala, srebrnog prstenja i lan\u010di\u0107a -","publisher":{"@id":"https:\/\/www.seraphina.si\/#organization"},"alternateName":"Seraphina - Unikatni nakit iz kristalov","potentialAction":[{"@type":"SearchAction","target":{"@type":"EntryPoint","urlTemplate":"https:\/\/www.seraphina.si\/?s={search_term_string}"},"query-input":{"@type":"PropertyValueSpecification","valueRequired":true,"valueName":"search_term_string"}}],"inLanguage":"hr"},{"@type":"Organization","@id":"https:\/\/www.seraphina.si\/#organization","name":"Seraphina nakit","alternateName":"Seraphina spletna trgovina z nakitom, kristali in minerali","url":"https:\/\/www.seraphina.si\/","logo":{"@type":"ImageObject","inLanguage":"hr","@id":"https:\/\/www.seraphina.si\/#\/schema\/logo\/image\/","url":"https:\/\/www.seraphina.si\/wp-content\/uploads\/2025\/03\/logo-seraphina-2025-1.svg","contentUrl":"https:\/\/www.seraphina.si\/wp-content\/uploads\/2025\/03\/logo-seraphina-2025-1.svg","width":100,"height":100,"caption":"Nakit Seraphina"},"image":{"@id":"https:\/\/www.seraphina.si\/#\/schema\/logo\/image\/"},"sameAs":["https:\/\/www.facebook.com\/seraphina.si\/","https:\/\/www.instagram.com\/seraphinas_gemstones\/"]}]}},"_links":{"self":[{"href":"https:\/\/www.seraphina.si\/hr\/wp-json\/wp\/v2\/product\/6668","targetHints":{"allow":["GET"]}}],"collection":[{"href":"https:\/\/www.seraphina.si\/hr\/wp-json\/wp\/v2\/product"}],"about":[{"href":"https:\/\/www.seraphina.si\/hr\/wp-json\/wp\/v2\/types\/product"}],"wp:featuredmedia":[{"embeddable":true,"href":"https:\/\/www.seraphina.si\/hr\/wp-json\/wp\/v2\/media\/21377"}],"wp:attachment":[{"href":"https:\/\/www.seraphina.si\/hr\/wp-json\/wp\/v2\/media?parent=6668"}],"wp:term":[{"taxonomy":"horoskop","embeddable":true,"href":"https:\/\/www.seraphina.si\/hr\/wp-json\/wp\/v2\/horoskop?post=6668"},{"taxonomy":"kamen","embeddable":true,"href":"https:\/\/www.seraphina.si\/hr\/wp-json\/wp\/v2\/kamen?post=6668"},{"taxonomy":"kolekcija","embeddable":true,"href":"https:\/\/www.seraphina.si\/hr\/wp-json\/wp\/v2\/kolekcija?post=6668"},{"taxonomy":"mesec","embeddable":true,"href":"https:\/\/www.seraphina.si\/hr\/wp-json\/wp\/v2\/mesec?post=6668"},{"taxonomy":"product_brand","embeddable":true,"href":"https:\/\/www.seraphina.si\/hr\/wp-json\/wp\/v2\/product_brand?post=6668"},{"taxonomy":"product_cat","embeddable":true,"href":"https:\/\/www.seraphina.si\/hr\/wp-json\/wp\/v2\/product_cat?post=6668"},{"taxonomy":"product_tag","embeddable":true,"href":"https:\/\/www.seraphina.si\/hr\/wp-json\/wp\/v2\/product_tag?post=6668"}],"curies":[{"name":"radni list","href":"https:\/\/api.w.org\/{rel}","templated":true}]}}