{"id":6625,"date":"2023-09-22T12:23:13","date_gmt":"2023-09-22T12:23:13","guid":{"rendered":"https:\/\/www.seraphina.si\/?post_type=product&#038;p=6625"},"modified":"2026-04-01T20:16:41","modified_gmt":"2026-04-01T18:16:41","slug":"zenske-srebrne-nausnice-anthea-lapis-i-bijeli-topaz","status":"publish","type":"product","link":"https:\/\/www.seraphina.si\/hr\/p\/zenski-uhani-iz-srebra-anthea-lapis-in-beli-topaz\/","title":{"rendered":"\u017denske srebrne nau\u0161nice ANTHEA, Lapis i Bijeli Topaz"},"content":{"rendered":"<p>Nau\u0161nice izra\u0111ene od srebra 925, s bru\u0161enim prirodnim kristalom lapis lazuli i bijelim topazom.<\/p>\n<p>Dostupan u 3 verzije:<\/p>\n<ul>\n<li>srebro 925<\/li>\n<li>srebro 925 + presvlaka od rodija<\/li>\n<li>srebro 925 sa pozlatom \u010disto\u0107e 750\/1000 (18 karata), debljina pozlate je 2,5 mikrona<\/li>\n<\/ul>\n<p>Veli\u010dina lapis lazulija je otprilike 6 mm x 4 mm.<\/p>\n<p>Ker gre za naravne kristale, se lahko barvni odtenek kamna pri vsakem posameznem izdelku malenkost razlikuje.<\/p>","protected":false},"excerpt":{"rendered":"<p>Uhani izdelani iz 925 srebra, z bru\u0161enim naravnim kristalom lapis lazuli in belimi topazi. Lapis lazuli spodbuja samozavedanje, izra\u017eanje in resnico, ter je povezan z univerzalno modrostjo in duhovnostjo. Ugodno deluje na imunski sistem, komunikacijske sposobnosti in mentalno ravnovesje. Na voljo v 3 razli\u010dicah: srebro 925, srebro 925 s prevleko iz rodija in srebro 925 s pozlato \u010distine 750\/1000 (18 karatov).<\/p>","protected":false},"featured_media":21378,"template":"","meta":{"_acf_changed":false,"inline_featured_image":false},"horoskop":[],"kamen":[684],"kolekcija":[],"mesec":[599],"product_brand":[],"product_cat":[289,15,421,183],"product_tag":[21,205,206,52,33,55,46],"class_list":{"0":"post-6625","1":"product","2":"type-product","3":"status-publish","4":"has-post-thumbnail","6":"kamen-lapis-lazuli","7":"mesec-september","8":"product_cat-bruseni-kristali-in-minerali","9":"product_cat-uhani","10":"product_cat-uhani-z-brusenimi-kamni","11":"product_cat-vsa-ponudba","12":"product_tag-kristal","13":"product_tag-lapis","14":"product_tag-lazuli","15":"product_tag-srebrni","16":"product_tag-srebro","17":"product_tag-topaz","18":"product_tag-uhani","19":"pa_horoskop-bik","20":"pa_horoskop-devica","21":"pa_horoskop-kozorog","22":"pa_horoskop-tehtnica","23":"pa_kamen-lapis","24":"tm-has-options","26":"first","27":"instock","28":"taxable","29":"shipping-taxable","30":"purchasable","31":"product-type-variable","32":"has-default-attributes"},"acf":[],"yoast_head":"<!-- This site is optimized with the Yoast SEO plugin v27.3 - https:\/\/yoast.com\/product\/yoast-seo-wordpress\/ -->\n<title>Seraphina - Uhani Anthea - Lapis in Beli Topaz<\/title>\n<meta name=\"description\" content=\"Uhani izdelani iz 925 srebra, z bru\u0161enim naravnim kristalom lapis lazuli in belimi topazi.\u00a0Seraphina - naravni kristali in poldragi kamni.\" \/>\n<meta name=\"robots\" content=\"index, follow, max-snippet:-1, max-image-preview:large, max-video-preview:-1\" \/>\n<link rel=\"canonical\" href=\"https:\/\/www.seraphina.si\/hr\/str\/zenske-srebrne-nausnice-anthea-lapis-i-bijeli-topaz\/\" \/>\n<meta property=\"og:locale\" content=\"hr_HR\" \/>\n<meta property=\"og:type\" content=\"article\" \/>\n<meta property=\"og:title\" content=\"Seraphina - Uhani Anthea - Lapis in Beli Topaz\" \/>\n<meta property=\"og:description\" content=\"Uhani izdelani iz 925 srebra, z bru\u0161enim naravnim kristalom lapis lazuli in belimi topazi.\u00a0Seraphina - naravni kristali in poldragi kamni.\" \/>\n<meta property=\"og:url\" content=\"https:\/\/www.seraphina.si\/hr\/str\/zenske-srebrne-nausnice-anthea-lapis-i-bijeli-topaz\/\" \/>\n<meta property=\"og:site_name\" content=\"Seraphina\" \/>\n<meta property=\"article:publisher\" content=\"https:\/\/www.facebook.com\/seraphina.si\/\" \/>\n<meta property=\"article:modified_time\" content=\"2026-04-01T18:16:41+00:00\" \/>\n<meta property=\"og:image\" content=\"https:\/\/www.seraphina.si\/wp-content\/uploads\/2023\/09\/3-2-1-Pica.jpg\" \/>\n\t<meta property=\"og:image:width\" content=\"800\" \/>\n\t<meta property=\"og:image:height\" content=\"800\" \/>\n\t<meta property=\"og:image:type\" content=\"image\/jpeg\" \/>\n<script type=\"application\/ld+json\" class=\"yoast-schema-graph\">{\"@context\":\"https:\\\/\\\/schema.org\",\"@graph\":[{\"@type\":[\"WebPage\",\"CollectionPage\"],\"@id\":\"https:\\\/\\\/www.seraphina.si\\\/p\\\/zenski-uhani-iz-srebra-anthea-lapis-in-beli-topaz\\\/\",\"url\":\"https:\\\/\\\/www.seraphina.si\\\/p\\\/zenski-uhani-iz-srebra-anthea-lapis-in-beli-topaz\\\/\",\"name\":\"Seraphina - Uhani Anthea - Lapis in Beli Topaz\",\"isPartOf\":{\"@id\":\"https:\\\/\\\/www.seraphina.si\\\/#website\"},\"primaryImageOfPage\":{\"@id\":\"https:\\\/\\\/www.seraphina.si\\\/p\\\/zenski-uhani-iz-srebra-anthea-lapis-in-beli-topaz\\\/#primaryimage\"},\"image\":{\"@id\":\"https:\\\/\\\/www.seraphina.si\\\/p\\\/zenski-uhani-iz-srebra-anthea-lapis-in-beli-topaz\\\/#primaryimage\"},\"thumbnailUrl\":\"https:\\\/\\\/www.seraphina.si\\\/wp-content\\\/uploads\\\/2023\\\/09\\\/3-2-1-Pica.jpg\",\"datePublished\":\"2023-09-22T12:23:13+00:00\",\"dateModified\":\"2026-04-01T18:16:41+00:00\",\"description\":\"Uhani izdelani iz 925 srebra, z bru\u0161enim naravnim kristalom lapis lazuli in belimi topazi.\u00a0Seraphina - naravni kristali in poldragi kamni.\",\"breadcrumb\":{\"@id\":\"https:\\\/\\\/www.seraphina.si\\\/p\\\/zenski-uhani-iz-srebra-anthea-lapis-in-beli-topaz\\\/#breadcrumb\"},\"inLanguage\":\"hr\"},{\"@type\":\"ImageObject\",\"inLanguage\":\"hr\",\"@id\":\"https:\\\/\\\/www.seraphina.si\\\/p\\\/zenski-uhani-iz-srebra-anthea-lapis-in-beli-topaz\\\/#primaryimage\",\"url\":\"https:\\\/\\\/www.seraphina.si\\\/wp-content\\\/uploads\\\/2023\\\/09\\\/3-2-1-Pica.jpg\",\"contentUrl\":\"https:\\\/\\\/www.seraphina.si\\\/wp-content\\\/uploads\\\/2023\\\/09\\\/3-2-1-Pica.jpg\",\"width\":800,\"height\":800,\"caption\":\"\u017denski uhani iz srebra ANTHEA, Lapis in Beli Topaz\"},{\"@type\":\"BreadcrumbList\",\"@id\":\"https:\\\/\\\/www.seraphina.si\\\/p\\\/zenski-uhani-iz-srebra-anthea-lapis-in-beli-topaz\\\/#breadcrumb\",\"itemListElement\":[{\"@type\":\"ListItem\",\"position\":1,\"name\":\"Home\",\"item\":\"https:\\\/\\\/www.seraphina.si\\\/\"},{\"@type\":\"ListItem\",\"position\":2,\"name\":\"Trgovina\",\"item\":\"https:\\\/\\\/www.seraphina.si\\\/trgovina\\\/\"},{\"@type\":\"ListItem\",\"position\":3,\"name\":\"\u017denski uhani iz srebra ANTHEA, Lapis in Beli Topaz\"}]},{\"@type\":\"WebSite\",\"@id\":\"https:\\\/\\\/www.seraphina.si\\\/#website\",\"url\":\"https:\\\/\\\/www.seraphina.si\\\/\",\"name\":\"Unikatni nakit iz kristalov - Seraphina\",\"description\":\"Unikatni nakit kamen iz kristalov, srebrni prstani in veri\u017eice -\",\"publisher\":{\"@id\":\"https:\\\/\\\/www.seraphina.si\\\/#organization\"},\"alternateName\":\"Seraphina - Unikatni nakit iz kristalov\",\"potentialAction\":[{\"@type\":\"SearchAction\",\"target\":{\"@type\":\"EntryPoint\",\"urlTemplate\":\"https:\\\/\\\/www.seraphina.si\\\/?s={search_term_string}\"},\"query-input\":{\"@type\":\"PropertyValueSpecification\",\"valueRequired\":true,\"valueName\":\"search_term_string\"}}],\"inLanguage\":\"hr\"},{\"@type\":\"Organization\",\"@id\":\"https:\\\/\\\/www.seraphina.si\\\/#organization\",\"name\":\"Nakit Seraphina\",\"alternateName\":\"Seraphina spletna trgovina z nakitom, kristali in minerali\",\"url\":\"https:\\\/\\\/www.seraphina.si\\\/\",\"logo\":{\"@type\":\"ImageObject\",\"inLanguage\":\"hr\",\"@id\":\"https:\\\/\\\/www.seraphina.si\\\/#\\\/schema\\\/logo\\\/image\\\/\",\"url\":\"https:\\\/\\\/www.seraphina.si\\\/wp-content\\\/uploads\\\/2025\\\/03\\\/logo-seraphina-2025-1.svg\",\"contentUrl\":\"https:\\\/\\\/www.seraphina.si\\\/wp-content\\\/uploads\\\/2025\\\/03\\\/logo-seraphina-2025-1.svg\",\"width\":100,\"height\":100,\"caption\":\"Nakit Seraphina\"},\"image\":{\"@id\":\"https:\\\/\\\/www.seraphina.si\\\/#\\\/schema\\\/logo\\\/image\\\/\"},\"sameAs\":[\"https:\\\/\\\/www.facebook.com\\\/seraphina.si\\\/\",\"https:\\\/\\\/www.instagram.com\\\/seraphinas_gemstones\\\/\"]}]}<\/script>\n<!-- \/ Yoast SEO plugin. -->","yoast_head_json":{"title":"Serafina - Nau\u0161nice Antea - Lapis i bijeli topaz","description":"Nau\u0161nice izra\u0111ene od srebra 925, s poliranim prirodnim kristalom lapis lazuli i bijelim topazom. Serafina - prirodni kristali i poludrago kamenje.","robots":{"index":"index","follow":"follow","max-snippet":"max-snippet:-1","max-image-preview":"max-image-preview:large","max-video-preview":"max-video-preview:-1"},"canonical":"https:\/\/www.seraphina.si\/hr\/str\/zenske-srebrne-nausnice-anthea-lapis-i-bijeli-topaz\/","og_locale":"hr_HR","og_type":"article","og_title":"Seraphina - Uhani Anthea - Lapis in Beli Topaz","og_description":"Uhani izdelani iz 925 srebra, z bru\u0161enim naravnim kristalom lapis lazuli in belimi topazi.\u00a0Seraphina - naravni kristali in poldragi kamni.","og_url":"https:\/\/www.seraphina.si\/hr\/str\/zenske-srebrne-nausnice-anthea-lapis-i-bijeli-topaz\/","og_site_name":"Seraphina","article_publisher":"https:\/\/www.facebook.com\/seraphina.si\/","article_modified_time":"2026-04-01T18:16:41+00:00","og_image":[{"width":800,"height":800,"url":"https:\/\/www.seraphina.si\/wp-content\/uploads\/2023\/09\/3-2-1-Pica.jpg","type":"image\/jpeg"}],"schema":{"@context":"https:\/\/schema.org","@graph":[{"@type":["WebPage","CollectionPage"],"@id":"https:\/\/www.seraphina.si\/p\/zenski-uhani-iz-srebra-anthea-lapis-in-beli-topaz\/","url":"https:\/\/www.seraphina.si\/p\/zenski-uhani-iz-srebra-anthea-lapis-in-beli-topaz\/","name":"Serafina - Nau\u0161nice Antea - Lapis i bijeli topaz","isPartOf":{"@id":"https:\/\/www.seraphina.si\/#website"},"primaryImageOfPage":{"@id":"https:\/\/www.seraphina.si\/p\/zenski-uhani-iz-srebra-anthea-lapis-in-beli-topaz\/#primaryimage"},"image":{"@id":"https:\/\/www.seraphina.si\/p\/zenski-uhani-iz-srebra-anthea-lapis-in-beli-topaz\/#primaryimage"},"thumbnailUrl":"https:\/\/www.seraphina.si\/wp-content\/uploads\/2023\/09\/3-2-1-Pica.jpg","datePublished":"2023-09-22T12:23:13+00:00","dateModified":"2026-04-01T18:16:41+00:00","description":"Nau\u0161nice izra\u0111ene od srebra 925, s poliranim prirodnim kristalom lapis lazuli i bijelim topazom. Serafina - prirodni kristali i poludrago kamenje.","breadcrumb":{"@id":"https:\/\/www.seraphina.si\/p\/zenski-uhani-iz-srebra-anthea-lapis-in-beli-topaz\/#breadcrumb"},"inLanguage":"hr"},{"@type":"ImageObject","inLanguage":"hr","@id":"https:\/\/www.seraphina.si\/p\/zenski-uhani-iz-srebra-anthea-lapis-in-beli-topaz\/#primaryimage","url":"https:\/\/www.seraphina.si\/wp-content\/uploads\/2023\/09\/3-2-1-Pica.jpg","contentUrl":"https:\/\/www.seraphina.si\/wp-content\/uploads\/2023\/09\/3-2-1-Pica.jpg","width":800,"height":800,"caption":"\u017denski uhani iz srebra ANTHEA, Lapis in Beli Topaz"},{"@type":"BreadcrumbList","@id":"https:\/\/www.seraphina.si\/p\/zenski-uhani-iz-srebra-anthea-lapis-in-beli-topaz\/#breadcrumb","itemListElement":[{"@type":"ListItem","position":1,"name":"Home","item":"https:\/\/www.seraphina.si\/"},{"@type":"ListItem","position":2,"name":"Trgovina","item":"https:\/\/www.seraphina.si\/trgovina\/"},{"@type":"ListItem","position":3,"name":"\u017denski uhani iz srebra ANTHEA, Lapis in Beli Topaz"}]},{"@type":"WebSite","@id":"https:\/\/www.seraphina.si\/#website","url":"https:\/\/www.seraphina.si\/","name":"Unikatni kristalni nakit - Serafina","description":"Unikatni nakit od kristala, srebrnog prstenja i lan\u010di\u0107a -","publisher":{"@id":"https:\/\/www.seraphina.si\/#organization"},"alternateName":"Seraphina - Unikatni nakit iz kristalov","potentialAction":[{"@type":"SearchAction","target":{"@type":"EntryPoint","urlTemplate":"https:\/\/www.seraphina.si\/?s={search_term_string}"},"query-input":{"@type":"PropertyValueSpecification","valueRequired":true,"valueName":"search_term_string"}}],"inLanguage":"hr"},{"@type":"Organization","@id":"https:\/\/www.seraphina.si\/#organization","name":"Seraphina nakit","alternateName":"Seraphina spletna trgovina z nakitom, kristali in minerali","url":"https:\/\/www.seraphina.si\/","logo":{"@type":"ImageObject","inLanguage":"hr","@id":"https:\/\/www.seraphina.si\/#\/schema\/logo\/image\/","url":"https:\/\/www.seraphina.si\/wp-content\/uploads\/2025\/03\/logo-seraphina-2025-1.svg","contentUrl":"https:\/\/www.seraphina.si\/wp-content\/uploads\/2025\/03\/logo-seraphina-2025-1.svg","width":100,"height":100,"caption":"Nakit Seraphina"},"image":{"@id":"https:\/\/www.seraphina.si\/#\/schema\/logo\/image\/"},"sameAs":["https:\/\/www.facebook.com\/seraphina.si\/","https:\/\/www.instagram.com\/seraphinas_gemstones\/"]}]}},"_links":{"self":[{"href":"https:\/\/www.seraphina.si\/hr\/wp-json\/wp\/v2\/product\/6625","targetHints":{"allow":["GET"]}}],"collection":[{"href":"https:\/\/www.seraphina.si\/hr\/wp-json\/wp\/v2\/product"}],"about":[{"href":"https:\/\/www.seraphina.si\/hr\/wp-json\/wp\/v2\/types\/product"}],"wp:featuredmedia":[{"embeddable":true,"href":"https:\/\/www.seraphina.si\/hr\/wp-json\/wp\/v2\/media\/21378"}],"wp:attachment":[{"href":"https:\/\/www.seraphina.si\/hr\/wp-json\/wp\/v2\/media?parent=6625"}],"wp:term":[{"taxonomy":"horoskop","embeddable":true,"href":"https:\/\/www.seraphina.si\/hr\/wp-json\/wp\/v2\/horoskop?post=6625"},{"taxonomy":"kamen","embeddable":true,"href":"https:\/\/www.seraphina.si\/hr\/wp-json\/wp\/v2\/kamen?post=6625"},{"taxonomy":"kolekcija","embeddable":true,"href":"https:\/\/www.seraphina.si\/hr\/wp-json\/wp\/v2\/kolekcija?post=6625"},{"taxonomy":"mesec","embeddable":true,"href":"https:\/\/www.seraphina.si\/hr\/wp-json\/wp\/v2\/mesec?post=6625"},{"taxonomy":"product_brand","embeddable":true,"href":"https:\/\/www.seraphina.si\/hr\/wp-json\/wp\/v2\/product_brand?post=6625"},{"taxonomy":"product_cat","embeddable":true,"href":"https:\/\/www.seraphina.si\/hr\/wp-json\/wp\/v2\/product_cat?post=6625"},{"taxonomy":"product_tag","embeddable":true,"href":"https:\/\/www.seraphina.si\/hr\/wp-json\/wp\/v2\/product_tag?post=6625"}],"curies":[{"name":"radni list","href":"https:\/\/api.w.org\/{rel}","templated":true}]}}