{"id":6470,"date":"2023-09-12T11:34:13","date_gmt":"2023-09-12T11:34:13","guid":{"rendered":"https:\/\/www.seraphina.si\/?post_type=product&#038;p=6470"},"modified":"2026-03-16T13:19:09","modified_gmt":"2026-03-16T12:19:09","slug":"zenski-uhani-iz-srebra-nila-rozevec-in-beli-topaz","status":"publish","type":"product","link":"https:\/\/www.seraphina.si\/hr\/p\/zenski-uhani-iz-srebra-nila-rozevec-in-beli-topaz\/","title":{"rendered":"\u017denske srebrne nau\u0161nice NILA, karneol i bijeli topaz"},"content":{"rendered":"<p>Uhani izdelani iz 925 srebra, z naravnim kristalom ro\u017eevec ali ro\u017enati kremen in drobnimi belimi topazi.<\/p>\n<p>Dostupan u 2 verzije:<\/p>\n<ul>\n<li>srebro 925<\/li>\n<li>srebro 925 + presvlaka od rodija<\/li>\n<\/ul>\n<p>Velikost kristalov 7&#215;5 mm \/ 1.3 mm \/ 1.1 mm \/ 1 mm<\/p>","protected":false},"excerpt":{"rendered":"<p>Uhani izdelani iz 925 srebra, z naravnim kristalom ro\u017eevec ali ro\u017enati kremen in drobnimi belimi topazi, ki simbolizira univerzalno ljubezen in so\u010dutje. Ro\u017eevec neguje sr\u010dno \u010dakro, prina\u0161a zadovoljstvo, veselje in pomaga zaceliti stare \u010dustvene rane. Na voljo v 2 razli\u010dicah: srebro 925 in srebro 925 s prevleko iz rodija.<\/p>","protected":false},"featured_media":21414,"template":"","meta":{"_acf_changed":false,"inline_featured_image":false},"horoskop":[],"kamen":[700],"kolekcija":[],"mesec":[],"product_brand":[],"product_cat":[289,15,421,183],"product_tag":[21,50,49,33,55,46],"class_list":{"0":"post-6470","1":"product","2":"type-product","3":"status-publish","4":"has-post-thumbnail","6":"kamen-rozevec-ali-roznati-kremen","7":"product_cat-bruseni-kristali-in-minerali","8":"product_cat-uhani","9":"product_cat-uhani-z-brusenimi-kamni","10":"product_cat-vsa-ponudba","11":"product_tag-kristal","12":"product_tag-rozevec","13":"product_tag-roznati-kremen","14":"product_tag-srebro","15":"product_tag-topaz","16":"product_tag-uhani","17":"pa_horoskop-bik","18":"pa_horoskop-devica","19":"pa_horoskop-kozorog","20":"pa_horoskop-lev","21":"pa_horoskop-oven","22":"pa_horoskop-strelec","23":"pa_kamen-rozevec","24":"tm-has-options","26":"first","27":"onbackorder","28":"taxable","29":"shipping-taxable","30":"purchasable","31":"product-type-variable"},"acf":[],"yoast_head":"<!-- This site is optimized with the Yoast SEO plugin v27.3 - https:\/\/yoast.com\/product\/yoast-seo-wordpress\/ -->\n<title>\u017denski uhani iz srebra NILA, Ro\u017eevec in Beli Topaz - Seraphina<\/title>\n<meta name=\"description\" content=\"Uhani izdelani iz 925 srebra, z naravnim kristalom ro\u017eevec ali ro\u017enati kremen in drobnimi belimi topazi. Velikost kristalov 7x5 mm \/ 1.3 mm \/ 1.1 mm \/ 1 mm\" \/>\n<meta name=\"robots\" content=\"index, follow, max-snippet:-1, max-image-preview:large, max-video-preview:-1\" \/>\n<link rel=\"canonical\" href=\"https:\/\/www.seraphina.si\/hr\/str\/zenski-uhani-iz-srebra-nila-rozevec-in-beli-topaz\/\" \/>\n<meta property=\"og:locale\" content=\"hr_HR\" \/>\n<meta property=\"og:type\" content=\"article\" \/>\n<meta property=\"og:title\" content=\"\u017denski uhani iz srebra NILA, Ro\u017eevec in Beli Topaz - Seraphina\" \/>\n<meta property=\"og:description\" content=\"Uhani izdelani iz 925 srebra, z naravnim kristalom ro\u017eevec ali ro\u017enati kremen in drobnimi belimi topazi. Velikost kristalov 7x5 mm \/ 1.3 mm \/ 1.1 mm \/ 1 mm\" \/>\n<meta property=\"og:url\" content=\"https:\/\/www.seraphina.si\/hr\/str\/zenski-uhani-iz-srebra-nila-rozevec-in-beli-topaz\/\" \/>\n<meta property=\"og:site_name\" content=\"Seraphina\" \/>\n<meta property=\"article:publisher\" content=\"https:\/\/www.facebook.com\/seraphina.si\/\" \/>\n<meta property=\"article:modified_time\" content=\"2026-03-16T12:19:09+00:00\" \/>\n<meta property=\"og:image\" content=\"https:\/\/www.seraphina.si\/wp-content\/uploads\/2025\/07\/4-6-Pica.jpg\" \/>\n\t<meta property=\"og:image:width\" content=\"1000\" \/>\n\t<meta property=\"og:image:height\" content=\"1000\" \/>\n\t<meta property=\"og:image:type\" content=\"image\/jpeg\" \/>\n<script type=\"application\/ld+json\" class=\"yoast-schema-graph\">{\"@context\":\"https:\\\/\\\/schema.org\",\"@graph\":[{\"@type\":[\"WebPage\",\"CollectionPage\"],\"@id\":\"https:\\\/\\\/www.seraphina.si\\\/p\\\/zenski-uhani-iz-srebra-nila-rozevec-in-beli-topaz\\\/\",\"url\":\"https:\\\/\\\/www.seraphina.si\\\/p\\\/zenski-uhani-iz-srebra-nila-rozevec-in-beli-topaz\\\/\",\"name\":\"\u017denski uhani iz srebra NILA, Ro\u017eevec in Beli Topaz - Seraphina\",\"isPartOf\":{\"@id\":\"https:\\\/\\\/www.seraphina.si\\\/#website\"},\"primaryImageOfPage\":{\"@id\":\"https:\\\/\\\/www.seraphina.si\\\/p\\\/zenski-uhani-iz-srebra-nila-rozevec-in-beli-topaz\\\/#primaryimage\"},\"image\":{\"@id\":\"https:\\\/\\\/www.seraphina.si\\\/p\\\/zenski-uhani-iz-srebra-nila-rozevec-in-beli-topaz\\\/#primaryimage\"},\"thumbnailUrl\":\"https:\\\/\\\/www.seraphina.si\\\/wp-content\\\/uploads\\\/2025\\\/07\\\/4-6-Pica.jpg\",\"datePublished\":\"2023-09-12T11:34:13+00:00\",\"dateModified\":\"2026-03-16T12:19:09+00:00\",\"description\":\"Uhani izdelani iz 925 srebra, z naravnim kristalom ro\u017eevec ali ro\u017enati kremen in drobnimi belimi topazi. Velikost kristalov 7x5 mm \\\/ 1.3 mm \\\/ 1.1 mm \\\/ 1 mm\",\"breadcrumb\":{\"@id\":\"https:\\\/\\\/www.seraphina.si\\\/p\\\/zenski-uhani-iz-srebra-nila-rozevec-in-beli-topaz\\\/#breadcrumb\"},\"inLanguage\":\"hr\"},{\"@type\":\"ImageObject\",\"inLanguage\":\"hr\",\"@id\":\"https:\\\/\\\/www.seraphina.si\\\/p\\\/zenski-uhani-iz-srebra-nila-rozevec-in-beli-topaz\\\/#primaryimage\",\"url\":\"https:\\\/\\\/www.seraphina.si\\\/wp-content\\\/uploads\\\/2025\\\/07\\\/4-6-Pica.jpg\",\"contentUrl\":\"https:\\\/\\\/www.seraphina.si\\\/wp-content\\\/uploads\\\/2025\\\/07\\\/4-6-Pica.jpg\",\"width\":1000,\"height\":1000,\"caption\":\"\u017denski uhani iz srebra NILA, Ro\u017eevec in Beli Topaz\"},{\"@type\":\"BreadcrumbList\",\"@id\":\"https:\\\/\\\/www.seraphina.si\\\/p\\\/zenski-uhani-iz-srebra-nila-rozevec-in-beli-topaz\\\/#breadcrumb\",\"itemListElement\":[{\"@type\":\"ListItem\",\"position\":1,\"name\":\"Home\",\"item\":\"https:\\\/\\\/www.seraphina.si\\\/\"},{\"@type\":\"ListItem\",\"position\":2,\"name\":\"Trgovina\",\"item\":\"https:\\\/\\\/www.seraphina.si\\\/trgovina\\\/\"},{\"@type\":\"ListItem\",\"position\":3,\"name\":\"\u017denski uhani iz srebra NILA, Ro\u017eevec in Beli Topaz\"}]},{\"@type\":\"WebSite\",\"@id\":\"https:\\\/\\\/www.seraphina.si\\\/#website\",\"url\":\"https:\\\/\\\/www.seraphina.si\\\/\",\"name\":\"Unikatni nakit iz kristalov - Seraphina\",\"description\":\"Unikatni nakit kamen iz kristalov, srebrni prstani in veri\u017eice -\",\"publisher\":{\"@id\":\"https:\\\/\\\/www.seraphina.si\\\/#organization\"},\"alternateName\":\"Seraphina - Unikatni nakit iz kristalov\",\"potentialAction\":[{\"@type\":\"SearchAction\",\"target\":{\"@type\":\"EntryPoint\",\"urlTemplate\":\"https:\\\/\\\/www.seraphina.si\\\/?s={search_term_string}\"},\"query-input\":{\"@type\":\"PropertyValueSpecification\",\"valueRequired\":true,\"valueName\":\"search_term_string\"}}],\"inLanguage\":\"hr\"},{\"@type\":\"Organization\",\"@id\":\"https:\\\/\\\/www.seraphina.si\\\/#organization\",\"name\":\"Nakit Seraphina\",\"alternateName\":\"Seraphina spletna trgovina z nakitom, kristali in minerali\",\"url\":\"https:\\\/\\\/www.seraphina.si\\\/\",\"logo\":{\"@type\":\"ImageObject\",\"inLanguage\":\"hr\",\"@id\":\"https:\\\/\\\/www.seraphina.si\\\/#\\\/schema\\\/logo\\\/image\\\/\",\"url\":\"https:\\\/\\\/www.seraphina.si\\\/wp-content\\\/uploads\\\/2025\\\/03\\\/logo-seraphina-2025-1.svg\",\"contentUrl\":\"https:\\\/\\\/www.seraphina.si\\\/wp-content\\\/uploads\\\/2025\\\/03\\\/logo-seraphina-2025-1.svg\",\"width\":100,\"height\":100,\"caption\":\"Nakit Seraphina\"},\"image\":{\"@id\":\"https:\\\/\\\/www.seraphina.si\\\/#\\\/schema\\\/logo\\\/image\\\/\"},\"sameAs\":[\"https:\\\/\\\/www.facebook.com\\\/seraphina.si\\\/\",\"https:\\\/\\\/www.instagram.com\\\/seraphinas_gemstones\\\/\"]}]}<\/script>\n<!-- \/ Yoast SEO plugin. -->","yoast_head_json":{"title":"\u017denski uhani iz srebra NILA, Ro\u017eevec in Beli Topaz - Seraphina","description":"Uhani izdelani iz 925 srebra, z naravnim kristalom ro\u017eevec ali ro\u017enati kremen in drobnimi belimi topazi. Velikost kristalov 7x5 mm \/ 1.3 mm \/ 1.1 mm \/ 1 mm","robots":{"index":"index","follow":"follow","max-snippet":"max-snippet:-1","max-image-preview":"max-image-preview:large","max-video-preview":"max-video-preview:-1"},"canonical":"https:\/\/www.seraphina.si\/hr\/str\/zenski-uhani-iz-srebra-nila-rozevec-in-beli-topaz\/","og_locale":"hr_HR","og_type":"article","og_title":"\u017denski uhani iz srebra NILA, Ro\u017eevec in Beli Topaz - Seraphina","og_description":"Uhani izdelani iz 925 srebra, z naravnim kristalom ro\u017eevec ali ro\u017enati kremen in drobnimi belimi topazi. Velikost kristalov 7x5 mm \/ 1.3 mm \/ 1.1 mm \/ 1 mm","og_url":"https:\/\/www.seraphina.si\/hr\/str\/zenski-uhani-iz-srebra-nila-rozevec-in-beli-topaz\/","og_site_name":"Seraphina","article_publisher":"https:\/\/www.facebook.com\/seraphina.si\/","article_modified_time":"2026-03-16T12:19:09+00:00","og_image":[{"width":1000,"height":1000,"url":"https:\/\/www.seraphina.si\/wp-content\/uploads\/2025\/07\/4-6-Pica.jpg","type":"image\/jpeg"}],"schema":{"@context":"https:\/\/schema.org","@graph":[{"@type":["WebPage","CollectionPage"],"@id":"https:\/\/www.seraphina.si\/p\/zenski-uhani-iz-srebra-nila-rozevec-in-beli-topaz\/","url":"https:\/\/www.seraphina.si\/p\/zenski-uhani-iz-srebra-nila-rozevec-in-beli-topaz\/","name":"\u017denski uhani iz srebra NILA, Ro\u017eevec in Beli Topaz - Seraphina","isPartOf":{"@id":"https:\/\/www.seraphina.si\/#website"},"primaryImageOfPage":{"@id":"https:\/\/www.seraphina.si\/p\/zenski-uhani-iz-srebra-nila-rozevec-in-beli-topaz\/#primaryimage"},"image":{"@id":"https:\/\/www.seraphina.si\/p\/zenski-uhani-iz-srebra-nila-rozevec-in-beli-topaz\/#primaryimage"},"thumbnailUrl":"https:\/\/www.seraphina.si\/wp-content\/uploads\/2025\/07\/4-6-Pica.jpg","datePublished":"2023-09-12T11:34:13+00:00","dateModified":"2026-03-16T12:19:09+00:00","description":"Uhani izdelani iz 925 srebra, z naravnim kristalom ro\u017eevec ali ro\u017enati kremen in drobnimi belimi topazi. Velikost kristalov 7x5 mm \/ 1.3 mm \/ 1.1 mm \/ 1 mm","breadcrumb":{"@id":"https:\/\/www.seraphina.si\/p\/zenski-uhani-iz-srebra-nila-rozevec-in-beli-topaz\/#breadcrumb"},"inLanguage":"hr"},{"@type":"ImageObject","inLanguage":"hr","@id":"https:\/\/www.seraphina.si\/p\/zenski-uhani-iz-srebra-nila-rozevec-in-beli-topaz\/#primaryimage","url":"https:\/\/www.seraphina.si\/wp-content\/uploads\/2025\/07\/4-6-Pica.jpg","contentUrl":"https:\/\/www.seraphina.si\/wp-content\/uploads\/2025\/07\/4-6-Pica.jpg","width":1000,"height":1000,"caption":"\u017denski uhani iz srebra NILA, Ro\u017eevec in Beli Topaz"},{"@type":"BreadcrumbList","@id":"https:\/\/www.seraphina.si\/p\/zenski-uhani-iz-srebra-nila-rozevec-in-beli-topaz\/#breadcrumb","itemListElement":[{"@type":"ListItem","position":1,"name":"Home","item":"https:\/\/www.seraphina.si\/"},{"@type":"ListItem","position":2,"name":"Trgovina","item":"https:\/\/www.seraphina.si\/trgovina\/"},{"@type":"ListItem","position":3,"name":"\u017denski uhani iz srebra NILA, Ro\u017eevec in Beli Topaz"}]},{"@type":"WebSite","@id":"https:\/\/www.seraphina.si\/#website","url":"https:\/\/www.seraphina.si\/","name":"Unikatni kristalni nakit - Serafina","description":"Unikatni nakit od kristala, srebrnog prstenja i lan\u010di\u0107a -","publisher":{"@id":"https:\/\/www.seraphina.si\/#organization"},"alternateName":"Seraphina - Unikatni nakit iz kristalov","potentialAction":[{"@type":"SearchAction","target":{"@type":"EntryPoint","urlTemplate":"https:\/\/www.seraphina.si\/?s={search_term_string}"},"query-input":{"@type":"PropertyValueSpecification","valueRequired":true,"valueName":"search_term_string"}}],"inLanguage":"hr"},{"@type":"Organization","@id":"https:\/\/www.seraphina.si\/#organization","name":"Seraphina nakit","alternateName":"Seraphina spletna trgovina z nakitom, kristali in minerali","url":"https:\/\/www.seraphina.si\/","logo":{"@type":"ImageObject","inLanguage":"hr","@id":"https:\/\/www.seraphina.si\/#\/schema\/logo\/image\/","url":"https:\/\/www.seraphina.si\/wp-content\/uploads\/2025\/03\/logo-seraphina-2025-1.svg","contentUrl":"https:\/\/www.seraphina.si\/wp-content\/uploads\/2025\/03\/logo-seraphina-2025-1.svg","width":100,"height":100,"caption":"Nakit Seraphina"},"image":{"@id":"https:\/\/www.seraphina.si\/#\/schema\/logo\/image\/"},"sameAs":["https:\/\/www.facebook.com\/seraphina.si\/","https:\/\/www.instagram.com\/seraphinas_gemstones\/"]}]}},"_links":{"self":[{"href":"https:\/\/www.seraphina.si\/hr\/wp-json\/wp\/v2\/product\/6470","targetHints":{"allow":["GET"]}}],"collection":[{"href":"https:\/\/www.seraphina.si\/hr\/wp-json\/wp\/v2\/product"}],"about":[{"href":"https:\/\/www.seraphina.si\/hr\/wp-json\/wp\/v2\/types\/product"}],"wp:featuredmedia":[{"embeddable":true,"href":"https:\/\/www.seraphina.si\/hr\/wp-json\/wp\/v2\/media\/21414"}],"wp:attachment":[{"href":"https:\/\/www.seraphina.si\/hr\/wp-json\/wp\/v2\/media?parent=6470"}],"wp:term":[{"taxonomy":"horoskop","embeddable":true,"href":"https:\/\/www.seraphina.si\/hr\/wp-json\/wp\/v2\/horoskop?post=6470"},{"taxonomy":"kamen","embeddable":true,"href":"https:\/\/www.seraphina.si\/hr\/wp-json\/wp\/v2\/kamen?post=6470"},{"taxonomy":"kolekcija","embeddable":true,"href":"https:\/\/www.seraphina.si\/hr\/wp-json\/wp\/v2\/kolekcija?post=6470"},{"taxonomy":"mesec","embeddable":true,"href":"https:\/\/www.seraphina.si\/hr\/wp-json\/wp\/v2\/mesec?post=6470"},{"taxonomy":"product_brand","embeddable":true,"href":"https:\/\/www.seraphina.si\/hr\/wp-json\/wp\/v2\/product_brand?post=6470"},{"taxonomy":"product_cat","embeddable":true,"href":"https:\/\/www.seraphina.si\/hr\/wp-json\/wp\/v2\/product_cat?post=6470"},{"taxonomy":"product_tag","embeddable":true,"href":"https:\/\/www.seraphina.si\/hr\/wp-json\/wp\/v2\/product_tag?post=6470"}],"curies":[{"name":"radni list","href":"https:\/\/api.w.org\/{rel}","templated":true}]}}