{"id":5291,"date":"2023-11-28T10:08:53","date_gmt":"2023-11-28T10:08:53","guid":{"rendered":"https:\/\/www.seraphina.si\/?post_type=product&#038;p=5291"},"modified":"2026-03-06T11:18:08","modified_gmt":"2026-03-06T10:18:08","slug":"zenski-srebrni-privjesak-nebruseni-pave-mjesecev-kamen-i-bijeli-topaz","status":"publish","type":"product","link":"https:\/\/www.seraphina.si\/hr\/p\/zenski-obesek-iz-srebra-uncut-pave-mesecev-kamen-in-beli-topaz\/","title":{"rendered":"\u017denski srebrni privjesak UNCUT PAV\u00c9, mjese\u010dev kamen i bijeli topaz"},"content":{"rendered":"<p>Privjesak izra\u0111en od srebra 925, s prirodnim sirovim kristalom mjese\u010devog kamena i sitnim bijelim topazima.<\/p>\n<p>Veli\u010dina mjese\u010devog kamena je cca. 15 mm x 11 mm.<\/p>\n<p>Adularescencija (plavi sjaj) malo varira kod svakog pojedinog proizvoda, neki je imaju vi\u0161e, neki manje. Ako imate posebne \u017eelje u vezi s tim, kontaktirajte nas na info@seraphina.si.<\/p>","protected":false},"excerpt":{"rendered":"<p>Privjesak izra\u0111en od srebra 925, s prirodnim sirovim kristalom mjese\u010devog kamena, poznatim po svom misti\u010dnom sjaju, simbolizira nje\u017enost, intuiciju i povezanost s lunarnim ciklusima. Njegova energija umiruje i poma\u017ee u emocionalnoj ravnote\u017ei, a istovremeno ja\u010da empatiju i razumijevanje prirodnih ritmova \u017eivota.<\/p>","protected":false},"featured_media":5293,"template":"","meta":{"_acf_changed":false,"inline_featured_image":false},"horoskop":[],"kamen":[692],"kolekcija":[],"mesec":[596],"product_brand":[],"product_cat":[28,27,373,287,183],"product_tag":[93,21,92,37,57,33,22],"class_list":{"0":"post-5291","1":"product","2":"type-product","3":"status-publish","4":"has-post-thumbnail","6":"kamen-mesecev-kamen","7":"mesec-junij","8":"product_cat-obeski","9":"product_cat-obeski-in-verizice","10":"product_cat-obeski-s-surovimi-kamni","11":"product_cat-surovi-kristali-in-minerali","12":"product_cat-vsa-ponudba","13":"product_tag-kamen","14":"product_tag-kristal","15":"product_tag-mesecev","16":"product_tag-moonstone","17":"product_tag-obesek","18":"product_tag-srebro","19":"product_tag-surovi","20":"pa_horoskop-devica","21":"pa_horoskop-dvojcka","22":"pa_horoskop-rak","23":"pa_horoskop-ribi","24":"pa_kamen-mesecev-kamen","25":"tm-has-options","27":"first","28":"onbackorder","29":"taxable","30":"shipping-taxable","31":"purchasable","32":"product-type-simple"},"acf":[],"yoast_head":"<!-- This site is optimized with the Yoast SEO plugin v27.3 - https:\/\/yoast.com\/product\/yoast-seo-wordpress\/ -->\n<title>Seraphina - Obesek Uncut Pav\u00e9 - Mese\u010dev kamen<\/title>\n<meta name=\"description\" content=\"Obesek izdelan iz 925 srebra, z naravnim surovim kristalom mese\u010dev kamen. Seraphina - nakit iz naravnih kristalov in poldragih\/dragih kamnov.\" \/>\n<meta name=\"robots\" content=\"index, follow, max-snippet:-1, max-image-preview:large, max-video-preview:-1\" \/>\n<link rel=\"canonical\" href=\"https:\/\/www.seraphina.si\/hr\/str\/zenski-srebrni-privjesak-nebruseni-pave-mjesecev-kamen-i-bijeli-topaz\/\" \/>\n<meta property=\"og:locale\" content=\"hr_HR\" \/>\n<meta property=\"og:type\" content=\"article\" \/>\n<meta property=\"og:title\" content=\"Seraphina - Obesek Uncut Pav\u00e9 - Mese\u010dev kamen\" \/>\n<meta property=\"og:description\" content=\"Obesek izdelan iz 925 srebra, z naravnim surovim kristalom mese\u010dev kamen. Seraphina - nakit iz naravnih kristalov in poldragih\/dragih kamnov.\" \/>\n<meta property=\"og:url\" content=\"https:\/\/www.seraphina.si\/hr\/str\/zenski-srebrni-privjesak-nebruseni-pave-mjesecev-kamen-i-bijeli-topaz\/\" \/>\n<meta property=\"og:site_name\" content=\"Seraphina\" \/>\n<meta property=\"article:publisher\" content=\"https:\/\/www.facebook.com\/seraphina.si\/\" \/>\n<meta property=\"article:modified_time\" content=\"2026-03-06T10:18:08+00:00\" \/>\n<meta property=\"og:image\" content=\"https:\/\/www.seraphina.si\/wp-content\/uploads\/2023\/05\/10-2.jpg\" \/>\n\t<meta property=\"og:image:width\" content=\"1080\" \/>\n\t<meta property=\"og:image:height\" content=\"1080\" \/>\n\t<meta property=\"og:image:type\" content=\"image\/jpeg\" \/>\n<script type=\"application\/ld+json\" class=\"yoast-schema-graph\">{\"@context\":\"https:\\\/\\\/schema.org\",\"@graph\":[{\"@type\":[\"WebPage\",\"CollectionPage\"],\"@id\":\"https:\\\/\\\/www.seraphina.si\\\/p\\\/zenski-obesek-iz-srebra-uncut-pave-mesecev-kamen-in-beli-topaz\\\/\",\"url\":\"https:\\\/\\\/www.seraphina.si\\\/p\\\/zenski-obesek-iz-srebra-uncut-pave-mesecev-kamen-in-beli-topaz\\\/\",\"name\":\"Seraphina - Obesek Uncut Pav\u00e9 - Mese\u010dev kamen\",\"isPartOf\":{\"@id\":\"https:\\\/\\\/www.seraphina.si\\\/#website\"},\"primaryImageOfPage\":{\"@id\":\"https:\\\/\\\/www.seraphina.si\\\/p\\\/zenski-obesek-iz-srebra-uncut-pave-mesecev-kamen-in-beli-topaz\\\/#primaryimage\"},\"image\":{\"@id\":\"https:\\\/\\\/www.seraphina.si\\\/p\\\/zenski-obesek-iz-srebra-uncut-pave-mesecev-kamen-in-beli-topaz\\\/#primaryimage\"},\"thumbnailUrl\":\"https:\\\/\\\/www.seraphina.si\\\/wp-content\\\/uploads\\\/2023\\\/05\\\/10-2.jpg\",\"datePublished\":\"2023-11-28T10:08:53+00:00\",\"dateModified\":\"2026-03-06T10:18:08+00:00\",\"description\":\"Obesek izdelan iz 925 srebra, z naravnim surovim kristalom mese\u010dev kamen. Seraphina - nakit iz naravnih kristalov in poldragih\\\/dragih kamnov.\",\"breadcrumb\":{\"@id\":\"https:\\\/\\\/www.seraphina.si\\\/p\\\/zenski-obesek-iz-srebra-uncut-pave-mesecev-kamen-in-beli-topaz\\\/#breadcrumb\"},\"inLanguage\":\"hr\"},{\"@type\":\"ImageObject\",\"inLanguage\":\"hr\",\"@id\":\"https:\\\/\\\/www.seraphina.si\\\/p\\\/zenski-obesek-iz-srebra-uncut-pave-mesecev-kamen-in-beli-topaz\\\/#primaryimage\",\"url\":\"https:\\\/\\\/www.seraphina.si\\\/wp-content\\\/uploads\\\/2023\\\/05\\\/10-2.jpg\",\"contentUrl\":\"https:\\\/\\\/www.seraphina.si\\\/wp-content\\\/uploads\\\/2023\\\/05\\\/10-2.jpg\",\"width\":1080,\"height\":1080,\"caption\":\"Obesek Uncut Pav\u00e9 - Mese\u010dev kamen - Seraphina\"},{\"@type\":\"BreadcrumbList\",\"@id\":\"https:\\\/\\\/www.seraphina.si\\\/p\\\/zenski-obesek-iz-srebra-uncut-pave-mesecev-kamen-in-beli-topaz\\\/#breadcrumb\",\"itemListElement\":[{\"@type\":\"ListItem\",\"position\":1,\"name\":\"Home\",\"item\":\"https:\\\/\\\/www.seraphina.si\\\/\"},{\"@type\":\"ListItem\",\"position\":2,\"name\":\"Trgovina\",\"item\":\"https:\\\/\\\/www.seraphina.si\\\/trgovina\\\/\"},{\"@type\":\"ListItem\",\"position\":3,\"name\":\"\u017denski obesek iz srebra UNCUT PAV\u00c9, Mese\u010dev kamen in Beli Topaz\"}]},{\"@type\":\"WebSite\",\"@id\":\"https:\\\/\\\/www.seraphina.si\\\/#website\",\"url\":\"https:\\\/\\\/www.seraphina.si\\\/\",\"name\":\"Unikatni nakit iz kristalov - Seraphina\",\"description\":\"Unikatni nakit kamen iz kristalov, srebrni prstani in veri\u017eice -\",\"publisher\":{\"@id\":\"https:\\\/\\\/www.seraphina.si\\\/#organization\"},\"alternateName\":\"Seraphina - Unikatni nakit iz kristalov\",\"potentialAction\":[{\"@type\":\"SearchAction\",\"target\":{\"@type\":\"EntryPoint\",\"urlTemplate\":\"https:\\\/\\\/www.seraphina.si\\\/?s={search_term_string}\"},\"query-input\":{\"@type\":\"PropertyValueSpecification\",\"valueRequired\":true,\"valueName\":\"search_term_string\"}}],\"inLanguage\":\"hr\"},{\"@type\":\"Organization\",\"@id\":\"https:\\\/\\\/www.seraphina.si\\\/#organization\",\"name\":\"Nakit Seraphina\",\"alternateName\":\"Seraphina spletna trgovina z nakitom, kristali in minerali\",\"url\":\"https:\\\/\\\/www.seraphina.si\\\/\",\"logo\":{\"@type\":\"ImageObject\",\"inLanguage\":\"hr\",\"@id\":\"https:\\\/\\\/www.seraphina.si\\\/#\\\/schema\\\/logo\\\/image\\\/\",\"url\":\"https:\\\/\\\/www.seraphina.si\\\/wp-content\\\/uploads\\\/2025\\\/03\\\/logo-seraphina-2025-1.svg\",\"contentUrl\":\"https:\\\/\\\/www.seraphina.si\\\/wp-content\\\/uploads\\\/2025\\\/03\\\/logo-seraphina-2025-1.svg\",\"width\":100,\"height\":100,\"caption\":\"Nakit Seraphina\"},\"image\":{\"@id\":\"https:\\\/\\\/www.seraphina.si\\\/#\\\/schema\\\/logo\\\/image\\\/\"},\"sameAs\":[\"https:\\\/\\\/www.facebook.com\\\/seraphina.si\\\/\",\"https:\\\/\\\/www.instagram.com\\\/seraphinas_gemstones\\\/\"]}]}<\/script>\n<!-- \/ Yoast SEO plugin. -->","yoast_head_json":{"title":"Seraphina - Nebru\u0161eni Pav\u00e9 privjesak - Mjese\u010dev kamen","description":"Privjesak izra\u0111en od srebra 925, s prirodnim sirovim kristalom mjese\u010devog kamena. Serafina - nakit izra\u0111en od prirodnih kristala i poludragog\/dragog kamenja.","robots":{"index":"index","follow":"follow","max-snippet":"max-snippet:-1","max-image-preview":"max-image-preview:large","max-video-preview":"max-video-preview:-1"},"canonical":"https:\/\/www.seraphina.si\/hr\/str\/zenski-srebrni-privjesak-nebruseni-pave-mjesecev-kamen-i-bijeli-topaz\/","og_locale":"hr_HR","og_type":"article","og_title":"Seraphina - Obesek Uncut Pav\u00e9 - Mese\u010dev kamen","og_description":"Obesek izdelan iz 925 srebra, z naravnim surovim kristalom mese\u010dev kamen. Seraphina - nakit iz naravnih kristalov in poldragih\/dragih kamnov.","og_url":"https:\/\/www.seraphina.si\/hr\/str\/zenski-srebrni-privjesak-nebruseni-pave-mjesecev-kamen-i-bijeli-topaz\/","og_site_name":"Seraphina","article_publisher":"https:\/\/www.facebook.com\/seraphina.si\/","article_modified_time":"2026-03-06T10:18:08+00:00","og_image":[{"width":1080,"height":1080,"url":"https:\/\/www.seraphina.si\/wp-content\/uploads\/2023\/05\/10-2.jpg","type":"image\/jpeg"}],"schema":{"@context":"https:\/\/schema.org","@graph":[{"@type":["WebPage","CollectionPage"],"@id":"https:\/\/www.seraphina.si\/p\/zenski-obesek-iz-srebra-uncut-pave-mesecev-kamen-in-beli-topaz\/","url":"https:\/\/www.seraphina.si\/p\/zenski-obesek-iz-srebra-uncut-pave-mesecev-kamen-in-beli-topaz\/","name":"Seraphina - Nebru\u0161eni Pav\u00e9 privjesak - Mjese\u010dev kamen","isPartOf":{"@id":"https:\/\/www.seraphina.si\/#website"},"primaryImageOfPage":{"@id":"https:\/\/www.seraphina.si\/p\/zenski-obesek-iz-srebra-uncut-pave-mesecev-kamen-in-beli-topaz\/#primaryimage"},"image":{"@id":"https:\/\/www.seraphina.si\/p\/zenski-obesek-iz-srebra-uncut-pave-mesecev-kamen-in-beli-topaz\/#primaryimage"},"thumbnailUrl":"https:\/\/www.seraphina.si\/wp-content\/uploads\/2023\/05\/10-2.jpg","datePublished":"2023-11-28T10:08:53+00:00","dateModified":"2026-03-06T10:18:08+00:00","description":"Privjesak izra\u0111en od srebra 925, s prirodnim sirovim kristalom mjese\u010devog kamena. Serafina - nakit izra\u0111en od prirodnih kristala i poludragog\/dragog kamenja.","breadcrumb":{"@id":"https:\/\/www.seraphina.si\/p\/zenski-obesek-iz-srebra-uncut-pave-mesecev-kamen-in-beli-topaz\/#breadcrumb"},"inLanguage":"hr"},{"@type":"ImageObject","inLanguage":"hr","@id":"https:\/\/www.seraphina.si\/p\/zenski-obesek-iz-srebra-uncut-pave-mesecev-kamen-in-beli-topaz\/#primaryimage","url":"https:\/\/www.seraphina.si\/wp-content\/uploads\/2023\/05\/10-2.jpg","contentUrl":"https:\/\/www.seraphina.si\/wp-content\/uploads\/2023\/05\/10-2.jpg","width":1080,"height":1080,"caption":"Obesek Uncut Pav\u00e9 - Mese\u010dev kamen - Seraphina"},{"@type":"BreadcrumbList","@id":"https:\/\/www.seraphina.si\/p\/zenski-obesek-iz-srebra-uncut-pave-mesecev-kamen-in-beli-topaz\/#breadcrumb","itemListElement":[{"@type":"ListItem","position":1,"name":"Home","item":"https:\/\/www.seraphina.si\/"},{"@type":"ListItem","position":2,"name":"Trgovina","item":"https:\/\/www.seraphina.si\/trgovina\/"},{"@type":"ListItem","position":3,"name":"\u017denski obesek iz srebra UNCUT PAV\u00c9, Mese\u010dev kamen in Beli Topaz"}]},{"@type":"WebSite","@id":"https:\/\/www.seraphina.si\/#website","url":"https:\/\/www.seraphina.si\/","name":"Unikatni kristalni nakit - Serafina","description":"Unikatni nakit od kristala, srebrnog prstenja i lan\u010di\u0107a -","publisher":{"@id":"https:\/\/www.seraphina.si\/#organization"},"alternateName":"Seraphina - Unikatni nakit iz kristalov","potentialAction":[{"@type":"SearchAction","target":{"@type":"EntryPoint","urlTemplate":"https:\/\/www.seraphina.si\/?s={search_term_string}"},"query-input":{"@type":"PropertyValueSpecification","valueRequired":true,"valueName":"search_term_string"}}],"inLanguage":"hr"},{"@type":"Organization","@id":"https:\/\/www.seraphina.si\/#organization","name":"Seraphina nakit","alternateName":"Seraphina spletna trgovina z nakitom, kristali in minerali","url":"https:\/\/www.seraphina.si\/","logo":{"@type":"ImageObject","inLanguage":"hr","@id":"https:\/\/www.seraphina.si\/#\/schema\/logo\/image\/","url":"https:\/\/www.seraphina.si\/wp-content\/uploads\/2025\/03\/logo-seraphina-2025-1.svg","contentUrl":"https:\/\/www.seraphina.si\/wp-content\/uploads\/2025\/03\/logo-seraphina-2025-1.svg","width":100,"height":100,"caption":"Nakit Seraphina"},"image":{"@id":"https:\/\/www.seraphina.si\/#\/schema\/logo\/image\/"},"sameAs":["https:\/\/www.facebook.com\/seraphina.si\/","https:\/\/www.instagram.com\/seraphinas_gemstones\/"]}]}},"_links":{"self":[{"href":"https:\/\/www.seraphina.si\/hr\/wp-json\/wp\/v2\/product\/5291","targetHints":{"allow":["GET"]}}],"collection":[{"href":"https:\/\/www.seraphina.si\/hr\/wp-json\/wp\/v2\/product"}],"about":[{"href":"https:\/\/www.seraphina.si\/hr\/wp-json\/wp\/v2\/types\/product"}],"wp:featuredmedia":[{"embeddable":true,"href":"https:\/\/www.seraphina.si\/hr\/wp-json\/wp\/v2\/media\/5293"}],"wp:attachment":[{"href":"https:\/\/www.seraphina.si\/hr\/wp-json\/wp\/v2\/media?parent=5291"}],"wp:term":[{"taxonomy":"horoskop","embeddable":true,"href":"https:\/\/www.seraphina.si\/hr\/wp-json\/wp\/v2\/horoskop?post=5291"},{"taxonomy":"kamen","embeddable":true,"href":"https:\/\/www.seraphina.si\/hr\/wp-json\/wp\/v2\/kamen?post=5291"},{"taxonomy":"kolekcija","embeddable":true,"href":"https:\/\/www.seraphina.si\/hr\/wp-json\/wp\/v2\/kolekcija?post=5291"},{"taxonomy":"mesec","embeddable":true,"href":"https:\/\/www.seraphina.si\/hr\/wp-json\/wp\/v2\/mesec?post=5291"},{"taxonomy":"product_brand","embeddable":true,"href":"https:\/\/www.seraphina.si\/hr\/wp-json\/wp\/v2\/product_brand?post=5291"},{"taxonomy":"product_cat","embeddable":true,"href":"https:\/\/www.seraphina.si\/hr\/wp-json\/wp\/v2\/product_cat?post=5291"},{"taxonomy":"product_tag","embeddable":true,"href":"https:\/\/www.seraphina.si\/hr\/wp-json\/wp\/v2\/product_tag?post=5291"}],"curies":[{"name":"radni list","href":"https:\/\/api.w.org\/{rel}","templated":true}]}}