{"id":4469,"date":"2023-03-21T21:52:22","date_gmt":"2023-03-21T21:52:22","guid":{"rendered":"https:\/\/www.seraphina.si\/?post_type=product&#038;p=4469"},"modified":"2026-03-16T18:47:00","modified_gmt":"2026-03-16T17:47:00","slug":"dvostruki-zenski-prsten-od-srebra-grimizno-crvenog-akvamarina-i-bijelog-topaza","status":"publish","type":"product","link":"https:\/\/www.seraphina.si\/hr\/p\/dvojni-zenski-prstan-iz-srebra-scarlett-akvamarin-in-beli-topaz\/","title":{"rendered":"Dupli \u017eenski prsten od srebra SCARLETT, akvamarina i bijelog topaza"},"content":{"rendered":"<p>Dvojni prstan izdelan iz 925 srebra z naravnim akvamarinom in drobnimi belimi topazi.<\/p>\n<p>Veli\u010dina akvamarina je 7 mm x 5 mm.<\/p>\n<p>Budu\u0107i da se radi o prirodnim kristalima, nijansa boje i prozirnost akvamarina varira od prstena do prstena. Ako imate posebne zahtjeve, kontaktirajte nas na info@seraphina.si.<\/p>\n<p>Slike prikazujejo tako posamezen prstan kot tudi mo\u017ene kombinacije z ostalimi modeli in barvno raznolikost med posameznimi izdelki.<\/p>","protected":false},"excerpt":{"rendered":"<p>Dvostruki prsten izra\u0111en od srebra 925 s prirodnim poliranim akvamarinom i sitnim bijelim topazima. Akvamarin simbolizira hrabrost, razigranost i ljubav te nosi pro\u010di\u0161\u0107avaju\u0107u i smiruju\u0107u energiju. Kao kamen sre\u0107e i hrabrosti, u pro\u0161losti se \u010desto koristio kao talisman za mornare za za\u0161titu na moru. Pove\u0107ava samopouzdanje, ubla\u017eava stres i poma\u017ee u osloba\u0111anju potisnutih emocija i ogor\u010denosti.<\/p>","protected":false},"featured_media":23062,"template":"","meta":{"_acf_changed":false,"inline_featured_image":false},"horoskop":[],"kamen":[657,712],"kolekcija":[],"mesec":[605],"product_brand":[],"product_cat":[289,25,31,351,349,183],"product_tag":[39,21,24,33],"class_list":{"0":"post-4469","1":"product","2":"type-product","3":"status-publish","4":"has-post-thumbnail","6":"kamen-akvamarin","7":"kamen-topaz","8":"mesec-marec","9":"product_cat-bruseni-kristali-in-minerali","10":"product_cat-prstani","11":"product_cat-prstani-iz-srebra","12":"product_cat-prstani-s-kabosoni","13":"product_cat-prstani-z-brusenimi-kamni","14":"product_cat-vsa-ponudba","15":"product_tag-akvamarin","16":"product_tag-kristal","17":"product_tag-prstan","18":"product_tag-srebro","19":"pa_horoskop-dvojcka","20":"pa_horoskop-oven","21":"pa_horoskop-ribi","22":"pa_horoskop-skorpijon","23":"pa_horoskop-vodnar","24":"pa_kamen-akvamarin","25":"tm-has-options","27":"first","28":"instock","29":"taxable","30":"shipping-taxable","31":"purchasable","32":"product-type-variable","33":"has-default-attributes"},"acf":[],"yoast_head":"<!-- This site is optimized with the Yoast SEO plugin v27.3 - https:\/\/yoast.com\/product\/yoast-seo-wordpress\/ -->\n<title>Dvojni \u017eenski prstan iz srebra SCARLETT, Akvamarin in Beli Topaz<\/title>\n<meta name=\"description\" content=\"Prstan izdelan iz 925 srebra z naravnim bru\u0161enim akvamarinom in drobnimi topazi. Seraphina - nakit iz naravnih kristalov in poldragih \/ dragih kamnov.\" \/>\n<meta name=\"robots\" content=\"index, follow, max-snippet:-1, max-image-preview:large, max-video-preview:-1\" \/>\n<link rel=\"canonical\" href=\"https:\/\/www.seraphina.si\/hr\/str\/dvostruki-zenski-prsten-od-srebra-grimizno-crvenog-akvamarina-i-bijelog-topaza\/\" \/>\n<meta property=\"og:locale\" content=\"hr_HR\" \/>\n<meta property=\"og:type\" content=\"article\" \/>\n<meta property=\"og:title\" content=\"Dvojni \u017eenski prstan iz srebra SCARLETT, Akvamarin in Beli Topaz\" \/>\n<meta property=\"og:description\" content=\"Prstan izdelan iz 925 srebra z naravnim bru\u0161enim akvamarinom in drobnimi topazi. Seraphina - nakit iz naravnih kristalov in poldragih \/ dragih kamnov.\" \/>\n<meta property=\"og:url\" content=\"https:\/\/www.seraphina.si\/hr\/str\/dvostruki-zenski-prsten-od-srebra-grimizno-crvenog-akvamarina-i-bijelog-topaza\/\" \/>\n<meta property=\"og:site_name\" content=\"Seraphina\" \/>\n<meta property=\"article:publisher\" content=\"https:\/\/www.facebook.com\/seraphina.si\/\" \/>\n<meta property=\"article:modified_time\" content=\"2026-03-16T17:47:00+00:00\" \/>\n<meta property=\"og:image\" content=\"https:\/\/www.seraphina.si\/wp-content\/uploads\/2023\/03\/1-3-pica.jpg\" \/>\n\t<meta property=\"og:image:width\" content=\"900\" \/>\n\t<meta property=\"og:image:height\" content=\"900\" \/>\n\t<meta property=\"og:image:type\" content=\"image\/jpeg\" \/>\n<script type=\"application\/ld+json\" class=\"yoast-schema-graph\">{\"@context\":\"https:\\\/\\\/schema.org\",\"@graph\":[{\"@type\":[\"WebPage\",\"CollectionPage\"],\"@id\":\"https:\\\/\\\/www.seraphina.si\\\/p\\\/dvojni-zenski-prstan-iz-srebra-scarlett-akvamarin-in-beli-topaz\\\/\",\"url\":\"https:\\\/\\\/www.seraphina.si\\\/p\\\/dvojni-zenski-prstan-iz-srebra-scarlett-akvamarin-in-beli-topaz\\\/\",\"name\":\"Dvojni \u017eenski prstan iz srebra SCARLETT, Akvamarin in Beli Topaz\",\"isPartOf\":{\"@id\":\"https:\\\/\\\/www.seraphina.si\\\/#website\"},\"primaryImageOfPage\":{\"@id\":\"https:\\\/\\\/www.seraphina.si\\\/p\\\/dvojni-zenski-prstan-iz-srebra-scarlett-akvamarin-in-beli-topaz\\\/#primaryimage\"},\"image\":{\"@id\":\"https:\\\/\\\/www.seraphina.si\\\/p\\\/dvojni-zenski-prstan-iz-srebra-scarlett-akvamarin-in-beli-topaz\\\/#primaryimage\"},\"thumbnailUrl\":\"https:\\\/\\\/www.seraphina.si\\\/wp-content\\\/uploads\\\/2023\\\/03\\\/1-3-pica.jpg\",\"datePublished\":\"2023-03-21T21:52:22+00:00\",\"dateModified\":\"2026-03-16T17:47:00+00:00\",\"description\":\"Prstan izdelan iz 925 srebra z naravnim bru\u0161enim akvamarinom in drobnimi topazi. Seraphina - nakit iz naravnih kristalov in poldragih \\\/ dragih kamnov.\",\"breadcrumb\":{\"@id\":\"https:\\\/\\\/www.seraphina.si\\\/p\\\/dvojni-zenski-prstan-iz-srebra-scarlett-akvamarin-in-beli-topaz\\\/#breadcrumb\"},\"inLanguage\":\"hr\"},{\"@type\":\"ImageObject\",\"inLanguage\":\"hr\",\"@id\":\"https:\\\/\\\/www.seraphina.si\\\/p\\\/dvojni-zenski-prstan-iz-srebra-scarlett-akvamarin-in-beli-topaz\\\/#primaryimage\",\"url\":\"https:\\\/\\\/www.seraphina.si\\\/wp-content\\\/uploads\\\/2023\\\/03\\\/1-3-pica.jpg\",\"contentUrl\":\"https:\\\/\\\/www.seraphina.si\\\/wp-content\\\/uploads\\\/2023\\\/03\\\/1-3-pica.jpg\",\"width\":900,\"height\":900,\"caption\":\"Dvojni \u017eenski prstan iz srebra SCARLETT, Akvamarin in Beli Topaz\"},{\"@type\":\"BreadcrumbList\",\"@id\":\"https:\\\/\\\/www.seraphina.si\\\/p\\\/dvojni-zenski-prstan-iz-srebra-scarlett-akvamarin-in-beli-topaz\\\/#breadcrumb\",\"itemListElement\":[{\"@type\":\"ListItem\",\"position\":1,\"name\":\"Home\",\"item\":\"https:\\\/\\\/www.seraphina.si\\\/\"},{\"@type\":\"ListItem\",\"position\":2,\"name\":\"Trgovina\",\"item\":\"https:\\\/\\\/www.seraphina.si\\\/trgovina\\\/\"},{\"@type\":\"ListItem\",\"position\":3,\"name\":\"Dvojni \u017eenski prstan iz srebra SCARLETT, Akvamarin in Beli Topaz\"}]},{\"@type\":\"WebSite\",\"@id\":\"https:\\\/\\\/www.seraphina.si\\\/#website\",\"url\":\"https:\\\/\\\/www.seraphina.si\\\/\",\"name\":\"Unikatni nakit iz kristalov - Seraphina\",\"description\":\"Unikatni nakit kamen iz kristalov, srebrni prstani in veri\u017eice -\",\"publisher\":{\"@id\":\"https:\\\/\\\/www.seraphina.si\\\/#organization\"},\"alternateName\":\"Seraphina - Unikatni nakit iz kristalov\",\"potentialAction\":[{\"@type\":\"SearchAction\",\"target\":{\"@type\":\"EntryPoint\",\"urlTemplate\":\"https:\\\/\\\/www.seraphina.si\\\/?s={search_term_string}\"},\"query-input\":{\"@type\":\"PropertyValueSpecification\",\"valueRequired\":true,\"valueName\":\"search_term_string\"}}],\"inLanguage\":\"hr\"},{\"@type\":\"Organization\",\"@id\":\"https:\\\/\\\/www.seraphina.si\\\/#organization\",\"name\":\"Nakit Seraphina\",\"alternateName\":\"Seraphina spletna trgovina z nakitom, kristali in minerali\",\"url\":\"https:\\\/\\\/www.seraphina.si\\\/\",\"logo\":{\"@type\":\"ImageObject\",\"inLanguage\":\"hr\",\"@id\":\"https:\\\/\\\/www.seraphina.si\\\/#\\\/schema\\\/logo\\\/image\\\/\",\"url\":\"https:\\\/\\\/www.seraphina.si\\\/wp-content\\\/uploads\\\/2025\\\/03\\\/logo-seraphina-2025-1.svg\",\"contentUrl\":\"https:\\\/\\\/www.seraphina.si\\\/wp-content\\\/uploads\\\/2025\\\/03\\\/logo-seraphina-2025-1.svg\",\"width\":100,\"height\":100,\"caption\":\"Nakit Seraphina\"},\"image\":{\"@id\":\"https:\\\/\\\/www.seraphina.si\\\/#\\\/schema\\\/logo\\\/image\\\/\"},\"sameAs\":[\"https:\\\/\\\/www.facebook.com\\\/seraphina.si\\\/\",\"https:\\\/\\\/www.instagram.com\\\/seraphinas_gemstones\\\/\"]}]}<\/script>\n<!-- \/ Yoast SEO plugin. -->","yoast_head_json":{"title":"Dupli \u017eenski prsten od srebra SCARLETT, akvamarina i bijelog topaza","description":"Prstan izdelan iz 925 srebra z naravnim bru\u0161enim akvamarinom in drobnimi topazi. Seraphina - nakit iz naravnih kristalov in poldragih \/ dragih kamnov.","robots":{"index":"index","follow":"follow","max-snippet":"max-snippet:-1","max-image-preview":"max-image-preview:large","max-video-preview":"max-video-preview:-1"},"canonical":"https:\/\/www.seraphina.si\/hr\/str\/dvostruki-zenski-prsten-od-srebra-grimizno-crvenog-akvamarina-i-bijelog-topaza\/","og_locale":"hr_HR","og_type":"article","og_title":"Dvojni \u017eenski prstan iz srebra SCARLETT, Akvamarin in Beli Topaz","og_description":"Prstan izdelan iz 925 srebra z naravnim bru\u0161enim akvamarinom in drobnimi topazi. Seraphina - nakit iz naravnih kristalov in poldragih \/ dragih kamnov.","og_url":"https:\/\/www.seraphina.si\/hr\/str\/dvostruki-zenski-prsten-od-srebra-grimizno-crvenog-akvamarina-i-bijelog-topaza\/","og_site_name":"Seraphina","article_publisher":"https:\/\/www.facebook.com\/seraphina.si\/","article_modified_time":"2026-03-16T17:47:00+00:00","og_image":[{"width":900,"height":900,"url":"https:\/\/www.seraphina.si\/wp-content\/uploads\/2023\/03\/1-3-pica.jpg","type":"image\/jpeg"}],"schema":{"@context":"https:\/\/schema.org","@graph":[{"@type":["WebPage","CollectionPage"],"@id":"https:\/\/www.seraphina.si\/p\/dvojni-zenski-prstan-iz-srebra-scarlett-akvamarin-in-beli-topaz\/","url":"https:\/\/www.seraphina.si\/p\/dvojni-zenski-prstan-iz-srebra-scarlett-akvamarin-in-beli-topaz\/","name":"Dupli \u017eenski prsten od srebra SCARLETT, akvamarina i bijelog topaza","isPartOf":{"@id":"https:\/\/www.seraphina.si\/#website"},"primaryImageOfPage":{"@id":"https:\/\/www.seraphina.si\/p\/dvojni-zenski-prstan-iz-srebra-scarlett-akvamarin-in-beli-topaz\/#primaryimage"},"image":{"@id":"https:\/\/www.seraphina.si\/p\/dvojni-zenski-prstan-iz-srebra-scarlett-akvamarin-in-beli-topaz\/#primaryimage"},"thumbnailUrl":"https:\/\/www.seraphina.si\/wp-content\/uploads\/2023\/03\/1-3-pica.jpg","datePublished":"2023-03-21T21:52:22+00:00","dateModified":"2026-03-16T17:47:00+00:00","description":"Prstan izdelan iz 925 srebra z naravnim bru\u0161enim akvamarinom in drobnimi topazi. Seraphina - nakit iz naravnih kristalov in poldragih \/ dragih kamnov.","breadcrumb":{"@id":"https:\/\/www.seraphina.si\/p\/dvojni-zenski-prstan-iz-srebra-scarlett-akvamarin-in-beli-topaz\/#breadcrumb"},"inLanguage":"hr"},{"@type":"ImageObject","inLanguage":"hr","@id":"https:\/\/www.seraphina.si\/p\/dvojni-zenski-prstan-iz-srebra-scarlett-akvamarin-in-beli-topaz\/#primaryimage","url":"https:\/\/www.seraphina.si\/wp-content\/uploads\/2023\/03\/1-3-pica.jpg","contentUrl":"https:\/\/www.seraphina.si\/wp-content\/uploads\/2023\/03\/1-3-pica.jpg","width":900,"height":900,"caption":"Dvojni \u017eenski prstan iz srebra SCARLETT, Akvamarin in Beli Topaz"},{"@type":"BreadcrumbList","@id":"https:\/\/www.seraphina.si\/p\/dvojni-zenski-prstan-iz-srebra-scarlett-akvamarin-in-beli-topaz\/#breadcrumb","itemListElement":[{"@type":"ListItem","position":1,"name":"Home","item":"https:\/\/www.seraphina.si\/"},{"@type":"ListItem","position":2,"name":"Trgovina","item":"https:\/\/www.seraphina.si\/trgovina\/"},{"@type":"ListItem","position":3,"name":"Dvojni \u017eenski prstan iz srebra SCARLETT, Akvamarin in Beli Topaz"}]},{"@type":"WebSite","@id":"https:\/\/www.seraphina.si\/#website","url":"https:\/\/www.seraphina.si\/","name":"Unikatni kristalni nakit - Serafina","description":"Unikatni nakit od kristala, srebrnog prstenja i lan\u010di\u0107a -","publisher":{"@id":"https:\/\/www.seraphina.si\/#organization"},"alternateName":"Seraphina - Unikatni nakit iz kristalov","potentialAction":[{"@type":"SearchAction","target":{"@type":"EntryPoint","urlTemplate":"https:\/\/www.seraphina.si\/?s={search_term_string}"},"query-input":{"@type":"PropertyValueSpecification","valueRequired":true,"valueName":"search_term_string"}}],"inLanguage":"hr"},{"@type":"Organization","@id":"https:\/\/www.seraphina.si\/#organization","name":"Seraphina nakit","alternateName":"Seraphina spletna trgovina z nakitom, kristali in minerali","url":"https:\/\/www.seraphina.si\/","logo":{"@type":"ImageObject","inLanguage":"hr","@id":"https:\/\/www.seraphina.si\/#\/schema\/logo\/image\/","url":"https:\/\/www.seraphina.si\/wp-content\/uploads\/2025\/03\/logo-seraphina-2025-1.svg","contentUrl":"https:\/\/www.seraphina.si\/wp-content\/uploads\/2025\/03\/logo-seraphina-2025-1.svg","width":100,"height":100,"caption":"Nakit Seraphina"},"image":{"@id":"https:\/\/www.seraphina.si\/#\/schema\/logo\/image\/"},"sameAs":["https:\/\/www.facebook.com\/seraphina.si\/","https:\/\/www.instagram.com\/seraphinas_gemstones\/"]}]}},"_links":{"self":[{"href":"https:\/\/www.seraphina.si\/hr\/wp-json\/wp\/v2\/product\/4469","targetHints":{"allow":["GET"]}}],"collection":[{"href":"https:\/\/www.seraphina.si\/hr\/wp-json\/wp\/v2\/product"}],"about":[{"href":"https:\/\/www.seraphina.si\/hr\/wp-json\/wp\/v2\/types\/product"}],"wp:featuredmedia":[{"embeddable":true,"href":"https:\/\/www.seraphina.si\/hr\/wp-json\/wp\/v2\/media\/23062"}],"wp:attachment":[{"href":"https:\/\/www.seraphina.si\/hr\/wp-json\/wp\/v2\/media?parent=4469"}],"wp:term":[{"taxonomy":"horoskop","embeddable":true,"href":"https:\/\/www.seraphina.si\/hr\/wp-json\/wp\/v2\/horoskop?post=4469"},{"taxonomy":"kamen","embeddable":true,"href":"https:\/\/www.seraphina.si\/hr\/wp-json\/wp\/v2\/kamen?post=4469"},{"taxonomy":"kolekcija","embeddable":true,"href":"https:\/\/www.seraphina.si\/hr\/wp-json\/wp\/v2\/kolekcija?post=4469"},{"taxonomy":"mesec","embeddable":true,"href":"https:\/\/www.seraphina.si\/hr\/wp-json\/wp\/v2\/mesec?post=4469"},{"taxonomy":"product_brand","embeddable":true,"href":"https:\/\/www.seraphina.si\/hr\/wp-json\/wp\/v2\/product_brand?post=4469"},{"taxonomy":"product_cat","embeddable":true,"href":"https:\/\/www.seraphina.si\/hr\/wp-json\/wp\/v2\/product_cat?post=4469"},{"taxonomy":"product_tag","embeddable":true,"href":"https:\/\/www.seraphina.si\/hr\/wp-json\/wp\/v2\/product_tag?post=4469"}],"curies":[{"name":"radni list","href":"https:\/\/api.w.org\/{rel}","templated":true}]}}