{"id":3801,"date":"2024-03-22T21:03:26","date_gmt":"2024-03-22T20:03:26","guid":{"rendered":"https:\/\/www.seraphina.si\/?post_type=product&#038;p=3801"},"modified":"2026-03-15T12:38:22","modified_gmt":"2026-03-15T11:38:22","slug":"zenski-srebrni-prsten-thalia-ruzicasti-topaz-i-bijeli-topaz","status":"publish","type":"product","link":"https:\/\/www.seraphina.si\/hr\/p\/zenski-prstan-iz-srebra-thalia-rozevec-in-beli-topaz\/","title":{"rendered":"\u017denski srebrni prsten THALIA, karneol i bijeli topaz"},"content":{"rendered":"<p>Prsten izra\u0111en od srebra 925, s prirodno bru\u0161enim kristalom ru\u017ei\u010dastog kvarca i sitnim bijelim topazima.<\/p>\n<p>Dostupan u 3 verzije:<\/p>\n<ul>\n<li>srebro 925<\/li>\n<li>srebro 925 + presvlaka od rodija<\/li>\n<li>srebro 925 + pozlata \u010disto\u0107e 750\/1000 (18 karata), debljina pozlate je 2,5 mikrona.<\/li>\n<\/ul>\n<p>Veli\u010dina ru\u017ei\u010dastog kvarca je cca. 11 mm x 7 mm.<\/p>\n<p>Budu\u0107i da se radi o prirodnim kristalima, malo se razlikuju u boji (svjetlija - tamnija ru\u017ei\u010dasta), a mogu sadr\u017eavati i inkluzije. Slike predstavljaju i pojedina\u010dni prsten i mogu\u0107e kombinacije s drugim modelima.<\/p>","protected":false},"excerpt":{"rendered":"<p>Prsten izra\u0111en od srebra 925, s prirodno bru\u0161enim kristalom ru\u017ei\u010dastog kvarca i sitnim bijelim topazima, koji simboliziraju univerzalnu ljubav i suosje\u0107anje. Ru\u017ei\u010dasti kvarc hrani sr\u010danu \u010dakru, donosi zadovoljstvo, radost i poma\u017ee u zacjeljivanju starih emocionalnih rana. Dostupan u 3 verzije: srebro 925, srebro s rodijem i srebro 925 s pozlatom \u010disto\u0107e 750\/1000 (18 karata).<\/p>","protected":false},"featured_media":23657,"template":"","meta":{"_acf_changed":false,"inline_featured_image":false},"horoskop":[],"kamen":[700],"kolekcija":[],"mesec":[],"product_brand":[],"product_cat":[289,25,31,349,183],"product_tag":[98,21,24,244,97,33],"class_list":{"0":"post-3801","1":"product","2":"type-product","3":"status-publish","4":"has-post-thumbnail","6":"kamen-rozevec-ali-roznati-kremen","7":"product_cat-bruseni-kristali-in-minerali","8":"product_cat-prstani","9":"product_cat-prstani-iz-srebra","10":"product_cat-prstani-z-brusenimi-kamni","11":"product_cat-vsa-ponudba","12":"product_tag-kremen","13":"product_tag-kristal","14":"product_tag-prstan","15":"product_tag-rose-quartz","16":"product_tag-roznati","17":"product_tag-srebro","18":"pa_horoskop-bik","19":"pa_horoskop-devica","20":"pa_horoskop-kozorog","21":"pa_horoskop-lev","22":"pa_horoskop-oven","23":"pa_horoskop-strelec","24":"pa_kamen-rozevec","25":"tm-has-options","27":"first","28":"instock","29":"taxable","30":"shipping-taxable","31":"purchasable","32":"product-type-variable"},"acf":[],"yoast_head":"<!-- This site is optimized with the Yoast SEO plugin v27.3 - https:\/\/yoast.com\/product\/yoast-seo-wordpress\/ -->\n<title>\u017denski prstan iz srebra THALIA, Ro\u017eevec in Beli Topaz<\/title>\n<meta name=\"description\" content=\"Prstan izdelan iz 925 srebr, z naravnim bru\u0161enim ro\u017enatim kremenom in drobnimi belimi topazi. Seraphina - naravni kristali in poldragi kamni.\" \/>\n<meta name=\"robots\" content=\"index, follow, max-snippet:-1, max-image-preview:large, max-video-preview:-1\" \/>\n<link rel=\"canonical\" href=\"https:\/\/www.seraphina.si\/hr\/str\/zenski-srebrni-prsten-thalia-ruzicasti-topaz-i-bijeli-topaz\/\" \/>\n<meta property=\"og:locale\" content=\"hr_HR\" \/>\n<meta property=\"og:type\" content=\"article\" \/>\n<meta property=\"og:title\" content=\"\u017denski prstan iz srebra THALIA, Ro\u017eevec in Beli Topaz\" \/>\n<meta property=\"og:description\" content=\"Prstan izdelan iz 925 srebr, z naravnim bru\u0161enim ro\u017enatim kremenom in drobnimi belimi topazi. Seraphina - naravni kristali in poldragi kamni.\" \/>\n<meta property=\"og:url\" content=\"https:\/\/www.seraphina.si\/hr\/str\/zenski-srebrni-prsten-thalia-ruzicasti-topaz-i-bijeli-topaz\/\" \/>\n<meta property=\"og:site_name\" content=\"Seraphina\" \/>\n<meta property=\"article:publisher\" content=\"https:\/\/www.facebook.com\/seraphina.si\/\" \/>\n<meta property=\"article:modified_time\" content=\"2026-03-15T11:38:22+00:00\" \/>\n<meta property=\"og:image\" content=\"https:\/\/www.seraphina.si\/wp-content\/uploads\/2024\/03\/10.jpg\" \/>\n\t<meta property=\"og:image:width\" content=\"810\" \/>\n\t<meta property=\"og:image:height\" content=\"810\" \/>\n\t<meta property=\"og:image:type\" content=\"image\/jpeg\" \/>\n<script type=\"application\/ld+json\" class=\"yoast-schema-graph\">{\"@context\":\"https:\\\/\\\/schema.org\",\"@graph\":[{\"@type\":[\"WebPage\",\"CollectionPage\"],\"@id\":\"https:\\\/\\\/www.seraphina.si\\\/p\\\/zenski-prstan-iz-srebra-thalia-rozevec-in-beli-topaz\\\/\",\"url\":\"https:\\\/\\\/www.seraphina.si\\\/p\\\/zenski-prstan-iz-srebra-thalia-rozevec-in-beli-topaz\\\/\",\"name\":\"\u017denski prstan iz srebra THALIA, Ro\u017eevec in Beli Topaz\",\"isPartOf\":{\"@id\":\"https:\\\/\\\/www.seraphina.si\\\/#website\"},\"primaryImageOfPage\":{\"@id\":\"https:\\\/\\\/www.seraphina.si\\\/p\\\/zenski-prstan-iz-srebra-thalia-rozevec-in-beli-topaz\\\/#primaryimage\"},\"image\":{\"@id\":\"https:\\\/\\\/www.seraphina.si\\\/p\\\/zenski-prstan-iz-srebra-thalia-rozevec-in-beli-topaz\\\/#primaryimage\"},\"thumbnailUrl\":\"https:\\\/\\\/www.seraphina.si\\\/wp-content\\\/uploads\\\/2024\\\/03\\\/10.jpg\",\"datePublished\":\"2024-03-22T20:03:26+00:00\",\"dateModified\":\"2026-03-15T11:38:22+00:00\",\"description\":\"Prstan izdelan iz 925 srebr, z naravnim bru\u0161enim ro\u017enatim kremenom in drobnimi belimi topazi. Seraphina - naravni kristali in poldragi kamni.\",\"breadcrumb\":{\"@id\":\"https:\\\/\\\/www.seraphina.si\\\/p\\\/zenski-prstan-iz-srebra-thalia-rozevec-in-beli-topaz\\\/#breadcrumb\"},\"inLanguage\":\"hr\"},{\"@type\":\"ImageObject\",\"inLanguage\":\"hr\",\"@id\":\"https:\\\/\\\/www.seraphina.si\\\/p\\\/zenski-prstan-iz-srebra-thalia-rozevec-in-beli-topaz\\\/#primaryimage\",\"url\":\"https:\\\/\\\/www.seraphina.si\\\/wp-content\\\/uploads\\\/2024\\\/03\\\/10.jpg\",\"contentUrl\":\"https:\\\/\\\/www.seraphina.si\\\/wp-content\\\/uploads\\\/2024\\\/03\\\/10.jpg\",\"width\":810,\"height\":810,\"caption\":\"\u017denski prstan iz srebra THALIA, Ro\u017eevec in Beli Topaz\"},{\"@type\":\"BreadcrumbList\",\"@id\":\"https:\\\/\\\/www.seraphina.si\\\/p\\\/zenski-prstan-iz-srebra-thalia-rozevec-in-beli-topaz\\\/#breadcrumb\",\"itemListElement\":[{\"@type\":\"ListItem\",\"position\":1,\"name\":\"Home\",\"item\":\"https:\\\/\\\/www.seraphina.si\\\/\"},{\"@type\":\"ListItem\",\"position\":2,\"name\":\"Trgovina\",\"item\":\"https:\\\/\\\/www.seraphina.si\\\/trgovina\\\/\"},{\"@type\":\"ListItem\",\"position\":3,\"name\":\"\u017denski prstan iz srebra THALIA, Ro\u017eevec in Beli Topaz\"}]},{\"@type\":\"WebSite\",\"@id\":\"https:\\\/\\\/www.seraphina.si\\\/#website\",\"url\":\"https:\\\/\\\/www.seraphina.si\\\/\",\"name\":\"Unikatni nakit iz kristalov - Seraphina\",\"description\":\"Unikatni nakit kamen iz kristalov, srebrni prstani in veri\u017eice -\",\"publisher\":{\"@id\":\"https:\\\/\\\/www.seraphina.si\\\/#organization\"},\"alternateName\":\"Seraphina - Unikatni nakit iz kristalov\",\"potentialAction\":[{\"@type\":\"SearchAction\",\"target\":{\"@type\":\"EntryPoint\",\"urlTemplate\":\"https:\\\/\\\/www.seraphina.si\\\/?s={search_term_string}\"},\"query-input\":{\"@type\":\"PropertyValueSpecification\",\"valueRequired\":true,\"valueName\":\"search_term_string\"}}],\"inLanguage\":\"hr\"},{\"@type\":\"Organization\",\"@id\":\"https:\\\/\\\/www.seraphina.si\\\/#organization\",\"name\":\"Nakit Seraphina\",\"alternateName\":\"Seraphina spletna trgovina z nakitom, kristali in minerali\",\"url\":\"https:\\\/\\\/www.seraphina.si\\\/\",\"logo\":{\"@type\":\"ImageObject\",\"inLanguage\":\"hr\",\"@id\":\"https:\\\/\\\/www.seraphina.si\\\/#\\\/schema\\\/logo\\\/image\\\/\",\"url\":\"https:\\\/\\\/www.seraphina.si\\\/wp-content\\\/uploads\\\/2025\\\/03\\\/logo-seraphina-2025-1.svg\",\"contentUrl\":\"https:\\\/\\\/www.seraphina.si\\\/wp-content\\\/uploads\\\/2025\\\/03\\\/logo-seraphina-2025-1.svg\",\"width\":100,\"height\":100,\"caption\":\"Nakit Seraphina\"},\"image\":{\"@id\":\"https:\\\/\\\/www.seraphina.si\\\/#\\\/schema\\\/logo\\\/image\\\/\"},\"sameAs\":[\"https:\\\/\\\/www.facebook.com\\\/seraphina.si\\\/\",\"https:\\\/\\\/www.instagram.com\\\/seraphinas_gemstones\\\/\"]}]}<\/script>\n<!-- \/ Yoast SEO plugin. -->","yoast_head_json":{"title":"\u017denski srebrni prsten THALIA, karneol i bijeli topaz","description":"Prstan izdelan iz 925 srebr, z naravnim bru\u0161enim ro\u017enatim kremenom in drobnimi belimi topazi. Seraphina - naravni kristali in poldragi kamni.","robots":{"index":"index","follow":"follow","max-snippet":"max-snippet:-1","max-image-preview":"max-image-preview:large","max-video-preview":"max-video-preview:-1"},"canonical":"https:\/\/www.seraphina.si\/hr\/str\/zenski-srebrni-prsten-thalia-ruzicasti-topaz-i-bijeli-topaz\/","og_locale":"hr_HR","og_type":"article","og_title":"\u017denski prstan iz srebra THALIA, Ro\u017eevec in Beli Topaz","og_description":"Prstan izdelan iz 925 srebr, z naravnim bru\u0161enim ro\u017enatim kremenom in drobnimi belimi topazi. Seraphina - naravni kristali in poldragi kamni.","og_url":"https:\/\/www.seraphina.si\/hr\/str\/zenski-srebrni-prsten-thalia-ruzicasti-topaz-i-bijeli-topaz\/","og_site_name":"Seraphina","article_publisher":"https:\/\/www.facebook.com\/seraphina.si\/","article_modified_time":"2026-03-15T11:38:22+00:00","og_image":[{"width":810,"height":810,"url":"https:\/\/www.seraphina.si\/wp-content\/uploads\/2024\/03\/10.jpg","type":"image\/jpeg"}],"schema":{"@context":"https:\/\/schema.org","@graph":[{"@type":["WebPage","CollectionPage"],"@id":"https:\/\/www.seraphina.si\/p\/zenski-prstan-iz-srebra-thalia-rozevec-in-beli-topaz\/","url":"https:\/\/www.seraphina.si\/p\/zenski-prstan-iz-srebra-thalia-rozevec-in-beli-topaz\/","name":"\u017denski srebrni prsten THALIA, karneol i bijeli topaz","isPartOf":{"@id":"https:\/\/www.seraphina.si\/#website"},"primaryImageOfPage":{"@id":"https:\/\/www.seraphina.si\/p\/zenski-prstan-iz-srebra-thalia-rozevec-in-beli-topaz\/#primaryimage"},"image":{"@id":"https:\/\/www.seraphina.si\/p\/zenski-prstan-iz-srebra-thalia-rozevec-in-beli-topaz\/#primaryimage"},"thumbnailUrl":"https:\/\/www.seraphina.si\/wp-content\/uploads\/2024\/03\/10.jpg","datePublished":"2024-03-22T20:03:26+00:00","dateModified":"2026-03-15T11:38:22+00:00","description":"Prstan izdelan iz 925 srebr, z naravnim bru\u0161enim ro\u017enatim kremenom in drobnimi belimi topazi. Seraphina - naravni kristali in poldragi kamni.","breadcrumb":{"@id":"https:\/\/www.seraphina.si\/p\/zenski-prstan-iz-srebra-thalia-rozevec-in-beli-topaz\/#breadcrumb"},"inLanguage":"hr"},{"@type":"ImageObject","inLanguage":"hr","@id":"https:\/\/www.seraphina.si\/p\/zenski-prstan-iz-srebra-thalia-rozevec-in-beli-topaz\/#primaryimage","url":"https:\/\/www.seraphina.si\/wp-content\/uploads\/2024\/03\/10.jpg","contentUrl":"https:\/\/www.seraphina.si\/wp-content\/uploads\/2024\/03\/10.jpg","width":810,"height":810,"caption":"\u017denski prstan iz srebra THALIA, Ro\u017eevec in Beli Topaz"},{"@type":"BreadcrumbList","@id":"https:\/\/www.seraphina.si\/p\/zenski-prstan-iz-srebra-thalia-rozevec-in-beli-topaz\/#breadcrumb","itemListElement":[{"@type":"ListItem","position":1,"name":"Home","item":"https:\/\/www.seraphina.si\/"},{"@type":"ListItem","position":2,"name":"Trgovina","item":"https:\/\/www.seraphina.si\/trgovina\/"},{"@type":"ListItem","position":3,"name":"\u017denski prstan iz srebra THALIA, Ro\u017eevec in Beli Topaz"}]},{"@type":"WebSite","@id":"https:\/\/www.seraphina.si\/#website","url":"https:\/\/www.seraphina.si\/","name":"Unikatni kristalni nakit - Serafina","description":"Unikatni nakit od kristala, srebrnog prstenja i lan\u010di\u0107a -","publisher":{"@id":"https:\/\/www.seraphina.si\/#organization"},"alternateName":"Seraphina - Unikatni nakit iz kristalov","potentialAction":[{"@type":"SearchAction","target":{"@type":"EntryPoint","urlTemplate":"https:\/\/www.seraphina.si\/?s={search_term_string}"},"query-input":{"@type":"PropertyValueSpecification","valueRequired":true,"valueName":"search_term_string"}}],"inLanguage":"hr"},{"@type":"Organization","@id":"https:\/\/www.seraphina.si\/#organization","name":"Seraphina nakit","alternateName":"Seraphina spletna trgovina z nakitom, kristali in minerali","url":"https:\/\/www.seraphina.si\/","logo":{"@type":"ImageObject","inLanguage":"hr","@id":"https:\/\/www.seraphina.si\/#\/schema\/logo\/image\/","url":"https:\/\/www.seraphina.si\/wp-content\/uploads\/2025\/03\/logo-seraphina-2025-1.svg","contentUrl":"https:\/\/www.seraphina.si\/wp-content\/uploads\/2025\/03\/logo-seraphina-2025-1.svg","width":100,"height":100,"caption":"Nakit Seraphina"},"image":{"@id":"https:\/\/www.seraphina.si\/#\/schema\/logo\/image\/"},"sameAs":["https:\/\/www.facebook.com\/seraphina.si\/","https:\/\/www.instagram.com\/seraphinas_gemstones\/"]}]}},"_links":{"self":[{"href":"https:\/\/www.seraphina.si\/hr\/wp-json\/wp\/v2\/product\/3801","targetHints":{"allow":["GET"]}}],"collection":[{"href":"https:\/\/www.seraphina.si\/hr\/wp-json\/wp\/v2\/product"}],"about":[{"href":"https:\/\/www.seraphina.si\/hr\/wp-json\/wp\/v2\/types\/product"}],"wp:featuredmedia":[{"embeddable":true,"href":"https:\/\/www.seraphina.si\/hr\/wp-json\/wp\/v2\/media\/23657"}],"wp:attachment":[{"href":"https:\/\/www.seraphina.si\/hr\/wp-json\/wp\/v2\/media?parent=3801"}],"wp:term":[{"taxonomy":"horoskop","embeddable":true,"href":"https:\/\/www.seraphina.si\/hr\/wp-json\/wp\/v2\/horoskop?post=3801"},{"taxonomy":"kamen","embeddable":true,"href":"https:\/\/www.seraphina.si\/hr\/wp-json\/wp\/v2\/kamen?post=3801"},{"taxonomy":"kolekcija","embeddable":true,"href":"https:\/\/www.seraphina.si\/hr\/wp-json\/wp\/v2\/kolekcija?post=3801"},{"taxonomy":"mesec","embeddable":true,"href":"https:\/\/www.seraphina.si\/hr\/wp-json\/wp\/v2\/mesec?post=3801"},{"taxonomy":"product_brand","embeddable":true,"href":"https:\/\/www.seraphina.si\/hr\/wp-json\/wp\/v2\/product_brand?post=3801"},{"taxonomy":"product_cat","embeddable":true,"href":"https:\/\/www.seraphina.si\/hr\/wp-json\/wp\/v2\/product_cat?post=3801"},{"taxonomy":"product_tag","embeddable":true,"href":"https:\/\/www.seraphina.si\/hr\/wp-json\/wp\/v2\/product_tag?post=3801"}],"curies":[{"name":"radni list","href":"https:\/\/api.w.org\/{rel}","templated":true}]}}