{"id":3743,"date":"2023-02-07T18:42:22","date_gmt":"2023-02-07T18:42:22","guid":{"rendered":"https:\/\/www.seraphina.si\/?post_type=product&#038;p=3743"},"modified":"2026-03-17T10:54:44","modified_gmt":"2026-03-17T09:54:44","slug":"zenski-srebrni-prsten-s-irisom-i-labradoritom","status":"publish","type":"product","link":"https:\/\/www.seraphina.si\/hr\/p\/zenski-prstan-iz-srebra-iris-labradorit\/","title":{"rendered":"\u017denski srebrni prsten IRIS, Labradorit"},"content":{"rendered":"<p>Prstan izdelan iz 925 srebra z naravnim bru\u0161enim labradoritom.<\/p>\n<p>Dostupan u 3 verzije:<\/p>\n<ul>\n<li>srebro 925<\/li>\n<li>srebro 925 + presvlaka od rodija<\/li>\n<li>srebro 925 sa pozlatom \u010disto\u0107e 750\/1000 (18 karata), debljina pozlate je 2,5 mikrona<\/li>\n<\/ul>\n<p>Velikost kristala je 7 x 5 mm.<\/p>","protected":false},"excerpt":{"rendered":"<p>Prstan izdelan iz 925 srebra z naravnim bru\u0161enim labradoritom, ki je poznan po svoji misti\u010dni energiji in preobrazbenih lastnostih. Krepi duhovno in mentalno mo\u010d, pomaga premagovati omejujo\u010da prepri\u010danja ter spodbuja samozdravljenje. Ugodno vpliva na komunikacijske sposobnosti, odpravlja tesnobo in spodbuja kreativnost. Na voljo v 3 razli\u010dicah: srebro 925, srebro 925 s prevleko iz rodija in srebro 925 s pozlato \u010distine 750\/1000 (18 karatov).<\/p>","protected":false},"featured_media":23265,"template":"","meta":{"_acf_changed":false,"inline_featured_image":false},"horoskop":[],"kamen":[683],"kolekcija":[],"mesec":[],"product_brand":[],"product_cat":[289,25,31,349,183],"product_tag":[36,21,82,24,33],"class_list":{"0":"post-3743","1":"product","2":"type-product","3":"status-publish","4":"has-post-thumbnail","6":"kamen-labradorit","7":"product_cat-bruseni-kristali-in-minerali","8":"product_cat-prstani","9":"product_cat-prstani-iz-srebra","10":"product_cat-prstani-z-brusenimi-kamni","11":"product_cat-vsa-ponudba","12":"product_tag-brusen","13":"product_tag-kristal","14":"product_tag-labradorit","15":"product_tag-prstan","16":"product_tag-srebro","17":"pa_horoskop-lev","18":"pa_horoskop-skorpijon","19":"pa_horoskop-strelec","20":"pa_kamen-labradorit","21":"tm-has-options","23":"first","24":"instock","25":"taxable","26":"shipping-taxable","27":"purchasable","28":"product-type-variable","29":"has-default-attributes"},"acf":[],"yoast_head":"<!-- This site is optimized with the Yoast SEO plugin v27.3 - https:\/\/yoast.com\/product\/yoast-seo-wordpress\/ -->\n<title>\u017denski prstan iz srebra IRIS, Labradorit<\/title>\n<meta name=\"description\" content=\"Prstan izdelan iz 925 srebra z naravnim bru\u0161enim labradoritom. Seraphina - nakit iz naravnih kristalov in poldragih\/dragih kamnov.\" \/>\n<meta name=\"robots\" content=\"index, follow, max-snippet:-1, max-image-preview:large, max-video-preview:-1\" \/>\n<link rel=\"canonical\" href=\"https:\/\/www.seraphina.si\/hr\/str\/zenski-srebrni-prsten-s-irisom-i-labradoritom\/\" \/>\n<meta property=\"og:locale\" content=\"hr_HR\" \/>\n<meta property=\"og:type\" content=\"article\" \/>\n<meta property=\"og:title\" content=\"\u017denski prstan iz srebra IRIS, Labradorit\" \/>\n<meta property=\"og:description\" content=\"Prstan izdelan iz 925 srebra z naravnim bru\u0161enim labradoritom. Seraphina - nakit iz naravnih kristalov in poldragih\/dragih kamnov.\" \/>\n<meta property=\"og:url\" content=\"https:\/\/www.seraphina.si\/hr\/str\/zenski-srebrni-prsten-s-irisom-i-labradoritom\/\" \/>\n<meta property=\"og:site_name\" content=\"Seraphina\" \/>\n<meta property=\"article:publisher\" content=\"https:\/\/www.facebook.com\/seraphina.si\/\" \/>\n<meta property=\"article:modified_time\" content=\"2026-03-17T09:54:44+00:00\" \/>\n<meta property=\"og:image\" content=\"https:\/\/www.seraphina.si\/wp-content\/uploads\/2023\/02\/5-2.jpg\" \/>\n\t<meta property=\"og:image:width\" content=\"810\" \/>\n\t<meta property=\"og:image:height\" content=\"810\" \/>\n\t<meta property=\"og:image:type\" content=\"image\/jpeg\" \/>\n<script type=\"application\/ld+json\" class=\"yoast-schema-graph\">{\"@context\":\"https:\\\/\\\/schema.org\",\"@graph\":[{\"@type\":[\"WebPage\",\"CollectionPage\"],\"@id\":\"https:\\\/\\\/www.seraphina.si\\\/p\\\/zenski-prstan-iz-srebra-iris-labradorit\\\/\",\"url\":\"https:\\\/\\\/www.seraphina.si\\\/p\\\/zenski-prstan-iz-srebra-iris-labradorit\\\/\",\"name\":\"\u017denski prstan iz srebra IRIS, Labradorit\",\"isPartOf\":{\"@id\":\"https:\\\/\\\/www.seraphina.si\\\/#website\"},\"primaryImageOfPage\":{\"@id\":\"https:\\\/\\\/www.seraphina.si\\\/p\\\/zenski-prstan-iz-srebra-iris-labradorit\\\/#primaryimage\"},\"image\":{\"@id\":\"https:\\\/\\\/www.seraphina.si\\\/p\\\/zenski-prstan-iz-srebra-iris-labradorit\\\/#primaryimage\"},\"thumbnailUrl\":\"https:\\\/\\\/www.seraphina.si\\\/wp-content\\\/uploads\\\/2023\\\/02\\\/5-2.jpg\",\"datePublished\":\"2023-02-07T18:42:22+00:00\",\"dateModified\":\"2026-03-17T09:54:44+00:00\",\"description\":\"Prstan izdelan iz 925 srebra z naravnim bru\u0161enim labradoritom. Seraphina - nakit iz naravnih kristalov in poldragih\\\/dragih kamnov.\",\"breadcrumb\":{\"@id\":\"https:\\\/\\\/www.seraphina.si\\\/p\\\/zenski-prstan-iz-srebra-iris-labradorit\\\/#breadcrumb\"},\"inLanguage\":\"hr\"},{\"@type\":\"ImageObject\",\"inLanguage\":\"hr\",\"@id\":\"https:\\\/\\\/www.seraphina.si\\\/p\\\/zenski-prstan-iz-srebra-iris-labradorit\\\/#primaryimage\",\"url\":\"https:\\\/\\\/www.seraphina.si\\\/wp-content\\\/uploads\\\/2023\\\/02\\\/5-2.jpg\",\"contentUrl\":\"https:\\\/\\\/www.seraphina.si\\\/wp-content\\\/uploads\\\/2023\\\/02\\\/5-2.jpg\",\"width\":810,\"height\":810,\"caption\":\"\u017denski prstan iz srebra IRIS, Labradorit\"},{\"@type\":\"BreadcrumbList\",\"@id\":\"https:\\\/\\\/www.seraphina.si\\\/p\\\/zenski-prstan-iz-srebra-iris-labradorit\\\/#breadcrumb\",\"itemListElement\":[{\"@type\":\"ListItem\",\"position\":1,\"name\":\"Home\",\"item\":\"https:\\\/\\\/www.seraphina.si\\\/\"},{\"@type\":\"ListItem\",\"position\":2,\"name\":\"Trgovina\",\"item\":\"https:\\\/\\\/www.seraphina.si\\\/trgovina\\\/\"},{\"@type\":\"ListItem\",\"position\":3,\"name\":\"\u017denski prstan iz srebra IRIS, Labradorit\"}]},{\"@type\":\"WebSite\",\"@id\":\"https:\\\/\\\/www.seraphina.si\\\/#website\",\"url\":\"https:\\\/\\\/www.seraphina.si\\\/\",\"name\":\"Unikatni nakit iz kristalov - Seraphina\",\"description\":\"Unikatni nakit kamen iz kristalov, srebrni prstani in veri\u017eice -\",\"publisher\":{\"@id\":\"https:\\\/\\\/www.seraphina.si\\\/#organization\"},\"alternateName\":\"Seraphina - Unikatni nakit iz kristalov\",\"potentialAction\":[{\"@type\":\"SearchAction\",\"target\":{\"@type\":\"EntryPoint\",\"urlTemplate\":\"https:\\\/\\\/www.seraphina.si\\\/?s={search_term_string}\"},\"query-input\":{\"@type\":\"PropertyValueSpecification\",\"valueRequired\":true,\"valueName\":\"search_term_string\"}}],\"inLanguage\":\"hr\"},{\"@type\":\"Organization\",\"@id\":\"https:\\\/\\\/www.seraphina.si\\\/#organization\",\"name\":\"Nakit Seraphina\",\"alternateName\":\"Seraphina spletna trgovina z nakitom, kristali in minerali\",\"url\":\"https:\\\/\\\/www.seraphina.si\\\/\",\"logo\":{\"@type\":\"ImageObject\",\"inLanguage\":\"hr\",\"@id\":\"https:\\\/\\\/www.seraphina.si\\\/#\\\/schema\\\/logo\\\/image\\\/\",\"url\":\"https:\\\/\\\/www.seraphina.si\\\/wp-content\\\/uploads\\\/2025\\\/03\\\/logo-seraphina-2025-1.svg\",\"contentUrl\":\"https:\\\/\\\/www.seraphina.si\\\/wp-content\\\/uploads\\\/2025\\\/03\\\/logo-seraphina-2025-1.svg\",\"width\":100,\"height\":100,\"caption\":\"Nakit Seraphina\"},\"image\":{\"@id\":\"https:\\\/\\\/www.seraphina.si\\\/#\\\/schema\\\/logo\\\/image\\\/\"},\"sameAs\":[\"https:\\\/\\\/www.facebook.com\\\/seraphina.si\\\/\",\"https:\\\/\\\/www.instagram.com\\\/seraphinas_gemstones\\\/\"]}]}<\/script>\n<!-- \/ Yoast SEO plugin. -->","yoast_head_json":{"title":"\u017denski srebrni prsten IRIS, Labradorit","description":"Prstan izdelan iz 925 srebra z naravnim bru\u0161enim labradoritom. Seraphina - nakit iz naravnih kristalov in poldragih\/dragih kamnov.","robots":{"index":"index","follow":"follow","max-snippet":"max-snippet:-1","max-image-preview":"max-image-preview:large","max-video-preview":"max-video-preview:-1"},"canonical":"https:\/\/www.seraphina.si\/hr\/str\/zenski-srebrni-prsten-s-irisom-i-labradoritom\/","og_locale":"hr_HR","og_type":"article","og_title":"\u017denski prstan iz srebra IRIS, Labradorit","og_description":"Prstan izdelan iz 925 srebra z naravnim bru\u0161enim labradoritom. Seraphina - nakit iz naravnih kristalov in poldragih\/dragih kamnov.","og_url":"https:\/\/www.seraphina.si\/hr\/str\/zenski-srebrni-prsten-s-irisom-i-labradoritom\/","og_site_name":"Seraphina","article_publisher":"https:\/\/www.facebook.com\/seraphina.si\/","article_modified_time":"2026-03-17T09:54:44+00:00","og_image":[{"width":810,"height":810,"url":"https:\/\/www.seraphina.si\/wp-content\/uploads\/2023\/02\/5-2.jpg","type":"image\/jpeg"}],"schema":{"@context":"https:\/\/schema.org","@graph":[{"@type":["WebPage","CollectionPage"],"@id":"https:\/\/www.seraphina.si\/p\/zenski-prstan-iz-srebra-iris-labradorit\/","url":"https:\/\/www.seraphina.si\/p\/zenski-prstan-iz-srebra-iris-labradorit\/","name":"\u017denski srebrni prsten IRIS, Labradorit","isPartOf":{"@id":"https:\/\/www.seraphina.si\/#website"},"primaryImageOfPage":{"@id":"https:\/\/www.seraphina.si\/p\/zenski-prstan-iz-srebra-iris-labradorit\/#primaryimage"},"image":{"@id":"https:\/\/www.seraphina.si\/p\/zenski-prstan-iz-srebra-iris-labradorit\/#primaryimage"},"thumbnailUrl":"https:\/\/www.seraphina.si\/wp-content\/uploads\/2023\/02\/5-2.jpg","datePublished":"2023-02-07T18:42:22+00:00","dateModified":"2026-03-17T09:54:44+00:00","description":"Prstan izdelan iz 925 srebra z naravnim bru\u0161enim labradoritom. Seraphina - nakit iz naravnih kristalov in poldragih\/dragih kamnov.","breadcrumb":{"@id":"https:\/\/www.seraphina.si\/p\/zenski-prstan-iz-srebra-iris-labradorit\/#breadcrumb"},"inLanguage":"hr"},{"@type":"ImageObject","inLanguage":"hr","@id":"https:\/\/www.seraphina.si\/p\/zenski-prstan-iz-srebra-iris-labradorit\/#primaryimage","url":"https:\/\/www.seraphina.si\/wp-content\/uploads\/2023\/02\/5-2.jpg","contentUrl":"https:\/\/www.seraphina.si\/wp-content\/uploads\/2023\/02\/5-2.jpg","width":810,"height":810,"caption":"\u017denski prstan iz srebra IRIS, Labradorit"},{"@type":"BreadcrumbList","@id":"https:\/\/www.seraphina.si\/p\/zenski-prstan-iz-srebra-iris-labradorit\/#breadcrumb","itemListElement":[{"@type":"ListItem","position":1,"name":"Home","item":"https:\/\/www.seraphina.si\/"},{"@type":"ListItem","position":2,"name":"Trgovina","item":"https:\/\/www.seraphina.si\/trgovina\/"},{"@type":"ListItem","position":3,"name":"\u017denski prstan iz srebra IRIS, Labradorit"}]},{"@type":"WebSite","@id":"https:\/\/www.seraphina.si\/#website","url":"https:\/\/www.seraphina.si\/","name":"Unikatni kristalni nakit - Serafina","description":"Unikatni nakit od kristala, srebrnog prstenja i lan\u010di\u0107a -","publisher":{"@id":"https:\/\/www.seraphina.si\/#organization"},"alternateName":"Seraphina - Unikatni nakit iz kristalov","potentialAction":[{"@type":"SearchAction","target":{"@type":"EntryPoint","urlTemplate":"https:\/\/www.seraphina.si\/?s={search_term_string}"},"query-input":{"@type":"PropertyValueSpecification","valueRequired":true,"valueName":"search_term_string"}}],"inLanguage":"hr"},{"@type":"Organization","@id":"https:\/\/www.seraphina.si\/#organization","name":"Seraphina nakit","alternateName":"Seraphina spletna trgovina z nakitom, kristali in minerali","url":"https:\/\/www.seraphina.si\/","logo":{"@type":"ImageObject","inLanguage":"hr","@id":"https:\/\/www.seraphina.si\/#\/schema\/logo\/image\/","url":"https:\/\/www.seraphina.si\/wp-content\/uploads\/2025\/03\/logo-seraphina-2025-1.svg","contentUrl":"https:\/\/www.seraphina.si\/wp-content\/uploads\/2025\/03\/logo-seraphina-2025-1.svg","width":100,"height":100,"caption":"Nakit Seraphina"},"image":{"@id":"https:\/\/www.seraphina.si\/#\/schema\/logo\/image\/"},"sameAs":["https:\/\/www.facebook.com\/seraphina.si\/","https:\/\/www.instagram.com\/seraphinas_gemstones\/"]}]}},"_links":{"self":[{"href":"https:\/\/www.seraphina.si\/hr\/wp-json\/wp\/v2\/product\/3743","targetHints":{"allow":["GET"]}}],"collection":[{"href":"https:\/\/www.seraphina.si\/hr\/wp-json\/wp\/v2\/product"}],"about":[{"href":"https:\/\/www.seraphina.si\/hr\/wp-json\/wp\/v2\/types\/product"}],"wp:featuredmedia":[{"embeddable":true,"href":"https:\/\/www.seraphina.si\/hr\/wp-json\/wp\/v2\/media\/23265"}],"wp:attachment":[{"href":"https:\/\/www.seraphina.si\/hr\/wp-json\/wp\/v2\/media?parent=3743"}],"wp:term":[{"taxonomy":"horoskop","embeddable":true,"href":"https:\/\/www.seraphina.si\/hr\/wp-json\/wp\/v2\/horoskop?post=3743"},{"taxonomy":"kamen","embeddable":true,"href":"https:\/\/www.seraphina.si\/hr\/wp-json\/wp\/v2\/kamen?post=3743"},{"taxonomy":"kolekcija","embeddable":true,"href":"https:\/\/www.seraphina.si\/hr\/wp-json\/wp\/v2\/kolekcija?post=3743"},{"taxonomy":"mesec","embeddable":true,"href":"https:\/\/www.seraphina.si\/hr\/wp-json\/wp\/v2\/mesec?post=3743"},{"taxonomy":"product_brand","embeddable":true,"href":"https:\/\/www.seraphina.si\/hr\/wp-json\/wp\/v2\/product_brand?post=3743"},{"taxonomy":"product_cat","embeddable":true,"href":"https:\/\/www.seraphina.si\/hr\/wp-json\/wp\/v2\/product_cat?post=3743"},{"taxonomy":"product_tag","embeddable":true,"href":"https:\/\/www.seraphina.si\/hr\/wp-json\/wp\/v2\/product_tag?post=3743"}],"curies":[{"name":"radni list","href":"https:\/\/api.w.org\/{rel}","templated":true}]}}