{"id":3698,"date":"2023-02-07T12:11:53","date_gmt":"2023-02-07T12:11:53","guid":{"rendered":"https:\/\/www.seraphina.si\/?post_type=product&#038;p=3698"},"modified":"2026-03-17T11:05:23","modified_gmt":"2026-03-17T10:05:23","slug":"zenski-obesek-iz-srebra-tree-of-life-libijski-zlati-tektit","status":"publish","type":"product","link":"https:\/\/www.seraphina.si\/hr\/p\/zenski-obesek-iz-srebra-tree-of-life-libijski-zlati-tektit\/","title":{"rendered":"\u017denski srebrni privjesak DRVO \u017dIVOTA, Tektit iz libijskog zlata"},"content":{"rendered":"<p>Privjesak izra\u0111en od srebra 925, s prirodno bru\u0161enim libijskim zlatnim tektitnim kristalom (libijsko pustinjsko staklo).<\/p>\n<p>Dostupan u 3 verzije:<\/p>\n<ul>\n<li>srebro 925<\/li>\n<li>srebro 925 + presvlaka od rodija<\/li>\n<li>srebro 925 sa pozlatom \u010disto\u0107e 750\/1000 (18 karata), debljina pozlate je 2,5 mikrona<\/li>\n<\/ul>\n<p>Velikost libijskega tektita je 6 mm x 4 mm.<\/p>\n<p>Boja i prozirnost libijskog tektita varira od proizvoda do proizvoda, ponekad je neprozirniji s velikim brojem mjehuri\u0107a i uklju\u010daka, ali kod nekih proizvoda je gotovo potpuno proziran. Boja varira od vrlo svijetle do svijetlo \u017eute.<\/p>","protected":false},"excerpt":{"rendered":"<p>Obesek izdelan iz 925 srebra, z naravnim bru\u0161enim kristalom libijski zlati tektit, poznan tudi kot \u201cbo\u017eji kamen\u201d. Je kamen manifestacije, katerega visoke vibracije prina\u0161ajo radost, izbolj\u0161ujejo samozavest, spodbujajo ustvarjalnost in duhovno zdravljenje, ter podpirajo fizi\u010dno zdravje. Na voljo v 3 razli\u010dicah: srebro 925, srebro 925 s prevleko iz rodija ali srebro 925 s pozlato \u010distine 750\/1000 (18 karatov).<\/p>\n<p>Kako vam mo\u017eemo jam\u010diti autenti\u010dnost libijskog tektita? Vi\u0161e o ovome <a href=\"https:\/\/www.seraphina.si\/hr\/autenticnost-minerala-i-stijena\/\"><strong>OVDJE<\/strong><\/a>.<\/p>","protected":false},"featured_media":23140,"template":"","meta":{"_acf_changed":false,"inline_featured_image":false},"horoskop":[],"kamen":[687],"kolekcija":[723],"mesec":[],"product_brand":[],"product_cat":[289,28,27,372,183],"product_tag":[21,292,291,57,33,239],"class_list":{"0":"post-3698","1":"product","2":"type-product","3":"status-publish","4":"has-post-thumbnail","6":"kamen-libijski-zlati-tektit","7":"kolekcija-starborn","8":"product_cat-bruseni-kristali-in-minerali","9":"product_cat-obeski","10":"product_cat-obeski-in-verizice","11":"product_cat-obeski-z-brusenimi-kamni","12":"product_cat-vsa-ponudba","13":"product_tag-kristal","14":"product_tag-libijski-tektit","15":"product_tag-libijsko-puscavsko-steklo","16":"product_tag-obesek","17":"product_tag-srebro","18":"product_tag-tektit","19":"pa_horoskop-bik","20":"pa_horoskop-devica","21":"pa_horoskop-dvojcka","22":"pa_horoskop-kozorog","23":"pa_horoskop-lev","24":"pa_horoskop-oven","25":"pa_horoskop-rak","26":"pa_horoskop-ribi","27":"pa_horoskop-skorpijon","28":"pa_horoskop-strelec","29":"pa_horoskop-tehtnica","30":"pa_horoskop-vodnar","31":"pa_kamen-libijski-zlati-tektit","32":"tm-has-options","34":"first","35":"instock","36":"taxable","37":"shipping-taxable","38":"purchasable","39":"product-type-variable"},"acf":[],"yoast_head":"<!-- This site is optimized with the Yoast SEO plugin v27.3 - https:\/\/yoast.com\/product\/yoast-seo-wordpress\/ -->\n<title>\u017denski obesek iz srebra TREE OF LIFE, Libijski Zlati Tektit<\/title>\n<meta name=\"description\" content=\"Obesek izdelan iz 925 srebra, z naravnim bru\u0161enim kristalom libijski zlati tektit (libijsko pu\u0161\u010davsko steklo). Seraphina - naravni kristali in minerali.\" \/>\n<meta name=\"robots\" content=\"index, follow, max-snippet:-1, max-image-preview:large, max-video-preview:-1\" \/>\n<link rel=\"canonical\" href=\"https:\/\/www.seraphina.si\/hr\/str\/zenski-obesek-iz-srebra-tree-of-life-libijski-zlati-tektit\/\" \/>\n<meta property=\"og:locale\" content=\"hr_HR\" \/>\n<meta property=\"og:type\" content=\"article\" \/>\n<meta property=\"og:title\" content=\"\u017denski obesek iz srebra TREE OF LIFE, Libijski Zlati Tektit\" \/>\n<meta property=\"og:description\" content=\"Obesek izdelan iz 925 srebra, z naravnim bru\u0161enim kristalom libijski zlati tektit (libijsko pu\u0161\u010davsko steklo). Seraphina - naravni kristali in minerali.\" \/>\n<meta property=\"og:url\" content=\"https:\/\/www.seraphina.si\/hr\/str\/zenski-obesek-iz-srebra-tree-of-life-libijski-zlati-tektit\/\" \/>\n<meta property=\"og:site_name\" content=\"Seraphina\" \/>\n<meta property=\"article:publisher\" content=\"https:\/\/www.facebook.com\/seraphina.si\/\" \/>\n<meta property=\"article:modified_time\" content=\"2026-03-17T10:05:23+00:00\" \/>\n<meta property=\"og:image\" content=\"https:\/\/www.seraphina.si\/wp-content\/uploads\/2023\/02\/7-2-pica.jpg\" \/>\n\t<meta property=\"og:image:width\" content=\"800\" \/>\n\t<meta property=\"og:image:height\" content=\"800\" \/>\n\t<meta property=\"og:image:type\" content=\"image\/jpeg\" \/>\n<script type=\"application\/ld+json\" class=\"yoast-schema-graph\">{\"@context\":\"https:\\\/\\\/schema.org\",\"@graph\":[{\"@type\":[\"WebPage\",\"CollectionPage\"],\"@id\":\"https:\\\/\\\/www.seraphina.si\\\/p\\\/zenski-obesek-iz-srebra-tree-of-life-libijski-zlati-tektit\\\/\",\"url\":\"https:\\\/\\\/www.seraphina.si\\\/p\\\/zenski-obesek-iz-srebra-tree-of-life-libijski-zlati-tektit\\\/\",\"name\":\"\u017denski obesek iz srebra TREE OF LIFE, Libijski Zlati Tektit\",\"isPartOf\":{\"@id\":\"https:\\\/\\\/www.seraphina.si\\\/#website\"},\"primaryImageOfPage\":{\"@id\":\"https:\\\/\\\/www.seraphina.si\\\/p\\\/zenski-obesek-iz-srebra-tree-of-life-libijski-zlati-tektit\\\/#primaryimage\"},\"image\":{\"@id\":\"https:\\\/\\\/www.seraphina.si\\\/p\\\/zenski-obesek-iz-srebra-tree-of-life-libijski-zlati-tektit\\\/#primaryimage\"},\"thumbnailUrl\":\"https:\\\/\\\/www.seraphina.si\\\/wp-content\\\/uploads\\\/2023\\\/02\\\/7-2-pica.jpg\",\"datePublished\":\"2023-02-07T12:11:53+00:00\",\"dateModified\":\"2026-03-17T10:05:23+00:00\",\"description\":\"Obesek izdelan iz 925 srebra, z naravnim bru\u0161enim kristalom libijski zlati tektit (libijsko pu\u0161\u010davsko steklo). Seraphina - naravni kristali in minerali.\",\"breadcrumb\":{\"@id\":\"https:\\\/\\\/www.seraphina.si\\\/p\\\/zenski-obesek-iz-srebra-tree-of-life-libijski-zlati-tektit\\\/#breadcrumb\"},\"inLanguage\":\"hr\"},{\"@type\":\"ImageObject\",\"inLanguage\":\"hr\",\"@id\":\"https:\\\/\\\/www.seraphina.si\\\/p\\\/zenski-obesek-iz-srebra-tree-of-life-libijski-zlati-tektit\\\/#primaryimage\",\"url\":\"https:\\\/\\\/www.seraphina.si\\\/wp-content\\\/uploads\\\/2023\\\/02\\\/7-2-pica.jpg\",\"contentUrl\":\"https:\\\/\\\/www.seraphina.si\\\/wp-content\\\/uploads\\\/2023\\\/02\\\/7-2-pica.jpg\",\"width\":800,\"height\":800,\"caption\":\"\u017denski obesek iz srebra TREE OF LIFE, Libijski Zlati Tektit\"},{\"@type\":\"BreadcrumbList\",\"@id\":\"https:\\\/\\\/www.seraphina.si\\\/p\\\/zenski-obesek-iz-srebra-tree-of-life-libijski-zlati-tektit\\\/#breadcrumb\",\"itemListElement\":[{\"@type\":\"ListItem\",\"position\":1,\"name\":\"Home\",\"item\":\"https:\\\/\\\/www.seraphina.si\\\/\"},{\"@type\":\"ListItem\",\"position\":2,\"name\":\"Trgovina\",\"item\":\"https:\\\/\\\/www.seraphina.si\\\/trgovina\\\/\"},{\"@type\":\"ListItem\",\"position\":3,\"name\":\"\u017denski obesek iz srebra TREE OF LIFE, Libijski Zlati Tektit\"}]},{\"@type\":\"WebSite\",\"@id\":\"https:\\\/\\\/www.seraphina.si\\\/#website\",\"url\":\"https:\\\/\\\/www.seraphina.si\\\/\",\"name\":\"Unikatni nakit iz kristalov - Seraphina\",\"description\":\"Unikatni nakit kamen iz kristalov, srebrni prstani in veri\u017eice -\",\"publisher\":{\"@id\":\"https:\\\/\\\/www.seraphina.si\\\/#organization\"},\"alternateName\":\"Seraphina - Unikatni nakit iz kristalov\",\"potentialAction\":[{\"@type\":\"SearchAction\",\"target\":{\"@type\":\"EntryPoint\",\"urlTemplate\":\"https:\\\/\\\/www.seraphina.si\\\/?s={search_term_string}\"},\"query-input\":{\"@type\":\"PropertyValueSpecification\",\"valueRequired\":true,\"valueName\":\"search_term_string\"}}],\"inLanguage\":\"hr\"},{\"@type\":\"Organization\",\"@id\":\"https:\\\/\\\/www.seraphina.si\\\/#organization\",\"name\":\"Nakit Seraphina\",\"alternateName\":\"Seraphina spletna trgovina z nakitom, kristali in minerali\",\"url\":\"https:\\\/\\\/www.seraphina.si\\\/\",\"logo\":{\"@type\":\"ImageObject\",\"inLanguage\":\"hr\",\"@id\":\"https:\\\/\\\/www.seraphina.si\\\/#\\\/schema\\\/logo\\\/image\\\/\",\"url\":\"https:\\\/\\\/www.seraphina.si\\\/wp-content\\\/uploads\\\/2025\\\/03\\\/logo-seraphina-2025-1.svg\",\"contentUrl\":\"https:\\\/\\\/www.seraphina.si\\\/wp-content\\\/uploads\\\/2025\\\/03\\\/logo-seraphina-2025-1.svg\",\"width\":100,\"height\":100,\"caption\":\"Nakit Seraphina\"},\"image\":{\"@id\":\"https:\\\/\\\/www.seraphina.si\\\/#\\\/schema\\\/logo\\\/image\\\/\"},\"sameAs\":[\"https:\\\/\\\/www.facebook.com\\\/seraphina.si\\\/\",\"https:\\\/\\\/www.instagram.com\\\/seraphinas_gemstones\\\/\"]}]}<\/script>\n<!-- \/ Yoast SEO plugin. -->","yoast_head_json":{"title":"\u017denski srebrni privjesak DRVO \u017dIVOTA, Tektit iz libijskog zlata","description":"Privjesak izra\u0111en od srebra 925, s prirodno bru\u0161enim libijskim zlatnim tektitnim kristalom (libijsko pustinjsko staklo). Serafina - prirodni kristali i minerali.","robots":{"index":"index","follow":"follow","max-snippet":"max-snippet:-1","max-image-preview":"max-image-preview:large","max-video-preview":"max-video-preview:-1"},"canonical":"https:\/\/www.seraphina.si\/hr\/str\/zenski-obesek-iz-srebra-tree-of-life-libijski-zlati-tektit\/","og_locale":"hr_HR","og_type":"article","og_title":"\u017denski obesek iz srebra TREE OF LIFE, Libijski Zlati Tektit","og_description":"Obesek izdelan iz 925 srebra, z naravnim bru\u0161enim kristalom libijski zlati tektit (libijsko pu\u0161\u010davsko steklo). Seraphina - naravni kristali in minerali.","og_url":"https:\/\/www.seraphina.si\/hr\/str\/zenski-obesek-iz-srebra-tree-of-life-libijski-zlati-tektit\/","og_site_name":"Seraphina","article_publisher":"https:\/\/www.facebook.com\/seraphina.si\/","article_modified_time":"2026-03-17T10:05:23+00:00","og_image":[{"width":800,"height":800,"url":"https:\/\/www.seraphina.si\/wp-content\/uploads\/2023\/02\/7-2-pica.jpg","type":"image\/jpeg"}],"schema":{"@context":"https:\/\/schema.org","@graph":[{"@type":["WebPage","CollectionPage"],"@id":"https:\/\/www.seraphina.si\/p\/zenski-obesek-iz-srebra-tree-of-life-libijski-zlati-tektit\/","url":"https:\/\/www.seraphina.si\/p\/zenski-obesek-iz-srebra-tree-of-life-libijski-zlati-tektit\/","name":"\u017denski srebrni privjesak DRVO \u017dIVOTA, Tektit iz libijskog zlata","isPartOf":{"@id":"https:\/\/www.seraphina.si\/#website"},"primaryImageOfPage":{"@id":"https:\/\/www.seraphina.si\/p\/zenski-obesek-iz-srebra-tree-of-life-libijski-zlati-tektit\/#primaryimage"},"image":{"@id":"https:\/\/www.seraphina.si\/p\/zenski-obesek-iz-srebra-tree-of-life-libijski-zlati-tektit\/#primaryimage"},"thumbnailUrl":"https:\/\/www.seraphina.si\/wp-content\/uploads\/2023\/02\/7-2-pica.jpg","datePublished":"2023-02-07T12:11:53+00:00","dateModified":"2026-03-17T10:05:23+00:00","description":"Privjesak izra\u0111en od srebra 925, s prirodno bru\u0161enim libijskim zlatnim tektitnim kristalom (libijsko pustinjsko staklo). Serafina - prirodni kristali i minerali.","breadcrumb":{"@id":"https:\/\/www.seraphina.si\/p\/zenski-obesek-iz-srebra-tree-of-life-libijski-zlati-tektit\/#breadcrumb"},"inLanguage":"hr"},{"@type":"ImageObject","inLanguage":"hr","@id":"https:\/\/www.seraphina.si\/p\/zenski-obesek-iz-srebra-tree-of-life-libijski-zlati-tektit\/#primaryimage","url":"https:\/\/www.seraphina.si\/wp-content\/uploads\/2023\/02\/7-2-pica.jpg","contentUrl":"https:\/\/www.seraphina.si\/wp-content\/uploads\/2023\/02\/7-2-pica.jpg","width":800,"height":800,"caption":"\u017denski obesek iz srebra TREE OF LIFE, Libijski Zlati Tektit"},{"@type":"BreadcrumbList","@id":"https:\/\/www.seraphina.si\/p\/zenski-obesek-iz-srebra-tree-of-life-libijski-zlati-tektit\/#breadcrumb","itemListElement":[{"@type":"ListItem","position":1,"name":"Home","item":"https:\/\/www.seraphina.si\/"},{"@type":"ListItem","position":2,"name":"Trgovina","item":"https:\/\/www.seraphina.si\/trgovina\/"},{"@type":"ListItem","position":3,"name":"\u017denski obesek iz srebra TREE OF LIFE, Libijski Zlati Tektit"}]},{"@type":"WebSite","@id":"https:\/\/www.seraphina.si\/#website","url":"https:\/\/www.seraphina.si\/","name":"Unikatni kristalni nakit - Serafina","description":"Unikatni nakit od kristala, srebrnog prstenja i lan\u010di\u0107a -","publisher":{"@id":"https:\/\/www.seraphina.si\/#organization"},"alternateName":"Seraphina - Unikatni nakit iz kristalov","potentialAction":[{"@type":"SearchAction","target":{"@type":"EntryPoint","urlTemplate":"https:\/\/www.seraphina.si\/?s={search_term_string}"},"query-input":{"@type":"PropertyValueSpecification","valueRequired":true,"valueName":"search_term_string"}}],"inLanguage":"hr"},{"@type":"Organization","@id":"https:\/\/www.seraphina.si\/#organization","name":"Seraphina nakit","alternateName":"Seraphina spletna trgovina z nakitom, kristali in minerali","url":"https:\/\/www.seraphina.si\/","logo":{"@type":"ImageObject","inLanguage":"hr","@id":"https:\/\/www.seraphina.si\/#\/schema\/logo\/image\/","url":"https:\/\/www.seraphina.si\/wp-content\/uploads\/2025\/03\/logo-seraphina-2025-1.svg","contentUrl":"https:\/\/www.seraphina.si\/wp-content\/uploads\/2025\/03\/logo-seraphina-2025-1.svg","width":100,"height":100,"caption":"Nakit Seraphina"},"image":{"@id":"https:\/\/www.seraphina.si\/#\/schema\/logo\/image\/"},"sameAs":["https:\/\/www.facebook.com\/seraphina.si\/","https:\/\/www.instagram.com\/seraphinas_gemstones\/"]}]}},"_links":{"self":[{"href":"https:\/\/www.seraphina.si\/hr\/wp-json\/wp\/v2\/product\/3698","targetHints":{"allow":["GET"]}}],"collection":[{"href":"https:\/\/www.seraphina.si\/hr\/wp-json\/wp\/v2\/product"}],"about":[{"href":"https:\/\/www.seraphina.si\/hr\/wp-json\/wp\/v2\/types\/product"}],"wp:featuredmedia":[{"embeddable":true,"href":"https:\/\/www.seraphina.si\/hr\/wp-json\/wp\/v2\/media\/23140"}],"wp:attachment":[{"href":"https:\/\/www.seraphina.si\/hr\/wp-json\/wp\/v2\/media?parent=3698"}],"wp:term":[{"taxonomy":"horoskop","embeddable":true,"href":"https:\/\/www.seraphina.si\/hr\/wp-json\/wp\/v2\/horoskop?post=3698"},{"taxonomy":"kamen","embeddable":true,"href":"https:\/\/www.seraphina.si\/hr\/wp-json\/wp\/v2\/kamen?post=3698"},{"taxonomy":"kolekcija","embeddable":true,"href":"https:\/\/www.seraphina.si\/hr\/wp-json\/wp\/v2\/kolekcija?post=3698"},{"taxonomy":"mesec","embeddable":true,"href":"https:\/\/www.seraphina.si\/hr\/wp-json\/wp\/v2\/mesec?post=3698"},{"taxonomy":"product_brand","embeddable":true,"href":"https:\/\/www.seraphina.si\/hr\/wp-json\/wp\/v2\/product_brand?post=3698"},{"taxonomy":"product_cat","embeddable":true,"href":"https:\/\/www.seraphina.si\/hr\/wp-json\/wp\/v2\/product_cat?post=3698"},{"taxonomy":"product_tag","embeddable":true,"href":"https:\/\/www.seraphina.si\/hr\/wp-json\/wp\/v2\/product_tag?post=3698"}],"curies":[{"name":"radni list","href":"https:\/\/api.w.org\/{rel}","templated":true}]}}