{"id":3376,"date":"2023-01-19T12:43:39","date_gmt":"2023-01-19T12:43:39","guid":{"rendered":"https:\/\/www.seraphina.si\/?post_type=product&#038;p=3376"},"modified":"2026-03-18T11:21:34","modified_gmt":"2026-03-18T10:21:34","slug":"zenski-dvostruki-prsten-od-srebrnog-grimiznog-opala-i-bijelog-topaza","status":"publish","type":"product","link":"https:\/\/www.seraphina.si\/hr\/p\/zenski-dvojni-prstan-iz-srebra-scarlett-opal-in-beli-topaz\/","title":{"rendered":"\u017denski dvostruki prsten od srebra SCARLETT, opala i bijelog topaza"},"content":{"rendered":"<p>Dvojni prstan izdelan iz 925 srebra z naravnim opalom in belimi topazi.<\/p>\n<p>Dostupan u 3 verzije:<\/p>\n<ul>\n<li>srebro 925<\/li>\n<li>srebro 925 + presvlaka od rodija<\/li>\n<li>srebro 925 sa pozlatom \u010disto\u0107e 750\/1000 (18 karata), debljina pozlate je 2,5 mikrona<\/li>\n<\/ul>\n<p>Veli\u010dina opala je 7 x 5 mm.<\/p>\n<p>Etiopski opali upijaju vodu, \u0161to im mijenja izgled, pa se kontakt s vodom ne preporu\u010duje!<\/p>\n<p>Boja opala varira od sme\u0111e\u017eute do mlije\u010dno bijele, ako imate posebne \u017eelje u vezi s tim, kontaktirajte nas na info@seraphina.si. U suprotnom, prsten \u0107e biti odabran nasumi\u010dno.<\/p>\n<p>Slike prikazujejo tako posamezen prstan kot tudi mo\u017ene kombinacije z ostalimi modeli in barvno raznolikost med posameznimi izdelki.<\/p>","protected":false},"excerpt":{"rendered":"<p>Dvojni prstan izdelan iz 925 srebra z naravnim opalom in belimi topazi. Opal simbolizira svetlobo, jasnost in kreativnost, spodbuja samozavest ter prina\u0161a ravnovesje in harmonijo. Deluje kot za\u0161\u010ditni kamen in spodbuja pozitivne spremembe, medtem ko pomaga premagovati \u010dustvene izzive in spodbuja izra\u017eanje na\u0161ega pravega jaza. Na voljo v 3 razli\u010dicah: srebro 925, srebro 925 s prevleko iz rodija ali srebro 925 s pozlato \u010distine 750\/1000 (18 karatov).<\/p>","protected":false},"featured_media":23396,"template":"","meta":{"_acf_changed":false,"inline_featured_image":false},"horoskop":[],"kamen":[695],"kolekcija":[],"mesec":[600],"product_brand":[],"product_cat":[289,757,25,31,351,349,183],"product_tag":[36,21,54,24,33,55],"class_list":{"0":"post-3376","1":"product","2":"type-product","3":"status-publish","4":"has-post-thumbnail","6":"kamen-opal","7":"mesec-oktober","8":"product_cat-bruseni-kristali-in-minerali","9":"product_cat-kamen-meseca-opal","10":"product_cat-prstani","11":"product_cat-prstani-iz-srebra","12":"product_cat-prstani-s-kabosoni","13":"product_cat-prstani-z-brusenimi-kamni","14":"product_cat-vsa-ponudba","15":"product_tag-brusen","16":"product_tag-kristal","17":"product_tag-opal","18":"product_tag-prstan","19":"product_tag-srebro","20":"product_tag-topaz","21":"pa_horoskop-bik","22":"pa_horoskop-dvojcka","23":"pa_horoskop-skorpijon","24":"pa_horoskop-tehtnica","25":"pa_kamen-opal","26":"tm-has-options","28":"first","29":"instock","30":"taxable","31":"shipping-taxable","32":"purchasable","33":"product-type-variable"},"acf":[],"yoast_head":"<!-- This site is optimized with the Yoast SEO plugin v27.3 - https:\/\/yoast.com\/product\/yoast-seo-wordpress\/ -->\n<title>\u017denski dvojni prstan iz srebra SCARLETT, Opal in Beli Topaz<\/title>\n<meta name=\"description\" content=\"Dvojni prstan izdelan iz 925 srebra, z naravnim kristalom opal in belimi topazi. Seraphina - nakit iz naravnih kristalov in poldragih\/dragih kamnov.\" \/>\n<meta name=\"robots\" content=\"index, follow, max-snippet:-1, max-image-preview:large, max-video-preview:-1\" \/>\n<link rel=\"canonical\" href=\"https:\/\/www.seraphina.si\/hr\/str\/zenski-dvostruki-prsten-od-srebrnog-grimiznog-opala-i-bijelog-topaza\/\" \/>\n<meta property=\"og:locale\" content=\"hr_HR\" \/>\n<meta property=\"og:type\" content=\"article\" \/>\n<meta property=\"og:title\" content=\"\u017denski dvojni prstan iz srebra SCARLETT, Opal in Beli Topaz\" \/>\n<meta property=\"og:description\" content=\"Dvojni prstan izdelan iz 925 srebra, z naravnim kristalom opal in belimi topazi. Seraphina - nakit iz naravnih kristalov in poldragih\/dragih kamnov.\" \/>\n<meta property=\"og:url\" content=\"https:\/\/www.seraphina.si\/hr\/str\/zenski-dvostruki-prsten-od-srebrnog-grimiznog-opala-i-bijelog-topaza\/\" \/>\n<meta property=\"og:site_name\" content=\"Seraphina\" \/>\n<meta property=\"article:publisher\" content=\"https:\/\/www.facebook.com\/seraphina.si\/\" \/>\n<meta property=\"article:modified_time\" content=\"2026-03-18T10:21:34+00:00\" \/>\n<meta property=\"og:image\" content=\"https:\/\/www.seraphina.si\/wp-content\/uploads\/2023\/01\/prava.jpg\" \/>\n\t<meta property=\"og:image:width\" content=\"810\" \/>\n\t<meta property=\"og:image:height\" content=\"810\" \/>\n\t<meta property=\"og:image:type\" content=\"image\/jpeg\" \/>\n<script type=\"application\/ld+json\" class=\"yoast-schema-graph\">{\"@context\":\"https:\\\/\\\/schema.org\",\"@graph\":[{\"@type\":[\"WebPage\",\"CollectionPage\"],\"@id\":\"https:\\\/\\\/www.seraphina.si\\\/p\\\/zenski-dvojni-prstan-iz-srebra-scarlett-opal-in-beli-topaz\\\/\",\"url\":\"https:\\\/\\\/www.seraphina.si\\\/p\\\/zenski-dvojni-prstan-iz-srebra-scarlett-opal-in-beli-topaz\\\/\",\"name\":\"\u017denski dvojni prstan iz srebra SCARLETT, Opal in Beli Topaz\",\"isPartOf\":{\"@id\":\"https:\\\/\\\/www.seraphina.si\\\/#website\"},\"primaryImageOfPage\":{\"@id\":\"https:\\\/\\\/www.seraphina.si\\\/p\\\/zenski-dvojni-prstan-iz-srebra-scarlett-opal-in-beli-topaz\\\/#primaryimage\"},\"image\":{\"@id\":\"https:\\\/\\\/www.seraphina.si\\\/p\\\/zenski-dvojni-prstan-iz-srebra-scarlett-opal-in-beli-topaz\\\/#primaryimage\"},\"thumbnailUrl\":\"https:\\\/\\\/www.seraphina.si\\\/wp-content\\\/uploads\\\/2023\\\/01\\\/prava.jpg\",\"datePublished\":\"2023-01-19T12:43:39+00:00\",\"dateModified\":\"2026-03-18T10:21:34+00:00\",\"description\":\"Dvojni prstan izdelan iz 925 srebra, z naravnim kristalom opal in belimi topazi. Seraphina - nakit iz naravnih kristalov in poldragih\\\/dragih kamnov.\",\"breadcrumb\":{\"@id\":\"https:\\\/\\\/www.seraphina.si\\\/p\\\/zenski-dvojni-prstan-iz-srebra-scarlett-opal-in-beli-topaz\\\/#breadcrumb\"},\"inLanguage\":\"hr\"},{\"@type\":\"ImageObject\",\"inLanguage\":\"hr\",\"@id\":\"https:\\\/\\\/www.seraphina.si\\\/p\\\/zenski-dvojni-prstan-iz-srebra-scarlett-opal-in-beli-topaz\\\/#primaryimage\",\"url\":\"https:\\\/\\\/www.seraphina.si\\\/wp-content\\\/uploads\\\/2023\\\/01\\\/prava.jpg\",\"contentUrl\":\"https:\\\/\\\/www.seraphina.si\\\/wp-content\\\/uploads\\\/2023\\\/01\\\/prava.jpg\",\"width\":810,\"height\":810,\"caption\":\"\u017denski dvojni prstan iz srebra SCARLETT, Opal in Beli Topaz\"},{\"@type\":\"BreadcrumbList\",\"@id\":\"https:\\\/\\\/www.seraphina.si\\\/p\\\/zenski-dvojni-prstan-iz-srebra-scarlett-opal-in-beli-topaz\\\/#breadcrumb\",\"itemListElement\":[{\"@type\":\"ListItem\",\"position\":1,\"name\":\"Home\",\"item\":\"https:\\\/\\\/www.seraphina.si\\\/\"},{\"@type\":\"ListItem\",\"position\":2,\"name\":\"Trgovina\",\"item\":\"https:\\\/\\\/www.seraphina.si\\\/trgovina\\\/\"},{\"@type\":\"ListItem\",\"position\":3,\"name\":\"\u017denski dvojni prstan iz srebra SCARLETT, Opal in Beli Topaz\"}]},{\"@type\":\"WebSite\",\"@id\":\"https:\\\/\\\/www.seraphina.si\\\/#website\",\"url\":\"https:\\\/\\\/www.seraphina.si\\\/\",\"name\":\"Unikatni nakit iz kristalov - Seraphina\",\"description\":\"Unikatni nakit kamen iz kristalov, srebrni prstani in veri\u017eice -\",\"publisher\":{\"@id\":\"https:\\\/\\\/www.seraphina.si\\\/#organization\"},\"alternateName\":\"Seraphina - Unikatni nakit iz kristalov\",\"potentialAction\":[{\"@type\":\"SearchAction\",\"target\":{\"@type\":\"EntryPoint\",\"urlTemplate\":\"https:\\\/\\\/www.seraphina.si\\\/?s={search_term_string}\"},\"query-input\":{\"@type\":\"PropertyValueSpecification\",\"valueRequired\":true,\"valueName\":\"search_term_string\"}}],\"inLanguage\":\"hr\"},{\"@type\":\"Organization\",\"@id\":\"https:\\\/\\\/www.seraphina.si\\\/#organization\",\"name\":\"Nakit Seraphina\",\"alternateName\":\"Seraphina spletna trgovina z nakitom, kristali in minerali\",\"url\":\"https:\\\/\\\/www.seraphina.si\\\/\",\"logo\":{\"@type\":\"ImageObject\",\"inLanguage\":\"hr\",\"@id\":\"https:\\\/\\\/www.seraphina.si\\\/#\\\/schema\\\/logo\\\/image\\\/\",\"url\":\"https:\\\/\\\/www.seraphina.si\\\/wp-content\\\/uploads\\\/2025\\\/03\\\/logo-seraphina-2025-1.svg\",\"contentUrl\":\"https:\\\/\\\/www.seraphina.si\\\/wp-content\\\/uploads\\\/2025\\\/03\\\/logo-seraphina-2025-1.svg\",\"width\":100,\"height\":100,\"caption\":\"Nakit Seraphina\"},\"image\":{\"@id\":\"https:\\\/\\\/www.seraphina.si\\\/#\\\/schema\\\/logo\\\/image\\\/\"},\"sameAs\":[\"https:\\\/\\\/www.facebook.com\\\/seraphina.si\\\/\",\"https:\\\/\\\/www.instagram.com\\\/seraphinas_gemstones\\\/\"]}]}<\/script>\n<!-- \/ Yoast SEO plugin. -->","yoast_head_json":{"title":"\u017denski dvostruki prsten od srebra SCARLETT, opala i bijelog topaza","description":"Dvostruki prsten od srebra 925, s prirodnim kristalom opala i bijelim topazom. Serafina - nakit od prirodnih kristala i poludragog\/dragog kamenja.","robots":{"index":"index","follow":"follow","max-snippet":"max-snippet:-1","max-image-preview":"max-image-preview:large","max-video-preview":"max-video-preview:-1"},"canonical":"https:\/\/www.seraphina.si\/hr\/str\/zenski-dvostruki-prsten-od-srebrnog-grimiznog-opala-i-bijelog-topaza\/","og_locale":"hr_HR","og_type":"article","og_title":"\u017denski dvojni prstan iz srebra SCARLETT, Opal in Beli Topaz","og_description":"Dvojni prstan izdelan iz 925 srebra, z naravnim kristalom opal in belimi topazi. Seraphina - nakit iz naravnih kristalov in poldragih\/dragih kamnov.","og_url":"https:\/\/www.seraphina.si\/hr\/str\/zenski-dvostruki-prsten-od-srebrnog-grimiznog-opala-i-bijelog-topaza\/","og_site_name":"Seraphina","article_publisher":"https:\/\/www.facebook.com\/seraphina.si\/","article_modified_time":"2026-03-18T10:21:34+00:00","og_image":[{"width":810,"height":810,"url":"https:\/\/www.seraphina.si\/wp-content\/uploads\/2023\/01\/prava.jpg","type":"image\/jpeg"}],"schema":{"@context":"https:\/\/schema.org","@graph":[{"@type":["WebPage","CollectionPage"],"@id":"https:\/\/www.seraphina.si\/p\/zenski-dvojni-prstan-iz-srebra-scarlett-opal-in-beli-topaz\/","url":"https:\/\/www.seraphina.si\/p\/zenski-dvojni-prstan-iz-srebra-scarlett-opal-in-beli-topaz\/","name":"\u017denski dvostruki prsten od srebra SCARLETT, opala i bijelog topaza","isPartOf":{"@id":"https:\/\/www.seraphina.si\/#website"},"primaryImageOfPage":{"@id":"https:\/\/www.seraphina.si\/p\/zenski-dvojni-prstan-iz-srebra-scarlett-opal-in-beli-topaz\/#primaryimage"},"image":{"@id":"https:\/\/www.seraphina.si\/p\/zenski-dvojni-prstan-iz-srebra-scarlett-opal-in-beli-topaz\/#primaryimage"},"thumbnailUrl":"https:\/\/www.seraphina.si\/wp-content\/uploads\/2023\/01\/prava.jpg","datePublished":"2023-01-19T12:43:39+00:00","dateModified":"2026-03-18T10:21:34+00:00","description":"Dvostruki prsten od srebra 925, s prirodnim kristalom opala i bijelim topazom. Serafina - nakit od prirodnih kristala i poludragog\/dragog kamenja.","breadcrumb":{"@id":"https:\/\/www.seraphina.si\/p\/zenski-dvojni-prstan-iz-srebra-scarlett-opal-in-beli-topaz\/#breadcrumb"},"inLanguage":"hr"},{"@type":"ImageObject","inLanguage":"hr","@id":"https:\/\/www.seraphina.si\/p\/zenski-dvojni-prstan-iz-srebra-scarlett-opal-in-beli-topaz\/#primaryimage","url":"https:\/\/www.seraphina.si\/wp-content\/uploads\/2023\/01\/prava.jpg","contentUrl":"https:\/\/www.seraphina.si\/wp-content\/uploads\/2023\/01\/prava.jpg","width":810,"height":810,"caption":"\u017denski dvojni prstan iz srebra SCARLETT, Opal in Beli Topaz"},{"@type":"BreadcrumbList","@id":"https:\/\/www.seraphina.si\/p\/zenski-dvojni-prstan-iz-srebra-scarlett-opal-in-beli-topaz\/#breadcrumb","itemListElement":[{"@type":"ListItem","position":1,"name":"Home","item":"https:\/\/www.seraphina.si\/"},{"@type":"ListItem","position":2,"name":"Trgovina","item":"https:\/\/www.seraphina.si\/trgovina\/"},{"@type":"ListItem","position":3,"name":"\u017denski dvojni prstan iz srebra SCARLETT, Opal in Beli Topaz"}]},{"@type":"WebSite","@id":"https:\/\/www.seraphina.si\/#website","url":"https:\/\/www.seraphina.si\/","name":"Unikatni kristalni nakit - Serafina","description":"Unikatni nakit od kristala, srebrnog prstenja i lan\u010di\u0107a -","publisher":{"@id":"https:\/\/www.seraphina.si\/#organization"},"alternateName":"Seraphina - Unikatni nakit iz kristalov","potentialAction":[{"@type":"SearchAction","target":{"@type":"EntryPoint","urlTemplate":"https:\/\/www.seraphina.si\/?s={search_term_string}"},"query-input":{"@type":"PropertyValueSpecification","valueRequired":true,"valueName":"search_term_string"}}],"inLanguage":"hr"},{"@type":"Organization","@id":"https:\/\/www.seraphina.si\/#organization","name":"Seraphina nakit","alternateName":"Seraphina spletna trgovina z nakitom, kristali in minerali","url":"https:\/\/www.seraphina.si\/","logo":{"@type":"ImageObject","inLanguage":"hr","@id":"https:\/\/www.seraphina.si\/#\/schema\/logo\/image\/","url":"https:\/\/www.seraphina.si\/wp-content\/uploads\/2025\/03\/logo-seraphina-2025-1.svg","contentUrl":"https:\/\/www.seraphina.si\/wp-content\/uploads\/2025\/03\/logo-seraphina-2025-1.svg","width":100,"height":100,"caption":"Nakit Seraphina"},"image":{"@id":"https:\/\/www.seraphina.si\/#\/schema\/logo\/image\/"},"sameAs":["https:\/\/www.facebook.com\/seraphina.si\/","https:\/\/www.instagram.com\/seraphinas_gemstones\/"]}]}},"_links":{"self":[{"href":"https:\/\/www.seraphina.si\/hr\/wp-json\/wp\/v2\/product\/3376","targetHints":{"allow":["GET"]}}],"collection":[{"href":"https:\/\/www.seraphina.si\/hr\/wp-json\/wp\/v2\/product"}],"about":[{"href":"https:\/\/www.seraphina.si\/hr\/wp-json\/wp\/v2\/types\/product"}],"wp:featuredmedia":[{"embeddable":true,"href":"https:\/\/www.seraphina.si\/hr\/wp-json\/wp\/v2\/media\/23396"}],"wp:attachment":[{"href":"https:\/\/www.seraphina.si\/hr\/wp-json\/wp\/v2\/media?parent=3376"}],"wp:term":[{"taxonomy":"horoskop","embeddable":true,"href":"https:\/\/www.seraphina.si\/hr\/wp-json\/wp\/v2\/horoskop?post=3376"},{"taxonomy":"kamen","embeddable":true,"href":"https:\/\/www.seraphina.si\/hr\/wp-json\/wp\/v2\/kamen?post=3376"},{"taxonomy":"kolekcija","embeddable":true,"href":"https:\/\/www.seraphina.si\/hr\/wp-json\/wp\/v2\/kolekcija?post=3376"},{"taxonomy":"mesec","embeddable":true,"href":"https:\/\/www.seraphina.si\/hr\/wp-json\/wp\/v2\/mesec?post=3376"},{"taxonomy":"product_brand","embeddable":true,"href":"https:\/\/www.seraphina.si\/hr\/wp-json\/wp\/v2\/product_brand?post=3376"},{"taxonomy":"product_cat","embeddable":true,"href":"https:\/\/www.seraphina.si\/hr\/wp-json\/wp\/v2\/product_cat?post=3376"},{"taxonomy":"product_tag","embeddable":true,"href":"https:\/\/www.seraphina.si\/hr\/wp-json\/wp\/v2\/product_tag?post=3376"}],"curies":[{"name":"radni list","href":"https:\/\/api.w.org\/{rel}","templated":true}]}}