{"id":3283,"date":"2024-01-18T20:47:15","date_gmt":"2024-01-18T19:47:15","guid":{"rendered":"https:\/\/www.seraphina.si\/?post_type=product&#038;p=3283"},"modified":"2026-03-16T10:32:23","modified_gmt":"2026-03-16T09:32:23","slug":"zenski-prstan-iz-srebra-chara-caroit","status":"publish","type":"product","link":"https:\/\/www.seraphina.si\/hr\/p\/zenski-prstan-iz-srebra-chara-caroit\/","title":{"rendered":"\u017denski srebrni prsten CHARA, \u010caroit"},"content":{"rendered":"<p>Prstan izdelan iz 925 srebra z naravnim poliranim kristalom \u010daroit.<\/p>\n<p>Veli\u010dina prstena je podesiva.<\/p>\n<p>Dostupna su dva razli\u010dita dizajna. Primit \u0107ete prsten koji ste odabrali na temelju slike ozna\u010dene odabranim brojem.<\/p>","protected":false},"excerpt":{"rendered":"<p>Prstan izdelan iz 925 srebra z naravnim \u010daroitom, redkim kristalom iz Sibirije, ki je povezan z globoko transformacijo in novimi za\u010detki. \u010caroit je znan po svojih mo\u010dnih vibracijah, duhovni podpori ter sposobnosti \u010dustvenega zdravljenja. Na voljo sta dva prstana, prejmete tistega, ki ste ga izbrali na podlagi slike ozna\u010dene z izbrano \u0161tevilko. Velikost prstana je nastavljiva.<\/p>","protected":false},"featured_media":13852,"template":"","meta":{"_acf_changed":false,"inline_featured_image":false},"horoskop":[],"kamen":[665],"kolekcija":[],"mesec":[],"product_brand":[],"product_cat":[288,25,31,351,183],"product_tag":[296,297,21,24,33],"class_list":{"0":"post-3283","1":"product","2":"type-product","3":"status-publish","4":"has-post-thumbnail","6":"kamen-caroit","7":"product_cat-kabosoni-polirani-kristali-in-minerali","8":"product_cat-prstani","9":"product_cat-prstani-iz-srebra","10":"product_cat-prstani-s-kabosoni","11":"product_cat-vsa-ponudba","12":"product_tag-caroit","13":"product_tag-charoite","14":"product_tag-kristal","15":"product_tag-prstan","16":"product_tag-srebro","17":"pa_horoskop-skorpijon","18":"pa_horoskop-strelec","19":"pa_kamen-caroit","20":"tm-has-options","22":"first","23":"instock","24":"taxable","25":"shipping-taxable","26":"purchasable","27":"product-type-variable"},"acf":[],"yoast_head":"<!-- This site is optimized with the Yoast SEO plugin v27.3 - https:\/\/yoast.com\/product\/yoast-seo-wordpress\/ -->\n<title>Seraphina - Prstan Charoite<\/title>\n<meta name=\"description\" content=\"Prstan izdelan iz 925 srebra, z naravnim kristalom \u010daroit. Seraphina - nakit iz naravnih kristalov in poldragih\/dragih kamnov.\" \/>\n<meta name=\"robots\" content=\"index, follow, max-snippet:-1, max-image-preview:large, max-video-preview:-1\" \/>\n<link rel=\"canonical\" href=\"https:\/\/www.seraphina.si\/hr\/str\/zenski-prstan-iz-srebra-chara-caroit\/\" \/>\n<meta property=\"og:locale\" content=\"hr_HR\" \/>\n<meta property=\"og:type\" content=\"article\" \/>\n<meta property=\"og:title\" content=\"Seraphina - Prstan Charoite\" \/>\n<meta property=\"og:description\" content=\"Prstan izdelan iz 925 srebra, z naravnim kristalom \u010daroit. Seraphina - nakit iz naravnih kristalov in poldragih\/dragih kamnov.\" \/>\n<meta property=\"og:url\" content=\"https:\/\/www.seraphina.si\/hr\/str\/zenski-prstan-iz-srebra-chara-caroit\/\" \/>\n<meta property=\"og:site_name\" content=\"Seraphina\" \/>\n<meta property=\"article:publisher\" content=\"https:\/\/www.facebook.com\/seraphina.si\/\" \/>\n<meta property=\"article:modified_time\" content=\"2026-03-16T09:32:23+00:00\" \/>\n<meta property=\"og:image\" content=\"https:\/\/www.seraphina.si\/wp-content\/uploads\/2023\/01\/Copy-of-Template-rings-1.jpg\" \/>\n\t<meta property=\"og:image:width\" content=\"1080\" \/>\n\t<meta property=\"og:image:height\" content=\"1080\" \/>\n\t<meta property=\"og:image:type\" content=\"image\/jpeg\" \/>\n<script type=\"application\/ld+json\" class=\"yoast-schema-graph\">{\"@context\":\"https:\\\/\\\/schema.org\",\"@graph\":[{\"@type\":[\"WebPage\",\"CollectionPage\"],\"@id\":\"https:\\\/\\\/www.seraphina.si\\\/p\\\/zenski-prstan-iz-srebra-chara-caroit\\\/\",\"url\":\"https:\\\/\\\/www.seraphina.si\\\/p\\\/zenski-prstan-iz-srebra-chara-caroit\\\/\",\"name\":\"Seraphina - Prstan Charoite\",\"isPartOf\":{\"@id\":\"https:\\\/\\\/www.seraphina.si\\\/#website\"},\"primaryImageOfPage\":{\"@id\":\"https:\\\/\\\/www.seraphina.si\\\/p\\\/zenski-prstan-iz-srebra-chara-caroit\\\/#primaryimage\"},\"image\":{\"@id\":\"https:\\\/\\\/www.seraphina.si\\\/p\\\/zenski-prstan-iz-srebra-chara-caroit\\\/#primaryimage\"},\"thumbnailUrl\":\"https:\\\/\\\/www.seraphina.si\\\/wp-content\\\/uploads\\\/2023\\\/01\\\/Copy-of-Template-rings-1.jpg\",\"datePublished\":\"2024-01-18T19:47:15+00:00\",\"dateModified\":\"2026-03-16T09:32:23+00:00\",\"description\":\"Prstan izdelan iz 925 srebra, z naravnim kristalom \u010daroit. Seraphina - nakit iz naravnih kristalov in poldragih\\\/dragih kamnov.\",\"breadcrumb\":{\"@id\":\"https:\\\/\\\/www.seraphina.si\\\/p\\\/zenski-prstan-iz-srebra-chara-caroit\\\/#breadcrumb\"},\"inLanguage\":\"hr\"},{\"@type\":\"ImageObject\",\"inLanguage\":\"hr\",\"@id\":\"https:\\\/\\\/www.seraphina.si\\\/p\\\/zenski-prstan-iz-srebra-chara-caroit\\\/#primaryimage\",\"url\":\"https:\\\/\\\/www.seraphina.si\\\/wp-content\\\/uploads\\\/2023\\\/01\\\/Copy-of-Template-rings-1.jpg\",\"contentUrl\":\"https:\\\/\\\/www.seraphina.si\\\/wp-content\\\/uploads\\\/2023\\\/01\\\/Copy-of-Template-rings-1.jpg\",\"width\":1080,\"height\":1080,\"caption\":\"\u017denski prstan iz srebra CHARA, \u010caroit\"},{\"@type\":\"BreadcrumbList\",\"@id\":\"https:\\\/\\\/www.seraphina.si\\\/p\\\/zenski-prstan-iz-srebra-chara-caroit\\\/#breadcrumb\",\"itemListElement\":[{\"@type\":\"ListItem\",\"position\":1,\"name\":\"Home\",\"item\":\"https:\\\/\\\/www.seraphina.si\\\/\"},{\"@type\":\"ListItem\",\"position\":2,\"name\":\"Trgovina\",\"item\":\"https:\\\/\\\/www.seraphina.si\\\/trgovina\\\/\"},{\"@type\":\"ListItem\",\"position\":3,\"name\":\"\u017denski prstan iz srebra CHARA, \u010caroit\"}]},{\"@type\":\"WebSite\",\"@id\":\"https:\\\/\\\/www.seraphina.si\\\/#website\",\"url\":\"https:\\\/\\\/www.seraphina.si\\\/\",\"name\":\"Unikatni nakit iz kristalov - Seraphina\",\"description\":\"Unikatni nakit kamen iz kristalov, srebrni prstani in veri\u017eice -\",\"publisher\":{\"@id\":\"https:\\\/\\\/www.seraphina.si\\\/#organization\"},\"alternateName\":\"Seraphina - Unikatni nakit iz kristalov\",\"potentialAction\":[{\"@type\":\"SearchAction\",\"target\":{\"@type\":\"EntryPoint\",\"urlTemplate\":\"https:\\\/\\\/www.seraphina.si\\\/?s={search_term_string}\"},\"query-input\":{\"@type\":\"PropertyValueSpecification\",\"valueRequired\":true,\"valueName\":\"search_term_string\"}}],\"inLanguage\":\"hr\"},{\"@type\":\"Organization\",\"@id\":\"https:\\\/\\\/www.seraphina.si\\\/#organization\",\"name\":\"Nakit Seraphina\",\"alternateName\":\"Seraphina spletna trgovina z nakitom, kristali in minerali\",\"url\":\"https:\\\/\\\/www.seraphina.si\\\/\",\"logo\":{\"@type\":\"ImageObject\",\"inLanguage\":\"hr\",\"@id\":\"https:\\\/\\\/www.seraphina.si\\\/#\\\/schema\\\/logo\\\/image\\\/\",\"url\":\"https:\\\/\\\/www.seraphina.si\\\/wp-content\\\/uploads\\\/2025\\\/03\\\/logo-seraphina-2025-1.svg\",\"contentUrl\":\"https:\\\/\\\/www.seraphina.si\\\/wp-content\\\/uploads\\\/2025\\\/03\\\/logo-seraphina-2025-1.svg\",\"width\":100,\"height\":100,\"caption\":\"Nakit Seraphina\"},\"image\":{\"@id\":\"https:\\\/\\\/www.seraphina.si\\\/#\\\/schema\\\/logo\\\/image\\\/\"},\"sameAs\":[\"https:\\\/\\\/www.facebook.com\\\/seraphina.si\\\/\",\"https:\\\/\\\/www.instagram.com\\\/seraphinas_gemstones\\\/\"]}]}<\/script>\n<!-- \/ Yoast SEO plugin. -->","yoast_head_json":{"title":"Seraphina - Prstan Charoite","description":"Prstan izdelan iz 925 srebra, z naravnim kristalom \u010daroit. Seraphina - nakit iz naravnih kristalov in poldragih\/dragih kamnov.","robots":{"index":"index","follow":"follow","max-snippet":"max-snippet:-1","max-image-preview":"max-image-preview:large","max-video-preview":"max-video-preview:-1"},"canonical":"https:\/\/www.seraphina.si\/hr\/str\/zenski-prstan-iz-srebra-chara-caroit\/","og_locale":"hr_HR","og_type":"article","og_title":"Seraphina - Prstan Charoite","og_description":"Prstan izdelan iz 925 srebra, z naravnim kristalom \u010daroit. Seraphina - nakit iz naravnih kristalov in poldragih\/dragih kamnov.","og_url":"https:\/\/www.seraphina.si\/hr\/str\/zenski-prstan-iz-srebra-chara-caroit\/","og_site_name":"Seraphina","article_publisher":"https:\/\/www.facebook.com\/seraphina.si\/","article_modified_time":"2026-03-16T09:32:23+00:00","og_image":[{"width":1080,"height":1080,"url":"https:\/\/www.seraphina.si\/wp-content\/uploads\/2023\/01\/Copy-of-Template-rings-1.jpg","type":"image\/jpeg"}],"schema":{"@context":"https:\/\/schema.org","@graph":[{"@type":["WebPage","CollectionPage"],"@id":"https:\/\/www.seraphina.si\/p\/zenski-prstan-iz-srebra-chara-caroit\/","url":"https:\/\/www.seraphina.si\/p\/zenski-prstan-iz-srebra-chara-caroit\/","name":"Seraphina - Prstan Charoite","isPartOf":{"@id":"https:\/\/www.seraphina.si\/#website"},"primaryImageOfPage":{"@id":"https:\/\/www.seraphina.si\/p\/zenski-prstan-iz-srebra-chara-caroit\/#primaryimage"},"image":{"@id":"https:\/\/www.seraphina.si\/p\/zenski-prstan-iz-srebra-chara-caroit\/#primaryimage"},"thumbnailUrl":"https:\/\/www.seraphina.si\/wp-content\/uploads\/2023\/01\/Copy-of-Template-rings-1.jpg","datePublished":"2024-01-18T19:47:15+00:00","dateModified":"2026-03-16T09:32:23+00:00","description":"Prstan izdelan iz 925 srebra, z naravnim kristalom \u010daroit. Seraphina - nakit iz naravnih kristalov in poldragih\/dragih kamnov.","breadcrumb":{"@id":"https:\/\/www.seraphina.si\/p\/zenski-prstan-iz-srebra-chara-caroit\/#breadcrumb"},"inLanguage":"hr"},{"@type":"ImageObject","inLanguage":"hr","@id":"https:\/\/www.seraphina.si\/p\/zenski-prstan-iz-srebra-chara-caroit\/#primaryimage","url":"https:\/\/www.seraphina.si\/wp-content\/uploads\/2023\/01\/Copy-of-Template-rings-1.jpg","contentUrl":"https:\/\/www.seraphina.si\/wp-content\/uploads\/2023\/01\/Copy-of-Template-rings-1.jpg","width":1080,"height":1080,"caption":"\u017denski prstan iz srebra CHARA, \u010caroit"},{"@type":"BreadcrumbList","@id":"https:\/\/www.seraphina.si\/p\/zenski-prstan-iz-srebra-chara-caroit\/#breadcrumb","itemListElement":[{"@type":"ListItem","position":1,"name":"Home","item":"https:\/\/www.seraphina.si\/"},{"@type":"ListItem","position":2,"name":"Trgovina","item":"https:\/\/www.seraphina.si\/trgovina\/"},{"@type":"ListItem","position":3,"name":"\u017denski prstan iz srebra CHARA, \u010caroit"}]},{"@type":"WebSite","@id":"https:\/\/www.seraphina.si\/#website","url":"https:\/\/www.seraphina.si\/","name":"Unikatni kristalni nakit - Serafina","description":"Unikatni nakit od kristala, srebrnog prstenja i lan\u010di\u0107a -","publisher":{"@id":"https:\/\/www.seraphina.si\/#organization"},"alternateName":"Seraphina - Unikatni nakit iz kristalov","potentialAction":[{"@type":"SearchAction","target":{"@type":"EntryPoint","urlTemplate":"https:\/\/www.seraphina.si\/?s={search_term_string}"},"query-input":{"@type":"PropertyValueSpecification","valueRequired":true,"valueName":"search_term_string"}}],"inLanguage":"hr"},{"@type":"Organization","@id":"https:\/\/www.seraphina.si\/#organization","name":"Seraphina nakit","alternateName":"Seraphina spletna trgovina z nakitom, kristali in minerali","url":"https:\/\/www.seraphina.si\/","logo":{"@type":"ImageObject","inLanguage":"hr","@id":"https:\/\/www.seraphina.si\/#\/schema\/logo\/image\/","url":"https:\/\/www.seraphina.si\/wp-content\/uploads\/2025\/03\/logo-seraphina-2025-1.svg","contentUrl":"https:\/\/www.seraphina.si\/wp-content\/uploads\/2025\/03\/logo-seraphina-2025-1.svg","width":100,"height":100,"caption":"Nakit Seraphina"},"image":{"@id":"https:\/\/www.seraphina.si\/#\/schema\/logo\/image\/"},"sameAs":["https:\/\/www.facebook.com\/seraphina.si\/","https:\/\/www.instagram.com\/seraphinas_gemstones\/"]}]}},"_links":{"self":[{"href":"https:\/\/www.seraphina.si\/hr\/wp-json\/wp\/v2\/product\/3283","targetHints":{"allow":["GET"]}}],"collection":[{"href":"https:\/\/www.seraphina.si\/hr\/wp-json\/wp\/v2\/product"}],"about":[{"href":"https:\/\/www.seraphina.si\/hr\/wp-json\/wp\/v2\/types\/product"}],"wp:featuredmedia":[{"embeddable":true,"href":"https:\/\/www.seraphina.si\/hr\/wp-json\/wp\/v2\/media\/13852"}],"wp:attachment":[{"href":"https:\/\/www.seraphina.si\/hr\/wp-json\/wp\/v2\/media?parent=3283"}],"wp:term":[{"taxonomy":"horoskop","embeddable":true,"href":"https:\/\/www.seraphina.si\/hr\/wp-json\/wp\/v2\/horoskop?post=3283"},{"taxonomy":"kamen","embeddable":true,"href":"https:\/\/www.seraphina.si\/hr\/wp-json\/wp\/v2\/kamen?post=3283"},{"taxonomy":"kolekcija","embeddable":true,"href":"https:\/\/www.seraphina.si\/hr\/wp-json\/wp\/v2\/kolekcija?post=3283"},{"taxonomy":"mesec","embeddable":true,"href":"https:\/\/www.seraphina.si\/hr\/wp-json\/wp\/v2\/mesec?post=3283"},{"taxonomy":"product_brand","embeddable":true,"href":"https:\/\/www.seraphina.si\/hr\/wp-json\/wp\/v2\/product_brand?post=3283"},{"taxonomy":"product_cat","embeddable":true,"href":"https:\/\/www.seraphina.si\/hr\/wp-json\/wp\/v2\/product_cat?post=3283"},{"taxonomy":"product_tag","embeddable":true,"href":"https:\/\/www.seraphina.si\/hr\/wp-json\/wp\/v2\/product_tag?post=3283"}],"curies":[{"name":"radni list","href":"https:\/\/api.w.org\/{rel}","templated":true}]}}