{"id":3248,"date":"2024-01-18T16:27:52","date_gmt":"2024-01-18T16:27:52","guid":{"rendered":"https:\/\/www.seraphina.si\/?post_type=product&#038;p=3248"},"modified":"2026-03-16T10:33:27","modified_gmt":"2026-03-16T09:33:27","slug":"zenski-srebrni-rania-privjesak-libijsko-zlato-tektit-i-moldavit","status":"publish","type":"product","link":"https:\/\/www.seraphina.si\/hr\/p\/zenski-obesek-iz-srebra-rania-libijski-zlati-tektit-in-moldavit\/","title":{"rendered":"\u017denski RANIA srebrni privjesak, libijski zlatni tektit i moldavit"},"content":{"rendered":"<p>Privjesak od srebra 925, sa prirodno bru\u0161enim libijskim zlatnim kristalom tektita (libijsko pustinjsko staklo) i manjim prirodno bru\u0161enim moldavitom.<\/p>\n<p>Dostupan u 2 verzije:<\/p>\n<ul>\n<li>srebro 925<\/li>\n<li>srebro 925 + presvlaka od rodija<\/li>\n<\/ul>\n<p>Veli\u010dina libijskog tektita je 10 x 8 mm, a veli\u010dina moldavita je 2,5 mm.<\/p>\n<p>Boja i prozirnost libijskog tektita varira od proizvoda do proizvoda, ponekad je neprozirniji s velikim brojem mjehuri\u0107a i uklju\u010daka, ali kod nekih proizvoda je gotovo potpuno proziran. Boja varira od vrlo svijetle do svijetlo \u017eute.<\/p>\n<p>Manja odstupanja u boji i broju mjehuri\u0107a nalaze se i kod moldavita.<\/p>","protected":false},"excerpt":{"rendered":"<p>Privjesak od srebra 925, s libijskim zlatnim tektitom i sitno bru\u0161enim moldavitom koji poti\u010du duhovni razvoj, odlu\u010dnost i kreativnost. Moldavit donosi transformaciju energijom svemira i zemlje, dok libijski tektit podi\u017ee samopouzdanje i poti\u010de iscjeljenje. Dostupan u tri verzije: srebrna, rodinirano srebro i pozla\u0107eno srebro.<\/p>\n<p>Kako vas mo\u017eemo uvjeriti u autenti\u010dnost moldavita i libijskog tektita? Vi\u0161e o tome <a href=\"https:\/\/www.seraphina.si\/hr\/autenticnost-minerala-i-stijena\/\"><strong>OVDJE<\/strong><\/a>.<\/p>","protected":false},"featured_media":4958,"template":"","meta":{"_acf_changed":false,"inline_featured_image":false},"horoskop":[],"kamen":[687,693],"kolekcija":[723],"mesec":[],"product_brand":[],"product_cat":[289,28,27,372,183],"product_tag":[21,292,291,241,57,33,239],"class_list":{"0":"post-3248","1":"product","2":"type-product","3":"status-publish","4":"has-post-thumbnail","6":"kamen-libijski-zlati-tektit","7":"kamen-moldavit","8":"kolekcija-starborn","9":"product_cat-bruseni-kristali-in-minerali","10":"product_cat-obeski","11":"product_cat-obeski-in-verizice","12":"product_cat-obeski-z-brusenimi-kamni","13":"product_cat-vsa-ponudba","14":"product_tag-kristal","15":"product_tag-libijski-tektit","16":"product_tag-libijsko-puscavsko-steklo","17":"product_tag-moldavit","18":"product_tag-obesek","19":"product_tag-srebro","20":"product_tag-tektit","21":"pa_horoskop-bik","22":"pa_horoskop-devica","23":"pa_horoskop-dvojcka","24":"pa_horoskop-kozorog","25":"pa_horoskop-lev","26":"pa_horoskop-oven","27":"pa_horoskop-rak","28":"pa_horoskop-ribi","29":"pa_horoskop-skorpijon","30":"pa_horoskop-strelec","31":"pa_horoskop-tehtnica","32":"pa_horoskop-vodnar","33":"pa_kamen-libijski-zlati-tektit","34":"pa_kamen-moldavit","35":"tm-has-options","37":"first","38":"instock","39":"taxable","40":"shipping-taxable","41":"purchasable","42":"product-type-variable"},"acf":[],"yoast_head":"<!-- This site is optimized with the Yoast SEO plugin v27.3 - https:\/\/yoast.com\/product\/yoast-seo-wordpress\/ -->\n<title>Seraphina - \u017denski obesek iz srebra RANIA, Libijski Zlati Tektit in Moldavit<\/title>\n<meta name=\"description\" content=\"Obesek izdelan iz 925 srebra, z naravnim bru\u0161enim kristalom libijski zlati tektit (libijsko pu\u0161\u010davsko steklo) in manj\u0161im naravnim bru\u0161enim moldavitom.\" \/>\n<meta name=\"robots\" content=\"index, follow, max-snippet:-1, max-image-preview:large, max-video-preview:-1\" \/>\n<link rel=\"canonical\" href=\"https:\/\/www.seraphina.si\/hr\/str\/zenski-srebrni-rania-privjesak-libijsko-zlato-tektit-i-moldavit\/\" \/>\n<meta property=\"og:locale\" content=\"hr_HR\" \/>\n<meta property=\"og:type\" content=\"article\" \/>\n<meta property=\"og:title\" content=\"Seraphina - \u017denski obesek iz srebra RANIA, Libijski Zlati Tektit in Moldavit\" \/>\n<meta property=\"og:description\" content=\"Obesek izdelan iz 925 srebra, z naravnim bru\u0161enim kristalom libijski zlati tektit (libijsko pu\u0161\u010davsko steklo) in manj\u0161im naravnim bru\u0161enim moldavitom.\" \/>\n<meta property=\"og:url\" content=\"https:\/\/www.seraphina.si\/hr\/str\/zenski-srebrni-rania-privjesak-libijsko-zlato-tektit-i-moldavit\/\" \/>\n<meta property=\"og:site_name\" content=\"Seraphina\" \/>\n<meta property=\"article:publisher\" content=\"https:\/\/www.facebook.com\/seraphina.si\/\" \/>\n<meta property=\"article:modified_time\" content=\"2026-03-16T09:33:27+00:00\" \/>\n<meta property=\"og:image\" content=\"https:\/\/www.seraphina.si\/wp-content\/uploads\/2023\/01\/3-4.jpg\" \/>\n\t<meta property=\"og:image:width\" content=\"945\" \/>\n\t<meta property=\"og:image:height\" content=\"945\" \/>\n\t<meta property=\"og:image:type\" content=\"image\/jpeg\" \/>\n<script type=\"application\/ld+json\" class=\"yoast-schema-graph\">{\"@context\":\"https:\\\/\\\/schema.org\",\"@graph\":[{\"@type\":[\"WebPage\",\"CollectionPage\"],\"@id\":\"https:\\\/\\\/www.seraphina.si\\\/p\\\/zenski-obesek-iz-srebra-rania-libijski-zlati-tektit-in-moldavit\\\/\",\"url\":\"https:\\\/\\\/www.seraphina.si\\\/p\\\/zenski-obesek-iz-srebra-rania-libijski-zlati-tektit-in-moldavit\\\/\",\"name\":\"Seraphina - \u017denski obesek iz srebra RANIA, Libijski Zlati Tektit in Moldavit\",\"isPartOf\":{\"@id\":\"https:\\\/\\\/www.seraphina.si\\\/#website\"},\"primaryImageOfPage\":{\"@id\":\"https:\\\/\\\/www.seraphina.si\\\/p\\\/zenski-obesek-iz-srebra-rania-libijski-zlati-tektit-in-moldavit\\\/#primaryimage\"},\"image\":{\"@id\":\"https:\\\/\\\/www.seraphina.si\\\/p\\\/zenski-obesek-iz-srebra-rania-libijski-zlati-tektit-in-moldavit\\\/#primaryimage\"},\"thumbnailUrl\":\"https:\\\/\\\/www.seraphina.si\\\/wp-content\\\/uploads\\\/2023\\\/01\\\/3-4.jpg\",\"datePublished\":\"2024-01-18T16:27:52+00:00\",\"dateModified\":\"2026-03-16T09:33:27+00:00\",\"description\":\"Obesek izdelan iz 925 srebra, z naravnim bru\u0161enim kristalom libijski zlati tektit (libijsko pu\u0161\u010davsko steklo) in manj\u0161im naravnim bru\u0161enim moldavitom.\",\"breadcrumb\":{\"@id\":\"https:\\\/\\\/www.seraphina.si\\\/p\\\/zenski-obesek-iz-srebra-rania-libijski-zlati-tektit-in-moldavit\\\/#breadcrumb\"},\"inLanguage\":\"hr\"},{\"@type\":\"ImageObject\",\"inLanguage\":\"hr\",\"@id\":\"https:\\\/\\\/www.seraphina.si\\\/p\\\/zenski-obesek-iz-srebra-rania-libijski-zlati-tektit-in-moldavit\\\/#primaryimage\",\"url\":\"https:\\\/\\\/www.seraphina.si\\\/wp-content\\\/uploads\\\/2023\\\/01\\\/3-4.jpg\",\"contentUrl\":\"https:\\\/\\\/www.seraphina.si\\\/wp-content\\\/uploads\\\/2023\\\/01\\\/3-4.jpg\",\"width\":945,\"height\":945,\"caption\":\"\u017denski obesek iz srebra RANIA, Libijski Zlati Tektit in Moldavit\"},{\"@type\":\"BreadcrumbList\",\"@id\":\"https:\\\/\\\/www.seraphina.si\\\/p\\\/zenski-obesek-iz-srebra-rania-libijski-zlati-tektit-in-moldavit\\\/#breadcrumb\",\"itemListElement\":[{\"@type\":\"ListItem\",\"position\":1,\"name\":\"Home\",\"item\":\"https:\\\/\\\/www.seraphina.si\\\/\"},{\"@type\":\"ListItem\",\"position\":2,\"name\":\"Trgovina\",\"item\":\"https:\\\/\\\/www.seraphina.si\\\/trgovina\\\/\"},{\"@type\":\"ListItem\",\"position\":3,\"name\":\"\u017denski obesek iz srebra RANIA, Libijski Zlati Tektit in Moldavit\"}]},{\"@type\":\"WebSite\",\"@id\":\"https:\\\/\\\/www.seraphina.si\\\/#website\",\"url\":\"https:\\\/\\\/www.seraphina.si\\\/\",\"name\":\"Unikatni nakit iz kristalov - Seraphina\",\"description\":\"Unikatni nakit kamen iz kristalov, srebrni prstani in veri\u017eice -\",\"publisher\":{\"@id\":\"https:\\\/\\\/www.seraphina.si\\\/#organization\"},\"alternateName\":\"Seraphina - Unikatni nakit iz kristalov\",\"potentialAction\":[{\"@type\":\"SearchAction\",\"target\":{\"@type\":\"EntryPoint\",\"urlTemplate\":\"https:\\\/\\\/www.seraphina.si\\\/?s={search_term_string}\"},\"query-input\":{\"@type\":\"PropertyValueSpecification\",\"valueRequired\":true,\"valueName\":\"search_term_string\"}}],\"inLanguage\":\"hr\"},{\"@type\":\"Organization\",\"@id\":\"https:\\\/\\\/www.seraphina.si\\\/#organization\",\"name\":\"Nakit Seraphina\",\"alternateName\":\"Seraphina spletna trgovina z nakitom, kristali in minerali\",\"url\":\"https:\\\/\\\/www.seraphina.si\\\/\",\"logo\":{\"@type\":\"ImageObject\",\"inLanguage\":\"hr\",\"@id\":\"https:\\\/\\\/www.seraphina.si\\\/#\\\/schema\\\/logo\\\/image\\\/\",\"url\":\"https:\\\/\\\/www.seraphina.si\\\/wp-content\\\/uploads\\\/2025\\\/03\\\/logo-seraphina-2025-1.svg\",\"contentUrl\":\"https:\\\/\\\/www.seraphina.si\\\/wp-content\\\/uploads\\\/2025\\\/03\\\/logo-seraphina-2025-1.svg\",\"width\":100,\"height\":100,\"caption\":\"Nakit Seraphina\"},\"image\":{\"@id\":\"https:\\\/\\\/www.seraphina.si\\\/#\\\/schema\\\/logo\\\/image\\\/\"},\"sameAs\":[\"https:\\\/\\\/www.facebook.com\\\/seraphina.si\\\/\",\"https:\\\/\\\/www.instagram.com\\\/seraphinas_gemstones\\\/\"]}]}<\/script>\n<!-- \/ Yoast SEO plugin. -->","yoast_head_json":{"title":"Seraphina - \u017denski privjesak od RANIA srebra, tektita libijskog zlata i moldavita","description":"Privjesak od srebra 925, sa prirodno bru\u0161enim libijskim zlatnim kristalom tektita (libijsko pustinjsko staklo) i manjim prirodno bru\u0161enim moldavitom.","robots":{"index":"index","follow":"follow","max-snippet":"max-snippet:-1","max-image-preview":"max-image-preview:large","max-video-preview":"max-video-preview:-1"},"canonical":"https:\/\/www.seraphina.si\/hr\/str\/zenski-srebrni-rania-privjesak-libijsko-zlato-tektit-i-moldavit\/","og_locale":"hr_HR","og_type":"article","og_title":"Seraphina - \u017denski obesek iz srebra RANIA, Libijski Zlati Tektit in Moldavit","og_description":"Obesek izdelan iz 925 srebra, z naravnim bru\u0161enim kristalom libijski zlati tektit (libijsko pu\u0161\u010davsko steklo) in manj\u0161im naravnim bru\u0161enim moldavitom.","og_url":"https:\/\/www.seraphina.si\/hr\/str\/zenski-srebrni-rania-privjesak-libijsko-zlato-tektit-i-moldavit\/","og_site_name":"Seraphina","article_publisher":"https:\/\/www.facebook.com\/seraphina.si\/","article_modified_time":"2026-03-16T09:33:27+00:00","og_image":[{"width":945,"height":945,"url":"https:\/\/www.seraphina.si\/wp-content\/uploads\/2023\/01\/3-4.jpg","type":"image\/jpeg"}],"schema":{"@context":"https:\/\/schema.org","@graph":[{"@type":["WebPage","CollectionPage"],"@id":"https:\/\/www.seraphina.si\/p\/zenski-obesek-iz-srebra-rania-libijski-zlati-tektit-in-moldavit\/","url":"https:\/\/www.seraphina.si\/p\/zenski-obesek-iz-srebra-rania-libijski-zlati-tektit-in-moldavit\/","name":"Seraphina - \u017denski privjesak od RANIA srebra, tektita libijskog zlata i moldavita","isPartOf":{"@id":"https:\/\/www.seraphina.si\/#website"},"primaryImageOfPage":{"@id":"https:\/\/www.seraphina.si\/p\/zenski-obesek-iz-srebra-rania-libijski-zlati-tektit-in-moldavit\/#primaryimage"},"image":{"@id":"https:\/\/www.seraphina.si\/p\/zenski-obesek-iz-srebra-rania-libijski-zlati-tektit-in-moldavit\/#primaryimage"},"thumbnailUrl":"https:\/\/www.seraphina.si\/wp-content\/uploads\/2023\/01\/3-4.jpg","datePublished":"2024-01-18T16:27:52+00:00","dateModified":"2026-03-16T09:33:27+00:00","description":"Privjesak od srebra 925, sa prirodno bru\u0161enim libijskim zlatnim kristalom tektita (libijsko pustinjsko staklo) i manjim prirodno bru\u0161enim moldavitom.","breadcrumb":{"@id":"https:\/\/www.seraphina.si\/p\/zenski-obesek-iz-srebra-rania-libijski-zlati-tektit-in-moldavit\/#breadcrumb"},"inLanguage":"hr"},{"@type":"ImageObject","inLanguage":"hr","@id":"https:\/\/www.seraphina.si\/p\/zenski-obesek-iz-srebra-rania-libijski-zlati-tektit-in-moldavit\/#primaryimage","url":"https:\/\/www.seraphina.si\/wp-content\/uploads\/2023\/01\/3-4.jpg","contentUrl":"https:\/\/www.seraphina.si\/wp-content\/uploads\/2023\/01\/3-4.jpg","width":945,"height":945,"caption":"\u017denski obesek iz srebra RANIA, Libijski Zlati Tektit in Moldavit"},{"@type":"BreadcrumbList","@id":"https:\/\/www.seraphina.si\/p\/zenski-obesek-iz-srebra-rania-libijski-zlati-tektit-in-moldavit\/#breadcrumb","itemListElement":[{"@type":"ListItem","position":1,"name":"Home","item":"https:\/\/www.seraphina.si\/"},{"@type":"ListItem","position":2,"name":"Trgovina","item":"https:\/\/www.seraphina.si\/trgovina\/"},{"@type":"ListItem","position":3,"name":"\u017denski obesek iz srebra RANIA, Libijski Zlati Tektit in Moldavit"}]},{"@type":"WebSite","@id":"https:\/\/www.seraphina.si\/#website","url":"https:\/\/www.seraphina.si\/","name":"Unikatni kristalni nakit - Serafina","description":"Unikatni nakit od kristala, srebrnog prstenja i lan\u010di\u0107a -","publisher":{"@id":"https:\/\/www.seraphina.si\/#organization"},"alternateName":"Seraphina - Unikatni nakit iz kristalov","potentialAction":[{"@type":"SearchAction","target":{"@type":"EntryPoint","urlTemplate":"https:\/\/www.seraphina.si\/?s={search_term_string}"},"query-input":{"@type":"PropertyValueSpecification","valueRequired":true,"valueName":"search_term_string"}}],"inLanguage":"hr"},{"@type":"Organization","@id":"https:\/\/www.seraphina.si\/#organization","name":"Seraphina nakit","alternateName":"Seraphina spletna trgovina z nakitom, kristali in minerali","url":"https:\/\/www.seraphina.si\/","logo":{"@type":"ImageObject","inLanguage":"hr","@id":"https:\/\/www.seraphina.si\/#\/schema\/logo\/image\/","url":"https:\/\/www.seraphina.si\/wp-content\/uploads\/2025\/03\/logo-seraphina-2025-1.svg","contentUrl":"https:\/\/www.seraphina.si\/wp-content\/uploads\/2025\/03\/logo-seraphina-2025-1.svg","width":100,"height":100,"caption":"Nakit Seraphina"},"image":{"@id":"https:\/\/www.seraphina.si\/#\/schema\/logo\/image\/"},"sameAs":["https:\/\/www.facebook.com\/seraphina.si\/","https:\/\/www.instagram.com\/seraphinas_gemstones\/"]}]}},"_links":{"self":[{"href":"https:\/\/www.seraphina.si\/hr\/wp-json\/wp\/v2\/product\/3248","targetHints":{"allow":["GET"]}}],"collection":[{"href":"https:\/\/www.seraphina.si\/hr\/wp-json\/wp\/v2\/product"}],"about":[{"href":"https:\/\/www.seraphina.si\/hr\/wp-json\/wp\/v2\/types\/product"}],"wp:featuredmedia":[{"embeddable":true,"href":"https:\/\/www.seraphina.si\/hr\/wp-json\/wp\/v2\/media\/4958"}],"wp:attachment":[{"href":"https:\/\/www.seraphina.si\/hr\/wp-json\/wp\/v2\/media?parent=3248"}],"wp:term":[{"taxonomy":"horoskop","embeddable":true,"href":"https:\/\/www.seraphina.si\/hr\/wp-json\/wp\/v2\/horoskop?post=3248"},{"taxonomy":"kamen","embeddable":true,"href":"https:\/\/www.seraphina.si\/hr\/wp-json\/wp\/v2\/kamen?post=3248"},{"taxonomy":"kolekcija","embeddable":true,"href":"https:\/\/www.seraphina.si\/hr\/wp-json\/wp\/v2\/kolekcija?post=3248"},{"taxonomy":"mesec","embeddable":true,"href":"https:\/\/www.seraphina.si\/hr\/wp-json\/wp\/v2\/mesec?post=3248"},{"taxonomy":"product_brand","embeddable":true,"href":"https:\/\/www.seraphina.si\/hr\/wp-json\/wp\/v2\/product_brand?post=3248"},{"taxonomy":"product_cat","embeddable":true,"href":"https:\/\/www.seraphina.si\/hr\/wp-json\/wp\/v2\/product_cat?post=3248"},{"taxonomy":"product_tag","embeddable":true,"href":"https:\/\/www.seraphina.si\/hr\/wp-json\/wp\/v2\/product_tag?post=3248"}],"curies":[{"name":"radni list","href":"https:\/\/api.w.org\/{rel}","templated":true}]}}