{"id":20162,"date":"2025-04-13T21:43:48","date_gmt":"2025-04-13T19:43:48","guid":{"rendered":"https:\/\/www.seraphina.si\/?post_type=product&#038;p=20162"},"modified":"2026-03-12T19:17:31","modified_gmt":"2026-03-12T18:17:31","slug":"komplet-zenskih-prstanov-iz-srebra-oasis-ren-crni-turmalin","status":"publish","type":"product","link":"https:\/\/www.seraphina.si\/hr\/p\/komplet-zenskih-prstanov-iz-srebra-oasis-ren-crni-turmalin\/","title":{"rendered":"\u017denski srebrni prsten OASIS &amp; REN, crni turmalin"},"content":{"rendered":"<p>Komplet dveh prstanov izdelanih iz 925 srebra z naravnim poliranim \u010drnim turmalinom.<\/p>\n<p>Dostupan u 3 verzije:<\/p>\n<ul>\n<li>srebro 925<\/li>\n<li>srebro 925 + presvlaka od rodija<\/li>\n<li>srebro 925 + pozlata \u010disto\u0107e 750\/1000 (18 karata), debljina pozlate je 2,5 mikrona.<\/li>\n<\/ul>\n<p>Mere turmalina so 13 mm x 10 mm.<\/p>\n<p>Slike prikazujejo tako posamezen prstan kot tudi mo\u017ene kombinacije z ostalimi modeli.<\/p>","protected":false},"excerpt":{"rendered":"<p>Komplet dveh srebrnih prstanov z naravnim poliranim \u010drnim turmalinom. \u010crni turmalin ima mo\u010dno sposobnost za\u0161\u010dite pred negativno energijo, stresom in \u010dustvenim izsiljevanjem, pomaga nam pri duhovni rasti, izbolj\u0161uje intuicijo in \u010dustveno stabilnost.<\/p>","protected":false},"featured_media":20175,"template":"","meta":{"_acf_changed":false,"inline_featured_image":false},"horoskop":[],"kamen":[740,714],"kolekcija":[721],"mesec":[],"product_brand":[],"product_cat":[289,288,25,351,349,183],"product_tag":[232,651,231,24,650,33],"class_list":{"0":"post-20162","1":"product","2":"type-product","3":"status-publish","4":"has-post-thumbnail","6":"kamen-crni-turmalin","7":"kamen-turmalin","8":"kolekcija-basic","9":"product_cat-bruseni-kristali-in-minerali","10":"product_cat-kabosoni-polirani-kristali-in-minerali","11":"product_cat-prstani","12":"product_cat-prstani-s-kabosoni","13":"product_cat-prstani-z-brusenimi-kamni","14":"product_cat-vsa-ponudba","15":"product_tag-crni","16":"product_tag-komplet","17":"product_tag-oniks","18":"product_tag-prstan","19":"product_tag-set","20":"product_tag-srebro","21":"pa_horoskop-kozorog","22":"pa_horoskop-skorpijon","23":"pa_horoskop-tehtnica","24":"pa_kamen-turmalin","25":"tm-has-options","27":"first","28":"onbackorder","29":"sale","30":"taxable","31":"shipping-taxable","32":"purchasable","33":"product-type-variable","34":"has-default-attributes"},"acf":[],"yoast_head":"<!-- This site is optimized with the Yoast SEO plugin v27.3 - https:\/\/yoast.com\/product\/yoast-seo-wordpress\/ -->\n<title>Komplet \u017eenskih prstanov iz srebra OASIS &amp; REN, \u010crni Turmalin<\/title>\n<meta name=\"description\" content=\"Komplet dveh srebrnih prstanov z naravnim poliranim \u010drnim turmalinom. \u010crni turmalin ima mo\u010dno sposobnost za\u0161\u010dite pred negativno energijo in stresom.\" \/>\n<meta name=\"robots\" content=\"index, follow, max-snippet:-1, max-image-preview:large, max-video-preview:-1\" \/>\n<link rel=\"canonical\" href=\"https:\/\/www.seraphina.si\/hr\/str\/komplet-zenskih-prstanov-iz-srebra-oasis-ren-crni-turmalin\/\" \/>\n<meta property=\"og:locale\" content=\"hr_HR\" \/>\n<meta property=\"og:type\" content=\"article\" \/>\n<meta property=\"og:title\" content=\"Komplet \u017eenskih prstanov iz srebra OASIS &amp; REN, \u010crni Turmalin\" \/>\n<meta property=\"og:description\" content=\"Komplet dveh srebrnih prstanov z naravnim poliranim \u010drnim turmalinom. \u010crni turmalin ima mo\u010dno sposobnost za\u0161\u010dite pred negativno energijo in stresom.\" \/>\n<meta property=\"og:url\" content=\"https:\/\/www.seraphina.si\/hr\/str\/komplet-zenskih-prstanov-iz-srebra-oasis-ren-crni-turmalin\/\" \/>\n<meta property=\"og:site_name\" content=\"Seraphina\" \/>\n<meta property=\"article:publisher\" content=\"https:\/\/www.facebook.com\/seraphina.si\/\" \/>\n<meta property=\"article:modified_time\" content=\"2026-03-12T18:17:31+00:00\" \/>\n<meta property=\"og:image\" content=\"https:\/\/www.seraphina.si\/wp-content\/uploads\/2025\/04\/2-2.jpg\" \/>\n\t<meta property=\"og:image:width\" content=\"1080\" \/>\n\t<meta property=\"og:image:height\" content=\"1080\" \/>\n\t<meta property=\"og:image:type\" content=\"image\/jpeg\" \/>\n<script type=\"application\/ld+json\" class=\"yoast-schema-graph\">{\"@context\":\"https:\\\/\\\/schema.org\",\"@graph\":[{\"@type\":[\"WebPage\",\"CollectionPage\"],\"@id\":\"https:\\\/\\\/www.seraphina.si\\\/p\\\/komplet-zenskih-prstanov-iz-srebra-oasis-ren-crni-turmalin\\\/\",\"url\":\"https:\\\/\\\/www.seraphina.si\\\/p\\\/komplet-zenskih-prstanov-iz-srebra-oasis-ren-crni-turmalin\\\/\",\"name\":\"Komplet \u017eenskih prstanov iz srebra OASIS & REN, \u010crni Turmalin\",\"isPartOf\":{\"@id\":\"https:\\\/\\\/www.seraphina.si\\\/#website\"},\"primaryImageOfPage\":{\"@id\":\"https:\\\/\\\/www.seraphina.si\\\/p\\\/komplet-zenskih-prstanov-iz-srebra-oasis-ren-crni-turmalin\\\/#primaryimage\"},\"image\":{\"@id\":\"https:\\\/\\\/www.seraphina.si\\\/p\\\/komplet-zenskih-prstanov-iz-srebra-oasis-ren-crni-turmalin\\\/#primaryimage\"},\"thumbnailUrl\":\"https:\\\/\\\/www.seraphina.si\\\/wp-content\\\/uploads\\\/2025\\\/04\\\/2-2.jpg\",\"datePublished\":\"2025-04-13T19:43:48+00:00\",\"dateModified\":\"2026-03-12T18:17:31+00:00\",\"description\":\"Komplet dveh srebrnih prstanov z naravnim poliranim \u010drnim turmalinom. \u010crni turmalin ima mo\u010dno sposobnost za\u0161\u010dite pred negativno energijo in stresom.\",\"breadcrumb\":{\"@id\":\"https:\\\/\\\/www.seraphina.si\\\/p\\\/komplet-zenskih-prstanov-iz-srebra-oasis-ren-crni-turmalin\\\/#breadcrumb\"},\"inLanguage\":\"hr\"},{\"@type\":\"ImageObject\",\"inLanguage\":\"hr\",\"@id\":\"https:\\\/\\\/www.seraphina.si\\\/p\\\/komplet-zenskih-prstanov-iz-srebra-oasis-ren-crni-turmalin\\\/#primaryimage\",\"url\":\"https:\\\/\\\/www.seraphina.si\\\/wp-content\\\/uploads\\\/2025\\\/04\\\/2-2.jpg\",\"contentUrl\":\"https:\\\/\\\/www.seraphina.si\\\/wp-content\\\/uploads\\\/2025\\\/04\\\/2-2.jpg\",\"width\":1080,\"height\":1080,\"caption\":\"Komplet \u017eenskih prstanov iz srebra OASIS & REN, \u010crni Oniks\"},{\"@type\":\"BreadcrumbList\",\"@id\":\"https:\\\/\\\/www.seraphina.si\\\/p\\\/komplet-zenskih-prstanov-iz-srebra-oasis-ren-crni-turmalin\\\/#breadcrumb\",\"itemListElement\":[{\"@type\":\"ListItem\",\"position\":1,\"name\":\"Home\",\"item\":\"https:\\\/\\\/www.seraphina.si\\\/\"},{\"@type\":\"ListItem\",\"position\":2,\"name\":\"Trgovina\",\"item\":\"https:\\\/\\\/www.seraphina.si\\\/trgovina\\\/\"},{\"@type\":\"ListItem\",\"position\":3,\"name\":\"Komplet \u017eenskih prstanov iz srebra OASIS &#038; REN, \u010crni Turmalin\"}]},{\"@type\":\"WebSite\",\"@id\":\"https:\\\/\\\/www.seraphina.si\\\/#website\",\"url\":\"https:\\\/\\\/www.seraphina.si\\\/\",\"name\":\"Unikatni nakit iz kristalov - Seraphina\",\"description\":\"Unikatni nakit kamen iz kristalov, srebrni prstani in veri\u017eice -\",\"publisher\":{\"@id\":\"https:\\\/\\\/www.seraphina.si\\\/#organization\"},\"alternateName\":\"Seraphina - Unikatni nakit iz kristalov\",\"potentialAction\":[{\"@type\":\"SearchAction\",\"target\":{\"@type\":\"EntryPoint\",\"urlTemplate\":\"https:\\\/\\\/www.seraphina.si\\\/?s={search_term_string}\"},\"query-input\":{\"@type\":\"PropertyValueSpecification\",\"valueRequired\":true,\"valueName\":\"search_term_string\"}}],\"inLanguage\":\"hr\"},{\"@type\":\"Organization\",\"@id\":\"https:\\\/\\\/www.seraphina.si\\\/#organization\",\"name\":\"Nakit Seraphina\",\"alternateName\":\"Seraphina spletna trgovina z nakitom, kristali in minerali\",\"url\":\"https:\\\/\\\/www.seraphina.si\\\/\",\"logo\":{\"@type\":\"ImageObject\",\"inLanguage\":\"hr\",\"@id\":\"https:\\\/\\\/www.seraphina.si\\\/#\\\/schema\\\/logo\\\/image\\\/\",\"url\":\"https:\\\/\\\/www.seraphina.si\\\/wp-content\\\/uploads\\\/2025\\\/03\\\/logo-seraphina-2025-1.svg\",\"contentUrl\":\"https:\\\/\\\/www.seraphina.si\\\/wp-content\\\/uploads\\\/2025\\\/03\\\/logo-seraphina-2025-1.svg\",\"width\":100,\"height\":100,\"caption\":\"Nakit Seraphina\"},\"image\":{\"@id\":\"https:\\\/\\\/www.seraphina.si\\\/#\\\/schema\\\/logo\\\/image\\\/\"},\"sameAs\":[\"https:\\\/\\\/www.facebook.com\\\/seraphina.si\\\/\",\"https:\\\/\\\/www.instagram.com\\\/seraphinas_gemstones\\\/\"]}]}<\/script>\n<!-- \/ Yoast SEO plugin. -->","yoast_head_json":{"title":"\u017denski srebrni prsten OASIS &amp; REN, crni turmalin","description":"Komplet dveh srebrnih prstanov z naravnim poliranim \u010drnim turmalinom. \u010crni turmalin ima mo\u010dno sposobnost za\u0161\u010dite pred negativno energijo in stresom.","robots":{"index":"index","follow":"follow","max-snippet":"max-snippet:-1","max-image-preview":"max-image-preview:large","max-video-preview":"max-video-preview:-1"},"canonical":"https:\/\/www.seraphina.si\/hr\/str\/komplet-zenskih-prstanov-iz-srebra-oasis-ren-crni-turmalin\/","og_locale":"hr_HR","og_type":"article","og_title":"Komplet \u017eenskih prstanov iz srebra OASIS & REN, \u010crni Turmalin","og_description":"Komplet dveh srebrnih prstanov z naravnim poliranim \u010drnim turmalinom. \u010crni turmalin ima mo\u010dno sposobnost za\u0161\u010dite pred negativno energijo in stresom.","og_url":"https:\/\/www.seraphina.si\/hr\/str\/komplet-zenskih-prstanov-iz-srebra-oasis-ren-crni-turmalin\/","og_site_name":"Seraphina","article_publisher":"https:\/\/www.facebook.com\/seraphina.si\/","article_modified_time":"2026-03-12T18:17:31+00:00","og_image":[{"width":1080,"height":1080,"url":"https:\/\/www.seraphina.si\/wp-content\/uploads\/2025\/04\/2-2.jpg","type":"image\/jpeg"}],"schema":{"@context":"https:\/\/schema.org","@graph":[{"@type":["WebPage","CollectionPage"],"@id":"https:\/\/www.seraphina.si\/p\/komplet-zenskih-prstanov-iz-srebra-oasis-ren-crni-turmalin\/","url":"https:\/\/www.seraphina.si\/p\/komplet-zenskih-prstanov-iz-srebra-oasis-ren-crni-turmalin\/","name":"\u017denski srebrni prsten OASIS &amp; REN, crni turmalin","isPartOf":{"@id":"https:\/\/www.seraphina.si\/#website"},"primaryImageOfPage":{"@id":"https:\/\/www.seraphina.si\/p\/komplet-zenskih-prstanov-iz-srebra-oasis-ren-crni-turmalin\/#primaryimage"},"image":{"@id":"https:\/\/www.seraphina.si\/p\/komplet-zenskih-prstanov-iz-srebra-oasis-ren-crni-turmalin\/#primaryimage"},"thumbnailUrl":"https:\/\/www.seraphina.si\/wp-content\/uploads\/2025\/04\/2-2.jpg","datePublished":"2025-04-13T19:43:48+00:00","dateModified":"2026-03-12T18:17:31+00:00","description":"Komplet dveh srebrnih prstanov z naravnim poliranim \u010drnim turmalinom. \u010crni turmalin ima mo\u010dno sposobnost za\u0161\u010dite pred negativno energijo in stresom.","breadcrumb":{"@id":"https:\/\/www.seraphina.si\/p\/komplet-zenskih-prstanov-iz-srebra-oasis-ren-crni-turmalin\/#breadcrumb"},"inLanguage":"hr"},{"@type":"ImageObject","inLanguage":"hr","@id":"https:\/\/www.seraphina.si\/p\/komplet-zenskih-prstanov-iz-srebra-oasis-ren-crni-turmalin\/#primaryimage","url":"https:\/\/www.seraphina.si\/wp-content\/uploads\/2025\/04\/2-2.jpg","contentUrl":"https:\/\/www.seraphina.si\/wp-content\/uploads\/2025\/04\/2-2.jpg","width":1080,"height":1080,"caption":"Komplet \u017eenskih prstanov iz srebra OASIS & REN, \u010crni Oniks"},{"@type":"BreadcrumbList","@id":"https:\/\/www.seraphina.si\/p\/komplet-zenskih-prstanov-iz-srebra-oasis-ren-crni-turmalin\/#breadcrumb","itemListElement":[{"@type":"ListItem","position":1,"name":"Home","item":"https:\/\/www.seraphina.si\/"},{"@type":"ListItem","position":2,"name":"Trgovina","item":"https:\/\/www.seraphina.si\/trgovina\/"},{"@type":"ListItem","position":3,"name":"Komplet \u017eenskih prstanov iz srebra OASIS &#038; REN, \u010crni Turmalin"}]},{"@type":"WebSite","@id":"https:\/\/www.seraphina.si\/#website","url":"https:\/\/www.seraphina.si\/","name":"Unikatni kristalni nakit - Serafina","description":"Unikatni nakit od kristala, srebrnog prstenja i lan\u010di\u0107a -","publisher":{"@id":"https:\/\/www.seraphina.si\/#organization"},"alternateName":"Seraphina - Unikatni nakit iz kristalov","potentialAction":[{"@type":"SearchAction","target":{"@type":"EntryPoint","urlTemplate":"https:\/\/www.seraphina.si\/?s={search_term_string}"},"query-input":{"@type":"PropertyValueSpecification","valueRequired":true,"valueName":"search_term_string"}}],"inLanguage":"hr"},{"@type":"Organization","@id":"https:\/\/www.seraphina.si\/#organization","name":"Seraphina nakit","alternateName":"Seraphina spletna trgovina z nakitom, kristali in minerali","url":"https:\/\/www.seraphina.si\/","logo":{"@type":"ImageObject","inLanguage":"hr","@id":"https:\/\/www.seraphina.si\/#\/schema\/logo\/image\/","url":"https:\/\/www.seraphina.si\/wp-content\/uploads\/2025\/03\/logo-seraphina-2025-1.svg","contentUrl":"https:\/\/www.seraphina.si\/wp-content\/uploads\/2025\/03\/logo-seraphina-2025-1.svg","width":100,"height":100,"caption":"Nakit Seraphina"},"image":{"@id":"https:\/\/www.seraphina.si\/#\/schema\/logo\/image\/"},"sameAs":["https:\/\/www.facebook.com\/seraphina.si\/","https:\/\/www.instagram.com\/seraphinas_gemstones\/"]}]}},"_links":{"self":[{"href":"https:\/\/www.seraphina.si\/hr\/wp-json\/wp\/v2\/product\/20162","targetHints":{"allow":["GET"]}}],"collection":[{"href":"https:\/\/www.seraphina.si\/hr\/wp-json\/wp\/v2\/product"}],"about":[{"href":"https:\/\/www.seraphina.si\/hr\/wp-json\/wp\/v2\/types\/product"}],"wp:featuredmedia":[{"embeddable":true,"href":"https:\/\/www.seraphina.si\/hr\/wp-json\/wp\/v2\/media\/20175"}],"wp:attachment":[{"href":"https:\/\/www.seraphina.si\/hr\/wp-json\/wp\/v2\/media?parent=20162"}],"wp:term":[{"taxonomy":"horoskop","embeddable":true,"href":"https:\/\/www.seraphina.si\/hr\/wp-json\/wp\/v2\/horoskop?post=20162"},{"taxonomy":"kamen","embeddable":true,"href":"https:\/\/www.seraphina.si\/hr\/wp-json\/wp\/v2\/kamen?post=20162"},{"taxonomy":"kolekcija","embeddable":true,"href":"https:\/\/www.seraphina.si\/hr\/wp-json\/wp\/v2\/kolekcija?post=20162"},{"taxonomy":"mesec","embeddable":true,"href":"https:\/\/www.seraphina.si\/hr\/wp-json\/wp\/v2\/mesec?post=20162"},{"taxonomy":"product_brand","embeddable":true,"href":"https:\/\/www.seraphina.si\/hr\/wp-json\/wp\/v2\/product_brand?post=20162"},{"taxonomy":"product_cat","embeddable":true,"href":"https:\/\/www.seraphina.si\/hr\/wp-json\/wp\/v2\/product_cat?post=20162"},{"taxonomy":"product_tag","embeddable":true,"href":"https:\/\/www.seraphina.si\/hr\/wp-json\/wp\/v2\/product_tag?post=20162"}],"curies":[{"name":"radni list","href":"https:\/\/api.w.org\/{rel}","templated":true}]}}