{"id":18570,"date":"2025-01-17T20:40:34","date_gmt":"2025-01-17T19:40:34","guid":{"rendered":"https:\/\/www.seraphina.si\/?post_type=product&#038;p=18570"},"modified":"2026-03-13T12:42:16","modified_gmt":"2026-03-13T11:42:16","slug":"zenski-srebrni-prsten-od-levana-ahata-perjastog-ahata","status":"publish","type":"product","link":"https:\/\/www.seraphina.si\/hr\/p\/zenski-prstan-iz-srebra-levana-ahat-plume-agate\/","title":{"rendered":"\u017denski srebrni prsten LEVANA, Ahat (Plume Ahat)"},"content":{"rendered":"<p>Prsten izra\u0111en od srebra 925 s prirodnim poliranim agatom (perjastim agatom).<\/p>\n<p>Veli\u010dina prstena je podesiva.<\/p>\n<p>Mo\u017eete birati izme\u0111u dva modela. Dobit \u0107ete onaj koji odaberete na temelju slike s odgovaraju\u0107im brojem.<\/p>","protected":false},"excerpt":{"rendered":"<p>Unikaten srebrn prstan z naravnim poliranim ahatom (plume agate), ki prina\u0161a obilje, spodbuja duhovno zavedanje in harmonizira na vseh podro\u010djih. Ahat je poznan tudi kot talisman za za\u0161\u010dito, ki krepi mentalne sposobnosti, samozavest in notranji mir.<\/p>","protected":false},"featured_media":18575,"template":"","meta":{"_acf_changed":false,"inline_featured_image":false},"horoskop":[],"kamen":[656],"kolekcija":[],"mesec":[],"product_brand":[],"product_cat":[288,302,25,31,351,183],"product_tag":[625,84,21,624,24,248,33],"class_list":{"0":"post-18570","1":"product","2":"type-product","3":"status-publish","4":"has-post-thumbnail","6":"kamen-ahat","7":"product_cat-kabosoni-polirani-kristali-in-minerali","8":"product_cat-kristali-in-minerali","9":"product_cat-prstani","10":"product_cat-prstani-iz-srebra","11":"product_cat-prstani-s-kabosoni","12":"product_cat-vsa-ponudba","13":"product_tag-agate","14":"product_tag-ahat","15":"product_tag-kristal","16":"product_tag-plum","17":"product_tag-prstan","18":"product_tag-srce","19":"product_tag-srebro","20":"pa_horoskop-devica","21":"pa_horoskop-dvojcka","22":"pa_kamen-ahat","23":"tm-has-options","25":"first","26":"instock","27":"sale","28":"taxable","29":"shipping-taxable","30":"purchasable","31":"product-type-variable"},"acf":[],"yoast_head":"<!-- This site is optimized with the Yoast SEO plugin v27.3 - https:\/\/yoast.com\/product\/yoast-seo-wordpress\/ -->\n<title>\u017denski prstan iz srebra LEVANA, Ahat (Plume Agate)<\/title>\n<meta name=\"description\" content=\"Unikaten srebrn prstan z naravnim poliranim ahatom (plume agate), ki prina\u0161a obilje, spodbuja duhovno zavedanje in harmonizira na vseh podro\u010djih. Seraphina - nakit iz naravnih kristalov in poldragih\/dragih kamnov.\" \/>\n<meta name=\"robots\" content=\"index, follow, max-snippet:-1, max-image-preview:large, max-video-preview:-1\" \/>\n<link rel=\"canonical\" href=\"https:\/\/www.seraphina.si\/hr\/str\/zenski-srebrni-prsten-od-levana-ahata-perjastog-ahata\/\" \/>\n<meta property=\"og:locale\" content=\"hr_HR\" \/>\n<meta property=\"og:type\" content=\"article\" \/>\n<meta property=\"og:title\" content=\"\u017denski prstan iz srebra LEVANA, Ahat (Plume Agate)\" \/>\n<meta property=\"og:description\" content=\"Unikaten srebrn prstan z naravnim poliranim ahatom (plume agate), ki prina\u0161a obilje, spodbuja duhovno zavedanje in harmonizira na vseh podro\u010djih. Seraphina - nakit iz naravnih kristalov in poldragih\/dragih kamnov.\" \/>\n<meta property=\"og:url\" content=\"https:\/\/www.seraphina.si\/hr\/str\/zenski-srebrni-prsten-od-levana-ahata-perjastog-ahata\/\" \/>\n<meta property=\"og:site_name\" content=\"Seraphina\" \/>\n<meta property=\"article:publisher\" content=\"https:\/\/www.facebook.com\/seraphina.si\/\" \/>\n<meta property=\"article:modified_time\" content=\"2026-03-13T11:42:16+00:00\" \/>\n<meta property=\"og:image\" content=\"https:\/\/www.seraphina.si\/wp-content\/uploads\/2025\/01\/14.jpg\" \/>\n\t<meta property=\"og:image:width\" content=\"1080\" \/>\n\t<meta property=\"og:image:height\" content=\"1080\" \/>\n\t<meta property=\"og:image:type\" content=\"image\/jpeg\" \/>\n<script type=\"application\/ld+json\" class=\"yoast-schema-graph\">{\"@context\":\"https:\\\/\\\/schema.org\",\"@graph\":[{\"@type\":[\"WebPage\",\"CollectionPage\"],\"@id\":\"https:\\\/\\\/www.seraphina.si\\\/p\\\/zenski-prstan-iz-srebra-levana-ahat-plume-agate\\\/\",\"url\":\"https:\\\/\\\/www.seraphina.si\\\/p\\\/zenski-prstan-iz-srebra-levana-ahat-plume-agate\\\/\",\"name\":\"\u017denski prstan iz srebra LEVANA, Ahat (Plume Agate)\",\"isPartOf\":{\"@id\":\"https:\\\/\\\/www.seraphina.si\\\/#website\"},\"primaryImageOfPage\":{\"@id\":\"https:\\\/\\\/www.seraphina.si\\\/p\\\/zenski-prstan-iz-srebra-levana-ahat-plume-agate\\\/#primaryimage\"},\"image\":{\"@id\":\"https:\\\/\\\/www.seraphina.si\\\/p\\\/zenski-prstan-iz-srebra-levana-ahat-plume-agate\\\/#primaryimage\"},\"thumbnailUrl\":\"https:\\\/\\\/www.seraphina.si\\\/wp-content\\\/uploads\\\/2025\\\/01\\\/14.jpg\",\"datePublished\":\"2025-01-17T19:40:34+00:00\",\"dateModified\":\"2026-03-13T11:42:16+00:00\",\"description\":\"Unikaten srebrn prstan z naravnim poliranim ahatom (plume agate), ki prina\u0161a obilje, spodbuja duhovno zavedanje in harmonizira na vseh podro\u010djih. Seraphina - nakit iz naravnih kristalov in poldragih\\\/dragih kamnov.\",\"breadcrumb\":{\"@id\":\"https:\\\/\\\/www.seraphina.si\\\/p\\\/zenski-prstan-iz-srebra-levana-ahat-plume-agate\\\/#breadcrumb\"},\"inLanguage\":\"hr\"},{\"@type\":\"ImageObject\",\"inLanguage\":\"hr\",\"@id\":\"https:\\\/\\\/www.seraphina.si\\\/p\\\/zenski-prstan-iz-srebra-levana-ahat-plume-agate\\\/#primaryimage\",\"url\":\"https:\\\/\\\/www.seraphina.si\\\/wp-content\\\/uploads\\\/2025\\\/01\\\/14.jpg\",\"contentUrl\":\"https:\\\/\\\/www.seraphina.si\\\/wp-content\\\/uploads\\\/2025\\\/01\\\/14.jpg\",\"width\":1080,\"height\":1080,\"caption\":\"\u017denski prstan iz srebra LEVANA, Ahat (Plume Agate)\"},{\"@type\":\"BreadcrumbList\",\"@id\":\"https:\\\/\\\/www.seraphina.si\\\/p\\\/zenski-prstan-iz-srebra-levana-ahat-plume-agate\\\/#breadcrumb\",\"itemListElement\":[{\"@type\":\"ListItem\",\"position\":1,\"name\":\"Home\",\"item\":\"https:\\\/\\\/www.seraphina.si\\\/\"},{\"@type\":\"ListItem\",\"position\":2,\"name\":\"Trgovina\",\"item\":\"https:\\\/\\\/www.seraphina.si\\\/trgovina\\\/\"},{\"@type\":\"ListItem\",\"position\":3,\"name\":\"\u017denski prstan iz srebra LEVANA, Ahat (Plume Agate)\"}]},{\"@type\":\"WebSite\",\"@id\":\"https:\\\/\\\/www.seraphina.si\\\/#website\",\"url\":\"https:\\\/\\\/www.seraphina.si\\\/\",\"name\":\"Unikatni nakit iz kristalov - Seraphina\",\"description\":\"Unikatni nakit kamen iz kristalov, srebrni prstani in veri\u017eice -\",\"publisher\":{\"@id\":\"https:\\\/\\\/www.seraphina.si\\\/#organization\"},\"alternateName\":\"Seraphina - Unikatni nakit iz kristalov\",\"potentialAction\":[{\"@type\":\"SearchAction\",\"target\":{\"@type\":\"EntryPoint\",\"urlTemplate\":\"https:\\\/\\\/www.seraphina.si\\\/?s={search_term_string}\"},\"query-input\":{\"@type\":\"PropertyValueSpecification\",\"valueRequired\":true,\"valueName\":\"search_term_string\"}}],\"inLanguage\":\"hr\"},{\"@type\":\"Organization\",\"@id\":\"https:\\\/\\\/www.seraphina.si\\\/#organization\",\"name\":\"Nakit Seraphina\",\"alternateName\":\"Seraphina spletna trgovina z nakitom, kristali in minerali\",\"url\":\"https:\\\/\\\/www.seraphina.si\\\/\",\"logo\":{\"@type\":\"ImageObject\",\"inLanguage\":\"hr\",\"@id\":\"https:\\\/\\\/www.seraphina.si\\\/#\\\/schema\\\/logo\\\/image\\\/\",\"url\":\"https:\\\/\\\/www.seraphina.si\\\/wp-content\\\/uploads\\\/2025\\\/03\\\/logo-seraphina-2025-1.svg\",\"contentUrl\":\"https:\\\/\\\/www.seraphina.si\\\/wp-content\\\/uploads\\\/2025\\\/03\\\/logo-seraphina-2025-1.svg\",\"width\":100,\"height\":100,\"caption\":\"Nakit Seraphina\"},\"image\":{\"@id\":\"https:\\\/\\\/www.seraphina.si\\\/#\\\/schema\\\/logo\\\/image\\\/\"},\"sameAs\":[\"https:\\\/\\\/www.facebook.com\\\/seraphina.si\\\/\",\"https:\\\/\\\/www.instagram.com\\\/seraphinas_gemstones\\\/\"]}]}<\/script>\n<!-- \/ Yoast SEO plugin. -->","yoast_head_json":{"title":"\u017denski srebrni prsten LEVANA, Ahat (Plume Ahat)","description":"Unikaten srebrn prstan z naravnim poliranim ahatom (plume agate), ki prina\u0161a obilje, spodbuja duhovno zavedanje in harmonizira na vseh podro\u010djih. Seraphina - nakit iz naravnih kristalov in poldragih\/dragih kamnov.","robots":{"index":"index","follow":"follow","max-snippet":"max-snippet:-1","max-image-preview":"max-image-preview:large","max-video-preview":"max-video-preview:-1"},"canonical":"https:\/\/www.seraphina.si\/hr\/str\/zenski-srebrni-prsten-od-levana-ahata-perjastog-ahata\/","og_locale":"hr_HR","og_type":"article","og_title":"\u017denski prstan iz srebra LEVANA, Ahat (Plume Agate)","og_description":"Unikaten srebrn prstan z naravnim poliranim ahatom (plume agate), ki prina\u0161a obilje, spodbuja duhovno zavedanje in harmonizira na vseh podro\u010djih. Seraphina - nakit iz naravnih kristalov in poldragih\/dragih kamnov.","og_url":"https:\/\/www.seraphina.si\/hr\/str\/zenski-srebrni-prsten-od-levana-ahata-perjastog-ahata\/","og_site_name":"Seraphina","article_publisher":"https:\/\/www.facebook.com\/seraphina.si\/","article_modified_time":"2026-03-13T11:42:16+00:00","og_image":[{"width":1080,"height":1080,"url":"https:\/\/www.seraphina.si\/wp-content\/uploads\/2025\/01\/14.jpg","type":"image\/jpeg"}],"schema":{"@context":"https:\/\/schema.org","@graph":[{"@type":["WebPage","CollectionPage"],"@id":"https:\/\/www.seraphina.si\/p\/zenski-prstan-iz-srebra-levana-ahat-plume-agate\/","url":"https:\/\/www.seraphina.si\/p\/zenski-prstan-iz-srebra-levana-ahat-plume-agate\/","name":"\u017denski srebrni prsten LEVANA, Ahat (Plume Ahat)","isPartOf":{"@id":"https:\/\/www.seraphina.si\/#website"},"primaryImageOfPage":{"@id":"https:\/\/www.seraphina.si\/p\/zenski-prstan-iz-srebra-levana-ahat-plume-agate\/#primaryimage"},"image":{"@id":"https:\/\/www.seraphina.si\/p\/zenski-prstan-iz-srebra-levana-ahat-plume-agate\/#primaryimage"},"thumbnailUrl":"https:\/\/www.seraphina.si\/wp-content\/uploads\/2025\/01\/14.jpg","datePublished":"2025-01-17T19:40:34+00:00","dateModified":"2026-03-13T11:42:16+00:00","description":"Unikaten srebrn prstan z naravnim poliranim ahatom (plume agate), ki prina\u0161a obilje, spodbuja duhovno zavedanje in harmonizira na vseh podro\u010djih. Seraphina - nakit iz naravnih kristalov in poldragih\/dragih kamnov.","breadcrumb":{"@id":"https:\/\/www.seraphina.si\/p\/zenski-prstan-iz-srebra-levana-ahat-plume-agate\/#breadcrumb"},"inLanguage":"hr"},{"@type":"ImageObject","inLanguage":"hr","@id":"https:\/\/www.seraphina.si\/p\/zenski-prstan-iz-srebra-levana-ahat-plume-agate\/#primaryimage","url":"https:\/\/www.seraphina.si\/wp-content\/uploads\/2025\/01\/14.jpg","contentUrl":"https:\/\/www.seraphina.si\/wp-content\/uploads\/2025\/01\/14.jpg","width":1080,"height":1080,"caption":"\u017denski prstan iz srebra LEVANA, Ahat (Plume Agate)"},{"@type":"BreadcrumbList","@id":"https:\/\/www.seraphina.si\/p\/zenski-prstan-iz-srebra-levana-ahat-plume-agate\/#breadcrumb","itemListElement":[{"@type":"ListItem","position":1,"name":"Home","item":"https:\/\/www.seraphina.si\/"},{"@type":"ListItem","position":2,"name":"Trgovina","item":"https:\/\/www.seraphina.si\/trgovina\/"},{"@type":"ListItem","position":3,"name":"\u017denski prstan iz srebra LEVANA, Ahat (Plume Agate)"}]},{"@type":"WebSite","@id":"https:\/\/www.seraphina.si\/#website","url":"https:\/\/www.seraphina.si\/","name":"Unikatni kristalni nakit - Serafina","description":"Unikatni nakit od kristala, srebrnog prstenja i lan\u010di\u0107a -","publisher":{"@id":"https:\/\/www.seraphina.si\/#organization"},"alternateName":"Seraphina - Unikatni nakit iz kristalov","potentialAction":[{"@type":"SearchAction","target":{"@type":"EntryPoint","urlTemplate":"https:\/\/www.seraphina.si\/?s={search_term_string}"},"query-input":{"@type":"PropertyValueSpecification","valueRequired":true,"valueName":"search_term_string"}}],"inLanguage":"hr"},{"@type":"Organization","@id":"https:\/\/www.seraphina.si\/#organization","name":"Seraphina nakit","alternateName":"Seraphina spletna trgovina z nakitom, kristali in minerali","url":"https:\/\/www.seraphina.si\/","logo":{"@type":"ImageObject","inLanguage":"hr","@id":"https:\/\/www.seraphina.si\/#\/schema\/logo\/image\/","url":"https:\/\/www.seraphina.si\/wp-content\/uploads\/2025\/03\/logo-seraphina-2025-1.svg","contentUrl":"https:\/\/www.seraphina.si\/wp-content\/uploads\/2025\/03\/logo-seraphina-2025-1.svg","width":100,"height":100,"caption":"Nakit Seraphina"},"image":{"@id":"https:\/\/www.seraphina.si\/#\/schema\/logo\/image\/"},"sameAs":["https:\/\/www.facebook.com\/seraphina.si\/","https:\/\/www.instagram.com\/seraphinas_gemstones\/"]}]}},"_links":{"self":[{"href":"https:\/\/www.seraphina.si\/hr\/wp-json\/wp\/v2\/product\/18570","targetHints":{"allow":["GET"]}}],"collection":[{"href":"https:\/\/www.seraphina.si\/hr\/wp-json\/wp\/v2\/product"}],"about":[{"href":"https:\/\/www.seraphina.si\/hr\/wp-json\/wp\/v2\/types\/product"}],"wp:featuredmedia":[{"embeddable":true,"href":"https:\/\/www.seraphina.si\/hr\/wp-json\/wp\/v2\/media\/18575"}],"wp:attachment":[{"href":"https:\/\/www.seraphina.si\/hr\/wp-json\/wp\/v2\/media?parent=18570"}],"wp:term":[{"taxonomy":"horoskop","embeddable":true,"href":"https:\/\/www.seraphina.si\/hr\/wp-json\/wp\/v2\/horoskop?post=18570"},{"taxonomy":"kamen","embeddable":true,"href":"https:\/\/www.seraphina.si\/hr\/wp-json\/wp\/v2\/kamen?post=18570"},{"taxonomy":"kolekcija","embeddable":true,"href":"https:\/\/www.seraphina.si\/hr\/wp-json\/wp\/v2\/kolekcija?post=18570"},{"taxonomy":"mesec","embeddable":true,"href":"https:\/\/www.seraphina.si\/hr\/wp-json\/wp\/v2\/mesec?post=18570"},{"taxonomy":"product_brand","embeddable":true,"href":"https:\/\/www.seraphina.si\/hr\/wp-json\/wp\/v2\/product_brand?post=18570"},{"taxonomy":"product_cat","embeddable":true,"href":"https:\/\/www.seraphina.si\/hr\/wp-json\/wp\/v2\/product_cat?post=18570"},{"taxonomy":"product_tag","embeddable":true,"href":"https:\/\/www.seraphina.si\/hr\/wp-json\/wp\/v2\/product_tag?post=18570"}],"curies":[{"name":"radni list","href":"https:\/\/api.w.org\/{rel}","templated":true}]}}