{"id":14186,"date":"2025-07-17T18:14:34","date_gmt":"2025-07-17T16:14:34","guid":{"rendered":"https:\/\/www.seraphina.si\/?post_type=product&#038;p=14186"},"modified":"2026-02-28T12:53:26","modified_gmt":"2026-02-28T11:53:26","slug":"zenski-prstan-iz-srebra-navi-modro-tigrovo-oko","status":"publish","type":"product","link":"https:\/\/www.seraphina.si\/hr\/p\/zenski-prstan-iz-srebra-navi-modro-tigrovo-oko\/","title":{"rendered":"\u017denski prstan iz srebra NAVI, Tigrovo Oko"},"content":{"rendered":"<p>Prstan izdelan iz 925 srebra z naravnim poliranim kristalom tigrovo oko.<\/p>\n<p>Prejmete izdelek iz slike. Velikost prstana je 32 mm x 20 mm.<\/p>\n<p>\u010ce \u017eelite pred nakupom videti posnetek izdelka nam pi\u0161ite na info@seraphina.si. Izdelek v tem \u010dasu ni rezerviran.<\/p>","protected":false},"excerpt":{"rendered":"<p>Srebrn prstan z naravnim poliranim kristalom tigrovo oko, poznanim kot kamen poguma, ki pove\u010duje samozavest in jasnost misli. Pomaga pri izra\u017eanju notranje mo\u010di, zmanj\u0161evanju tesnobe in uravnote\u017eenju \u010dustvenega stanja. Deluje kot za\u0161\u010ditni kamen, prina\u0161a ravnovesje, harmonijo in ob\u010dutke stabilnosti.<\/p>\n<p>&nbsp;<\/p>","protected":false},"featured_media":25864,"template":"","meta":{"_acf_changed":false,"inline_featured_image":false},"horoskop":[],"kamen":[711],"kolekcija":[],"mesec":[],"product_brand":[],"product_cat":[288,25,351,183],"product_tag":[21,57,33,398],"class_list":{"0":"post-14186","1":"product","2":"type-product","3":"status-publish","4":"has-post-thumbnail","6":"kamen-tigrovo-oko","7":"product_cat-kabosoni-polirani-kristali-in-minerali","8":"product_cat-prstani","9":"product_cat-prstani-s-kabosoni","10":"product_cat-vsa-ponudba","11":"product_tag-kristal","12":"product_tag-obesek","13":"product_tag-srebro","14":"product_tag-tigrovo-oko","15":"pa_horoskop-bik","16":"pa_horoskop-dvojcka","17":"pa_horoskop-kozorog","18":"pa_horoskop-lev","19":"pa_horoskop-skorpijon","20":"pa_kamen-tigrovo-oko","21":"tm-has-options","23":"first","24":"instock","25":"taxable","26":"shipping-taxable","27":"purchasable","28":"product-type-simple"},"acf":[],"yoast_head":"<!-- This site is optimized with the Yoast SEO plugin v27.3 - https:\/\/yoast.com\/product\/yoast-seo-wordpress\/ -->\n<title>\u017denski prstan iz srebra NAVI, Tigrovo Oko<\/title>\n<meta name=\"description\" content=\"Prstan izdelan iz 925 srebra, z naravnim poliranim kristalom tigrovo oko. Seraphina - nakit iz naravnih kristalov in poldragih kamnov.\" \/>\n<meta name=\"robots\" content=\"index, follow, max-snippet:-1, max-image-preview:large, max-video-preview:-1\" \/>\n<link rel=\"canonical\" href=\"https:\/\/www.seraphina.si\/hr\/str\/zenski-prstan-iz-srebra-navi-modro-tigrovo-oko\/\" \/>\n<meta property=\"og:locale\" content=\"hr_HR\" \/>\n<meta property=\"og:type\" content=\"article\" \/>\n<meta property=\"og:title\" content=\"\u017denski prstan iz srebra NAVI, Tigrovo Oko\" \/>\n<meta property=\"og:description\" content=\"Prstan izdelan iz 925 srebra, z naravnim poliranim kristalom tigrovo oko. Seraphina - nakit iz naravnih kristalov in poldragih kamnov.\" \/>\n<meta property=\"og:url\" content=\"https:\/\/www.seraphina.si\/hr\/str\/zenski-prstan-iz-srebra-navi-modro-tigrovo-oko\/\" \/>\n<meta property=\"og:site_name\" content=\"Seraphina\" \/>\n<meta property=\"article:publisher\" content=\"https:\/\/www.facebook.com\/seraphina.si\/\" \/>\n<meta property=\"article:modified_time\" content=\"2026-02-28T11:53:26+00:00\" \/>\n<meta property=\"og:image\" content=\"https:\/\/www.seraphina.si\/wp-content\/uploads\/2024\/07\/26-1.jpg\" \/>\n\t<meta property=\"og:image:width\" content=\"900\" \/>\n\t<meta property=\"og:image:height\" content=\"900\" \/>\n\t<meta property=\"og:image:type\" content=\"image\/jpeg\" \/>\n<script type=\"application\/ld+json\" class=\"yoast-schema-graph\">{\"@context\":\"https:\\\/\\\/schema.org\",\"@graph\":[{\"@type\":[\"WebPage\",\"CollectionPage\"],\"@id\":\"https:\\\/\\\/www.seraphina.si\\\/p\\\/zenski-prstan-iz-srebra-navi-modro-tigrovo-oko\\\/\",\"url\":\"https:\\\/\\\/www.seraphina.si\\\/p\\\/zenski-prstan-iz-srebra-navi-modro-tigrovo-oko\\\/\",\"name\":\"\u017denski prstan iz srebra NAVI, Tigrovo Oko\",\"isPartOf\":{\"@id\":\"https:\\\/\\\/www.seraphina.si\\\/#website\"},\"primaryImageOfPage\":{\"@id\":\"https:\\\/\\\/www.seraphina.si\\\/p\\\/zenski-prstan-iz-srebra-navi-modro-tigrovo-oko\\\/#primaryimage\"},\"image\":{\"@id\":\"https:\\\/\\\/www.seraphina.si\\\/p\\\/zenski-prstan-iz-srebra-navi-modro-tigrovo-oko\\\/#primaryimage\"},\"thumbnailUrl\":\"https:\\\/\\\/www.seraphina.si\\\/wp-content\\\/uploads\\\/2024\\\/07\\\/26-1.jpg\",\"datePublished\":\"2025-07-17T16:14:34+00:00\",\"dateModified\":\"2026-02-28T11:53:26+00:00\",\"description\":\"Prstan izdelan iz 925 srebra, z naravnim poliranim kristalom tigrovo oko. Seraphina - nakit iz naravnih kristalov in poldragih kamnov.\",\"breadcrumb\":{\"@id\":\"https:\\\/\\\/www.seraphina.si\\\/p\\\/zenski-prstan-iz-srebra-navi-modro-tigrovo-oko\\\/#breadcrumb\"},\"inLanguage\":\"hr\"},{\"@type\":\"ImageObject\",\"inLanguage\":\"hr\",\"@id\":\"https:\\\/\\\/www.seraphina.si\\\/p\\\/zenski-prstan-iz-srebra-navi-modro-tigrovo-oko\\\/#primaryimage\",\"url\":\"https:\\\/\\\/www.seraphina.si\\\/wp-content\\\/uploads\\\/2024\\\/07\\\/26-1.jpg\",\"contentUrl\":\"https:\\\/\\\/www.seraphina.si\\\/wp-content\\\/uploads\\\/2024\\\/07\\\/26-1.jpg\",\"width\":900,\"height\":900,\"caption\":\"\u017denski prstan iz srebra NAVI, Tigrovo Oko\"},{\"@type\":\"BreadcrumbList\",\"@id\":\"https:\\\/\\\/www.seraphina.si\\\/p\\\/zenski-prstan-iz-srebra-navi-modro-tigrovo-oko\\\/#breadcrumb\",\"itemListElement\":[{\"@type\":\"ListItem\",\"position\":1,\"name\":\"Home\",\"item\":\"https:\\\/\\\/www.seraphina.si\\\/\"},{\"@type\":\"ListItem\",\"position\":2,\"name\":\"Trgovina\",\"item\":\"https:\\\/\\\/www.seraphina.si\\\/trgovina\\\/\"},{\"@type\":\"ListItem\",\"position\":3,\"name\":\"\u017denski prstan iz srebra NAVI, Tigrovo Oko\"}]},{\"@type\":\"WebSite\",\"@id\":\"https:\\\/\\\/www.seraphina.si\\\/#website\",\"url\":\"https:\\\/\\\/www.seraphina.si\\\/\",\"name\":\"Unikatni nakit iz kristalov - Seraphina\",\"description\":\"Unikatni nakit kamen iz kristalov, srebrni prstani in veri\u017eice -\",\"publisher\":{\"@id\":\"https:\\\/\\\/www.seraphina.si\\\/#organization\"},\"alternateName\":\"Seraphina - Unikatni nakit iz kristalov\",\"potentialAction\":[{\"@type\":\"SearchAction\",\"target\":{\"@type\":\"EntryPoint\",\"urlTemplate\":\"https:\\\/\\\/www.seraphina.si\\\/?s={search_term_string}\"},\"query-input\":{\"@type\":\"PropertyValueSpecification\",\"valueRequired\":true,\"valueName\":\"search_term_string\"}}],\"inLanguage\":\"hr\"},{\"@type\":\"Organization\",\"@id\":\"https:\\\/\\\/www.seraphina.si\\\/#organization\",\"name\":\"Nakit Seraphina\",\"alternateName\":\"Seraphina spletna trgovina z nakitom, kristali in minerali\",\"url\":\"https:\\\/\\\/www.seraphina.si\\\/\",\"logo\":{\"@type\":\"ImageObject\",\"inLanguage\":\"hr\",\"@id\":\"https:\\\/\\\/www.seraphina.si\\\/#\\\/schema\\\/logo\\\/image\\\/\",\"url\":\"https:\\\/\\\/www.seraphina.si\\\/wp-content\\\/uploads\\\/2025\\\/03\\\/logo-seraphina-2025-1.svg\",\"contentUrl\":\"https:\\\/\\\/www.seraphina.si\\\/wp-content\\\/uploads\\\/2025\\\/03\\\/logo-seraphina-2025-1.svg\",\"width\":100,\"height\":100,\"caption\":\"Nakit Seraphina\"},\"image\":{\"@id\":\"https:\\\/\\\/www.seraphina.si\\\/#\\\/schema\\\/logo\\\/image\\\/\"},\"sameAs\":[\"https:\\\/\\\/www.facebook.com\\\/seraphina.si\\\/\",\"https:\\\/\\\/www.instagram.com\\\/seraphinas_gemstones\\\/\"]}]}<\/script>\n<!-- \/ Yoast SEO plugin. -->","yoast_head_json":{"title":"\u017denski prstan iz srebra NAVI, Tigrovo Oko","description":"Prstan izdelan iz 925 srebra, z naravnim poliranim kristalom tigrovo oko. Seraphina - nakit iz naravnih kristalov in poldragih kamnov.","robots":{"index":"index","follow":"follow","max-snippet":"max-snippet:-1","max-image-preview":"max-image-preview:large","max-video-preview":"max-video-preview:-1"},"canonical":"https:\/\/www.seraphina.si\/hr\/str\/zenski-prstan-iz-srebra-navi-modro-tigrovo-oko\/","og_locale":"hr_HR","og_type":"article","og_title":"\u017denski prstan iz srebra NAVI, Tigrovo Oko","og_description":"Prstan izdelan iz 925 srebra, z naravnim poliranim kristalom tigrovo oko. Seraphina - nakit iz naravnih kristalov in poldragih kamnov.","og_url":"https:\/\/www.seraphina.si\/hr\/str\/zenski-prstan-iz-srebra-navi-modro-tigrovo-oko\/","og_site_name":"Seraphina","article_publisher":"https:\/\/www.facebook.com\/seraphina.si\/","article_modified_time":"2026-02-28T11:53:26+00:00","og_image":[{"width":900,"height":900,"url":"https:\/\/www.seraphina.si\/wp-content\/uploads\/2024\/07\/26-1.jpg","type":"image\/jpeg"}],"schema":{"@context":"https:\/\/schema.org","@graph":[{"@type":["WebPage","CollectionPage"],"@id":"https:\/\/www.seraphina.si\/p\/zenski-prstan-iz-srebra-navi-modro-tigrovo-oko\/","url":"https:\/\/www.seraphina.si\/p\/zenski-prstan-iz-srebra-navi-modro-tigrovo-oko\/","name":"\u017denski prstan iz srebra NAVI, Tigrovo Oko","isPartOf":{"@id":"https:\/\/www.seraphina.si\/#website"},"primaryImageOfPage":{"@id":"https:\/\/www.seraphina.si\/p\/zenski-prstan-iz-srebra-navi-modro-tigrovo-oko\/#primaryimage"},"image":{"@id":"https:\/\/www.seraphina.si\/p\/zenski-prstan-iz-srebra-navi-modro-tigrovo-oko\/#primaryimage"},"thumbnailUrl":"https:\/\/www.seraphina.si\/wp-content\/uploads\/2024\/07\/26-1.jpg","datePublished":"2025-07-17T16:14:34+00:00","dateModified":"2026-02-28T11:53:26+00:00","description":"Prstan izdelan iz 925 srebra, z naravnim poliranim kristalom tigrovo oko. Seraphina - nakit iz naravnih kristalov in poldragih kamnov.","breadcrumb":{"@id":"https:\/\/www.seraphina.si\/p\/zenski-prstan-iz-srebra-navi-modro-tigrovo-oko\/#breadcrumb"},"inLanguage":"hr"},{"@type":"ImageObject","inLanguage":"hr","@id":"https:\/\/www.seraphina.si\/p\/zenski-prstan-iz-srebra-navi-modro-tigrovo-oko\/#primaryimage","url":"https:\/\/www.seraphina.si\/wp-content\/uploads\/2024\/07\/26-1.jpg","contentUrl":"https:\/\/www.seraphina.si\/wp-content\/uploads\/2024\/07\/26-1.jpg","width":900,"height":900,"caption":"\u017denski prstan iz srebra NAVI, Tigrovo Oko"},{"@type":"BreadcrumbList","@id":"https:\/\/www.seraphina.si\/p\/zenski-prstan-iz-srebra-navi-modro-tigrovo-oko\/#breadcrumb","itemListElement":[{"@type":"ListItem","position":1,"name":"Home","item":"https:\/\/www.seraphina.si\/"},{"@type":"ListItem","position":2,"name":"Trgovina","item":"https:\/\/www.seraphina.si\/trgovina\/"},{"@type":"ListItem","position":3,"name":"\u017denski prstan iz srebra NAVI, Tigrovo Oko"}]},{"@type":"WebSite","@id":"https:\/\/www.seraphina.si\/#website","url":"https:\/\/www.seraphina.si\/","name":"Unikatni kristalni nakit - Serafina","description":"Unikatni nakit od kristala, srebrnog prstenja i lan\u010di\u0107a -","publisher":{"@id":"https:\/\/www.seraphina.si\/#organization"},"alternateName":"Seraphina - Unikatni nakit iz kristalov","potentialAction":[{"@type":"SearchAction","target":{"@type":"EntryPoint","urlTemplate":"https:\/\/www.seraphina.si\/?s={search_term_string}"},"query-input":{"@type":"PropertyValueSpecification","valueRequired":true,"valueName":"search_term_string"}}],"inLanguage":"hr"},{"@type":"Organization","@id":"https:\/\/www.seraphina.si\/#organization","name":"Seraphina nakit","alternateName":"Seraphina spletna trgovina z nakitom, kristali in minerali","url":"https:\/\/www.seraphina.si\/","logo":{"@type":"ImageObject","inLanguage":"hr","@id":"https:\/\/www.seraphina.si\/#\/schema\/logo\/image\/","url":"https:\/\/www.seraphina.si\/wp-content\/uploads\/2025\/03\/logo-seraphina-2025-1.svg","contentUrl":"https:\/\/www.seraphina.si\/wp-content\/uploads\/2025\/03\/logo-seraphina-2025-1.svg","width":100,"height":100,"caption":"Nakit Seraphina"},"image":{"@id":"https:\/\/www.seraphina.si\/#\/schema\/logo\/image\/"},"sameAs":["https:\/\/www.facebook.com\/seraphina.si\/","https:\/\/www.instagram.com\/seraphinas_gemstones\/"]}]}},"_links":{"self":[{"href":"https:\/\/www.seraphina.si\/hr\/wp-json\/wp\/v2\/product\/14186","targetHints":{"allow":["GET"]}}],"collection":[{"href":"https:\/\/www.seraphina.si\/hr\/wp-json\/wp\/v2\/product"}],"about":[{"href":"https:\/\/www.seraphina.si\/hr\/wp-json\/wp\/v2\/types\/product"}],"wp:featuredmedia":[{"embeddable":true,"href":"https:\/\/www.seraphina.si\/hr\/wp-json\/wp\/v2\/media\/25864"}],"wp:attachment":[{"href":"https:\/\/www.seraphina.si\/hr\/wp-json\/wp\/v2\/media?parent=14186"}],"wp:term":[{"taxonomy":"horoskop","embeddable":true,"href":"https:\/\/www.seraphina.si\/hr\/wp-json\/wp\/v2\/horoskop?post=14186"},{"taxonomy":"kamen","embeddable":true,"href":"https:\/\/www.seraphina.si\/hr\/wp-json\/wp\/v2\/kamen?post=14186"},{"taxonomy":"kolekcija","embeddable":true,"href":"https:\/\/www.seraphina.si\/hr\/wp-json\/wp\/v2\/kolekcija?post=14186"},{"taxonomy":"mesec","embeddable":true,"href":"https:\/\/www.seraphina.si\/hr\/wp-json\/wp\/v2\/mesec?post=14186"},{"taxonomy":"product_brand","embeddable":true,"href":"https:\/\/www.seraphina.si\/hr\/wp-json\/wp\/v2\/product_brand?post=14186"},{"taxonomy":"product_cat","embeddable":true,"href":"https:\/\/www.seraphina.si\/hr\/wp-json\/wp\/v2\/product_cat?post=14186"},{"taxonomy":"product_tag","embeddable":true,"href":"https:\/\/www.seraphina.si\/hr\/wp-json\/wp\/v2\/product_tag?post=14186"}],"curies":[{"name":"radni list","href":"https:\/\/api.w.org\/{rel}","templated":true}]}}