{"id":12289,"date":"2024-04-26T17:32:08","date_gmt":"2024-04-26T17:32:08","guid":{"rendered":"https:\/\/www.seraphina.si\/?post_type=product&#038;p=12289"},"modified":"2026-03-15T12:26:38","modified_gmt":"2026-03-15T11:26:38","slug":"zenske-srebrne-nausnice-s-munjom-od-kamena-hathor-i-bijelim-topazom","status":"publish","type":"product","link":"https:\/\/www.seraphina.si\/hr\/p\/zenski-uhani-iz-srebra-hathor-kamena-strela-in-beli-topaz\/","title":{"rendered":"\u017denske srebrne nau\u0161nice HATHOR, Kamena Munja i Bijeli Topaz"},"content":{"rendered":"<p>Nau\u0161nice izra\u0111ene od srebra 925, s prirodno bru\u0161enim kristalom munje ili gorskim kristalom (kvarc) i sitnim bijelim topazima.<\/p>\n<p>Dostupan u 3 verzije:<\/p>\n<ul>\n<li>srebro 925<\/li>\n<li>srebro fino\u0107e 925 s rodijskom prevlakom<\/li>\n<li>srebro 925 sa pozlatom \u010disto\u0107e 750\/1000 (18 karata), debljina pozlate je 2,5 mikrona<\/li>\n<\/ul>\n<p>Promjer kamene munje je 5 mm, a promjer topaza je 1 mm.<\/p>","protected":false},"excerpt":{"rendered":"<p>Uhani izdelani iz 925 srebra, z naravnim bru\u0161enim kristalom kamena strela ali gorski kristal (quartz) in drobnimi belimi topazi. Je univerzalni kamen, ki deluje v harmoniji z na\u0161im telesom, umom in du\u0161o, saj uravnove\u0161a in revitalizira na fizi\u010dni, mentalni in \u010dustveni ravni. Preganja te\u017eke misli, revitalizira in vra\u010da \u017eivljenjsko energijo. Na voljo v 3 razli\u010dicah: srebro 925, srebro 925 s prevleko iz rodija in srebro 925 s pozlato \u010distine 750\/1000 (18 karatov).<\/p>","protected":false},"featured_media":22461,"template":"","meta":{"_acf_changed":false,"inline_featured_image":false},"horoskop":[],"kamen":[678,712],"kolekcija":[],"mesec":[594],"product_brand":[],"product_cat":[289,15,421,183],"product_tag":[36,81,79,21,46],"class_list":{"0":"post-12289","1":"product","2":"type-product","3":"status-publish","4":"has-post-thumbnail","6":"kamen-gorski-kristal-ali-kamena-strela","7":"kamen-topaz","8":"mesec-april","9":"product_cat-bruseni-kristali-in-minerali","10":"product_cat-uhani","11":"product_cat-uhani-z-brusenimi-kamni","12":"product_cat-vsa-ponudba","13":"product_tag-brusen","14":"product_tag-gorski-kristal","15":"product_tag-kamena-strela","16":"product_tag-kristal","17":"product_tag-uhani","18":"pa_horoskop-lev","19":"pa_horoskop-oven","20":"pa_horoskop-rak","21":"pa_kamen-kamena-strela","22":"pa_kamen-topaz","23":"tm-has-options","25":"first","26":"instock","27":"taxable","28":"shipping-taxable","29":"purchasable","30":"product-type-variable","31":"has-default-attributes"},"acf":[],"yoast_head":"<!-- This site is optimized with the Yoast SEO plugin v27.3 - https:\/\/yoast.com\/product\/yoast-seo-wordpress\/ -->\n<title>\u017denski uhani iz srebra HATHOR, Kamena strela in Beli Topaz<\/title>\n<meta name=\"description\" content=\"Uhani izdelani iz 925 srebra, z naravnim bru\u0161enim kristalom kamena strela ali gorski kristal (quartz) in drobnimi belimi topazi.\" \/>\n<meta name=\"robots\" content=\"index, follow, max-snippet:-1, max-image-preview:large, max-video-preview:-1\" \/>\n<link rel=\"canonical\" href=\"https:\/\/www.seraphina.si\/hr\/str\/zenske-srebrne-nausnice-s-munjom-od-kamena-hathor-i-bijelim-topazom\/\" \/>\n<meta property=\"og:locale\" content=\"hr_HR\" \/>\n<meta property=\"og:type\" content=\"article\" \/>\n<meta property=\"og:title\" content=\"\u017denski uhani iz srebra HATHOR, Kamena strela in Beli Topaz\" \/>\n<meta property=\"og:description\" content=\"Uhani izdelani iz 925 srebra, z naravnim bru\u0161enim kristalom kamena strela ali gorski kristal (quartz) in drobnimi belimi topazi.\" \/>\n<meta property=\"og:url\" content=\"https:\/\/www.seraphina.si\/hr\/str\/zenske-srebrne-nausnice-s-munjom-od-kamena-hathor-i-bijelim-topazom\/\" \/>\n<meta property=\"og:site_name\" content=\"Seraphina\" \/>\n<meta property=\"article:publisher\" content=\"https:\/\/www.facebook.com\/seraphina.si\/\" \/>\n<meta property=\"article:modified_time\" content=\"2026-03-15T11:26:38+00:00\" \/>\n<meta property=\"og:image\" content=\"https:\/\/www.seraphina.si\/wp-content\/uploads\/2024\/04\/4-4.jpg\" \/>\n\t<meta property=\"og:image:width\" content=\"945\" \/>\n\t<meta property=\"og:image:height\" content=\"945\" \/>\n\t<meta property=\"og:image:type\" content=\"image\/jpeg\" \/>\n<script type=\"application\/ld+json\" class=\"yoast-schema-graph\">{\"@context\":\"https:\\\/\\\/schema.org\",\"@graph\":[{\"@type\":[\"WebPage\",\"CollectionPage\"],\"@id\":\"https:\\\/\\\/www.seraphina.si\\\/p\\\/zenski-uhani-iz-srebra-hathor-kamena-strela-in-beli-topaz\\\/\",\"url\":\"https:\\\/\\\/www.seraphina.si\\\/p\\\/zenski-uhani-iz-srebra-hathor-kamena-strela-in-beli-topaz\\\/\",\"name\":\"\u017denski uhani iz srebra HATHOR, Kamena strela in Beli Topaz\",\"isPartOf\":{\"@id\":\"https:\\\/\\\/www.seraphina.si\\\/#website\"},\"primaryImageOfPage\":{\"@id\":\"https:\\\/\\\/www.seraphina.si\\\/p\\\/zenski-uhani-iz-srebra-hathor-kamena-strela-in-beli-topaz\\\/#primaryimage\"},\"image\":{\"@id\":\"https:\\\/\\\/www.seraphina.si\\\/p\\\/zenski-uhani-iz-srebra-hathor-kamena-strela-in-beli-topaz\\\/#primaryimage\"},\"thumbnailUrl\":\"https:\\\/\\\/www.seraphina.si\\\/wp-content\\\/uploads\\\/2024\\\/04\\\/4-4.jpg\",\"datePublished\":\"2024-04-26T17:32:08+00:00\",\"dateModified\":\"2026-03-15T11:26:38+00:00\",\"description\":\"Uhani izdelani iz 925 srebra, z naravnim bru\u0161enim kristalom kamena strela ali gorski kristal (quartz) in drobnimi belimi topazi.\",\"breadcrumb\":{\"@id\":\"https:\\\/\\\/www.seraphina.si\\\/p\\\/zenski-uhani-iz-srebra-hathor-kamena-strela-in-beli-topaz\\\/#breadcrumb\"},\"inLanguage\":\"hr\"},{\"@type\":\"ImageObject\",\"inLanguage\":\"hr\",\"@id\":\"https:\\\/\\\/www.seraphina.si\\\/p\\\/zenski-uhani-iz-srebra-hathor-kamena-strela-in-beli-topaz\\\/#primaryimage\",\"url\":\"https:\\\/\\\/www.seraphina.si\\\/wp-content\\\/uploads\\\/2024\\\/04\\\/4-4.jpg\",\"contentUrl\":\"https:\\\/\\\/www.seraphina.si\\\/wp-content\\\/uploads\\\/2024\\\/04\\\/4-4.jpg\",\"width\":945,\"height\":945,\"caption\":\"\u017denski uhani iz srebra HATHOR, Kamena strela in Beli Topaz\"},{\"@type\":\"BreadcrumbList\",\"@id\":\"https:\\\/\\\/www.seraphina.si\\\/p\\\/zenski-uhani-iz-srebra-hathor-kamena-strela-in-beli-topaz\\\/#breadcrumb\",\"itemListElement\":[{\"@type\":\"ListItem\",\"position\":1,\"name\":\"Home\",\"item\":\"https:\\\/\\\/www.seraphina.si\\\/\"},{\"@type\":\"ListItem\",\"position\":2,\"name\":\"Trgovina\",\"item\":\"https:\\\/\\\/www.seraphina.si\\\/trgovina\\\/\"},{\"@type\":\"ListItem\",\"position\":3,\"name\":\"\u017denski uhani iz srebra HATHOR, Kamena strela in Beli Topaz\"}]},{\"@type\":\"WebSite\",\"@id\":\"https:\\\/\\\/www.seraphina.si\\\/#website\",\"url\":\"https:\\\/\\\/www.seraphina.si\\\/\",\"name\":\"Unikatni nakit iz kristalov - Seraphina\",\"description\":\"Unikatni nakit kamen iz kristalov, srebrni prstani in veri\u017eice -\",\"publisher\":{\"@id\":\"https:\\\/\\\/www.seraphina.si\\\/#organization\"},\"alternateName\":\"Seraphina - Unikatni nakit iz kristalov\",\"potentialAction\":[{\"@type\":\"SearchAction\",\"target\":{\"@type\":\"EntryPoint\",\"urlTemplate\":\"https:\\\/\\\/www.seraphina.si\\\/?s={search_term_string}\"},\"query-input\":{\"@type\":\"PropertyValueSpecification\",\"valueRequired\":true,\"valueName\":\"search_term_string\"}}],\"inLanguage\":\"hr\"},{\"@type\":\"Organization\",\"@id\":\"https:\\\/\\\/www.seraphina.si\\\/#organization\",\"name\":\"Nakit Seraphina\",\"alternateName\":\"Seraphina spletna trgovina z nakitom, kristali in minerali\",\"url\":\"https:\\\/\\\/www.seraphina.si\\\/\",\"logo\":{\"@type\":\"ImageObject\",\"inLanguage\":\"hr\",\"@id\":\"https:\\\/\\\/www.seraphina.si\\\/#\\\/schema\\\/logo\\\/image\\\/\",\"url\":\"https:\\\/\\\/www.seraphina.si\\\/wp-content\\\/uploads\\\/2025\\\/03\\\/logo-seraphina-2025-1.svg\",\"contentUrl\":\"https:\\\/\\\/www.seraphina.si\\\/wp-content\\\/uploads\\\/2025\\\/03\\\/logo-seraphina-2025-1.svg\",\"width\":100,\"height\":100,\"caption\":\"Nakit Seraphina\"},\"image\":{\"@id\":\"https:\\\/\\\/www.seraphina.si\\\/#\\\/schema\\\/logo\\\/image\\\/\"},\"sameAs\":[\"https:\\\/\\\/www.facebook.com\\\/seraphina.si\\\/\",\"https:\\\/\\\/www.instagram.com\\\/seraphinas_gemstones\\\/\"]}]}<\/script>\n<!-- \/ Yoast SEO plugin. -->","yoast_head_json":{"title":"\u017denske srebrne nau\u0161nice HATHOR, Kamena Munja i Bijeli Topaz","description":"Nau\u0161nice izra\u0111ene od srebra 925, s prirodno bru\u0161enim kristalom munje ili gorskim kristalom (kvarc) i sitnim bijelim topazima.","robots":{"index":"index","follow":"follow","max-snippet":"max-snippet:-1","max-image-preview":"max-image-preview:large","max-video-preview":"max-video-preview:-1"},"canonical":"https:\/\/www.seraphina.si\/hr\/str\/zenske-srebrne-nausnice-s-munjom-od-kamena-hathor-i-bijelim-topazom\/","og_locale":"hr_HR","og_type":"article","og_title":"\u017denski uhani iz srebra HATHOR, Kamena strela in Beli Topaz","og_description":"Uhani izdelani iz 925 srebra, z naravnim bru\u0161enim kristalom kamena strela ali gorski kristal (quartz) in drobnimi belimi topazi.","og_url":"https:\/\/www.seraphina.si\/hr\/str\/zenske-srebrne-nausnice-s-munjom-od-kamena-hathor-i-bijelim-topazom\/","og_site_name":"Seraphina","article_publisher":"https:\/\/www.facebook.com\/seraphina.si\/","article_modified_time":"2026-03-15T11:26:38+00:00","og_image":[{"width":945,"height":945,"url":"https:\/\/www.seraphina.si\/wp-content\/uploads\/2024\/04\/4-4.jpg","type":"image\/jpeg"}],"schema":{"@context":"https:\/\/schema.org","@graph":[{"@type":["WebPage","CollectionPage"],"@id":"https:\/\/www.seraphina.si\/p\/zenski-uhani-iz-srebra-hathor-kamena-strela-in-beli-topaz\/","url":"https:\/\/www.seraphina.si\/p\/zenski-uhani-iz-srebra-hathor-kamena-strela-in-beli-topaz\/","name":"\u017denske srebrne nau\u0161nice HATHOR, Kamena Munja i Bijeli Topaz","isPartOf":{"@id":"https:\/\/www.seraphina.si\/#website"},"primaryImageOfPage":{"@id":"https:\/\/www.seraphina.si\/p\/zenski-uhani-iz-srebra-hathor-kamena-strela-in-beli-topaz\/#primaryimage"},"image":{"@id":"https:\/\/www.seraphina.si\/p\/zenski-uhani-iz-srebra-hathor-kamena-strela-in-beli-topaz\/#primaryimage"},"thumbnailUrl":"https:\/\/www.seraphina.si\/wp-content\/uploads\/2024\/04\/4-4.jpg","datePublished":"2024-04-26T17:32:08+00:00","dateModified":"2026-03-15T11:26:38+00:00","description":"Nau\u0161nice izra\u0111ene od srebra 925, s prirodno bru\u0161enim kristalom munje ili gorskim kristalom (kvarc) i sitnim bijelim topazima.","breadcrumb":{"@id":"https:\/\/www.seraphina.si\/p\/zenski-uhani-iz-srebra-hathor-kamena-strela-in-beli-topaz\/#breadcrumb"},"inLanguage":"hr"},{"@type":"ImageObject","inLanguage":"hr","@id":"https:\/\/www.seraphina.si\/p\/zenski-uhani-iz-srebra-hathor-kamena-strela-in-beli-topaz\/#primaryimage","url":"https:\/\/www.seraphina.si\/wp-content\/uploads\/2024\/04\/4-4.jpg","contentUrl":"https:\/\/www.seraphina.si\/wp-content\/uploads\/2024\/04\/4-4.jpg","width":945,"height":945,"caption":"\u017denski uhani iz srebra HATHOR, Kamena strela in Beli Topaz"},{"@type":"BreadcrumbList","@id":"https:\/\/www.seraphina.si\/p\/zenski-uhani-iz-srebra-hathor-kamena-strela-in-beli-topaz\/#breadcrumb","itemListElement":[{"@type":"ListItem","position":1,"name":"Home","item":"https:\/\/www.seraphina.si\/"},{"@type":"ListItem","position":2,"name":"Trgovina","item":"https:\/\/www.seraphina.si\/trgovina\/"},{"@type":"ListItem","position":3,"name":"\u017denski uhani iz srebra HATHOR, Kamena strela in Beli Topaz"}]},{"@type":"WebSite","@id":"https:\/\/www.seraphina.si\/#website","url":"https:\/\/www.seraphina.si\/","name":"Unikatni kristalni nakit - Serafina","description":"Unikatni nakit od kristala, srebrnog prstenja i lan\u010di\u0107a -","publisher":{"@id":"https:\/\/www.seraphina.si\/#organization"},"alternateName":"Seraphina - Unikatni nakit iz kristalov","potentialAction":[{"@type":"SearchAction","target":{"@type":"EntryPoint","urlTemplate":"https:\/\/www.seraphina.si\/?s={search_term_string}"},"query-input":{"@type":"PropertyValueSpecification","valueRequired":true,"valueName":"search_term_string"}}],"inLanguage":"hr"},{"@type":"Organization","@id":"https:\/\/www.seraphina.si\/#organization","name":"Seraphina nakit","alternateName":"Seraphina spletna trgovina z nakitom, kristali in minerali","url":"https:\/\/www.seraphina.si\/","logo":{"@type":"ImageObject","inLanguage":"hr","@id":"https:\/\/www.seraphina.si\/#\/schema\/logo\/image\/","url":"https:\/\/www.seraphina.si\/wp-content\/uploads\/2025\/03\/logo-seraphina-2025-1.svg","contentUrl":"https:\/\/www.seraphina.si\/wp-content\/uploads\/2025\/03\/logo-seraphina-2025-1.svg","width":100,"height":100,"caption":"Nakit Seraphina"},"image":{"@id":"https:\/\/www.seraphina.si\/#\/schema\/logo\/image\/"},"sameAs":["https:\/\/www.facebook.com\/seraphina.si\/","https:\/\/www.instagram.com\/seraphinas_gemstones\/"]}]}},"_links":{"self":[{"href":"https:\/\/www.seraphina.si\/hr\/wp-json\/wp\/v2\/product\/12289","targetHints":{"allow":["GET"]}}],"collection":[{"href":"https:\/\/www.seraphina.si\/hr\/wp-json\/wp\/v2\/product"}],"about":[{"href":"https:\/\/www.seraphina.si\/hr\/wp-json\/wp\/v2\/types\/product"}],"wp:featuredmedia":[{"embeddable":true,"href":"https:\/\/www.seraphina.si\/hr\/wp-json\/wp\/v2\/media\/22461"}],"wp:attachment":[{"href":"https:\/\/www.seraphina.si\/hr\/wp-json\/wp\/v2\/media?parent=12289"}],"wp:term":[{"taxonomy":"horoskop","embeddable":true,"href":"https:\/\/www.seraphina.si\/hr\/wp-json\/wp\/v2\/horoskop?post=12289"},{"taxonomy":"kamen","embeddable":true,"href":"https:\/\/www.seraphina.si\/hr\/wp-json\/wp\/v2\/kamen?post=12289"},{"taxonomy":"kolekcija","embeddable":true,"href":"https:\/\/www.seraphina.si\/hr\/wp-json\/wp\/v2\/kolekcija?post=12289"},{"taxonomy":"mesec","embeddable":true,"href":"https:\/\/www.seraphina.si\/hr\/wp-json\/wp\/v2\/mesec?post=12289"},{"taxonomy":"product_brand","embeddable":true,"href":"https:\/\/www.seraphina.si\/hr\/wp-json\/wp\/v2\/product_brand?post=12289"},{"taxonomy":"product_cat","embeddable":true,"href":"https:\/\/www.seraphina.si\/hr\/wp-json\/wp\/v2\/product_cat?post=12289"},{"taxonomy":"product_tag","embeddable":true,"href":"https:\/\/www.seraphina.si\/hr\/wp-json\/wp\/v2\/product_tag?post=12289"}],"curies":[{"name":"radni list","href":"https:\/\/api.w.org\/{rel}","templated":true}]}}