{"id":12085,"date":"2024-04-28T17:11:26","date_gmt":"2024-04-28T17:11:26","guid":{"rendered":"https:\/\/www.seraphina.si\/?post_type=product&#038;p=12085"},"modified":"2025-12-11T08:47:21","modified_gmt":"2025-12-11T07:47:21","slug":"zenski-uhani-iz-srebra-vera-crni-turmalin","status":"publish","type":"product","link":"https:\/\/www.seraphina.si\/hr\/p\/zenski-uhani-iz-srebra-vera-crni-turmalin\/","title":{"rendered":"\u017denske srebrne nau\u0161nice VERA, crni turmalin"},"content":{"rendered":"<p>Uhani izdelani iz 925 srebra, z naravnim bru\u0161enim kristalom \u010drni turmalin.<\/p>\n<p>Premer turmalina je 7 mm.<\/p>\n<h4><strong>Crni turmalin - Crni turmalin<\/strong><\/h4>\n<p>Podrijetlo: Afrika<\/p>\n<p>Crni turmalin poznat je kao izniman kamen za\u0161tite i stolje\u0107ima se koristi za tjeranje lo\u0161e sre\u0107e i negativne energije. U starom Egiptu se vjerovalo da donosi bogatstvo i sre\u0107u, zbog \u010dega su ga nazivali i kamenom \u017eivota. Stari Grci koristili su ga kao za\u0161titu od ozljeda, au srednjem vijeku bio je popularan amulet za tjeranje zlih duhova.<\/p>\n<p>Unosi ravnote\u017eu u \u017eivot onoga tko ga nosi, poma\u017ee duhovnom rastu i pove\u0107ava energetski protok tijela \u010diste\u0107i ustajalu ili blokiranu energiju u tijelu, koja bi nam mogla uzrokovati emocionalne ili fizi\u010dke nevolje. Njegova za\u0161titna svojstva odnose se i na duhovnu i na fizi\u010dku za\u0161titu, poput za\u0161tite od elektromagnetskog zra\u010denja. \u0160titi na\u0161u \u017eivotnu energiju od &quot;emocionalnih vampira&quot; ili ljudi koji nas emocionalno iscrpljuju i remete ili slabe na\u0161e energetsko polje. Povezan je s korijenskom \u010dakrom i poma\u017ee uzemljiti i fokusirati energiju kada je to potrebno.<\/p>\n<p>Crni turmalin simbolizira duhovnu snagu i stabilnost te nam poma\u017ee pobolj\u0161ati intuiciju. Uz njegovu pomo\u0107 lak\u0161e prevladavamo stres, strah i tjeskobu, a poti\u010de i pozitivan stav. Donosi emocionalnu stabilnost i hrabrost, bistri um i ispravlja neravnote\u017ee u misaonim obrascima. Njegova za\u0161titni\u010dka i blagotvorna energija donosi du\u0161evni mir, spokoj i duboko opu\u0161tanje.<\/p>\n<p>Turmalin u svim bojama simbolizira radost, ljubav prema sebi i prihva\u0107anje. U na\u0161e \u017eivote unosi ravnote\u017eu, razumijevanje, toplinu i smirenost te nam poma\u017ee da razumijemo sebe i druge. Turmalin poti\u010de samopouzdanje, smanjuje strah i osloba\u0111a fizi\u010dku i mentalnu napetost u tijelu i umu.<\/p>","protected":false},"excerpt":{"rendered":"<p>Uhani izdelani iz 925 srebra, z naravnim bru\u0161enim kristalom \u010drni turmalin. \u010crni turmalin ima mo\u010dno sposobnost za\u0161\u010dite pred negativno energijo, stresom in \u010dustvenim izsiljevanjem, pomaga nam pri duhovni rasti, izbolj\u0161uje intuicijo in \u010dustveno stabilnost.<\/p>","protected":false},"featured_media":12094,"template":"","meta":{"_acf_changed":false,"inline_featured_image":false},"horoskop":[],"kamen":[740,714],"kolekcija":[721],"mesec":[600],"product_brand":[],"product_cat":[289,15,421,183],"product_tag":[232,33,88,46],"class_list":{"0":"post-12085","1":"product","2":"type-product","3":"status-publish","4":"has-post-thumbnail","6":"kamen-crni-turmalin","7":"kamen-turmalin","8":"kolekcija-basic","9":"mesec-oktober","10":"product_cat-bruseni-kristali-in-minerali","11":"product_cat-uhani","12":"product_cat-uhani-z-brusenimi-kamni","13":"product_cat-vsa-ponudba","14":"product_tag-crni","15":"product_tag-srebro","16":"product_tag-turmalin","17":"product_tag-uhani","18":"pa_horoskop-kozorog","19":"pa_horoskop-skorpijon","20":"pa_horoskop-tehtnica","21":"pa_kamen-turmalin","22":"tm-has-options","24":"first","25":"instock","26":"taxable","27":"shipping-taxable","28":"purchasable","29":"product-type-simple"},"acf":[],"yoast_head":"<!-- This site is optimized with the Yoast SEO plugin v27.3 - https:\/\/yoast.com\/product\/yoast-seo-wordpress\/ -->\n<title>\u017denski uhani iz srebra VERA, \u010crni Turmalin - Seraphina<\/title>\n<meta name=\"description\" content=\"Uhani izdelani iz 925 srebra, z naravnim bru\u0161enim kristalom \u010drni turmalin. Premer turmalina je 7 mm. Seraphina - naravni kristali in minerali v nakitu.\" \/>\n<meta name=\"robots\" content=\"index, follow, max-snippet:-1, max-image-preview:large, max-video-preview:-1\" \/>\n<link rel=\"canonical\" href=\"https:\/\/www.seraphina.si\/hr\/str\/zenski-uhani-iz-srebra-vera-crni-turmalin\/\" \/>\n<meta property=\"og:locale\" content=\"hr_HR\" \/>\n<meta property=\"og:type\" content=\"article\" \/>\n<meta property=\"og:title\" content=\"\u017denski uhani iz srebra VERA, \u010crni Turmalin - Seraphina\" \/>\n<meta property=\"og:description\" content=\"Uhani izdelani iz 925 srebra, z naravnim bru\u0161enim kristalom \u010drni turmalin. Premer turmalina je 7 mm. Seraphina - naravni kristali in minerali v nakitu.\" \/>\n<meta property=\"og:url\" content=\"https:\/\/www.seraphina.si\/hr\/str\/zenski-uhani-iz-srebra-vera-crni-turmalin\/\" \/>\n<meta property=\"og:site_name\" content=\"Seraphina\" \/>\n<meta property=\"article:publisher\" content=\"https:\/\/www.facebook.com\/seraphina.si\/\" \/>\n<meta property=\"article:modified_time\" content=\"2025-12-11T07:47:21+00:00\" \/>\n<meta property=\"og:image\" content=\"https:\/\/www.seraphina.si\/wp-content\/uploads\/2024\/04\/7-2.jpg\" \/>\n\t<meta property=\"og:image:width\" content=\"1080\" \/>\n\t<meta property=\"og:image:height\" content=\"1080\" \/>\n\t<meta property=\"og:image:type\" content=\"image\/jpeg\" \/>\n<script type=\"application\/ld+json\" class=\"yoast-schema-graph\">{\"@context\":\"https:\\\/\\\/schema.org\",\"@graph\":[{\"@type\":[\"WebPage\",\"CollectionPage\"],\"@id\":\"https:\\\/\\\/www.seraphina.si\\\/p\\\/zenski-uhani-iz-srebra-vera-crni-turmalin\\\/\",\"url\":\"https:\\\/\\\/www.seraphina.si\\\/p\\\/zenski-uhani-iz-srebra-vera-crni-turmalin\\\/\",\"name\":\"\u017denski uhani iz srebra VERA, \u010crni Turmalin - Seraphina\",\"isPartOf\":{\"@id\":\"https:\\\/\\\/www.seraphina.si\\\/#website\"},\"primaryImageOfPage\":{\"@id\":\"https:\\\/\\\/www.seraphina.si\\\/p\\\/zenski-uhani-iz-srebra-vera-crni-turmalin\\\/#primaryimage\"},\"image\":{\"@id\":\"https:\\\/\\\/www.seraphina.si\\\/p\\\/zenski-uhani-iz-srebra-vera-crni-turmalin\\\/#primaryimage\"},\"thumbnailUrl\":\"https:\\\/\\\/www.seraphina.si\\\/wp-content\\\/uploads\\\/2024\\\/04\\\/7-2.jpg\",\"datePublished\":\"2024-04-28T17:11:26+00:00\",\"dateModified\":\"2025-12-11T07:47:21+00:00\",\"description\":\"Uhani izdelani iz 925 srebra, z naravnim bru\u0161enim kristalom \u010drni turmalin. Premer turmalina je 7 mm. Seraphina - naravni kristali in minerali v nakitu.\",\"breadcrumb\":{\"@id\":\"https:\\\/\\\/www.seraphina.si\\\/p\\\/zenski-uhani-iz-srebra-vera-crni-turmalin\\\/#breadcrumb\"},\"inLanguage\":\"hr\"},{\"@type\":\"ImageObject\",\"inLanguage\":\"hr\",\"@id\":\"https:\\\/\\\/www.seraphina.si\\\/p\\\/zenski-uhani-iz-srebra-vera-crni-turmalin\\\/#primaryimage\",\"url\":\"https:\\\/\\\/www.seraphina.si\\\/wp-content\\\/uploads\\\/2024\\\/04\\\/7-2.jpg\",\"contentUrl\":\"https:\\\/\\\/www.seraphina.si\\\/wp-content\\\/uploads\\\/2024\\\/04\\\/7-2.jpg\",\"width\":1080,\"height\":1080,\"caption\":\"Uhani Vera - \u010crni Turmalin - Seraphina\"},{\"@type\":\"BreadcrumbList\",\"@id\":\"https:\\\/\\\/www.seraphina.si\\\/p\\\/zenski-uhani-iz-srebra-vera-crni-turmalin\\\/#breadcrumb\",\"itemListElement\":[{\"@type\":\"ListItem\",\"position\":1,\"name\":\"Home\",\"item\":\"https:\\\/\\\/www.seraphina.si\\\/\"},{\"@type\":\"ListItem\",\"position\":2,\"name\":\"Trgovina\",\"item\":\"https:\\\/\\\/www.seraphina.si\\\/trgovina\\\/\"},{\"@type\":\"ListItem\",\"position\":3,\"name\":\"\u017denski uhani iz srebra VERA, \u010crni Turmalin\"}]},{\"@type\":\"WebSite\",\"@id\":\"https:\\\/\\\/www.seraphina.si\\\/#website\",\"url\":\"https:\\\/\\\/www.seraphina.si\\\/\",\"name\":\"Unikatni nakit iz kristalov - Seraphina\",\"description\":\"Unikatni nakit kamen iz kristalov, srebrni prstani in veri\u017eice -\",\"publisher\":{\"@id\":\"https:\\\/\\\/www.seraphina.si\\\/#organization\"},\"alternateName\":\"Seraphina - Unikatni nakit iz kristalov\",\"potentialAction\":[{\"@type\":\"SearchAction\",\"target\":{\"@type\":\"EntryPoint\",\"urlTemplate\":\"https:\\\/\\\/www.seraphina.si\\\/?s={search_term_string}\"},\"query-input\":{\"@type\":\"PropertyValueSpecification\",\"valueRequired\":true,\"valueName\":\"search_term_string\"}}],\"inLanguage\":\"hr\"},{\"@type\":\"Organization\",\"@id\":\"https:\\\/\\\/www.seraphina.si\\\/#organization\",\"name\":\"Nakit Seraphina\",\"alternateName\":\"Seraphina spletna trgovina z nakitom, kristali in minerali\",\"url\":\"https:\\\/\\\/www.seraphina.si\\\/\",\"logo\":{\"@type\":\"ImageObject\",\"inLanguage\":\"hr\",\"@id\":\"https:\\\/\\\/www.seraphina.si\\\/#\\\/schema\\\/logo\\\/image\\\/\",\"url\":\"https:\\\/\\\/www.seraphina.si\\\/wp-content\\\/uploads\\\/2025\\\/03\\\/logo-seraphina-2025-1.svg\",\"contentUrl\":\"https:\\\/\\\/www.seraphina.si\\\/wp-content\\\/uploads\\\/2025\\\/03\\\/logo-seraphina-2025-1.svg\",\"width\":100,\"height\":100,\"caption\":\"Nakit Seraphina\"},\"image\":{\"@id\":\"https:\\\/\\\/www.seraphina.si\\\/#\\\/schema\\\/logo\\\/image\\\/\"},\"sameAs\":[\"https:\\\/\\\/www.facebook.com\\\/seraphina.si\\\/\",\"https:\\\/\\\/www.instagram.com\\\/seraphinas_gemstones\\\/\"]}]}<\/script>\n<!-- \/ Yoast SEO plugin. -->","yoast_head_json":{"title":"\u017denski uhani iz srebra VERA, \u010crni Turmalin - Seraphina","description":"Uhani izdelani iz 925 srebra, z naravnim bru\u0161enim kristalom \u010drni turmalin. Premer turmalina je 7 mm. Seraphina - naravni kristali in minerali v nakitu.","robots":{"index":"index","follow":"follow","max-snippet":"max-snippet:-1","max-image-preview":"max-image-preview:large","max-video-preview":"max-video-preview:-1"},"canonical":"https:\/\/www.seraphina.si\/hr\/str\/zenski-uhani-iz-srebra-vera-crni-turmalin\/","og_locale":"hr_HR","og_type":"article","og_title":"\u017denski uhani iz srebra VERA, \u010crni Turmalin - Seraphina","og_description":"Uhani izdelani iz 925 srebra, z naravnim bru\u0161enim kristalom \u010drni turmalin. Premer turmalina je 7 mm. Seraphina - naravni kristali in minerali v nakitu.","og_url":"https:\/\/www.seraphina.si\/hr\/str\/zenski-uhani-iz-srebra-vera-crni-turmalin\/","og_site_name":"Seraphina","article_publisher":"https:\/\/www.facebook.com\/seraphina.si\/","article_modified_time":"2025-12-11T07:47:21+00:00","og_image":[{"width":1080,"height":1080,"url":"https:\/\/www.seraphina.si\/wp-content\/uploads\/2024\/04\/7-2.jpg","type":"image\/jpeg"}],"schema":{"@context":"https:\/\/schema.org","@graph":[{"@type":["WebPage","CollectionPage"],"@id":"https:\/\/www.seraphina.si\/p\/zenski-uhani-iz-srebra-vera-crni-turmalin\/","url":"https:\/\/www.seraphina.si\/p\/zenski-uhani-iz-srebra-vera-crni-turmalin\/","name":"\u017denski uhani iz srebra VERA, \u010crni Turmalin - Seraphina","isPartOf":{"@id":"https:\/\/www.seraphina.si\/#website"},"primaryImageOfPage":{"@id":"https:\/\/www.seraphina.si\/p\/zenski-uhani-iz-srebra-vera-crni-turmalin\/#primaryimage"},"image":{"@id":"https:\/\/www.seraphina.si\/p\/zenski-uhani-iz-srebra-vera-crni-turmalin\/#primaryimage"},"thumbnailUrl":"https:\/\/www.seraphina.si\/wp-content\/uploads\/2024\/04\/7-2.jpg","datePublished":"2024-04-28T17:11:26+00:00","dateModified":"2025-12-11T07:47:21+00:00","description":"Uhani izdelani iz 925 srebra, z naravnim bru\u0161enim kristalom \u010drni turmalin. Premer turmalina je 7 mm. Seraphina - naravni kristali in minerali v nakitu.","breadcrumb":{"@id":"https:\/\/www.seraphina.si\/p\/zenski-uhani-iz-srebra-vera-crni-turmalin\/#breadcrumb"},"inLanguage":"hr"},{"@type":"ImageObject","inLanguage":"hr","@id":"https:\/\/www.seraphina.si\/p\/zenski-uhani-iz-srebra-vera-crni-turmalin\/#primaryimage","url":"https:\/\/www.seraphina.si\/wp-content\/uploads\/2024\/04\/7-2.jpg","contentUrl":"https:\/\/www.seraphina.si\/wp-content\/uploads\/2024\/04\/7-2.jpg","width":1080,"height":1080,"caption":"Uhani Vera - \u010crni Turmalin - Seraphina"},{"@type":"BreadcrumbList","@id":"https:\/\/www.seraphina.si\/p\/zenski-uhani-iz-srebra-vera-crni-turmalin\/#breadcrumb","itemListElement":[{"@type":"ListItem","position":1,"name":"Home","item":"https:\/\/www.seraphina.si\/"},{"@type":"ListItem","position":2,"name":"Trgovina","item":"https:\/\/www.seraphina.si\/trgovina\/"},{"@type":"ListItem","position":3,"name":"\u017denski uhani iz srebra VERA, \u010crni Turmalin"}]},{"@type":"WebSite","@id":"https:\/\/www.seraphina.si\/#website","url":"https:\/\/www.seraphina.si\/","name":"Unikatni kristalni nakit - Serafina","description":"Unikatni nakit od kristala, srebrnog prstenja i lan\u010di\u0107a -","publisher":{"@id":"https:\/\/www.seraphina.si\/#organization"},"alternateName":"Seraphina - Unikatni nakit iz kristalov","potentialAction":[{"@type":"SearchAction","target":{"@type":"EntryPoint","urlTemplate":"https:\/\/www.seraphina.si\/?s={search_term_string}"},"query-input":{"@type":"PropertyValueSpecification","valueRequired":true,"valueName":"search_term_string"}}],"inLanguage":"hr"},{"@type":"Organization","@id":"https:\/\/www.seraphina.si\/#organization","name":"Seraphina nakit","alternateName":"Seraphina spletna trgovina z nakitom, kristali in minerali","url":"https:\/\/www.seraphina.si\/","logo":{"@type":"ImageObject","inLanguage":"hr","@id":"https:\/\/www.seraphina.si\/#\/schema\/logo\/image\/","url":"https:\/\/www.seraphina.si\/wp-content\/uploads\/2025\/03\/logo-seraphina-2025-1.svg","contentUrl":"https:\/\/www.seraphina.si\/wp-content\/uploads\/2025\/03\/logo-seraphina-2025-1.svg","width":100,"height":100,"caption":"Nakit Seraphina"},"image":{"@id":"https:\/\/www.seraphina.si\/#\/schema\/logo\/image\/"},"sameAs":["https:\/\/www.facebook.com\/seraphina.si\/","https:\/\/www.instagram.com\/seraphinas_gemstones\/"]}]}},"_links":{"self":[{"href":"https:\/\/www.seraphina.si\/hr\/wp-json\/wp\/v2\/product\/12085","targetHints":{"allow":["GET"]}}],"collection":[{"href":"https:\/\/www.seraphina.si\/hr\/wp-json\/wp\/v2\/product"}],"about":[{"href":"https:\/\/www.seraphina.si\/hr\/wp-json\/wp\/v2\/types\/product"}],"wp:featuredmedia":[{"embeddable":true,"href":"https:\/\/www.seraphina.si\/hr\/wp-json\/wp\/v2\/media\/12094"}],"wp:attachment":[{"href":"https:\/\/www.seraphina.si\/hr\/wp-json\/wp\/v2\/media?parent=12085"}],"wp:term":[{"taxonomy":"horoskop","embeddable":true,"href":"https:\/\/www.seraphina.si\/hr\/wp-json\/wp\/v2\/horoskop?post=12085"},{"taxonomy":"kamen","embeddable":true,"href":"https:\/\/www.seraphina.si\/hr\/wp-json\/wp\/v2\/kamen?post=12085"},{"taxonomy":"kolekcija","embeddable":true,"href":"https:\/\/www.seraphina.si\/hr\/wp-json\/wp\/v2\/kolekcija?post=12085"},{"taxonomy":"mesec","embeddable":true,"href":"https:\/\/www.seraphina.si\/hr\/wp-json\/wp\/v2\/mesec?post=12085"},{"taxonomy":"product_brand","embeddable":true,"href":"https:\/\/www.seraphina.si\/hr\/wp-json\/wp\/v2\/product_brand?post=12085"},{"taxonomy":"product_cat","embeddable":true,"href":"https:\/\/www.seraphina.si\/hr\/wp-json\/wp\/v2\/product_cat?post=12085"},{"taxonomy":"product_tag","embeddable":true,"href":"https:\/\/www.seraphina.si\/hr\/wp-json\/wp\/v2\/product_tag?post=12085"}],"curies":[{"name":"radni list","href":"https:\/\/api.w.org\/{rel}","templated":true}]}}