{"id":8938,"date":"2024-02-29T18:40:45","date_gmt":"2024-02-29T18:40:45","guid":{"rendered":"https:\/\/www.seraphina.si\/?post_type=product&#038;p=8938"},"modified":"2026-02-14T22:26:32","modified_gmt":"2026-02-14T21:26:32","slug":"stretch-armband-perlen-sodalith","status":"publish","type":"product","link":"https:\/\/www.seraphina.si\/de\/p\/raztegljiva-zapestnica-beads-sodalit\/","title":{"rendered":"BEADS Stretch-Armband, Sodalith"},"content":{"rendered":"<p>Dehnbares Armband aus nat\u00fcrlichem Sodalith.<\/p>\n<p>Jede Perle hat einen Durchmesser von ungef\u00e4hr 6 mm.<\/p>","protected":false},"excerpt":{"rendered":"<p>Ein dehnbares Armband aus nat\u00fcrlichem Sodalith, das spirituelles Wachstum, Selbstausdruck und intellektuelle F\u00e4higkeiten unterst\u00fctzt. Es bietet emotionale Unterst\u00fctzung, f\u00f6rdert Gleichgewicht, rationales Denken und Intuition. Es st\u00e4rkt das Selbstwertgef\u00fchl und das Selbstvertrauen, lindert \u00c4ngste, heilt geistige Verwirrung, Phobien und Traumata.<\/p>","protected":false},"featured_media":24932,"template":"","meta":{"_acf_changed":false,"inline_featured_image":false},"horoskop":[],"kamen":[706],"kolekcija":[],"mesec":[],"product_brand":[],"product_cat":[764,288,183,26],"product_tag":[394,63],"class_list":{"0":"post-8938","1":"product","2":"type-product","3":"status-publish","4":"has-post-thumbnail","6":"kamen-sodalit","7":"product_cat-elasticne-in-pletene-zapestnice","8":"product_cat-kabosoni-polirani-kristali-in-minerali","9":"product_cat-vsa-ponudba","10":"product_cat-zapestnice","11":"product_tag-sodalit","12":"product_tag-zapestnica","13":"pa_horoskop-devica","14":"pa_horoskop-strelec","15":"pa_kamen-sodalit","16":"tm-has-options","18":"first","19":"instock","20":"taxable","21":"shipping-taxable","22":"purchasable","23":"product-type-simple"},"acf":[],"yoast_head":"<!-- This site is optimized with the Yoast SEO plugin v27.3 - https:\/\/yoast.com\/product\/yoast-seo-wordpress\/ -->\n<title>Raztegljiva zapestnica BEADS, Sodalit<\/title>\n<meta name=\"description\" content=\"Raztegljiva zapestnica iz kroglic naravnega sodalita. Seraphina - izbrani naravni kristali in minerali v nakitu.\" \/>\n<meta name=\"robots\" content=\"index, follow, max-snippet:-1, max-image-preview:large, max-video-preview:-1\" \/>\n<link rel=\"canonical\" href=\"https:\/\/www.seraphina.si\/de\/p\/stretch-armband-perlen-sodalith\/\" \/>\n<meta property=\"og:locale\" content=\"de_DE\" \/>\n<meta property=\"og:type\" content=\"article\" \/>\n<meta property=\"og:title\" content=\"Raztegljiva zapestnica BEADS, Sodalit\" \/>\n<meta property=\"og:description\" content=\"Raztegljiva zapestnica iz kroglic naravnega sodalita. Seraphina - izbrani naravni kristali in minerali v nakitu.\" \/>\n<meta property=\"og:url\" content=\"https:\/\/www.seraphina.si\/de\/p\/stretch-armband-perlen-sodalith\/\" \/>\n<meta property=\"og:site_name\" content=\"Seraphina\" \/>\n<meta property=\"article:publisher\" content=\"https:\/\/www.facebook.com\/seraphina.si\/\" \/>\n<meta property=\"article:modified_time\" content=\"2026-02-14T21:26:32+00:00\" \/>\n<meta property=\"og:image\" content=\"https:\/\/www.seraphina.si\/wp-content\/uploads\/2024\/02\/Copy-of-Template-earrings.png\" \/>\n\t<meta property=\"og:image:width\" content=\"810\" \/>\n\t<meta property=\"og:image:height\" content=\"810\" \/>\n\t<meta property=\"og:image:type\" content=\"image\/png\" \/>\n<script type=\"application\/ld+json\" class=\"yoast-schema-graph\">{\"@context\":\"https:\\\/\\\/schema.org\",\"@graph\":[{\"@type\":[\"WebPage\",\"CollectionPage\"],\"@id\":\"https:\\\/\\\/www.seraphina.si\\\/p\\\/raztegljiva-zapestnica-beads-sodalit\\\/\",\"url\":\"https:\\\/\\\/www.seraphina.si\\\/p\\\/raztegljiva-zapestnica-beads-sodalit\\\/\",\"name\":\"Raztegljiva zapestnica BEADS, Sodalit\",\"isPartOf\":{\"@id\":\"https:\\\/\\\/www.seraphina.si\\\/#website\"},\"primaryImageOfPage\":{\"@id\":\"https:\\\/\\\/www.seraphina.si\\\/p\\\/raztegljiva-zapestnica-beads-sodalit\\\/#primaryimage\"},\"image\":{\"@id\":\"https:\\\/\\\/www.seraphina.si\\\/p\\\/raztegljiva-zapestnica-beads-sodalit\\\/#primaryimage\"},\"thumbnailUrl\":\"https:\\\/\\\/www.seraphina.si\\\/wp-content\\\/uploads\\\/2024\\\/02\\\/Copy-of-Template-earrings.png\",\"datePublished\":\"2024-02-29T18:40:45+00:00\",\"dateModified\":\"2026-02-14T21:26:32+00:00\",\"description\":\"Raztegljiva zapestnica iz kroglic naravnega sodalita. Seraphina - izbrani naravni kristali in minerali v nakitu.\",\"breadcrumb\":{\"@id\":\"https:\\\/\\\/www.seraphina.si\\\/p\\\/raztegljiva-zapestnica-beads-sodalit\\\/#breadcrumb\"},\"inLanguage\":\"de\"},{\"@type\":\"ImageObject\",\"inLanguage\":\"de\",\"@id\":\"https:\\\/\\\/www.seraphina.si\\\/p\\\/raztegljiva-zapestnica-beads-sodalit\\\/#primaryimage\",\"url\":\"https:\\\/\\\/www.seraphina.si\\\/wp-content\\\/uploads\\\/2024\\\/02\\\/Copy-of-Template-earrings.png\",\"contentUrl\":\"https:\\\/\\\/www.seraphina.si\\\/wp-content\\\/uploads\\\/2024\\\/02\\\/Copy-of-Template-earrings.png\",\"width\":810,\"height\":810,\"caption\":\"Raztegljiva zapestnica BEADS, Sodalit\"},{\"@type\":\"BreadcrumbList\",\"@id\":\"https:\\\/\\\/www.seraphina.si\\\/p\\\/raztegljiva-zapestnica-beads-sodalit\\\/#breadcrumb\",\"itemListElement\":[{\"@type\":\"ListItem\",\"position\":1,\"name\":\"Home\",\"item\":\"https:\\\/\\\/www.seraphina.si\\\/\"},{\"@type\":\"ListItem\",\"position\":2,\"name\":\"Trgovina\",\"item\":\"https:\\\/\\\/www.seraphina.si\\\/trgovina\\\/\"},{\"@type\":\"ListItem\",\"position\":3,\"name\":\"Raztegljiva zapestnica BEADS, Sodalit\"}]},{\"@type\":\"WebSite\",\"@id\":\"https:\\\/\\\/www.seraphina.si\\\/#website\",\"url\":\"https:\\\/\\\/www.seraphina.si\\\/\",\"name\":\"Unikatni nakit iz kristalov - Seraphina\",\"description\":\"Unikatni nakit kamen iz kristalov, srebrni prstani in veri\u017eice -\",\"publisher\":{\"@id\":\"https:\\\/\\\/www.seraphina.si\\\/#organization\"},\"alternateName\":\"Seraphina - Unikatni nakit iz kristalov\",\"potentialAction\":[{\"@type\":\"SearchAction\",\"target\":{\"@type\":\"EntryPoint\",\"urlTemplate\":\"https:\\\/\\\/www.seraphina.si\\\/?s={search_term_string}\"},\"query-input\":{\"@type\":\"PropertyValueSpecification\",\"valueRequired\":true,\"valueName\":\"search_term_string\"}}],\"inLanguage\":\"de\"},{\"@type\":\"Organization\",\"@id\":\"https:\\\/\\\/www.seraphina.si\\\/#organization\",\"name\":\"Nakit Seraphina\",\"alternateName\":\"Seraphina spletna trgovina z nakitom, kristali in minerali\",\"url\":\"https:\\\/\\\/www.seraphina.si\\\/\",\"logo\":{\"@type\":\"ImageObject\",\"inLanguage\":\"de\",\"@id\":\"https:\\\/\\\/www.seraphina.si\\\/#\\\/schema\\\/logo\\\/image\\\/\",\"url\":\"https:\\\/\\\/www.seraphina.si\\\/wp-content\\\/uploads\\\/2025\\\/03\\\/logo-seraphina-2025-1.svg\",\"contentUrl\":\"https:\\\/\\\/www.seraphina.si\\\/wp-content\\\/uploads\\\/2025\\\/03\\\/logo-seraphina-2025-1.svg\",\"width\":100,\"height\":100,\"caption\":\"Nakit Seraphina\"},\"image\":{\"@id\":\"https:\\\/\\\/www.seraphina.si\\\/#\\\/schema\\\/logo\\\/image\\\/\"},\"sameAs\":[\"https:\\\/\\\/www.facebook.com\\\/seraphina.si\\\/\",\"https:\\\/\\\/www.instagram.com\\\/seraphinas_gemstones\\\/\"]}]}<\/script>\n<!-- \/ Yoast SEO plugin. -->","yoast_head_json":{"title":"BEADS Stretch-Armband, Sodalith","description":"Dehnbares Armband aus nat\u00fcrlichen Sodalith-Perlen. Seraphina - ausgew\u00e4hlte nat\u00fcrliche Kristalle und Mineralien in Schmuck.","robots":{"index":"index","follow":"follow","max-snippet":"max-snippet:-1","max-image-preview":"max-image-preview:large","max-video-preview":"max-video-preview:-1"},"canonical":"https:\/\/www.seraphina.si\/de\/p\/stretch-armband-perlen-sodalith\/","og_locale":"de_DE","og_type":"article","og_title":"Raztegljiva zapestnica BEADS, Sodalit","og_description":"Raztegljiva zapestnica iz kroglic naravnega sodalita. Seraphina - izbrani naravni kristali in minerali v nakitu.","og_url":"https:\/\/www.seraphina.si\/de\/p\/stretch-armband-perlen-sodalith\/","og_site_name":"Seraphina","article_publisher":"https:\/\/www.facebook.com\/seraphina.si\/","article_modified_time":"2026-02-14T21:26:32+00:00","og_image":[{"width":810,"height":810,"url":"https:\/\/www.seraphina.si\/wp-content\/uploads\/2024\/02\/Copy-of-Template-earrings.png","type":"image\/png"}],"schema":{"@context":"https:\/\/schema.org","@graph":[{"@type":["WebPage","CollectionPage"],"@id":"https:\/\/www.seraphina.si\/p\/raztegljiva-zapestnica-beads-sodalit\/","url":"https:\/\/www.seraphina.si\/p\/raztegljiva-zapestnica-beads-sodalit\/","name":"BEADS Stretch-Armband, Sodalith","isPartOf":{"@id":"https:\/\/www.seraphina.si\/#website"},"primaryImageOfPage":{"@id":"https:\/\/www.seraphina.si\/p\/raztegljiva-zapestnica-beads-sodalit\/#primaryimage"},"image":{"@id":"https:\/\/www.seraphina.si\/p\/raztegljiva-zapestnica-beads-sodalit\/#primaryimage"},"thumbnailUrl":"https:\/\/www.seraphina.si\/wp-content\/uploads\/2024\/02\/Copy-of-Template-earrings.png","datePublished":"2024-02-29T18:40:45+00:00","dateModified":"2026-02-14T21:26:32+00:00","description":"Dehnbares Armband aus nat\u00fcrlichen Sodalith-Perlen. Seraphina - ausgew\u00e4hlte nat\u00fcrliche Kristalle und Mineralien in Schmuck.","breadcrumb":{"@id":"https:\/\/www.seraphina.si\/p\/raztegljiva-zapestnica-beads-sodalit\/#breadcrumb"},"inLanguage":"de"},{"@type":"ImageObject","inLanguage":"de","@id":"https:\/\/www.seraphina.si\/p\/raztegljiva-zapestnica-beads-sodalit\/#primaryimage","url":"https:\/\/www.seraphina.si\/wp-content\/uploads\/2024\/02\/Copy-of-Template-earrings.png","contentUrl":"https:\/\/www.seraphina.si\/wp-content\/uploads\/2024\/02\/Copy-of-Template-earrings.png","width":810,"height":810,"caption":"Raztegljiva zapestnica BEADS, Sodalit"},{"@type":"BreadcrumbList","@id":"https:\/\/www.seraphina.si\/p\/raztegljiva-zapestnica-beads-sodalit\/#breadcrumb","itemListElement":[{"@type":"ListItem","position":1,"name":"Home","item":"https:\/\/www.seraphina.si\/"},{"@type":"ListItem","position":2,"name":"Trgovina","item":"https:\/\/www.seraphina.si\/trgovina\/"},{"@type":"ListItem","position":3,"name":"Raztegljiva zapestnica BEADS, Sodalit"}]},{"@type":"WebSite","@id":"https:\/\/www.seraphina.si\/#website","url":"https:\/\/www.seraphina.si\/","name":"Einzigartiger Kristallschmuck - Seraphina","description":"Einzigartiger Kristallsteinschmuck, Silberringe und Ketten -","publisher":{"@id":"https:\/\/www.seraphina.si\/#organization"},"alternateName":"Seraphina - Unikatni nakit iz kristalov","potentialAction":[{"@type":"SearchAction","target":{"@type":"EntryPoint","urlTemplate":"https:\/\/www.seraphina.si\/?s={search_term_string}"},"query-input":{"@type":"PropertyValueSpecification","valueRequired":true,"valueName":"search_term_string"}}],"inLanguage":"de"},{"@type":"Organization","@id":"https:\/\/www.seraphina.si\/#organization","name":"Nakit Seraphina","alternateName":"Seraphina spletna trgovina z nakitom, kristali in minerali","url":"https:\/\/www.seraphina.si\/","logo":{"@type":"ImageObject","inLanguage":"de","@id":"https:\/\/www.seraphina.si\/#\/schema\/logo\/image\/","url":"https:\/\/www.seraphina.si\/wp-content\/uploads\/2025\/03\/logo-seraphina-2025-1.svg","contentUrl":"https:\/\/www.seraphina.si\/wp-content\/uploads\/2025\/03\/logo-seraphina-2025-1.svg","width":100,"height":100,"caption":"Nakit Seraphina"},"image":{"@id":"https:\/\/www.seraphina.si\/#\/schema\/logo\/image\/"},"sameAs":["https:\/\/www.facebook.com\/seraphina.si\/","https:\/\/www.instagram.com\/seraphinas_gemstones\/"]}]}},"_links":{"self":[{"href":"https:\/\/www.seraphina.si\/de\/wp-json\/wp\/v2\/product\/8938","targetHints":{"allow":["GET"]}}],"collection":[{"href":"https:\/\/www.seraphina.si\/de\/wp-json\/wp\/v2\/product"}],"about":[{"href":"https:\/\/www.seraphina.si\/de\/wp-json\/wp\/v2\/types\/product"}],"wp:featuredmedia":[{"embeddable":true,"href":"https:\/\/www.seraphina.si\/de\/wp-json\/wp\/v2\/media\/24932"}],"wp:attachment":[{"href":"https:\/\/www.seraphina.si\/de\/wp-json\/wp\/v2\/media?parent=8938"}],"wp:term":[{"taxonomy":"horoskop","embeddable":true,"href":"https:\/\/www.seraphina.si\/de\/wp-json\/wp\/v2\/horoskop?post=8938"},{"taxonomy":"kamen","embeddable":true,"href":"https:\/\/www.seraphina.si\/de\/wp-json\/wp\/v2\/kamen?post=8938"},{"taxonomy":"kolekcija","embeddable":true,"href":"https:\/\/www.seraphina.si\/de\/wp-json\/wp\/v2\/kolekcija?post=8938"},{"taxonomy":"mesec","embeddable":true,"href":"https:\/\/www.seraphina.si\/de\/wp-json\/wp\/v2\/mesec?post=8938"},{"taxonomy":"product_brand","embeddable":true,"href":"https:\/\/www.seraphina.si\/de\/wp-json\/wp\/v2\/product_brand?post=8938"},{"taxonomy":"product_cat","embeddable":true,"href":"https:\/\/www.seraphina.si\/de\/wp-json\/wp\/v2\/product_cat?post=8938"},{"taxonomy":"product_tag","embeddable":true,"href":"https:\/\/www.seraphina.si\/de\/wp-json\/wp\/v2\/product_tag?post=8938"}],"curies":[{"name":"wp","href":"https:\/\/api.w.org\/{rel}","templated":true}]}}