{"id":8676,"date":"2022-07-27T12:46:14","date_gmt":"2022-07-27T12:46:14","guid":{"rendered":"https:\/\/www.seraphina.si\/?post_type=product&#038;p=8676"},"modified":"2026-03-26T10:52:17","modified_gmt":"2026-03-26T09:52:17","slug":"zenska-klasicna-verizica-iz-srebra-s-podaljskom-gladka","status":"publish","type":"product","link":"https:\/\/www.seraphina.si\/de\/p\/zenska-klasicna-verizica-iz-srebra-s-podaljskom-gladka\/","title":{"rendered":"\u017denska klasi\u010dna veri\u017eica iz srebra s podalj\u0161kom &#8211; gladka"},"content":{"rendered":"<p>Klasi\u010dna veri\u017eica iz srebra 925 s podalj\u0161kom za nastavljivo prilaganje.<\/p>\n<p>Erh\u00e4ltlich in 3 Versionen:<\/p>\n<ul>\n<li>Sterlingsilber<\/li>\n<li>925er Sterlingsilber mit Rhodiumbeschichtung<\/li>\n<li>925 Silber vergoldet mit 18kt Gold, Vergoldungsst\u00e4rke 2,5 Mikron<\/li>\n<\/ul>\n<p>&nbsp;<\/p>","protected":false},"excerpt":{"rendered":"<p>Klasi\u010dna veri\u017eica iz srebra 925. Izbirate lahko med razli\u010dnimi dol\u017einami in 3 razli\u010dicami: srebro 925, srebro 925 s prevleko iz rodija in srebro 925 s pozlato \u010distine 750\/1000 (18 karatov).<\/p>\n<p>&nbsp;<\/p>","protected":false},"featured_media":22698,"template":"","meta":{"_acf_changed":false,"inline_featured_image":false},"horoskop":[],"kamen":[],"kolekcija":[753],"mesec":[],"product_brand":[],"product_cat":[612,27,29,183],"product_tag":[41,45,33,40],"class_list":{"0":"post-8676","1":"product","2":"type-product","3":"status-publish","4":"has-post-thumbnail","6":"kolekcija-silver","7":"product_cat-navadne-verizice","8":"product_cat-obeski-in-verizice","9":"product_cat-verizice","10":"product_cat-vsa-ponudba","11":"product_tag-41","12":"product_tag-srebrna","13":"product_tag-srebro","14":"product_tag-verizica","15":"tm-has-options","17":"first","18":"instock","19":"taxable","20":"shipping-taxable","21":"purchasable","22":"product-type-variable"},"acf":[],"yoast_head":"<!-- This site is optimized with the Yoast SEO plugin v27.3 - https:\/\/yoast.com\/product\/yoast-seo-wordpress\/ -->\n<title>\u017denska klasi\u010dna veri\u017eica iz srebra s podalj\u0161kom - gladka Seraphina<\/title>\n<meta name=\"description\" content=\"Gladka veri\u017eica iz srebra 925. Seraphina - nakit z naravnimi kristali in minerali.\" \/>\n<meta name=\"robots\" content=\"index, follow, max-snippet:-1, max-image-preview:large, max-video-preview:-1\" \/>\n<link rel=\"canonical\" href=\"https:\/\/www.seraphina.si\/de\/p\/zenska-klasicna-verizica-iz-srebra-s-podaljskom-gladka\/\" \/>\n<meta property=\"og:locale\" content=\"de_DE\" \/>\n<meta property=\"og:type\" content=\"article\" \/>\n<meta property=\"og:title\" content=\"\u017denska klasi\u010dna veri\u017eica iz srebra s podalj\u0161kom - gladka Seraphina\" \/>\n<meta property=\"og:description\" content=\"Gladka veri\u017eica iz srebra 925. Seraphina - nakit z naravnimi kristali in minerali.\" \/>\n<meta property=\"og:url\" content=\"https:\/\/www.seraphina.si\/de\/p\/zenska-klasicna-verizica-iz-srebra-s-podaljskom-gladka\/\" \/>\n<meta property=\"og:site_name\" content=\"Seraphina\" \/>\n<meta property=\"article:publisher\" content=\"https:\/\/www.facebook.com\/seraphina.si\/\" \/>\n<meta property=\"article:modified_time\" content=\"2026-03-26T09:52:17+00:00\" \/>\n<meta property=\"og:image\" content=\"https:\/\/www.seraphina.si\/wp-content\/uploads\/2022\/07\/SN-CMR-35-1_850c7fd7-75a8-4617-b4bb-ed863f0d9ab5-spod.jpg\" \/>\n\t<meta property=\"og:image:width\" content=\"900\" \/>\n\t<meta property=\"og:image:height\" content=\"900\" \/>\n\t<meta property=\"og:image:type\" content=\"image\/jpeg\" \/>\n<script type=\"application\/ld+json\" class=\"yoast-schema-graph\">{\"@context\":\"https:\\\/\\\/schema.org\",\"@graph\":[{\"@type\":[\"WebPage\",\"CollectionPage\"],\"@id\":\"https:\\\/\\\/www.seraphina.si\\\/p\\\/zenska-klasicna-verizica-iz-srebra-s-podaljskom-gladka\\\/\",\"url\":\"https:\\\/\\\/www.seraphina.si\\\/p\\\/zenska-klasicna-verizica-iz-srebra-s-podaljskom-gladka\\\/\",\"name\":\"\u017denska klasi\u010dna veri\u017eica iz srebra s podalj\u0161kom - gladka Seraphina\",\"isPartOf\":{\"@id\":\"https:\\\/\\\/www.seraphina.si\\\/#website\"},\"primaryImageOfPage\":{\"@id\":\"https:\\\/\\\/www.seraphina.si\\\/p\\\/zenska-klasicna-verizica-iz-srebra-s-podaljskom-gladka\\\/#primaryimage\"},\"image\":{\"@id\":\"https:\\\/\\\/www.seraphina.si\\\/p\\\/zenska-klasicna-verizica-iz-srebra-s-podaljskom-gladka\\\/#primaryimage\"},\"thumbnailUrl\":\"https:\\\/\\\/www.seraphina.si\\\/wp-content\\\/uploads\\\/2022\\\/07\\\/SN-CMR-35-1_850c7fd7-75a8-4617-b4bb-ed863f0d9ab5-spod.jpg\",\"datePublished\":\"2022-07-27T12:46:14+00:00\",\"dateModified\":\"2026-03-26T09:52:17+00:00\",\"description\":\"Gladka veri\u017eica iz srebra 925. Seraphina - nakit z naravnimi kristali in minerali.\",\"breadcrumb\":{\"@id\":\"https:\\\/\\\/www.seraphina.si\\\/p\\\/zenska-klasicna-verizica-iz-srebra-s-podaljskom-gladka\\\/#breadcrumb\"},\"inLanguage\":\"de\"},{\"@type\":\"ImageObject\",\"inLanguage\":\"de\",\"@id\":\"https:\\\/\\\/www.seraphina.si\\\/p\\\/zenska-klasicna-verizica-iz-srebra-s-podaljskom-gladka\\\/#primaryimage\",\"url\":\"https:\\\/\\\/www.seraphina.si\\\/wp-content\\\/uploads\\\/2022\\\/07\\\/SN-CMR-35-1_850c7fd7-75a8-4617-b4bb-ed863f0d9ab5-spod.jpg\",\"contentUrl\":\"https:\\\/\\\/www.seraphina.si\\\/wp-content\\\/uploads\\\/2022\\\/07\\\/SN-CMR-35-1_850c7fd7-75a8-4617-b4bb-ed863f0d9ab5-spod.jpg\",\"width\":900,\"height\":900,\"caption\":\"\u017denska klasi\u010dna veri\u017eica iz srebra s podalj\u0161kom - gladka\"},{\"@type\":\"BreadcrumbList\",\"@id\":\"https:\\\/\\\/www.seraphina.si\\\/p\\\/zenska-klasicna-verizica-iz-srebra-s-podaljskom-gladka\\\/#breadcrumb\",\"itemListElement\":[{\"@type\":\"ListItem\",\"position\":1,\"name\":\"Home\",\"item\":\"https:\\\/\\\/www.seraphina.si\\\/\"},{\"@type\":\"ListItem\",\"position\":2,\"name\":\"Trgovina\",\"item\":\"https:\\\/\\\/www.seraphina.si\\\/trgovina\\\/\"},{\"@type\":\"ListItem\",\"position\":3,\"name\":\"\u017denska klasi\u010dna veri\u017eica iz srebra s podalj\u0161kom &#8211; gladka\"}]},{\"@type\":\"WebSite\",\"@id\":\"https:\\\/\\\/www.seraphina.si\\\/#website\",\"url\":\"https:\\\/\\\/www.seraphina.si\\\/\",\"name\":\"Unikatni nakit iz kristalov - Seraphina\",\"description\":\"Unikatni nakit kamen iz kristalov, srebrni prstani in veri\u017eice -\",\"publisher\":{\"@id\":\"https:\\\/\\\/www.seraphina.si\\\/#organization\"},\"alternateName\":\"Seraphina - Unikatni nakit iz kristalov\",\"potentialAction\":[{\"@type\":\"SearchAction\",\"target\":{\"@type\":\"EntryPoint\",\"urlTemplate\":\"https:\\\/\\\/www.seraphina.si\\\/?s={search_term_string}\"},\"query-input\":{\"@type\":\"PropertyValueSpecification\",\"valueRequired\":true,\"valueName\":\"search_term_string\"}}],\"inLanguage\":\"de\"},{\"@type\":\"Organization\",\"@id\":\"https:\\\/\\\/www.seraphina.si\\\/#organization\",\"name\":\"Nakit Seraphina\",\"alternateName\":\"Seraphina spletna trgovina z nakitom, kristali in minerali\",\"url\":\"https:\\\/\\\/www.seraphina.si\\\/\",\"logo\":{\"@type\":\"ImageObject\",\"inLanguage\":\"de\",\"@id\":\"https:\\\/\\\/www.seraphina.si\\\/#\\\/schema\\\/logo\\\/image\\\/\",\"url\":\"https:\\\/\\\/www.seraphina.si\\\/wp-content\\\/uploads\\\/2025\\\/03\\\/logo-seraphina-2025-1.svg\",\"contentUrl\":\"https:\\\/\\\/www.seraphina.si\\\/wp-content\\\/uploads\\\/2025\\\/03\\\/logo-seraphina-2025-1.svg\",\"width\":100,\"height\":100,\"caption\":\"Nakit Seraphina\"},\"image\":{\"@id\":\"https:\\\/\\\/www.seraphina.si\\\/#\\\/schema\\\/logo\\\/image\\\/\"},\"sameAs\":[\"https:\\\/\\\/www.facebook.com\\\/seraphina.si\\\/\",\"https:\\\/\\\/www.instagram.com\\\/seraphinas_gemstones\\\/\"]}]}<\/script>\n<!-- \/ Yoast SEO plugin. -->","yoast_head_json":{"title":"\u017denska klasi\u010dna veri\u017eica iz srebra s podalj\u0161kom - gladka Seraphina","description":"Gladka veri\u017eica iz srebra 925. Seraphina - nakit z naravnimi kristali in minerali.","robots":{"index":"index","follow":"follow","max-snippet":"max-snippet:-1","max-image-preview":"max-image-preview:large","max-video-preview":"max-video-preview:-1"},"canonical":"https:\/\/www.seraphina.si\/de\/p\/zenska-klasicna-verizica-iz-srebra-s-podaljskom-gladka\/","og_locale":"de_DE","og_type":"article","og_title":"\u017denska klasi\u010dna veri\u017eica iz srebra s podalj\u0161kom - gladka Seraphina","og_description":"Gladka veri\u017eica iz srebra 925. Seraphina - nakit z naravnimi kristali in minerali.","og_url":"https:\/\/www.seraphina.si\/de\/p\/zenska-klasicna-verizica-iz-srebra-s-podaljskom-gladka\/","og_site_name":"Seraphina","article_publisher":"https:\/\/www.facebook.com\/seraphina.si\/","article_modified_time":"2026-03-26T09:52:17+00:00","og_image":[{"width":900,"height":900,"url":"https:\/\/www.seraphina.si\/wp-content\/uploads\/2022\/07\/SN-CMR-35-1_850c7fd7-75a8-4617-b4bb-ed863f0d9ab5-spod.jpg","type":"image\/jpeg"}],"schema":{"@context":"https:\/\/schema.org","@graph":[{"@type":["WebPage","CollectionPage"],"@id":"https:\/\/www.seraphina.si\/p\/zenska-klasicna-verizica-iz-srebra-s-podaljskom-gladka\/","url":"https:\/\/www.seraphina.si\/p\/zenska-klasicna-verizica-iz-srebra-s-podaljskom-gladka\/","name":"\u017denska klasi\u010dna veri\u017eica iz srebra s podalj\u0161kom - gladka Seraphina","isPartOf":{"@id":"https:\/\/www.seraphina.si\/#website"},"primaryImageOfPage":{"@id":"https:\/\/www.seraphina.si\/p\/zenska-klasicna-verizica-iz-srebra-s-podaljskom-gladka\/#primaryimage"},"image":{"@id":"https:\/\/www.seraphina.si\/p\/zenska-klasicna-verizica-iz-srebra-s-podaljskom-gladka\/#primaryimage"},"thumbnailUrl":"https:\/\/www.seraphina.si\/wp-content\/uploads\/2022\/07\/SN-CMR-35-1_850c7fd7-75a8-4617-b4bb-ed863f0d9ab5-spod.jpg","datePublished":"2022-07-27T12:46:14+00:00","dateModified":"2026-03-26T09:52:17+00:00","description":"Gladka veri\u017eica iz srebra 925. Seraphina - nakit z naravnimi kristali in minerali.","breadcrumb":{"@id":"https:\/\/www.seraphina.si\/p\/zenska-klasicna-verizica-iz-srebra-s-podaljskom-gladka\/#breadcrumb"},"inLanguage":"de"},{"@type":"ImageObject","inLanguage":"de","@id":"https:\/\/www.seraphina.si\/p\/zenska-klasicna-verizica-iz-srebra-s-podaljskom-gladka\/#primaryimage","url":"https:\/\/www.seraphina.si\/wp-content\/uploads\/2022\/07\/SN-CMR-35-1_850c7fd7-75a8-4617-b4bb-ed863f0d9ab5-spod.jpg","contentUrl":"https:\/\/www.seraphina.si\/wp-content\/uploads\/2022\/07\/SN-CMR-35-1_850c7fd7-75a8-4617-b4bb-ed863f0d9ab5-spod.jpg","width":900,"height":900,"caption":"\u017denska klasi\u010dna veri\u017eica iz srebra s podalj\u0161kom - gladka"},{"@type":"BreadcrumbList","@id":"https:\/\/www.seraphina.si\/p\/zenska-klasicna-verizica-iz-srebra-s-podaljskom-gladka\/#breadcrumb","itemListElement":[{"@type":"ListItem","position":1,"name":"Home","item":"https:\/\/www.seraphina.si\/"},{"@type":"ListItem","position":2,"name":"Trgovina","item":"https:\/\/www.seraphina.si\/trgovina\/"},{"@type":"ListItem","position":3,"name":"\u017denska klasi\u010dna veri\u017eica iz srebra s podalj\u0161kom &#8211; gladka"}]},{"@type":"WebSite","@id":"https:\/\/www.seraphina.si\/#website","url":"https:\/\/www.seraphina.si\/","name":"Einzigartiger Kristallschmuck - Seraphina","description":"Einzigartiger Kristallsteinschmuck, Silberringe und Ketten -","publisher":{"@id":"https:\/\/www.seraphina.si\/#organization"},"alternateName":"Seraphina - Unikatni nakit iz kristalov","potentialAction":[{"@type":"SearchAction","target":{"@type":"EntryPoint","urlTemplate":"https:\/\/www.seraphina.si\/?s={search_term_string}"},"query-input":{"@type":"PropertyValueSpecification","valueRequired":true,"valueName":"search_term_string"}}],"inLanguage":"de"},{"@type":"Organization","@id":"https:\/\/www.seraphina.si\/#organization","name":"Nakit Seraphina","alternateName":"Seraphina spletna trgovina z nakitom, kristali in minerali","url":"https:\/\/www.seraphina.si\/","logo":{"@type":"ImageObject","inLanguage":"de","@id":"https:\/\/www.seraphina.si\/#\/schema\/logo\/image\/","url":"https:\/\/www.seraphina.si\/wp-content\/uploads\/2025\/03\/logo-seraphina-2025-1.svg","contentUrl":"https:\/\/www.seraphina.si\/wp-content\/uploads\/2025\/03\/logo-seraphina-2025-1.svg","width":100,"height":100,"caption":"Nakit Seraphina"},"image":{"@id":"https:\/\/www.seraphina.si\/#\/schema\/logo\/image\/"},"sameAs":["https:\/\/www.facebook.com\/seraphina.si\/","https:\/\/www.instagram.com\/seraphinas_gemstones\/"]}]}},"_links":{"self":[{"href":"https:\/\/www.seraphina.si\/de\/wp-json\/wp\/v2\/product\/8676","targetHints":{"allow":["GET"]}}],"collection":[{"href":"https:\/\/www.seraphina.si\/de\/wp-json\/wp\/v2\/product"}],"about":[{"href":"https:\/\/www.seraphina.si\/de\/wp-json\/wp\/v2\/types\/product"}],"wp:featuredmedia":[{"embeddable":true,"href":"https:\/\/www.seraphina.si\/de\/wp-json\/wp\/v2\/media\/22698"}],"wp:attachment":[{"href":"https:\/\/www.seraphina.si\/de\/wp-json\/wp\/v2\/media?parent=8676"}],"wp:term":[{"taxonomy":"horoskop","embeddable":true,"href":"https:\/\/www.seraphina.si\/de\/wp-json\/wp\/v2\/horoskop?post=8676"},{"taxonomy":"kamen","embeddable":true,"href":"https:\/\/www.seraphina.si\/de\/wp-json\/wp\/v2\/kamen?post=8676"},{"taxonomy":"kolekcija","embeddable":true,"href":"https:\/\/www.seraphina.si\/de\/wp-json\/wp\/v2\/kolekcija?post=8676"},{"taxonomy":"mesec","embeddable":true,"href":"https:\/\/www.seraphina.si\/de\/wp-json\/wp\/v2\/mesec?post=8676"},{"taxonomy":"product_brand","embeddable":true,"href":"https:\/\/www.seraphina.si\/de\/wp-json\/wp\/v2\/product_brand?post=8676"},{"taxonomy":"product_cat","embeddable":true,"href":"https:\/\/www.seraphina.si\/de\/wp-json\/wp\/v2\/product_cat?post=8676"},{"taxonomy":"product_tag","embeddable":true,"href":"https:\/\/www.seraphina.si\/de\/wp-json\/wp\/v2\/product_tag?post=8676"}],"curies":[{"name":"wp","href":"https:\/\/api.w.org\/{rel}","templated":true}]}}