{"id":8510,"date":"2024-01-30T10:31:01","date_gmt":"2024-01-30T10:31:01","guid":{"rendered":"https:\/\/www.seraphina.si\/?post_type=product&#038;p=8510"},"modified":"2026-03-16T10:13:22","modified_gmt":"2026-03-16T09:13:22","slug":"damenring-aus-sterlingsilber-flora-zitronenquarz-und-weiser-topas","status":"publish","type":"product","link":"https:\/\/www.seraphina.si\/de\/p\/zenski-prstan-iz-srebra-flora-limonin-kvarc-in-beli-topaz\/","title":{"rendered":"Damenring aus Sterlingsilber FLORA, Zitronenquarz und Wei\u00dfer Topas"},"content":{"rendered":"<p>Ring aus 925er Sterlingsilber mit geschliffenem Zitronenquarzkristall und winzigen wei\u00dfen Topasen.<\/p>\n<p>Erh\u00e4ltlich in 3 Versionen:<\/p>\n<ul>\n<li>Sterlingsilber<\/li>\n<li>Sterlingsilber 925 + rhodiniert<\/li>\n<li>925er Sterlingsilber mit 750\/1000 (18 Karat) Goldplattierung, 2,5 Mikron Goldplattierung<\/li>\n<\/ul>\n<p>Der Kristall ist 9 mm x 7 mm gro\u00df.<\/p>\n<p>Jedes Produkt ist ein Unikat, und der Farbton des Zitronenquarzes variiert leicht von Produkt zu Produkt.<\/p>","protected":false},"excerpt":{"rendered":"<p>Ring aus 925er Sterlingsilber mit geschliffenem Zitronenquarz und winzigen wei\u00dfen Topasen. Zitronenquarz gilt als Gl\u00fccksstein, der \u00dcberfluss, neue M\u00f6glichkeiten, Freude und Optimismus bringt. Erh\u00e4ltlich in 3 Ausf\u00fchrungen: 925er Sterlingsilber, 925er Sterlingsilber mit Rhodiumbeschichtung oder 925er Sterlingsilber mit Goldbeschichtung von 750\/1000 Reinheit (18 Karat).<\/p>","protected":false},"featured_media":8518,"template":"","meta":{"_acf_changed":false,"inline_featured_image":false},"horoskop":[],"kamen":[664,688],"kolekcija":[],"mesec":[601],"product_brand":[],"product_cat":[289,25,31,349,183],"product_tag":[98,102,238,24,33],"class_list":{"0":"post-8510","1":"product","2":"type-product","3":"status-publish","4":"has-post-thumbnail","6":"kamen-citrin","7":"kamen-limonin-kvarc","8":"mesec-november","9":"product_cat-bruseni-kristali-in-minerali","10":"product_cat-prstani","11":"product_cat-prstani-iz-srebra","12":"product_cat-prstani-z-brusenimi-kamni","13":"product_cat-vsa-ponudba","14":"product_tag-kremen","15":"product_tag-kvarc","16":"product_tag-limonin","17":"product_tag-prstan","18":"product_tag-srebro","19":"pa_horoskop-bik","20":"pa_horoskop-devica","21":"pa_horoskop-dvojcka","22":"pa_horoskop-kozorog","23":"pa_horoskop-lev","24":"pa_horoskop-skorpijon","25":"pa_horoskop-strelec","26":"pa_kamen-limonin-kvarc","27":"tm-has-options","29":"first","30":"instock","31":"taxable","32":"shipping-taxable","33":"purchasable","34":"product-type-variable"},"acf":[],"yoast_head":"<!-- This site is optimized with the Yoast SEO plugin v27.3 - https:\/\/yoast.com\/product\/yoast-seo-wordpress\/ -->\n<title>Seraphina - Prstan Flora - Limonin Kvarc in Beli Topaz<\/title>\n<meta name=\"description\" content=\"Prstan izdelan iz 925 srebra z bru\u0161enim kristalom limonin kvarc (kremen) in drobnimi belimi topazi. Seraphina - nakit iz naravnih kristalov.\" \/>\n<meta name=\"robots\" content=\"index, follow, max-snippet:-1, max-image-preview:large, max-video-preview:-1\" \/>\n<link rel=\"canonical\" href=\"https:\/\/www.seraphina.si\/de\/p\/damenring-aus-sterlingsilber-flora-zitronenquarz-und-weiser-topas\/\" \/>\n<meta property=\"og:locale\" content=\"de_DE\" \/>\n<meta property=\"og:type\" content=\"article\" \/>\n<meta property=\"og:title\" content=\"Seraphina - Prstan Flora - Limonin Kvarc in Beli Topaz\" \/>\n<meta property=\"og:description\" content=\"Prstan izdelan iz 925 srebra z bru\u0161enim kristalom limonin kvarc (kremen) in drobnimi belimi topazi. Seraphina - nakit iz naravnih kristalov.\" \/>\n<meta property=\"og:url\" content=\"https:\/\/www.seraphina.si\/de\/p\/damenring-aus-sterlingsilber-flora-zitronenquarz-und-weiser-topas\/\" \/>\n<meta property=\"og:site_name\" content=\"Seraphina\" \/>\n<meta property=\"article:publisher\" content=\"https:\/\/www.facebook.com\/seraphina.si\/\" \/>\n<meta property=\"article:modified_time\" content=\"2026-03-16T09:13:22+00:00\" \/>\n<meta property=\"og:image\" content=\"https:\/\/www.seraphina.si\/wp-content\/uploads\/2024\/01\/3.png\" \/>\n\t<meta property=\"og:image:width\" content=\"1215\" \/>\n\t<meta property=\"og:image:height\" content=\"1215\" \/>\n\t<meta property=\"og:image:type\" content=\"image\/png\" \/>\n<script type=\"application\/ld+json\" class=\"yoast-schema-graph\">{\"@context\":\"https:\\\/\\\/schema.org\",\"@graph\":[{\"@type\":[\"WebPage\",\"CollectionPage\"],\"@id\":\"https:\\\/\\\/www.seraphina.si\\\/p\\\/zenski-prstan-iz-srebra-flora-limonin-kvarc-in-beli-topaz\\\/\",\"url\":\"https:\\\/\\\/www.seraphina.si\\\/p\\\/zenski-prstan-iz-srebra-flora-limonin-kvarc-in-beli-topaz\\\/\",\"name\":\"Seraphina - Prstan Flora - Limonin Kvarc in Beli Topaz\",\"isPartOf\":{\"@id\":\"https:\\\/\\\/www.seraphina.si\\\/#website\"},\"primaryImageOfPage\":{\"@id\":\"https:\\\/\\\/www.seraphina.si\\\/p\\\/zenski-prstan-iz-srebra-flora-limonin-kvarc-in-beli-topaz\\\/#primaryimage\"},\"image\":{\"@id\":\"https:\\\/\\\/www.seraphina.si\\\/p\\\/zenski-prstan-iz-srebra-flora-limonin-kvarc-in-beli-topaz\\\/#primaryimage\"},\"thumbnailUrl\":\"https:\\\/\\\/www.seraphina.si\\\/wp-content\\\/uploads\\\/2024\\\/01\\\/3.png\",\"datePublished\":\"2024-01-30T10:31:01+00:00\",\"dateModified\":\"2026-03-16T09:13:22+00:00\",\"description\":\"Prstan izdelan iz 925 srebra z bru\u0161enim kristalom limonin kvarc (kremen) in drobnimi belimi topazi. Seraphina - nakit iz naravnih kristalov.\",\"breadcrumb\":{\"@id\":\"https:\\\/\\\/www.seraphina.si\\\/p\\\/zenski-prstan-iz-srebra-flora-limonin-kvarc-in-beli-topaz\\\/#breadcrumb\"},\"inLanguage\":\"de\"},{\"@type\":\"ImageObject\",\"inLanguage\":\"de\",\"@id\":\"https:\\\/\\\/www.seraphina.si\\\/p\\\/zenski-prstan-iz-srebra-flora-limonin-kvarc-in-beli-topaz\\\/#primaryimage\",\"url\":\"https:\\\/\\\/www.seraphina.si\\\/wp-content\\\/uploads\\\/2024\\\/01\\\/3.png\",\"contentUrl\":\"https:\\\/\\\/www.seraphina.si\\\/wp-content\\\/uploads\\\/2024\\\/01\\\/3.png\",\"width\":1215,\"height\":1215,\"caption\":\"Prstan Flora - Limonin Kvarc in Beli Topaz - Seraphina\"},{\"@type\":\"BreadcrumbList\",\"@id\":\"https:\\\/\\\/www.seraphina.si\\\/p\\\/zenski-prstan-iz-srebra-flora-limonin-kvarc-in-beli-topaz\\\/#breadcrumb\",\"itemListElement\":[{\"@type\":\"ListItem\",\"position\":1,\"name\":\"Home\",\"item\":\"https:\\\/\\\/www.seraphina.si\\\/\"},{\"@type\":\"ListItem\",\"position\":2,\"name\":\"Trgovina\",\"item\":\"https:\\\/\\\/www.seraphina.si\\\/trgovina\\\/\"},{\"@type\":\"ListItem\",\"position\":3,\"name\":\"\u017denski prstan iz srebra FLORA, Limonin Kvarc in Beli Topaz\"}]},{\"@type\":\"WebSite\",\"@id\":\"https:\\\/\\\/www.seraphina.si\\\/#website\",\"url\":\"https:\\\/\\\/www.seraphina.si\\\/\",\"name\":\"Unikatni nakit iz kristalov - Seraphina\",\"description\":\"Unikatni nakit kamen iz kristalov, srebrni prstani in veri\u017eice -\",\"publisher\":{\"@id\":\"https:\\\/\\\/www.seraphina.si\\\/#organization\"},\"alternateName\":\"Seraphina - Unikatni nakit iz kristalov\",\"potentialAction\":[{\"@type\":\"SearchAction\",\"target\":{\"@type\":\"EntryPoint\",\"urlTemplate\":\"https:\\\/\\\/www.seraphina.si\\\/?s={search_term_string}\"},\"query-input\":{\"@type\":\"PropertyValueSpecification\",\"valueRequired\":true,\"valueName\":\"search_term_string\"}}],\"inLanguage\":\"de\"},{\"@type\":\"Organization\",\"@id\":\"https:\\\/\\\/www.seraphina.si\\\/#organization\",\"name\":\"Nakit Seraphina\",\"alternateName\":\"Seraphina spletna trgovina z nakitom, kristali in minerali\",\"url\":\"https:\\\/\\\/www.seraphina.si\\\/\",\"logo\":{\"@type\":\"ImageObject\",\"inLanguage\":\"de\",\"@id\":\"https:\\\/\\\/www.seraphina.si\\\/#\\\/schema\\\/logo\\\/image\\\/\",\"url\":\"https:\\\/\\\/www.seraphina.si\\\/wp-content\\\/uploads\\\/2025\\\/03\\\/logo-seraphina-2025-1.svg\",\"contentUrl\":\"https:\\\/\\\/www.seraphina.si\\\/wp-content\\\/uploads\\\/2025\\\/03\\\/logo-seraphina-2025-1.svg\",\"width\":100,\"height\":100,\"caption\":\"Nakit Seraphina\"},\"image\":{\"@id\":\"https:\\\/\\\/www.seraphina.si\\\/#\\\/schema\\\/logo\\\/image\\\/\"},\"sameAs\":[\"https:\\\/\\\/www.facebook.com\\\/seraphina.si\\\/\",\"https:\\\/\\\/www.instagram.com\\\/seraphinas_gemstones\\\/\"]}]}<\/script>\n<!-- \/ Yoast SEO plugin. -->","yoast_head_json":{"title":"Seraphina - Flora Ring - Zitronenquarz und Wei\u00dfer Topas","description":"Ring aus 925er Sterlingsilber mit geschliffenem Zitronenquarz und winzigen wei\u00dfen Topasen. Seraphina - Schmuck aus nat\u00fcrlichem Kristall.","robots":{"index":"index","follow":"follow","max-snippet":"max-snippet:-1","max-image-preview":"max-image-preview:large","max-video-preview":"max-video-preview:-1"},"canonical":"https:\/\/www.seraphina.si\/de\/p\/damenring-aus-sterlingsilber-flora-zitronenquarz-und-weiser-topas\/","og_locale":"de_DE","og_type":"article","og_title":"Seraphina - Prstan Flora - Limonin Kvarc in Beli Topaz","og_description":"Prstan izdelan iz 925 srebra z bru\u0161enim kristalom limonin kvarc (kremen) in drobnimi belimi topazi. Seraphina - nakit iz naravnih kristalov.","og_url":"https:\/\/www.seraphina.si\/de\/p\/damenring-aus-sterlingsilber-flora-zitronenquarz-und-weiser-topas\/","og_site_name":"Seraphina","article_publisher":"https:\/\/www.facebook.com\/seraphina.si\/","article_modified_time":"2026-03-16T09:13:22+00:00","og_image":[{"width":1215,"height":1215,"url":"https:\/\/www.seraphina.si\/wp-content\/uploads\/2024\/01\/3.png","type":"image\/png"}],"schema":{"@context":"https:\/\/schema.org","@graph":[{"@type":["WebPage","CollectionPage"],"@id":"https:\/\/www.seraphina.si\/p\/zenski-prstan-iz-srebra-flora-limonin-kvarc-in-beli-topaz\/","url":"https:\/\/www.seraphina.si\/p\/zenski-prstan-iz-srebra-flora-limonin-kvarc-in-beli-topaz\/","name":"Seraphina - Flora Ring - Zitronenquarz und Wei\u00dfer Topas","isPartOf":{"@id":"https:\/\/www.seraphina.si\/#website"},"primaryImageOfPage":{"@id":"https:\/\/www.seraphina.si\/p\/zenski-prstan-iz-srebra-flora-limonin-kvarc-in-beli-topaz\/#primaryimage"},"image":{"@id":"https:\/\/www.seraphina.si\/p\/zenski-prstan-iz-srebra-flora-limonin-kvarc-in-beli-topaz\/#primaryimage"},"thumbnailUrl":"https:\/\/www.seraphina.si\/wp-content\/uploads\/2024\/01\/3.png","datePublished":"2024-01-30T10:31:01+00:00","dateModified":"2026-03-16T09:13:22+00:00","description":"Ring aus 925er Sterlingsilber mit geschliffenem Zitronenquarz und winzigen wei\u00dfen Topasen. Seraphina - Schmuck aus nat\u00fcrlichem Kristall.","breadcrumb":{"@id":"https:\/\/www.seraphina.si\/p\/zenski-prstan-iz-srebra-flora-limonin-kvarc-in-beli-topaz\/#breadcrumb"},"inLanguage":"de"},{"@type":"ImageObject","inLanguage":"de","@id":"https:\/\/www.seraphina.si\/p\/zenski-prstan-iz-srebra-flora-limonin-kvarc-in-beli-topaz\/#primaryimage","url":"https:\/\/www.seraphina.si\/wp-content\/uploads\/2024\/01\/3.png","contentUrl":"https:\/\/www.seraphina.si\/wp-content\/uploads\/2024\/01\/3.png","width":1215,"height":1215,"caption":"Prstan Flora - Limonin Kvarc in Beli Topaz - Seraphina"},{"@type":"BreadcrumbList","@id":"https:\/\/www.seraphina.si\/p\/zenski-prstan-iz-srebra-flora-limonin-kvarc-in-beli-topaz\/#breadcrumb","itemListElement":[{"@type":"ListItem","position":1,"name":"Home","item":"https:\/\/www.seraphina.si\/"},{"@type":"ListItem","position":2,"name":"Trgovina","item":"https:\/\/www.seraphina.si\/trgovina\/"},{"@type":"ListItem","position":3,"name":"\u017denski prstan iz srebra FLORA, Limonin Kvarc in Beli Topaz"}]},{"@type":"WebSite","@id":"https:\/\/www.seraphina.si\/#website","url":"https:\/\/www.seraphina.si\/","name":"Einzigartiger Kristallschmuck - Seraphina","description":"Einzigartiger Kristallsteinschmuck, Silberringe und Ketten -","publisher":{"@id":"https:\/\/www.seraphina.si\/#organization"},"alternateName":"Seraphina - Unikatni nakit iz kristalov","potentialAction":[{"@type":"SearchAction","target":{"@type":"EntryPoint","urlTemplate":"https:\/\/www.seraphina.si\/?s={search_term_string}"},"query-input":{"@type":"PropertyValueSpecification","valueRequired":true,"valueName":"search_term_string"}}],"inLanguage":"de"},{"@type":"Organization","@id":"https:\/\/www.seraphina.si\/#organization","name":"Nakit Seraphina","alternateName":"Seraphina spletna trgovina z nakitom, kristali in minerali","url":"https:\/\/www.seraphina.si\/","logo":{"@type":"ImageObject","inLanguage":"de","@id":"https:\/\/www.seraphina.si\/#\/schema\/logo\/image\/","url":"https:\/\/www.seraphina.si\/wp-content\/uploads\/2025\/03\/logo-seraphina-2025-1.svg","contentUrl":"https:\/\/www.seraphina.si\/wp-content\/uploads\/2025\/03\/logo-seraphina-2025-1.svg","width":100,"height":100,"caption":"Nakit Seraphina"},"image":{"@id":"https:\/\/www.seraphina.si\/#\/schema\/logo\/image\/"},"sameAs":["https:\/\/www.facebook.com\/seraphina.si\/","https:\/\/www.instagram.com\/seraphinas_gemstones\/"]}]}},"_links":{"self":[{"href":"https:\/\/www.seraphina.si\/de\/wp-json\/wp\/v2\/product\/8510","targetHints":{"allow":["GET"]}}],"collection":[{"href":"https:\/\/www.seraphina.si\/de\/wp-json\/wp\/v2\/product"}],"about":[{"href":"https:\/\/www.seraphina.si\/de\/wp-json\/wp\/v2\/types\/product"}],"wp:featuredmedia":[{"embeddable":true,"href":"https:\/\/www.seraphina.si\/de\/wp-json\/wp\/v2\/media\/8518"}],"wp:attachment":[{"href":"https:\/\/www.seraphina.si\/de\/wp-json\/wp\/v2\/media?parent=8510"}],"wp:term":[{"taxonomy":"horoskop","embeddable":true,"href":"https:\/\/www.seraphina.si\/de\/wp-json\/wp\/v2\/horoskop?post=8510"},{"taxonomy":"kamen","embeddable":true,"href":"https:\/\/www.seraphina.si\/de\/wp-json\/wp\/v2\/kamen?post=8510"},{"taxonomy":"kolekcija","embeddable":true,"href":"https:\/\/www.seraphina.si\/de\/wp-json\/wp\/v2\/kolekcija?post=8510"},{"taxonomy":"mesec","embeddable":true,"href":"https:\/\/www.seraphina.si\/de\/wp-json\/wp\/v2\/mesec?post=8510"},{"taxonomy":"product_brand","embeddable":true,"href":"https:\/\/www.seraphina.si\/de\/wp-json\/wp\/v2\/product_brand?post=8510"},{"taxonomy":"product_cat","embeddable":true,"href":"https:\/\/www.seraphina.si\/de\/wp-json\/wp\/v2\/product_cat?post=8510"},{"taxonomy":"product_tag","embeddable":true,"href":"https:\/\/www.seraphina.si\/de\/wp-json\/wp\/v2\/product_tag?post=8510"}],"curies":[{"name":"wp","href":"https:\/\/api.w.org\/{rel}","templated":true}]}}