{"id":8400,"date":"2024-01-28T10:54:04","date_gmt":"2024-01-28T10:54:04","guid":{"rendered":"https:\/\/www.seraphina.si\/?post_type=product&#038;p=8400"},"modified":"2026-01-13T08:34:28","modified_gmt":"2026-01-13T07:34:28","slug":"damenohrringe-aus-sterlingsilber-isla-monate-stein","status":"publish","type":"product","link":"https:\/\/www.seraphina.si\/de\/p\/zenski-uhani-iz-srebra-isla-mesecev-kamen\/","title":{"rendered":"Damen Silberohrringe ISLA, Mondstein"},"content":{"rendered":"<p>Ohrringe aus 925er Sterlingsilber mit nat\u00fcrlichem Mondsteinkristall.<\/p>\n<p>Die Gr\u00f6\u00dfe des Mondsteins betr\u00e4gt 7 mm x 5 mm.<\/p>\n<p>Da es sich um nat\u00fcrliche Kristalle handelt, variieren die Farbnuancen und die Adulareszenz (blaues Schimmern) leicht von Produkt zu Produkt.<\/p>\n<h4><strong>Mondstein - Mondstein<\/strong><\/h4>\n<p>Herkunft: Bihar, Indien<\/p>\n<p>Der Mondstein ist ein mystischer Stein mit einer \u00fcberirdischen Ausstrahlung, der in alten Kulturen schon immer gesch\u00e4tzt wurde. Wegen seiner magischen Ausstrahlung glaubten die alten R\u00f6mer, dass der Stein im Mondlicht gefangen sei oder vielmehr aus dem Mondlicht selbst, genauer gesagt aus den geronnenen Strahlen des Mondes, geformt wurde. Seine Verwendung reicht weit zur\u00fcck, denn die alten Kulturen glaubten, dass der Stein mystische Eigenschaften besitze.<\/p>\n<p>Er wird auch als Stein der Reisenden bezeichnet, da er diejenigen sch\u00fctzt, die nachts reisen, insbesondere auf dem Meer, und viele glaubten, er sei ein Gl\u00fccksstein, der eine Verbindung zur anderen Welt herstellt.<\/p>\n<p>Seit jeher ist der Mondstein eine greifbare Verbindung zur Energie des Mondes, ein Schutzamulett f\u00fcr Reisende, ein Liebesgeschenk f\u00fcr die Leidenschaft, ein Kanal f\u00fcr die Weissagung und ein Weg zur Weisheit. Nach einer alten Volks\u00fcberlieferung kann man in die Zukunft sehen, wenn man den Mondstein bei Vollmond in den Mund nimmt, wenn er am st\u00e4rksten ist.<\/p>\n<p>Hindus glauben, dass er magische Visionen erm\u00f6glicht, Gl\u00fcck im Traum bringt und als Aphrodisiakum wirkt, wenn er von zwei Menschen getragen wird. Er bringt Leidenschaft in eine Beziehung, besonders bei Vollmond.<\/p>\n<p>Er symbolisiert Z\u00e4rtlichkeit, Liebe, Fruchtbarkeit, Intuition, emotionales Verst\u00e4ndnis und Weiblichkeit und ist der perfekte Begleiter w\u00e4hrend Schwangerschaft und Geburt. Der Mondstein beruhigt und reguliert \u00dcberreaktionen und erinnert uns daran, dass alles Teil des nat\u00fcrlichen Zyklus ist.<\/p>\n<p>Der Mondstein verbindet uns mit der Energie des Mondes, die f\u00fcr die weibliche Energie steht und mit intuitiven Funktionen in Verbindung gebracht wird. Er hilft bei der Entwicklung von Einf\u00fchlungsverm\u00f6gen und Verst\u00e4ndnis, f\u00f6rdert die Intuition und \u00fcbersinnliche F\u00e4higkeiten (Hellsichtigkeit). So wie der Mond selbst, der in seinen Zyklen auf- und untergeht, die Gezeiten erzeugt, so wird der Mondstein mit Ver\u00e4nderung, Zyklen und Erneuerung in Verbindung gebracht. Er beruhigt, stimuliert und lehrt den Tr\u00e4ger, die nat\u00fcrlichen Rhythmen des Lebens zu verstehen.<\/p>\n<p>Es hilft bei Schlaflosigkeit, Menstruationsproblemen, Empf\u00e4ngnis, Schwangerschaft, Geburt und Stillen. Sie hilft auch bei Problemen mit den weiblichen Geschlechtsorganen, reguliert die Hormone, lindert Stimmungsschwankungen und Stress.<\/p>","protected":false},"excerpt":{"rendered":"<p>Ohrringe aus 925er Sterlingsilber mit nat\u00fcrlichem Mondsteinkristall. Der Mondstein ist bekannt f\u00fcr seine mystische Ausstrahlung und symbolisiert Z\u00e4rtlichkeit, Intuition und die Verbindung zu den Zyklen des Mondes. Seine Energie beruhigt und hilft beim emotionalen Gleichgewicht, w\u00e4hrend er das Einf\u00fchlungsverm\u00f6gen und das Verst\u00e4ndnis f\u00fcr die nat\u00fcrlichen Rhythmen des Lebens f\u00f6rdert.<\/p>","protected":false},"featured_media":8402,"template":"","meta":{"_acf_changed":false,"inline_featured_image":false},"horoskop":[],"kamen":[692],"kolekcija":[721],"mesec":[596],"product_brand":[],"product_cat":[289,15,421,183],"product_tag":[34,33,46,281],"class_list":{"0":"post-8400","1":"product","2":"type-product","3":"status-publish","4":"has-post-thumbnail","6":"kamen-mesecev-kamen","7":"kolekcija-basic","8":"mesec-junij","9":"product_cat-bruseni-kristali-in-minerali","10":"product_cat-uhani","11":"product_cat-uhani-z-brusenimi-kamni","12":"product_cat-vsa-ponudba","13":"product_tag-mesecev-kamen","14":"product_tag-srebro","15":"product_tag-uhani","16":"product_tag-viseci","17":"pa_horoskop-devica","18":"pa_horoskop-dvojcka","19":"pa_horoskop-rak","20":"pa_horoskop-ribi","21":"pa_kamen-mesecev-kamen","22":"tm-has-options","24":"first","25":"onbackorder","26":"taxable","27":"shipping-taxable","28":"purchasable","29":"product-type-simple"},"acf":[],"yoast_head":"<!-- This site is optimized with the Yoast SEO plugin v27.3 - https:\/\/yoast.com\/product\/yoast-seo-wordpress\/ -->\n<title>Uhani Isla - Mese\u010dev kamen - Seraphina<\/title>\n<meta name=\"description\" content=\"Uhani izdelani iz 925 srebra z naravnim kristalom mese\u010dev kamen. Seraphina - nakit iz naravnih kristalov in poldragih - dragih kamnov.\" \/>\n<meta name=\"robots\" content=\"index, follow, max-snippet:-1, max-image-preview:large, max-video-preview:-1\" \/>\n<link rel=\"canonical\" href=\"https:\/\/www.seraphina.si\/de\/p\/damenohrringe-aus-sterlingsilber-isla-monate-stein\/\" \/>\n<meta property=\"og:locale\" content=\"de_DE\" \/>\n<meta property=\"og:type\" content=\"article\" \/>\n<meta property=\"og:title\" content=\"Uhani Isla - Mese\u010dev kamen - Seraphina\" \/>\n<meta property=\"og:description\" content=\"Uhani izdelani iz 925 srebra z naravnim kristalom mese\u010dev kamen. Seraphina - nakit iz naravnih kristalov in poldragih - dragih kamnov.\" \/>\n<meta property=\"og:url\" content=\"https:\/\/www.seraphina.si\/de\/p\/damenohrringe-aus-sterlingsilber-isla-monate-stein\/\" \/>\n<meta property=\"og:site_name\" content=\"Seraphina\" \/>\n<meta property=\"article:publisher\" content=\"https:\/\/www.facebook.com\/seraphina.si\/\" \/>\n<meta property=\"article:modified_time\" content=\"2026-01-13T07:34:28+00:00\" \/>\n<meta property=\"og:image\" content=\"https:\/\/www.seraphina.si\/wp-content\/uploads\/2024\/01\/12-2j.jpg\" \/>\n\t<meta property=\"og:image:width\" content=\"1215\" \/>\n\t<meta property=\"og:image:height\" content=\"1215\" \/>\n\t<meta property=\"og:image:type\" content=\"image\/jpeg\" \/>\n<script type=\"application\/ld+json\" class=\"yoast-schema-graph\">{\"@context\":\"https:\\\/\\\/schema.org\",\"@graph\":[{\"@type\":[\"WebPage\",\"CollectionPage\"],\"@id\":\"https:\\\/\\\/www.seraphina.si\\\/p\\\/zenski-uhani-iz-srebra-isla-mesecev-kamen\\\/\",\"url\":\"https:\\\/\\\/www.seraphina.si\\\/p\\\/zenski-uhani-iz-srebra-isla-mesecev-kamen\\\/\",\"name\":\"Uhani Isla - Mese\u010dev kamen - Seraphina\",\"isPartOf\":{\"@id\":\"https:\\\/\\\/www.seraphina.si\\\/#website\"},\"primaryImageOfPage\":{\"@id\":\"https:\\\/\\\/www.seraphina.si\\\/p\\\/zenski-uhani-iz-srebra-isla-mesecev-kamen\\\/#primaryimage\"},\"image\":{\"@id\":\"https:\\\/\\\/www.seraphina.si\\\/p\\\/zenski-uhani-iz-srebra-isla-mesecev-kamen\\\/#primaryimage\"},\"thumbnailUrl\":\"https:\\\/\\\/www.seraphina.si\\\/wp-content\\\/uploads\\\/2024\\\/01\\\/12-2j.jpg\",\"datePublished\":\"2024-01-28T10:54:04+00:00\",\"dateModified\":\"2026-01-13T07:34:28+00:00\",\"description\":\"Uhani izdelani iz 925 srebra z naravnim kristalom mese\u010dev kamen. Seraphina - nakit iz naravnih kristalov in poldragih - dragih kamnov.\",\"breadcrumb\":{\"@id\":\"https:\\\/\\\/www.seraphina.si\\\/p\\\/zenski-uhani-iz-srebra-isla-mesecev-kamen\\\/#breadcrumb\"},\"inLanguage\":\"de\"},{\"@type\":\"ImageObject\",\"inLanguage\":\"de\",\"@id\":\"https:\\\/\\\/www.seraphina.si\\\/p\\\/zenski-uhani-iz-srebra-isla-mesecev-kamen\\\/#primaryimage\",\"url\":\"https:\\\/\\\/www.seraphina.si\\\/wp-content\\\/uploads\\\/2024\\\/01\\\/12-2j.jpg\",\"contentUrl\":\"https:\\\/\\\/www.seraphina.si\\\/wp-content\\\/uploads\\\/2024\\\/01\\\/12-2j.jpg\",\"width\":1215,\"height\":1215,\"caption\":\"Uhani Isla - Mese\u010dev kamen - Seraphina\"},{\"@type\":\"BreadcrumbList\",\"@id\":\"https:\\\/\\\/www.seraphina.si\\\/p\\\/zenski-uhani-iz-srebra-isla-mesecev-kamen\\\/#breadcrumb\",\"itemListElement\":[{\"@type\":\"ListItem\",\"position\":1,\"name\":\"Home\",\"item\":\"https:\\\/\\\/www.seraphina.si\\\/\"},{\"@type\":\"ListItem\",\"position\":2,\"name\":\"Trgovina\",\"item\":\"https:\\\/\\\/www.seraphina.si\\\/trgovina\\\/\"},{\"@type\":\"ListItem\",\"position\":3,\"name\":\"\u017denski uhani iz srebra ISLA, Mese\u010dev kamen\"}]},{\"@type\":\"WebSite\",\"@id\":\"https:\\\/\\\/www.seraphina.si\\\/#website\",\"url\":\"https:\\\/\\\/www.seraphina.si\\\/\",\"name\":\"Unikatni nakit iz kristalov - Seraphina\",\"description\":\"Unikatni nakit kamen iz kristalov, srebrni prstani in veri\u017eice -\",\"publisher\":{\"@id\":\"https:\\\/\\\/www.seraphina.si\\\/#organization\"},\"alternateName\":\"Seraphina - Unikatni nakit iz kristalov\",\"potentialAction\":[{\"@type\":\"SearchAction\",\"target\":{\"@type\":\"EntryPoint\",\"urlTemplate\":\"https:\\\/\\\/www.seraphina.si\\\/?s={search_term_string}\"},\"query-input\":{\"@type\":\"PropertyValueSpecification\",\"valueRequired\":true,\"valueName\":\"search_term_string\"}}],\"inLanguage\":\"de\"},{\"@type\":\"Organization\",\"@id\":\"https:\\\/\\\/www.seraphina.si\\\/#organization\",\"name\":\"Nakit Seraphina\",\"alternateName\":\"Seraphina spletna trgovina z nakitom, kristali in minerali\",\"url\":\"https:\\\/\\\/www.seraphina.si\\\/\",\"logo\":{\"@type\":\"ImageObject\",\"inLanguage\":\"de\",\"@id\":\"https:\\\/\\\/www.seraphina.si\\\/#\\\/schema\\\/logo\\\/image\\\/\",\"url\":\"https:\\\/\\\/www.seraphina.si\\\/wp-content\\\/uploads\\\/2025\\\/03\\\/logo-seraphina-2025-1.svg\",\"contentUrl\":\"https:\\\/\\\/www.seraphina.si\\\/wp-content\\\/uploads\\\/2025\\\/03\\\/logo-seraphina-2025-1.svg\",\"width\":100,\"height\":100,\"caption\":\"Nakit Seraphina\"},\"image\":{\"@id\":\"https:\\\/\\\/www.seraphina.si\\\/#\\\/schema\\\/logo\\\/image\\\/\"},\"sameAs\":[\"https:\\\/\\\/www.facebook.com\\\/seraphina.si\\\/\",\"https:\\\/\\\/www.instagram.com\\\/seraphinas_gemstones\\\/\"]}]}<\/script>\n<!-- \/ Yoast SEO plugin. -->","yoast_head_json":{"title":"Isla Ohrringe - Mondstein - Seraphina","description":"Ohrringe aus 925er Sterlingsilber mit nat\u00fcrlichem Mondsteinkristall. Seraphina - Schmuck aus nat\u00fcrlichen Kristallen und Halbedelsteinen.","robots":{"index":"index","follow":"follow","max-snippet":"max-snippet:-1","max-image-preview":"max-image-preview:large","max-video-preview":"max-video-preview:-1"},"canonical":"https:\/\/www.seraphina.si\/de\/p\/damenohrringe-aus-sterlingsilber-isla-monate-stein\/","og_locale":"de_DE","og_type":"article","og_title":"Uhani Isla - Mese\u010dev kamen - Seraphina","og_description":"Uhani izdelani iz 925 srebra z naravnim kristalom mese\u010dev kamen. Seraphina - nakit iz naravnih kristalov in poldragih - dragih kamnov.","og_url":"https:\/\/www.seraphina.si\/de\/p\/damenohrringe-aus-sterlingsilber-isla-monate-stein\/","og_site_name":"Seraphina","article_publisher":"https:\/\/www.facebook.com\/seraphina.si\/","article_modified_time":"2026-01-13T07:34:28+00:00","og_image":[{"width":1215,"height":1215,"url":"https:\/\/www.seraphina.si\/wp-content\/uploads\/2024\/01\/12-2j.jpg","type":"image\/jpeg"}],"schema":{"@context":"https:\/\/schema.org","@graph":[{"@type":["WebPage","CollectionPage"],"@id":"https:\/\/www.seraphina.si\/p\/zenski-uhani-iz-srebra-isla-mesecev-kamen\/","url":"https:\/\/www.seraphina.si\/p\/zenski-uhani-iz-srebra-isla-mesecev-kamen\/","name":"Isla Ohrringe - Mondstein - Seraphina","isPartOf":{"@id":"https:\/\/www.seraphina.si\/#website"},"primaryImageOfPage":{"@id":"https:\/\/www.seraphina.si\/p\/zenski-uhani-iz-srebra-isla-mesecev-kamen\/#primaryimage"},"image":{"@id":"https:\/\/www.seraphina.si\/p\/zenski-uhani-iz-srebra-isla-mesecev-kamen\/#primaryimage"},"thumbnailUrl":"https:\/\/www.seraphina.si\/wp-content\/uploads\/2024\/01\/12-2j.jpg","datePublished":"2024-01-28T10:54:04+00:00","dateModified":"2026-01-13T07:34:28+00:00","description":"Ohrringe aus 925er Sterlingsilber mit nat\u00fcrlichem Mondsteinkristall. Seraphina - Schmuck aus nat\u00fcrlichen Kristallen und Halbedelsteinen.","breadcrumb":{"@id":"https:\/\/www.seraphina.si\/p\/zenski-uhani-iz-srebra-isla-mesecev-kamen\/#breadcrumb"},"inLanguage":"de"},{"@type":"ImageObject","inLanguage":"de","@id":"https:\/\/www.seraphina.si\/p\/zenski-uhani-iz-srebra-isla-mesecev-kamen\/#primaryimage","url":"https:\/\/www.seraphina.si\/wp-content\/uploads\/2024\/01\/12-2j.jpg","contentUrl":"https:\/\/www.seraphina.si\/wp-content\/uploads\/2024\/01\/12-2j.jpg","width":1215,"height":1215,"caption":"Uhani Isla - Mese\u010dev kamen - Seraphina"},{"@type":"BreadcrumbList","@id":"https:\/\/www.seraphina.si\/p\/zenski-uhani-iz-srebra-isla-mesecev-kamen\/#breadcrumb","itemListElement":[{"@type":"ListItem","position":1,"name":"Home","item":"https:\/\/www.seraphina.si\/"},{"@type":"ListItem","position":2,"name":"Trgovina","item":"https:\/\/www.seraphina.si\/trgovina\/"},{"@type":"ListItem","position":3,"name":"\u017denski uhani iz srebra ISLA, Mese\u010dev kamen"}]},{"@type":"WebSite","@id":"https:\/\/www.seraphina.si\/#website","url":"https:\/\/www.seraphina.si\/","name":"Einzigartiger Kristallschmuck - Seraphina","description":"Einzigartiger Kristallsteinschmuck, Silberringe und Ketten -","publisher":{"@id":"https:\/\/www.seraphina.si\/#organization"},"alternateName":"Seraphina - Unikatni nakit iz kristalov","potentialAction":[{"@type":"SearchAction","target":{"@type":"EntryPoint","urlTemplate":"https:\/\/www.seraphina.si\/?s={search_term_string}"},"query-input":{"@type":"PropertyValueSpecification","valueRequired":true,"valueName":"search_term_string"}}],"inLanguage":"de"},{"@type":"Organization","@id":"https:\/\/www.seraphina.si\/#organization","name":"Nakit Seraphina","alternateName":"Seraphina spletna trgovina z nakitom, kristali in minerali","url":"https:\/\/www.seraphina.si\/","logo":{"@type":"ImageObject","inLanguage":"de","@id":"https:\/\/www.seraphina.si\/#\/schema\/logo\/image\/","url":"https:\/\/www.seraphina.si\/wp-content\/uploads\/2025\/03\/logo-seraphina-2025-1.svg","contentUrl":"https:\/\/www.seraphina.si\/wp-content\/uploads\/2025\/03\/logo-seraphina-2025-1.svg","width":100,"height":100,"caption":"Nakit Seraphina"},"image":{"@id":"https:\/\/www.seraphina.si\/#\/schema\/logo\/image\/"},"sameAs":["https:\/\/www.facebook.com\/seraphina.si\/","https:\/\/www.instagram.com\/seraphinas_gemstones\/"]}]}},"_links":{"self":[{"href":"https:\/\/www.seraphina.si\/de\/wp-json\/wp\/v2\/product\/8400","targetHints":{"allow":["GET"]}}],"collection":[{"href":"https:\/\/www.seraphina.si\/de\/wp-json\/wp\/v2\/product"}],"about":[{"href":"https:\/\/www.seraphina.si\/de\/wp-json\/wp\/v2\/types\/product"}],"wp:featuredmedia":[{"embeddable":true,"href":"https:\/\/www.seraphina.si\/de\/wp-json\/wp\/v2\/media\/8402"}],"wp:attachment":[{"href":"https:\/\/www.seraphina.si\/de\/wp-json\/wp\/v2\/media?parent=8400"}],"wp:term":[{"taxonomy":"horoskop","embeddable":true,"href":"https:\/\/www.seraphina.si\/de\/wp-json\/wp\/v2\/horoskop?post=8400"},{"taxonomy":"kamen","embeddable":true,"href":"https:\/\/www.seraphina.si\/de\/wp-json\/wp\/v2\/kamen?post=8400"},{"taxonomy":"kolekcija","embeddable":true,"href":"https:\/\/www.seraphina.si\/de\/wp-json\/wp\/v2\/kolekcija?post=8400"},{"taxonomy":"mesec","embeddable":true,"href":"https:\/\/www.seraphina.si\/de\/wp-json\/wp\/v2\/mesec?post=8400"},{"taxonomy":"product_brand","embeddable":true,"href":"https:\/\/www.seraphina.si\/de\/wp-json\/wp\/v2\/product_brand?post=8400"},{"taxonomy":"product_cat","embeddable":true,"href":"https:\/\/www.seraphina.si\/de\/wp-json\/wp\/v2\/product_cat?post=8400"},{"taxonomy":"product_tag","embeddable":true,"href":"https:\/\/www.seraphina.si\/de\/wp-json\/wp\/v2\/product_tag?post=8400"}],"curies":[{"name":"wp","href":"https:\/\/api.w.org\/{rel}","templated":true}]}}