{"id":7974,"date":"2023-12-06T14:54:28","date_gmt":"2023-12-06T14:54:28","guid":{"rendered":"https:\/\/www.seraphina.si\/?post_type=product&#038;p=7974"},"modified":"2026-03-16T10:56:33","modified_gmt":"2026-03-16T09:56:33","slug":"zenska-verizica-iz-srebra-andromeda-rozevec-in-beli-topaz","status":"publish","type":"product","link":"https:\/\/www.seraphina.si\/de\/p\/zenska-verizica-iz-srebra-andromeda-rozevec-in-beli-topaz\/","title":{"rendered":"Silberne Damen-Halskette ANDROMEDA, Rosenquarz und wei\u00dfer Topas"},"content":{"rendered":"<p>Veri\u017eica izdelana iz 925 srebra, z naravnim kristalom ro\u017eevec ali ro\u017enati kremen in drobnimi belimi topazi.<\/p>\n<p>Erh\u00e4ltlich in 3 Versionen:<\/p>\n<ul>\n<li>Sterlingsilber<\/li>\n<li>Sterlingsilber 925 + rhodiniert<\/li>\n<li>925 Silber + 750\/1000 Gold (18 Karat), 2,5 Mikrometer dick.<\/li>\n<\/ul>\n<p>Velikost ametista je cca. 20mm x 10 mm.<\/p>\n<p>Ker gre za naravne kristale se barvni odtenek ro\u017enatega kremena pri vsakem posameznem izdelku malenkost razlikuje.<\/p>","protected":false},"excerpt":{"rendered":"<p>Srebrna veri\u017eica z naravnim kristalom ro\u017eevec ali ro\u017enati kremen in drobnimi belimi topaz. Ro\u017eevec simbolizira univerzalno ljubezen in so\u010dutje ter pomaga celiti \u010dustvene rane. Njegova energija o\u017eivlja odnose ter prina\u0161a veselje, zadovoljstvo in ravnovesje.<\/p>","protected":false},"featured_media":26022,"template":"","meta":{"_acf_changed":false,"inline_featured_image":false},"horoskop":[],"kamen":[700],"kolekcija":[],"mesec":[],"product_brand":[],"product_cat":[288,27,29,417,183],"product_tag":[21,50,49,33,40],"class_list":{"0":"post-7974","1":"product","2":"type-product","3":"status-publish","4":"has-post-thumbnail","6":"kamen-rozevec-ali-roznati-kremen","7":"product_cat-kabosoni-polirani-kristali-in-minerali","8":"product_cat-obeski-in-verizice","9":"product_cat-verizice","10":"product_cat-verizice-s-kabosoni","11":"product_cat-vsa-ponudba","12":"product_tag-kristal","13":"product_tag-rozevec","14":"product_tag-roznati-kremen","15":"product_tag-srebro","16":"product_tag-verizica","17":"pa_horoskop-bik","18":"pa_horoskop-devica","19":"pa_horoskop-kozorog","20":"pa_horoskop-lev","21":"pa_horoskop-oven","22":"pa_horoskop-strelec","23":"pa_kamen-rozevec","24":"tm-has-options","26":"first","27":"instock","28":"taxable","29":"shipping-taxable","30":"purchasable","31":"product-type-variable"},"acf":[],"yoast_head":"<!-- This site is optimized with the Yoast SEO plugin v27.3 - https:\/\/yoast.com\/product\/yoast-seo-wordpress\/ -->\n<title>\u017denska veri\u017eica iz srebra ANDROMEDA, Ro\u017eevec in Beli Topaz<\/title>\n<meta name=\"description\" content=\"Veri\u017eica izdelana iz 925 srebra, z naravnim kristalom ro\u017eevec ali ro\u017enati kremen in drobnimi belimi topazi. Seraphina - naravni kristali in minerali v nakitu.\" \/>\n<meta name=\"robots\" content=\"index, follow, max-snippet:-1, max-image-preview:large, max-video-preview:-1\" \/>\n<link rel=\"canonical\" href=\"https:\/\/www.seraphina.si\/de\/p\/zenska-verizica-iz-srebra-andromeda-rozevec-in-beli-topaz\/\" \/>\n<meta property=\"og:locale\" content=\"de_DE\" \/>\n<meta property=\"og:type\" content=\"article\" \/>\n<meta property=\"og:title\" content=\"\u017denska veri\u017eica iz srebra ANDROMEDA, Ro\u017eevec in Beli Topaz\" \/>\n<meta property=\"og:description\" content=\"Veri\u017eica izdelana iz 925 srebra, z naravnim kristalom ro\u017eevec ali ro\u017enati kremen in drobnimi belimi topazi. Seraphina - naravni kristali in minerali v nakitu.\" \/>\n<meta property=\"og:url\" content=\"https:\/\/www.seraphina.si\/de\/p\/zenska-verizica-iz-srebra-andromeda-rozevec-in-beli-topaz\/\" \/>\n<meta property=\"og:site_name\" content=\"Seraphina\" \/>\n<meta property=\"article:publisher\" content=\"https:\/\/www.facebook.com\/seraphina.si\/\" \/>\n<meta property=\"article:modified_time\" content=\"2026-03-16T09:56:33+00:00\" \/>\n<meta property=\"og:image\" content=\"https:\/\/www.seraphina.si\/wp-content\/uploads\/2023\/12\/ChatGPT-Image-2.-mar.-2026-18_14_13.jpg\" \/>\n\t<meta property=\"og:image:width\" content=\"900\" \/>\n\t<meta property=\"og:image:height\" content=\"900\" \/>\n\t<meta property=\"og:image:type\" content=\"image\/jpeg\" \/>\n<script type=\"application\/ld+json\" class=\"yoast-schema-graph\">{\"@context\":\"https:\\\/\\\/schema.org\",\"@graph\":[{\"@type\":[\"WebPage\",\"CollectionPage\"],\"@id\":\"https:\\\/\\\/www.seraphina.si\\\/p\\\/zenska-verizica-iz-srebra-andromeda-rozevec-in-beli-topaz\\\/\",\"url\":\"https:\\\/\\\/www.seraphina.si\\\/p\\\/zenska-verizica-iz-srebra-andromeda-rozevec-in-beli-topaz\\\/\",\"name\":\"\u017denska veri\u017eica iz srebra ANDROMEDA, Ro\u017eevec in Beli Topaz\",\"isPartOf\":{\"@id\":\"https:\\\/\\\/www.seraphina.si\\\/#website\"},\"primaryImageOfPage\":{\"@id\":\"https:\\\/\\\/www.seraphina.si\\\/p\\\/zenska-verizica-iz-srebra-andromeda-rozevec-in-beli-topaz\\\/#primaryimage\"},\"image\":{\"@id\":\"https:\\\/\\\/www.seraphina.si\\\/p\\\/zenska-verizica-iz-srebra-andromeda-rozevec-in-beli-topaz\\\/#primaryimage\"},\"thumbnailUrl\":\"https:\\\/\\\/www.seraphina.si\\\/wp-content\\\/uploads\\\/2023\\\/12\\\/ChatGPT-Image-2.-mar.-2026-18_14_13.jpg\",\"datePublished\":\"2023-12-06T14:54:28+00:00\",\"dateModified\":\"2026-03-16T09:56:33+00:00\",\"description\":\"Veri\u017eica izdelana iz 925 srebra, z naravnim kristalom ro\u017eevec ali ro\u017enati kremen in drobnimi belimi topazi. Seraphina - naravni kristali in minerali v nakitu.\",\"breadcrumb\":{\"@id\":\"https:\\\/\\\/www.seraphina.si\\\/p\\\/zenska-verizica-iz-srebra-andromeda-rozevec-in-beli-topaz\\\/#breadcrumb\"},\"inLanguage\":\"de\"},{\"@type\":\"ImageObject\",\"inLanguage\":\"de\",\"@id\":\"https:\\\/\\\/www.seraphina.si\\\/p\\\/zenska-verizica-iz-srebra-andromeda-rozevec-in-beli-topaz\\\/#primaryimage\",\"url\":\"https:\\\/\\\/www.seraphina.si\\\/wp-content\\\/uploads\\\/2023\\\/12\\\/ChatGPT-Image-2.-mar.-2026-18_14_13.jpg\",\"contentUrl\":\"https:\\\/\\\/www.seraphina.si\\\/wp-content\\\/uploads\\\/2023\\\/12\\\/ChatGPT-Image-2.-mar.-2026-18_14_13.jpg\",\"width\":900,\"height\":900,\"caption\":\"\u017denska veri\u017eica iz srebra ANDROMEDA, Ro\u017eevec in Beli Topaz\"},{\"@type\":\"BreadcrumbList\",\"@id\":\"https:\\\/\\\/www.seraphina.si\\\/p\\\/zenska-verizica-iz-srebra-andromeda-rozevec-in-beli-topaz\\\/#breadcrumb\",\"itemListElement\":[{\"@type\":\"ListItem\",\"position\":1,\"name\":\"Home\",\"item\":\"https:\\\/\\\/www.seraphina.si\\\/\"},{\"@type\":\"ListItem\",\"position\":2,\"name\":\"Trgovina\",\"item\":\"https:\\\/\\\/www.seraphina.si\\\/trgovina\\\/\"},{\"@type\":\"ListItem\",\"position\":3,\"name\":\"\u017denska veri\u017eica iz srebra ANDROMEDA, Ro\u017eevec in Beli Topaz\"}]},{\"@type\":\"WebSite\",\"@id\":\"https:\\\/\\\/www.seraphina.si\\\/#website\",\"url\":\"https:\\\/\\\/www.seraphina.si\\\/\",\"name\":\"Unikatni nakit iz kristalov - Seraphina\",\"description\":\"Unikatni nakit kamen iz kristalov, srebrni prstani in veri\u017eice -\",\"publisher\":{\"@id\":\"https:\\\/\\\/www.seraphina.si\\\/#organization\"},\"alternateName\":\"Seraphina - Unikatni nakit iz kristalov\",\"potentialAction\":[{\"@type\":\"SearchAction\",\"target\":{\"@type\":\"EntryPoint\",\"urlTemplate\":\"https:\\\/\\\/www.seraphina.si\\\/?s={search_term_string}\"},\"query-input\":{\"@type\":\"PropertyValueSpecification\",\"valueRequired\":true,\"valueName\":\"search_term_string\"}}],\"inLanguage\":\"de\"},{\"@type\":\"Organization\",\"@id\":\"https:\\\/\\\/www.seraphina.si\\\/#organization\",\"name\":\"Nakit Seraphina\",\"alternateName\":\"Seraphina spletna trgovina z nakitom, kristali in minerali\",\"url\":\"https:\\\/\\\/www.seraphina.si\\\/\",\"logo\":{\"@type\":\"ImageObject\",\"inLanguage\":\"de\",\"@id\":\"https:\\\/\\\/www.seraphina.si\\\/#\\\/schema\\\/logo\\\/image\\\/\",\"url\":\"https:\\\/\\\/www.seraphina.si\\\/wp-content\\\/uploads\\\/2025\\\/03\\\/logo-seraphina-2025-1.svg\",\"contentUrl\":\"https:\\\/\\\/www.seraphina.si\\\/wp-content\\\/uploads\\\/2025\\\/03\\\/logo-seraphina-2025-1.svg\",\"width\":100,\"height\":100,\"caption\":\"Nakit Seraphina\"},\"image\":{\"@id\":\"https:\\\/\\\/www.seraphina.si\\\/#\\\/schema\\\/logo\\\/image\\\/\"},\"sameAs\":[\"https:\\\/\\\/www.facebook.com\\\/seraphina.si\\\/\",\"https:\\\/\\\/www.instagram.com\\\/seraphinas_gemstones\\\/\"]}]}<\/script>\n<!-- \/ Yoast SEO plugin. -->","yoast_head_json":{"title":"Silberne Damen-Halskette ANDROMEDA, Rosenquarz und wei\u00dfer Topas","description":"Veri\u017eica izdelana iz 925 srebra, z naravnim kristalom ro\u017eevec ali ro\u017enati kremen in drobnimi belimi topazi. Seraphina - naravni kristali in minerali v nakitu.","robots":{"index":"index","follow":"follow","max-snippet":"max-snippet:-1","max-image-preview":"max-image-preview:large","max-video-preview":"max-video-preview:-1"},"canonical":"https:\/\/www.seraphina.si\/de\/p\/zenska-verizica-iz-srebra-andromeda-rozevec-in-beli-topaz\/","og_locale":"de_DE","og_type":"article","og_title":"\u017denska veri\u017eica iz srebra ANDROMEDA, Ro\u017eevec in Beli Topaz","og_description":"Veri\u017eica izdelana iz 925 srebra, z naravnim kristalom ro\u017eevec ali ro\u017enati kremen in drobnimi belimi topazi. Seraphina - naravni kristali in minerali v nakitu.","og_url":"https:\/\/www.seraphina.si\/de\/p\/zenska-verizica-iz-srebra-andromeda-rozevec-in-beli-topaz\/","og_site_name":"Seraphina","article_publisher":"https:\/\/www.facebook.com\/seraphina.si\/","article_modified_time":"2026-03-16T09:56:33+00:00","og_image":[{"width":900,"height":900,"url":"https:\/\/www.seraphina.si\/wp-content\/uploads\/2023\/12\/ChatGPT-Image-2.-mar.-2026-18_14_13.jpg","type":"image\/jpeg"}],"schema":{"@context":"https:\/\/schema.org","@graph":[{"@type":["WebPage","CollectionPage"],"@id":"https:\/\/www.seraphina.si\/p\/zenska-verizica-iz-srebra-andromeda-rozevec-in-beli-topaz\/","url":"https:\/\/www.seraphina.si\/p\/zenska-verizica-iz-srebra-andromeda-rozevec-in-beli-topaz\/","name":"Silberne Damen-Halskette ANDROMEDA, Rosenquarz und wei\u00dfer Topas","isPartOf":{"@id":"https:\/\/www.seraphina.si\/#website"},"primaryImageOfPage":{"@id":"https:\/\/www.seraphina.si\/p\/zenska-verizica-iz-srebra-andromeda-rozevec-in-beli-topaz\/#primaryimage"},"image":{"@id":"https:\/\/www.seraphina.si\/p\/zenska-verizica-iz-srebra-andromeda-rozevec-in-beli-topaz\/#primaryimage"},"thumbnailUrl":"https:\/\/www.seraphina.si\/wp-content\/uploads\/2023\/12\/ChatGPT-Image-2.-mar.-2026-18_14_13.jpg","datePublished":"2023-12-06T14:54:28+00:00","dateModified":"2026-03-16T09:56:33+00:00","description":"Veri\u017eica izdelana iz 925 srebra, z naravnim kristalom ro\u017eevec ali ro\u017enati kremen in drobnimi belimi topazi. Seraphina - naravni kristali in minerali v nakitu.","breadcrumb":{"@id":"https:\/\/www.seraphina.si\/p\/zenska-verizica-iz-srebra-andromeda-rozevec-in-beli-topaz\/#breadcrumb"},"inLanguage":"de"},{"@type":"ImageObject","inLanguage":"de","@id":"https:\/\/www.seraphina.si\/p\/zenska-verizica-iz-srebra-andromeda-rozevec-in-beli-topaz\/#primaryimage","url":"https:\/\/www.seraphina.si\/wp-content\/uploads\/2023\/12\/ChatGPT-Image-2.-mar.-2026-18_14_13.jpg","contentUrl":"https:\/\/www.seraphina.si\/wp-content\/uploads\/2023\/12\/ChatGPT-Image-2.-mar.-2026-18_14_13.jpg","width":900,"height":900,"caption":"\u017denska veri\u017eica iz srebra ANDROMEDA, Ro\u017eevec in Beli Topaz"},{"@type":"BreadcrumbList","@id":"https:\/\/www.seraphina.si\/p\/zenska-verizica-iz-srebra-andromeda-rozevec-in-beli-topaz\/#breadcrumb","itemListElement":[{"@type":"ListItem","position":1,"name":"Home","item":"https:\/\/www.seraphina.si\/"},{"@type":"ListItem","position":2,"name":"Trgovina","item":"https:\/\/www.seraphina.si\/trgovina\/"},{"@type":"ListItem","position":3,"name":"\u017denska veri\u017eica iz srebra ANDROMEDA, Ro\u017eevec in Beli Topaz"}]},{"@type":"WebSite","@id":"https:\/\/www.seraphina.si\/#website","url":"https:\/\/www.seraphina.si\/","name":"Einzigartiger Kristallschmuck - Seraphina","description":"Einzigartiger Kristallsteinschmuck, Silberringe und Ketten -","publisher":{"@id":"https:\/\/www.seraphina.si\/#organization"},"alternateName":"Seraphina - Unikatni nakit iz kristalov","potentialAction":[{"@type":"SearchAction","target":{"@type":"EntryPoint","urlTemplate":"https:\/\/www.seraphina.si\/?s={search_term_string}"},"query-input":{"@type":"PropertyValueSpecification","valueRequired":true,"valueName":"search_term_string"}}],"inLanguage":"de"},{"@type":"Organization","@id":"https:\/\/www.seraphina.si\/#organization","name":"Nakit Seraphina","alternateName":"Seraphina spletna trgovina z nakitom, kristali in minerali","url":"https:\/\/www.seraphina.si\/","logo":{"@type":"ImageObject","inLanguage":"de","@id":"https:\/\/www.seraphina.si\/#\/schema\/logo\/image\/","url":"https:\/\/www.seraphina.si\/wp-content\/uploads\/2025\/03\/logo-seraphina-2025-1.svg","contentUrl":"https:\/\/www.seraphina.si\/wp-content\/uploads\/2025\/03\/logo-seraphina-2025-1.svg","width":100,"height":100,"caption":"Nakit Seraphina"},"image":{"@id":"https:\/\/www.seraphina.si\/#\/schema\/logo\/image\/"},"sameAs":["https:\/\/www.facebook.com\/seraphina.si\/","https:\/\/www.instagram.com\/seraphinas_gemstones\/"]}]}},"_links":{"self":[{"href":"https:\/\/www.seraphina.si\/de\/wp-json\/wp\/v2\/product\/7974","targetHints":{"allow":["GET"]}}],"collection":[{"href":"https:\/\/www.seraphina.si\/de\/wp-json\/wp\/v2\/product"}],"about":[{"href":"https:\/\/www.seraphina.si\/de\/wp-json\/wp\/v2\/types\/product"}],"wp:featuredmedia":[{"embeddable":true,"href":"https:\/\/www.seraphina.si\/de\/wp-json\/wp\/v2\/media\/26022"}],"wp:attachment":[{"href":"https:\/\/www.seraphina.si\/de\/wp-json\/wp\/v2\/media?parent=7974"}],"wp:term":[{"taxonomy":"horoskop","embeddable":true,"href":"https:\/\/www.seraphina.si\/de\/wp-json\/wp\/v2\/horoskop?post=7974"},{"taxonomy":"kamen","embeddable":true,"href":"https:\/\/www.seraphina.si\/de\/wp-json\/wp\/v2\/kamen?post=7974"},{"taxonomy":"kolekcija","embeddable":true,"href":"https:\/\/www.seraphina.si\/de\/wp-json\/wp\/v2\/kolekcija?post=7974"},{"taxonomy":"mesec","embeddable":true,"href":"https:\/\/www.seraphina.si\/de\/wp-json\/wp\/v2\/mesec?post=7974"},{"taxonomy":"product_brand","embeddable":true,"href":"https:\/\/www.seraphina.si\/de\/wp-json\/wp\/v2\/product_brand?post=7974"},{"taxonomy":"product_cat","embeddable":true,"href":"https:\/\/www.seraphina.si\/de\/wp-json\/wp\/v2\/product_cat?post=7974"},{"taxonomy":"product_tag","embeddable":true,"href":"https:\/\/www.seraphina.si\/de\/wp-json\/wp\/v2\/product_tag?post=7974"}],"curies":[{"name":"wp","href":"https:\/\/api.w.org\/{rel}","templated":true}]}}