{"id":7931,"date":"2023-12-05T13:32:26","date_gmt":"2023-12-05T13:32:26","guid":{"rendered":"https:\/\/www.seraphina.si\/?post_type=product&#038;p=7931"},"modified":"2026-03-16T11:17:42","modified_gmt":"2026-03-16T10:17:42","slug":"damenring-silber-kristall-stein-blitz","status":"publish","type":"product","link":"https:\/\/www.seraphina.si\/de\/p\/zenski-prstan-iz-srebra-crystal-kamena-strela\/","title":{"rendered":"Damenring aus Sterlingsilber CRYSTAL, Stone Lightning"},"content":{"rendered":"<p>Ring aus 925er Sterlingsilber mit einem nat\u00fcrlich geschliffenen Blitz- oder Bergkristall (Quarz).<\/p>\n<p>Der Kristall ist 14 mm x 10 mm gro\u00df.<\/p>\n<p>&nbsp;<\/p>","protected":false},"excerpt":{"rendered":"<p>Dieser Ring besteht aus 925er Sterlingsilber mit einem nat\u00fcrlich geschliffenen Blitz- oder Bergkristall (Quarz). Er ist ein universeller Stein, der in Harmonie mit unserem K\u00f6rper, unserem Geist und unserer Seele wirkt, ausgleichend und revitalisierend auf k\u00f6rperlicher, geistiger und emotionaler Ebene. Er vertreibt schwierige Gedanken, revitalisiert und stellt die Lebensenergie wieder her.<\/p>","protected":false},"featured_media":21258,"template":"","meta":{"_acf_changed":false,"inline_featured_image":false},"horoskop":[],"kamen":[678],"kolekcija":[721],"mesec":[594],"product_brand":[],"product_cat":[289,25,31,349,183],"product_tag":[36,79,21,24,33],"class_list":{"0":"post-7931","1":"product","2":"type-product","3":"status-publish","4":"has-post-thumbnail","6":"kamen-gorski-kristal-ali-kamena-strela","7":"kolekcija-basic","8":"mesec-april","9":"product_cat-bruseni-kristali-in-minerali","10":"product_cat-prstani","11":"product_cat-prstani-iz-srebra","12":"product_cat-prstani-z-brusenimi-kamni","13":"product_cat-vsa-ponudba","14":"product_tag-brusen","15":"product_tag-kamena-strela","16":"product_tag-kristal","17":"product_tag-prstan","18":"product_tag-srebro","19":"pa_horoskop-lev","20":"pa_horoskop-oven","21":"pa_horoskop-rak","22":"pa_kamen-kamena-strela","23":"tm-has-options","25":"first","26":"instock","27":"sale","28":"taxable","29":"shipping-taxable","30":"purchasable","31":"product-type-variable"},"acf":[],"yoast_head":"<!-- This site is optimized with the Yoast SEO plugin v27.3 - https:\/\/yoast.com\/product\/yoast-seo-wordpress\/ -->\n<title>Seraphina - Prstan Crystal - Kamena strela<\/title>\n<meta name=\"description\" content=\"Prstan izdelan iz 925 srebra z naravnim bru\u0161enim kristalom kamena strela ali gorski kristal (quartz). Velikosti kristala je 14 mm x 10 mm.\" \/>\n<meta name=\"robots\" content=\"index, follow, max-snippet:-1, max-image-preview:large, max-video-preview:-1\" \/>\n<link rel=\"canonical\" href=\"https:\/\/www.seraphina.si\/de\/p\/damenring-silber-kristall-stein-blitz\/\" \/>\n<meta property=\"og:locale\" content=\"de_DE\" \/>\n<meta property=\"og:type\" content=\"article\" \/>\n<meta property=\"og:title\" content=\"Seraphina - Prstan Crystal - Kamena strela\" \/>\n<meta property=\"og:description\" content=\"Prstan izdelan iz 925 srebra z naravnim bru\u0161enim kristalom kamena strela ali gorski kristal (quartz). Velikosti kristala je 14 mm x 10 mm.\" \/>\n<meta property=\"og:url\" content=\"https:\/\/www.seraphina.si\/de\/p\/damenring-silber-kristall-stein-blitz\/\" \/>\n<meta property=\"og:site_name\" content=\"Seraphina\" \/>\n<meta property=\"article:publisher\" content=\"https:\/\/www.facebook.com\/seraphina.si\/\" \/>\n<meta property=\"article:modified_time\" content=\"2026-03-16T10:17:42+00:00\" \/>\n<meta property=\"og:image\" content=\"https:\/\/www.seraphina.si\/wp-content\/uploads\/2023\/12\/1-2-3.jpg\" \/>\n\t<meta property=\"og:image:width\" content=\"945\" \/>\n\t<meta property=\"og:image:height\" content=\"945\" \/>\n\t<meta property=\"og:image:type\" content=\"image\/jpeg\" \/>\n<script type=\"application\/ld+json\" class=\"yoast-schema-graph\">{\"@context\":\"https:\\\/\\\/schema.org\",\"@graph\":[{\"@type\":[\"WebPage\",\"CollectionPage\"],\"@id\":\"https:\\\/\\\/www.seraphina.si\\\/p\\\/zenski-prstan-iz-srebra-crystal-kamena-strela\\\/\",\"url\":\"https:\\\/\\\/www.seraphina.si\\\/p\\\/zenski-prstan-iz-srebra-crystal-kamena-strela\\\/\",\"name\":\"Seraphina - Prstan Crystal - Kamena strela\",\"isPartOf\":{\"@id\":\"https:\\\/\\\/www.seraphina.si\\\/#website\"},\"primaryImageOfPage\":{\"@id\":\"https:\\\/\\\/www.seraphina.si\\\/p\\\/zenski-prstan-iz-srebra-crystal-kamena-strela\\\/#primaryimage\"},\"image\":{\"@id\":\"https:\\\/\\\/www.seraphina.si\\\/p\\\/zenski-prstan-iz-srebra-crystal-kamena-strela\\\/#primaryimage\"},\"thumbnailUrl\":\"https:\\\/\\\/www.seraphina.si\\\/wp-content\\\/uploads\\\/2023\\\/12\\\/1-2-3.jpg\",\"datePublished\":\"2023-12-05T13:32:26+00:00\",\"dateModified\":\"2026-03-16T10:17:42+00:00\",\"description\":\"Prstan izdelan iz 925 srebra z naravnim bru\u0161enim kristalom kamena strela ali gorski kristal (quartz). Velikosti kristala je 14 mm x 10 mm.\",\"breadcrumb\":{\"@id\":\"https:\\\/\\\/www.seraphina.si\\\/p\\\/zenski-prstan-iz-srebra-crystal-kamena-strela\\\/#breadcrumb\"},\"inLanguage\":\"de\"},{\"@type\":\"ImageObject\",\"inLanguage\":\"de\",\"@id\":\"https:\\\/\\\/www.seraphina.si\\\/p\\\/zenski-prstan-iz-srebra-crystal-kamena-strela\\\/#primaryimage\",\"url\":\"https:\\\/\\\/www.seraphina.si\\\/wp-content\\\/uploads\\\/2023\\\/12\\\/1-2-3.jpg\",\"contentUrl\":\"https:\\\/\\\/www.seraphina.si\\\/wp-content\\\/uploads\\\/2023\\\/12\\\/1-2-3.jpg\",\"width\":945,\"height\":945,\"caption\":\"Prstan Crystal - Kamena strela - Seraphina\"},{\"@type\":\"BreadcrumbList\",\"@id\":\"https:\\\/\\\/www.seraphina.si\\\/p\\\/zenski-prstan-iz-srebra-crystal-kamena-strela\\\/#breadcrumb\",\"itemListElement\":[{\"@type\":\"ListItem\",\"position\":1,\"name\":\"Home\",\"item\":\"https:\\\/\\\/www.seraphina.si\\\/\"},{\"@type\":\"ListItem\",\"position\":2,\"name\":\"Trgovina\",\"item\":\"https:\\\/\\\/www.seraphina.si\\\/trgovina\\\/\"},{\"@type\":\"ListItem\",\"position\":3,\"name\":\"\u017denski prstan iz srebra CRYSTAL, Kamena strela\"}]},{\"@type\":\"WebSite\",\"@id\":\"https:\\\/\\\/www.seraphina.si\\\/#website\",\"url\":\"https:\\\/\\\/www.seraphina.si\\\/\",\"name\":\"Unikatni nakit iz kristalov - Seraphina\",\"description\":\"Unikatni nakit kamen iz kristalov, srebrni prstani in veri\u017eice -\",\"publisher\":{\"@id\":\"https:\\\/\\\/www.seraphina.si\\\/#organization\"},\"alternateName\":\"Seraphina - Unikatni nakit iz kristalov\",\"potentialAction\":[{\"@type\":\"SearchAction\",\"target\":{\"@type\":\"EntryPoint\",\"urlTemplate\":\"https:\\\/\\\/www.seraphina.si\\\/?s={search_term_string}\"},\"query-input\":{\"@type\":\"PropertyValueSpecification\",\"valueRequired\":true,\"valueName\":\"search_term_string\"}}],\"inLanguage\":\"de\"},{\"@type\":\"Organization\",\"@id\":\"https:\\\/\\\/www.seraphina.si\\\/#organization\",\"name\":\"Nakit Seraphina\",\"alternateName\":\"Seraphina spletna trgovina z nakitom, kristali in minerali\",\"url\":\"https:\\\/\\\/www.seraphina.si\\\/\",\"logo\":{\"@type\":\"ImageObject\",\"inLanguage\":\"de\",\"@id\":\"https:\\\/\\\/www.seraphina.si\\\/#\\\/schema\\\/logo\\\/image\\\/\",\"url\":\"https:\\\/\\\/www.seraphina.si\\\/wp-content\\\/uploads\\\/2025\\\/03\\\/logo-seraphina-2025-1.svg\",\"contentUrl\":\"https:\\\/\\\/www.seraphina.si\\\/wp-content\\\/uploads\\\/2025\\\/03\\\/logo-seraphina-2025-1.svg\",\"width\":100,\"height\":100,\"caption\":\"Nakit Seraphina\"},\"image\":{\"@id\":\"https:\\\/\\\/www.seraphina.si\\\/#\\\/schema\\\/logo\\\/image\\\/\"},\"sameAs\":[\"https:\\\/\\\/www.facebook.com\\\/seraphina.si\\\/\",\"https:\\\/\\\/www.instagram.com\\\/seraphinas_gemstones\\\/\"]}]}<\/script>\n<!-- \/ Yoast SEO plugin. -->","yoast_head_json":{"title":"Seraphina - Kristallring - Steinblitz","description":"Ring aus 925er Sterlingsilber mit einem nat\u00fcrlichen geschliffenen Kristall aus Blitzstein oder Bergkristall (Quarz). Die Gr\u00f6\u00dfe des Kristalls betr\u00e4gt 14 mm x 10 mm.","robots":{"index":"index","follow":"follow","max-snippet":"max-snippet:-1","max-image-preview":"max-image-preview:large","max-video-preview":"max-video-preview:-1"},"canonical":"https:\/\/www.seraphina.si\/de\/p\/damenring-silber-kristall-stein-blitz\/","og_locale":"de_DE","og_type":"article","og_title":"Seraphina - Prstan Crystal - Kamena strela","og_description":"Prstan izdelan iz 925 srebra z naravnim bru\u0161enim kristalom kamena strela ali gorski kristal (quartz). Velikosti kristala je 14 mm x 10 mm.","og_url":"https:\/\/www.seraphina.si\/de\/p\/damenring-silber-kristall-stein-blitz\/","og_site_name":"Seraphina","article_publisher":"https:\/\/www.facebook.com\/seraphina.si\/","article_modified_time":"2026-03-16T10:17:42+00:00","og_image":[{"width":945,"height":945,"url":"https:\/\/www.seraphina.si\/wp-content\/uploads\/2023\/12\/1-2-3.jpg","type":"image\/jpeg"}],"schema":{"@context":"https:\/\/schema.org","@graph":[{"@type":["WebPage","CollectionPage"],"@id":"https:\/\/www.seraphina.si\/p\/zenski-prstan-iz-srebra-crystal-kamena-strela\/","url":"https:\/\/www.seraphina.si\/p\/zenski-prstan-iz-srebra-crystal-kamena-strela\/","name":"Seraphina - Kristallring - Steinblitz","isPartOf":{"@id":"https:\/\/www.seraphina.si\/#website"},"primaryImageOfPage":{"@id":"https:\/\/www.seraphina.si\/p\/zenski-prstan-iz-srebra-crystal-kamena-strela\/#primaryimage"},"image":{"@id":"https:\/\/www.seraphina.si\/p\/zenski-prstan-iz-srebra-crystal-kamena-strela\/#primaryimage"},"thumbnailUrl":"https:\/\/www.seraphina.si\/wp-content\/uploads\/2023\/12\/1-2-3.jpg","datePublished":"2023-12-05T13:32:26+00:00","dateModified":"2026-03-16T10:17:42+00:00","description":"Ring aus 925er Sterlingsilber mit einem nat\u00fcrlichen geschliffenen Kristall aus Blitzstein oder Bergkristall (Quarz). Die Gr\u00f6\u00dfe des Kristalls betr\u00e4gt 14 mm x 10 mm.","breadcrumb":{"@id":"https:\/\/www.seraphina.si\/p\/zenski-prstan-iz-srebra-crystal-kamena-strela\/#breadcrumb"},"inLanguage":"de"},{"@type":"ImageObject","inLanguage":"de","@id":"https:\/\/www.seraphina.si\/p\/zenski-prstan-iz-srebra-crystal-kamena-strela\/#primaryimage","url":"https:\/\/www.seraphina.si\/wp-content\/uploads\/2023\/12\/1-2-3.jpg","contentUrl":"https:\/\/www.seraphina.si\/wp-content\/uploads\/2023\/12\/1-2-3.jpg","width":945,"height":945,"caption":"Prstan Crystal - Kamena strela - Seraphina"},{"@type":"BreadcrumbList","@id":"https:\/\/www.seraphina.si\/p\/zenski-prstan-iz-srebra-crystal-kamena-strela\/#breadcrumb","itemListElement":[{"@type":"ListItem","position":1,"name":"Home","item":"https:\/\/www.seraphina.si\/"},{"@type":"ListItem","position":2,"name":"Trgovina","item":"https:\/\/www.seraphina.si\/trgovina\/"},{"@type":"ListItem","position":3,"name":"\u017denski prstan iz srebra CRYSTAL, Kamena strela"}]},{"@type":"WebSite","@id":"https:\/\/www.seraphina.si\/#website","url":"https:\/\/www.seraphina.si\/","name":"Einzigartiger Kristallschmuck - Seraphina","description":"Einzigartiger Kristallsteinschmuck, Silberringe und Ketten -","publisher":{"@id":"https:\/\/www.seraphina.si\/#organization"},"alternateName":"Seraphina - Unikatni nakit iz kristalov","potentialAction":[{"@type":"SearchAction","target":{"@type":"EntryPoint","urlTemplate":"https:\/\/www.seraphina.si\/?s={search_term_string}"},"query-input":{"@type":"PropertyValueSpecification","valueRequired":true,"valueName":"search_term_string"}}],"inLanguage":"de"},{"@type":"Organization","@id":"https:\/\/www.seraphina.si\/#organization","name":"Nakit Seraphina","alternateName":"Seraphina spletna trgovina z nakitom, kristali in minerali","url":"https:\/\/www.seraphina.si\/","logo":{"@type":"ImageObject","inLanguage":"de","@id":"https:\/\/www.seraphina.si\/#\/schema\/logo\/image\/","url":"https:\/\/www.seraphina.si\/wp-content\/uploads\/2025\/03\/logo-seraphina-2025-1.svg","contentUrl":"https:\/\/www.seraphina.si\/wp-content\/uploads\/2025\/03\/logo-seraphina-2025-1.svg","width":100,"height":100,"caption":"Nakit Seraphina"},"image":{"@id":"https:\/\/www.seraphina.si\/#\/schema\/logo\/image\/"},"sameAs":["https:\/\/www.facebook.com\/seraphina.si\/","https:\/\/www.instagram.com\/seraphinas_gemstones\/"]}]}},"_links":{"self":[{"href":"https:\/\/www.seraphina.si\/de\/wp-json\/wp\/v2\/product\/7931","targetHints":{"allow":["GET"]}}],"collection":[{"href":"https:\/\/www.seraphina.si\/de\/wp-json\/wp\/v2\/product"}],"about":[{"href":"https:\/\/www.seraphina.si\/de\/wp-json\/wp\/v2\/types\/product"}],"wp:featuredmedia":[{"embeddable":true,"href":"https:\/\/www.seraphina.si\/de\/wp-json\/wp\/v2\/media\/21258"}],"wp:attachment":[{"href":"https:\/\/www.seraphina.si\/de\/wp-json\/wp\/v2\/media?parent=7931"}],"wp:term":[{"taxonomy":"horoskop","embeddable":true,"href":"https:\/\/www.seraphina.si\/de\/wp-json\/wp\/v2\/horoskop?post=7931"},{"taxonomy":"kamen","embeddable":true,"href":"https:\/\/www.seraphina.si\/de\/wp-json\/wp\/v2\/kamen?post=7931"},{"taxonomy":"kolekcija","embeddable":true,"href":"https:\/\/www.seraphina.si\/de\/wp-json\/wp\/v2\/kolekcija?post=7931"},{"taxonomy":"mesec","embeddable":true,"href":"https:\/\/www.seraphina.si\/de\/wp-json\/wp\/v2\/mesec?post=7931"},{"taxonomy":"product_brand","embeddable":true,"href":"https:\/\/www.seraphina.si\/de\/wp-json\/wp\/v2\/product_brand?post=7931"},{"taxonomy":"product_cat","embeddable":true,"href":"https:\/\/www.seraphina.si\/de\/wp-json\/wp\/v2\/product_cat?post=7931"},{"taxonomy":"product_tag","embeddable":true,"href":"https:\/\/www.seraphina.si\/de\/wp-json\/wp\/v2\/product_tag?post=7931"}],"curies":[{"name":"wp","href":"https:\/\/api.w.org\/{rel}","templated":true}]}}