{"id":7901,"date":"2023-12-04T20:09:28","date_gmt":"2023-12-04T20:09:28","guid":{"rendered":"https:\/\/www.seraphina.si\/?post_type=product&#038;p=7901"},"modified":"2026-03-16T11:19:38","modified_gmt":"2026-03-16T10:19:38","slug":"frauen-sterling-silber-rohe-schonheit-monate-stein","status":"publish","type":"product","link":"https:\/\/www.seraphina.si\/de\/p\/zenska-verizica-iz-srebra-raw-beauty-mesecev-kamen\/","title":{"rendered":"Damenhalskette aus Sterlingsilber RAW BEAUTY, Mondstein"},"content":{"rendered":"<p>Kette aus 925er Sterlingsilber mit nat\u00fcrlichem rohem Mondsteinkristall.<\/p>\n<p>Erh\u00e4ltlich in 3 Versionen:<\/p>\n<ul>\n<li>Sterlingsilber<\/li>\n<li>Sterlingsilber 925 + rhodiniert<\/li>\n<li>925 Silber + 750\/1000 Gold (18 Karat), 2,5 Mikrometer dick.<\/li>\n<\/ul>\n<p>Die Gr\u00f6\u00dfe der Kristalle betr\u00e4gt ungef\u00e4hr 10 - 12 mm x 10 - 12 mm.<\/p>\n<p>Da es sich um einen nat\u00fcrlichen Mondstein handelt, variiert die Adulareszenz (blaues Schimmern) leicht von Produkt zu Produkt.<\/p>","protected":false},"excerpt":{"rendered":"<p>Kette aus 925er Sterlingsilber mit nat\u00fcrlichem rohem Mondsteinkristall. Der Mondstein ist bekannt f\u00fcr seine mystische Ausstrahlung und symbolisiert Z\u00e4rtlichkeit, Intuition und die Verbindung zu den Zyklen des Mondes. Seine Energie beruhigt und hilft bei emotionalem Gleichgewicht, w\u00e4hrend er das Einf\u00fchlungsverm\u00f6gen und das Verst\u00e4ndnis f\u00fcr die nat\u00fcrlichen Rhythmen des Lebens f\u00f6rdert.<\/p>","protected":false},"featured_media":7903,"template":"","meta":{"_acf_changed":false,"inline_featured_image":false},"horoskop":[],"kamen":[692],"kolekcija":[722],"mesec":[596],"product_brand":[],"product_cat":[302,27,287,29,415,183],"product_tag":[21,34,37,33,40],"class_list":{"0":"post-7901","1":"product","2":"type-product","3":"status-publish","4":"has-post-thumbnail","6":"kamen-mesecev-kamen","7":"kolekcija-raw-beauty","8":"mesec-junij","9":"product_cat-kristali-in-minerali","10":"product_cat-obeski-in-verizice","11":"product_cat-surovi-kristali-in-minerali","12":"product_cat-verizice","13":"product_cat-verizice-s-surovimi-kamni","14":"product_cat-vsa-ponudba","15":"product_tag-kristal","16":"product_tag-mesecev-kamen","17":"product_tag-moonstone","18":"product_tag-srebro","19":"product_tag-verizica","20":"pa_horoskop-devica","21":"pa_horoskop-dvojcka","22":"pa_horoskop-rak","23":"pa_horoskop-ribi","24":"pa_kamen-mesecev-kamen","25":"tm-has-options","27":"first","28":"instock","29":"taxable","30":"shipping-taxable","31":"purchasable","32":"product-type-variable"},"acf":[],"yoast_head":"<!-- This site is optimized with the Yoast SEO plugin v27.3 - https:\/\/yoast.com\/product\/yoast-seo-wordpress\/ -->\n<title>\u017denska veri\u017eica iz srebra RAW BEAUTY, Mese\u010dev kamen - Seraphina<\/title>\n<meta name=\"description\" content=\"Veri\u017eica izdelana iz 925 srebra z naravnim surovim kristalom mese\u010dev kamen.\u00a0Seraphina - nakit iz naravnih kristalov in poldragih - dragih kamnov.\" \/>\n<meta name=\"robots\" content=\"index, follow, max-snippet:-1, max-image-preview:large, max-video-preview:-1\" \/>\n<link rel=\"canonical\" href=\"https:\/\/www.seraphina.si\/de\/p\/frauen-sterling-silber-rohe-schonheit-monate-stein\/\" \/>\n<meta property=\"og:locale\" content=\"de_DE\" \/>\n<meta property=\"og:type\" content=\"article\" \/>\n<meta property=\"og:title\" content=\"\u017denska veri\u017eica iz srebra RAW BEAUTY, Mese\u010dev kamen - Seraphina\" \/>\n<meta property=\"og:description\" content=\"Veri\u017eica izdelana iz 925 srebra z naravnim surovim kristalom mese\u010dev kamen.\u00a0Seraphina - nakit iz naravnih kristalov in poldragih - dragih kamnov.\" \/>\n<meta property=\"og:url\" content=\"https:\/\/www.seraphina.si\/de\/p\/frauen-sterling-silber-rohe-schonheit-monate-stein\/\" \/>\n<meta property=\"og:site_name\" content=\"Seraphina\" \/>\n<meta property=\"article:publisher\" content=\"https:\/\/www.facebook.com\/seraphina.si\/\" \/>\n<meta property=\"article:modified_time\" content=\"2026-03-16T10:19:38+00:00\" \/>\n<meta property=\"og:image\" content=\"https:\/\/www.seraphina.si\/wp-content\/uploads\/2023\/12\/1-4.jpg\" \/>\n\t<meta property=\"og:image:width\" content=\"1080\" \/>\n\t<meta property=\"og:image:height\" content=\"1080\" \/>\n\t<meta property=\"og:image:type\" content=\"image\/jpeg\" \/>\n<script type=\"application\/ld+json\" class=\"yoast-schema-graph\">{\"@context\":\"https:\\\/\\\/schema.org\",\"@graph\":[{\"@type\":[\"WebPage\",\"CollectionPage\"],\"@id\":\"https:\\\/\\\/www.seraphina.si\\\/p\\\/zenska-verizica-iz-srebra-raw-beauty-mesecev-kamen\\\/\",\"url\":\"https:\\\/\\\/www.seraphina.si\\\/p\\\/zenska-verizica-iz-srebra-raw-beauty-mesecev-kamen\\\/\",\"name\":\"\u017denska veri\u017eica iz srebra RAW BEAUTY, Mese\u010dev kamen - Seraphina\",\"isPartOf\":{\"@id\":\"https:\\\/\\\/www.seraphina.si\\\/#website\"},\"primaryImageOfPage\":{\"@id\":\"https:\\\/\\\/www.seraphina.si\\\/p\\\/zenska-verizica-iz-srebra-raw-beauty-mesecev-kamen\\\/#primaryimage\"},\"image\":{\"@id\":\"https:\\\/\\\/www.seraphina.si\\\/p\\\/zenska-verizica-iz-srebra-raw-beauty-mesecev-kamen\\\/#primaryimage\"},\"thumbnailUrl\":\"https:\\\/\\\/www.seraphina.si\\\/wp-content\\\/uploads\\\/2023\\\/12\\\/1-4.jpg\",\"datePublished\":\"2023-12-04T20:09:28+00:00\",\"dateModified\":\"2026-03-16T10:19:38+00:00\",\"description\":\"Veri\u017eica izdelana iz 925 srebra z naravnim surovim kristalom mese\u010dev kamen.\u00a0Seraphina - nakit iz naravnih kristalov in poldragih - dragih kamnov.\",\"breadcrumb\":{\"@id\":\"https:\\\/\\\/www.seraphina.si\\\/p\\\/zenska-verizica-iz-srebra-raw-beauty-mesecev-kamen\\\/#breadcrumb\"},\"inLanguage\":\"de\"},{\"@type\":\"ImageObject\",\"inLanguage\":\"de\",\"@id\":\"https:\\\/\\\/www.seraphina.si\\\/p\\\/zenska-verizica-iz-srebra-raw-beauty-mesecev-kamen\\\/#primaryimage\",\"url\":\"https:\\\/\\\/www.seraphina.si\\\/wp-content\\\/uploads\\\/2023\\\/12\\\/1-4.jpg\",\"contentUrl\":\"https:\\\/\\\/www.seraphina.si\\\/wp-content\\\/uploads\\\/2023\\\/12\\\/1-4.jpg\",\"width\":1080,\"height\":1080,\"caption\":\"Veri\u017eica Raw Beauty - Mese\u010dev kamen - Seraphina\"},{\"@type\":\"BreadcrumbList\",\"@id\":\"https:\\\/\\\/www.seraphina.si\\\/p\\\/zenska-verizica-iz-srebra-raw-beauty-mesecev-kamen\\\/#breadcrumb\",\"itemListElement\":[{\"@type\":\"ListItem\",\"position\":1,\"name\":\"Home\",\"item\":\"https:\\\/\\\/www.seraphina.si\\\/\"},{\"@type\":\"ListItem\",\"position\":2,\"name\":\"Trgovina\",\"item\":\"https:\\\/\\\/www.seraphina.si\\\/trgovina\\\/\"},{\"@type\":\"ListItem\",\"position\":3,\"name\":\"\u017denska veri\u017eica iz srebra RAW BEAUTY, Mese\u010dev kamen\"}]},{\"@type\":\"WebSite\",\"@id\":\"https:\\\/\\\/www.seraphina.si\\\/#website\",\"url\":\"https:\\\/\\\/www.seraphina.si\\\/\",\"name\":\"Unikatni nakit iz kristalov - Seraphina\",\"description\":\"Unikatni nakit kamen iz kristalov, srebrni prstani in veri\u017eice -\",\"publisher\":{\"@id\":\"https:\\\/\\\/www.seraphina.si\\\/#organization\"},\"alternateName\":\"Seraphina - Unikatni nakit iz kristalov\",\"potentialAction\":[{\"@type\":\"SearchAction\",\"target\":{\"@type\":\"EntryPoint\",\"urlTemplate\":\"https:\\\/\\\/www.seraphina.si\\\/?s={search_term_string}\"},\"query-input\":{\"@type\":\"PropertyValueSpecification\",\"valueRequired\":true,\"valueName\":\"search_term_string\"}}],\"inLanguage\":\"de\"},{\"@type\":\"Organization\",\"@id\":\"https:\\\/\\\/www.seraphina.si\\\/#organization\",\"name\":\"Nakit Seraphina\",\"alternateName\":\"Seraphina spletna trgovina z nakitom, kristali in minerali\",\"url\":\"https:\\\/\\\/www.seraphina.si\\\/\",\"logo\":{\"@type\":\"ImageObject\",\"inLanguage\":\"de\",\"@id\":\"https:\\\/\\\/www.seraphina.si\\\/#\\\/schema\\\/logo\\\/image\\\/\",\"url\":\"https:\\\/\\\/www.seraphina.si\\\/wp-content\\\/uploads\\\/2025\\\/03\\\/logo-seraphina-2025-1.svg\",\"contentUrl\":\"https:\\\/\\\/www.seraphina.si\\\/wp-content\\\/uploads\\\/2025\\\/03\\\/logo-seraphina-2025-1.svg\",\"width\":100,\"height\":100,\"caption\":\"Nakit Seraphina\"},\"image\":{\"@id\":\"https:\\\/\\\/www.seraphina.si\\\/#\\\/schema\\\/logo\\\/image\\\/\"},\"sameAs\":[\"https:\\\/\\\/www.facebook.com\\\/seraphina.si\\\/\",\"https:\\\/\\\/www.instagram.com\\\/seraphinas_gemstones\\\/\"]}]}<\/script>\n<!-- \/ Yoast SEO plugin. -->","yoast_head_json":{"title":"Damenhalskette aus Sterlingsilber RAW BEAUTY, Mondstein - Seraphina","description":"Kette aus 925er Sterlingsilber mit nat\u00fcrlichem rohem Mondsteinkristall. Seraphina - Schmuck aus nat\u00fcrlichen Kristallen und Halbedelsteinen.","robots":{"index":"index","follow":"follow","max-snippet":"max-snippet:-1","max-image-preview":"max-image-preview:large","max-video-preview":"max-video-preview:-1"},"canonical":"https:\/\/www.seraphina.si\/de\/p\/frauen-sterling-silber-rohe-schonheit-monate-stein\/","og_locale":"de_DE","og_type":"article","og_title":"\u017denska veri\u017eica iz srebra RAW BEAUTY, Mese\u010dev kamen - Seraphina","og_description":"Veri\u017eica izdelana iz 925 srebra z naravnim surovim kristalom mese\u010dev kamen.\u00a0Seraphina - nakit iz naravnih kristalov in poldragih - dragih kamnov.","og_url":"https:\/\/www.seraphina.si\/de\/p\/frauen-sterling-silber-rohe-schonheit-monate-stein\/","og_site_name":"Seraphina","article_publisher":"https:\/\/www.facebook.com\/seraphina.si\/","article_modified_time":"2026-03-16T10:19:38+00:00","og_image":[{"width":1080,"height":1080,"url":"https:\/\/www.seraphina.si\/wp-content\/uploads\/2023\/12\/1-4.jpg","type":"image\/jpeg"}],"schema":{"@context":"https:\/\/schema.org","@graph":[{"@type":["WebPage","CollectionPage"],"@id":"https:\/\/www.seraphina.si\/p\/zenska-verizica-iz-srebra-raw-beauty-mesecev-kamen\/","url":"https:\/\/www.seraphina.si\/p\/zenska-verizica-iz-srebra-raw-beauty-mesecev-kamen\/","name":"Damenhalskette aus Sterlingsilber RAW BEAUTY, Mondstein - Seraphina","isPartOf":{"@id":"https:\/\/www.seraphina.si\/#website"},"primaryImageOfPage":{"@id":"https:\/\/www.seraphina.si\/p\/zenska-verizica-iz-srebra-raw-beauty-mesecev-kamen\/#primaryimage"},"image":{"@id":"https:\/\/www.seraphina.si\/p\/zenska-verizica-iz-srebra-raw-beauty-mesecev-kamen\/#primaryimage"},"thumbnailUrl":"https:\/\/www.seraphina.si\/wp-content\/uploads\/2023\/12\/1-4.jpg","datePublished":"2023-12-04T20:09:28+00:00","dateModified":"2026-03-16T10:19:38+00:00","description":"Kette aus 925er Sterlingsilber mit nat\u00fcrlichem rohem Mondsteinkristall. Seraphina - Schmuck aus nat\u00fcrlichen Kristallen und Halbedelsteinen.","breadcrumb":{"@id":"https:\/\/www.seraphina.si\/p\/zenska-verizica-iz-srebra-raw-beauty-mesecev-kamen\/#breadcrumb"},"inLanguage":"de"},{"@type":"ImageObject","inLanguage":"de","@id":"https:\/\/www.seraphina.si\/p\/zenska-verizica-iz-srebra-raw-beauty-mesecev-kamen\/#primaryimage","url":"https:\/\/www.seraphina.si\/wp-content\/uploads\/2023\/12\/1-4.jpg","contentUrl":"https:\/\/www.seraphina.si\/wp-content\/uploads\/2023\/12\/1-4.jpg","width":1080,"height":1080,"caption":"Veri\u017eica Raw Beauty - Mese\u010dev kamen - Seraphina"},{"@type":"BreadcrumbList","@id":"https:\/\/www.seraphina.si\/p\/zenska-verizica-iz-srebra-raw-beauty-mesecev-kamen\/#breadcrumb","itemListElement":[{"@type":"ListItem","position":1,"name":"Home","item":"https:\/\/www.seraphina.si\/"},{"@type":"ListItem","position":2,"name":"Trgovina","item":"https:\/\/www.seraphina.si\/trgovina\/"},{"@type":"ListItem","position":3,"name":"\u017denska veri\u017eica iz srebra RAW BEAUTY, Mese\u010dev kamen"}]},{"@type":"WebSite","@id":"https:\/\/www.seraphina.si\/#website","url":"https:\/\/www.seraphina.si\/","name":"Einzigartiger Kristallschmuck - Seraphina","description":"Einzigartiger Kristallsteinschmuck, Silberringe und Ketten -","publisher":{"@id":"https:\/\/www.seraphina.si\/#organization"},"alternateName":"Seraphina - Unikatni nakit iz kristalov","potentialAction":[{"@type":"SearchAction","target":{"@type":"EntryPoint","urlTemplate":"https:\/\/www.seraphina.si\/?s={search_term_string}"},"query-input":{"@type":"PropertyValueSpecification","valueRequired":true,"valueName":"search_term_string"}}],"inLanguage":"de"},{"@type":"Organization","@id":"https:\/\/www.seraphina.si\/#organization","name":"Nakit Seraphina","alternateName":"Seraphina spletna trgovina z nakitom, kristali in minerali","url":"https:\/\/www.seraphina.si\/","logo":{"@type":"ImageObject","inLanguage":"de","@id":"https:\/\/www.seraphina.si\/#\/schema\/logo\/image\/","url":"https:\/\/www.seraphina.si\/wp-content\/uploads\/2025\/03\/logo-seraphina-2025-1.svg","contentUrl":"https:\/\/www.seraphina.si\/wp-content\/uploads\/2025\/03\/logo-seraphina-2025-1.svg","width":100,"height":100,"caption":"Nakit Seraphina"},"image":{"@id":"https:\/\/www.seraphina.si\/#\/schema\/logo\/image\/"},"sameAs":["https:\/\/www.facebook.com\/seraphina.si\/","https:\/\/www.instagram.com\/seraphinas_gemstones\/"]}]}},"_links":{"self":[{"href":"https:\/\/www.seraphina.si\/de\/wp-json\/wp\/v2\/product\/7901","targetHints":{"allow":["GET"]}}],"collection":[{"href":"https:\/\/www.seraphina.si\/de\/wp-json\/wp\/v2\/product"}],"about":[{"href":"https:\/\/www.seraphina.si\/de\/wp-json\/wp\/v2\/types\/product"}],"wp:featuredmedia":[{"embeddable":true,"href":"https:\/\/www.seraphina.si\/de\/wp-json\/wp\/v2\/media\/7903"}],"wp:attachment":[{"href":"https:\/\/www.seraphina.si\/de\/wp-json\/wp\/v2\/media?parent=7901"}],"wp:term":[{"taxonomy":"horoskop","embeddable":true,"href":"https:\/\/www.seraphina.si\/de\/wp-json\/wp\/v2\/horoskop?post=7901"},{"taxonomy":"kamen","embeddable":true,"href":"https:\/\/www.seraphina.si\/de\/wp-json\/wp\/v2\/kamen?post=7901"},{"taxonomy":"kolekcija","embeddable":true,"href":"https:\/\/www.seraphina.si\/de\/wp-json\/wp\/v2\/kolekcija?post=7901"},{"taxonomy":"mesec","embeddable":true,"href":"https:\/\/www.seraphina.si\/de\/wp-json\/wp\/v2\/mesec?post=7901"},{"taxonomy":"product_brand","embeddable":true,"href":"https:\/\/www.seraphina.si\/de\/wp-json\/wp\/v2\/product_brand?post=7901"},{"taxonomy":"product_cat","embeddable":true,"href":"https:\/\/www.seraphina.si\/de\/wp-json\/wp\/v2\/product_cat?post=7901"},{"taxonomy":"product_tag","embeddable":true,"href":"https:\/\/www.seraphina.si\/de\/wp-json\/wp\/v2\/product_tag?post=7901"}],"curies":[{"name":"wp","href":"https:\/\/api.w.org\/{rel}","templated":true}]}}