{"id":79,"date":"2024-07-29T13:38:31","date_gmt":"2024-07-29T11:38:31","guid":{"rendered":"https:\/\/www.seraphina.si\/?post_type=product&#038;p=79"},"modified":"2026-03-13T14:21:54","modified_gmt":"2026-03-13T13:21:54","slug":"damenring-aus-sterlingsilber-roh-schonheit-citrin","status":"publish","type":"product","link":"https:\/\/www.seraphina.si\/de\/p\/zenski-prstan-iz-srebra-raw-beauty-citrin\/","title":{"rendered":"Damenring aus Sterlingsilber RAW BEAUTY, Citrin"},"content":{"rendered":"<p>Ring aus 925er Sterlingsilber, mit rohem Citrin-Kristall (w\u00e4rmebehandelt).<\/p>\n<p>Erh\u00e4ltlich in 3 Versionen:<\/p>\n<ul>\n<li>Sterlingsilber<\/li>\n<li>925er Sterlingsilber mit Rhodiumbeschichtung<\/li>\n<li>925er Sterlingsilber mit 750\/1000 (18 Karat) Goldplattierung, 2,5 Mikron Goldplattierung<\/li>\n<\/ul>\n<p>Die Kristallgr\u00f6\u00dfe betr\u00e4gt ca. 10-17 mm x 10-17 mm.<\/p>\n<p>Da es sich um nat\u00fcrliche Kristalle handelt, variieren sie leicht in Form und Farbe.<\/p>\n<h4><strong>Citrin - Citrin<\/strong><\/h4>\n<p>Herkunft: Uralgebirge in Russland und Madagaskar<\/p>\n<p>Der Citrin tr\u00e4gt die Kraft der Sonne und positive Energie in sich. Er st\u00e4rkt das Selbstvertrauen, wehrt Stress und Tr\u00e4gheit ab. Er geh\u00f6rt zur Quarzfamilie - der Quarzfamilie, wie Blitz, Amethyst und Rosenquarz.<\/p>\n<p>Der Citrin w\u00e4rmt den K\u00f6rper und hebt die Stimmung, wie wenn wir in Sonnenlicht gebadet werden. Er bringt eine F\u00fclle von Energie und positive Schwingungen, so dass er f\u00fcr diejenigen, die unter chronischer M\u00fcdigkeit und Melancholie leiden, gro\u00dfartig ist.<\/p>\n<p>Im Laufe der Geschichte war der Citrin als \"Stein der Kaufleute\" oder \"Gl\u00fccksstein\" bekannt, da viele glauben, dass er Geld anziehen kann. Es wird allgemein angenommen, dass er Reichtum und \u00dcberfluss anzieht, sowohl geistig als auch materiell.<\/p>\n<p>Seine sonnige Farbe zieht positive Schwingungen an und hilft, Spannungen und negative Gef\u00fchle wie Depressionen, Verwirrung und zerst\u00f6rerische Tendenzen zu l\u00f6sen. Sie gibt uns ein Gef\u00fchl von Selbstwert, Selbstvertrauen, Optimismus und positiver Stimmung.<\/p>","protected":false},"excerpt":{"rendered":"<p>Prstan izdelan iz 925 srebra s surovim citrinom, ki dviguje razpolo\u017eenje, zmanj\u0161uje stres in privla\u010di bogastvo ter obilje. Pomaga dvigovati samozavest, odganja stres in oto\u017enost, ter prina\u0161a ob\u010dutek topline in optimizma. Na voljo v 3 razli\u010dicah: srebro 925, srebro 925 s prevleko iz rodija in srebro 925 s pozlato \u010distine 750\/1000 (18 karatov).<\/p>","protected":false},"featured_media":22284,"template":"","meta":{"_acf_changed":false,"inline_featured_image":false},"horoskop":[],"kamen":[664],"kolekcija":[722],"mesec":[601],"product_brand":[],"product_cat":[25,31,350,287,183],"product_tag":[32,21,24,33,20,22],"class_list":{"0":"post-79","1":"product","2":"type-product","3":"status-publish","4":"has-post-thumbnail","6":"kamen-citrin","7":"kolekcija-raw-beauty","8":"mesec-november","9":"product_cat-prstani","10":"product_cat-prstani-iz-srebra","11":"product_cat-prstani-s-surovimi-kamni","12":"product_cat-surovi-kristali-in-minerali","13":"product_cat-vsa-ponudba","14":"product_tag-citrin","15":"product_tag-kristal","16":"product_tag-prstan","17":"product_tag-srebro","18":"product_tag-surov","19":"product_tag-surovi","20":"pa_horoskop-devica","21":"pa_horoskop-dvojcka","22":"pa_horoskop-tehtnica","23":"pa_horoskop-vodnar","24":"pa_kamen-citrin","25":"tm-has-options","27":"first","28":"instock","29":"taxable","30":"shipping-taxable","31":"purchasable","32":"product-type-variable"},"acf":[],"yoast_head":"<!-- This site is optimized with the Yoast SEO plugin v27.3 - https:\/\/yoast.com\/product\/yoast-seo-wordpress\/ -->\n<title>\u017denski prstan iz srebra RAW BEAUTY, Citrin<\/title>\n<meta name=\"description\" content=\"Prstan izdelan iz 925 srebra, s surovim kristalom citrin iz Madagaskarja, ki v sebi nosi mo\u010d sonca. Naravni kristali in minerali v nakitu.\" \/>\n<meta name=\"robots\" content=\"index, follow, max-snippet:-1, max-image-preview:large, max-video-preview:-1\" \/>\n<link rel=\"canonical\" href=\"https:\/\/www.seraphina.si\/de\/p\/damenring-aus-sterlingsilber-roh-schonheit-citrin\/\" \/>\n<meta property=\"og:locale\" content=\"de_DE\" \/>\n<meta property=\"og:type\" content=\"article\" \/>\n<meta property=\"og:title\" content=\"\u017denski prstan iz srebra RAW BEAUTY, Citrin\" \/>\n<meta property=\"og:description\" content=\"Prstan izdelan iz 925 srebra, s surovim kristalom citrin iz Madagaskarja, ki v sebi nosi mo\u010d sonca. Naravni kristali in minerali v nakitu.\" \/>\n<meta property=\"og:url\" content=\"https:\/\/www.seraphina.si\/de\/p\/damenring-aus-sterlingsilber-roh-schonheit-citrin\/\" \/>\n<meta property=\"og:site_name\" content=\"Seraphina\" \/>\n<meta property=\"article:publisher\" content=\"https:\/\/www.facebook.com\/seraphina.si\/\" \/>\n<meta property=\"article:modified_time\" content=\"2026-03-13T13:21:54+00:00\" \/>\n<meta property=\"og:image\" content=\"https:\/\/www.seraphina.si\/wp-content\/uploads\/2022\/07\/1-Pica.jpg\" \/>\n\t<meta property=\"og:image:width\" content=\"900\" \/>\n\t<meta property=\"og:image:height\" content=\"900\" \/>\n\t<meta property=\"og:image:type\" content=\"image\/jpeg\" \/>\n<script type=\"application\/ld+json\" class=\"yoast-schema-graph\">{\"@context\":\"https:\\\/\\\/schema.org\",\"@graph\":[{\"@type\":[\"WebPage\",\"CollectionPage\"],\"@id\":\"https:\\\/\\\/www.seraphina.si\\\/p\\\/zenski-prstan-iz-srebra-raw-beauty-citrin\\\/\",\"url\":\"https:\\\/\\\/www.seraphina.si\\\/p\\\/zenski-prstan-iz-srebra-raw-beauty-citrin\\\/\",\"name\":\"\u017denski prstan iz srebra RAW BEAUTY, Citrin\",\"isPartOf\":{\"@id\":\"https:\\\/\\\/www.seraphina.si\\\/#website\"},\"primaryImageOfPage\":{\"@id\":\"https:\\\/\\\/www.seraphina.si\\\/p\\\/zenski-prstan-iz-srebra-raw-beauty-citrin\\\/#primaryimage\"},\"image\":{\"@id\":\"https:\\\/\\\/www.seraphina.si\\\/p\\\/zenski-prstan-iz-srebra-raw-beauty-citrin\\\/#primaryimage\"},\"thumbnailUrl\":\"https:\\\/\\\/www.seraphina.si\\\/wp-content\\\/uploads\\\/2022\\\/07\\\/1-Pica.jpg\",\"datePublished\":\"2024-07-29T11:38:31+00:00\",\"dateModified\":\"2026-03-13T13:21:54+00:00\",\"description\":\"Prstan izdelan iz 925 srebra, s surovim kristalom citrin iz Madagaskarja, ki v sebi nosi mo\u010d sonca. Naravni kristali in minerali v nakitu.\",\"breadcrumb\":{\"@id\":\"https:\\\/\\\/www.seraphina.si\\\/p\\\/zenski-prstan-iz-srebra-raw-beauty-citrin\\\/#breadcrumb\"},\"inLanguage\":\"de\"},{\"@type\":\"ImageObject\",\"inLanguage\":\"de\",\"@id\":\"https:\\\/\\\/www.seraphina.si\\\/p\\\/zenski-prstan-iz-srebra-raw-beauty-citrin\\\/#primaryimage\",\"url\":\"https:\\\/\\\/www.seraphina.si\\\/wp-content\\\/uploads\\\/2022\\\/07\\\/1-Pica.jpg\",\"contentUrl\":\"https:\\\/\\\/www.seraphina.si\\\/wp-content\\\/uploads\\\/2022\\\/07\\\/1-Pica.jpg\",\"width\":900,\"height\":900},{\"@type\":\"BreadcrumbList\",\"@id\":\"https:\\\/\\\/www.seraphina.si\\\/p\\\/zenski-prstan-iz-srebra-raw-beauty-citrin\\\/#breadcrumb\",\"itemListElement\":[{\"@type\":\"ListItem\",\"position\":1,\"name\":\"Home\",\"item\":\"https:\\\/\\\/www.seraphina.si\\\/\"},{\"@type\":\"ListItem\",\"position\":2,\"name\":\"Trgovina\",\"item\":\"https:\\\/\\\/www.seraphina.si\\\/trgovina\\\/\"},{\"@type\":\"ListItem\",\"position\":3,\"name\":\"\u017denski prstan iz srebra RAW BEAUTY, Citrin\"}]},{\"@type\":\"WebSite\",\"@id\":\"https:\\\/\\\/www.seraphina.si\\\/#website\",\"url\":\"https:\\\/\\\/www.seraphina.si\\\/\",\"name\":\"Unikatni nakit iz kristalov - Seraphina\",\"description\":\"Unikatni nakit kamen iz kristalov, srebrni prstani in veri\u017eice -\",\"publisher\":{\"@id\":\"https:\\\/\\\/www.seraphina.si\\\/#organization\"},\"alternateName\":\"Seraphina - Unikatni nakit iz kristalov\",\"potentialAction\":[{\"@type\":\"SearchAction\",\"target\":{\"@type\":\"EntryPoint\",\"urlTemplate\":\"https:\\\/\\\/www.seraphina.si\\\/?s={search_term_string}\"},\"query-input\":{\"@type\":\"PropertyValueSpecification\",\"valueRequired\":true,\"valueName\":\"search_term_string\"}}],\"inLanguage\":\"de\"},{\"@type\":\"Organization\",\"@id\":\"https:\\\/\\\/www.seraphina.si\\\/#organization\",\"name\":\"Nakit Seraphina\",\"alternateName\":\"Seraphina spletna trgovina z nakitom, kristali in minerali\",\"url\":\"https:\\\/\\\/www.seraphina.si\\\/\",\"logo\":{\"@type\":\"ImageObject\",\"inLanguage\":\"de\",\"@id\":\"https:\\\/\\\/www.seraphina.si\\\/#\\\/schema\\\/logo\\\/image\\\/\",\"url\":\"https:\\\/\\\/www.seraphina.si\\\/wp-content\\\/uploads\\\/2025\\\/03\\\/logo-seraphina-2025-1.svg\",\"contentUrl\":\"https:\\\/\\\/www.seraphina.si\\\/wp-content\\\/uploads\\\/2025\\\/03\\\/logo-seraphina-2025-1.svg\",\"width\":100,\"height\":100,\"caption\":\"Nakit Seraphina\"},\"image\":{\"@id\":\"https:\\\/\\\/www.seraphina.si\\\/#\\\/schema\\\/logo\\\/image\\\/\"},\"sameAs\":[\"https:\\\/\\\/www.facebook.com\\\/seraphina.si\\\/\",\"https:\\\/\\\/www.instagram.com\\\/seraphinas_gemstones\\\/\"]}]}<\/script>\n<!-- \/ Yoast SEO plugin. -->","yoast_head_json":{"title":"Damenring aus Sterlingsilber RAW BEAUTY, Citrin","description":"Ring aus 925er Sterlingsilber, mit einem rohen Citrin-Kristall aus Madagaskar, der die Kraft der Sonne in sich tr\u00e4gt. Nat\u00fcrliche Kristalle und Mineralien in Schmuck.","robots":{"index":"index","follow":"follow","max-snippet":"max-snippet:-1","max-image-preview":"max-image-preview:large","max-video-preview":"max-video-preview:-1"},"canonical":"https:\/\/www.seraphina.si\/de\/p\/damenring-aus-sterlingsilber-roh-schonheit-citrin\/","og_locale":"de_DE","og_type":"article","og_title":"\u017denski prstan iz srebra RAW BEAUTY, Citrin","og_description":"Prstan izdelan iz 925 srebra, s surovim kristalom citrin iz Madagaskarja, ki v sebi nosi mo\u010d sonca. Naravni kristali in minerali v nakitu.","og_url":"https:\/\/www.seraphina.si\/de\/p\/damenring-aus-sterlingsilber-roh-schonheit-citrin\/","og_site_name":"Seraphina","article_publisher":"https:\/\/www.facebook.com\/seraphina.si\/","article_modified_time":"2026-03-13T13:21:54+00:00","og_image":[{"width":900,"height":900,"url":"https:\/\/www.seraphina.si\/wp-content\/uploads\/2022\/07\/1-Pica.jpg","type":"image\/jpeg"}],"schema":{"@context":"https:\/\/schema.org","@graph":[{"@type":["WebPage","CollectionPage"],"@id":"https:\/\/www.seraphina.si\/p\/zenski-prstan-iz-srebra-raw-beauty-citrin\/","url":"https:\/\/www.seraphina.si\/p\/zenski-prstan-iz-srebra-raw-beauty-citrin\/","name":"Damenring aus Sterlingsilber RAW BEAUTY, Citrin","isPartOf":{"@id":"https:\/\/www.seraphina.si\/#website"},"primaryImageOfPage":{"@id":"https:\/\/www.seraphina.si\/p\/zenski-prstan-iz-srebra-raw-beauty-citrin\/#primaryimage"},"image":{"@id":"https:\/\/www.seraphina.si\/p\/zenski-prstan-iz-srebra-raw-beauty-citrin\/#primaryimage"},"thumbnailUrl":"https:\/\/www.seraphina.si\/wp-content\/uploads\/2022\/07\/1-Pica.jpg","datePublished":"2024-07-29T11:38:31+00:00","dateModified":"2026-03-13T13:21:54+00:00","description":"Ring aus 925er Sterlingsilber, mit einem rohen Citrin-Kristall aus Madagaskar, der die Kraft der Sonne in sich tr\u00e4gt. Nat\u00fcrliche Kristalle und Mineralien in Schmuck.","breadcrumb":{"@id":"https:\/\/www.seraphina.si\/p\/zenski-prstan-iz-srebra-raw-beauty-citrin\/#breadcrumb"},"inLanguage":"de"},{"@type":"ImageObject","inLanguage":"de","@id":"https:\/\/www.seraphina.si\/p\/zenski-prstan-iz-srebra-raw-beauty-citrin\/#primaryimage","url":"https:\/\/www.seraphina.si\/wp-content\/uploads\/2022\/07\/1-Pica.jpg","contentUrl":"https:\/\/www.seraphina.si\/wp-content\/uploads\/2022\/07\/1-Pica.jpg","width":900,"height":900},{"@type":"BreadcrumbList","@id":"https:\/\/www.seraphina.si\/p\/zenski-prstan-iz-srebra-raw-beauty-citrin\/#breadcrumb","itemListElement":[{"@type":"ListItem","position":1,"name":"Home","item":"https:\/\/www.seraphina.si\/"},{"@type":"ListItem","position":2,"name":"Trgovina","item":"https:\/\/www.seraphina.si\/trgovina\/"},{"@type":"ListItem","position":3,"name":"\u017denski prstan iz srebra RAW BEAUTY, Citrin"}]},{"@type":"WebSite","@id":"https:\/\/www.seraphina.si\/#website","url":"https:\/\/www.seraphina.si\/","name":"Einzigartiger Kristallschmuck - Seraphina","description":"Einzigartiger Kristallsteinschmuck, Silberringe und Ketten -","publisher":{"@id":"https:\/\/www.seraphina.si\/#organization"},"alternateName":"Seraphina - Unikatni nakit iz kristalov","potentialAction":[{"@type":"SearchAction","target":{"@type":"EntryPoint","urlTemplate":"https:\/\/www.seraphina.si\/?s={search_term_string}"},"query-input":{"@type":"PropertyValueSpecification","valueRequired":true,"valueName":"search_term_string"}}],"inLanguage":"de"},{"@type":"Organization","@id":"https:\/\/www.seraphina.si\/#organization","name":"Nakit Seraphina","alternateName":"Seraphina spletna trgovina z nakitom, kristali in minerali","url":"https:\/\/www.seraphina.si\/","logo":{"@type":"ImageObject","inLanguage":"de","@id":"https:\/\/www.seraphina.si\/#\/schema\/logo\/image\/","url":"https:\/\/www.seraphina.si\/wp-content\/uploads\/2025\/03\/logo-seraphina-2025-1.svg","contentUrl":"https:\/\/www.seraphina.si\/wp-content\/uploads\/2025\/03\/logo-seraphina-2025-1.svg","width":100,"height":100,"caption":"Nakit Seraphina"},"image":{"@id":"https:\/\/www.seraphina.si\/#\/schema\/logo\/image\/"},"sameAs":["https:\/\/www.facebook.com\/seraphina.si\/","https:\/\/www.instagram.com\/seraphinas_gemstones\/"]}]}},"_links":{"self":[{"href":"https:\/\/www.seraphina.si\/de\/wp-json\/wp\/v2\/product\/79","targetHints":{"allow":["GET"]}}],"collection":[{"href":"https:\/\/www.seraphina.si\/de\/wp-json\/wp\/v2\/product"}],"about":[{"href":"https:\/\/www.seraphina.si\/de\/wp-json\/wp\/v2\/types\/product"}],"wp:featuredmedia":[{"embeddable":true,"href":"https:\/\/www.seraphina.si\/de\/wp-json\/wp\/v2\/media\/22284"}],"wp:attachment":[{"href":"https:\/\/www.seraphina.si\/de\/wp-json\/wp\/v2\/media?parent=79"}],"wp:term":[{"taxonomy":"horoskop","embeddable":true,"href":"https:\/\/www.seraphina.si\/de\/wp-json\/wp\/v2\/horoskop?post=79"},{"taxonomy":"kamen","embeddable":true,"href":"https:\/\/www.seraphina.si\/de\/wp-json\/wp\/v2\/kamen?post=79"},{"taxonomy":"kolekcija","embeddable":true,"href":"https:\/\/www.seraphina.si\/de\/wp-json\/wp\/v2\/kolekcija?post=79"},{"taxonomy":"mesec","embeddable":true,"href":"https:\/\/www.seraphina.si\/de\/wp-json\/wp\/v2\/mesec?post=79"},{"taxonomy":"product_brand","embeddable":true,"href":"https:\/\/www.seraphina.si\/de\/wp-json\/wp\/v2\/product_brand?post=79"},{"taxonomy":"product_cat","embeddable":true,"href":"https:\/\/www.seraphina.si\/de\/wp-json\/wp\/v2\/product_cat?post=79"},{"taxonomy":"product_tag","embeddable":true,"href":"https:\/\/www.seraphina.si\/de\/wp-json\/wp\/v2\/product_tag?post=79"}],"curies":[{"name":"wp","href":"https:\/\/api.w.org\/{rel}","templated":true}]}}