{"id":7789,"date":"2024-08-01T10:42:31","date_gmt":"2024-08-01T08:42:31","guid":{"rendered":"https:\/\/www.seraphina.si\/?post_type=product&#038;p=7789"},"modified":"2026-04-03T12:25:43","modified_gmt":"2026-04-03T10:25:43","slug":"andromeda-amethyst-und-weiser-topas-sterlingsilber-kette-fur-damen","status":"publish","type":"product","link":"https:\/\/www.seraphina.si\/de\/p\/zenska-verizica-iz-srebra-andromeda-ametist-in-beli-topaz\/","title":{"rendered":"Damenhalskette aus Sterlingsilber ANDROMEDA, Amethyst und wei\u00dfer Topas"},"content":{"rendered":"<p>Kette und Anh\u00e4nger aus 925er Sterlingsilber, mit nat\u00fcrlichem Amethystkristall und wei\u00dfen Topasen.<\/p>\n<p>Erh\u00e4ltlich in 3 Versionen:<\/p>\n<ul>\n<li>Sterlingsilber<\/li>\n<li>Sterlingsilber 925 + rhodiniert<\/li>\n<li>925 Silber + 750\/1000 Gold (18 Karat), 2,5 Mikrometer dick.<\/li>\n<\/ul>\n<p>Velikost ametista je cca. 20mm x 10 mm.<\/p>\n<p>Ker gre za naravne kristale se barvni odtenek ametista pri vsakem posameznem izdelku malenkost razlikuje.<\/p>\n<p>&nbsp;<\/p>","protected":false},"excerpt":{"rendered":"<p>Srebrna veri\u017eica z obeskom z naravnim ametistom in belimi topazi. Ametist, simbol duhovnosti, mistike in za\u0161\u010dite, vas bo spremljal s svojo edinstveno energijo in \u010dudovito vijoli\u010dno barvo, ki prina\u0161a notranji mir, za\u0161\u010dito in mo\u010d.<\/p>\n<p>&nbsp;<\/p>","protected":false},"featured_media":25990,"template":"","meta":{"_acf_changed":false,"inline_featured_image":false},"horoskop":[],"kamen":[658],"kolekcija":[],"mesec":[604],"product_brand":[],"product_cat":[288,27,29,417,183],"product_tag":[23,21,33,40],"class_list":{"0":"post-7789","1":"product","2":"type-product","3":"status-publish","4":"has-post-thumbnail","6":"kamen-ametist","7":"mesec-februar","8":"product_cat-kabosoni-polirani-kristali-in-minerali","9":"product_cat-obeski-in-verizice","10":"product_cat-verizice","11":"product_cat-verizice-s-kabosoni","12":"product_cat-vsa-ponudba","13":"product_tag-ametist","14":"product_tag-kristal","15":"product_tag-srebro","16":"product_tag-verizica","17":"pa_horoskop-kozorog","18":"pa_horoskop-oven","19":"pa_horoskop-ribi","20":"pa_kamen-ametist","21":"tm-has-options","23":"first","24":"instock","25":"taxable","26":"shipping-taxable","27":"purchasable","28":"product-type-variable"},"acf":[],"yoast_head":"<!-- This site is optimized with the Yoast SEO plugin v27.3 - https:\/\/yoast.com\/product\/yoast-seo-wordpress\/ -->\n<title>\u017denska veri\u017eica iz srebra ANDROMEDA, Ametist in Beli Topaz<\/title>\n<meta name=\"description\" content=\"Veri\u017eica in obesek izdelana iz 925 srebra, z naravnim kristalom ametist in belimi topazi. Seraphina - naravni kristali in minerali v nakitu.\" \/>\n<meta name=\"robots\" content=\"index, follow, max-snippet:-1, max-image-preview:large, max-video-preview:-1\" \/>\n<link rel=\"canonical\" href=\"https:\/\/www.seraphina.si\/de\/p\/andromeda-amethyst-und-weiser-topas-sterlingsilber-kette-fur-damen\/\" \/>\n<meta property=\"og:locale\" content=\"de_DE\" \/>\n<meta property=\"og:type\" content=\"article\" \/>\n<meta property=\"og:title\" content=\"\u017denska veri\u017eica iz srebra ANDROMEDA, Ametist in Beli Topaz\" \/>\n<meta property=\"og:description\" content=\"Veri\u017eica in obesek izdelana iz 925 srebra, z naravnim kristalom ametist in belimi topazi. Seraphina - naravni kristali in minerali v nakitu.\" \/>\n<meta property=\"og:url\" content=\"https:\/\/www.seraphina.si\/de\/p\/andromeda-amethyst-und-weiser-topas-sterlingsilber-kette-fur-damen\/\" \/>\n<meta property=\"og:site_name\" content=\"Seraphina\" \/>\n<meta property=\"article:publisher\" content=\"https:\/\/www.facebook.com\/seraphina.si\/\" \/>\n<meta property=\"article:modified_time\" content=\"2026-04-03T10:25:43+00:00\" \/>\n<meta property=\"og:image\" content=\"https:\/\/www.seraphina.si\/wp-content\/uploads\/2024\/08\/53-1-artguru.jpg\" \/>\n\t<meta property=\"og:image:width\" content=\"900\" \/>\n\t<meta property=\"og:image:height\" content=\"900\" \/>\n\t<meta property=\"og:image:type\" content=\"image\/jpeg\" \/>\n<script type=\"application\/ld+json\" class=\"yoast-schema-graph\">{\"@context\":\"https:\\\/\\\/schema.org\",\"@graph\":[{\"@type\":[\"WebPage\",\"CollectionPage\"],\"@id\":\"https:\\\/\\\/www.seraphina.si\\\/p\\\/zenska-verizica-iz-srebra-andromeda-ametist-in-beli-topaz\\\/\",\"url\":\"https:\\\/\\\/www.seraphina.si\\\/p\\\/zenska-verizica-iz-srebra-andromeda-ametist-in-beli-topaz\\\/\",\"name\":\"\u017denska veri\u017eica iz srebra ANDROMEDA, Ametist in Beli Topaz\",\"isPartOf\":{\"@id\":\"https:\\\/\\\/www.seraphina.si\\\/#website\"},\"primaryImageOfPage\":{\"@id\":\"https:\\\/\\\/www.seraphina.si\\\/p\\\/zenska-verizica-iz-srebra-andromeda-ametist-in-beli-topaz\\\/#primaryimage\"},\"image\":{\"@id\":\"https:\\\/\\\/www.seraphina.si\\\/p\\\/zenska-verizica-iz-srebra-andromeda-ametist-in-beli-topaz\\\/#primaryimage\"},\"thumbnailUrl\":\"https:\\\/\\\/www.seraphina.si\\\/wp-content\\\/uploads\\\/2024\\\/08\\\/53-1-artguru.jpg\",\"datePublished\":\"2024-08-01T08:42:31+00:00\",\"dateModified\":\"2026-04-03T10:25:43+00:00\",\"description\":\"Veri\u017eica in obesek izdelana iz 925 srebra, z naravnim kristalom ametist in belimi topazi. Seraphina - naravni kristali in minerali v nakitu.\",\"breadcrumb\":{\"@id\":\"https:\\\/\\\/www.seraphina.si\\\/p\\\/zenska-verizica-iz-srebra-andromeda-ametist-in-beli-topaz\\\/#breadcrumb\"},\"inLanguage\":\"de\"},{\"@type\":\"ImageObject\",\"inLanguage\":\"de\",\"@id\":\"https:\\\/\\\/www.seraphina.si\\\/p\\\/zenska-verizica-iz-srebra-andromeda-ametist-in-beli-topaz\\\/#primaryimage\",\"url\":\"https:\\\/\\\/www.seraphina.si\\\/wp-content\\\/uploads\\\/2024\\\/08\\\/53-1-artguru.jpg\",\"contentUrl\":\"https:\\\/\\\/www.seraphina.si\\\/wp-content\\\/uploads\\\/2024\\\/08\\\/53-1-artguru.jpg\",\"width\":900,\"height\":900,\"caption\":\"\u017denska veri\u017eica iz srebra ANDROMEDA, Ametist in Beli Topaz\"},{\"@type\":\"BreadcrumbList\",\"@id\":\"https:\\\/\\\/www.seraphina.si\\\/p\\\/zenska-verizica-iz-srebra-andromeda-ametist-in-beli-topaz\\\/#breadcrumb\",\"itemListElement\":[{\"@type\":\"ListItem\",\"position\":1,\"name\":\"Home\",\"item\":\"https:\\\/\\\/www.seraphina.si\\\/\"},{\"@type\":\"ListItem\",\"position\":2,\"name\":\"Trgovina\",\"item\":\"https:\\\/\\\/www.seraphina.si\\\/trgovina\\\/\"},{\"@type\":\"ListItem\",\"position\":3,\"name\":\"\u017denska veri\u017eica iz srebra ANDROMEDA, Ametist in Beli Topaz\"}]},{\"@type\":\"WebSite\",\"@id\":\"https:\\\/\\\/www.seraphina.si\\\/#website\",\"url\":\"https:\\\/\\\/www.seraphina.si\\\/\",\"name\":\"Unikatni nakit iz kristalov - Seraphina\",\"description\":\"Unikatni nakit kamen iz kristalov, srebrni prstani in veri\u017eice -\",\"publisher\":{\"@id\":\"https:\\\/\\\/www.seraphina.si\\\/#organization\"},\"alternateName\":\"Seraphina - Unikatni nakit iz kristalov\",\"potentialAction\":[{\"@type\":\"SearchAction\",\"target\":{\"@type\":\"EntryPoint\",\"urlTemplate\":\"https:\\\/\\\/www.seraphina.si\\\/?s={search_term_string}\"},\"query-input\":{\"@type\":\"PropertyValueSpecification\",\"valueRequired\":true,\"valueName\":\"search_term_string\"}}],\"inLanguage\":\"de\"},{\"@type\":\"Organization\",\"@id\":\"https:\\\/\\\/www.seraphina.si\\\/#organization\",\"name\":\"Nakit Seraphina\",\"alternateName\":\"Seraphina spletna trgovina z nakitom, kristali in minerali\",\"url\":\"https:\\\/\\\/www.seraphina.si\\\/\",\"logo\":{\"@type\":\"ImageObject\",\"inLanguage\":\"de\",\"@id\":\"https:\\\/\\\/www.seraphina.si\\\/#\\\/schema\\\/logo\\\/image\\\/\",\"url\":\"https:\\\/\\\/www.seraphina.si\\\/wp-content\\\/uploads\\\/2025\\\/03\\\/logo-seraphina-2025-1.svg\",\"contentUrl\":\"https:\\\/\\\/www.seraphina.si\\\/wp-content\\\/uploads\\\/2025\\\/03\\\/logo-seraphina-2025-1.svg\",\"width\":100,\"height\":100,\"caption\":\"Nakit Seraphina\"},\"image\":{\"@id\":\"https:\\\/\\\/www.seraphina.si\\\/#\\\/schema\\\/logo\\\/image\\\/\"},\"sameAs\":[\"https:\\\/\\\/www.facebook.com\\\/seraphina.si\\\/\",\"https:\\\/\\\/www.instagram.com\\\/seraphinas_gemstones\\\/\"]}]}<\/script>\n<!-- \/ Yoast SEO plugin. -->","yoast_head_json":{"title":"Damenhalskette aus Sterlingsilber ANDROMEDA, Amethyst und wei\u00dfer Topas","description":"Kette und Anh\u00e4nger aus 925er Sterlingsilber, mit nat\u00fcrlichem Amethystkristall und wei\u00dfen Topasen. Seraphina - nat\u00fcrliche Kristalle und Mineralien in Schmuck.","robots":{"index":"index","follow":"follow","max-snippet":"max-snippet:-1","max-image-preview":"max-image-preview:large","max-video-preview":"max-video-preview:-1"},"canonical":"https:\/\/www.seraphina.si\/de\/p\/andromeda-amethyst-und-weiser-topas-sterlingsilber-kette-fur-damen\/","og_locale":"de_DE","og_type":"article","og_title":"\u017denska veri\u017eica iz srebra ANDROMEDA, Ametist in Beli Topaz","og_description":"Veri\u017eica in obesek izdelana iz 925 srebra, z naravnim kristalom ametist in belimi topazi. Seraphina - naravni kristali in minerali v nakitu.","og_url":"https:\/\/www.seraphina.si\/de\/p\/andromeda-amethyst-und-weiser-topas-sterlingsilber-kette-fur-damen\/","og_site_name":"Seraphina","article_publisher":"https:\/\/www.facebook.com\/seraphina.si\/","article_modified_time":"2026-04-03T10:25:43+00:00","og_image":[{"width":900,"height":900,"url":"https:\/\/www.seraphina.si\/wp-content\/uploads\/2024\/08\/53-1-artguru.jpg","type":"image\/jpeg"}],"schema":{"@context":"https:\/\/schema.org","@graph":[{"@type":["WebPage","CollectionPage"],"@id":"https:\/\/www.seraphina.si\/p\/zenska-verizica-iz-srebra-andromeda-ametist-in-beli-topaz\/","url":"https:\/\/www.seraphina.si\/p\/zenska-verizica-iz-srebra-andromeda-ametist-in-beli-topaz\/","name":"Damenhalskette aus Sterlingsilber ANDROMEDA, Amethyst und wei\u00dfer Topas","isPartOf":{"@id":"https:\/\/www.seraphina.si\/#website"},"primaryImageOfPage":{"@id":"https:\/\/www.seraphina.si\/p\/zenska-verizica-iz-srebra-andromeda-ametist-in-beli-topaz\/#primaryimage"},"image":{"@id":"https:\/\/www.seraphina.si\/p\/zenska-verizica-iz-srebra-andromeda-ametist-in-beli-topaz\/#primaryimage"},"thumbnailUrl":"https:\/\/www.seraphina.si\/wp-content\/uploads\/2024\/08\/53-1-artguru.jpg","datePublished":"2024-08-01T08:42:31+00:00","dateModified":"2026-04-03T10:25:43+00:00","description":"Kette und Anh\u00e4nger aus 925er Sterlingsilber, mit nat\u00fcrlichem Amethystkristall und wei\u00dfen Topasen. Seraphina - nat\u00fcrliche Kristalle und Mineralien in Schmuck.","breadcrumb":{"@id":"https:\/\/www.seraphina.si\/p\/zenska-verizica-iz-srebra-andromeda-ametist-in-beli-topaz\/#breadcrumb"},"inLanguage":"de"},{"@type":"ImageObject","inLanguage":"de","@id":"https:\/\/www.seraphina.si\/p\/zenska-verizica-iz-srebra-andromeda-ametist-in-beli-topaz\/#primaryimage","url":"https:\/\/www.seraphina.si\/wp-content\/uploads\/2024\/08\/53-1-artguru.jpg","contentUrl":"https:\/\/www.seraphina.si\/wp-content\/uploads\/2024\/08\/53-1-artguru.jpg","width":900,"height":900,"caption":"\u017denska veri\u017eica iz srebra ANDROMEDA, Ametist in Beli Topaz"},{"@type":"BreadcrumbList","@id":"https:\/\/www.seraphina.si\/p\/zenska-verizica-iz-srebra-andromeda-ametist-in-beli-topaz\/#breadcrumb","itemListElement":[{"@type":"ListItem","position":1,"name":"Home","item":"https:\/\/www.seraphina.si\/"},{"@type":"ListItem","position":2,"name":"Trgovina","item":"https:\/\/www.seraphina.si\/trgovina\/"},{"@type":"ListItem","position":3,"name":"\u017denska veri\u017eica iz srebra ANDROMEDA, Ametist in Beli Topaz"}]},{"@type":"WebSite","@id":"https:\/\/www.seraphina.si\/#website","url":"https:\/\/www.seraphina.si\/","name":"Einzigartiger Kristallschmuck - Seraphina","description":"Einzigartiger Kristallsteinschmuck, Silberringe und Ketten -","publisher":{"@id":"https:\/\/www.seraphina.si\/#organization"},"alternateName":"Seraphina - Unikatni nakit iz kristalov","potentialAction":[{"@type":"SearchAction","target":{"@type":"EntryPoint","urlTemplate":"https:\/\/www.seraphina.si\/?s={search_term_string}"},"query-input":{"@type":"PropertyValueSpecification","valueRequired":true,"valueName":"search_term_string"}}],"inLanguage":"de"},{"@type":"Organization","@id":"https:\/\/www.seraphina.si\/#organization","name":"Nakit Seraphina","alternateName":"Seraphina spletna trgovina z nakitom, kristali in minerali","url":"https:\/\/www.seraphina.si\/","logo":{"@type":"ImageObject","inLanguage":"de","@id":"https:\/\/www.seraphina.si\/#\/schema\/logo\/image\/","url":"https:\/\/www.seraphina.si\/wp-content\/uploads\/2025\/03\/logo-seraphina-2025-1.svg","contentUrl":"https:\/\/www.seraphina.si\/wp-content\/uploads\/2025\/03\/logo-seraphina-2025-1.svg","width":100,"height":100,"caption":"Nakit Seraphina"},"image":{"@id":"https:\/\/www.seraphina.si\/#\/schema\/logo\/image\/"},"sameAs":["https:\/\/www.facebook.com\/seraphina.si\/","https:\/\/www.instagram.com\/seraphinas_gemstones\/"]}]}},"_links":{"self":[{"href":"https:\/\/www.seraphina.si\/de\/wp-json\/wp\/v2\/product\/7789","targetHints":{"allow":["GET"]}}],"collection":[{"href":"https:\/\/www.seraphina.si\/de\/wp-json\/wp\/v2\/product"}],"about":[{"href":"https:\/\/www.seraphina.si\/de\/wp-json\/wp\/v2\/types\/product"}],"wp:featuredmedia":[{"embeddable":true,"href":"https:\/\/www.seraphina.si\/de\/wp-json\/wp\/v2\/media\/25990"}],"wp:attachment":[{"href":"https:\/\/www.seraphina.si\/de\/wp-json\/wp\/v2\/media?parent=7789"}],"wp:term":[{"taxonomy":"horoskop","embeddable":true,"href":"https:\/\/www.seraphina.si\/de\/wp-json\/wp\/v2\/horoskop?post=7789"},{"taxonomy":"kamen","embeddable":true,"href":"https:\/\/www.seraphina.si\/de\/wp-json\/wp\/v2\/kamen?post=7789"},{"taxonomy":"kolekcija","embeddable":true,"href":"https:\/\/www.seraphina.si\/de\/wp-json\/wp\/v2\/kolekcija?post=7789"},{"taxonomy":"mesec","embeddable":true,"href":"https:\/\/www.seraphina.si\/de\/wp-json\/wp\/v2\/mesec?post=7789"},{"taxonomy":"product_brand","embeddable":true,"href":"https:\/\/www.seraphina.si\/de\/wp-json\/wp\/v2\/product_brand?post=7789"},{"taxonomy":"product_cat","embeddable":true,"href":"https:\/\/www.seraphina.si\/de\/wp-json\/wp\/v2\/product_cat?post=7789"},{"taxonomy":"product_tag","embeddable":true,"href":"https:\/\/www.seraphina.si\/de\/wp-json\/wp\/v2\/product_tag?post=7789"}],"curies":[{"name":"wp","href":"https:\/\/api.w.org\/{rel}","templated":true}]}}