{"id":6772,"date":"2024-06-29T20:57:44","date_gmt":"2024-06-29T18:57:44","guid":{"rendered":"https:\/\/www.seraphina.si\/?post_type=product&#038;p=6772"},"modified":"2026-03-15T10:59:05","modified_gmt":"2026-03-15T09:59:05","slug":"aurelia-stein-blitz-ring-aus-sterlingsilber","status":"publish","type":"product","link":"https:\/\/www.seraphina.si\/de\/p\/zenski-prstan-iz-srebra-aurelia-kamena-strela\/","title":{"rendered":"Damenring aus Sterlingsilber AURELIA, Steinblitz"},"content":{"rendered":"<p>Ring aus 925er Sterlingsilber, mit nat\u00fcrlich geschliffenen Kristallen aus Blitz oder Bergkristall (Quarz).<\/p>\n<p>Erh\u00e4ltlich in 3 Farbversionen:<\/p>\n<ul>\n<li>Sterlingsilber<\/li>\n<li>925er Sterlingsilber mit Rhodiumbeschichtung<\/li>\n<li>925er Sterlingsilber mit 750\/1000 (18 Karat) Goldplattierung, 2,5 Mikron Goldplattierung<\/li>\n<\/ul>\n<p>Kristallgr\u00f6\u00dfen sind 2\u00d74 mm\/1,5\u00d73 mm\/1,8 mm\/1,5 mm<\/p>\n<p>Die Bilder zeigen sowohl einen einzelnen Ring als auch Kombinationen verschiedener Ringdesigns.<\/p>","protected":false},"excerpt":{"rendered":"<p>Dieser Ring besteht aus 925er Sterlingsilber mit einem nat\u00fcrlich geschliffenen Blitz- oder Bergkristall (Quarz), einem universellen Stein, der in Harmonie mit K\u00f6rper, Geist und Seele wirkt, ausgleichend und revitalisierend auf k\u00f6rperlicher, geistiger und emotionaler Ebene. Er vertreibt schwierige Gedanken, revitalisiert und stellt die Lebensenergie wieder her. Erh\u00e4ltlich in 3 Ausf\u00fchrungen: Sterlingsilber 925, Sterlingsilber 925 mit Rhodiumbeschichtung und Sterlingsilber 925 mit Goldbeschichtung von 750\/1000 Reinheit (18 Karat).<\/p>","protected":false},"featured_media":22068,"template":"","meta":{"_acf_changed":false,"inline_featured_image":false},"horoskop":[],"kamen":[678],"kolekcija":[],"mesec":[594],"product_brand":[],"product_cat":[289,25,31,349,183],"product_tag":[36,79,21,24,94,33],"class_list":{"0":"post-6772","1":"product","2":"type-product","3":"status-publish","4":"has-post-thumbnail","6":"kamen-gorski-kristal-ali-kamena-strela","7":"mesec-april","8":"product_cat-bruseni-kristali-in-minerali","9":"product_cat-prstani","10":"product_cat-prstani-iz-srebra","11":"product_cat-prstani-z-brusenimi-kamni","12":"product_cat-vsa-ponudba","13":"product_tag-brusen","14":"product_tag-kamena-strela","15":"product_tag-kristal","16":"product_tag-prstan","17":"product_tag-quartz","18":"product_tag-srebro","19":"pa_horoskop-lev","20":"pa_horoskop-oven","21":"pa_horoskop-rak","22":"pa_kamen-kamena-strela","23":"tm-has-options","25":"first","26":"instock","27":"taxable","28":"shipping-taxable","29":"purchasable","30":"product-type-variable"},"acf":[],"yoast_head":"<!-- This site is optimized with the Yoast SEO plugin v27.3 - https:\/\/yoast.com\/product\/yoast-seo-wordpress\/ -->\n<title>\u017denski prstan iz srebra AURELIA, Kamena strela<\/title>\n<meta name=\"description\" content=\"Prstan izdelan iz 925 srebra, z naravnimi bru\u0161enimi kristali kamena strela ali gorski kristal (quartz). Seraphina - nakit z naravnimi kristali in minerali.\" \/>\n<meta name=\"robots\" content=\"index, follow, max-snippet:-1, max-image-preview:large, max-video-preview:-1\" \/>\n<link rel=\"canonical\" href=\"https:\/\/www.seraphina.si\/de\/p\/aurelia-stein-blitz-ring-aus-sterlingsilber\/\" \/>\n<meta property=\"og:locale\" content=\"de_DE\" \/>\n<meta property=\"og:type\" content=\"article\" \/>\n<meta property=\"og:title\" content=\"\u017denski prstan iz srebra AURELIA, Kamena strela\" \/>\n<meta property=\"og:description\" content=\"Prstan izdelan iz 925 srebra, z naravnimi bru\u0161enimi kristali kamena strela ali gorski kristal (quartz). Seraphina - nakit z naravnimi kristali in minerali.\" \/>\n<meta property=\"og:url\" content=\"https:\/\/www.seraphina.si\/de\/p\/aurelia-stein-blitz-ring-aus-sterlingsilber\/\" \/>\n<meta property=\"og:site_name\" content=\"Seraphina\" \/>\n<meta property=\"article:publisher\" content=\"https:\/\/www.facebook.com\/seraphina.si\/\" \/>\n<meta property=\"article:modified_time\" content=\"2026-03-15T09:59:05+00:00\" \/>\n<meta property=\"og:image\" content=\"https:\/\/www.seraphina.si\/wp-content\/uploads\/2024\/06\/Copy-of-Template-rings-Pica-2.jpg\" \/>\n\t<meta property=\"og:image:width\" content=\"900\" \/>\n\t<meta property=\"og:image:height\" content=\"900\" \/>\n\t<meta property=\"og:image:type\" content=\"image\/jpeg\" \/>\n<script type=\"application\/ld+json\" class=\"yoast-schema-graph\">{\"@context\":\"https:\\\/\\\/schema.org\",\"@graph\":[{\"@type\":[\"WebPage\",\"CollectionPage\"],\"@id\":\"https:\\\/\\\/www.seraphina.si\\\/p\\\/zenski-prstan-iz-srebra-aurelia-kamena-strela\\\/\",\"url\":\"https:\\\/\\\/www.seraphina.si\\\/p\\\/zenski-prstan-iz-srebra-aurelia-kamena-strela\\\/\",\"name\":\"\u017denski prstan iz srebra AURELIA, Kamena strela\",\"isPartOf\":{\"@id\":\"https:\\\/\\\/www.seraphina.si\\\/#website\"},\"primaryImageOfPage\":{\"@id\":\"https:\\\/\\\/www.seraphina.si\\\/p\\\/zenski-prstan-iz-srebra-aurelia-kamena-strela\\\/#primaryimage\"},\"image\":{\"@id\":\"https:\\\/\\\/www.seraphina.si\\\/p\\\/zenski-prstan-iz-srebra-aurelia-kamena-strela\\\/#primaryimage\"},\"thumbnailUrl\":\"https:\\\/\\\/www.seraphina.si\\\/wp-content\\\/uploads\\\/2024\\\/06\\\/Copy-of-Template-rings-Pica-2.jpg\",\"datePublished\":\"2024-06-29T18:57:44+00:00\",\"dateModified\":\"2026-03-15T09:59:05+00:00\",\"description\":\"Prstan izdelan iz 925 srebra, z naravnimi bru\u0161enimi kristali kamena strela ali gorski kristal (quartz). Seraphina - nakit z naravnimi kristali in minerali.\",\"breadcrumb\":{\"@id\":\"https:\\\/\\\/www.seraphina.si\\\/p\\\/zenski-prstan-iz-srebra-aurelia-kamena-strela\\\/#breadcrumb\"},\"inLanguage\":\"de\"},{\"@type\":\"ImageObject\",\"inLanguage\":\"de\",\"@id\":\"https:\\\/\\\/www.seraphina.si\\\/p\\\/zenski-prstan-iz-srebra-aurelia-kamena-strela\\\/#primaryimage\",\"url\":\"https:\\\/\\\/www.seraphina.si\\\/wp-content\\\/uploads\\\/2024\\\/06\\\/Copy-of-Template-rings-Pica-2.jpg\",\"contentUrl\":\"https:\\\/\\\/www.seraphina.si\\\/wp-content\\\/uploads\\\/2024\\\/06\\\/Copy-of-Template-rings-Pica-2.jpg\",\"width\":900,\"height\":900,\"caption\":\"\u017denski prstan iz srebra AURELIA, Kamena strela\"},{\"@type\":\"BreadcrumbList\",\"@id\":\"https:\\\/\\\/www.seraphina.si\\\/p\\\/zenski-prstan-iz-srebra-aurelia-kamena-strela\\\/#breadcrumb\",\"itemListElement\":[{\"@type\":\"ListItem\",\"position\":1,\"name\":\"Home\",\"item\":\"https:\\\/\\\/www.seraphina.si\\\/\"},{\"@type\":\"ListItem\",\"position\":2,\"name\":\"Trgovina\",\"item\":\"https:\\\/\\\/www.seraphina.si\\\/trgovina\\\/\"},{\"@type\":\"ListItem\",\"position\":3,\"name\":\"\u017denski prstan iz srebra AURELIA, Kamena strela\"}]},{\"@type\":\"WebSite\",\"@id\":\"https:\\\/\\\/www.seraphina.si\\\/#website\",\"url\":\"https:\\\/\\\/www.seraphina.si\\\/\",\"name\":\"Unikatni nakit iz kristalov - Seraphina\",\"description\":\"Unikatni nakit kamen iz kristalov, srebrni prstani in veri\u017eice -\",\"publisher\":{\"@id\":\"https:\\\/\\\/www.seraphina.si\\\/#organization\"},\"alternateName\":\"Seraphina - Unikatni nakit iz kristalov\",\"potentialAction\":[{\"@type\":\"SearchAction\",\"target\":{\"@type\":\"EntryPoint\",\"urlTemplate\":\"https:\\\/\\\/www.seraphina.si\\\/?s={search_term_string}\"},\"query-input\":{\"@type\":\"PropertyValueSpecification\",\"valueRequired\":true,\"valueName\":\"search_term_string\"}}],\"inLanguage\":\"de\"},{\"@type\":\"Organization\",\"@id\":\"https:\\\/\\\/www.seraphina.si\\\/#organization\",\"name\":\"Nakit Seraphina\",\"alternateName\":\"Seraphina spletna trgovina z nakitom, kristali in minerali\",\"url\":\"https:\\\/\\\/www.seraphina.si\\\/\",\"logo\":{\"@type\":\"ImageObject\",\"inLanguage\":\"de\",\"@id\":\"https:\\\/\\\/www.seraphina.si\\\/#\\\/schema\\\/logo\\\/image\\\/\",\"url\":\"https:\\\/\\\/www.seraphina.si\\\/wp-content\\\/uploads\\\/2025\\\/03\\\/logo-seraphina-2025-1.svg\",\"contentUrl\":\"https:\\\/\\\/www.seraphina.si\\\/wp-content\\\/uploads\\\/2025\\\/03\\\/logo-seraphina-2025-1.svg\",\"width\":100,\"height\":100,\"caption\":\"Nakit Seraphina\"},\"image\":{\"@id\":\"https:\\\/\\\/www.seraphina.si\\\/#\\\/schema\\\/logo\\\/image\\\/\"},\"sameAs\":[\"https:\\\/\\\/www.facebook.com\\\/seraphina.si\\\/\",\"https:\\\/\\\/www.instagram.com\\\/seraphinas_gemstones\\\/\"]}]}<\/script>\n<!-- \/ Yoast SEO plugin. -->","yoast_head_json":{"title":"Damenring aus Sterlingsilber AURELIA, Steinblitz","description":"Prstan izdelan iz 925 srebra, z naravnimi bru\u0161enimi kristali kamena strela ali gorski kristal (quartz). Seraphina - nakit z naravnimi kristali in minerali.","robots":{"index":"index","follow":"follow","max-snippet":"max-snippet:-1","max-image-preview":"max-image-preview:large","max-video-preview":"max-video-preview:-1"},"canonical":"https:\/\/www.seraphina.si\/de\/p\/aurelia-stein-blitz-ring-aus-sterlingsilber\/","og_locale":"de_DE","og_type":"article","og_title":"\u017denski prstan iz srebra AURELIA, Kamena strela","og_description":"Prstan izdelan iz 925 srebra, z naravnimi bru\u0161enimi kristali kamena strela ali gorski kristal (quartz). Seraphina - nakit z naravnimi kristali in minerali.","og_url":"https:\/\/www.seraphina.si\/de\/p\/aurelia-stein-blitz-ring-aus-sterlingsilber\/","og_site_name":"Seraphina","article_publisher":"https:\/\/www.facebook.com\/seraphina.si\/","article_modified_time":"2026-03-15T09:59:05+00:00","og_image":[{"width":900,"height":900,"url":"https:\/\/www.seraphina.si\/wp-content\/uploads\/2024\/06\/Copy-of-Template-rings-Pica-2.jpg","type":"image\/jpeg"}],"schema":{"@context":"https:\/\/schema.org","@graph":[{"@type":["WebPage","CollectionPage"],"@id":"https:\/\/www.seraphina.si\/p\/zenski-prstan-iz-srebra-aurelia-kamena-strela\/","url":"https:\/\/www.seraphina.si\/p\/zenski-prstan-iz-srebra-aurelia-kamena-strela\/","name":"Damenring aus Sterlingsilber AURELIA, Steinblitz","isPartOf":{"@id":"https:\/\/www.seraphina.si\/#website"},"primaryImageOfPage":{"@id":"https:\/\/www.seraphina.si\/p\/zenski-prstan-iz-srebra-aurelia-kamena-strela\/#primaryimage"},"image":{"@id":"https:\/\/www.seraphina.si\/p\/zenski-prstan-iz-srebra-aurelia-kamena-strela\/#primaryimage"},"thumbnailUrl":"https:\/\/www.seraphina.si\/wp-content\/uploads\/2024\/06\/Copy-of-Template-rings-Pica-2.jpg","datePublished":"2024-06-29T18:57:44+00:00","dateModified":"2026-03-15T09:59:05+00:00","description":"Prstan izdelan iz 925 srebra, z naravnimi bru\u0161enimi kristali kamena strela ali gorski kristal (quartz). Seraphina - nakit z naravnimi kristali in minerali.","breadcrumb":{"@id":"https:\/\/www.seraphina.si\/p\/zenski-prstan-iz-srebra-aurelia-kamena-strela\/#breadcrumb"},"inLanguage":"de"},{"@type":"ImageObject","inLanguage":"de","@id":"https:\/\/www.seraphina.si\/p\/zenski-prstan-iz-srebra-aurelia-kamena-strela\/#primaryimage","url":"https:\/\/www.seraphina.si\/wp-content\/uploads\/2024\/06\/Copy-of-Template-rings-Pica-2.jpg","contentUrl":"https:\/\/www.seraphina.si\/wp-content\/uploads\/2024\/06\/Copy-of-Template-rings-Pica-2.jpg","width":900,"height":900,"caption":"\u017denski prstan iz srebra AURELIA, Kamena strela"},{"@type":"BreadcrumbList","@id":"https:\/\/www.seraphina.si\/p\/zenski-prstan-iz-srebra-aurelia-kamena-strela\/#breadcrumb","itemListElement":[{"@type":"ListItem","position":1,"name":"Home","item":"https:\/\/www.seraphina.si\/"},{"@type":"ListItem","position":2,"name":"Trgovina","item":"https:\/\/www.seraphina.si\/trgovina\/"},{"@type":"ListItem","position":3,"name":"\u017denski prstan iz srebra AURELIA, Kamena strela"}]},{"@type":"WebSite","@id":"https:\/\/www.seraphina.si\/#website","url":"https:\/\/www.seraphina.si\/","name":"Einzigartiger Kristallschmuck - Seraphina","description":"Einzigartiger Kristallsteinschmuck, Silberringe und Ketten -","publisher":{"@id":"https:\/\/www.seraphina.si\/#organization"},"alternateName":"Seraphina - Unikatni nakit iz kristalov","potentialAction":[{"@type":"SearchAction","target":{"@type":"EntryPoint","urlTemplate":"https:\/\/www.seraphina.si\/?s={search_term_string}"},"query-input":{"@type":"PropertyValueSpecification","valueRequired":true,"valueName":"search_term_string"}}],"inLanguage":"de"},{"@type":"Organization","@id":"https:\/\/www.seraphina.si\/#organization","name":"Nakit Seraphina","alternateName":"Seraphina spletna trgovina z nakitom, kristali in minerali","url":"https:\/\/www.seraphina.si\/","logo":{"@type":"ImageObject","inLanguage":"de","@id":"https:\/\/www.seraphina.si\/#\/schema\/logo\/image\/","url":"https:\/\/www.seraphina.si\/wp-content\/uploads\/2025\/03\/logo-seraphina-2025-1.svg","contentUrl":"https:\/\/www.seraphina.si\/wp-content\/uploads\/2025\/03\/logo-seraphina-2025-1.svg","width":100,"height":100,"caption":"Nakit Seraphina"},"image":{"@id":"https:\/\/www.seraphina.si\/#\/schema\/logo\/image\/"},"sameAs":["https:\/\/www.facebook.com\/seraphina.si\/","https:\/\/www.instagram.com\/seraphinas_gemstones\/"]}]}},"_links":{"self":[{"href":"https:\/\/www.seraphina.si\/de\/wp-json\/wp\/v2\/product\/6772","targetHints":{"allow":["GET"]}}],"collection":[{"href":"https:\/\/www.seraphina.si\/de\/wp-json\/wp\/v2\/product"}],"about":[{"href":"https:\/\/www.seraphina.si\/de\/wp-json\/wp\/v2\/types\/product"}],"wp:featuredmedia":[{"embeddable":true,"href":"https:\/\/www.seraphina.si\/de\/wp-json\/wp\/v2\/media\/22068"}],"wp:attachment":[{"href":"https:\/\/www.seraphina.si\/de\/wp-json\/wp\/v2\/media?parent=6772"}],"wp:term":[{"taxonomy":"horoskop","embeddable":true,"href":"https:\/\/www.seraphina.si\/de\/wp-json\/wp\/v2\/horoskop?post=6772"},{"taxonomy":"kamen","embeddable":true,"href":"https:\/\/www.seraphina.si\/de\/wp-json\/wp\/v2\/kamen?post=6772"},{"taxonomy":"kolekcija","embeddable":true,"href":"https:\/\/www.seraphina.si\/de\/wp-json\/wp\/v2\/kolekcija?post=6772"},{"taxonomy":"mesec","embeddable":true,"href":"https:\/\/www.seraphina.si\/de\/wp-json\/wp\/v2\/mesec?post=6772"},{"taxonomy":"product_brand","embeddable":true,"href":"https:\/\/www.seraphina.si\/de\/wp-json\/wp\/v2\/product_brand?post=6772"},{"taxonomy":"product_cat","embeddable":true,"href":"https:\/\/www.seraphina.si\/de\/wp-json\/wp\/v2\/product_cat?post=6772"},{"taxonomy":"product_tag","embeddable":true,"href":"https:\/\/www.seraphina.si\/de\/wp-json\/wp\/v2\/product_tag?post=6772"}],"curies":[{"name":"wp","href":"https:\/\/api.w.org\/{rel}","templated":true}]}}