{"id":6435,"date":"2023-09-11T12:40:10","date_gmt":"2023-09-11T12:40:10","guid":{"rendered":"https:\/\/www.seraphina.si\/?post_type=product&#038;p=6435"},"modified":"2026-03-16T13:24:09","modified_gmt":"2026-03-16T12:24:09","slug":"damen-silber-poseidon-monate-stein-kette","status":"publish","type":"product","link":"https:\/\/www.seraphina.si\/de\/p\/zenska-verizica-iz-srebra-poseidon-mesecev-kamen\/","title":{"rendered":"Damen-Silberkette POSEIDON, Mondstein"},"content":{"rendered":"<p>Kette aus 925er Sterlingsilber, mit nat\u00fcrlich geschliffenem Mondsteinkristall.<\/p>\n<p>Erh\u00e4ltlich in 2 Farbversionen:<\/p>\n<ul>\n<li>Sterlingsilber<\/li>\n<li>925er Sterlingsilber mit 750\/1000 (18 Karat) Goldplattierung, 2,5 Mikron Goldplattierung<\/li>\n<\/ul>\n<p>Die Ma\u00dfe des Anh\u00e4ngers sind 9 x 7 mm.<\/p>\n<p>Silberne Ketten haben alle Adularesenz-Anh\u00e4nger (blauer Glanz), w\u00e4hrend bei vergoldeten Ketten die Wahl zwischen Adularesenz- und Nicht-Adularesenz-Anh\u00e4ngern besteht.<\/p>","protected":false},"excerpt":{"rendered":"<p>Kette aus 925er Sterlingsilber mit nat\u00fcrlich geschliffenem Mondsteinkristall. Der Mondstein ist bekannt f\u00fcr seine mystische Ausstrahlung und symbolisiert Z\u00e4rtlichkeit, Intuition und die Verbindung zu den Zyklen des Mondes. Seine Energie beruhigt und hilft, die nat\u00fcrlichen Rhythmen des Lebens zu verstehen. Erh\u00e4ltlich in 2 Farbvarianten: Sterling Silber 925 und Sterling Silber 925 mit Gold Reinheit 750\/1000 (18 Karat). Alle Anh\u00e4nger an den Sterling Silber Ketten haben Adularesenz, an den vergoldeten Ketten k\u00f6nnen Sie zwischen Anh\u00e4ngern mit oder ohne Adularesenz (blauer Glanz) w\u00e4hlen.<\/p>\n<p>&nbsp;<\/p>","protected":false},"featured_media":6438,"template":"","meta":{"_acf_changed":false,"inline_featured_image":false},"horoskop":[],"kamen":[692],"kolekcija":[],"mesec":[596],"product_brand":[],"product_cat":[289,27,29,416,183],"product_tag":[36,93,21,92,37,57,45,33,40],"class_list":{"0":"post-6435","1":"product","2":"type-product","3":"status-publish","4":"has-post-thumbnail","6":"kamen-mesecev-kamen","7":"mesec-junij","8":"product_cat-bruseni-kristali-in-minerali","9":"product_cat-obeski-in-verizice","10":"product_cat-verizice","11":"product_cat-verizice-z-brusenimi-kamni","12":"product_cat-vsa-ponudba","13":"product_tag-brusen","14":"product_tag-kamen","15":"product_tag-kristal","16":"product_tag-mesecev","17":"product_tag-moonstone","18":"product_tag-obesek","19":"product_tag-srebrna","20":"product_tag-srebro","21":"product_tag-verizica","22":"pa_horoskop-devica","23":"pa_horoskop-dvojcka","24":"pa_horoskop-rak","25":"pa_horoskop-ribi","26":"pa_kamen-mesecev-kamen","27":"tm-has-options","29":"first","30":"instock","31":"sale","32":"taxable","33":"shipping-taxable","34":"purchasable","35":"product-type-variable"},"acf":[],"yoast_head":"<!-- This site is optimized with the Yoast SEO plugin v27.3 - https:\/\/yoast.com\/product\/yoast-seo-wordpress\/ -->\n<title>Seraphina - Veri\u017eica Poseidon - Mese\u010dev kamen<\/title>\n<meta name=\"description\" content=\"Veri\u017eica izdelana iz 925 srebra, z naravnim bru\u0161enim kristalom mese\u010dev kamen. Seraphina - nakit iz naravnih kristalov in poldragih\/dragih kamnov.\" \/>\n<meta name=\"robots\" content=\"index, follow, max-snippet:-1, max-image-preview:large, max-video-preview:-1\" \/>\n<link rel=\"canonical\" href=\"https:\/\/www.seraphina.si\/de\/p\/damen-silber-poseidon-monate-stein-kette\/\" \/>\n<meta property=\"og:locale\" content=\"de_DE\" \/>\n<meta property=\"og:type\" content=\"article\" \/>\n<meta property=\"og:title\" content=\"Seraphina - Veri\u017eica Poseidon - Mese\u010dev kamen\" \/>\n<meta property=\"og:description\" content=\"Veri\u017eica izdelana iz 925 srebra, z naravnim bru\u0161enim kristalom mese\u010dev kamen. Seraphina - nakit iz naravnih kristalov in poldragih\/dragih kamnov.\" \/>\n<meta property=\"og:url\" content=\"https:\/\/www.seraphina.si\/de\/p\/damen-silber-poseidon-monate-stein-kette\/\" \/>\n<meta property=\"og:site_name\" content=\"Seraphina\" \/>\n<meta property=\"article:publisher\" content=\"https:\/\/www.facebook.com\/seraphina.si\/\" \/>\n<meta property=\"article:modified_time\" content=\"2026-03-16T12:24:09+00:00\" \/>\n<meta property=\"og:image\" content=\"https:\/\/www.seraphina.si\/wp-content\/uploads\/2023\/09\/WhatsAppova-datoteka-Slika-2023-08-23-ob-08.55.36.jpg\" \/>\n\t<meta property=\"og:image:width\" content=\"650\" \/>\n\t<meta property=\"og:image:height\" content=\"650\" \/>\n\t<meta property=\"og:image:type\" content=\"image\/jpeg\" \/>\n<script type=\"application\/ld+json\" class=\"yoast-schema-graph\">{\"@context\":\"https:\\\/\\\/schema.org\",\"@graph\":[{\"@type\":[\"WebPage\",\"CollectionPage\"],\"@id\":\"https:\\\/\\\/www.seraphina.si\\\/p\\\/zenska-verizica-iz-srebra-poseidon-mesecev-kamen\\\/\",\"url\":\"https:\\\/\\\/www.seraphina.si\\\/p\\\/zenska-verizica-iz-srebra-poseidon-mesecev-kamen\\\/\",\"name\":\"Seraphina - Veri\u017eica Poseidon - Mese\u010dev kamen\",\"isPartOf\":{\"@id\":\"https:\\\/\\\/www.seraphina.si\\\/#website\"},\"primaryImageOfPage\":{\"@id\":\"https:\\\/\\\/www.seraphina.si\\\/p\\\/zenska-verizica-iz-srebra-poseidon-mesecev-kamen\\\/#primaryimage\"},\"image\":{\"@id\":\"https:\\\/\\\/www.seraphina.si\\\/p\\\/zenska-verizica-iz-srebra-poseidon-mesecev-kamen\\\/#primaryimage\"},\"thumbnailUrl\":\"https:\\\/\\\/www.seraphina.si\\\/wp-content\\\/uploads\\\/2023\\\/09\\\/WhatsAppova-datoteka-Slika-2023-08-23-ob-08.55.36.jpg\",\"datePublished\":\"2023-09-11T12:40:10+00:00\",\"dateModified\":\"2026-03-16T12:24:09+00:00\",\"description\":\"Veri\u017eica izdelana iz 925 srebra, z naravnim bru\u0161enim kristalom mese\u010dev kamen. Seraphina - nakit iz naravnih kristalov in poldragih\\\/dragih kamnov.\",\"breadcrumb\":{\"@id\":\"https:\\\/\\\/www.seraphina.si\\\/p\\\/zenska-verizica-iz-srebra-poseidon-mesecev-kamen\\\/#breadcrumb\"},\"inLanguage\":\"de\"},{\"@type\":\"ImageObject\",\"inLanguage\":\"de\",\"@id\":\"https:\\\/\\\/www.seraphina.si\\\/p\\\/zenska-verizica-iz-srebra-poseidon-mesecev-kamen\\\/#primaryimage\",\"url\":\"https:\\\/\\\/www.seraphina.si\\\/wp-content\\\/uploads\\\/2023\\\/09\\\/WhatsAppova-datoteka-Slika-2023-08-23-ob-08.55.36.jpg\",\"contentUrl\":\"https:\\\/\\\/www.seraphina.si\\\/wp-content\\\/uploads\\\/2023\\\/09\\\/WhatsAppova-datoteka-Slika-2023-08-23-ob-08.55.36.jpg\",\"width\":650,\"height\":650,\"caption\":\"Veri\u017eica Poseidon - Mese\u010dev kamen - Seraphina\"},{\"@type\":\"BreadcrumbList\",\"@id\":\"https:\\\/\\\/www.seraphina.si\\\/p\\\/zenska-verizica-iz-srebra-poseidon-mesecev-kamen\\\/#breadcrumb\",\"itemListElement\":[{\"@type\":\"ListItem\",\"position\":1,\"name\":\"Home\",\"item\":\"https:\\\/\\\/www.seraphina.si\\\/\"},{\"@type\":\"ListItem\",\"position\":2,\"name\":\"Trgovina\",\"item\":\"https:\\\/\\\/www.seraphina.si\\\/trgovina\\\/\"},{\"@type\":\"ListItem\",\"position\":3,\"name\":\"\u017denska veri\u017eica iz srebra POSEIDON, Mese\u010dev kamen\"}]},{\"@type\":\"WebSite\",\"@id\":\"https:\\\/\\\/www.seraphina.si\\\/#website\",\"url\":\"https:\\\/\\\/www.seraphina.si\\\/\",\"name\":\"Unikatni nakit iz kristalov - Seraphina\",\"description\":\"Unikatni nakit kamen iz kristalov, srebrni prstani in veri\u017eice -\",\"publisher\":{\"@id\":\"https:\\\/\\\/www.seraphina.si\\\/#organization\"},\"alternateName\":\"Seraphina - Unikatni nakit iz kristalov\",\"potentialAction\":[{\"@type\":\"SearchAction\",\"target\":{\"@type\":\"EntryPoint\",\"urlTemplate\":\"https:\\\/\\\/www.seraphina.si\\\/?s={search_term_string}\"},\"query-input\":{\"@type\":\"PropertyValueSpecification\",\"valueRequired\":true,\"valueName\":\"search_term_string\"}}],\"inLanguage\":\"de\"},{\"@type\":\"Organization\",\"@id\":\"https:\\\/\\\/www.seraphina.si\\\/#organization\",\"name\":\"Nakit Seraphina\",\"alternateName\":\"Seraphina spletna trgovina z nakitom, kristali in minerali\",\"url\":\"https:\\\/\\\/www.seraphina.si\\\/\",\"logo\":{\"@type\":\"ImageObject\",\"inLanguage\":\"de\",\"@id\":\"https:\\\/\\\/www.seraphina.si\\\/#\\\/schema\\\/logo\\\/image\\\/\",\"url\":\"https:\\\/\\\/www.seraphina.si\\\/wp-content\\\/uploads\\\/2025\\\/03\\\/logo-seraphina-2025-1.svg\",\"contentUrl\":\"https:\\\/\\\/www.seraphina.si\\\/wp-content\\\/uploads\\\/2025\\\/03\\\/logo-seraphina-2025-1.svg\",\"width\":100,\"height\":100,\"caption\":\"Nakit Seraphina\"},\"image\":{\"@id\":\"https:\\\/\\\/www.seraphina.si\\\/#\\\/schema\\\/logo\\\/image\\\/\"},\"sameAs\":[\"https:\\\/\\\/www.facebook.com\\\/seraphina.si\\\/\",\"https:\\\/\\\/www.instagram.com\\\/seraphinas_gemstones\\\/\"]}]}<\/script>\n<!-- \/ Yoast SEO plugin. -->","yoast_head_json":{"title":"Seraphina - Poseidon - Mondstein","description":"Kette aus 925er Sterlingsilber, mit nat\u00fcrlichem Mondsteinkristall im Schliff. Seraphina - Schmuck aus nat\u00fcrlichen Kristallen und Halbedelsteinen\/Edelsteinen.","robots":{"index":"index","follow":"follow","max-snippet":"max-snippet:-1","max-image-preview":"max-image-preview:large","max-video-preview":"max-video-preview:-1"},"canonical":"https:\/\/www.seraphina.si\/de\/p\/damen-silber-poseidon-monate-stein-kette\/","og_locale":"de_DE","og_type":"article","og_title":"Seraphina - Veri\u017eica Poseidon - Mese\u010dev kamen","og_description":"Veri\u017eica izdelana iz 925 srebra, z naravnim bru\u0161enim kristalom mese\u010dev kamen. Seraphina - nakit iz naravnih kristalov in poldragih\/dragih kamnov.","og_url":"https:\/\/www.seraphina.si\/de\/p\/damen-silber-poseidon-monate-stein-kette\/","og_site_name":"Seraphina","article_publisher":"https:\/\/www.facebook.com\/seraphina.si\/","article_modified_time":"2026-03-16T12:24:09+00:00","og_image":[{"width":650,"height":650,"url":"https:\/\/www.seraphina.si\/wp-content\/uploads\/2023\/09\/WhatsAppova-datoteka-Slika-2023-08-23-ob-08.55.36.jpg","type":"image\/jpeg"}],"schema":{"@context":"https:\/\/schema.org","@graph":[{"@type":["WebPage","CollectionPage"],"@id":"https:\/\/www.seraphina.si\/p\/zenska-verizica-iz-srebra-poseidon-mesecev-kamen\/","url":"https:\/\/www.seraphina.si\/p\/zenska-verizica-iz-srebra-poseidon-mesecev-kamen\/","name":"Seraphina - Poseidon - Mondstein","isPartOf":{"@id":"https:\/\/www.seraphina.si\/#website"},"primaryImageOfPage":{"@id":"https:\/\/www.seraphina.si\/p\/zenska-verizica-iz-srebra-poseidon-mesecev-kamen\/#primaryimage"},"image":{"@id":"https:\/\/www.seraphina.si\/p\/zenska-verizica-iz-srebra-poseidon-mesecev-kamen\/#primaryimage"},"thumbnailUrl":"https:\/\/www.seraphina.si\/wp-content\/uploads\/2023\/09\/WhatsAppova-datoteka-Slika-2023-08-23-ob-08.55.36.jpg","datePublished":"2023-09-11T12:40:10+00:00","dateModified":"2026-03-16T12:24:09+00:00","description":"Kette aus 925er Sterlingsilber, mit nat\u00fcrlichem Mondsteinkristall im Schliff. Seraphina - Schmuck aus nat\u00fcrlichen Kristallen und Halbedelsteinen\/Edelsteinen.","breadcrumb":{"@id":"https:\/\/www.seraphina.si\/p\/zenska-verizica-iz-srebra-poseidon-mesecev-kamen\/#breadcrumb"},"inLanguage":"de"},{"@type":"ImageObject","inLanguage":"de","@id":"https:\/\/www.seraphina.si\/p\/zenska-verizica-iz-srebra-poseidon-mesecev-kamen\/#primaryimage","url":"https:\/\/www.seraphina.si\/wp-content\/uploads\/2023\/09\/WhatsAppova-datoteka-Slika-2023-08-23-ob-08.55.36.jpg","contentUrl":"https:\/\/www.seraphina.si\/wp-content\/uploads\/2023\/09\/WhatsAppova-datoteka-Slika-2023-08-23-ob-08.55.36.jpg","width":650,"height":650,"caption":"Veri\u017eica Poseidon - Mese\u010dev kamen - Seraphina"},{"@type":"BreadcrumbList","@id":"https:\/\/www.seraphina.si\/p\/zenska-verizica-iz-srebra-poseidon-mesecev-kamen\/#breadcrumb","itemListElement":[{"@type":"ListItem","position":1,"name":"Home","item":"https:\/\/www.seraphina.si\/"},{"@type":"ListItem","position":2,"name":"Trgovina","item":"https:\/\/www.seraphina.si\/trgovina\/"},{"@type":"ListItem","position":3,"name":"\u017denska veri\u017eica iz srebra POSEIDON, Mese\u010dev kamen"}]},{"@type":"WebSite","@id":"https:\/\/www.seraphina.si\/#website","url":"https:\/\/www.seraphina.si\/","name":"Einzigartiger Kristallschmuck - Seraphina","description":"Einzigartiger Kristallsteinschmuck, Silberringe und Ketten -","publisher":{"@id":"https:\/\/www.seraphina.si\/#organization"},"alternateName":"Seraphina - Unikatni nakit iz kristalov","potentialAction":[{"@type":"SearchAction","target":{"@type":"EntryPoint","urlTemplate":"https:\/\/www.seraphina.si\/?s={search_term_string}"},"query-input":{"@type":"PropertyValueSpecification","valueRequired":true,"valueName":"search_term_string"}}],"inLanguage":"de"},{"@type":"Organization","@id":"https:\/\/www.seraphina.si\/#organization","name":"Nakit Seraphina","alternateName":"Seraphina spletna trgovina z nakitom, kristali in minerali","url":"https:\/\/www.seraphina.si\/","logo":{"@type":"ImageObject","inLanguage":"de","@id":"https:\/\/www.seraphina.si\/#\/schema\/logo\/image\/","url":"https:\/\/www.seraphina.si\/wp-content\/uploads\/2025\/03\/logo-seraphina-2025-1.svg","contentUrl":"https:\/\/www.seraphina.si\/wp-content\/uploads\/2025\/03\/logo-seraphina-2025-1.svg","width":100,"height":100,"caption":"Nakit Seraphina"},"image":{"@id":"https:\/\/www.seraphina.si\/#\/schema\/logo\/image\/"},"sameAs":["https:\/\/www.facebook.com\/seraphina.si\/","https:\/\/www.instagram.com\/seraphinas_gemstones\/"]}]}},"_links":{"self":[{"href":"https:\/\/www.seraphina.si\/de\/wp-json\/wp\/v2\/product\/6435","targetHints":{"allow":["GET"]}}],"collection":[{"href":"https:\/\/www.seraphina.si\/de\/wp-json\/wp\/v2\/product"}],"about":[{"href":"https:\/\/www.seraphina.si\/de\/wp-json\/wp\/v2\/types\/product"}],"wp:featuredmedia":[{"embeddable":true,"href":"https:\/\/www.seraphina.si\/de\/wp-json\/wp\/v2\/media\/6438"}],"wp:attachment":[{"href":"https:\/\/www.seraphina.si\/de\/wp-json\/wp\/v2\/media?parent=6435"}],"wp:term":[{"taxonomy":"horoskop","embeddable":true,"href":"https:\/\/www.seraphina.si\/de\/wp-json\/wp\/v2\/horoskop?post=6435"},{"taxonomy":"kamen","embeddable":true,"href":"https:\/\/www.seraphina.si\/de\/wp-json\/wp\/v2\/kamen?post=6435"},{"taxonomy":"kolekcija","embeddable":true,"href":"https:\/\/www.seraphina.si\/de\/wp-json\/wp\/v2\/kolekcija?post=6435"},{"taxonomy":"mesec","embeddable":true,"href":"https:\/\/www.seraphina.si\/de\/wp-json\/wp\/v2\/mesec?post=6435"},{"taxonomy":"product_brand","embeddable":true,"href":"https:\/\/www.seraphina.si\/de\/wp-json\/wp\/v2\/product_brand?post=6435"},{"taxonomy":"product_cat","embeddable":true,"href":"https:\/\/www.seraphina.si\/de\/wp-json\/wp\/v2\/product_cat?post=6435"},{"taxonomy":"product_tag","embeddable":true,"href":"https:\/\/www.seraphina.si\/de\/wp-json\/wp\/v2\/product_tag?post=6435"}],"curies":[{"name":"wp","href":"https:\/\/api.w.org\/{rel}","templated":true}]}}