{"id":5915,"date":"2023-07-22T17:45:40","date_gmt":"2023-07-22T17:45:40","guid":{"rendered":"https:\/\/www.seraphina.si\/?post_type=product&#038;p=5915"},"modified":"2026-03-16T14:35:09","modified_gmt":"2026-03-16T13:35:09","slug":"sterling-silber-paese-perle-und-weiser-topas-halskette","status":"publish","type":"product","link":"https:\/\/www.seraphina.si\/de\/p\/zenska-verizica-iz-srebra-paese-biser-in-beli-topaz\/","title":{"rendered":"Damenhalskette aus Sterlingsilber PAESE, Perle und wei\u00dfer Topas"},"content":{"rendered":"<p>Eine Halskette mit einer S\u00fc\u00dfwasser-Zuchtperle und einem kleinen wei\u00dfen Topas.<\/p>\n<p>Erh\u00e4ltlich in 2 Farbversionen:<\/p>\n<ul>\n<li>Sterlingsilber<\/li>\n<li>925er Sterlingsilber mit 750\/1000 (18 Karat) Goldplattierung, 2,5 Mikron Goldplattierung<\/li>\n<\/ul>\n<p>Der Durchmesser der Perle betr\u00e4gt ungef\u00e4hr 6 mm x 7 mm.<\/p>","protected":false},"excerpt":{"rendered":"<p>Eine Halskette mit einer S\u00fc\u00dfwasser-Zuchtperle und einem kleinen wei\u00dfen Topas. Perlen sind ein Symbol f\u00fcr Reinheit, Vollkommenheit und Gleichgewicht und leiten uns an, unsere eigenen Gef\u00fchle und unsere innere Weisheit zu erforschen. Aufgrund ihrer Verbindung zum Wasser symbolisieren sie Energiefluss, Ruhe und erinnern uns an unsere innere St\u00e4rke. Erh\u00e4ltlich in 2 Ausf\u00fchrungen: Sterling Silber 925 und Sterling Silber 925 mit Gold Reinheit 750\/1000 (18 Karat).<\/p>","protected":false},"featured_media":5921,"template":"","meta":{"_acf_changed":false,"inline_featured_image":false},"horoskop":[],"kamen":[663],"kolekcija":[721],"mesec":[596],"product_brand":[],"product_cat":[27,287,29,415,183],"product_tag":[107,113,47,52,33,40],"class_list":{"0":"post-5915","1":"product","2":"type-product","3":"status-publish","4":"has-post-thumbnail","6":"kamen-biser","7":"kolekcija-basic","8":"mesec-junij","9":"product_cat-obeski-in-verizice","10":"product_cat-surovi-kristali-in-minerali","11":"product_cat-verizice","12":"product_cat-verizice-s-surovimi-kamni","13":"product_cat-vsa-ponudba","14":"product_tag-biser","15":"product_tag-pearl","16":"product_tag-pozlaceni","17":"product_tag-srebrni","18":"product_tag-srebro","19":"product_tag-verizica","20":"pa_horoskop-devica","21":"pa_horoskop-dvojcka","22":"pa_horoskop-rak","23":"pa_kamen-biser","24":"tm-has-options","26":"first","27":"instock","28":"taxable","29":"shipping-taxable","30":"purchasable","31":"product-type-variable"},"acf":[],"yoast_head":"<!-- This site is optimized with the Yoast SEO plugin v27.3 - https:\/\/yoast.com\/product\/yoast-seo-wordpress\/ -->\n<title>Seraphina - Veri\u017eica Paese - Biser in Beli Topaz<\/title>\n<meta name=\"description\" content=\"Veri\u017eica s sladkovodnim gojenim biserom in drobnim belim topazom. Simbolika biserov se navezuje na \u010distost, ravnovesje in notranjo modrost.\" \/>\n<meta name=\"robots\" content=\"index, follow, max-snippet:-1, max-image-preview:large, max-video-preview:-1\" \/>\n<link rel=\"canonical\" href=\"https:\/\/www.seraphina.si\/de\/p\/sterling-silber-paese-perle-und-weiser-topas-halskette\/\" \/>\n<meta property=\"og:locale\" content=\"de_DE\" \/>\n<meta property=\"og:type\" content=\"article\" \/>\n<meta property=\"og:title\" content=\"Seraphina - Veri\u017eica Paese - Biser in Beli Topaz\" \/>\n<meta property=\"og:description\" content=\"Veri\u017eica s sladkovodnim gojenim biserom in drobnim belim topazom. Simbolika biserov se navezuje na \u010distost, ravnovesje in notranjo modrost.\" \/>\n<meta property=\"og:url\" content=\"https:\/\/www.seraphina.si\/de\/p\/sterling-silber-paese-perle-und-weiser-topas-halskette\/\" \/>\n<meta property=\"og:site_name\" content=\"Seraphina\" \/>\n<meta property=\"article:publisher\" content=\"https:\/\/www.facebook.com\/seraphina.si\/\" \/>\n<meta property=\"article:modified_time\" content=\"2026-03-16T13:35:09+00:00\" \/>\n<meta property=\"og:image\" content=\"https:\/\/www.seraphina.si\/wp-content\/uploads\/2023\/07\/PAL-RN-6-1.jpg\" \/>\n\t<meta property=\"og:image:width\" content=\"1000\" \/>\n\t<meta property=\"og:image:height\" content=\"1000\" \/>\n\t<meta property=\"og:image:type\" content=\"image\/jpeg\" \/>\n<script type=\"application\/ld+json\" class=\"yoast-schema-graph\">{\"@context\":\"https:\\\/\\\/schema.org\",\"@graph\":[{\"@type\":[\"WebPage\",\"CollectionPage\"],\"@id\":\"https:\\\/\\\/www.seraphina.si\\\/p\\\/zenska-verizica-iz-srebra-paese-biser-in-beli-topaz\\\/\",\"url\":\"https:\\\/\\\/www.seraphina.si\\\/p\\\/zenska-verizica-iz-srebra-paese-biser-in-beli-topaz\\\/\",\"name\":\"Seraphina - Veri\u017eica Paese - Biser in Beli Topaz\",\"isPartOf\":{\"@id\":\"https:\\\/\\\/www.seraphina.si\\\/#website\"},\"primaryImageOfPage\":{\"@id\":\"https:\\\/\\\/www.seraphina.si\\\/p\\\/zenska-verizica-iz-srebra-paese-biser-in-beli-topaz\\\/#primaryimage\"},\"image\":{\"@id\":\"https:\\\/\\\/www.seraphina.si\\\/p\\\/zenska-verizica-iz-srebra-paese-biser-in-beli-topaz\\\/#primaryimage\"},\"thumbnailUrl\":\"https:\\\/\\\/www.seraphina.si\\\/wp-content\\\/uploads\\\/2023\\\/07\\\/PAL-RN-6-1.jpg\",\"datePublished\":\"2023-07-22T17:45:40+00:00\",\"dateModified\":\"2026-03-16T13:35:09+00:00\",\"description\":\"Veri\u017eica s sladkovodnim gojenim biserom in drobnim belim topazom. Simbolika biserov se navezuje na \u010distost, ravnovesje in notranjo modrost.\",\"breadcrumb\":{\"@id\":\"https:\\\/\\\/www.seraphina.si\\\/p\\\/zenska-verizica-iz-srebra-paese-biser-in-beli-topaz\\\/#breadcrumb\"},\"inLanguage\":\"de\"},{\"@type\":\"ImageObject\",\"inLanguage\":\"de\",\"@id\":\"https:\\\/\\\/www.seraphina.si\\\/p\\\/zenska-verizica-iz-srebra-paese-biser-in-beli-topaz\\\/#primaryimage\",\"url\":\"https:\\\/\\\/www.seraphina.si\\\/wp-content\\\/uploads\\\/2023\\\/07\\\/PAL-RN-6-1.jpg\",\"contentUrl\":\"https:\\\/\\\/www.seraphina.si\\\/wp-content\\\/uploads\\\/2023\\\/07\\\/PAL-RN-6-1.jpg\",\"width\":1000,\"height\":1000,\"caption\":\"Veri\u017eica Paese - Biser in Beli Topaz - Seraphina\"},{\"@type\":\"BreadcrumbList\",\"@id\":\"https:\\\/\\\/www.seraphina.si\\\/p\\\/zenska-verizica-iz-srebra-paese-biser-in-beli-topaz\\\/#breadcrumb\",\"itemListElement\":[{\"@type\":\"ListItem\",\"position\":1,\"name\":\"Home\",\"item\":\"https:\\\/\\\/www.seraphina.si\\\/\"},{\"@type\":\"ListItem\",\"position\":2,\"name\":\"Trgovina\",\"item\":\"https:\\\/\\\/www.seraphina.si\\\/trgovina\\\/\"},{\"@type\":\"ListItem\",\"position\":3,\"name\":\"\u017denska veri\u017eica iz srebra PAESE, Biser in Beli Topaz\"}]},{\"@type\":\"WebSite\",\"@id\":\"https:\\\/\\\/www.seraphina.si\\\/#website\",\"url\":\"https:\\\/\\\/www.seraphina.si\\\/\",\"name\":\"Unikatni nakit iz kristalov - Seraphina\",\"description\":\"Unikatni nakit kamen iz kristalov, srebrni prstani in veri\u017eice -\",\"publisher\":{\"@id\":\"https:\\\/\\\/www.seraphina.si\\\/#organization\"},\"alternateName\":\"Seraphina - Unikatni nakit iz kristalov\",\"potentialAction\":[{\"@type\":\"SearchAction\",\"target\":{\"@type\":\"EntryPoint\",\"urlTemplate\":\"https:\\\/\\\/www.seraphina.si\\\/?s={search_term_string}\"},\"query-input\":{\"@type\":\"PropertyValueSpecification\",\"valueRequired\":true,\"valueName\":\"search_term_string\"}}],\"inLanguage\":\"de\"},{\"@type\":\"Organization\",\"@id\":\"https:\\\/\\\/www.seraphina.si\\\/#organization\",\"name\":\"Nakit Seraphina\",\"alternateName\":\"Seraphina spletna trgovina z nakitom, kristali in minerali\",\"url\":\"https:\\\/\\\/www.seraphina.si\\\/\",\"logo\":{\"@type\":\"ImageObject\",\"inLanguage\":\"de\",\"@id\":\"https:\\\/\\\/www.seraphina.si\\\/#\\\/schema\\\/logo\\\/image\\\/\",\"url\":\"https:\\\/\\\/www.seraphina.si\\\/wp-content\\\/uploads\\\/2025\\\/03\\\/logo-seraphina-2025-1.svg\",\"contentUrl\":\"https:\\\/\\\/www.seraphina.si\\\/wp-content\\\/uploads\\\/2025\\\/03\\\/logo-seraphina-2025-1.svg\",\"width\":100,\"height\":100,\"caption\":\"Nakit Seraphina\"},\"image\":{\"@id\":\"https:\\\/\\\/www.seraphina.si\\\/#\\\/schema\\\/logo\\\/image\\\/\"},\"sameAs\":[\"https:\\\/\\\/www.facebook.com\\\/seraphina.si\\\/\",\"https:\\\/\\\/www.instagram.com\\\/seraphinas_gemstones\\\/\"]}]}<\/script>\n<!-- \/ Yoast SEO plugin. -->","yoast_head_json":{"title":"Seraphina - Kette Paese - Perle und wei\u00dfer Topas","description":"Eine Halskette mit einer S\u00fc\u00dfwasser-Zuchtperle und einem kleinen wei\u00dfen Topas. Die Symbolik der Perlen bezieht sich auf Reinheit, Gleichgewicht und innere Weisheit.","robots":{"index":"index","follow":"follow","max-snippet":"max-snippet:-1","max-image-preview":"max-image-preview:large","max-video-preview":"max-video-preview:-1"},"canonical":"https:\/\/www.seraphina.si\/de\/p\/sterling-silber-paese-perle-und-weiser-topas-halskette\/","og_locale":"de_DE","og_type":"article","og_title":"Seraphina - Veri\u017eica Paese - Biser in Beli Topaz","og_description":"Veri\u017eica s sladkovodnim gojenim biserom in drobnim belim topazom. Simbolika biserov se navezuje na \u010distost, ravnovesje in notranjo modrost.","og_url":"https:\/\/www.seraphina.si\/de\/p\/sterling-silber-paese-perle-und-weiser-topas-halskette\/","og_site_name":"Seraphina","article_publisher":"https:\/\/www.facebook.com\/seraphina.si\/","article_modified_time":"2026-03-16T13:35:09+00:00","og_image":[{"width":1000,"height":1000,"url":"https:\/\/www.seraphina.si\/wp-content\/uploads\/2023\/07\/PAL-RN-6-1.jpg","type":"image\/jpeg"}],"schema":{"@context":"https:\/\/schema.org","@graph":[{"@type":["WebPage","CollectionPage"],"@id":"https:\/\/www.seraphina.si\/p\/zenska-verizica-iz-srebra-paese-biser-in-beli-topaz\/","url":"https:\/\/www.seraphina.si\/p\/zenska-verizica-iz-srebra-paese-biser-in-beli-topaz\/","name":"Seraphina - Kette Paese - Perle und wei\u00dfer Topas","isPartOf":{"@id":"https:\/\/www.seraphina.si\/#website"},"primaryImageOfPage":{"@id":"https:\/\/www.seraphina.si\/p\/zenska-verizica-iz-srebra-paese-biser-in-beli-topaz\/#primaryimage"},"image":{"@id":"https:\/\/www.seraphina.si\/p\/zenska-verizica-iz-srebra-paese-biser-in-beli-topaz\/#primaryimage"},"thumbnailUrl":"https:\/\/www.seraphina.si\/wp-content\/uploads\/2023\/07\/PAL-RN-6-1.jpg","datePublished":"2023-07-22T17:45:40+00:00","dateModified":"2026-03-16T13:35:09+00:00","description":"Eine Halskette mit einer S\u00fc\u00dfwasser-Zuchtperle und einem kleinen wei\u00dfen Topas. Die Symbolik der Perlen bezieht sich auf Reinheit, Gleichgewicht und innere Weisheit.","breadcrumb":{"@id":"https:\/\/www.seraphina.si\/p\/zenska-verizica-iz-srebra-paese-biser-in-beli-topaz\/#breadcrumb"},"inLanguage":"de"},{"@type":"ImageObject","inLanguage":"de","@id":"https:\/\/www.seraphina.si\/p\/zenska-verizica-iz-srebra-paese-biser-in-beli-topaz\/#primaryimage","url":"https:\/\/www.seraphina.si\/wp-content\/uploads\/2023\/07\/PAL-RN-6-1.jpg","contentUrl":"https:\/\/www.seraphina.si\/wp-content\/uploads\/2023\/07\/PAL-RN-6-1.jpg","width":1000,"height":1000,"caption":"Veri\u017eica Paese - Biser in Beli Topaz - Seraphina"},{"@type":"BreadcrumbList","@id":"https:\/\/www.seraphina.si\/p\/zenska-verizica-iz-srebra-paese-biser-in-beli-topaz\/#breadcrumb","itemListElement":[{"@type":"ListItem","position":1,"name":"Home","item":"https:\/\/www.seraphina.si\/"},{"@type":"ListItem","position":2,"name":"Trgovina","item":"https:\/\/www.seraphina.si\/trgovina\/"},{"@type":"ListItem","position":3,"name":"\u017denska veri\u017eica iz srebra PAESE, Biser in Beli Topaz"}]},{"@type":"WebSite","@id":"https:\/\/www.seraphina.si\/#website","url":"https:\/\/www.seraphina.si\/","name":"Einzigartiger Kristallschmuck - Seraphina","description":"Einzigartiger Kristallsteinschmuck, Silberringe und Ketten -","publisher":{"@id":"https:\/\/www.seraphina.si\/#organization"},"alternateName":"Seraphina - Unikatni nakit iz kristalov","potentialAction":[{"@type":"SearchAction","target":{"@type":"EntryPoint","urlTemplate":"https:\/\/www.seraphina.si\/?s={search_term_string}"},"query-input":{"@type":"PropertyValueSpecification","valueRequired":true,"valueName":"search_term_string"}}],"inLanguage":"de"},{"@type":"Organization","@id":"https:\/\/www.seraphina.si\/#organization","name":"Nakit Seraphina","alternateName":"Seraphina spletna trgovina z nakitom, kristali in minerali","url":"https:\/\/www.seraphina.si\/","logo":{"@type":"ImageObject","inLanguage":"de","@id":"https:\/\/www.seraphina.si\/#\/schema\/logo\/image\/","url":"https:\/\/www.seraphina.si\/wp-content\/uploads\/2025\/03\/logo-seraphina-2025-1.svg","contentUrl":"https:\/\/www.seraphina.si\/wp-content\/uploads\/2025\/03\/logo-seraphina-2025-1.svg","width":100,"height":100,"caption":"Nakit Seraphina"},"image":{"@id":"https:\/\/www.seraphina.si\/#\/schema\/logo\/image\/"},"sameAs":["https:\/\/www.facebook.com\/seraphina.si\/","https:\/\/www.instagram.com\/seraphinas_gemstones\/"]}]}},"_links":{"self":[{"href":"https:\/\/www.seraphina.si\/de\/wp-json\/wp\/v2\/product\/5915","targetHints":{"allow":["GET"]}}],"collection":[{"href":"https:\/\/www.seraphina.si\/de\/wp-json\/wp\/v2\/product"}],"about":[{"href":"https:\/\/www.seraphina.si\/de\/wp-json\/wp\/v2\/types\/product"}],"wp:featuredmedia":[{"embeddable":true,"href":"https:\/\/www.seraphina.si\/de\/wp-json\/wp\/v2\/media\/5921"}],"wp:attachment":[{"href":"https:\/\/www.seraphina.si\/de\/wp-json\/wp\/v2\/media?parent=5915"}],"wp:term":[{"taxonomy":"horoskop","embeddable":true,"href":"https:\/\/www.seraphina.si\/de\/wp-json\/wp\/v2\/horoskop?post=5915"},{"taxonomy":"kamen","embeddable":true,"href":"https:\/\/www.seraphina.si\/de\/wp-json\/wp\/v2\/kamen?post=5915"},{"taxonomy":"kolekcija","embeddable":true,"href":"https:\/\/www.seraphina.si\/de\/wp-json\/wp\/v2\/kolekcija?post=5915"},{"taxonomy":"mesec","embeddable":true,"href":"https:\/\/www.seraphina.si\/de\/wp-json\/wp\/v2\/mesec?post=5915"},{"taxonomy":"product_brand","embeddable":true,"href":"https:\/\/www.seraphina.si\/de\/wp-json\/wp\/v2\/product_brand?post=5915"},{"taxonomy":"product_cat","embeddable":true,"href":"https:\/\/www.seraphina.si\/de\/wp-json\/wp\/v2\/product_cat?post=5915"},{"taxonomy":"product_tag","embeddable":true,"href":"https:\/\/www.seraphina.si\/de\/wp-json\/wp\/v2\/product_tag?post=5915"}],"curies":[{"name":"wp","href":"https:\/\/api.w.org\/{rel}","templated":true}]}}