{"id":5286,"date":"2023-05-19T18:17:25","date_gmt":"2023-05-19T18:17:25","guid":{"rendered":"https:\/\/www.seraphina.si\/?post_type=product&#038;p=5286"},"modified":"2025-08-26T14:13:06","modified_gmt":"2025-08-26T12:13:06","slug":"damenanhanger-in-silber-rohe-schonheit-malachit","status":"publish","type":"product","link":"https:\/\/www.seraphina.si\/de\/p\/zenski-obesek-iz-srebra-raw-beauty-malahit\/","title":{"rendered":"Damenanh\u00e4nger aus Sterlingsilber RAW BEAUTY, Malahite"},"content":{"rendered":"<p>Anh\u00e4nger aus 925er Sterlingsilber mit rohem nat\u00fcrlichem Malachitkristall.<\/p>\n<p>Die Gr\u00f6\u00dfe des Kristalls betr\u00e4gt ungef\u00e4hr 30 mm x 20 mm.<\/p>\n<p>Sie erhalten den Artikel auf dem Bild.<\/p>\n<h4><strong>Malahit - Malachit<\/strong><\/h4>\n<p>Herkunft:Australien<\/p>\n<p>Der Malachit ist herz\u00f6ffnend und seine Wirkung ist \u00e4u\u00dferst kraftvoll im Bereich der Transformation und des positiven Wandels. Er wurde schon von den Griechen und \u00c4gyptern verehrt, die ihn auf tausendundeine Weise verwendeten und vor allem ihre K\u00f6rper mit Schmuck aus diesem bezaubernden Stein schm\u00fcckten. Sp\u00e4ter, im Mittelalter, wurde er in der Medizin verwendet, wo er zur Linderung von Magenbeschwerden eingesetzt wurde und auch als Schutz gegen negative Energien in all ihren Formen sehr beliebt war.<\/p>\n<p>Sie gibt uns emotionale Unterst\u00fctzung bei der \u00dcberwindung von \u00c4ngsten und Zweifeln und lindert die damit verbundenen k\u00f6rperlichen Symptome wie Herzklopfen, Schwitzen und allgemeine Anspannung. Er hilft nicht nur auf emotionaler Ebene, sondern auch bei der Bew\u00e4ltigung der k\u00f6rperlichen Auswirkungen von Stress. Wie andere gr\u00fcne Steine ist der Malachit \u00e4u\u00dferst beruhigend und hat eine intensive Wirkung auf die Herzenergie (Herzchakra). Er hilft uns, vergangene Traumata loszulassen und ermutigt uns, aus unserer Komfortzone herauszutreten. Er gibt uns das Selbstvertrauen, den Mut und die innere St\u00e4rke, giftigen Emotionen und emotionaler Erpressung durch andere zu widerstehen. Seine beruhigende gr\u00fcne Farbe vertreibt negative, schwere Energie und h\u00e4lt uns im Gleichgewicht und ruhig und umh\u00fcllt uns mit Leichtigkeit und Anmut.<\/p>\n<p>Der Malachit wird auch heute noch als Schutzstein und W\u00e4chter des Herzens verwendet. Er hilft bei der schnelleren Heilung von Knochen, Gelenk- und Muskelproblemen und h\u00e4lt den Blutdruck niedrig (was sicherlich durch seine beruhigende Natur beg\u00fcnstigt wird). Er tr\u00e4gt weibliche Energie und hilft, Menstruations- und Wehenschmerzen zu lindern und den K\u00f6rper in Harmonie zu halten, weshalb er auch als Begleiter vor, w\u00e4hrend und nach der Geburt beliebt ist.<\/p>","protected":false},"excerpt":{"rendered":"<p>Einzigartiger Anh\u00e4nger aus 925er Sterlingsilber mit rohem nat\u00fcrlichem Malachitkristall. Malachit bietet emotionale Unterst\u00fctzung bei der \u00dcberwindung von \u00c4ngsten und Zweifeln und hilft bei k\u00f6rperlichen Symptomen von Stress. Er wirkt auf das Herzchakra, beruhigt und bringt innere St\u00e4rke und Zuversicht.<\/p>","protected":false},"featured_media":5287,"template":"","meta":{"_acf_changed":false,"inline_featured_image":false},"horoskop":[],"kamen":[691],"kolekcija":[],"mesec":[],"product_brand":[],"product_cat":[28,27,373,287,183],"product_tag":[21,352,57,52,33,22,60],"class_list":{"0":"post-5286","1":"product","2":"type-product","3":"status-publish","4":"has-post-thumbnail","6":"kamen-malahit","7":"product_cat-obeski","8":"product_cat-obeski-in-verizice","9":"product_cat-obeski-s-surovimi-kamni","10":"product_cat-surovi-kristali-in-minerali","11":"product_cat-vsa-ponudba","12":"product_tag-kristal","13":"product_tag-malahit","14":"product_tag-obesek","15":"product_tag-srebrni","16":"product_tag-srebro","17":"product_tag-surovi","18":"product_tag-zlat","19":"pa_horoskop-bik","20":"pa_horoskop-kozorog","21":"pa_horoskop-rak","22":"pa_horoskop-skorpijon","23":"pa_horoskop-tehtnica","24":"pa_kamen-malahit","25":"tm-has-options","27":"first","28":"outofstock","29":"taxable","30":"shipping-taxable","31":"purchasable","32":"product-type-simple"},"acf":[],"yoast_head":"<!-- This site is optimized with the Yoast SEO plugin v27.3 - https:\/\/yoast.com\/product\/yoast-seo-wordpress\/ -->\n<title>Seraphina - Obesek Raw Beauty - Malahit<\/title>\n<meta name=\"description\" content=\"Obesek izdelan iz 925 srebra, s surovim naravnim kristalom malahit v obliki plo\u0161\u010dice.\u00a0Seraphina - nakit z naravnimi kristali in poldragimi kamni.\" \/>\n<meta name=\"robots\" content=\"index, follow, max-snippet:-1, max-image-preview:large, max-video-preview:-1\" \/>\n<link rel=\"canonical\" href=\"https:\/\/www.seraphina.si\/de\/p\/damenanhanger-in-silber-rohe-schonheit-malachit\/\" \/>\n<meta property=\"og:locale\" content=\"de_DE\" \/>\n<meta property=\"og:type\" content=\"article\" \/>\n<meta property=\"og:title\" content=\"Seraphina - Obesek Raw Beauty - Malahit\" \/>\n<meta property=\"og:description\" content=\"Obesek izdelan iz 925 srebra, s surovim naravnim kristalom malahit v obliki plo\u0161\u010dice.\u00a0Seraphina - nakit z naravnimi kristali in poldragimi kamni.\" \/>\n<meta property=\"og:url\" content=\"https:\/\/www.seraphina.si\/de\/p\/damenanhanger-in-silber-rohe-schonheit-malachit\/\" \/>\n<meta property=\"og:site_name\" content=\"Seraphina\" \/>\n<meta property=\"article:publisher\" content=\"https:\/\/www.facebook.com\/seraphina.si\/\" \/>\n<meta property=\"article:modified_time\" content=\"2025-08-26T12:13:06+00:00\" \/>\n<meta property=\"og:image\" content=\"https:\/\/www.seraphina.si\/wp-content\/uploads\/2023\/05\/MLC-1-119.jpg\" \/>\n\t<meta property=\"og:image:width\" content=\"600\" \/>\n\t<meta property=\"og:image:height\" content=\"600\" \/>\n\t<meta property=\"og:image:type\" content=\"image\/jpeg\" \/>\n<script type=\"application\/ld+json\" class=\"yoast-schema-graph\">{\"@context\":\"https:\\\/\\\/schema.org\",\"@graph\":[{\"@type\":[\"WebPage\",\"CollectionPage\"],\"@id\":\"https:\\\/\\\/www.seraphina.si\\\/p\\\/zenski-obesek-iz-srebra-raw-beauty-malahit\\\/\",\"url\":\"https:\\\/\\\/www.seraphina.si\\\/p\\\/zenski-obesek-iz-srebra-raw-beauty-malahit\\\/\",\"name\":\"Seraphina - Obesek Raw Beauty - Malahit\",\"isPartOf\":{\"@id\":\"https:\\\/\\\/www.seraphina.si\\\/#website\"},\"primaryImageOfPage\":{\"@id\":\"https:\\\/\\\/www.seraphina.si\\\/p\\\/zenski-obesek-iz-srebra-raw-beauty-malahit\\\/#primaryimage\"},\"image\":{\"@id\":\"https:\\\/\\\/www.seraphina.si\\\/p\\\/zenski-obesek-iz-srebra-raw-beauty-malahit\\\/#primaryimage\"},\"thumbnailUrl\":\"https:\\\/\\\/www.seraphina.si\\\/wp-content\\\/uploads\\\/2023\\\/05\\\/MLC-1-119.jpg\",\"datePublished\":\"2023-05-19T18:17:25+00:00\",\"dateModified\":\"2025-08-26T12:13:06+00:00\",\"description\":\"Obesek izdelan iz 925 srebra, s surovim naravnim kristalom malahit v obliki plo\u0161\u010dice.\u00a0Seraphina - nakit z naravnimi kristali in poldragimi kamni.\",\"breadcrumb\":{\"@id\":\"https:\\\/\\\/www.seraphina.si\\\/p\\\/zenski-obesek-iz-srebra-raw-beauty-malahit\\\/#breadcrumb\"},\"inLanguage\":\"de\"},{\"@type\":\"ImageObject\",\"inLanguage\":\"de\",\"@id\":\"https:\\\/\\\/www.seraphina.si\\\/p\\\/zenski-obesek-iz-srebra-raw-beauty-malahit\\\/#primaryimage\",\"url\":\"https:\\\/\\\/www.seraphina.si\\\/wp-content\\\/uploads\\\/2023\\\/05\\\/MLC-1-119.jpg\",\"contentUrl\":\"https:\\\/\\\/www.seraphina.si\\\/wp-content\\\/uploads\\\/2023\\\/05\\\/MLC-1-119.jpg\",\"width\":600,\"height\":600,\"caption\":\"Obesek Raw Beauty - Malahit - Seraphina\"},{\"@type\":\"BreadcrumbList\",\"@id\":\"https:\\\/\\\/www.seraphina.si\\\/p\\\/zenski-obesek-iz-srebra-raw-beauty-malahit\\\/#breadcrumb\",\"itemListElement\":[{\"@type\":\"ListItem\",\"position\":1,\"name\":\"Home\",\"item\":\"https:\\\/\\\/www.seraphina.si\\\/\"},{\"@type\":\"ListItem\",\"position\":2,\"name\":\"Trgovina\",\"item\":\"https:\\\/\\\/www.seraphina.si\\\/trgovina\\\/\"},{\"@type\":\"ListItem\",\"position\":3,\"name\":\"\u017denski obesek iz srebra RAW BEAUTY, Malahit\"}]},{\"@type\":\"WebSite\",\"@id\":\"https:\\\/\\\/www.seraphina.si\\\/#website\",\"url\":\"https:\\\/\\\/www.seraphina.si\\\/\",\"name\":\"Unikatni nakit iz kristalov - Seraphina\",\"description\":\"Unikatni nakit kamen iz kristalov, srebrni prstani in veri\u017eice -\",\"publisher\":{\"@id\":\"https:\\\/\\\/www.seraphina.si\\\/#organization\"},\"alternateName\":\"Seraphina - Unikatni nakit iz kristalov\",\"potentialAction\":[{\"@type\":\"SearchAction\",\"target\":{\"@type\":\"EntryPoint\",\"urlTemplate\":\"https:\\\/\\\/www.seraphina.si\\\/?s={search_term_string}\"},\"query-input\":{\"@type\":\"PropertyValueSpecification\",\"valueRequired\":true,\"valueName\":\"search_term_string\"}}],\"inLanguage\":\"de\"},{\"@type\":\"Organization\",\"@id\":\"https:\\\/\\\/www.seraphina.si\\\/#organization\",\"name\":\"Nakit Seraphina\",\"alternateName\":\"Seraphina spletna trgovina z nakitom, kristali in minerali\",\"url\":\"https:\\\/\\\/www.seraphina.si\\\/\",\"logo\":{\"@type\":\"ImageObject\",\"inLanguage\":\"de\",\"@id\":\"https:\\\/\\\/www.seraphina.si\\\/#\\\/schema\\\/logo\\\/image\\\/\",\"url\":\"https:\\\/\\\/www.seraphina.si\\\/wp-content\\\/uploads\\\/2025\\\/03\\\/logo-seraphina-2025-1.svg\",\"contentUrl\":\"https:\\\/\\\/www.seraphina.si\\\/wp-content\\\/uploads\\\/2025\\\/03\\\/logo-seraphina-2025-1.svg\",\"width\":100,\"height\":100,\"caption\":\"Nakit Seraphina\"},\"image\":{\"@id\":\"https:\\\/\\\/www.seraphina.si\\\/#\\\/schema\\\/logo\\\/image\\\/\"},\"sameAs\":[\"https:\\\/\\\/www.facebook.com\\\/seraphina.si\\\/\",\"https:\\\/\\\/www.instagram.com\\\/seraphinas_gemstones\\\/\"]}]}<\/script>\n<!-- \/ Yoast SEO plugin. -->","yoast_head_json":{"title":"Seraphina - Raw Beauty Anh\u00e4nger - Malahit","description":"Anh\u00e4nger aus 925er Sterlingsilber mit einem rohen nat\u00fcrlichen Malachitkristall in Form einer Platte. Seraphina - Schmuck mit nat\u00fcrlichen Kristallen und Halbedelsteinen.","robots":{"index":"index","follow":"follow","max-snippet":"max-snippet:-1","max-image-preview":"max-image-preview:large","max-video-preview":"max-video-preview:-1"},"canonical":"https:\/\/www.seraphina.si\/de\/p\/damenanhanger-in-silber-rohe-schonheit-malachit\/","og_locale":"de_DE","og_type":"article","og_title":"Seraphina - Obesek Raw Beauty - Malahit","og_description":"Obesek izdelan iz 925 srebra, s surovim naravnim kristalom malahit v obliki plo\u0161\u010dice.\u00a0Seraphina - nakit z naravnimi kristali in poldragimi kamni.","og_url":"https:\/\/www.seraphina.si\/de\/p\/damenanhanger-in-silber-rohe-schonheit-malachit\/","og_site_name":"Seraphina","article_publisher":"https:\/\/www.facebook.com\/seraphina.si\/","article_modified_time":"2025-08-26T12:13:06+00:00","og_image":[{"width":600,"height":600,"url":"https:\/\/www.seraphina.si\/wp-content\/uploads\/2023\/05\/MLC-1-119.jpg","type":"image\/jpeg"}],"schema":{"@context":"https:\/\/schema.org","@graph":[{"@type":["WebPage","CollectionPage"],"@id":"https:\/\/www.seraphina.si\/p\/zenski-obesek-iz-srebra-raw-beauty-malahit\/","url":"https:\/\/www.seraphina.si\/p\/zenski-obesek-iz-srebra-raw-beauty-malahit\/","name":"Seraphina - Raw Beauty Anh\u00e4nger - Malahit","isPartOf":{"@id":"https:\/\/www.seraphina.si\/#website"},"primaryImageOfPage":{"@id":"https:\/\/www.seraphina.si\/p\/zenski-obesek-iz-srebra-raw-beauty-malahit\/#primaryimage"},"image":{"@id":"https:\/\/www.seraphina.si\/p\/zenski-obesek-iz-srebra-raw-beauty-malahit\/#primaryimage"},"thumbnailUrl":"https:\/\/www.seraphina.si\/wp-content\/uploads\/2023\/05\/MLC-1-119.jpg","datePublished":"2023-05-19T18:17:25+00:00","dateModified":"2025-08-26T12:13:06+00:00","description":"Anh\u00e4nger aus 925er Sterlingsilber mit einem rohen nat\u00fcrlichen Malachitkristall in Form einer Platte. Seraphina - Schmuck mit nat\u00fcrlichen Kristallen und Halbedelsteinen.","breadcrumb":{"@id":"https:\/\/www.seraphina.si\/p\/zenski-obesek-iz-srebra-raw-beauty-malahit\/#breadcrumb"},"inLanguage":"de"},{"@type":"ImageObject","inLanguage":"de","@id":"https:\/\/www.seraphina.si\/p\/zenski-obesek-iz-srebra-raw-beauty-malahit\/#primaryimage","url":"https:\/\/www.seraphina.si\/wp-content\/uploads\/2023\/05\/MLC-1-119.jpg","contentUrl":"https:\/\/www.seraphina.si\/wp-content\/uploads\/2023\/05\/MLC-1-119.jpg","width":600,"height":600,"caption":"Obesek Raw Beauty - Malahit - Seraphina"},{"@type":"BreadcrumbList","@id":"https:\/\/www.seraphina.si\/p\/zenski-obesek-iz-srebra-raw-beauty-malahit\/#breadcrumb","itemListElement":[{"@type":"ListItem","position":1,"name":"Home","item":"https:\/\/www.seraphina.si\/"},{"@type":"ListItem","position":2,"name":"Trgovina","item":"https:\/\/www.seraphina.si\/trgovina\/"},{"@type":"ListItem","position":3,"name":"\u017denski obesek iz srebra RAW BEAUTY, Malahit"}]},{"@type":"WebSite","@id":"https:\/\/www.seraphina.si\/#website","url":"https:\/\/www.seraphina.si\/","name":"Einzigartiger Kristallschmuck - Seraphina","description":"Einzigartiger Kristallsteinschmuck, Silberringe und Ketten -","publisher":{"@id":"https:\/\/www.seraphina.si\/#organization"},"alternateName":"Seraphina - Unikatni nakit iz kristalov","potentialAction":[{"@type":"SearchAction","target":{"@type":"EntryPoint","urlTemplate":"https:\/\/www.seraphina.si\/?s={search_term_string}"},"query-input":{"@type":"PropertyValueSpecification","valueRequired":true,"valueName":"search_term_string"}}],"inLanguage":"de"},{"@type":"Organization","@id":"https:\/\/www.seraphina.si\/#organization","name":"Nakit Seraphina","alternateName":"Seraphina spletna trgovina z nakitom, kristali in minerali","url":"https:\/\/www.seraphina.si\/","logo":{"@type":"ImageObject","inLanguage":"de","@id":"https:\/\/www.seraphina.si\/#\/schema\/logo\/image\/","url":"https:\/\/www.seraphina.si\/wp-content\/uploads\/2025\/03\/logo-seraphina-2025-1.svg","contentUrl":"https:\/\/www.seraphina.si\/wp-content\/uploads\/2025\/03\/logo-seraphina-2025-1.svg","width":100,"height":100,"caption":"Nakit Seraphina"},"image":{"@id":"https:\/\/www.seraphina.si\/#\/schema\/logo\/image\/"},"sameAs":["https:\/\/www.facebook.com\/seraphina.si\/","https:\/\/www.instagram.com\/seraphinas_gemstones\/"]}]}},"_links":{"self":[{"href":"https:\/\/www.seraphina.si\/de\/wp-json\/wp\/v2\/product\/5286","targetHints":{"allow":["GET"]}}],"collection":[{"href":"https:\/\/www.seraphina.si\/de\/wp-json\/wp\/v2\/product"}],"about":[{"href":"https:\/\/www.seraphina.si\/de\/wp-json\/wp\/v2\/types\/product"}],"wp:featuredmedia":[{"embeddable":true,"href":"https:\/\/www.seraphina.si\/de\/wp-json\/wp\/v2\/media\/5287"}],"wp:attachment":[{"href":"https:\/\/www.seraphina.si\/de\/wp-json\/wp\/v2\/media?parent=5286"}],"wp:term":[{"taxonomy":"horoskop","embeddable":true,"href":"https:\/\/www.seraphina.si\/de\/wp-json\/wp\/v2\/horoskop?post=5286"},{"taxonomy":"kamen","embeddable":true,"href":"https:\/\/www.seraphina.si\/de\/wp-json\/wp\/v2\/kamen?post=5286"},{"taxonomy":"kolekcija","embeddable":true,"href":"https:\/\/www.seraphina.si\/de\/wp-json\/wp\/v2\/kolekcija?post=5286"},{"taxonomy":"mesec","embeddable":true,"href":"https:\/\/www.seraphina.si\/de\/wp-json\/wp\/v2\/mesec?post=5286"},{"taxonomy":"product_brand","embeddable":true,"href":"https:\/\/www.seraphina.si\/de\/wp-json\/wp\/v2\/product_brand?post=5286"},{"taxonomy":"product_cat","embeddable":true,"href":"https:\/\/www.seraphina.si\/de\/wp-json\/wp\/v2\/product_cat?post=5286"},{"taxonomy":"product_tag","embeddable":true,"href":"https:\/\/www.seraphina.si\/de\/wp-json\/wp\/v2\/product_tag?post=5286"}],"curies":[{"name":"wp","href":"https:\/\/api.w.org\/{rel}","templated":true}]}}