{"id":4509,"date":"2024-11-22T18:52:18","date_gmt":"2024-11-22T17:52:18","guid":{"rendered":"https:\/\/www.seraphina.si\/?post_type=product&#038;p=4509"},"modified":"2026-03-15T19:29:06","modified_gmt":"2026-03-15T18:29:06","slug":"flow-monate-stein-und-weiser-topas-ring","status":"publish","type":"product","link":"https:\/\/www.seraphina.si\/de\/p\/prstan-flow-mesecev-kamen-in-beli-topaz\/","title":{"rendered":"Damenring aus Sterlingsilber FLOW, Mondstein und wei\u00dfer Topas"},"content":{"rendered":"<p>Ring aus 925er Sterlingsilber mit nat\u00fcrlichem, rohem Mondsteinkristall und wei\u00dfen Topasen.<\/p>\n<p>Erh\u00e4ltlich in 3 Versionen:<\/p>\n<ul>\n<li>Sterlingsilber<\/li>\n<li>Sterlingsilber 925 + rhodiniert<\/li>\n<li>925er Sterlingsilber mit 750\/1000 (18 Karat) Goldplattierung, 2,5 Mikron Goldplattierung<\/li>\n<\/ul>\n<p>Die Gr\u00f6\u00dfe des Mondsteins betr\u00e4gt ca. 8 x 7 mm.<\/p>\n<p>Da es sich um einen nat\u00fcrlichen Mondstein handelt, ist die Adulareszenz (blauer Schimmer) bei jedem Ring anders, bei manchen mehr, bei manchen weniger. Wenn Sie bestimmte W\u00fcnsche haben, kontaktieren Sie uns bitte unter info@seraphina.si.<\/p>","protected":false},"excerpt":{"rendered":"<p>Srebrn prstan z naravnim surovim mese\u010devim kamnom in belimi topazi. Mese\u010dev kamen, znan po svojem misti\u010dnem sijaju, prina\u0161a ne\u017enost, intuicijo in povezanost z luninimi cikli, medtem ko njegova energija pomirja in uravnava \u010dustva.<\/p>","protected":false},"featured_media":6973,"template":"","meta":{"_acf_changed":false,"inline_featured_image":false},"horoskop":[],"kamen":[692],"kolekcija":[722],"mesec":[596],"product_brand":[],"product_cat":[302,25,31,350,287,183],"product_tag":[21,34,37,24,248,33,55],"class_list":{"0":"post-4509","1":"product","2":"type-product","3":"status-publish","4":"has-post-thumbnail","6":"kamen-mesecev-kamen","7":"kolekcija-raw-beauty","8":"mesec-junij","9":"product_cat-kristali-in-minerali","10":"product_cat-prstani","11":"product_cat-prstani-iz-srebra","12":"product_cat-prstani-s-surovimi-kamni","13":"product_cat-surovi-kristali-in-minerali","14":"product_cat-vsa-ponudba","15":"product_tag-kristal","16":"product_tag-mesecev-kamen","17":"product_tag-moonstone","18":"product_tag-prstan","19":"product_tag-srce","20":"product_tag-srebro","21":"product_tag-topaz","22":"pa_horoskop-devica","23":"pa_horoskop-dvojcka","24":"pa_horoskop-rak","25":"pa_horoskop-ribi","26":"pa_kamen-mesecev-kamen","27":"tm-has-options","29":"first","30":"instock","31":"sale","32":"taxable","33":"shipping-taxable","34":"purchasable","35":"product-type-variable","36":"has-default-attributes"},"acf":[],"yoast_head":"<!-- This site is optimized with the Yoast SEO plugin v27.3 - https:\/\/yoast.com\/product\/yoast-seo-wordpress\/ -->\n<title>\u017denski prstan iz srebra FLOW, Mese\u010dev kamen in Beli Topaz<\/title>\n<meta name=\"description\" content=\"Prstan izdelan iz 925 srebra, z naravnim kristalom mese\u010dev kamen in belimi topazi. Seraphina - nakit iz naravnih kristalov in poldragih\/dragih kamnov.\" \/>\n<meta name=\"robots\" content=\"index, follow, max-snippet:-1, max-image-preview:large, max-video-preview:-1\" \/>\n<link rel=\"canonical\" href=\"https:\/\/www.seraphina.si\/de\/p\/flow-monate-stein-und-weiser-topas-ring\/\" \/>\n<meta property=\"og:locale\" content=\"de_DE\" \/>\n<meta property=\"og:type\" content=\"article\" \/>\n<meta property=\"og:title\" content=\"\u017denski prstan iz srebra FLOW, Mese\u010dev kamen in Beli Topaz\" \/>\n<meta property=\"og:description\" content=\"Prstan izdelan iz 925 srebra, z naravnim kristalom mese\u010dev kamen in belimi topazi. Seraphina - nakit iz naravnih kristalov in poldragih\/dragih kamnov.\" \/>\n<meta property=\"og:url\" content=\"https:\/\/www.seraphina.si\/de\/p\/flow-monate-stein-und-weiser-topas-ring\/\" \/>\n<meta property=\"og:site_name\" content=\"Seraphina\" \/>\n<meta property=\"article:publisher\" content=\"https:\/\/www.facebook.com\/seraphina.si\/\" \/>\n<meta property=\"article:modified_time\" content=\"2026-03-15T18:29:06+00:00\" \/>\n<meta property=\"og:image\" content=\"https:\/\/www.seraphina.si\/wp-content\/uploads\/2023\/03\/2-5-1.jpg\" \/>\n\t<meta property=\"og:image:width\" content=\"700\" \/>\n\t<meta property=\"og:image:height\" content=\"700\" \/>\n\t<meta property=\"og:image:type\" content=\"image\/jpeg\" \/>\n<script type=\"application\/ld+json\" class=\"yoast-schema-graph\">{\"@context\":\"https:\\\/\\\/schema.org\",\"@graph\":[{\"@type\":[\"WebPage\",\"CollectionPage\"],\"@id\":\"https:\\\/\\\/www.seraphina.si\\\/p\\\/prstan-flow-mesecev-kamen-in-beli-topaz\\\/\",\"url\":\"https:\\\/\\\/www.seraphina.si\\\/p\\\/prstan-flow-mesecev-kamen-in-beli-topaz\\\/\",\"name\":\"\u017denski prstan iz srebra FLOW, Mese\u010dev kamen in Beli Topaz\",\"isPartOf\":{\"@id\":\"https:\\\/\\\/www.seraphina.si\\\/#website\"},\"primaryImageOfPage\":{\"@id\":\"https:\\\/\\\/www.seraphina.si\\\/p\\\/prstan-flow-mesecev-kamen-in-beli-topaz\\\/#primaryimage\"},\"image\":{\"@id\":\"https:\\\/\\\/www.seraphina.si\\\/p\\\/prstan-flow-mesecev-kamen-in-beli-topaz\\\/#primaryimage\"},\"thumbnailUrl\":\"https:\\\/\\\/www.seraphina.si\\\/wp-content\\\/uploads\\\/2023\\\/03\\\/2-5-1.jpg\",\"datePublished\":\"2024-11-22T17:52:18+00:00\",\"dateModified\":\"2026-03-15T18:29:06+00:00\",\"description\":\"Prstan izdelan iz 925 srebra, z naravnim kristalom mese\u010dev kamen in belimi topazi. Seraphina - nakit iz naravnih kristalov in poldragih\\\/dragih kamnov.\",\"breadcrumb\":{\"@id\":\"https:\\\/\\\/www.seraphina.si\\\/p\\\/prstan-flow-mesecev-kamen-in-beli-topaz\\\/#breadcrumb\"},\"inLanguage\":\"de\"},{\"@type\":\"ImageObject\",\"inLanguage\":\"de\",\"@id\":\"https:\\\/\\\/www.seraphina.si\\\/p\\\/prstan-flow-mesecev-kamen-in-beli-topaz\\\/#primaryimage\",\"url\":\"https:\\\/\\\/www.seraphina.si\\\/wp-content\\\/uploads\\\/2023\\\/03\\\/2-5-1.jpg\",\"contentUrl\":\"https:\\\/\\\/www.seraphina.si\\\/wp-content\\\/uploads\\\/2023\\\/03\\\/2-5-1.jpg\",\"width\":700,\"height\":700,\"caption\":\"Prstan Flow - Mese\u010dev kamen in Beli Topaz - Seraphina\"},{\"@type\":\"BreadcrumbList\",\"@id\":\"https:\\\/\\\/www.seraphina.si\\\/p\\\/prstan-flow-mesecev-kamen-in-beli-topaz\\\/#breadcrumb\",\"itemListElement\":[{\"@type\":\"ListItem\",\"position\":1,\"name\":\"Home\",\"item\":\"https:\\\/\\\/www.seraphina.si\\\/\"},{\"@type\":\"ListItem\",\"position\":2,\"name\":\"Trgovina\",\"item\":\"https:\\\/\\\/www.seraphina.si\\\/trgovina\\\/\"},{\"@type\":\"ListItem\",\"position\":3,\"name\":\"\u017denski prstan iz srebra FLOW, Mese\u010dev kamen in Beli Topaz\"}]},{\"@type\":\"WebSite\",\"@id\":\"https:\\\/\\\/www.seraphina.si\\\/#website\",\"url\":\"https:\\\/\\\/www.seraphina.si\\\/\",\"name\":\"Unikatni nakit iz kristalov - Seraphina\",\"description\":\"Unikatni nakit kamen iz kristalov, srebrni prstani in veri\u017eice -\",\"publisher\":{\"@id\":\"https:\\\/\\\/www.seraphina.si\\\/#organization\"},\"alternateName\":\"Seraphina - Unikatni nakit iz kristalov\",\"potentialAction\":[{\"@type\":\"SearchAction\",\"target\":{\"@type\":\"EntryPoint\",\"urlTemplate\":\"https:\\\/\\\/www.seraphina.si\\\/?s={search_term_string}\"},\"query-input\":{\"@type\":\"PropertyValueSpecification\",\"valueRequired\":true,\"valueName\":\"search_term_string\"}}],\"inLanguage\":\"de\"},{\"@type\":\"Organization\",\"@id\":\"https:\\\/\\\/www.seraphina.si\\\/#organization\",\"name\":\"Nakit Seraphina\",\"alternateName\":\"Seraphina spletna trgovina z nakitom, kristali in minerali\",\"url\":\"https:\\\/\\\/www.seraphina.si\\\/\",\"logo\":{\"@type\":\"ImageObject\",\"inLanguage\":\"de\",\"@id\":\"https:\\\/\\\/www.seraphina.si\\\/#\\\/schema\\\/logo\\\/image\\\/\",\"url\":\"https:\\\/\\\/www.seraphina.si\\\/wp-content\\\/uploads\\\/2025\\\/03\\\/logo-seraphina-2025-1.svg\",\"contentUrl\":\"https:\\\/\\\/www.seraphina.si\\\/wp-content\\\/uploads\\\/2025\\\/03\\\/logo-seraphina-2025-1.svg\",\"width\":100,\"height\":100,\"caption\":\"Nakit Seraphina\"},\"image\":{\"@id\":\"https:\\\/\\\/www.seraphina.si\\\/#\\\/schema\\\/logo\\\/image\\\/\"},\"sameAs\":[\"https:\\\/\\\/www.facebook.com\\\/seraphina.si\\\/\",\"https:\\\/\\\/www.instagram.com\\\/seraphinas_gemstones\\\/\"]}]}<\/script>\n<!-- \/ Yoast SEO plugin. -->","yoast_head_json":{"title":"Damenring aus Sterlingsilber FLOW, Mondstein und wei\u00dfer Topas","description":"Ring aus 925er Sterlingsilber, mit nat\u00fcrlichem Mondsteinkristall und wei\u00dfen Topasen. Seraphina - Schmuck aus nat\u00fcrlichen Kristallen und Halbedelsteinen\/Edelsteinen.","robots":{"index":"index","follow":"follow","max-snippet":"max-snippet:-1","max-image-preview":"max-image-preview:large","max-video-preview":"max-video-preview:-1"},"canonical":"https:\/\/www.seraphina.si\/de\/p\/flow-monate-stein-und-weiser-topas-ring\/","og_locale":"de_DE","og_type":"article","og_title":"\u017denski prstan iz srebra FLOW, Mese\u010dev kamen in Beli Topaz","og_description":"Prstan izdelan iz 925 srebra, z naravnim kristalom mese\u010dev kamen in belimi topazi. Seraphina - nakit iz naravnih kristalov in poldragih\/dragih kamnov.","og_url":"https:\/\/www.seraphina.si\/de\/p\/flow-monate-stein-und-weiser-topas-ring\/","og_site_name":"Seraphina","article_publisher":"https:\/\/www.facebook.com\/seraphina.si\/","article_modified_time":"2026-03-15T18:29:06+00:00","og_image":[{"width":700,"height":700,"url":"https:\/\/www.seraphina.si\/wp-content\/uploads\/2023\/03\/2-5-1.jpg","type":"image\/jpeg"}],"schema":{"@context":"https:\/\/schema.org","@graph":[{"@type":["WebPage","CollectionPage"],"@id":"https:\/\/www.seraphina.si\/p\/prstan-flow-mesecev-kamen-in-beli-topaz\/","url":"https:\/\/www.seraphina.si\/p\/prstan-flow-mesecev-kamen-in-beli-topaz\/","name":"Damenring aus Sterlingsilber FLOW, Mondstein und wei\u00dfer Topas","isPartOf":{"@id":"https:\/\/www.seraphina.si\/#website"},"primaryImageOfPage":{"@id":"https:\/\/www.seraphina.si\/p\/prstan-flow-mesecev-kamen-in-beli-topaz\/#primaryimage"},"image":{"@id":"https:\/\/www.seraphina.si\/p\/prstan-flow-mesecev-kamen-in-beli-topaz\/#primaryimage"},"thumbnailUrl":"https:\/\/www.seraphina.si\/wp-content\/uploads\/2023\/03\/2-5-1.jpg","datePublished":"2024-11-22T17:52:18+00:00","dateModified":"2026-03-15T18:29:06+00:00","description":"Ring aus 925er Sterlingsilber, mit nat\u00fcrlichem Mondsteinkristall und wei\u00dfen Topasen. Seraphina - Schmuck aus nat\u00fcrlichen Kristallen und Halbedelsteinen\/Edelsteinen.","breadcrumb":{"@id":"https:\/\/www.seraphina.si\/p\/prstan-flow-mesecev-kamen-in-beli-topaz\/#breadcrumb"},"inLanguage":"de"},{"@type":"ImageObject","inLanguage":"de","@id":"https:\/\/www.seraphina.si\/p\/prstan-flow-mesecev-kamen-in-beli-topaz\/#primaryimage","url":"https:\/\/www.seraphina.si\/wp-content\/uploads\/2023\/03\/2-5-1.jpg","contentUrl":"https:\/\/www.seraphina.si\/wp-content\/uploads\/2023\/03\/2-5-1.jpg","width":700,"height":700,"caption":"Prstan Flow - Mese\u010dev kamen in Beli Topaz - Seraphina"},{"@type":"BreadcrumbList","@id":"https:\/\/www.seraphina.si\/p\/prstan-flow-mesecev-kamen-in-beli-topaz\/#breadcrumb","itemListElement":[{"@type":"ListItem","position":1,"name":"Home","item":"https:\/\/www.seraphina.si\/"},{"@type":"ListItem","position":2,"name":"Trgovina","item":"https:\/\/www.seraphina.si\/trgovina\/"},{"@type":"ListItem","position":3,"name":"\u017denski prstan iz srebra FLOW, Mese\u010dev kamen in Beli Topaz"}]},{"@type":"WebSite","@id":"https:\/\/www.seraphina.si\/#website","url":"https:\/\/www.seraphina.si\/","name":"Einzigartiger Kristallschmuck - Seraphina","description":"Einzigartiger Kristallsteinschmuck, Silberringe und Ketten -","publisher":{"@id":"https:\/\/www.seraphina.si\/#organization"},"alternateName":"Seraphina - Unikatni nakit iz kristalov","potentialAction":[{"@type":"SearchAction","target":{"@type":"EntryPoint","urlTemplate":"https:\/\/www.seraphina.si\/?s={search_term_string}"},"query-input":{"@type":"PropertyValueSpecification","valueRequired":true,"valueName":"search_term_string"}}],"inLanguage":"de"},{"@type":"Organization","@id":"https:\/\/www.seraphina.si\/#organization","name":"Nakit Seraphina","alternateName":"Seraphina spletna trgovina z nakitom, kristali in minerali","url":"https:\/\/www.seraphina.si\/","logo":{"@type":"ImageObject","inLanguage":"de","@id":"https:\/\/www.seraphina.si\/#\/schema\/logo\/image\/","url":"https:\/\/www.seraphina.si\/wp-content\/uploads\/2025\/03\/logo-seraphina-2025-1.svg","contentUrl":"https:\/\/www.seraphina.si\/wp-content\/uploads\/2025\/03\/logo-seraphina-2025-1.svg","width":100,"height":100,"caption":"Nakit Seraphina"},"image":{"@id":"https:\/\/www.seraphina.si\/#\/schema\/logo\/image\/"},"sameAs":["https:\/\/www.facebook.com\/seraphina.si\/","https:\/\/www.instagram.com\/seraphinas_gemstones\/"]}]}},"_links":{"self":[{"href":"https:\/\/www.seraphina.si\/de\/wp-json\/wp\/v2\/product\/4509","targetHints":{"allow":["GET"]}}],"collection":[{"href":"https:\/\/www.seraphina.si\/de\/wp-json\/wp\/v2\/product"}],"about":[{"href":"https:\/\/www.seraphina.si\/de\/wp-json\/wp\/v2\/types\/product"}],"wp:featuredmedia":[{"embeddable":true,"href":"https:\/\/www.seraphina.si\/de\/wp-json\/wp\/v2\/media\/6973"}],"wp:attachment":[{"href":"https:\/\/www.seraphina.si\/de\/wp-json\/wp\/v2\/media?parent=4509"}],"wp:term":[{"taxonomy":"horoskop","embeddable":true,"href":"https:\/\/www.seraphina.si\/de\/wp-json\/wp\/v2\/horoskop?post=4509"},{"taxonomy":"kamen","embeddable":true,"href":"https:\/\/www.seraphina.si\/de\/wp-json\/wp\/v2\/kamen?post=4509"},{"taxonomy":"kolekcija","embeddable":true,"href":"https:\/\/www.seraphina.si\/de\/wp-json\/wp\/v2\/kolekcija?post=4509"},{"taxonomy":"mesec","embeddable":true,"href":"https:\/\/www.seraphina.si\/de\/wp-json\/wp\/v2\/mesec?post=4509"},{"taxonomy":"product_brand","embeddable":true,"href":"https:\/\/www.seraphina.si\/de\/wp-json\/wp\/v2\/product_brand?post=4509"},{"taxonomy":"product_cat","embeddable":true,"href":"https:\/\/www.seraphina.si\/de\/wp-json\/wp\/v2\/product_cat?post=4509"},{"taxonomy":"product_tag","embeddable":true,"href":"https:\/\/www.seraphina.si\/de\/wp-json\/wp\/v2\/product_tag?post=4509"}],"curies":[{"name":"wp","href":"https:\/\/api.w.org\/{rel}","templated":true}]}}