{"id":3772,"date":"2023-02-07T20:20:47","date_gmt":"2023-02-07T20:20:47","guid":{"rendered":"https:\/\/www.seraphina.si\/?post_type=product&#038;p=3772"},"modified":"2026-03-17T10:50:20","modified_gmt":"2026-03-17T09:50:20","slug":"damen-sterling-silber-starborn-ring-libysches-gold-tektit","status":"publish","type":"product","link":"https:\/\/www.seraphina.si\/de\/p\/zenski-prstan-iz-srebra-starborn-libijski-zlati-tektit\/","title":{"rendered":"Damenring aus Silber STARBORN, Libysches Gold Tektit"},"content":{"rendered":"<p>Ring aus 925er Sterlingsilber, mit nat\u00fcrlich geschliffenem libyschem Goldtektit (libysches W\u00fcstenglas) Kristall.<\/p>\n<p>Erh\u00e4ltlich in 3 Versionen:<\/p>\n<ul>\n<li>Sterlingsilber<\/li>\n<li>925er Sterlingsilber mit Rhodiumbeschichtung<\/li>\n<li>925er Sterlingsilber mit 750\/1000 (18 Karat) Goldplattierung, 2,5 Mikron Goldplattierung<\/li>\n<\/ul>\n<p>Der Kristall ist 5 x 4 mm gro\u00df.<\/p>\n<p>Die Bilder zeigen sowohl den einzelnen Ring als auch m\u00f6gliche Kombinationen mit anderen Designs.<\/p>\n<p>Die Farbe und Transluzenz des libyschen Tektits variiert von Produkt zu Produkt. Manchmal ist er undurchsichtiger mit einer gro\u00dfen Anzahl von Blasen und Einschl\u00fcssen, und bei einigen Produkten ist er fast vollst\u00e4ndig durchscheinend. Die Farbe variiert von sehr hell bis zu einem milden Gelb.<\/p>","protected":false},"excerpt":{"rendered":"<p>Prstan izdelan iz 925 srebra z naravnim bru\u0161enim libijskim zlatim tektitom. Je kamen manifestacije, katerega visoke vibracije prina\u0161ajo radost, izbolj\u0161ujejo samozavest, spodbujajo ustvarjalnost in duhovno zdravljenje, ter podpirajo fizi\u010dno zdravje. V sebi nosi po\u017eivljajo\u010do energijo, ki ogreje du\u0161o in daje ob\u010dutke zadovoljstva in igrivosti. Na voljo v 3 razli\u010dicah: srebro 925, srebro 925 in srebro 925 s pozlato \u010distine 750\/1000 (18 karatov).<\/p>\n<p>Wie k\u00f6nnen wir die Echtheit von libyschem Tektit garantieren? Mehr erfahren <strong><a href=\"https:\/\/www.seraphina.si\/de\/die-echtheit-von-mineralien-und-gesteinen\/\">HIER<\/a><\/strong>.<\/p>","protected":false},"featured_media":23117,"template":"","meta":{"_acf_changed":false,"inline_featured_image":false},"horoskop":[],"kamen":[687],"kolekcija":[721,723],"mesec":[],"product_brand":[],"product_cat":[289,25,31,349,183],"product_tag":[36,345,24,346,239,48],"class_list":{"0":"post-3772","1":"product","2":"type-product","3":"status-publish","4":"has-post-thumbnail","6":"kamen-libijski-zlati-tektit","7":"kolekcija-basic","8":"kolekcija-starborn","9":"product_cat-bruseni-kristali-in-minerali","10":"product_cat-prstani","11":"product_cat-prstani-iz-srebra","12":"product_cat-prstani-z-brusenimi-kamni","13":"product_cat-vsa-ponudba","14":"product_tag-brusen","15":"product_tag-libijski","16":"product_tag-prstan","17":"product_tag-puscavsko-steklo","18":"product_tag-tektit","19":"product_tag-zlati","20":"pa_horoskop-bik","21":"pa_horoskop-devica","22":"pa_horoskop-dvojcka","23":"pa_horoskop-kozorog","24":"pa_horoskop-lev","25":"pa_horoskop-oven","26":"pa_horoskop-rak","27":"pa_horoskop-ribi","28":"pa_horoskop-skorpijon","29":"pa_horoskop-strelec","30":"pa_horoskop-tehtnica","31":"pa_horoskop-vodnar","32":"pa_kamen-libijski-zlati-tektit","33":"tm-has-options","35":"first","36":"instock","37":"taxable","38":"shipping-taxable","39":"purchasable","40":"product-type-variable"},"acf":[],"yoast_head":"<!-- This site is optimized with the Yoast SEO plugin v27.3 - https:\/\/yoast.com\/product\/yoast-seo-wordpress\/ -->\n<title>\u017denski prstan iz srebra STARBORN, Libijski Zlati Tektit - Seraphina<\/title>\n<meta name=\"description\" content=\"Prstan izdelan iz 925 srebra z naravnim bru\u0161enim libijskim zlatim tektitom (libijsko pu\u0161\u010davsko steklo). Seraphina - naravni kristali in minerali v nakitu.\" \/>\n<meta name=\"robots\" content=\"index, follow, max-snippet:-1, max-image-preview:large, max-video-preview:-1\" \/>\n<link rel=\"canonical\" href=\"https:\/\/www.seraphina.si\/de\/p\/damen-sterling-silber-starborn-ring-libysches-gold-tektit\/\" \/>\n<meta property=\"og:locale\" content=\"de_DE\" \/>\n<meta property=\"og:type\" content=\"article\" \/>\n<meta property=\"og:title\" content=\"\u017denski prstan iz srebra STARBORN, Libijski Zlati Tektit - Seraphina\" \/>\n<meta property=\"og:description\" content=\"Prstan izdelan iz 925 srebra z naravnim bru\u0161enim libijskim zlatim tektitom (libijsko pu\u0161\u010davsko steklo). Seraphina - naravni kristali in minerali v nakitu.\" \/>\n<meta property=\"og:url\" content=\"https:\/\/www.seraphina.si\/de\/p\/damen-sterling-silber-starborn-ring-libysches-gold-tektit\/\" \/>\n<meta property=\"og:site_name\" content=\"Seraphina\" \/>\n<meta property=\"article:publisher\" content=\"https:\/\/www.facebook.com\/seraphina.si\/\" \/>\n<meta property=\"article:modified_time\" content=\"2026-03-17T09:50:20+00:00\" \/>\n<meta property=\"og:image\" content=\"https:\/\/www.seraphina.si\/wp-content\/uploads\/2023\/02\/2-2-4.jpg\" \/>\n\t<meta property=\"og:image:width\" content=\"810\" \/>\n\t<meta property=\"og:image:height\" content=\"810\" \/>\n\t<meta property=\"og:image:type\" content=\"image\/jpeg\" \/>\n<script type=\"application\/ld+json\" class=\"yoast-schema-graph\">{\"@context\":\"https:\\\/\\\/schema.org\",\"@graph\":[{\"@type\":[\"WebPage\",\"CollectionPage\"],\"@id\":\"https:\\\/\\\/www.seraphina.si\\\/p\\\/zenski-prstan-iz-srebra-starborn-libijski-zlati-tektit\\\/\",\"url\":\"https:\\\/\\\/www.seraphina.si\\\/p\\\/zenski-prstan-iz-srebra-starborn-libijski-zlati-tektit\\\/\",\"name\":\"\u017denski prstan iz srebra STARBORN, Libijski Zlati Tektit - Seraphina\",\"isPartOf\":{\"@id\":\"https:\\\/\\\/www.seraphina.si\\\/#website\"},\"primaryImageOfPage\":{\"@id\":\"https:\\\/\\\/www.seraphina.si\\\/p\\\/zenski-prstan-iz-srebra-starborn-libijski-zlati-tektit\\\/#primaryimage\"},\"image\":{\"@id\":\"https:\\\/\\\/www.seraphina.si\\\/p\\\/zenski-prstan-iz-srebra-starborn-libijski-zlati-tektit\\\/#primaryimage\"},\"thumbnailUrl\":\"https:\\\/\\\/www.seraphina.si\\\/wp-content\\\/uploads\\\/2023\\\/02\\\/2-2-4.jpg\",\"datePublished\":\"2023-02-07T20:20:47+00:00\",\"dateModified\":\"2026-03-17T09:50:20+00:00\",\"description\":\"Prstan izdelan iz 925 srebra z naravnim bru\u0161enim libijskim zlatim tektitom (libijsko pu\u0161\u010davsko steklo). Seraphina - naravni kristali in minerali v nakitu.\",\"breadcrumb\":{\"@id\":\"https:\\\/\\\/www.seraphina.si\\\/p\\\/zenski-prstan-iz-srebra-starborn-libijski-zlati-tektit\\\/#breadcrumb\"},\"inLanguage\":\"de\"},{\"@type\":\"ImageObject\",\"inLanguage\":\"de\",\"@id\":\"https:\\\/\\\/www.seraphina.si\\\/p\\\/zenski-prstan-iz-srebra-starborn-libijski-zlati-tektit\\\/#primaryimage\",\"url\":\"https:\\\/\\\/www.seraphina.si\\\/wp-content\\\/uploads\\\/2023\\\/02\\\/2-2-4.jpg\",\"contentUrl\":\"https:\\\/\\\/www.seraphina.si\\\/wp-content\\\/uploads\\\/2023\\\/02\\\/2-2-4.jpg\",\"width\":810,\"height\":810,\"caption\":\"\u017denski prstan iz srebra STARBORN, Libijski Zlati Tektit\"},{\"@type\":\"BreadcrumbList\",\"@id\":\"https:\\\/\\\/www.seraphina.si\\\/p\\\/zenski-prstan-iz-srebra-starborn-libijski-zlati-tektit\\\/#breadcrumb\",\"itemListElement\":[{\"@type\":\"ListItem\",\"position\":1,\"name\":\"Home\",\"item\":\"https:\\\/\\\/www.seraphina.si\\\/\"},{\"@type\":\"ListItem\",\"position\":2,\"name\":\"Trgovina\",\"item\":\"https:\\\/\\\/www.seraphina.si\\\/trgovina\\\/\"},{\"@type\":\"ListItem\",\"position\":3,\"name\":\"\u017denski prstan iz srebra STARBORN, Libijski Zlati Tektit\"}]},{\"@type\":\"WebSite\",\"@id\":\"https:\\\/\\\/www.seraphina.si\\\/#website\",\"url\":\"https:\\\/\\\/www.seraphina.si\\\/\",\"name\":\"Unikatni nakit iz kristalov - Seraphina\",\"description\":\"Unikatni nakit kamen iz kristalov, srebrni prstani in veri\u017eice -\",\"publisher\":{\"@id\":\"https:\\\/\\\/www.seraphina.si\\\/#organization\"},\"alternateName\":\"Seraphina - Unikatni nakit iz kristalov\",\"potentialAction\":[{\"@type\":\"SearchAction\",\"target\":{\"@type\":\"EntryPoint\",\"urlTemplate\":\"https:\\\/\\\/www.seraphina.si\\\/?s={search_term_string}\"},\"query-input\":{\"@type\":\"PropertyValueSpecification\",\"valueRequired\":true,\"valueName\":\"search_term_string\"}}],\"inLanguage\":\"de\"},{\"@type\":\"Organization\",\"@id\":\"https:\\\/\\\/www.seraphina.si\\\/#organization\",\"name\":\"Nakit Seraphina\",\"alternateName\":\"Seraphina spletna trgovina z nakitom, kristali in minerali\",\"url\":\"https:\\\/\\\/www.seraphina.si\\\/\",\"logo\":{\"@type\":\"ImageObject\",\"inLanguage\":\"de\",\"@id\":\"https:\\\/\\\/www.seraphina.si\\\/#\\\/schema\\\/logo\\\/image\\\/\",\"url\":\"https:\\\/\\\/www.seraphina.si\\\/wp-content\\\/uploads\\\/2025\\\/03\\\/logo-seraphina-2025-1.svg\",\"contentUrl\":\"https:\\\/\\\/www.seraphina.si\\\/wp-content\\\/uploads\\\/2025\\\/03\\\/logo-seraphina-2025-1.svg\",\"width\":100,\"height\":100,\"caption\":\"Nakit Seraphina\"},\"image\":{\"@id\":\"https:\\\/\\\/www.seraphina.si\\\/#\\\/schema\\\/logo\\\/image\\\/\"},\"sameAs\":[\"https:\\\/\\\/www.facebook.com\\\/seraphina.si\\\/\",\"https:\\\/\\\/www.instagram.com\\\/seraphinas_gemstones\\\/\"]}]}<\/script>\n<!-- \/ Yoast SEO plugin. -->","yoast_head_json":{"title":"Damenring aus Sterlingsilber STARBORN, Libysches Gold Tektit - Seraphina","description":"Prstan izdelan iz 925 srebra z naravnim bru\u0161enim libijskim zlatim tektitom (libijsko pu\u0161\u010davsko steklo). Seraphina - naravni kristali in minerali v nakitu.","robots":{"index":"index","follow":"follow","max-snippet":"max-snippet:-1","max-image-preview":"max-image-preview:large","max-video-preview":"max-video-preview:-1"},"canonical":"https:\/\/www.seraphina.si\/de\/p\/damen-sterling-silber-starborn-ring-libysches-gold-tektit\/","og_locale":"de_DE","og_type":"article","og_title":"\u017denski prstan iz srebra STARBORN, Libijski Zlati Tektit - Seraphina","og_description":"Prstan izdelan iz 925 srebra z naravnim bru\u0161enim libijskim zlatim tektitom (libijsko pu\u0161\u010davsko steklo). Seraphina - naravni kristali in minerali v nakitu.","og_url":"https:\/\/www.seraphina.si\/de\/p\/damen-sterling-silber-starborn-ring-libysches-gold-tektit\/","og_site_name":"Seraphina","article_publisher":"https:\/\/www.facebook.com\/seraphina.si\/","article_modified_time":"2026-03-17T09:50:20+00:00","og_image":[{"width":810,"height":810,"url":"https:\/\/www.seraphina.si\/wp-content\/uploads\/2023\/02\/2-2-4.jpg","type":"image\/jpeg"}],"schema":{"@context":"https:\/\/schema.org","@graph":[{"@type":["WebPage","CollectionPage"],"@id":"https:\/\/www.seraphina.si\/p\/zenski-prstan-iz-srebra-starborn-libijski-zlati-tektit\/","url":"https:\/\/www.seraphina.si\/p\/zenski-prstan-iz-srebra-starborn-libijski-zlati-tektit\/","name":"Damenring aus Sterlingsilber STARBORN, Libysches Gold Tektit - Seraphina","isPartOf":{"@id":"https:\/\/www.seraphina.si\/#website"},"primaryImageOfPage":{"@id":"https:\/\/www.seraphina.si\/p\/zenski-prstan-iz-srebra-starborn-libijski-zlati-tektit\/#primaryimage"},"image":{"@id":"https:\/\/www.seraphina.si\/p\/zenski-prstan-iz-srebra-starborn-libijski-zlati-tektit\/#primaryimage"},"thumbnailUrl":"https:\/\/www.seraphina.si\/wp-content\/uploads\/2023\/02\/2-2-4.jpg","datePublished":"2023-02-07T20:20:47+00:00","dateModified":"2026-03-17T09:50:20+00:00","description":"Prstan izdelan iz 925 srebra z naravnim bru\u0161enim libijskim zlatim tektitom (libijsko pu\u0161\u010davsko steklo). Seraphina - naravni kristali in minerali v nakitu.","breadcrumb":{"@id":"https:\/\/www.seraphina.si\/p\/zenski-prstan-iz-srebra-starborn-libijski-zlati-tektit\/#breadcrumb"},"inLanguage":"de"},{"@type":"ImageObject","inLanguage":"de","@id":"https:\/\/www.seraphina.si\/p\/zenski-prstan-iz-srebra-starborn-libijski-zlati-tektit\/#primaryimage","url":"https:\/\/www.seraphina.si\/wp-content\/uploads\/2023\/02\/2-2-4.jpg","contentUrl":"https:\/\/www.seraphina.si\/wp-content\/uploads\/2023\/02\/2-2-4.jpg","width":810,"height":810,"caption":"\u017denski prstan iz srebra STARBORN, Libijski Zlati Tektit"},{"@type":"BreadcrumbList","@id":"https:\/\/www.seraphina.si\/p\/zenski-prstan-iz-srebra-starborn-libijski-zlati-tektit\/#breadcrumb","itemListElement":[{"@type":"ListItem","position":1,"name":"Home","item":"https:\/\/www.seraphina.si\/"},{"@type":"ListItem","position":2,"name":"Trgovina","item":"https:\/\/www.seraphina.si\/trgovina\/"},{"@type":"ListItem","position":3,"name":"\u017denski prstan iz srebra STARBORN, Libijski Zlati Tektit"}]},{"@type":"WebSite","@id":"https:\/\/www.seraphina.si\/#website","url":"https:\/\/www.seraphina.si\/","name":"Einzigartiger Kristallschmuck - Seraphina","description":"Einzigartiger Kristallsteinschmuck, Silberringe und Ketten -","publisher":{"@id":"https:\/\/www.seraphina.si\/#organization"},"alternateName":"Seraphina - Unikatni nakit iz kristalov","potentialAction":[{"@type":"SearchAction","target":{"@type":"EntryPoint","urlTemplate":"https:\/\/www.seraphina.si\/?s={search_term_string}"},"query-input":{"@type":"PropertyValueSpecification","valueRequired":true,"valueName":"search_term_string"}}],"inLanguage":"de"},{"@type":"Organization","@id":"https:\/\/www.seraphina.si\/#organization","name":"Nakit Seraphina","alternateName":"Seraphina spletna trgovina z nakitom, kristali in minerali","url":"https:\/\/www.seraphina.si\/","logo":{"@type":"ImageObject","inLanguage":"de","@id":"https:\/\/www.seraphina.si\/#\/schema\/logo\/image\/","url":"https:\/\/www.seraphina.si\/wp-content\/uploads\/2025\/03\/logo-seraphina-2025-1.svg","contentUrl":"https:\/\/www.seraphina.si\/wp-content\/uploads\/2025\/03\/logo-seraphina-2025-1.svg","width":100,"height":100,"caption":"Nakit Seraphina"},"image":{"@id":"https:\/\/www.seraphina.si\/#\/schema\/logo\/image\/"},"sameAs":["https:\/\/www.facebook.com\/seraphina.si\/","https:\/\/www.instagram.com\/seraphinas_gemstones\/"]}]}},"_links":{"self":[{"href":"https:\/\/www.seraphina.si\/de\/wp-json\/wp\/v2\/product\/3772","targetHints":{"allow":["GET"]}}],"collection":[{"href":"https:\/\/www.seraphina.si\/de\/wp-json\/wp\/v2\/product"}],"about":[{"href":"https:\/\/www.seraphina.si\/de\/wp-json\/wp\/v2\/types\/product"}],"wp:featuredmedia":[{"embeddable":true,"href":"https:\/\/www.seraphina.si\/de\/wp-json\/wp\/v2\/media\/23117"}],"wp:attachment":[{"href":"https:\/\/www.seraphina.si\/de\/wp-json\/wp\/v2\/media?parent=3772"}],"wp:term":[{"taxonomy":"horoskop","embeddable":true,"href":"https:\/\/www.seraphina.si\/de\/wp-json\/wp\/v2\/horoskop?post=3772"},{"taxonomy":"kamen","embeddable":true,"href":"https:\/\/www.seraphina.si\/de\/wp-json\/wp\/v2\/kamen?post=3772"},{"taxonomy":"kolekcija","embeddable":true,"href":"https:\/\/www.seraphina.si\/de\/wp-json\/wp\/v2\/kolekcija?post=3772"},{"taxonomy":"mesec","embeddable":true,"href":"https:\/\/www.seraphina.si\/de\/wp-json\/wp\/v2\/mesec?post=3772"},{"taxonomy":"product_brand","embeddable":true,"href":"https:\/\/www.seraphina.si\/de\/wp-json\/wp\/v2\/product_brand?post=3772"},{"taxonomy":"product_cat","embeddable":true,"href":"https:\/\/www.seraphina.si\/de\/wp-json\/wp\/v2\/product_cat?post=3772"},{"taxonomy":"product_tag","embeddable":true,"href":"https:\/\/www.seraphina.si\/de\/wp-json\/wp\/v2\/product_tag?post=3772"}],"curies":[{"name":"wp","href":"https:\/\/api.w.org\/{rel}","templated":true}]}}