{"id":2860,"date":"2023-12-13T13:54:30","date_gmt":"2023-12-13T13:54:30","guid":{"rendered":"https:\/\/www.seraphina.si\/?post_type=product&#038;p=2860"},"modified":"2026-03-16T10:41:06","modified_gmt":"2026-03-16T09:41:06","slug":"zenski-obesek-iz-srebra-aruna-mesecev-kamen","status":"publish","type":"product","link":"https:\/\/www.seraphina.si\/de\/p\/zenski-obesek-iz-srebra-aruna-mesecev-kamen\/","title":{"rendered":"Damen-Anh\u00e4nger aus Sterlingsilber ARUNA, Mondstein"},"content":{"rendered":"<p>Obesek izdelan iz 925 srebra z naravnim kristalom mese\u010dev kamen v obliki kapljice.<\/p>\n<p>Velikost mese\u010devega kamna je 14 x 10 mm.<\/p>\n<p>Ker gre za naravni mese\u010dev kamen je adularesenca (moder sijaj) pri vsakem obesku druga\u010dna, nekateri je imajo ve\u010d, drugi manj. Razlikuje se tudi prosojnost mese\u010devega kamna. \u010ce imate glede tega specifi\u010dne \u017eelje nam pi\u0161ite na info@seraphina.si.<\/p>","protected":false},"excerpt":{"rendered":"<p>Obesek izdelan iz 925 srebra z naravnim kristalom mese\u010dev kamen v obliki kapljice. Mese\u010dev kamen, znan po svojem misti\u010dnem sijaju, simbolizira ne\u017enost, intuicijo in povezanost z luninimi cikli. Njegova energija pomirja in pomaga pri \u010dustvenem ravnote\u017eju, hkrati pa krepi empatijo in razumevanje naravnih ritmov \u017eivljenja.<\/p>","protected":false},"featured_media":18694,"template":"","meta":{"_acf_changed":false,"inline_featured_image":false},"horoskop":[],"kamen":[692],"kolekcija":[721],"mesec":[596],"product_brand":[],"product_cat":[289,288,302,28,27,374,287,183],"product_tag":[21,34,37,33],"class_list":{"0":"post-2860","1":"product","2":"type-product","3":"status-publish","4":"has-post-thumbnail","6":"kamen-mesecev-kamen","7":"kolekcija-basic","8":"mesec-junij","9":"product_cat-bruseni-kristali-in-minerali","10":"product_cat-kabosoni-polirani-kristali-in-minerali","11":"product_cat-kristali-in-minerali","12":"product_cat-obeski","13":"product_cat-obeski-in-verizice","14":"product_cat-obeski-s-kabosoni","15":"product_cat-surovi-kristali-in-minerali","16":"product_cat-vsa-ponudba","17":"product_tag-kristal","18":"product_tag-mesecev-kamen","19":"product_tag-moonstone","20":"product_tag-srebro","21":"pa_horoskop-devica","22":"pa_horoskop-dvojcka","23":"pa_horoskop-rak","24":"pa_horoskop-ribi","25":"pa_kamen-mesecev-kamen","26":"tm-has-options","28":"first","29":"instock","30":"sale","31":"taxable","32":"shipping-taxable","33":"purchasable","34":"product-type-simple"},"acf":[],"yoast_head":"<!-- This site is optimized with the Yoast SEO plugin v27.3 - https:\/\/yoast.com\/product\/yoast-seo-wordpress\/ -->\n<title>\u017denski obesek iz srebra ARUNA, Mese\u010dev kamen - Seraphina<\/title>\n<meta name=\"description\" content=\"Veri\u017eica izdelana iz 925 srebra z naravnim kristalom mese\u010dev kamen v obliki kapljice. Seraphina - nakit iz naravnih kristalov in poldragih - dragih kamnov.\" \/>\n<meta name=\"robots\" content=\"index, follow, max-snippet:-1, max-image-preview:large, max-video-preview:-1\" \/>\n<link rel=\"canonical\" href=\"https:\/\/www.seraphina.si\/de\/p\/zenski-obesek-iz-srebra-aruna-mesecev-kamen\/\" \/>\n<meta property=\"og:locale\" content=\"de_DE\" \/>\n<meta property=\"og:type\" content=\"article\" \/>\n<meta property=\"og:title\" content=\"\u017denski obesek iz srebra ARUNA, Mese\u010dev kamen - Seraphina\" \/>\n<meta property=\"og:description\" content=\"Veri\u017eica izdelana iz 925 srebra z naravnim kristalom mese\u010dev kamen v obliki kapljice. Seraphina - nakit iz naravnih kristalov in poldragih - dragih kamnov.\" \/>\n<meta property=\"og:url\" content=\"https:\/\/www.seraphina.si\/de\/p\/zenski-obesek-iz-srebra-aruna-mesecev-kamen\/\" \/>\n<meta property=\"og:site_name\" content=\"Seraphina\" \/>\n<meta property=\"article:publisher\" content=\"https:\/\/www.facebook.com\/seraphina.si\/\" \/>\n<meta property=\"article:modified_time\" content=\"2026-03-16T09:41:06+00:00\" \/>\n<meta property=\"og:image\" content=\"https:\/\/www.seraphina.si\/wp-content\/uploads\/2023\/12\/rbm-rdn-46-1_1.jpg\" \/>\n\t<meta property=\"og:image:width\" content=\"800\" \/>\n\t<meta property=\"og:image:height\" content=\"800\" \/>\n\t<meta property=\"og:image:type\" content=\"image\/jpeg\" \/>\n<script type=\"application\/ld+json\" class=\"yoast-schema-graph\">{\"@context\":\"https:\\\/\\\/schema.org\",\"@graph\":[{\"@type\":[\"WebPage\",\"CollectionPage\"],\"@id\":\"https:\\\/\\\/www.seraphina.si\\\/p\\\/zenski-obesek-iz-srebra-aruna-mesecev-kamen\\\/\",\"url\":\"https:\\\/\\\/www.seraphina.si\\\/p\\\/zenski-obesek-iz-srebra-aruna-mesecev-kamen\\\/\",\"name\":\"\u017denski obesek iz srebra ARUNA, Mese\u010dev kamen - Seraphina\",\"isPartOf\":{\"@id\":\"https:\\\/\\\/www.seraphina.si\\\/#website\"},\"primaryImageOfPage\":{\"@id\":\"https:\\\/\\\/www.seraphina.si\\\/p\\\/zenski-obesek-iz-srebra-aruna-mesecev-kamen\\\/#primaryimage\"},\"image\":{\"@id\":\"https:\\\/\\\/www.seraphina.si\\\/p\\\/zenski-obesek-iz-srebra-aruna-mesecev-kamen\\\/#primaryimage\"},\"thumbnailUrl\":\"https:\\\/\\\/www.seraphina.si\\\/wp-content\\\/uploads\\\/2023\\\/12\\\/rbm-rdn-46-1_1.jpg\",\"datePublished\":\"2023-12-13T13:54:30+00:00\",\"dateModified\":\"2026-03-16T09:41:06+00:00\",\"description\":\"Veri\u017eica izdelana iz 925 srebra z naravnim kristalom mese\u010dev kamen v obliki kapljice. Seraphina - nakit iz naravnih kristalov in poldragih - dragih kamnov.\",\"breadcrumb\":{\"@id\":\"https:\\\/\\\/www.seraphina.si\\\/p\\\/zenski-obesek-iz-srebra-aruna-mesecev-kamen\\\/#breadcrumb\"},\"inLanguage\":\"de\"},{\"@type\":\"ImageObject\",\"inLanguage\":\"de\",\"@id\":\"https:\\\/\\\/www.seraphina.si\\\/p\\\/zenski-obesek-iz-srebra-aruna-mesecev-kamen\\\/#primaryimage\",\"url\":\"https:\\\/\\\/www.seraphina.si\\\/wp-content\\\/uploads\\\/2023\\\/12\\\/rbm-rdn-46-1_1.jpg\",\"contentUrl\":\"https:\\\/\\\/www.seraphina.si\\\/wp-content\\\/uploads\\\/2023\\\/12\\\/rbm-rdn-46-1_1.jpg\",\"width\":800,\"height\":800,\"caption\":\"\u017denski obesek iz srebra ARUNA, Mese\u010dev kamen\"},{\"@type\":\"BreadcrumbList\",\"@id\":\"https:\\\/\\\/www.seraphina.si\\\/p\\\/zenski-obesek-iz-srebra-aruna-mesecev-kamen\\\/#breadcrumb\",\"itemListElement\":[{\"@type\":\"ListItem\",\"position\":1,\"name\":\"Home\",\"item\":\"https:\\\/\\\/www.seraphina.si\\\/\"},{\"@type\":\"ListItem\",\"position\":2,\"name\":\"Trgovina\",\"item\":\"https:\\\/\\\/www.seraphina.si\\\/trgovina\\\/\"},{\"@type\":\"ListItem\",\"position\":3,\"name\":\"\u017denski obesek iz srebra ARUNA, Mese\u010dev kamen\"}]},{\"@type\":\"WebSite\",\"@id\":\"https:\\\/\\\/www.seraphina.si\\\/#website\",\"url\":\"https:\\\/\\\/www.seraphina.si\\\/\",\"name\":\"Unikatni nakit iz kristalov - Seraphina\",\"description\":\"Unikatni nakit kamen iz kristalov, srebrni prstani in veri\u017eice -\",\"publisher\":{\"@id\":\"https:\\\/\\\/www.seraphina.si\\\/#organization\"},\"alternateName\":\"Seraphina - Unikatni nakit iz kristalov\",\"potentialAction\":[{\"@type\":\"SearchAction\",\"target\":{\"@type\":\"EntryPoint\",\"urlTemplate\":\"https:\\\/\\\/www.seraphina.si\\\/?s={search_term_string}\"},\"query-input\":{\"@type\":\"PropertyValueSpecification\",\"valueRequired\":true,\"valueName\":\"search_term_string\"}}],\"inLanguage\":\"de\"},{\"@type\":\"Organization\",\"@id\":\"https:\\\/\\\/www.seraphina.si\\\/#organization\",\"name\":\"Nakit Seraphina\",\"alternateName\":\"Seraphina spletna trgovina z nakitom, kristali in minerali\",\"url\":\"https:\\\/\\\/www.seraphina.si\\\/\",\"logo\":{\"@type\":\"ImageObject\",\"inLanguage\":\"de\",\"@id\":\"https:\\\/\\\/www.seraphina.si\\\/#\\\/schema\\\/logo\\\/image\\\/\",\"url\":\"https:\\\/\\\/www.seraphina.si\\\/wp-content\\\/uploads\\\/2025\\\/03\\\/logo-seraphina-2025-1.svg\",\"contentUrl\":\"https:\\\/\\\/www.seraphina.si\\\/wp-content\\\/uploads\\\/2025\\\/03\\\/logo-seraphina-2025-1.svg\",\"width\":100,\"height\":100,\"caption\":\"Nakit Seraphina\"},\"image\":{\"@id\":\"https:\\\/\\\/www.seraphina.si\\\/#\\\/schema\\\/logo\\\/image\\\/\"},\"sameAs\":[\"https:\\\/\\\/www.facebook.com\\\/seraphina.si\\\/\",\"https:\\\/\\\/www.instagram.com\\\/seraphinas_gemstones\\\/\"]}]}<\/script>\n<!-- \/ Yoast SEO plugin. -->","yoast_head_json":{"title":"\u017denski obesek iz srebra ARUNA, Mese\u010dev kamen - Seraphina","description":"Veri\u017eica izdelana iz 925 srebra z naravnim kristalom mese\u010dev kamen v obliki kapljice. Seraphina - nakit iz naravnih kristalov in poldragih - dragih kamnov.","robots":{"index":"index","follow":"follow","max-snippet":"max-snippet:-1","max-image-preview":"max-image-preview:large","max-video-preview":"max-video-preview:-1"},"canonical":"https:\/\/www.seraphina.si\/de\/p\/zenski-obesek-iz-srebra-aruna-mesecev-kamen\/","og_locale":"de_DE","og_type":"article","og_title":"\u017denski obesek iz srebra ARUNA, Mese\u010dev kamen - Seraphina","og_description":"Veri\u017eica izdelana iz 925 srebra z naravnim kristalom mese\u010dev kamen v obliki kapljice. Seraphina - nakit iz naravnih kristalov in poldragih - dragih kamnov.","og_url":"https:\/\/www.seraphina.si\/de\/p\/zenski-obesek-iz-srebra-aruna-mesecev-kamen\/","og_site_name":"Seraphina","article_publisher":"https:\/\/www.facebook.com\/seraphina.si\/","article_modified_time":"2026-03-16T09:41:06+00:00","og_image":[{"width":800,"height":800,"url":"https:\/\/www.seraphina.si\/wp-content\/uploads\/2023\/12\/rbm-rdn-46-1_1.jpg","type":"image\/jpeg"}],"schema":{"@context":"https:\/\/schema.org","@graph":[{"@type":["WebPage","CollectionPage"],"@id":"https:\/\/www.seraphina.si\/p\/zenski-obesek-iz-srebra-aruna-mesecev-kamen\/","url":"https:\/\/www.seraphina.si\/p\/zenski-obesek-iz-srebra-aruna-mesecev-kamen\/","name":"\u017denski obesek iz srebra ARUNA, Mese\u010dev kamen - Seraphina","isPartOf":{"@id":"https:\/\/www.seraphina.si\/#website"},"primaryImageOfPage":{"@id":"https:\/\/www.seraphina.si\/p\/zenski-obesek-iz-srebra-aruna-mesecev-kamen\/#primaryimage"},"image":{"@id":"https:\/\/www.seraphina.si\/p\/zenski-obesek-iz-srebra-aruna-mesecev-kamen\/#primaryimage"},"thumbnailUrl":"https:\/\/www.seraphina.si\/wp-content\/uploads\/2023\/12\/rbm-rdn-46-1_1.jpg","datePublished":"2023-12-13T13:54:30+00:00","dateModified":"2026-03-16T09:41:06+00:00","description":"Veri\u017eica izdelana iz 925 srebra z naravnim kristalom mese\u010dev kamen v obliki kapljice. Seraphina - nakit iz naravnih kristalov in poldragih - dragih kamnov.","breadcrumb":{"@id":"https:\/\/www.seraphina.si\/p\/zenski-obesek-iz-srebra-aruna-mesecev-kamen\/#breadcrumb"},"inLanguage":"de"},{"@type":"ImageObject","inLanguage":"de","@id":"https:\/\/www.seraphina.si\/p\/zenski-obesek-iz-srebra-aruna-mesecev-kamen\/#primaryimage","url":"https:\/\/www.seraphina.si\/wp-content\/uploads\/2023\/12\/rbm-rdn-46-1_1.jpg","contentUrl":"https:\/\/www.seraphina.si\/wp-content\/uploads\/2023\/12\/rbm-rdn-46-1_1.jpg","width":800,"height":800,"caption":"\u017denski obesek iz srebra ARUNA, Mese\u010dev kamen"},{"@type":"BreadcrumbList","@id":"https:\/\/www.seraphina.si\/p\/zenski-obesek-iz-srebra-aruna-mesecev-kamen\/#breadcrumb","itemListElement":[{"@type":"ListItem","position":1,"name":"Home","item":"https:\/\/www.seraphina.si\/"},{"@type":"ListItem","position":2,"name":"Trgovina","item":"https:\/\/www.seraphina.si\/trgovina\/"},{"@type":"ListItem","position":3,"name":"\u017denski obesek iz srebra ARUNA, Mese\u010dev kamen"}]},{"@type":"WebSite","@id":"https:\/\/www.seraphina.si\/#website","url":"https:\/\/www.seraphina.si\/","name":"Einzigartiger Kristallschmuck - Seraphina","description":"Einzigartiger Kristallsteinschmuck, Silberringe und Ketten -","publisher":{"@id":"https:\/\/www.seraphina.si\/#organization"},"alternateName":"Seraphina - Unikatni nakit iz kristalov","potentialAction":[{"@type":"SearchAction","target":{"@type":"EntryPoint","urlTemplate":"https:\/\/www.seraphina.si\/?s={search_term_string}"},"query-input":{"@type":"PropertyValueSpecification","valueRequired":true,"valueName":"search_term_string"}}],"inLanguage":"de"},{"@type":"Organization","@id":"https:\/\/www.seraphina.si\/#organization","name":"Nakit Seraphina","alternateName":"Seraphina spletna trgovina z nakitom, kristali in minerali","url":"https:\/\/www.seraphina.si\/","logo":{"@type":"ImageObject","inLanguage":"de","@id":"https:\/\/www.seraphina.si\/#\/schema\/logo\/image\/","url":"https:\/\/www.seraphina.si\/wp-content\/uploads\/2025\/03\/logo-seraphina-2025-1.svg","contentUrl":"https:\/\/www.seraphina.si\/wp-content\/uploads\/2025\/03\/logo-seraphina-2025-1.svg","width":100,"height":100,"caption":"Nakit Seraphina"},"image":{"@id":"https:\/\/www.seraphina.si\/#\/schema\/logo\/image\/"},"sameAs":["https:\/\/www.facebook.com\/seraphina.si\/","https:\/\/www.instagram.com\/seraphinas_gemstones\/"]}]}},"_links":{"self":[{"href":"https:\/\/www.seraphina.si\/de\/wp-json\/wp\/v2\/product\/2860","targetHints":{"allow":["GET"]}}],"collection":[{"href":"https:\/\/www.seraphina.si\/de\/wp-json\/wp\/v2\/product"}],"about":[{"href":"https:\/\/www.seraphina.si\/de\/wp-json\/wp\/v2\/types\/product"}],"wp:featuredmedia":[{"embeddable":true,"href":"https:\/\/www.seraphina.si\/de\/wp-json\/wp\/v2\/media\/18694"}],"wp:attachment":[{"href":"https:\/\/www.seraphina.si\/de\/wp-json\/wp\/v2\/media?parent=2860"}],"wp:term":[{"taxonomy":"horoskop","embeddable":true,"href":"https:\/\/www.seraphina.si\/de\/wp-json\/wp\/v2\/horoskop?post=2860"},{"taxonomy":"kamen","embeddable":true,"href":"https:\/\/www.seraphina.si\/de\/wp-json\/wp\/v2\/kamen?post=2860"},{"taxonomy":"kolekcija","embeddable":true,"href":"https:\/\/www.seraphina.si\/de\/wp-json\/wp\/v2\/kolekcija?post=2860"},{"taxonomy":"mesec","embeddable":true,"href":"https:\/\/www.seraphina.si\/de\/wp-json\/wp\/v2\/mesec?post=2860"},{"taxonomy":"product_brand","embeddable":true,"href":"https:\/\/www.seraphina.si\/de\/wp-json\/wp\/v2\/product_brand?post=2860"},{"taxonomy":"product_cat","embeddable":true,"href":"https:\/\/www.seraphina.si\/de\/wp-json\/wp\/v2\/product_cat?post=2860"},{"taxonomy":"product_tag","embeddable":true,"href":"https:\/\/www.seraphina.si\/de\/wp-json\/wp\/v2\/product_tag?post=2860"}],"curies":[{"name":"wp","href":"https:\/\/api.w.org\/{rel}","templated":true}]}}