{"id":2722,"date":"2022-12-09T13:05:15","date_gmt":"2022-12-09T13:05:15","guid":{"rendered":"https:\/\/www.seraphina.si\/?post_type=product&#038;p=2722"},"modified":"2026-03-26T11:46:56","modified_gmt":"2026-03-26T10:46:56","slug":"damen-sterling-silber-naomi-mondstein-und-weiser-topas-halskette","status":"publish","type":"product","link":"https:\/\/www.seraphina.si\/de\/p\/zenska-verizica-iz-srebra-naomi-mesecev-kamen-in-beli-topaz\/","title":{"rendered":"Damen-Silberkette NAOMI, Mondstein und wei\u00dfer Topas"},"content":{"rendered":"<p>Kette aus 925er Sterlingsilber mit nat\u00fcrlichem Mondsteinkristall und wei\u00dfen Topasen.<\/p>\n<p>Erh\u00e4ltlich in 3 Versionen:<\/p>\n<ul>\n<li>925 Sterling Silber (w\u00e4hlen Sie zwischen Mondstein mit oder ohne Adulareszenz)<\/li>\n<li>Sterlingsilber 925 + rhodiniert<\/li>\n<li>925er Sterlingsilber mit 750\/1000 (18 Karat) Goldplattierung, 2,5 Mikron Goldplattierung<\/li>\n<\/ul>\n<p>Der Mondstein hat einen Durchmesser von 7 mm.<\/p>\n<p>Ker gre za naravne kristale se prosojnost mese\u010devega kamna in moder sijaj pri posameznih izdelkih malenkost razlikujejo.<\/p>\n<p>Dol\u017eina veri\u017eice je nastavljiva, nekatere se lahko nastavljajo z drsnikom, nekatere pa imajo zapisanje na karabin (za ve\u010d info nam pi\u0161ite na info@sesraphina.si).<\/p>","protected":false},"excerpt":{"rendered":"<p>Veri\u017eica izdelana iz 925 srebra z naravnim kristalom mese\u010dev kamen in belimi topazi. Mese\u010dev kamen, znan po svojem misti\u010dnem sijaju, simbolizira ne\u017enost, intuicijo in povezanost z luninimi cikli. Njegova energija pomirja in pomaga pri \u010dustvenem ravnote\u017eju, hkrati pa krepi empatijo in razumevanje naravnih ritmov \u017eivljenja. Na voljo v 3 razli\u010dicah: srebro 925, srebro 925 s prevleko iz rodija in srebro 925 s pozlato \u010distine 750\/1000 (18 karatov). Pri razli\u010dici iz srebra lahko izbirate med mese\u010devim kamnom z ali brez adularesence (moder sijaj).<\/p>","protected":false},"featured_media":23250,"template":"","meta":{"_acf_changed":false,"inline_featured_image":false},"horoskop":[],"kamen":[692],"kolekcija":[],"mesec":[596],"product_brand":[],"product_cat":[289,288,302,27,29,417,416,183],"product_tag":[34,37,33,55,40],"class_list":{"0":"post-2722","1":"product","2":"type-product","3":"status-publish","4":"has-post-thumbnail","6":"kamen-mesecev-kamen","7":"mesec-junij","8":"product_cat-bruseni-kristali-in-minerali","9":"product_cat-kabosoni-polirani-kristali-in-minerali","10":"product_cat-kristali-in-minerali","11":"product_cat-obeski-in-verizice","12":"product_cat-verizice","13":"product_cat-verizice-s-kabosoni","14":"product_cat-verizice-z-brusenimi-kamni","15":"product_cat-vsa-ponudba","16":"product_tag-mesecev-kamen","17":"product_tag-moonstone","18":"product_tag-srebro","19":"product_tag-topaz","20":"product_tag-verizica","21":"pa_horoskop-devica","22":"pa_horoskop-dvojcka","23":"pa_horoskop-rak","24":"pa_horoskop-ribi","25":"pa_kamen-mesecev-kamen","26":"tm-has-options","28":"first","29":"instock","30":"taxable","31":"shipping-taxable","32":"purchasable","33":"product-type-variable","34":"has-default-attributes"},"acf":[],"yoast_head":"<!-- This site is optimized with the Yoast SEO plugin v27.3 - https:\/\/yoast.com\/product\/yoast-seo-wordpress\/ -->\n<title>\u017denska veri\u017eica iz srebra NAOMI, Mese\u010dev kamen in Beli Topaz<\/title>\n<meta name=\"description\" content=\"Veri\u017eica izdelana iz 925 srebra z naravnim mese\u010devim kamnom in manj\u0161imi belimi topazi. Seraphina - nakit iz naravnih kristalov in poldragih - dragih kamnov.\" \/>\n<meta name=\"robots\" content=\"index, follow, max-snippet:-1, max-image-preview:large, max-video-preview:-1\" \/>\n<link rel=\"canonical\" href=\"https:\/\/www.seraphina.si\/de\/p\/damen-sterling-silber-naomi-mondstein-und-weiser-topas-halskette\/\" \/>\n<meta property=\"og:locale\" content=\"de_DE\" \/>\n<meta property=\"og:type\" content=\"article\" \/>\n<meta property=\"og:title\" content=\"\u017denska veri\u017eica iz srebra NAOMI, Mese\u010dev kamen in Beli Topaz\" \/>\n<meta property=\"og:description\" content=\"Veri\u017eica izdelana iz 925 srebra z naravnim mese\u010devim kamnom in manj\u0161imi belimi topazi. Seraphina - nakit iz naravnih kristalov in poldragih - dragih kamnov.\" \/>\n<meta property=\"og:url\" content=\"https:\/\/www.seraphina.si\/de\/p\/damen-sterling-silber-naomi-mondstein-und-weiser-topas-halskette\/\" \/>\n<meta property=\"og:site_name\" content=\"Seraphina\" \/>\n<meta property=\"article:publisher\" content=\"https:\/\/www.facebook.com\/seraphina.si\/\" \/>\n<meta property=\"article:modified_time\" content=\"2026-03-26T10:46:56+00:00\" \/>\n<meta property=\"og:image\" content=\"https:\/\/www.seraphina.si\/wp-content\/uploads\/2025\/09\/rbm-rdn-72-1_1.jpg\" \/>\n\t<meta property=\"og:image:width\" content=\"800\" \/>\n\t<meta property=\"og:image:height\" content=\"800\" \/>\n\t<meta property=\"og:image:type\" content=\"image\/jpeg\" \/>\n<script type=\"application\/ld+json\" class=\"yoast-schema-graph\">{\"@context\":\"https:\\\/\\\/schema.org\",\"@graph\":[{\"@type\":[\"WebPage\",\"CollectionPage\"],\"@id\":\"https:\\\/\\\/www.seraphina.si\\\/p\\\/zenska-verizica-iz-srebra-naomi-mesecev-kamen-in-beli-topaz\\\/\",\"url\":\"https:\\\/\\\/www.seraphina.si\\\/p\\\/zenska-verizica-iz-srebra-naomi-mesecev-kamen-in-beli-topaz\\\/\",\"name\":\"\u017denska veri\u017eica iz srebra NAOMI, Mese\u010dev kamen in Beli Topaz\",\"isPartOf\":{\"@id\":\"https:\\\/\\\/www.seraphina.si\\\/#website\"},\"primaryImageOfPage\":{\"@id\":\"https:\\\/\\\/www.seraphina.si\\\/p\\\/zenska-verizica-iz-srebra-naomi-mesecev-kamen-in-beli-topaz\\\/#primaryimage\"},\"image\":{\"@id\":\"https:\\\/\\\/www.seraphina.si\\\/p\\\/zenska-verizica-iz-srebra-naomi-mesecev-kamen-in-beli-topaz\\\/#primaryimage\"},\"thumbnailUrl\":\"https:\\\/\\\/www.seraphina.si\\\/wp-content\\\/uploads\\\/2025\\\/09\\\/rbm-rdn-72-1_1.jpg\",\"datePublished\":\"2022-12-09T13:05:15+00:00\",\"dateModified\":\"2026-03-26T10:46:56+00:00\",\"description\":\"Veri\u017eica izdelana iz 925 srebra z naravnim mese\u010devim kamnom in manj\u0161imi belimi topazi. Seraphina - nakit iz naravnih kristalov in poldragih - dragih kamnov.\",\"breadcrumb\":{\"@id\":\"https:\\\/\\\/www.seraphina.si\\\/p\\\/zenska-verizica-iz-srebra-naomi-mesecev-kamen-in-beli-topaz\\\/#breadcrumb\"},\"inLanguage\":\"de\"},{\"@type\":\"ImageObject\",\"inLanguage\":\"de\",\"@id\":\"https:\\\/\\\/www.seraphina.si\\\/p\\\/zenska-verizica-iz-srebra-naomi-mesecev-kamen-in-beli-topaz\\\/#primaryimage\",\"url\":\"https:\\\/\\\/www.seraphina.si\\\/wp-content\\\/uploads\\\/2025\\\/09\\\/rbm-rdn-72-1_1.jpg\",\"contentUrl\":\"https:\\\/\\\/www.seraphina.si\\\/wp-content\\\/uploads\\\/2025\\\/09\\\/rbm-rdn-72-1_1.jpg\",\"width\":800,\"height\":800,\"caption\":\"\u017denska veri\u017eica iz srebra NAOMI, Mese\u010dev kamen in Beli Topaz\"},{\"@type\":\"BreadcrumbList\",\"@id\":\"https:\\\/\\\/www.seraphina.si\\\/p\\\/zenska-verizica-iz-srebra-naomi-mesecev-kamen-in-beli-topaz\\\/#breadcrumb\",\"itemListElement\":[{\"@type\":\"ListItem\",\"position\":1,\"name\":\"Home\",\"item\":\"https:\\\/\\\/www.seraphina.si\\\/\"},{\"@type\":\"ListItem\",\"position\":2,\"name\":\"Trgovina\",\"item\":\"https:\\\/\\\/www.seraphina.si\\\/trgovina\\\/\"},{\"@type\":\"ListItem\",\"position\":3,\"name\":\"\u017denska veri\u017eica iz srebra NAOMI, Mese\u010dev kamen in Beli Topaz\"}]},{\"@type\":\"WebSite\",\"@id\":\"https:\\\/\\\/www.seraphina.si\\\/#website\",\"url\":\"https:\\\/\\\/www.seraphina.si\\\/\",\"name\":\"Unikatni nakit iz kristalov - Seraphina\",\"description\":\"Unikatni nakit kamen iz kristalov, srebrni prstani in veri\u017eice -\",\"publisher\":{\"@id\":\"https:\\\/\\\/www.seraphina.si\\\/#organization\"},\"alternateName\":\"Seraphina - Unikatni nakit iz kristalov\",\"potentialAction\":[{\"@type\":\"SearchAction\",\"target\":{\"@type\":\"EntryPoint\",\"urlTemplate\":\"https:\\\/\\\/www.seraphina.si\\\/?s={search_term_string}\"},\"query-input\":{\"@type\":\"PropertyValueSpecification\",\"valueRequired\":true,\"valueName\":\"search_term_string\"}}],\"inLanguage\":\"de\"},{\"@type\":\"Organization\",\"@id\":\"https:\\\/\\\/www.seraphina.si\\\/#organization\",\"name\":\"Nakit Seraphina\",\"alternateName\":\"Seraphina spletna trgovina z nakitom, kristali in minerali\",\"url\":\"https:\\\/\\\/www.seraphina.si\\\/\",\"logo\":{\"@type\":\"ImageObject\",\"inLanguage\":\"de\",\"@id\":\"https:\\\/\\\/www.seraphina.si\\\/#\\\/schema\\\/logo\\\/image\\\/\",\"url\":\"https:\\\/\\\/www.seraphina.si\\\/wp-content\\\/uploads\\\/2025\\\/03\\\/logo-seraphina-2025-1.svg\",\"contentUrl\":\"https:\\\/\\\/www.seraphina.si\\\/wp-content\\\/uploads\\\/2025\\\/03\\\/logo-seraphina-2025-1.svg\",\"width\":100,\"height\":100,\"caption\":\"Nakit Seraphina\"},\"image\":{\"@id\":\"https:\\\/\\\/www.seraphina.si\\\/#\\\/schema\\\/logo\\\/image\\\/\"},\"sameAs\":[\"https:\\\/\\\/www.facebook.com\\\/seraphina.si\\\/\",\"https:\\\/\\\/www.instagram.com\\\/seraphinas_gemstones\\\/\"]}]}<\/script>\n<!-- \/ Yoast SEO plugin. -->","yoast_head_json":{"title":"Damen-Silberkette NAOMI, Mondstein und wei\u00dfer Topas","description":"Veri\u017eica izdelana iz 925 srebra z naravnim mese\u010devim kamnom in manj\u0161imi belimi topazi. Seraphina - nakit iz naravnih kristalov in poldragih - dragih kamnov.","robots":{"index":"index","follow":"follow","max-snippet":"max-snippet:-1","max-image-preview":"max-image-preview:large","max-video-preview":"max-video-preview:-1"},"canonical":"https:\/\/www.seraphina.si\/de\/p\/damen-sterling-silber-naomi-mondstein-und-weiser-topas-halskette\/","og_locale":"de_DE","og_type":"article","og_title":"\u017denska veri\u017eica iz srebra NAOMI, Mese\u010dev kamen in Beli Topaz","og_description":"Veri\u017eica izdelana iz 925 srebra z naravnim mese\u010devim kamnom in manj\u0161imi belimi topazi. Seraphina - nakit iz naravnih kristalov in poldragih - dragih kamnov.","og_url":"https:\/\/www.seraphina.si\/de\/p\/damen-sterling-silber-naomi-mondstein-und-weiser-topas-halskette\/","og_site_name":"Seraphina","article_publisher":"https:\/\/www.facebook.com\/seraphina.si\/","article_modified_time":"2026-03-26T10:46:56+00:00","og_image":[{"width":800,"height":800,"url":"https:\/\/www.seraphina.si\/wp-content\/uploads\/2025\/09\/rbm-rdn-72-1_1.jpg","type":"image\/jpeg"}],"schema":{"@context":"https:\/\/schema.org","@graph":[{"@type":["WebPage","CollectionPage"],"@id":"https:\/\/www.seraphina.si\/p\/zenska-verizica-iz-srebra-naomi-mesecev-kamen-in-beli-topaz\/","url":"https:\/\/www.seraphina.si\/p\/zenska-verizica-iz-srebra-naomi-mesecev-kamen-in-beli-topaz\/","name":"Damen-Silberkette NAOMI, Mondstein und wei\u00dfer Topas","isPartOf":{"@id":"https:\/\/www.seraphina.si\/#website"},"primaryImageOfPage":{"@id":"https:\/\/www.seraphina.si\/p\/zenska-verizica-iz-srebra-naomi-mesecev-kamen-in-beli-topaz\/#primaryimage"},"image":{"@id":"https:\/\/www.seraphina.si\/p\/zenska-verizica-iz-srebra-naomi-mesecev-kamen-in-beli-topaz\/#primaryimage"},"thumbnailUrl":"https:\/\/www.seraphina.si\/wp-content\/uploads\/2025\/09\/rbm-rdn-72-1_1.jpg","datePublished":"2022-12-09T13:05:15+00:00","dateModified":"2026-03-26T10:46:56+00:00","description":"Veri\u017eica izdelana iz 925 srebra z naravnim mese\u010devim kamnom in manj\u0161imi belimi topazi. Seraphina - nakit iz naravnih kristalov in poldragih - dragih kamnov.","breadcrumb":{"@id":"https:\/\/www.seraphina.si\/p\/zenska-verizica-iz-srebra-naomi-mesecev-kamen-in-beli-topaz\/#breadcrumb"},"inLanguage":"de"},{"@type":"ImageObject","inLanguage":"de","@id":"https:\/\/www.seraphina.si\/p\/zenska-verizica-iz-srebra-naomi-mesecev-kamen-in-beli-topaz\/#primaryimage","url":"https:\/\/www.seraphina.si\/wp-content\/uploads\/2025\/09\/rbm-rdn-72-1_1.jpg","contentUrl":"https:\/\/www.seraphina.si\/wp-content\/uploads\/2025\/09\/rbm-rdn-72-1_1.jpg","width":800,"height":800,"caption":"\u017denska veri\u017eica iz srebra NAOMI, Mese\u010dev kamen in Beli Topaz"},{"@type":"BreadcrumbList","@id":"https:\/\/www.seraphina.si\/p\/zenska-verizica-iz-srebra-naomi-mesecev-kamen-in-beli-topaz\/#breadcrumb","itemListElement":[{"@type":"ListItem","position":1,"name":"Home","item":"https:\/\/www.seraphina.si\/"},{"@type":"ListItem","position":2,"name":"Trgovina","item":"https:\/\/www.seraphina.si\/trgovina\/"},{"@type":"ListItem","position":3,"name":"\u017denska veri\u017eica iz srebra NAOMI, Mese\u010dev kamen in Beli Topaz"}]},{"@type":"WebSite","@id":"https:\/\/www.seraphina.si\/#website","url":"https:\/\/www.seraphina.si\/","name":"Einzigartiger Kristallschmuck - Seraphina","description":"Einzigartiger Kristallsteinschmuck, Silberringe und Ketten -","publisher":{"@id":"https:\/\/www.seraphina.si\/#organization"},"alternateName":"Seraphina - Unikatni nakit iz kristalov","potentialAction":[{"@type":"SearchAction","target":{"@type":"EntryPoint","urlTemplate":"https:\/\/www.seraphina.si\/?s={search_term_string}"},"query-input":{"@type":"PropertyValueSpecification","valueRequired":true,"valueName":"search_term_string"}}],"inLanguage":"de"},{"@type":"Organization","@id":"https:\/\/www.seraphina.si\/#organization","name":"Nakit Seraphina","alternateName":"Seraphina spletna trgovina z nakitom, kristali in minerali","url":"https:\/\/www.seraphina.si\/","logo":{"@type":"ImageObject","inLanguage":"de","@id":"https:\/\/www.seraphina.si\/#\/schema\/logo\/image\/","url":"https:\/\/www.seraphina.si\/wp-content\/uploads\/2025\/03\/logo-seraphina-2025-1.svg","contentUrl":"https:\/\/www.seraphina.si\/wp-content\/uploads\/2025\/03\/logo-seraphina-2025-1.svg","width":100,"height":100,"caption":"Nakit Seraphina"},"image":{"@id":"https:\/\/www.seraphina.si\/#\/schema\/logo\/image\/"},"sameAs":["https:\/\/www.facebook.com\/seraphina.si\/","https:\/\/www.instagram.com\/seraphinas_gemstones\/"]}]}},"_links":{"self":[{"href":"https:\/\/www.seraphina.si\/de\/wp-json\/wp\/v2\/product\/2722","targetHints":{"allow":["GET"]}}],"collection":[{"href":"https:\/\/www.seraphina.si\/de\/wp-json\/wp\/v2\/product"}],"about":[{"href":"https:\/\/www.seraphina.si\/de\/wp-json\/wp\/v2\/types\/product"}],"wp:featuredmedia":[{"embeddable":true,"href":"https:\/\/www.seraphina.si\/de\/wp-json\/wp\/v2\/media\/23250"}],"wp:attachment":[{"href":"https:\/\/www.seraphina.si\/de\/wp-json\/wp\/v2\/media?parent=2722"}],"wp:term":[{"taxonomy":"horoskop","embeddable":true,"href":"https:\/\/www.seraphina.si\/de\/wp-json\/wp\/v2\/horoskop?post=2722"},{"taxonomy":"kamen","embeddable":true,"href":"https:\/\/www.seraphina.si\/de\/wp-json\/wp\/v2\/kamen?post=2722"},{"taxonomy":"kolekcija","embeddable":true,"href":"https:\/\/www.seraphina.si\/de\/wp-json\/wp\/v2\/kolekcija?post=2722"},{"taxonomy":"mesec","embeddable":true,"href":"https:\/\/www.seraphina.si\/de\/wp-json\/wp\/v2\/mesec?post=2722"},{"taxonomy":"product_brand","embeddable":true,"href":"https:\/\/www.seraphina.si\/de\/wp-json\/wp\/v2\/product_brand?post=2722"},{"taxonomy":"product_cat","embeddable":true,"href":"https:\/\/www.seraphina.si\/de\/wp-json\/wp\/v2\/product_cat?post=2722"},{"taxonomy":"product_tag","embeddable":true,"href":"https:\/\/www.seraphina.si\/de\/wp-json\/wp\/v2\/product_tag?post=2722"}],"curies":[{"name":"wp","href":"https:\/\/api.w.org\/{rel}","templated":true}]}}