{"id":2719,"date":"2022-12-09T12:56:32","date_gmt":"2022-12-09T12:56:32","guid":{"rendered":"https:\/\/www.seraphina.si\/?post_type=product&#038;p=2719"},"modified":"2026-03-17T12:56:00","modified_gmt":"2026-03-17T11:56:00","slug":"damenarmband-in-silber-naomi-monate-stein","status":"publish","type":"product","link":"https:\/\/www.seraphina.si\/de\/p\/zenska-zapestnica-iz-srebra-naomi-mesecev-kamen\/","title":{"rendered":"Damen Silberarmband NAOMI, Mondstein"},"content":{"rendered":"<p>Armband aus 925er Sterlingsilber mit nat\u00fcrlichem Mondsteinkristall, umgeben von Zirkonia.<\/p>\n<p>Erh\u00e4ltlich in 3 Versionen:<\/p>\n<ul>\n<li>Sterlingsilber<\/li>\n<li>Sterlingsilber 925 + rhodiniert<\/li>\n<li>925 Silber + 750\/1000 Gold (18 Karat), 2,5 Mikrometer dick.<\/li>\n<\/ul>\n<p>Velikost mese\u010devega kamna je 7 mm. Ker gre za naravni mese\u010dev kamen se adularesenca (moder sijaj) in prosojnost kristala pri vsakem posameznem izdelku malenkost razlikujeta.<\/p>\n<p>Die Gr\u00f6\u00dfe ist einstellbar.<\/p>","protected":false},"excerpt":{"rendered":"<p>Armband aus 925er Sterlingsilber mit nat\u00fcrlichem Mondsteinkristall, umgeben von Zirkonia. Der Mondstein ist bekannt f\u00fcr seine mystische Ausstrahlung und symbolisiert Z\u00e4rtlichkeit, Intuition und die Verbindung zu den Zyklen des Mondes. Seine Energie wirkt beruhigend und unterst\u00fctzt das emotionale Gleichgewicht. Gleichzeitig f\u00f6rdert er das Einf\u00fchlungsverm\u00f6gen und das Verst\u00e4ndnis f\u00fcr die nat\u00fcrlichen Rhythmen des Lebens. Die Gr\u00f6\u00dfe ist verstellbar (durch Festziehen). Erh\u00e4ltlich in 3 Ausf\u00fchrungen: Sterling Silber 925, Sterling Silber mit Rhodiumbeschichtung und Sterling Silber 925 mit Goldbeschichtung von 750\/1000 Reinheit (18 Karat).<\/p>","protected":false},"featured_media":25122,"template":"","meta":{"_acf_changed":false,"inline_featured_image":false},"horoskop":[],"kamen":[692],"kolekcija":[],"mesec":[596],"product_brand":[],"product_cat":[289,288,302,183,26,420],"product_tag":[21,34,37,33,63],"class_list":{"0":"post-2719","1":"product","2":"type-product","3":"status-publish","4":"has-post-thumbnail","6":"kamen-mesecev-kamen","7":"mesec-junij","8":"product_cat-bruseni-kristali-in-minerali","9":"product_cat-kabosoni-polirani-kristali-in-minerali","10":"product_cat-kristali-in-minerali","11":"product_cat-vsa-ponudba","12":"product_cat-zapestnice","13":"product_cat-zapestnice-s-kabosoni","14":"product_tag-kristal","15":"product_tag-mesecev-kamen","16":"product_tag-moonstone","17":"product_tag-srebro","18":"product_tag-zapestnica","19":"pa_horoskop-devica","20":"pa_horoskop-dvojcka","21":"pa_horoskop-rak","22":"pa_horoskop-ribi","23":"pa_kamen-mesecev-kamen","24":"tm-has-options","26":"first","27":"instock","28":"taxable","29":"shipping-taxable","30":"purchasable","31":"product-type-variable"},"acf":[],"yoast_head":"<!-- This site is optimized with the Yoast SEO plugin v27.3 - https:\/\/yoast.com\/product\/yoast-seo-wordpress\/ -->\n<title>\u017denska zapestnica iz srebra NAOMI, Mese\u010dev kamen - Seraphina<\/title>\n<meta name=\"description\" content=\"Zapestnica izdelana iz 925 srebra z naravnim kristalom mese\u010dev kamen, obdanim z cirkoni.\u00a0Seraphina - nakit iz naravnih kristalov in poldragih - dragih kamnov.\" \/>\n<meta name=\"robots\" content=\"index, follow, max-snippet:-1, max-image-preview:large, max-video-preview:-1\" \/>\n<link rel=\"canonical\" href=\"https:\/\/www.seraphina.si\/de\/p\/damenarmband-in-silber-naomi-monate-stein\/\" \/>\n<meta property=\"og:locale\" content=\"de_DE\" \/>\n<meta property=\"og:type\" content=\"article\" \/>\n<meta property=\"og:title\" content=\"\u017denska zapestnica iz srebra NAOMI, Mese\u010dev kamen - Seraphina\" \/>\n<meta property=\"og:description\" content=\"Zapestnica izdelana iz 925 srebra z naravnim kristalom mese\u010dev kamen, obdanim z cirkoni.\u00a0Seraphina - nakit iz naravnih kristalov in poldragih - dragih kamnov.\" \/>\n<meta property=\"og:url\" content=\"https:\/\/www.seraphina.si\/de\/p\/damenarmband-in-silber-naomi-monate-stein\/\" \/>\n<meta property=\"og:site_name\" content=\"Seraphina\" \/>\n<meta property=\"article:publisher\" content=\"https:\/\/www.facebook.com\/seraphina.si\/\" \/>\n<meta property=\"article:modified_time\" content=\"2026-03-17T11:56:00+00:00\" \/>\n<meta property=\"og:image\" content=\"https:\/\/www.seraphina.si\/wp-content\/uploads\/2022\/12\/Copy-of-Template-earrings-2.jpg\" \/>\n\t<meta property=\"og:image:width\" content=\"810\" \/>\n\t<meta property=\"og:image:height\" content=\"810\" \/>\n\t<meta property=\"og:image:type\" content=\"image\/jpeg\" \/>\n<script type=\"application\/ld+json\" class=\"yoast-schema-graph\">{\"@context\":\"https:\\\/\\\/schema.org\",\"@graph\":[{\"@type\":[\"WebPage\",\"CollectionPage\"],\"@id\":\"https:\\\/\\\/www.seraphina.si\\\/p\\\/zenska-zapestnica-iz-srebra-naomi-mesecev-kamen\\\/\",\"url\":\"https:\\\/\\\/www.seraphina.si\\\/p\\\/zenska-zapestnica-iz-srebra-naomi-mesecev-kamen\\\/\",\"name\":\"\u017denska zapestnica iz srebra NAOMI, Mese\u010dev kamen - Seraphina\",\"isPartOf\":{\"@id\":\"https:\\\/\\\/www.seraphina.si\\\/#website\"},\"primaryImageOfPage\":{\"@id\":\"https:\\\/\\\/www.seraphina.si\\\/p\\\/zenska-zapestnica-iz-srebra-naomi-mesecev-kamen\\\/#primaryimage\"},\"image\":{\"@id\":\"https:\\\/\\\/www.seraphina.si\\\/p\\\/zenska-zapestnica-iz-srebra-naomi-mesecev-kamen\\\/#primaryimage\"},\"thumbnailUrl\":\"https:\\\/\\\/www.seraphina.si\\\/wp-content\\\/uploads\\\/2022\\\/12\\\/Copy-of-Template-earrings-2.jpg\",\"datePublished\":\"2022-12-09T12:56:32+00:00\",\"dateModified\":\"2026-03-17T11:56:00+00:00\",\"description\":\"Zapestnica izdelana iz 925 srebra z naravnim kristalom mese\u010dev kamen, obdanim z cirkoni.\u00a0Seraphina - nakit iz naravnih kristalov in poldragih - dragih kamnov.\",\"breadcrumb\":{\"@id\":\"https:\\\/\\\/www.seraphina.si\\\/p\\\/zenska-zapestnica-iz-srebra-naomi-mesecev-kamen\\\/#breadcrumb\"},\"inLanguage\":\"de\"},{\"@type\":\"ImageObject\",\"inLanguage\":\"de\",\"@id\":\"https:\\\/\\\/www.seraphina.si\\\/p\\\/zenska-zapestnica-iz-srebra-naomi-mesecev-kamen\\\/#primaryimage\",\"url\":\"https:\\\/\\\/www.seraphina.si\\\/wp-content\\\/uploads\\\/2022\\\/12\\\/Copy-of-Template-earrings-2.jpg\",\"contentUrl\":\"https:\\\/\\\/www.seraphina.si\\\/wp-content\\\/uploads\\\/2022\\\/12\\\/Copy-of-Template-earrings-2.jpg\",\"width\":810,\"height\":810,\"caption\":\"\u017denska zapestnica iz srebra NAOMI, Mese\u010dev kamen\"},{\"@type\":\"BreadcrumbList\",\"@id\":\"https:\\\/\\\/www.seraphina.si\\\/p\\\/zenska-zapestnica-iz-srebra-naomi-mesecev-kamen\\\/#breadcrumb\",\"itemListElement\":[{\"@type\":\"ListItem\",\"position\":1,\"name\":\"Home\",\"item\":\"https:\\\/\\\/www.seraphina.si\\\/\"},{\"@type\":\"ListItem\",\"position\":2,\"name\":\"Trgovina\",\"item\":\"https:\\\/\\\/www.seraphina.si\\\/trgovina\\\/\"},{\"@type\":\"ListItem\",\"position\":3,\"name\":\"\u017denska zapestnica iz srebra NAOMI, Mese\u010dev kamen\"}]},{\"@type\":\"WebSite\",\"@id\":\"https:\\\/\\\/www.seraphina.si\\\/#website\",\"url\":\"https:\\\/\\\/www.seraphina.si\\\/\",\"name\":\"Unikatni nakit iz kristalov - Seraphina\",\"description\":\"Unikatni nakit kamen iz kristalov, srebrni prstani in veri\u017eice -\",\"publisher\":{\"@id\":\"https:\\\/\\\/www.seraphina.si\\\/#organization\"},\"alternateName\":\"Seraphina - Unikatni nakit iz kristalov\",\"potentialAction\":[{\"@type\":\"SearchAction\",\"target\":{\"@type\":\"EntryPoint\",\"urlTemplate\":\"https:\\\/\\\/www.seraphina.si\\\/?s={search_term_string}\"},\"query-input\":{\"@type\":\"PropertyValueSpecification\",\"valueRequired\":true,\"valueName\":\"search_term_string\"}}],\"inLanguage\":\"de\"},{\"@type\":\"Organization\",\"@id\":\"https:\\\/\\\/www.seraphina.si\\\/#organization\",\"name\":\"Nakit Seraphina\",\"alternateName\":\"Seraphina spletna trgovina z nakitom, kristali in minerali\",\"url\":\"https:\\\/\\\/www.seraphina.si\\\/\",\"logo\":{\"@type\":\"ImageObject\",\"inLanguage\":\"de\",\"@id\":\"https:\\\/\\\/www.seraphina.si\\\/#\\\/schema\\\/logo\\\/image\\\/\",\"url\":\"https:\\\/\\\/www.seraphina.si\\\/wp-content\\\/uploads\\\/2025\\\/03\\\/logo-seraphina-2025-1.svg\",\"contentUrl\":\"https:\\\/\\\/www.seraphina.si\\\/wp-content\\\/uploads\\\/2025\\\/03\\\/logo-seraphina-2025-1.svg\",\"width\":100,\"height\":100,\"caption\":\"Nakit Seraphina\"},\"image\":{\"@id\":\"https:\\\/\\\/www.seraphina.si\\\/#\\\/schema\\\/logo\\\/image\\\/\"},\"sameAs\":[\"https:\\\/\\\/www.facebook.com\\\/seraphina.si\\\/\",\"https:\\\/\\\/www.instagram.com\\\/seraphinas_gemstones\\\/\"]}]}<\/script>\n<!-- \/ Yoast SEO plugin. -->","yoast_head_json":{"title":"Damen Silberarmband NAOMI, Mondstein - Seraphina","description":"Armband aus 925er Sterlingsilber mit nat\u00fcrlichem Mondsteinkristall, umgeben von Zirkonia. Seraphina - Schmuck aus nat\u00fcrlichen Kristallen und Halbedelsteinen.","robots":{"index":"index","follow":"follow","max-snippet":"max-snippet:-1","max-image-preview":"max-image-preview:large","max-video-preview":"max-video-preview:-1"},"canonical":"https:\/\/www.seraphina.si\/de\/p\/damenarmband-in-silber-naomi-monate-stein\/","og_locale":"de_DE","og_type":"article","og_title":"\u017denska zapestnica iz srebra NAOMI, Mese\u010dev kamen - Seraphina","og_description":"Zapestnica izdelana iz 925 srebra z naravnim kristalom mese\u010dev kamen, obdanim z cirkoni.\u00a0Seraphina - nakit iz naravnih kristalov in poldragih - dragih kamnov.","og_url":"https:\/\/www.seraphina.si\/de\/p\/damenarmband-in-silber-naomi-monate-stein\/","og_site_name":"Seraphina","article_publisher":"https:\/\/www.facebook.com\/seraphina.si\/","article_modified_time":"2026-03-17T11:56:00+00:00","og_image":[{"width":810,"height":810,"url":"https:\/\/www.seraphina.si\/wp-content\/uploads\/2022\/12\/Copy-of-Template-earrings-2.jpg","type":"image\/jpeg"}],"schema":{"@context":"https:\/\/schema.org","@graph":[{"@type":["WebPage","CollectionPage"],"@id":"https:\/\/www.seraphina.si\/p\/zenska-zapestnica-iz-srebra-naomi-mesecev-kamen\/","url":"https:\/\/www.seraphina.si\/p\/zenska-zapestnica-iz-srebra-naomi-mesecev-kamen\/","name":"Damen Silberarmband NAOMI, Mondstein - Seraphina","isPartOf":{"@id":"https:\/\/www.seraphina.si\/#website"},"primaryImageOfPage":{"@id":"https:\/\/www.seraphina.si\/p\/zenska-zapestnica-iz-srebra-naomi-mesecev-kamen\/#primaryimage"},"image":{"@id":"https:\/\/www.seraphina.si\/p\/zenska-zapestnica-iz-srebra-naomi-mesecev-kamen\/#primaryimage"},"thumbnailUrl":"https:\/\/www.seraphina.si\/wp-content\/uploads\/2022\/12\/Copy-of-Template-earrings-2.jpg","datePublished":"2022-12-09T12:56:32+00:00","dateModified":"2026-03-17T11:56:00+00:00","description":"Armband aus 925er Sterlingsilber mit nat\u00fcrlichem Mondsteinkristall, umgeben von Zirkonia. Seraphina - Schmuck aus nat\u00fcrlichen Kristallen und Halbedelsteinen.","breadcrumb":{"@id":"https:\/\/www.seraphina.si\/p\/zenska-zapestnica-iz-srebra-naomi-mesecev-kamen\/#breadcrumb"},"inLanguage":"de"},{"@type":"ImageObject","inLanguage":"de","@id":"https:\/\/www.seraphina.si\/p\/zenska-zapestnica-iz-srebra-naomi-mesecev-kamen\/#primaryimage","url":"https:\/\/www.seraphina.si\/wp-content\/uploads\/2022\/12\/Copy-of-Template-earrings-2.jpg","contentUrl":"https:\/\/www.seraphina.si\/wp-content\/uploads\/2022\/12\/Copy-of-Template-earrings-2.jpg","width":810,"height":810,"caption":"\u017denska zapestnica iz srebra NAOMI, Mese\u010dev kamen"},{"@type":"BreadcrumbList","@id":"https:\/\/www.seraphina.si\/p\/zenska-zapestnica-iz-srebra-naomi-mesecev-kamen\/#breadcrumb","itemListElement":[{"@type":"ListItem","position":1,"name":"Home","item":"https:\/\/www.seraphina.si\/"},{"@type":"ListItem","position":2,"name":"Trgovina","item":"https:\/\/www.seraphina.si\/trgovina\/"},{"@type":"ListItem","position":3,"name":"\u017denska zapestnica iz srebra NAOMI, Mese\u010dev kamen"}]},{"@type":"WebSite","@id":"https:\/\/www.seraphina.si\/#website","url":"https:\/\/www.seraphina.si\/","name":"Einzigartiger Kristallschmuck - Seraphina","description":"Einzigartiger Kristallsteinschmuck, Silberringe und Ketten -","publisher":{"@id":"https:\/\/www.seraphina.si\/#organization"},"alternateName":"Seraphina - Unikatni nakit iz kristalov","potentialAction":[{"@type":"SearchAction","target":{"@type":"EntryPoint","urlTemplate":"https:\/\/www.seraphina.si\/?s={search_term_string}"},"query-input":{"@type":"PropertyValueSpecification","valueRequired":true,"valueName":"search_term_string"}}],"inLanguage":"de"},{"@type":"Organization","@id":"https:\/\/www.seraphina.si\/#organization","name":"Nakit Seraphina","alternateName":"Seraphina spletna trgovina z nakitom, kristali in minerali","url":"https:\/\/www.seraphina.si\/","logo":{"@type":"ImageObject","inLanguage":"de","@id":"https:\/\/www.seraphina.si\/#\/schema\/logo\/image\/","url":"https:\/\/www.seraphina.si\/wp-content\/uploads\/2025\/03\/logo-seraphina-2025-1.svg","contentUrl":"https:\/\/www.seraphina.si\/wp-content\/uploads\/2025\/03\/logo-seraphina-2025-1.svg","width":100,"height":100,"caption":"Nakit Seraphina"},"image":{"@id":"https:\/\/www.seraphina.si\/#\/schema\/logo\/image\/"},"sameAs":["https:\/\/www.facebook.com\/seraphina.si\/","https:\/\/www.instagram.com\/seraphinas_gemstones\/"]}]}},"_links":{"self":[{"href":"https:\/\/www.seraphina.si\/de\/wp-json\/wp\/v2\/product\/2719","targetHints":{"allow":["GET"]}}],"collection":[{"href":"https:\/\/www.seraphina.si\/de\/wp-json\/wp\/v2\/product"}],"about":[{"href":"https:\/\/www.seraphina.si\/de\/wp-json\/wp\/v2\/types\/product"}],"wp:featuredmedia":[{"embeddable":true,"href":"https:\/\/www.seraphina.si\/de\/wp-json\/wp\/v2\/media\/25122"}],"wp:attachment":[{"href":"https:\/\/www.seraphina.si\/de\/wp-json\/wp\/v2\/media?parent=2719"}],"wp:term":[{"taxonomy":"horoskop","embeddable":true,"href":"https:\/\/www.seraphina.si\/de\/wp-json\/wp\/v2\/horoskop?post=2719"},{"taxonomy":"kamen","embeddable":true,"href":"https:\/\/www.seraphina.si\/de\/wp-json\/wp\/v2\/kamen?post=2719"},{"taxonomy":"kolekcija","embeddable":true,"href":"https:\/\/www.seraphina.si\/de\/wp-json\/wp\/v2\/kolekcija?post=2719"},{"taxonomy":"mesec","embeddable":true,"href":"https:\/\/www.seraphina.si\/de\/wp-json\/wp\/v2\/mesec?post=2719"},{"taxonomy":"product_brand","embeddable":true,"href":"https:\/\/www.seraphina.si\/de\/wp-json\/wp\/v2\/product_brand?post=2719"},{"taxonomy":"product_cat","embeddable":true,"href":"https:\/\/www.seraphina.si\/de\/wp-json\/wp\/v2\/product_cat?post=2719"},{"taxonomy":"product_tag","embeddable":true,"href":"https:\/\/www.seraphina.si\/de\/wp-json\/wp\/v2\/product_tag?post=2719"}],"curies":[{"name":"wp","href":"https:\/\/api.w.org\/{rel}","templated":true}]}}