{"id":24188,"date":"2025-11-15T16:52:23","date_gmt":"2025-11-15T15:52:23","guid":{"rendered":"https:\/\/www.seraphina.si\/?post_type=product&#038;p=24188"},"modified":"2025-11-22T21:06:26","modified_gmt":"2025-11-22T20:06:26","slug":"zenski-obesek-iz-srebra-ketu-k2-in-modri-topaz","status":"publish","type":"product","link":"https:\/\/www.seraphina.si\/de\/p\/zenski-obesek-iz-srebra-ketu-k2-in-modri-topaz\/","title":{"rendered":"\u017denski obesek iz srebra KETU, K2 in Modri Topaz"},"content":{"rendered":"<p>Unikaten obesek izdelan iz 925 srebra z naravnim poliranim kristalom K2 in bru\u0161enim modrim topazom.<\/p>\n<p>Velikost K2 je 35 mm x 22 mm, velikost topaza pa 11 mm x 8 mm.<\/p>\n<p>Sie erhalten das Produkt auf dem Bild.<\/p>","protected":false},"excerpt":{"rendered":"<p data-start=\"57\" data-end=\"342\">Unikaten srebrn obesek z naravnim kristalom K2 in modrim topazom. K2 je izjemno redek kristal, ki nastane z zdru\u017eitvijo granita in modrega azurita ter ga najdemo le ob vzno\u017eju gore K2 v Pakistanu. Predstavlja ravnote\u017eje med zemljo in nebom, saj zdru\u017euje stabilno, za\u0161\u010ditni\u0161ko energijo granita z duhovno jasnostjo in intuicijo azurita.<\/p>","protected":false},"featured_media":24193,"template":"","meta":{"_acf_changed":false,"inline_featured_image":false},"horoskop":[],"kamen":[762,712],"kolekcija":[],"mesec":[],"product_brand":[],"product_cat":[289,288,28,27,374,372,183],"product_tag":[21,57,50,49,248,33],"class_list":{"0":"post-24188","1":"product","2":"type-product","3":"status-publish","4":"has-post-thumbnail","6":"kamen-k2","7":"kamen-topaz","8":"product_cat-bruseni-kristali-in-minerali","9":"product_cat-kabosoni-polirani-kristali-in-minerali","10":"product_cat-obeski","11":"product_cat-obeski-in-verizice","12":"product_cat-obeski-s-kabosoni","13":"product_cat-obeski-z-brusenimi-kamni","14":"product_cat-vsa-ponudba","15":"product_tag-kristal","16":"product_tag-obesek","17":"product_tag-rozevec","18":"product_tag-roznati-kremen","19":"product_tag-srce","20":"product_tag-srebro","21":"pa_horoskop-bik","22":"pa_horoskop-kozorog","23":"pa_horoskop-strelec","24":"pa_kamen-k2","25":"pa_kamen-topaz","26":"tm-has-options","28":"first","29":"instock","30":"taxable","31":"shipping-taxable","32":"purchasable","33":"product-type-simple"},"acf":[],"yoast_head":"<!-- This site is optimized with the Yoast SEO plugin v27.3 - https:\/\/yoast.com\/product\/yoast-seo-wordpress\/ -->\n<title>\u017denski obesek iz srebra KETU, K2 in Modri Topaz<\/title>\n<meta name=\"description\" content=\"Obesek izdelan iz 925 srebra z naravnim poliranim kristalom K2 in modrim topazom. Seraphina - izbrani naravni kristali in minerali v nakitu.\" \/>\n<meta name=\"robots\" content=\"index, follow, max-snippet:-1, max-image-preview:large, max-video-preview:-1\" \/>\n<link rel=\"canonical\" href=\"https:\/\/www.seraphina.si\/de\/p\/zenski-obesek-iz-srebra-ketu-k2-in-modri-topaz\/\" \/>\n<meta property=\"og:locale\" content=\"de_DE\" \/>\n<meta property=\"og:type\" content=\"article\" \/>\n<meta property=\"og:title\" content=\"\u017denski obesek iz srebra KETU, K2 in Modri Topaz\" \/>\n<meta property=\"og:description\" content=\"Obesek izdelan iz 925 srebra z naravnim poliranim kristalom K2 in modrim topazom. Seraphina - izbrani naravni kristali in minerali v nakitu.\" \/>\n<meta property=\"og:url\" content=\"https:\/\/www.seraphina.si\/de\/p\/zenski-obesek-iz-srebra-ketu-k2-in-modri-topaz\/\" \/>\n<meta property=\"og:site_name\" content=\"Seraphina\" \/>\n<meta property=\"article:publisher\" content=\"https:\/\/www.facebook.com\/seraphina.si\/\" \/>\n<meta property=\"article:modified_time\" content=\"2025-11-22T20:06:26+00:00\" \/>\n<meta property=\"og:image\" content=\"https:\/\/www.seraphina.si\/wp-content\/uploads\/2025\/11\/6.jpg\" \/>\n\t<meta property=\"og:image:width\" content=\"799\" \/>\n\t<meta property=\"og:image:height\" content=\"799\" \/>\n\t<meta property=\"og:image:type\" content=\"image\/jpeg\" \/>\n<script type=\"application\/ld+json\" class=\"yoast-schema-graph\">{\"@context\":\"https:\\\/\\\/schema.org\",\"@graph\":[{\"@type\":[\"WebPage\",\"CollectionPage\"],\"@id\":\"https:\\\/\\\/www.seraphina.si\\\/p\\\/zenski-obesek-iz-srebra-ketu-k2-in-modri-topaz\\\/\",\"url\":\"https:\\\/\\\/www.seraphina.si\\\/p\\\/zenski-obesek-iz-srebra-ketu-k2-in-modri-topaz\\\/\",\"name\":\"\u017denski obesek iz srebra KETU, K2 in Modri Topaz\",\"isPartOf\":{\"@id\":\"https:\\\/\\\/www.seraphina.si\\\/#website\"},\"primaryImageOfPage\":{\"@id\":\"https:\\\/\\\/www.seraphina.si\\\/p\\\/zenski-obesek-iz-srebra-ketu-k2-in-modri-topaz\\\/#primaryimage\"},\"image\":{\"@id\":\"https:\\\/\\\/www.seraphina.si\\\/p\\\/zenski-obesek-iz-srebra-ketu-k2-in-modri-topaz\\\/#primaryimage\"},\"thumbnailUrl\":\"https:\\\/\\\/www.seraphina.si\\\/wp-content\\\/uploads\\\/2025\\\/11\\\/6.jpg\",\"datePublished\":\"2025-11-15T15:52:23+00:00\",\"dateModified\":\"2025-11-22T20:06:26+00:00\",\"description\":\"Obesek izdelan iz 925 srebra z naravnim poliranim kristalom K2 in modrim topazom. Seraphina - izbrani naravni kristali in minerali v nakitu.\",\"breadcrumb\":{\"@id\":\"https:\\\/\\\/www.seraphina.si\\\/p\\\/zenski-obesek-iz-srebra-ketu-k2-in-modri-topaz\\\/#breadcrumb\"},\"inLanguage\":\"de\"},{\"@type\":\"ImageObject\",\"inLanguage\":\"de\",\"@id\":\"https:\\\/\\\/www.seraphina.si\\\/p\\\/zenski-obesek-iz-srebra-ketu-k2-in-modri-topaz\\\/#primaryimage\",\"url\":\"https:\\\/\\\/www.seraphina.si\\\/wp-content\\\/uploads\\\/2025\\\/11\\\/6.jpg\",\"contentUrl\":\"https:\\\/\\\/www.seraphina.si\\\/wp-content\\\/uploads\\\/2025\\\/11\\\/6.jpg\",\"width\":799,\"height\":799,\"caption\":\"\u017denski obesek iz srebra KETU, K2 in Modri Topaz\"},{\"@type\":\"BreadcrumbList\",\"@id\":\"https:\\\/\\\/www.seraphina.si\\\/p\\\/zenski-obesek-iz-srebra-ketu-k2-in-modri-topaz\\\/#breadcrumb\",\"itemListElement\":[{\"@type\":\"ListItem\",\"position\":1,\"name\":\"Home\",\"item\":\"https:\\\/\\\/www.seraphina.si\\\/\"},{\"@type\":\"ListItem\",\"position\":2,\"name\":\"Trgovina\",\"item\":\"https:\\\/\\\/www.seraphina.si\\\/trgovina\\\/\"},{\"@type\":\"ListItem\",\"position\":3,\"name\":\"\u017denski obesek iz srebra KETU, K2 in Modri Topaz\"}]},{\"@type\":\"WebSite\",\"@id\":\"https:\\\/\\\/www.seraphina.si\\\/#website\",\"url\":\"https:\\\/\\\/www.seraphina.si\\\/\",\"name\":\"Unikatni nakit iz kristalov - Seraphina\",\"description\":\"Unikatni nakit kamen iz kristalov, srebrni prstani in veri\u017eice -\",\"publisher\":{\"@id\":\"https:\\\/\\\/www.seraphina.si\\\/#organization\"},\"alternateName\":\"Seraphina - Unikatni nakit iz kristalov\",\"potentialAction\":[{\"@type\":\"SearchAction\",\"target\":{\"@type\":\"EntryPoint\",\"urlTemplate\":\"https:\\\/\\\/www.seraphina.si\\\/?s={search_term_string}\"},\"query-input\":{\"@type\":\"PropertyValueSpecification\",\"valueRequired\":true,\"valueName\":\"search_term_string\"}}],\"inLanguage\":\"de\"},{\"@type\":\"Organization\",\"@id\":\"https:\\\/\\\/www.seraphina.si\\\/#organization\",\"name\":\"Nakit Seraphina\",\"alternateName\":\"Seraphina spletna trgovina z nakitom, kristali in minerali\",\"url\":\"https:\\\/\\\/www.seraphina.si\\\/\",\"logo\":{\"@type\":\"ImageObject\",\"inLanguage\":\"de\",\"@id\":\"https:\\\/\\\/www.seraphina.si\\\/#\\\/schema\\\/logo\\\/image\\\/\",\"url\":\"https:\\\/\\\/www.seraphina.si\\\/wp-content\\\/uploads\\\/2025\\\/03\\\/logo-seraphina-2025-1.svg\",\"contentUrl\":\"https:\\\/\\\/www.seraphina.si\\\/wp-content\\\/uploads\\\/2025\\\/03\\\/logo-seraphina-2025-1.svg\",\"width\":100,\"height\":100,\"caption\":\"Nakit Seraphina\"},\"image\":{\"@id\":\"https:\\\/\\\/www.seraphina.si\\\/#\\\/schema\\\/logo\\\/image\\\/\"},\"sameAs\":[\"https:\\\/\\\/www.facebook.com\\\/seraphina.si\\\/\",\"https:\\\/\\\/www.instagram.com\\\/seraphinas_gemstones\\\/\"]}]}<\/script>\n<!-- \/ Yoast SEO plugin. -->","yoast_head_json":{"title":"\u017denski obesek iz srebra KETU, K2 in Modri Topaz","description":"Obesek izdelan iz 925 srebra z naravnim poliranim kristalom K2 in modrim topazom. Seraphina - izbrani naravni kristali in minerali v nakitu.","robots":{"index":"index","follow":"follow","max-snippet":"max-snippet:-1","max-image-preview":"max-image-preview:large","max-video-preview":"max-video-preview:-1"},"canonical":"https:\/\/www.seraphina.si\/de\/p\/zenski-obesek-iz-srebra-ketu-k2-in-modri-topaz\/","og_locale":"de_DE","og_type":"article","og_title":"\u017denski obesek iz srebra KETU, K2 in Modri Topaz","og_description":"Obesek izdelan iz 925 srebra z naravnim poliranim kristalom K2 in modrim topazom. Seraphina - izbrani naravni kristali in minerali v nakitu.","og_url":"https:\/\/www.seraphina.si\/de\/p\/zenski-obesek-iz-srebra-ketu-k2-in-modri-topaz\/","og_site_name":"Seraphina","article_publisher":"https:\/\/www.facebook.com\/seraphina.si\/","article_modified_time":"2025-11-22T20:06:26+00:00","og_image":[{"width":799,"height":799,"url":"https:\/\/www.seraphina.si\/wp-content\/uploads\/2025\/11\/6.jpg","type":"image\/jpeg"}],"schema":{"@context":"https:\/\/schema.org","@graph":[{"@type":["WebPage","CollectionPage"],"@id":"https:\/\/www.seraphina.si\/p\/zenski-obesek-iz-srebra-ketu-k2-in-modri-topaz\/","url":"https:\/\/www.seraphina.si\/p\/zenski-obesek-iz-srebra-ketu-k2-in-modri-topaz\/","name":"\u017denski obesek iz srebra KETU, K2 in Modri Topaz","isPartOf":{"@id":"https:\/\/www.seraphina.si\/#website"},"primaryImageOfPage":{"@id":"https:\/\/www.seraphina.si\/p\/zenski-obesek-iz-srebra-ketu-k2-in-modri-topaz\/#primaryimage"},"image":{"@id":"https:\/\/www.seraphina.si\/p\/zenski-obesek-iz-srebra-ketu-k2-in-modri-topaz\/#primaryimage"},"thumbnailUrl":"https:\/\/www.seraphina.si\/wp-content\/uploads\/2025\/11\/6.jpg","datePublished":"2025-11-15T15:52:23+00:00","dateModified":"2025-11-22T20:06:26+00:00","description":"Obesek izdelan iz 925 srebra z naravnim poliranim kristalom K2 in modrim topazom. Seraphina - izbrani naravni kristali in minerali v nakitu.","breadcrumb":{"@id":"https:\/\/www.seraphina.si\/p\/zenski-obesek-iz-srebra-ketu-k2-in-modri-topaz\/#breadcrumb"},"inLanguage":"de"},{"@type":"ImageObject","inLanguage":"de","@id":"https:\/\/www.seraphina.si\/p\/zenski-obesek-iz-srebra-ketu-k2-in-modri-topaz\/#primaryimage","url":"https:\/\/www.seraphina.si\/wp-content\/uploads\/2025\/11\/6.jpg","contentUrl":"https:\/\/www.seraphina.si\/wp-content\/uploads\/2025\/11\/6.jpg","width":799,"height":799,"caption":"\u017denski obesek iz srebra KETU, K2 in Modri Topaz"},{"@type":"BreadcrumbList","@id":"https:\/\/www.seraphina.si\/p\/zenski-obesek-iz-srebra-ketu-k2-in-modri-topaz\/#breadcrumb","itemListElement":[{"@type":"ListItem","position":1,"name":"Home","item":"https:\/\/www.seraphina.si\/"},{"@type":"ListItem","position":2,"name":"Trgovina","item":"https:\/\/www.seraphina.si\/trgovina\/"},{"@type":"ListItem","position":3,"name":"\u017denski obesek iz srebra KETU, K2 in Modri Topaz"}]},{"@type":"WebSite","@id":"https:\/\/www.seraphina.si\/#website","url":"https:\/\/www.seraphina.si\/","name":"Einzigartiger Kristallschmuck - Seraphina","description":"Einzigartiger Kristallsteinschmuck, Silberringe und Ketten -","publisher":{"@id":"https:\/\/www.seraphina.si\/#organization"},"alternateName":"Seraphina - Unikatni nakit iz kristalov","potentialAction":[{"@type":"SearchAction","target":{"@type":"EntryPoint","urlTemplate":"https:\/\/www.seraphina.si\/?s={search_term_string}"},"query-input":{"@type":"PropertyValueSpecification","valueRequired":true,"valueName":"search_term_string"}}],"inLanguage":"de"},{"@type":"Organization","@id":"https:\/\/www.seraphina.si\/#organization","name":"Nakit Seraphina","alternateName":"Seraphina spletna trgovina z nakitom, kristali in minerali","url":"https:\/\/www.seraphina.si\/","logo":{"@type":"ImageObject","inLanguage":"de","@id":"https:\/\/www.seraphina.si\/#\/schema\/logo\/image\/","url":"https:\/\/www.seraphina.si\/wp-content\/uploads\/2025\/03\/logo-seraphina-2025-1.svg","contentUrl":"https:\/\/www.seraphina.si\/wp-content\/uploads\/2025\/03\/logo-seraphina-2025-1.svg","width":100,"height":100,"caption":"Nakit Seraphina"},"image":{"@id":"https:\/\/www.seraphina.si\/#\/schema\/logo\/image\/"},"sameAs":["https:\/\/www.facebook.com\/seraphina.si\/","https:\/\/www.instagram.com\/seraphinas_gemstones\/"]}]}},"_links":{"self":[{"href":"https:\/\/www.seraphina.si\/de\/wp-json\/wp\/v2\/product\/24188","targetHints":{"allow":["GET"]}}],"collection":[{"href":"https:\/\/www.seraphina.si\/de\/wp-json\/wp\/v2\/product"}],"about":[{"href":"https:\/\/www.seraphina.si\/de\/wp-json\/wp\/v2\/types\/product"}],"wp:featuredmedia":[{"embeddable":true,"href":"https:\/\/www.seraphina.si\/de\/wp-json\/wp\/v2\/media\/24193"}],"wp:attachment":[{"href":"https:\/\/www.seraphina.si\/de\/wp-json\/wp\/v2\/media?parent=24188"}],"wp:term":[{"taxonomy":"horoskop","embeddable":true,"href":"https:\/\/www.seraphina.si\/de\/wp-json\/wp\/v2\/horoskop?post=24188"},{"taxonomy":"kamen","embeddable":true,"href":"https:\/\/www.seraphina.si\/de\/wp-json\/wp\/v2\/kamen?post=24188"},{"taxonomy":"kolekcija","embeddable":true,"href":"https:\/\/www.seraphina.si\/de\/wp-json\/wp\/v2\/kolekcija?post=24188"},{"taxonomy":"mesec","embeddable":true,"href":"https:\/\/www.seraphina.si\/de\/wp-json\/wp\/v2\/mesec?post=24188"},{"taxonomy":"product_brand","embeddable":true,"href":"https:\/\/www.seraphina.si\/de\/wp-json\/wp\/v2\/product_brand?post=24188"},{"taxonomy":"product_cat","embeddable":true,"href":"https:\/\/www.seraphina.si\/de\/wp-json\/wp\/v2\/product_cat?post=24188"},{"taxonomy":"product_tag","embeddable":true,"href":"https:\/\/www.seraphina.si\/de\/wp-json\/wp\/v2\/product_tag?post=24188"}],"curies":[{"name":"wp","href":"https:\/\/api.w.org\/{rel}","templated":true}]}}