{"id":22139,"date":"2025-07-20T19:11:35","date_gmt":"2025-07-20T17:11:35","guid":{"rendered":"https:\/\/www.seraphina.si\/?post_type=product&#038;p=22139"},"modified":"2026-03-12T18:29:31","modified_gmt":"2026-03-12T17:29:31","slug":"zenski-uhani-iz-srebra-zaria-crni-turmalin-in-beli-topaz","status":"publish","type":"product","link":"https:\/\/www.seraphina.si\/de\/p\/zenski-uhani-iz-srebra-zaria-crni-turmalin-in-beli-topaz\/","title":{"rendered":"Damen Silberohrringe ZARIA, Schwarzer Turmalin und Wei\u00dfer Topas"},"content":{"rendered":"<p>Uhani izdelani iz 925 srebra z naravnim \u010drnim turmalinom in drobnimi belimi topazi.<\/p>\n<p>Erh\u00e4ltlich in 3 Versionen:<\/p>\n<ul>\n<li>Sterlingsilber<\/li>\n<li>Sterlingsilber 925 + rhodiniert<\/li>\n<li>925er Sterlingsilber mit 750\/1000 (18 Karat) Goldplattierung, 2,5 Mikron Goldplattierung<\/li>\n<\/ul>\n<p>Velikosti turmalina je 10 mm x 7 mm.<\/p>","protected":false},"excerpt":{"rendered":"<p>Srebrni uhani z naravnim \u010drnim turmalinom in drobnimi belimi topazi. \u010crni turmalin ima mo\u010dno sposobnost za\u0161\u010dite pred negativno energijo, stresom in \u010dustvenim izsiljevanjem, pomaga nam pri duhovni rasti, izbolj\u0161uje intuicijo in \u010dustveno stabilnost.<\/p>","protected":false},"featured_media":25823,"template":"","meta":{"_acf_changed":false,"inline_featured_image":false},"horoskop":[],"kamen":[740,714],"kolekcija":[],"mesec":[],"product_brand":[],"product_cat":[289,15,421,183],"product_tag":[232,21,33,55,88,46],"class_list":{"0":"post-22139","1":"product","2":"type-product","3":"status-publish","4":"has-post-thumbnail","6":"kamen-crni-turmalin","7":"kamen-turmalin","8":"product_cat-bruseni-kristali-in-minerali","9":"product_cat-uhani","10":"product_cat-uhani-z-brusenimi-kamni","11":"product_cat-vsa-ponudba","12":"product_tag-crni","13":"product_tag-kristal","14":"product_tag-srebro","15":"product_tag-topaz","16":"product_tag-turmalin","17":"product_tag-uhani","18":"pa_horoskop-kozorog","19":"pa_horoskop-skorpijon","20":"pa_horoskop-tehtnica","21":"pa_kamen-turmalin","22":"tm-has-options","24":"first","25":"instock","26":"taxable","27":"shipping-taxable","28":"purchasable","29":"product-type-variable","30":"has-default-attributes"},"acf":[],"yoast_head":"<!-- This site is optimized with the Yoast SEO plugin v27.3 - https:\/\/yoast.com\/product\/yoast-seo-wordpress\/ -->\n<title>\u017denski uhani iz srebra ZARIA, \u010crni Turmalin in Beli Topaz<\/title>\n<meta name=\"description\" content=\"Uhani izdelani iz 925 srebra, z naravnim kristalom \u010drni turmalin in beli topaz. Seraphina - nakit z naravnimi kristali in minerali.\" \/>\n<meta name=\"robots\" content=\"index, follow, max-snippet:-1, max-image-preview:large, max-video-preview:-1\" \/>\n<link rel=\"canonical\" href=\"https:\/\/www.seraphina.si\/de\/p\/zenski-uhani-iz-srebra-zaria-crni-turmalin-in-beli-topaz\/\" \/>\n<meta property=\"og:locale\" content=\"de_DE\" \/>\n<meta property=\"og:type\" content=\"article\" \/>\n<meta property=\"og:title\" content=\"\u017denski uhani iz srebra ZARIA, \u010crni Turmalin in Beli Topaz\" \/>\n<meta property=\"og:description\" content=\"Uhani izdelani iz 925 srebra, z naravnim kristalom \u010drni turmalin in beli topaz. Seraphina - nakit z naravnimi kristali in minerali.\" \/>\n<meta property=\"og:url\" content=\"https:\/\/www.seraphina.si\/de\/p\/zenski-uhani-iz-srebra-zaria-crni-turmalin-in-beli-topaz\/\" \/>\n<meta property=\"og:site_name\" content=\"Seraphina\" \/>\n<meta property=\"article:publisher\" content=\"https:\/\/www.facebook.com\/seraphina.si\/\" \/>\n<meta property=\"article:modified_time\" content=\"2026-03-12T17:29:31+00:00\" \/>\n<meta property=\"og:image\" content=\"https:\/\/www.seraphina.si\/wp-content\/uploads\/2025\/07\/2-4-1-900x900-artguru.jpg\" \/>\n\t<meta property=\"og:image:width\" content=\"900\" \/>\n\t<meta property=\"og:image:height\" content=\"900\" \/>\n\t<meta property=\"og:image:type\" content=\"image\/jpeg\" \/>\n<script type=\"application\/ld+json\" class=\"yoast-schema-graph\">{\"@context\":\"https:\\\/\\\/schema.org\",\"@graph\":[{\"@type\":[\"WebPage\",\"CollectionPage\"],\"@id\":\"https:\\\/\\\/www.seraphina.si\\\/p\\\/zenski-uhani-iz-srebra-zaria-crni-turmalin-in-beli-topaz\\\/\",\"url\":\"https:\\\/\\\/www.seraphina.si\\\/p\\\/zenski-uhani-iz-srebra-zaria-crni-turmalin-in-beli-topaz\\\/\",\"name\":\"\u017denski uhani iz srebra ZARIA, \u010crni Turmalin in Beli Topaz\",\"isPartOf\":{\"@id\":\"https:\\\/\\\/www.seraphina.si\\\/#website\"},\"primaryImageOfPage\":{\"@id\":\"https:\\\/\\\/www.seraphina.si\\\/p\\\/zenski-uhani-iz-srebra-zaria-crni-turmalin-in-beli-topaz\\\/#primaryimage\"},\"image\":{\"@id\":\"https:\\\/\\\/www.seraphina.si\\\/p\\\/zenski-uhani-iz-srebra-zaria-crni-turmalin-in-beli-topaz\\\/#primaryimage\"},\"thumbnailUrl\":\"https:\\\/\\\/www.seraphina.si\\\/wp-content\\\/uploads\\\/2025\\\/07\\\/2-4-1-900x900-artguru.jpg\",\"datePublished\":\"2025-07-20T17:11:35+00:00\",\"dateModified\":\"2026-03-12T17:29:31+00:00\",\"description\":\"Uhani izdelani iz 925 srebra, z naravnim kristalom \u010drni turmalin in beli topaz. Seraphina - nakit z naravnimi kristali in minerali.\",\"breadcrumb\":{\"@id\":\"https:\\\/\\\/www.seraphina.si\\\/p\\\/zenski-uhani-iz-srebra-zaria-crni-turmalin-in-beli-topaz\\\/#breadcrumb\"},\"inLanguage\":\"de\"},{\"@type\":\"ImageObject\",\"inLanguage\":\"de\",\"@id\":\"https:\\\/\\\/www.seraphina.si\\\/p\\\/zenski-uhani-iz-srebra-zaria-crni-turmalin-in-beli-topaz\\\/#primaryimage\",\"url\":\"https:\\\/\\\/www.seraphina.si\\\/wp-content\\\/uploads\\\/2025\\\/07\\\/2-4-1-900x900-artguru.jpg\",\"contentUrl\":\"https:\\\/\\\/www.seraphina.si\\\/wp-content\\\/uploads\\\/2025\\\/07\\\/2-4-1-900x900-artguru.jpg\",\"width\":900,\"height\":900,\"caption\":\"\u017denski uhani iz srebra ZARIA, \u010crni Turmalin in Beli Topaz\"},{\"@type\":\"BreadcrumbList\",\"@id\":\"https:\\\/\\\/www.seraphina.si\\\/p\\\/zenski-uhani-iz-srebra-zaria-crni-turmalin-in-beli-topaz\\\/#breadcrumb\",\"itemListElement\":[{\"@type\":\"ListItem\",\"position\":1,\"name\":\"Home\",\"item\":\"https:\\\/\\\/www.seraphina.si\\\/\"},{\"@type\":\"ListItem\",\"position\":2,\"name\":\"Trgovina\",\"item\":\"https:\\\/\\\/www.seraphina.si\\\/trgovina\\\/\"},{\"@type\":\"ListItem\",\"position\":3,\"name\":\"\u017denski uhani iz srebra ZARIA, \u010crni Turmalin in Beli Topaz\"}]},{\"@type\":\"WebSite\",\"@id\":\"https:\\\/\\\/www.seraphina.si\\\/#website\",\"url\":\"https:\\\/\\\/www.seraphina.si\\\/\",\"name\":\"Unikatni nakit iz kristalov - Seraphina\",\"description\":\"Unikatni nakit kamen iz kristalov, srebrni prstani in veri\u017eice -\",\"publisher\":{\"@id\":\"https:\\\/\\\/www.seraphina.si\\\/#organization\"},\"alternateName\":\"Seraphina - Unikatni nakit iz kristalov\",\"potentialAction\":[{\"@type\":\"SearchAction\",\"target\":{\"@type\":\"EntryPoint\",\"urlTemplate\":\"https:\\\/\\\/www.seraphina.si\\\/?s={search_term_string}\"},\"query-input\":{\"@type\":\"PropertyValueSpecification\",\"valueRequired\":true,\"valueName\":\"search_term_string\"}}],\"inLanguage\":\"de\"},{\"@type\":\"Organization\",\"@id\":\"https:\\\/\\\/www.seraphina.si\\\/#organization\",\"name\":\"Nakit Seraphina\",\"alternateName\":\"Seraphina spletna trgovina z nakitom, kristali in minerali\",\"url\":\"https:\\\/\\\/www.seraphina.si\\\/\",\"logo\":{\"@type\":\"ImageObject\",\"inLanguage\":\"de\",\"@id\":\"https:\\\/\\\/www.seraphina.si\\\/#\\\/schema\\\/logo\\\/image\\\/\",\"url\":\"https:\\\/\\\/www.seraphina.si\\\/wp-content\\\/uploads\\\/2025\\\/03\\\/logo-seraphina-2025-1.svg\",\"contentUrl\":\"https:\\\/\\\/www.seraphina.si\\\/wp-content\\\/uploads\\\/2025\\\/03\\\/logo-seraphina-2025-1.svg\",\"width\":100,\"height\":100,\"caption\":\"Nakit Seraphina\"},\"image\":{\"@id\":\"https:\\\/\\\/www.seraphina.si\\\/#\\\/schema\\\/logo\\\/image\\\/\"},\"sameAs\":[\"https:\\\/\\\/www.facebook.com\\\/seraphina.si\\\/\",\"https:\\\/\\\/www.instagram.com\\\/seraphinas_gemstones\\\/\"]}]}<\/script>\n<!-- \/ Yoast SEO plugin. -->","yoast_head_json":{"title":"Damen Silberohrringe ZARIA, Schwarzer Turmalin und Wei\u00dfer Topas","description":"Uhani izdelani iz 925 srebra, z naravnim kristalom \u010drni turmalin in beli topaz. Seraphina - nakit z naravnimi kristali in minerali.","robots":{"index":"index","follow":"follow","max-snippet":"max-snippet:-1","max-image-preview":"max-image-preview:large","max-video-preview":"max-video-preview:-1"},"canonical":"https:\/\/www.seraphina.si\/de\/p\/zenski-uhani-iz-srebra-zaria-crni-turmalin-in-beli-topaz\/","og_locale":"de_DE","og_type":"article","og_title":"\u017denski uhani iz srebra ZARIA, \u010crni Turmalin in Beli Topaz","og_description":"Uhani izdelani iz 925 srebra, z naravnim kristalom \u010drni turmalin in beli topaz. Seraphina - nakit z naravnimi kristali in minerali.","og_url":"https:\/\/www.seraphina.si\/de\/p\/zenski-uhani-iz-srebra-zaria-crni-turmalin-in-beli-topaz\/","og_site_name":"Seraphina","article_publisher":"https:\/\/www.facebook.com\/seraphina.si\/","article_modified_time":"2026-03-12T17:29:31+00:00","og_image":[{"width":900,"height":900,"url":"https:\/\/www.seraphina.si\/wp-content\/uploads\/2025\/07\/2-4-1-900x900-artguru.jpg","type":"image\/jpeg"}],"schema":{"@context":"https:\/\/schema.org","@graph":[{"@type":["WebPage","CollectionPage"],"@id":"https:\/\/www.seraphina.si\/p\/zenski-uhani-iz-srebra-zaria-crni-turmalin-in-beli-topaz\/","url":"https:\/\/www.seraphina.si\/p\/zenski-uhani-iz-srebra-zaria-crni-turmalin-in-beli-topaz\/","name":"Damen Silberohrringe ZARIA, Schwarzer Turmalin und Wei\u00dfer Topas","isPartOf":{"@id":"https:\/\/www.seraphina.si\/#website"},"primaryImageOfPage":{"@id":"https:\/\/www.seraphina.si\/p\/zenski-uhani-iz-srebra-zaria-crni-turmalin-in-beli-topaz\/#primaryimage"},"image":{"@id":"https:\/\/www.seraphina.si\/p\/zenski-uhani-iz-srebra-zaria-crni-turmalin-in-beli-topaz\/#primaryimage"},"thumbnailUrl":"https:\/\/www.seraphina.si\/wp-content\/uploads\/2025\/07\/2-4-1-900x900-artguru.jpg","datePublished":"2025-07-20T17:11:35+00:00","dateModified":"2026-03-12T17:29:31+00:00","description":"Uhani izdelani iz 925 srebra, z naravnim kristalom \u010drni turmalin in beli topaz. Seraphina - nakit z naravnimi kristali in minerali.","breadcrumb":{"@id":"https:\/\/www.seraphina.si\/p\/zenski-uhani-iz-srebra-zaria-crni-turmalin-in-beli-topaz\/#breadcrumb"},"inLanguage":"de"},{"@type":"ImageObject","inLanguage":"de","@id":"https:\/\/www.seraphina.si\/p\/zenski-uhani-iz-srebra-zaria-crni-turmalin-in-beli-topaz\/#primaryimage","url":"https:\/\/www.seraphina.si\/wp-content\/uploads\/2025\/07\/2-4-1-900x900-artguru.jpg","contentUrl":"https:\/\/www.seraphina.si\/wp-content\/uploads\/2025\/07\/2-4-1-900x900-artguru.jpg","width":900,"height":900,"caption":"\u017denski uhani iz srebra ZARIA, \u010crni Turmalin in Beli Topaz"},{"@type":"BreadcrumbList","@id":"https:\/\/www.seraphina.si\/p\/zenski-uhani-iz-srebra-zaria-crni-turmalin-in-beli-topaz\/#breadcrumb","itemListElement":[{"@type":"ListItem","position":1,"name":"Home","item":"https:\/\/www.seraphina.si\/"},{"@type":"ListItem","position":2,"name":"Trgovina","item":"https:\/\/www.seraphina.si\/trgovina\/"},{"@type":"ListItem","position":3,"name":"\u017denski uhani iz srebra ZARIA, \u010crni Turmalin in Beli Topaz"}]},{"@type":"WebSite","@id":"https:\/\/www.seraphina.si\/#website","url":"https:\/\/www.seraphina.si\/","name":"Einzigartiger Kristallschmuck - Seraphina","description":"Einzigartiger Kristallsteinschmuck, Silberringe und Ketten -","publisher":{"@id":"https:\/\/www.seraphina.si\/#organization"},"alternateName":"Seraphina - Unikatni nakit iz kristalov","potentialAction":[{"@type":"SearchAction","target":{"@type":"EntryPoint","urlTemplate":"https:\/\/www.seraphina.si\/?s={search_term_string}"},"query-input":{"@type":"PropertyValueSpecification","valueRequired":true,"valueName":"search_term_string"}}],"inLanguage":"de"},{"@type":"Organization","@id":"https:\/\/www.seraphina.si\/#organization","name":"Nakit Seraphina","alternateName":"Seraphina spletna trgovina z nakitom, kristali in minerali","url":"https:\/\/www.seraphina.si\/","logo":{"@type":"ImageObject","inLanguage":"de","@id":"https:\/\/www.seraphina.si\/#\/schema\/logo\/image\/","url":"https:\/\/www.seraphina.si\/wp-content\/uploads\/2025\/03\/logo-seraphina-2025-1.svg","contentUrl":"https:\/\/www.seraphina.si\/wp-content\/uploads\/2025\/03\/logo-seraphina-2025-1.svg","width":100,"height":100,"caption":"Nakit Seraphina"},"image":{"@id":"https:\/\/www.seraphina.si\/#\/schema\/logo\/image\/"},"sameAs":["https:\/\/www.facebook.com\/seraphina.si\/","https:\/\/www.instagram.com\/seraphinas_gemstones\/"]}]}},"_links":{"self":[{"href":"https:\/\/www.seraphina.si\/de\/wp-json\/wp\/v2\/product\/22139","targetHints":{"allow":["GET"]}}],"collection":[{"href":"https:\/\/www.seraphina.si\/de\/wp-json\/wp\/v2\/product"}],"about":[{"href":"https:\/\/www.seraphina.si\/de\/wp-json\/wp\/v2\/types\/product"}],"wp:featuredmedia":[{"embeddable":true,"href":"https:\/\/www.seraphina.si\/de\/wp-json\/wp\/v2\/media\/25823"}],"wp:attachment":[{"href":"https:\/\/www.seraphina.si\/de\/wp-json\/wp\/v2\/media?parent=22139"}],"wp:term":[{"taxonomy":"horoskop","embeddable":true,"href":"https:\/\/www.seraphina.si\/de\/wp-json\/wp\/v2\/horoskop?post=22139"},{"taxonomy":"kamen","embeddable":true,"href":"https:\/\/www.seraphina.si\/de\/wp-json\/wp\/v2\/kamen?post=22139"},{"taxonomy":"kolekcija","embeddable":true,"href":"https:\/\/www.seraphina.si\/de\/wp-json\/wp\/v2\/kolekcija?post=22139"},{"taxonomy":"mesec","embeddable":true,"href":"https:\/\/www.seraphina.si\/de\/wp-json\/wp\/v2\/mesec?post=22139"},{"taxonomy":"product_brand","embeddable":true,"href":"https:\/\/www.seraphina.si\/de\/wp-json\/wp\/v2\/product_brand?post=22139"},{"taxonomy":"product_cat","embeddable":true,"href":"https:\/\/www.seraphina.si\/de\/wp-json\/wp\/v2\/product_cat?post=22139"},{"taxonomy":"product_tag","embeddable":true,"href":"https:\/\/www.seraphina.si\/de\/wp-json\/wp\/v2\/product_tag?post=22139"}],"curies":[{"name":"wp","href":"https:\/\/api.w.org\/{rel}","templated":true}]}}