{"id":22025,"date":"2025-07-20T19:53:06","date_gmt":"2025-07-20T17:53:06","guid":{"rendered":"https:\/\/www.seraphina.si\/?post_type=product&#038;p=22025"},"modified":"2026-03-12T18:28:12","modified_gmt":"2026-03-12T17:28:12","slug":"zenska-verizica-iz-srebra-eva-rozevec-in-granat","status":"publish","type":"product","link":"https:\/\/www.seraphina.si\/de\/p\/zenska-verizica-iz-srebra-eva-rozevec-in-granat\/","title":{"rendered":"Silberne EVA-Kette f\u00fcr Damen, Rosenquarz und Granat"},"content":{"rendered":"<p>Veri\u017eica izdelana iz 925 srebra z naravnim ro\u017eevcem (ro\u017enati kremen) in granatom v obliki sr\u010dkov.<\/p>\n<p>Erh\u00e4ltlich in 3 Versionen:<\/p>\n<ul>\n<li>Sterlingsilber<\/li>\n<li>rhodiniertes Silber<\/li>\n<li>925er Sterlingsilber mit 750\/1000 (18 Karat) Goldplattierung, 2,5 Mikron Goldplattierung<\/li>\n<\/ul>\n<p>Velikost ro\u017eevca je 4 mm, velikost granata pa 3 mm. Barvni odtenek ro\u017eevca in granata se pri vsakem posameznem izdelku malenkost razlikuje.<\/p>","protected":false},"excerpt":{"rendered":"<p>Srebrna veri\u017eica z naravnim ro\u017eevcem (ro\u017enati kremen) in granatom. Ro\u017eevec simbolizira univerzalno ljubezen in so\u010dutje, granat pa je kamen ljubezni in strasti, ki oddaja toplo, regenerativno in po\u017eivljajo\u010do energijo ter nas navdaja z upanjem.<\/p>","protected":false},"featured_media":22030,"template":"","meta":{"_acf_changed":false,"inline_featured_image":false},"horoskop":[],"kamen":[671,700],"kolekcija":[607],"mesec":[603],"product_brand":[],"product_cat":[289,302,27,29,416,183],"product_tag":[21,50,49,33,46],"class_list":{"0":"post-22025","1":"product","2":"type-product","3":"status-publish","4":"has-post-thumbnail","6":"kamen-granat","7":"kamen-rozevec-ali-roznati-kremen","8":"kolekcija-love","9":"mesec-januar","10":"product_cat-bruseni-kristali-in-minerali","11":"product_cat-kristali-in-minerali","12":"product_cat-obeski-in-verizice","13":"product_cat-verizice","14":"product_cat-verizice-z-brusenimi-kamni","15":"product_cat-vsa-ponudba","16":"product_tag-kristal","17":"product_tag-rozevec","18":"product_tag-roznati-kremen","19":"product_tag-srebro","20":"product_tag-uhani","21":"pa_horoskop-bik","22":"pa_horoskop-devica","23":"pa_horoskop-kozorog","24":"pa_horoskop-lev","25":"pa_horoskop-oven","26":"pa_horoskop-skorpijon","27":"pa_horoskop-strelec","28":"pa_horoskop-vodnar","29":"pa_kamen-granat","30":"pa_kamen-rozevec","31":"tm-has-options","33":"first","34":"instock","35":"taxable","36":"shipping-taxable","37":"purchasable","38":"product-type-variable","39":"has-default-attributes"},"acf":[],"yoast_head":"<!-- This site is optimized with the Yoast SEO plugin v27.3 - https:\/\/yoast.com\/product\/yoast-seo-wordpress\/ -->\n<title>\u017denska veri\u017eica iz srebra EVA, Ro\u017eevec in Granat<\/title>\n<meta name=\"description\" content=\"Veri\u017eica izdelana iz 925 srebra z naravnim bru\u0161enim ro\u017eevcem in granatom v obliki sr\u010dkov. Seraphina - naravni kristali in minerali.\" \/>\n<meta name=\"robots\" content=\"index, follow, max-snippet:-1, max-image-preview:large, max-video-preview:-1\" \/>\n<link rel=\"canonical\" href=\"https:\/\/www.seraphina.si\/de\/p\/zenska-verizica-iz-srebra-eva-rozevec-in-granat\/\" \/>\n<meta property=\"og:locale\" content=\"de_DE\" \/>\n<meta property=\"og:type\" content=\"article\" \/>\n<meta property=\"og:title\" content=\"\u017denska veri\u017eica iz srebra EVA, Ro\u017eevec in Granat\" \/>\n<meta property=\"og:description\" content=\"Veri\u017eica izdelana iz 925 srebra z naravnim bru\u0161enim ro\u017eevcem in granatom v obliki sr\u010dkov. Seraphina - naravni kristali in minerali.\" \/>\n<meta property=\"og:url\" content=\"https:\/\/www.seraphina.si\/de\/p\/zenska-verizica-iz-srebra-eva-rozevec-in-granat\/\" \/>\n<meta property=\"og:site_name\" content=\"Seraphina\" \/>\n<meta property=\"article:publisher\" content=\"https:\/\/www.facebook.com\/seraphina.si\/\" \/>\n<meta property=\"article:modified_time\" content=\"2026-03-12T17:28:12+00:00\" \/>\n<meta property=\"og:image\" content=\"https:\/\/www.seraphina.si\/wp-content\/uploads\/2025\/07\/PIC-RQ.GAR-WN-TEMF-5-14_1_1500x.jpg\" \/>\n\t<meta property=\"og:image:width\" content=\"900\" \/>\n\t<meta property=\"og:image:height\" content=\"900\" \/>\n\t<meta property=\"og:image:type\" content=\"image\/jpeg\" \/>\n<script type=\"application\/ld+json\" class=\"yoast-schema-graph\">{\"@context\":\"https:\\\/\\\/schema.org\",\"@graph\":[{\"@type\":[\"WebPage\",\"CollectionPage\"],\"@id\":\"https:\\\/\\\/www.seraphina.si\\\/p\\\/zenska-verizica-iz-srebra-eva-rozevec-in-granat\\\/\",\"url\":\"https:\\\/\\\/www.seraphina.si\\\/p\\\/zenska-verizica-iz-srebra-eva-rozevec-in-granat\\\/\",\"name\":\"\u017denska veri\u017eica iz srebra EVA, Ro\u017eevec in Granat\",\"isPartOf\":{\"@id\":\"https:\\\/\\\/www.seraphina.si\\\/#website\"},\"primaryImageOfPage\":{\"@id\":\"https:\\\/\\\/www.seraphina.si\\\/p\\\/zenska-verizica-iz-srebra-eva-rozevec-in-granat\\\/#primaryimage\"},\"image\":{\"@id\":\"https:\\\/\\\/www.seraphina.si\\\/p\\\/zenska-verizica-iz-srebra-eva-rozevec-in-granat\\\/#primaryimage\"},\"thumbnailUrl\":\"https:\\\/\\\/www.seraphina.si\\\/wp-content\\\/uploads\\\/2025\\\/07\\\/PIC-RQ.GAR-WN-TEMF-5-14_1_1500x.jpg\",\"datePublished\":\"2025-07-20T17:53:06+00:00\",\"dateModified\":\"2026-03-12T17:28:12+00:00\",\"description\":\"Veri\u017eica izdelana iz 925 srebra z naravnim bru\u0161enim ro\u017eevcem in granatom v obliki sr\u010dkov. Seraphina - naravni kristali in minerali.\",\"breadcrumb\":{\"@id\":\"https:\\\/\\\/www.seraphina.si\\\/p\\\/zenska-verizica-iz-srebra-eva-rozevec-in-granat\\\/#breadcrumb\"},\"inLanguage\":\"de\"},{\"@type\":\"ImageObject\",\"inLanguage\":\"de\",\"@id\":\"https:\\\/\\\/www.seraphina.si\\\/p\\\/zenska-verizica-iz-srebra-eva-rozevec-in-granat\\\/#primaryimage\",\"url\":\"https:\\\/\\\/www.seraphina.si\\\/wp-content\\\/uploads\\\/2025\\\/07\\\/PIC-RQ.GAR-WN-TEMF-5-14_1_1500x.jpg\",\"contentUrl\":\"https:\\\/\\\/www.seraphina.si\\\/wp-content\\\/uploads\\\/2025\\\/07\\\/PIC-RQ.GAR-WN-TEMF-5-14_1_1500x.jpg\",\"width\":900,\"height\":900,\"caption\":\"\u017denska veri\u017eica iz srebra EVA, Ro\u017eevec in Granat\"},{\"@type\":\"BreadcrumbList\",\"@id\":\"https:\\\/\\\/www.seraphina.si\\\/p\\\/zenska-verizica-iz-srebra-eva-rozevec-in-granat\\\/#breadcrumb\",\"itemListElement\":[{\"@type\":\"ListItem\",\"position\":1,\"name\":\"Home\",\"item\":\"https:\\\/\\\/www.seraphina.si\\\/\"},{\"@type\":\"ListItem\",\"position\":2,\"name\":\"Trgovina\",\"item\":\"https:\\\/\\\/www.seraphina.si\\\/trgovina\\\/\"},{\"@type\":\"ListItem\",\"position\":3,\"name\":\"\u017denska veri\u017eica iz srebra EVA, Ro\u017eevec in Granat\"}]},{\"@type\":\"WebSite\",\"@id\":\"https:\\\/\\\/www.seraphina.si\\\/#website\",\"url\":\"https:\\\/\\\/www.seraphina.si\\\/\",\"name\":\"Unikatni nakit iz kristalov - Seraphina\",\"description\":\"Unikatni nakit kamen iz kristalov, srebrni prstani in veri\u017eice -\",\"publisher\":{\"@id\":\"https:\\\/\\\/www.seraphina.si\\\/#organization\"},\"alternateName\":\"Seraphina - Unikatni nakit iz kristalov\",\"potentialAction\":[{\"@type\":\"SearchAction\",\"target\":{\"@type\":\"EntryPoint\",\"urlTemplate\":\"https:\\\/\\\/www.seraphina.si\\\/?s={search_term_string}\"},\"query-input\":{\"@type\":\"PropertyValueSpecification\",\"valueRequired\":true,\"valueName\":\"search_term_string\"}}],\"inLanguage\":\"de\"},{\"@type\":\"Organization\",\"@id\":\"https:\\\/\\\/www.seraphina.si\\\/#organization\",\"name\":\"Nakit Seraphina\",\"alternateName\":\"Seraphina spletna trgovina z nakitom, kristali in minerali\",\"url\":\"https:\\\/\\\/www.seraphina.si\\\/\",\"logo\":{\"@type\":\"ImageObject\",\"inLanguage\":\"de\",\"@id\":\"https:\\\/\\\/www.seraphina.si\\\/#\\\/schema\\\/logo\\\/image\\\/\",\"url\":\"https:\\\/\\\/www.seraphina.si\\\/wp-content\\\/uploads\\\/2025\\\/03\\\/logo-seraphina-2025-1.svg\",\"contentUrl\":\"https:\\\/\\\/www.seraphina.si\\\/wp-content\\\/uploads\\\/2025\\\/03\\\/logo-seraphina-2025-1.svg\",\"width\":100,\"height\":100,\"caption\":\"Nakit Seraphina\"},\"image\":{\"@id\":\"https:\\\/\\\/www.seraphina.si\\\/#\\\/schema\\\/logo\\\/image\\\/\"},\"sameAs\":[\"https:\\\/\\\/www.facebook.com\\\/seraphina.si\\\/\",\"https:\\\/\\\/www.instagram.com\\\/seraphinas_gemstones\\\/\"]}]}<\/script>\n<!-- \/ Yoast SEO plugin. -->","yoast_head_json":{"title":"Silberne EVA-Kette f\u00fcr Damen, Rosenquarz und Granat","description":"Veri\u017eica izdelana iz 925 srebra z naravnim bru\u0161enim ro\u017eevcem in granatom v obliki sr\u010dkov. Seraphina - naravni kristali in minerali.","robots":{"index":"index","follow":"follow","max-snippet":"max-snippet:-1","max-image-preview":"max-image-preview:large","max-video-preview":"max-video-preview:-1"},"canonical":"https:\/\/www.seraphina.si\/de\/p\/zenska-verizica-iz-srebra-eva-rozevec-in-granat\/","og_locale":"de_DE","og_type":"article","og_title":"\u017denska veri\u017eica iz srebra EVA, Ro\u017eevec in Granat","og_description":"Veri\u017eica izdelana iz 925 srebra z naravnim bru\u0161enim ro\u017eevcem in granatom v obliki sr\u010dkov. Seraphina - naravni kristali in minerali.","og_url":"https:\/\/www.seraphina.si\/de\/p\/zenska-verizica-iz-srebra-eva-rozevec-in-granat\/","og_site_name":"Seraphina","article_publisher":"https:\/\/www.facebook.com\/seraphina.si\/","article_modified_time":"2026-03-12T17:28:12+00:00","og_image":[{"width":900,"height":900,"url":"https:\/\/www.seraphina.si\/wp-content\/uploads\/2025\/07\/PIC-RQ.GAR-WN-TEMF-5-14_1_1500x.jpg","type":"image\/jpeg"}],"schema":{"@context":"https:\/\/schema.org","@graph":[{"@type":["WebPage","CollectionPage"],"@id":"https:\/\/www.seraphina.si\/p\/zenska-verizica-iz-srebra-eva-rozevec-in-granat\/","url":"https:\/\/www.seraphina.si\/p\/zenska-verizica-iz-srebra-eva-rozevec-in-granat\/","name":"Silberne EVA-Kette f\u00fcr Damen, Rosenquarz und Granat","isPartOf":{"@id":"https:\/\/www.seraphina.si\/#website"},"primaryImageOfPage":{"@id":"https:\/\/www.seraphina.si\/p\/zenska-verizica-iz-srebra-eva-rozevec-in-granat\/#primaryimage"},"image":{"@id":"https:\/\/www.seraphina.si\/p\/zenska-verizica-iz-srebra-eva-rozevec-in-granat\/#primaryimage"},"thumbnailUrl":"https:\/\/www.seraphina.si\/wp-content\/uploads\/2025\/07\/PIC-RQ.GAR-WN-TEMF-5-14_1_1500x.jpg","datePublished":"2025-07-20T17:53:06+00:00","dateModified":"2026-03-12T17:28:12+00:00","description":"Veri\u017eica izdelana iz 925 srebra z naravnim bru\u0161enim ro\u017eevcem in granatom v obliki sr\u010dkov. Seraphina - naravni kristali in minerali.","breadcrumb":{"@id":"https:\/\/www.seraphina.si\/p\/zenska-verizica-iz-srebra-eva-rozevec-in-granat\/#breadcrumb"},"inLanguage":"de"},{"@type":"ImageObject","inLanguage":"de","@id":"https:\/\/www.seraphina.si\/p\/zenska-verizica-iz-srebra-eva-rozevec-in-granat\/#primaryimage","url":"https:\/\/www.seraphina.si\/wp-content\/uploads\/2025\/07\/PIC-RQ.GAR-WN-TEMF-5-14_1_1500x.jpg","contentUrl":"https:\/\/www.seraphina.si\/wp-content\/uploads\/2025\/07\/PIC-RQ.GAR-WN-TEMF-5-14_1_1500x.jpg","width":900,"height":900,"caption":"\u017denska veri\u017eica iz srebra EVA, Ro\u017eevec in Granat"},{"@type":"BreadcrumbList","@id":"https:\/\/www.seraphina.si\/p\/zenska-verizica-iz-srebra-eva-rozevec-in-granat\/#breadcrumb","itemListElement":[{"@type":"ListItem","position":1,"name":"Home","item":"https:\/\/www.seraphina.si\/"},{"@type":"ListItem","position":2,"name":"Trgovina","item":"https:\/\/www.seraphina.si\/trgovina\/"},{"@type":"ListItem","position":3,"name":"\u017denska veri\u017eica iz srebra EVA, Ro\u017eevec in Granat"}]},{"@type":"WebSite","@id":"https:\/\/www.seraphina.si\/#website","url":"https:\/\/www.seraphina.si\/","name":"Einzigartiger Kristallschmuck - Seraphina","description":"Einzigartiger Kristallsteinschmuck, Silberringe und Ketten -","publisher":{"@id":"https:\/\/www.seraphina.si\/#organization"},"alternateName":"Seraphina - Unikatni nakit iz kristalov","potentialAction":[{"@type":"SearchAction","target":{"@type":"EntryPoint","urlTemplate":"https:\/\/www.seraphina.si\/?s={search_term_string}"},"query-input":{"@type":"PropertyValueSpecification","valueRequired":true,"valueName":"search_term_string"}}],"inLanguage":"de"},{"@type":"Organization","@id":"https:\/\/www.seraphina.si\/#organization","name":"Nakit Seraphina","alternateName":"Seraphina spletna trgovina z nakitom, kristali in minerali","url":"https:\/\/www.seraphina.si\/","logo":{"@type":"ImageObject","inLanguage":"de","@id":"https:\/\/www.seraphina.si\/#\/schema\/logo\/image\/","url":"https:\/\/www.seraphina.si\/wp-content\/uploads\/2025\/03\/logo-seraphina-2025-1.svg","contentUrl":"https:\/\/www.seraphina.si\/wp-content\/uploads\/2025\/03\/logo-seraphina-2025-1.svg","width":100,"height":100,"caption":"Nakit Seraphina"},"image":{"@id":"https:\/\/www.seraphina.si\/#\/schema\/logo\/image\/"},"sameAs":["https:\/\/www.facebook.com\/seraphina.si\/","https:\/\/www.instagram.com\/seraphinas_gemstones\/"]}]}},"_links":{"self":[{"href":"https:\/\/www.seraphina.si\/de\/wp-json\/wp\/v2\/product\/22025","targetHints":{"allow":["GET"]}}],"collection":[{"href":"https:\/\/www.seraphina.si\/de\/wp-json\/wp\/v2\/product"}],"about":[{"href":"https:\/\/www.seraphina.si\/de\/wp-json\/wp\/v2\/types\/product"}],"wp:featuredmedia":[{"embeddable":true,"href":"https:\/\/www.seraphina.si\/de\/wp-json\/wp\/v2\/media\/22030"}],"wp:attachment":[{"href":"https:\/\/www.seraphina.si\/de\/wp-json\/wp\/v2\/media?parent=22025"}],"wp:term":[{"taxonomy":"horoskop","embeddable":true,"href":"https:\/\/www.seraphina.si\/de\/wp-json\/wp\/v2\/horoskop?post=22025"},{"taxonomy":"kamen","embeddable":true,"href":"https:\/\/www.seraphina.si\/de\/wp-json\/wp\/v2\/kamen?post=22025"},{"taxonomy":"kolekcija","embeddable":true,"href":"https:\/\/www.seraphina.si\/de\/wp-json\/wp\/v2\/kolekcija?post=22025"},{"taxonomy":"mesec","embeddable":true,"href":"https:\/\/www.seraphina.si\/de\/wp-json\/wp\/v2\/mesec?post=22025"},{"taxonomy":"product_brand","embeddable":true,"href":"https:\/\/www.seraphina.si\/de\/wp-json\/wp\/v2\/product_brand?post=22025"},{"taxonomy":"product_cat","embeddable":true,"href":"https:\/\/www.seraphina.si\/de\/wp-json\/wp\/v2\/product_cat?post=22025"},{"taxonomy":"product_tag","embeddable":true,"href":"https:\/\/www.seraphina.si\/de\/wp-json\/wp\/v2\/product_tag?post=22025"}],"curies":[{"name":"wp","href":"https:\/\/api.w.org\/{rel}","templated":true}]}}