{"id":21860,"date":"2025-07-17T21:43:49","date_gmt":"2025-07-17T19:43:49","guid":{"rendered":"https:\/\/www.seraphina.si\/?post_type=product&#038;p=21860"},"modified":"2026-03-12T18:36:49","modified_gmt":"2026-03-12T17:36:49","slug":"zenski-prstan-iz-srebra-primavera-kianit-in-beli-topaz","status":"publish","type":"product","link":"https:\/\/www.seraphina.si\/de\/p\/zenski-prstan-iz-srebra-primavera-kianit-in-beli-topaz\/","title":{"rendered":"Damenring aus Sterlingsilber PRIMAVERA, Kyanit und Wei\u00dfer Topas"},"content":{"rendered":"<p>\u017denski prstan iz 925 srebra z naravnim bru\u0161enim kianitom in manj\u0161imi belimi topazi.<\/p>\n<p>Erh\u00e4ltlich in 3 Versionen:<\/p>\n<ul>\n<li>Sterlingsilber<\/li>\n<li>Sterlingsilber 925 + rhodiniert<\/li>\n<li>925 Silber + 750\/1000 Gold (18 Karat), 2,5 Mikrometer dick.<\/li>\n<\/ul>\n<p>Premer kianita je 5 mm.<\/p>","protected":false},"excerpt":{"rendered":"<p>Srebrn prstan z naravnim bru\u0161enim kianitom in manj\u0161imi belimi topazi. Kianit je izmed najmo\u010dnej\u0161ih kristalov za pomirjanje. V sebi nosi visoke pozitivne vibracije in navdihuje zvestobo, so\u010dutje in povezanost ter ima ugoden vpliv na energetsko preto\u010dnost telesa in duha.<\/p>","protected":false},"featured_media":21864,"template":"","meta":{"_acf_changed":false,"inline_featured_image":false},"horoskop":[],"kamen":[680,712],"kolekcija":[],"mesec":[],"product_brand":[],"product_cat":[289,302,25,31,349,183],"product_tag":[545,21,611,33,46],"class_list":{"0":"post-21860","1":"product","2":"type-product","3":"status-publish","4":"has-post-thumbnail","6":"kamen-kianit","7":"kamen-topaz","8":"product_cat-bruseni-kristali-in-minerali","9":"product_cat-kristali-in-minerali","10":"product_cat-prstani","11":"product_cat-prstani-iz-srebra","12":"product_cat-prstani-z-brusenimi-kamni","13":"product_cat-vsa-ponudba","14":"product_tag-kianit","15":"product_tag-kristal","16":"product_tag-oranzni","17":"product_tag-srebro","18":"product_tag-uhani","19":"pa_horoskop-bik","20":"pa_horoskop-oven","21":"pa_horoskop-tehtnica","22":"pa_kamen-kianit","23":"tm-has-options","25":"first","26":"onbackorder","27":"sale","28":"taxable","29":"shipping-taxable","30":"purchasable","31":"product-type-variable","32":"has-default-attributes"},"acf":[],"yoast_head":"<!-- This site is optimized with the Yoast SEO plugin v27.3 - https:\/\/yoast.com\/product\/yoast-seo-wordpress\/ -->\n<title>Seraphina - \u017denski prstan iz srebra PRIMAVERA, Kianit in Beli Topaz<\/title>\n<meta name=\"description\" content=\"\u017denski prstan iz 925 srebra z naravnim bru\u0161enim kianitom in belimi topazi. Seraphina - nakit iz naravnih kristalov in poldragih\/dragih kamnov.\" \/>\n<meta name=\"robots\" content=\"index, follow, max-snippet:-1, max-image-preview:large, max-video-preview:-1\" \/>\n<link rel=\"canonical\" href=\"https:\/\/www.seraphina.si\/de\/p\/zenski-prstan-iz-srebra-primavera-kianit-in-beli-topaz\/\" \/>\n<meta property=\"og:locale\" content=\"de_DE\" \/>\n<meta property=\"og:type\" content=\"article\" \/>\n<meta property=\"og:title\" content=\"Seraphina - \u017denski prstan iz srebra PRIMAVERA, Kianit in Beli Topaz\" \/>\n<meta property=\"og:description\" content=\"\u017denski prstan iz 925 srebra z naravnim bru\u0161enim kianitom in belimi topazi. Seraphina - nakit iz naravnih kristalov in poldragih\/dragih kamnov.\" \/>\n<meta property=\"og:url\" content=\"https:\/\/www.seraphina.si\/de\/p\/zenski-prstan-iz-srebra-primavera-kianit-in-beli-topaz\/\" \/>\n<meta property=\"og:site_name\" content=\"Seraphina\" \/>\n<meta property=\"article:publisher\" content=\"https:\/\/www.facebook.com\/seraphina.si\/\" \/>\n<meta property=\"article:modified_time\" content=\"2026-03-12T17:36:49+00:00\" \/>\n<meta property=\"og:image\" content=\"https:\/\/www.seraphina.si\/wp-content\/uploads\/2025\/07\/22.jpg\" \/>\n\t<meta property=\"og:image:width\" content=\"945\" \/>\n\t<meta property=\"og:image:height\" content=\"945\" \/>\n\t<meta property=\"og:image:type\" content=\"image\/jpeg\" \/>\n<script type=\"application\/ld+json\" class=\"yoast-schema-graph\">{\"@context\":\"https:\\\/\\\/schema.org\",\"@graph\":[{\"@type\":[\"WebPage\",\"CollectionPage\"],\"@id\":\"https:\\\/\\\/www.seraphina.si\\\/p\\\/zenski-prstan-iz-srebra-primavera-kianit-in-beli-topaz\\\/\",\"url\":\"https:\\\/\\\/www.seraphina.si\\\/p\\\/zenski-prstan-iz-srebra-primavera-kianit-in-beli-topaz\\\/\",\"name\":\"Seraphina - \u017denski prstan iz srebra PRIMAVERA, Kianit in Beli Topaz\",\"isPartOf\":{\"@id\":\"https:\\\/\\\/www.seraphina.si\\\/#website\"},\"primaryImageOfPage\":{\"@id\":\"https:\\\/\\\/www.seraphina.si\\\/p\\\/zenski-prstan-iz-srebra-primavera-kianit-in-beli-topaz\\\/#primaryimage\"},\"image\":{\"@id\":\"https:\\\/\\\/www.seraphina.si\\\/p\\\/zenski-prstan-iz-srebra-primavera-kianit-in-beli-topaz\\\/#primaryimage\"},\"thumbnailUrl\":\"https:\\\/\\\/www.seraphina.si\\\/wp-content\\\/uploads\\\/2025\\\/07\\\/22.jpg\",\"datePublished\":\"2025-07-17T19:43:49+00:00\",\"dateModified\":\"2026-03-12T17:36:49+00:00\",\"description\":\"\u017denski prstan iz 925 srebra z naravnim bru\u0161enim kianitom in belimi topazi. Seraphina - nakit iz naravnih kristalov in poldragih\\\/dragih kamnov.\",\"breadcrumb\":{\"@id\":\"https:\\\/\\\/www.seraphina.si\\\/p\\\/zenski-prstan-iz-srebra-primavera-kianit-in-beli-topaz\\\/#breadcrumb\"},\"inLanguage\":\"de\"},{\"@type\":\"ImageObject\",\"inLanguage\":\"de\",\"@id\":\"https:\\\/\\\/www.seraphina.si\\\/p\\\/zenski-prstan-iz-srebra-primavera-kianit-in-beli-topaz\\\/#primaryimage\",\"url\":\"https:\\\/\\\/www.seraphina.si\\\/wp-content\\\/uploads\\\/2025\\\/07\\\/22.jpg\",\"contentUrl\":\"https:\\\/\\\/www.seraphina.si\\\/wp-content\\\/uploads\\\/2025\\\/07\\\/22.jpg\",\"width\":945,\"height\":945,\"caption\":\"\u017denski prstan iz srebra PRIMAVERA, Kianit in Beli Topaz\"},{\"@type\":\"BreadcrumbList\",\"@id\":\"https:\\\/\\\/www.seraphina.si\\\/p\\\/zenski-prstan-iz-srebra-primavera-kianit-in-beli-topaz\\\/#breadcrumb\",\"itemListElement\":[{\"@type\":\"ListItem\",\"position\":1,\"name\":\"Home\",\"item\":\"https:\\\/\\\/www.seraphina.si\\\/\"},{\"@type\":\"ListItem\",\"position\":2,\"name\":\"Trgovina\",\"item\":\"https:\\\/\\\/www.seraphina.si\\\/trgovina\\\/\"},{\"@type\":\"ListItem\",\"position\":3,\"name\":\"\u017denski prstan iz srebra PRIMAVERA, Kianit in Beli Topaz\"}]},{\"@type\":\"WebSite\",\"@id\":\"https:\\\/\\\/www.seraphina.si\\\/#website\",\"url\":\"https:\\\/\\\/www.seraphina.si\\\/\",\"name\":\"Unikatni nakit iz kristalov - Seraphina\",\"description\":\"Unikatni nakit kamen iz kristalov, srebrni prstani in veri\u017eice -\",\"publisher\":{\"@id\":\"https:\\\/\\\/www.seraphina.si\\\/#organization\"},\"alternateName\":\"Seraphina - Unikatni nakit iz kristalov\",\"potentialAction\":[{\"@type\":\"SearchAction\",\"target\":{\"@type\":\"EntryPoint\",\"urlTemplate\":\"https:\\\/\\\/www.seraphina.si\\\/?s={search_term_string}\"},\"query-input\":{\"@type\":\"PropertyValueSpecification\",\"valueRequired\":true,\"valueName\":\"search_term_string\"}}],\"inLanguage\":\"de\"},{\"@type\":\"Organization\",\"@id\":\"https:\\\/\\\/www.seraphina.si\\\/#organization\",\"name\":\"Nakit Seraphina\",\"alternateName\":\"Seraphina spletna trgovina z nakitom, kristali in minerali\",\"url\":\"https:\\\/\\\/www.seraphina.si\\\/\",\"logo\":{\"@type\":\"ImageObject\",\"inLanguage\":\"de\",\"@id\":\"https:\\\/\\\/www.seraphina.si\\\/#\\\/schema\\\/logo\\\/image\\\/\",\"url\":\"https:\\\/\\\/www.seraphina.si\\\/wp-content\\\/uploads\\\/2025\\\/03\\\/logo-seraphina-2025-1.svg\",\"contentUrl\":\"https:\\\/\\\/www.seraphina.si\\\/wp-content\\\/uploads\\\/2025\\\/03\\\/logo-seraphina-2025-1.svg\",\"width\":100,\"height\":100,\"caption\":\"Nakit Seraphina\"},\"image\":{\"@id\":\"https:\\\/\\\/www.seraphina.si\\\/#\\\/schema\\\/logo\\\/image\\\/\"},\"sameAs\":[\"https:\\\/\\\/www.facebook.com\\\/seraphina.si\\\/\",\"https:\\\/\\\/www.instagram.com\\\/seraphinas_gemstones\\\/\"]}]}<\/script>\n<!-- \/ Yoast SEO plugin. -->","yoast_head_json":{"title":"Seraphina - \u017denski prstan iz srebra PRIMAVERA, Kianit in Beli Topaz","description":"\u017denski prstan iz 925 srebra z naravnim bru\u0161enim kianitom in belimi topazi. Seraphina - nakit iz naravnih kristalov in poldragih\/dragih kamnov.","robots":{"index":"index","follow":"follow","max-snippet":"max-snippet:-1","max-image-preview":"max-image-preview:large","max-video-preview":"max-video-preview:-1"},"canonical":"https:\/\/www.seraphina.si\/de\/p\/zenski-prstan-iz-srebra-primavera-kianit-in-beli-topaz\/","og_locale":"de_DE","og_type":"article","og_title":"Seraphina - \u017denski prstan iz srebra PRIMAVERA, Kianit in Beli Topaz","og_description":"\u017denski prstan iz 925 srebra z naravnim bru\u0161enim kianitom in belimi topazi. Seraphina - nakit iz naravnih kristalov in poldragih\/dragih kamnov.","og_url":"https:\/\/www.seraphina.si\/de\/p\/zenski-prstan-iz-srebra-primavera-kianit-in-beli-topaz\/","og_site_name":"Seraphina","article_publisher":"https:\/\/www.facebook.com\/seraphina.si\/","article_modified_time":"2026-03-12T17:36:49+00:00","og_image":[{"width":945,"height":945,"url":"https:\/\/www.seraphina.si\/wp-content\/uploads\/2025\/07\/22.jpg","type":"image\/jpeg"}],"schema":{"@context":"https:\/\/schema.org","@graph":[{"@type":["WebPage","CollectionPage"],"@id":"https:\/\/www.seraphina.si\/p\/zenski-prstan-iz-srebra-primavera-kianit-in-beli-topaz\/","url":"https:\/\/www.seraphina.si\/p\/zenski-prstan-iz-srebra-primavera-kianit-in-beli-topaz\/","name":"Seraphina - \u017denski prstan iz srebra PRIMAVERA, Kianit in Beli Topaz","isPartOf":{"@id":"https:\/\/www.seraphina.si\/#website"},"primaryImageOfPage":{"@id":"https:\/\/www.seraphina.si\/p\/zenski-prstan-iz-srebra-primavera-kianit-in-beli-topaz\/#primaryimage"},"image":{"@id":"https:\/\/www.seraphina.si\/p\/zenski-prstan-iz-srebra-primavera-kianit-in-beli-topaz\/#primaryimage"},"thumbnailUrl":"https:\/\/www.seraphina.si\/wp-content\/uploads\/2025\/07\/22.jpg","datePublished":"2025-07-17T19:43:49+00:00","dateModified":"2026-03-12T17:36:49+00:00","description":"\u017denski prstan iz 925 srebra z naravnim bru\u0161enim kianitom in belimi topazi. Seraphina - nakit iz naravnih kristalov in poldragih\/dragih kamnov.","breadcrumb":{"@id":"https:\/\/www.seraphina.si\/p\/zenski-prstan-iz-srebra-primavera-kianit-in-beli-topaz\/#breadcrumb"},"inLanguage":"de"},{"@type":"ImageObject","inLanguage":"de","@id":"https:\/\/www.seraphina.si\/p\/zenski-prstan-iz-srebra-primavera-kianit-in-beli-topaz\/#primaryimage","url":"https:\/\/www.seraphina.si\/wp-content\/uploads\/2025\/07\/22.jpg","contentUrl":"https:\/\/www.seraphina.si\/wp-content\/uploads\/2025\/07\/22.jpg","width":945,"height":945,"caption":"\u017denski prstan iz srebra PRIMAVERA, Kianit in Beli Topaz"},{"@type":"BreadcrumbList","@id":"https:\/\/www.seraphina.si\/p\/zenski-prstan-iz-srebra-primavera-kianit-in-beli-topaz\/#breadcrumb","itemListElement":[{"@type":"ListItem","position":1,"name":"Home","item":"https:\/\/www.seraphina.si\/"},{"@type":"ListItem","position":2,"name":"Trgovina","item":"https:\/\/www.seraphina.si\/trgovina\/"},{"@type":"ListItem","position":3,"name":"\u017denski prstan iz srebra PRIMAVERA, Kianit in Beli Topaz"}]},{"@type":"WebSite","@id":"https:\/\/www.seraphina.si\/#website","url":"https:\/\/www.seraphina.si\/","name":"Einzigartiger Kristallschmuck - Seraphina","description":"Einzigartiger Kristallsteinschmuck, Silberringe und Ketten -","publisher":{"@id":"https:\/\/www.seraphina.si\/#organization"},"alternateName":"Seraphina - Unikatni nakit iz kristalov","potentialAction":[{"@type":"SearchAction","target":{"@type":"EntryPoint","urlTemplate":"https:\/\/www.seraphina.si\/?s={search_term_string}"},"query-input":{"@type":"PropertyValueSpecification","valueRequired":true,"valueName":"search_term_string"}}],"inLanguage":"de"},{"@type":"Organization","@id":"https:\/\/www.seraphina.si\/#organization","name":"Nakit Seraphina","alternateName":"Seraphina spletna trgovina z nakitom, kristali in minerali","url":"https:\/\/www.seraphina.si\/","logo":{"@type":"ImageObject","inLanguage":"de","@id":"https:\/\/www.seraphina.si\/#\/schema\/logo\/image\/","url":"https:\/\/www.seraphina.si\/wp-content\/uploads\/2025\/03\/logo-seraphina-2025-1.svg","contentUrl":"https:\/\/www.seraphina.si\/wp-content\/uploads\/2025\/03\/logo-seraphina-2025-1.svg","width":100,"height":100,"caption":"Nakit Seraphina"},"image":{"@id":"https:\/\/www.seraphina.si\/#\/schema\/logo\/image\/"},"sameAs":["https:\/\/www.facebook.com\/seraphina.si\/","https:\/\/www.instagram.com\/seraphinas_gemstones\/"]}]}},"_links":{"self":[{"href":"https:\/\/www.seraphina.si\/de\/wp-json\/wp\/v2\/product\/21860","targetHints":{"allow":["GET"]}}],"collection":[{"href":"https:\/\/www.seraphina.si\/de\/wp-json\/wp\/v2\/product"}],"about":[{"href":"https:\/\/www.seraphina.si\/de\/wp-json\/wp\/v2\/types\/product"}],"wp:featuredmedia":[{"embeddable":true,"href":"https:\/\/www.seraphina.si\/de\/wp-json\/wp\/v2\/media\/21864"}],"wp:attachment":[{"href":"https:\/\/www.seraphina.si\/de\/wp-json\/wp\/v2\/media?parent=21860"}],"wp:term":[{"taxonomy":"horoskop","embeddable":true,"href":"https:\/\/www.seraphina.si\/de\/wp-json\/wp\/v2\/horoskop?post=21860"},{"taxonomy":"kamen","embeddable":true,"href":"https:\/\/www.seraphina.si\/de\/wp-json\/wp\/v2\/kamen?post=21860"},{"taxonomy":"kolekcija","embeddable":true,"href":"https:\/\/www.seraphina.si\/de\/wp-json\/wp\/v2\/kolekcija?post=21860"},{"taxonomy":"mesec","embeddable":true,"href":"https:\/\/www.seraphina.si\/de\/wp-json\/wp\/v2\/mesec?post=21860"},{"taxonomy":"product_brand","embeddable":true,"href":"https:\/\/www.seraphina.si\/de\/wp-json\/wp\/v2\/product_brand?post=21860"},{"taxonomy":"product_cat","embeddable":true,"href":"https:\/\/www.seraphina.si\/de\/wp-json\/wp\/v2\/product_cat?post=21860"},{"taxonomy":"product_tag","embeddable":true,"href":"https:\/\/www.seraphina.si\/de\/wp-json\/wp\/v2\/product_tag?post=21860"}],"curies":[{"name":"wp","href":"https:\/\/api.w.org\/{rel}","templated":true}]}}