{"id":20109,"date":"2025-04-13T21:43:49","date_gmt":"2025-04-13T19:43:49","guid":{"rendered":"https:\/\/www.seraphina.si\/?post_type=product&#038;p=20109"},"modified":"2026-03-12T19:16:54","modified_gmt":"2026-03-12T18:16:54","slug":"damenring-aus-sterlingsilber-mit-rosenquarz-und-weisem-topas-2","status":"publish","type":"product","link":"https:\/\/www.seraphina.si\/de\/p\/zenski-prstan-iz-srebra-flow-rozevec-in-beli-topaz\/","title":{"rendered":"Damenring aus Sterlingsilber FLOW, Rosenquarz und wei\u00dfer Topas"},"content":{"rendered":"<p>Ring aus 925er Sterlingsilber mit nat\u00fcrlichem, rohem Rosenquarzkristall und kleinen wei\u00dfen Topasen.<\/p>\n<p>Erh\u00e4ltlich in 3 Versionen:<\/p>\n<ul>\n<li>Sterlingsilber<\/li>\n<li>Sterlingsilber 925 + rhodiniert<\/li>\n<li>925er Sterlingsilber mit 750\/1000 (18 Karat) Goldplattierung, 2,5 Mikron Goldplattierung<\/li>\n<\/ul>\n<p>Die Gr\u00f6\u00dfe des rosa Quarzes betr\u00e4gt ca. 9 mm x 7 mm.<\/p>\n<p>Da es sich um nat\u00fcrliche Kristalle handelt, variieren sie leicht in der Farbe (helleres - dunkleres Rosa). Die Bilder zeigen den Ring einzeln sowie einige der m\u00f6glichen Kombinationen des Rings mit anderen Designs.<\/p>","protected":false},"excerpt":{"rendered":"<p>Srebrn prstan z naravnim surovim ro\u017enatim kremenom (ro\u017eevec), ki simbolizira univerzalno ljubezen in so\u010dutje. Ro\u017eevec neguje sr\u010dno \u010dakro, prina\u0161a zadovoljstvo, veselje in pomaga zaceliti stare \u010dustvene rane.<\/p>","protected":false},"featured_media":20157,"template":"","meta":{"_acf_changed":false,"inline_featured_image":false},"horoskop":[],"kamen":[700],"kolekcija":[722],"mesec":[],"product_brand":[],"product_cat":[25,31,350,287,183],"product_tag":[98,21,24,244,97,33],"class_list":{"0":"post-20109","1":"product","2":"type-product","3":"status-publish","4":"has-post-thumbnail","6":"kamen-rozevec-ali-roznati-kremen","7":"kolekcija-raw-beauty","8":"product_cat-prstani","9":"product_cat-prstani-iz-srebra","10":"product_cat-prstani-s-surovimi-kamni","11":"product_cat-surovi-kristali-in-minerali","12":"product_cat-vsa-ponudba","13":"product_tag-kremen","14":"product_tag-kristal","15":"product_tag-prstan","16":"product_tag-rose-quartz","17":"product_tag-roznati","18":"product_tag-srebro","19":"pa_horoskop-bik","20":"pa_horoskop-devica","21":"pa_horoskop-kozorog","22":"pa_horoskop-lev","23":"pa_horoskop-oven","24":"pa_horoskop-strelec","25":"pa_kamen-rozevec","26":"tm-has-options","28":"first","29":"onbackorder","30":"sale","31":"taxable","32":"shipping-taxable","33":"purchasable","34":"product-type-variable","35":"has-default-attributes"},"acf":[],"yoast_head":"<!-- This site is optimized with the Yoast SEO plugin v27.3 - https:\/\/yoast.com\/product\/yoast-seo-wordpress\/ -->\n<title>\u017denski prstan iz srebra FLOW, Ro\u017eevec in Beli Topaz<\/title>\n<meta name=\"description\" content=\"Prstan izdelan iz 925 srebra, z naravnim surovim kristalom ro\u017enati kremen in drobnimi belimi topazi. Seraphina - naravni kristali in poldragi kamni.\" \/>\n<meta name=\"robots\" content=\"index, follow, max-snippet:-1, max-image-preview:large, max-video-preview:-1\" \/>\n<link rel=\"canonical\" href=\"https:\/\/www.seraphina.si\/de\/p\/damenring-aus-sterlingsilber-mit-rosenquarz-und-weisem-topas-2\/\" \/>\n<meta property=\"og:locale\" content=\"de_DE\" \/>\n<meta property=\"og:type\" content=\"article\" \/>\n<meta property=\"og:title\" content=\"\u017denski prstan iz srebra FLOW, Ro\u017eevec in Beli Topaz\" \/>\n<meta property=\"og:description\" content=\"Prstan izdelan iz 925 srebra, z naravnim surovim kristalom ro\u017enati kremen in drobnimi belimi topazi. Seraphina - naravni kristali in poldragi kamni.\" \/>\n<meta property=\"og:url\" content=\"https:\/\/www.seraphina.si\/de\/p\/damenring-aus-sterlingsilber-mit-rosenquarz-und-weisem-topas-2\/\" \/>\n<meta property=\"og:site_name\" content=\"Seraphina\" \/>\n<meta property=\"article:publisher\" content=\"https:\/\/www.facebook.com\/seraphina.si\/\" \/>\n<meta property=\"article:modified_time\" content=\"2026-03-12T18:16:54+00:00\" \/>\n<meta property=\"og:image\" content=\"https:\/\/www.seraphina.si\/wp-content\/uploads\/2025\/04\/16.jpg\" \/>\n\t<meta property=\"og:image:width\" content=\"1080\" \/>\n\t<meta property=\"og:image:height\" content=\"1080\" \/>\n\t<meta property=\"og:image:type\" content=\"image\/jpeg\" \/>\n<script type=\"application\/ld+json\" class=\"yoast-schema-graph\">{\"@context\":\"https:\\\/\\\/schema.org\",\"@graph\":[{\"@type\":[\"WebPage\",\"CollectionPage\"],\"@id\":\"https:\\\/\\\/www.seraphina.si\\\/p\\\/zenski-prstan-iz-srebra-flow-rozevec-in-beli-topaz\\\/\",\"url\":\"https:\\\/\\\/www.seraphina.si\\\/p\\\/zenski-prstan-iz-srebra-flow-rozevec-in-beli-topaz\\\/\",\"name\":\"\u017denski prstan iz srebra FLOW, Ro\u017eevec in Beli Topaz\",\"isPartOf\":{\"@id\":\"https:\\\/\\\/www.seraphina.si\\\/#website\"},\"primaryImageOfPage\":{\"@id\":\"https:\\\/\\\/www.seraphina.si\\\/p\\\/zenski-prstan-iz-srebra-flow-rozevec-in-beli-topaz\\\/#primaryimage\"},\"image\":{\"@id\":\"https:\\\/\\\/www.seraphina.si\\\/p\\\/zenski-prstan-iz-srebra-flow-rozevec-in-beli-topaz\\\/#primaryimage\"},\"thumbnailUrl\":\"https:\\\/\\\/www.seraphina.si\\\/wp-content\\\/uploads\\\/2025\\\/04\\\/16.jpg\",\"datePublished\":\"2025-04-13T19:43:49+00:00\",\"dateModified\":\"2026-03-12T18:16:54+00:00\",\"description\":\"Prstan izdelan iz 925 srebra, z naravnim surovim kristalom ro\u017enati kremen in drobnimi belimi topazi. Seraphina - naravni kristali in poldragi kamni.\",\"breadcrumb\":{\"@id\":\"https:\\\/\\\/www.seraphina.si\\\/p\\\/zenski-prstan-iz-srebra-flow-rozevec-in-beli-topaz\\\/#breadcrumb\"},\"inLanguage\":\"de\"},{\"@type\":\"ImageObject\",\"inLanguage\":\"de\",\"@id\":\"https:\\\/\\\/www.seraphina.si\\\/p\\\/zenski-prstan-iz-srebra-flow-rozevec-in-beli-topaz\\\/#primaryimage\",\"url\":\"https:\\\/\\\/www.seraphina.si\\\/wp-content\\\/uploads\\\/2025\\\/04\\\/16.jpg\",\"contentUrl\":\"https:\\\/\\\/www.seraphina.si\\\/wp-content\\\/uploads\\\/2025\\\/04\\\/16.jpg\",\"width\":1080,\"height\":1080,\"caption\":\"\u017denski prstan iz srebra FLOW, Ro\u017enati kremen in Beli Topaz\"},{\"@type\":\"BreadcrumbList\",\"@id\":\"https:\\\/\\\/www.seraphina.si\\\/p\\\/zenski-prstan-iz-srebra-flow-rozevec-in-beli-topaz\\\/#breadcrumb\",\"itemListElement\":[{\"@type\":\"ListItem\",\"position\":1,\"name\":\"Home\",\"item\":\"https:\\\/\\\/www.seraphina.si\\\/\"},{\"@type\":\"ListItem\",\"position\":2,\"name\":\"Trgovina\",\"item\":\"https:\\\/\\\/www.seraphina.si\\\/trgovina\\\/\"},{\"@type\":\"ListItem\",\"position\":3,\"name\":\"\u017denski prstan iz srebra FLOW, Ro\u017eevec in Beli Topaz\"}]},{\"@type\":\"WebSite\",\"@id\":\"https:\\\/\\\/www.seraphina.si\\\/#website\",\"url\":\"https:\\\/\\\/www.seraphina.si\\\/\",\"name\":\"Unikatni nakit iz kristalov - Seraphina\",\"description\":\"Unikatni nakit kamen iz kristalov, srebrni prstani in veri\u017eice -\",\"publisher\":{\"@id\":\"https:\\\/\\\/www.seraphina.si\\\/#organization\"},\"alternateName\":\"Seraphina - Unikatni nakit iz kristalov\",\"potentialAction\":[{\"@type\":\"SearchAction\",\"target\":{\"@type\":\"EntryPoint\",\"urlTemplate\":\"https:\\\/\\\/www.seraphina.si\\\/?s={search_term_string}\"},\"query-input\":{\"@type\":\"PropertyValueSpecification\",\"valueRequired\":true,\"valueName\":\"search_term_string\"}}],\"inLanguage\":\"de\"},{\"@type\":\"Organization\",\"@id\":\"https:\\\/\\\/www.seraphina.si\\\/#organization\",\"name\":\"Nakit Seraphina\",\"alternateName\":\"Seraphina spletna trgovina z nakitom, kristali in minerali\",\"url\":\"https:\\\/\\\/www.seraphina.si\\\/\",\"logo\":{\"@type\":\"ImageObject\",\"inLanguage\":\"de\",\"@id\":\"https:\\\/\\\/www.seraphina.si\\\/#\\\/schema\\\/logo\\\/image\\\/\",\"url\":\"https:\\\/\\\/www.seraphina.si\\\/wp-content\\\/uploads\\\/2025\\\/03\\\/logo-seraphina-2025-1.svg\",\"contentUrl\":\"https:\\\/\\\/www.seraphina.si\\\/wp-content\\\/uploads\\\/2025\\\/03\\\/logo-seraphina-2025-1.svg\",\"width\":100,\"height\":100,\"caption\":\"Nakit Seraphina\"},\"image\":{\"@id\":\"https:\\\/\\\/www.seraphina.si\\\/#\\\/schema\\\/logo\\\/image\\\/\"},\"sameAs\":[\"https:\\\/\\\/www.facebook.com\\\/seraphina.si\\\/\",\"https:\\\/\\\/www.instagram.com\\\/seraphinas_gemstones\\\/\"]}]}<\/script>\n<!-- \/ Yoast SEO plugin. -->","yoast_head_json":{"title":"Damenring aus Sterlingsilber FLOW, Rosenquarz und wei\u00dfer Topas","description":"Ring aus 925er Sterlingsilber, mit nat\u00fcrlichem rohem Rosenquarzkristall und winzigen wei\u00dfen Topasen. Seraphina - nat\u00fcrliche Kristalle und Halbedelsteine.","robots":{"index":"index","follow":"follow","max-snippet":"max-snippet:-1","max-image-preview":"max-image-preview:large","max-video-preview":"max-video-preview:-1"},"canonical":"https:\/\/www.seraphina.si\/de\/p\/damenring-aus-sterlingsilber-mit-rosenquarz-und-weisem-topas-2\/","og_locale":"de_DE","og_type":"article","og_title":"\u017denski prstan iz srebra FLOW, Ro\u017eevec in Beli Topaz","og_description":"Prstan izdelan iz 925 srebra, z naravnim surovim kristalom ro\u017enati kremen in drobnimi belimi topazi. Seraphina - naravni kristali in poldragi kamni.","og_url":"https:\/\/www.seraphina.si\/de\/p\/damenring-aus-sterlingsilber-mit-rosenquarz-und-weisem-topas-2\/","og_site_name":"Seraphina","article_publisher":"https:\/\/www.facebook.com\/seraphina.si\/","article_modified_time":"2026-03-12T18:16:54+00:00","og_image":[{"width":1080,"height":1080,"url":"https:\/\/www.seraphina.si\/wp-content\/uploads\/2025\/04\/16.jpg","type":"image\/jpeg"}],"schema":{"@context":"https:\/\/schema.org","@graph":[{"@type":["WebPage","CollectionPage"],"@id":"https:\/\/www.seraphina.si\/p\/zenski-prstan-iz-srebra-flow-rozevec-in-beli-topaz\/","url":"https:\/\/www.seraphina.si\/p\/zenski-prstan-iz-srebra-flow-rozevec-in-beli-topaz\/","name":"Damenring aus Sterlingsilber FLOW, Rosenquarz und wei\u00dfer Topas","isPartOf":{"@id":"https:\/\/www.seraphina.si\/#website"},"primaryImageOfPage":{"@id":"https:\/\/www.seraphina.si\/p\/zenski-prstan-iz-srebra-flow-rozevec-in-beli-topaz\/#primaryimage"},"image":{"@id":"https:\/\/www.seraphina.si\/p\/zenski-prstan-iz-srebra-flow-rozevec-in-beli-topaz\/#primaryimage"},"thumbnailUrl":"https:\/\/www.seraphina.si\/wp-content\/uploads\/2025\/04\/16.jpg","datePublished":"2025-04-13T19:43:49+00:00","dateModified":"2026-03-12T18:16:54+00:00","description":"Ring aus 925er Sterlingsilber, mit nat\u00fcrlichem rohem Rosenquarzkristall und winzigen wei\u00dfen Topasen. Seraphina - nat\u00fcrliche Kristalle und Halbedelsteine.","breadcrumb":{"@id":"https:\/\/www.seraphina.si\/p\/zenski-prstan-iz-srebra-flow-rozevec-in-beli-topaz\/#breadcrumb"},"inLanguage":"de"},{"@type":"ImageObject","inLanguage":"de","@id":"https:\/\/www.seraphina.si\/p\/zenski-prstan-iz-srebra-flow-rozevec-in-beli-topaz\/#primaryimage","url":"https:\/\/www.seraphina.si\/wp-content\/uploads\/2025\/04\/16.jpg","contentUrl":"https:\/\/www.seraphina.si\/wp-content\/uploads\/2025\/04\/16.jpg","width":1080,"height":1080,"caption":"\u017denski prstan iz srebra FLOW, Ro\u017enati kremen in Beli Topaz"},{"@type":"BreadcrumbList","@id":"https:\/\/www.seraphina.si\/p\/zenski-prstan-iz-srebra-flow-rozevec-in-beli-topaz\/#breadcrumb","itemListElement":[{"@type":"ListItem","position":1,"name":"Home","item":"https:\/\/www.seraphina.si\/"},{"@type":"ListItem","position":2,"name":"Trgovina","item":"https:\/\/www.seraphina.si\/trgovina\/"},{"@type":"ListItem","position":3,"name":"\u017denski prstan iz srebra FLOW, Ro\u017eevec in Beli Topaz"}]},{"@type":"WebSite","@id":"https:\/\/www.seraphina.si\/#website","url":"https:\/\/www.seraphina.si\/","name":"Einzigartiger Kristallschmuck - Seraphina","description":"Einzigartiger Kristallsteinschmuck, Silberringe und Ketten -","publisher":{"@id":"https:\/\/www.seraphina.si\/#organization"},"alternateName":"Seraphina - Unikatni nakit iz kristalov","potentialAction":[{"@type":"SearchAction","target":{"@type":"EntryPoint","urlTemplate":"https:\/\/www.seraphina.si\/?s={search_term_string}"},"query-input":{"@type":"PropertyValueSpecification","valueRequired":true,"valueName":"search_term_string"}}],"inLanguage":"de"},{"@type":"Organization","@id":"https:\/\/www.seraphina.si\/#organization","name":"Nakit Seraphina","alternateName":"Seraphina spletna trgovina z nakitom, kristali in minerali","url":"https:\/\/www.seraphina.si\/","logo":{"@type":"ImageObject","inLanguage":"de","@id":"https:\/\/www.seraphina.si\/#\/schema\/logo\/image\/","url":"https:\/\/www.seraphina.si\/wp-content\/uploads\/2025\/03\/logo-seraphina-2025-1.svg","contentUrl":"https:\/\/www.seraphina.si\/wp-content\/uploads\/2025\/03\/logo-seraphina-2025-1.svg","width":100,"height":100,"caption":"Nakit Seraphina"},"image":{"@id":"https:\/\/www.seraphina.si\/#\/schema\/logo\/image\/"},"sameAs":["https:\/\/www.facebook.com\/seraphina.si\/","https:\/\/www.instagram.com\/seraphinas_gemstones\/"]}]}},"_links":{"self":[{"href":"https:\/\/www.seraphina.si\/de\/wp-json\/wp\/v2\/product\/20109","targetHints":{"allow":["GET"]}}],"collection":[{"href":"https:\/\/www.seraphina.si\/de\/wp-json\/wp\/v2\/product"}],"about":[{"href":"https:\/\/www.seraphina.si\/de\/wp-json\/wp\/v2\/types\/product"}],"wp:featuredmedia":[{"embeddable":true,"href":"https:\/\/www.seraphina.si\/de\/wp-json\/wp\/v2\/media\/20157"}],"wp:attachment":[{"href":"https:\/\/www.seraphina.si\/de\/wp-json\/wp\/v2\/media?parent=20109"}],"wp:term":[{"taxonomy":"horoskop","embeddable":true,"href":"https:\/\/www.seraphina.si\/de\/wp-json\/wp\/v2\/horoskop?post=20109"},{"taxonomy":"kamen","embeddable":true,"href":"https:\/\/www.seraphina.si\/de\/wp-json\/wp\/v2\/kamen?post=20109"},{"taxonomy":"kolekcija","embeddable":true,"href":"https:\/\/www.seraphina.si\/de\/wp-json\/wp\/v2\/kolekcija?post=20109"},{"taxonomy":"mesec","embeddable":true,"href":"https:\/\/www.seraphina.si\/de\/wp-json\/wp\/v2\/mesec?post=20109"},{"taxonomy":"product_brand","embeddable":true,"href":"https:\/\/www.seraphina.si\/de\/wp-json\/wp\/v2\/product_brand?post=20109"},{"taxonomy":"product_cat","embeddable":true,"href":"https:\/\/www.seraphina.si\/de\/wp-json\/wp\/v2\/product_cat?post=20109"},{"taxonomy":"product_tag","embeddable":true,"href":"https:\/\/www.seraphina.si\/de\/wp-json\/wp\/v2\/product_tag?post=20109"}],"curies":[{"name":"wp","href":"https:\/\/api.w.org\/{rel}","templated":true}]}}