{"id":1858,"date":"2023-02-07T16:12:19","date_gmt":"2023-02-07T16:12:19","guid":{"rendered":"https:\/\/www.seraphina.si\/?post_type=product&#038;p=1858"},"modified":"2026-03-17T10:57:26","modified_gmt":"2026-03-17T09:57:26","slug":"damenring-aus-silber-rohe-schonheit-kunzit","status":"publish","type":"product","link":"https:\/\/www.seraphina.si\/de\/p\/zenski-prstan-iz-srebra-raw-beauty-kunzit\/","title":{"rendered":"Damenring aus Sterlingsilber RAW BEAUTY, Kunzit"},"content":{"rendered":"<p>Ring aus 925er Sterlingsilber, mit rohem, nat\u00fcrlichem Kunzit-Kristall.<\/p>\n<p>Ker gre za naravne kristale se le ti med seboj razlikujejo po obliki in barvi. Slike prikazujejo razli\u010dne oblike in barvne odtenke dosedanjih modelov. \u010ce \u017eelite slike kristalov, ki so trenutno na voljo nam pi\u0161ite na info@seraphina.si, v nasprotnem primeru bo prstan izbran naklju\u010dno.<\/p>","protected":false},"excerpt":{"rendered":"<p>Ring aus 925er Sterlingsilber, mit rohem, nat\u00fcrlichem Kunzit. Kunzit wird mit Liebe, Hingabe und emotionaler Stabilit\u00e4t assoziiert. Er beseitigt Negativit\u00e4t, hilft emotionale Blockaden, Stress und Angst zu heilen, zieht Frieden und Harmonie an und f\u00f6rdert die Selbstliebe.<\/p>","protected":false},"featured_media":23129,"template":"","meta":{"_acf_changed":false,"inline_featured_image":false},"horoskop":[],"kamen":[682],"kolekcija":[722],"mesec":[600],"product_brand":[],"product_cat":[25,31,350,287,183],"product_tag":[21,62,24,52,33,22],"class_list":{"0":"post-1858","1":"product","2":"type-product","3":"status-publish","4":"has-post-thumbnail","6":"kamen-kunzit","7":"kolekcija-raw-beauty","8":"mesec-oktober","9":"product_cat-prstani","10":"product_cat-prstani-iz-srebra","11":"product_cat-prstani-s-surovimi-kamni","12":"product_cat-surovi-kristali-in-minerali","13":"product_cat-vsa-ponudba","14":"product_tag-kristal","15":"product_tag-kunzit","16":"product_tag-prstan","17":"product_tag-srebrni","18":"product_tag-srebro","19":"product_tag-surovi","20":"pa_horoskop-bik","21":"pa_horoskop-kozorog","22":"pa_horoskop-skorpijon","23":"pa_horoskop-strelec","24":"pa_horoskop-tehtnica","25":"pa_kamen-kunzit","26":"tm-has-options","28":"first","29":"instock","30":"taxable","31":"shipping-taxable","32":"purchasable","33":"product-type-variable"},"acf":[],"yoast_head":"<!-- This site is optimized with the Yoast SEO plugin v27.3 - https:\/\/yoast.com\/product\/yoast-seo-wordpress\/ -->\n<title>Seraphina - \u017denski prstan iz srebra RAW BEAUTY, Kunzit<\/title>\n<meta name=\"description\" content=\"Obesek izdelan iz 925 srebra, s surovim naravnim kristalom kunzit iz Brazilije. Velikost kristala pribli\u017eno 15-20 mm x 10 mm.\" \/>\n<meta name=\"robots\" content=\"index, follow, max-snippet:-1, max-image-preview:large, max-video-preview:-1\" \/>\n<link rel=\"canonical\" href=\"https:\/\/www.seraphina.si\/de\/p\/damenring-aus-silber-rohe-schonheit-kunzit\/\" \/>\n<meta property=\"og:locale\" content=\"de_DE\" \/>\n<meta property=\"og:type\" content=\"article\" \/>\n<meta property=\"og:title\" content=\"Seraphina - \u017denski prstan iz srebra RAW BEAUTY, Kunzit\" \/>\n<meta property=\"og:description\" content=\"Obesek izdelan iz 925 srebra, s surovim naravnim kristalom kunzit iz Brazilije. Velikost kristala pribli\u017eno 15-20 mm x 10 mm.\" \/>\n<meta property=\"og:url\" content=\"https:\/\/www.seraphina.si\/de\/p\/damenring-aus-silber-rohe-schonheit-kunzit\/\" \/>\n<meta property=\"og:site_name\" content=\"Seraphina\" \/>\n<meta property=\"article:publisher\" content=\"https:\/\/www.facebook.com\/seraphina.si\/\" \/>\n<meta property=\"article:modified_time\" content=\"2026-03-17T09:57:26+00:00\" \/>\n<meta property=\"og:image\" content=\"https:\/\/www.seraphina.si\/wp-content\/uploads\/2023\/02\/1-11.jpg\" \/>\n\t<meta property=\"og:image:width\" content=\"810\" \/>\n\t<meta property=\"og:image:height\" content=\"810\" \/>\n\t<meta property=\"og:image:type\" content=\"image\/jpeg\" \/>\n<script type=\"application\/ld+json\" class=\"yoast-schema-graph\">{\"@context\":\"https:\\\/\\\/schema.org\",\"@graph\":[{\"@type\":[\"WebPage\",\"CollectionPage\"],\"@id\":\"https:\\\/\\\/www.seraphina.si\\\/p\\\/zenski-prstan-iz-srebra-raw-beauty-kunzit\\\/\",\"url\":\"https:\\\/\\\/www.seraphina.si\\\/p\\\/zenski-prstan-iz-srebra-raw-beauty-kunzit\\\/\",\"name\":\"Seraphina - \u017denski prstan iz srebra RAW BEAUTY, Kunzit\",\"isPartOf\":{\"@id\":\"https:\\\/\\\/www.seraphina.si\\\/#website\"},\"primaryImageOfPage\":{\"@id\":\"https:\\\/\\\/www.seraphina.si\\\/p\\\/zenski-prstan-iz-srebra-raw-beauty-kunzit\\\/#primaryimage\"},\"image\":{\"@id\":\"https:\\\/\\\/www.seraphina.si\\\/p\\\/zenski-prstan-iz-srebra-raw-beauty-kunzit\\\/#primaryimage\"},\"thumbnailUrl\":\"https:\\\/\\\/www.seraphina.si\\\/wp-content\\\/uploads\\\/2023\\\/02\\\/1-11.jpg\",\"datePublished\":\"2023-02-07T16:12:19+00:00\",\"dateModified\":\"2026-03-17T09:57:26+00:00\",\"description\":\"Obesek izdelan iz 925 srebra, s surovim naravnim kristalom kunzit iz Brazilije. Velikost kristala pribli\u017eno 15-20 mm x 10 mm.\",\"breadcrumb\":{\"@id\":\"https:\\\/\\\/www.seraphina.si\\\/p\\\/zenski-prstan-iz-srebra-raw-beauty-kunzit\\\/#breadcrumb\"},\"inLanguage\":\"de\"},{\"@type\":\"ImageObject\",\"inLanguage\":\"de\",\"@id\":\"https:\\\/\\\/www.seraphina.si\\\/p\\\/zenski-prstan-iz-srebra-raw-beauty-kunzit\\\/#primaryimage\",\"url\":\"https:\\\/\\\/www.seraphina.si\\\/wp-content\\\/uploads\\\/2023\\\/02\\\/1-11.jpg\",\"contentUrl\":\"https:\\\/\\\/www.seraphina.si\\\/wp-content\\\/uploads\\\/2023\\\/02\\\/1-11.jpg\",\"width\":810,\"height\":810,\"caption\":\"\u017denski prstan iz srebra RAW BEAUTY, Kunzit\"},{\"@type\":\"BreadcrumbList\",\"@id\":\"https:\\\/\\\/www.seraphina.si\\\/p\\\/zenski-prstan-iz-srebra-raw-beauty-kunzit\\\/#breadcrumb\",\"itemListElement\":[{\"@type\":\"ListItem\",\"position\":1,\"name\":\"Home\",\"item\":\"https:\\\/\\\/www.seraphina.si\\\/\"},{\"@type\":\"ListItem\",\"position\":2,\"name\":\"Trgovina\",\"item\":\"https:\\\/\\\/www.seraphina.si\\\/trgovina\\\/\"},{\"@type\":\"ListItem\",\"position\":3,\"name\":\"\u017denski prstan iz srebra RAW BEAUTY, Kunzit\"}]},{\"@type\":\"WebSite\",\"@id\":\"https:\\\/\\\/www.seraphina.si\\\/#website\",\"url\":\"https:\\\/\\\/www.seraphina.si\\\/\",\"name\":\"Unikatni nakit iz kristalov - Seraphina\",\"description\":\"Unikatni nakit kamen iz kristalov, srebrni prstani in veri\u017eice -\",\"publisher\":{\"@id\":\"https:\\\/\\\/www.seraphina.si\\\/#organization\"},\"alternateName\":\"Seraphina - Unikatni nakit iz kristalov\",\"potentialAction\":[{\"@type\":\"SearchAction\",\"target\":{\"@type\":\"EntryPoint\",\"urlTemplate\":\"https:\\\/\\\/www.seraphina.si\\\/?s={search_term_string}\"},\"query-input\":{\"@type\":\"PropertyValueSpecification\",\"valueRequired\":true,\"valueName\":\"search_term_string\"}}],\"inLanguage\":\"de\"},{\"@type\":\"Organization\",\"@id\":\"https:\\\/\\\/www.seraphina.si\\\/#organization\",\"name\":\"Nakit Seraphina\",\"alternateName\":\"Seraphina spletna trgovina z nakitom, kristali in minerali\",\"url\":\"https:\\\/\\\/www.seraphina.si\\\/\",\"logo\":{\"@type\":\"ImageObject\",\"inLanguage\":\"de\",\"@id\":\"https:\\\/\\\/www.seraphina.si\\\/#\\\/schema\\\/logo\\\/image\\\/\",\"url\":\"https:\\\/\\\/www.seraphina.si\\\/wp-content\\\/uploads\\\/2025\\\/03\\\/logo-seraphina-2025-1.svg\",\"contentUrl\":\"https:\\\/\\\/www.seraphina.si\\\/wp-content\\\/uploads\\\/2025\\\/03\\\/logo-seraphina-2025-1.svg\",\"width\":100,\"height\":100,\"caption\":\"Nakit Seraphina\"},\"image\":{\"@id\":\"https:\\\/\\\/www.seraphina.si\\\/#\\\/schema\\\/logo\\\/image\\\/\"},\"sameAs\":[\"https:\\\/\\\/www.facebook.com\\\/seraphina.si\\\/\",\"https:\\\/\\\/www.instagram.com\\\/seraphinas_gemstones\\\/\"]}]}<\/script>\n<!-- \/ Yoast SEO plugin. -->","yoast_head_json":{"title":"Seraphina - Damenring aus Sterlingsilber RAW BEAUTY, Kunzit","description":"Anh\u00e4nger aus 925er Sterlingsilber mit einem rohen nat\u00fcrlichen Kunzit-Kristall aus Brasilien. Gr\u00f6\u00dfe des Kristalls: ca. 15-20 mm x 10 mm.","robots":{"index":"index","follow":"follow","max-snippet":"max-snippet:-1","max-image-preview":"max-image-preview:large","max-video-preview":"max-video-preview:-1"},"canonical":"https:\/\/www.seraphina.si\/de\/p\/damenring-aus-silber-rohe-schonheit-kunzit\/","og_locale":"de_DE","og_type":"article","og_title":"Seraphina - \u017denski prstan iz srebra RAW BEAUTY, Kunzit","og_description":"Obesek izdelan iz 925 srebra, s surovim naravnim kristalom kunzit iz Brazilije. Velikost kristala pribli\u017eno 15-20 mm x 10 mm.","og_url":"https:\/\/www.seraphina.si\/de\/p\/damenring-aus-silber-rohe-schonheit-kunzit\/","og_site_name":"Seraphina","article_publisher":"https:\/\/www.facebook.com\/seraphina.si\/","article_modified_time":"2026-03-17T09:57:26+00:00","og_image":[{"width":810,"height":810,"url":"https:\/\/www.seraphina.si\/wp-content\/uploads\/2023\/02\/1-11.jpg","type":"image\/jpeg"}],"schema":{"@context":"https:\/\/schema.org","@graph":[{"@type":["WebPage","CollectionPage"],"@id":"https:\/\/www.seraphina.si\/p\/zenski-prstan-iz-srebra-raw-beauty-kunzit\/","url":"https:\/\/www.seraphina.si\/p\/zenski-prstan-iz-srebra-raw-beauty-kunzit\/","name":"Seraphina - Damenring aus Sterlingsilber RAW BEAUTY, Kunzit","isPartOf":{"@id":"https:\/\/www.seraphina.si\/#website"},"primaryImageOfPage":{"@id":"https:\/\/www.seraphina.si\/p\/zenski-prstan-iz-srebra-raw-beauty-kunzit\/#primaryimage"},"image":{"@id":"https:\/\/www.seraphina.si\/p\/zenski-prstan-iz-srebra-raw-beauty-kunzit\/#primaryimage"},"thumbnailUrl":"https:\/\/www.seraphina.si\/wp-content\/uploads\/2023\/02\/1-11.jpg","datePublished":"2023-02-07T16:12:19+00:00","dateModified":"2026-03-17T09:57:26+00:00","description":"Anh\u00e4nger aus 925er Sterlingsilber mit einem rohen nat\u00fcrlichen Kunzit-Kristall aus Brasilien. Gr\u00f6\u00dfe des Kristalls: ca. 15-20 mm x 10 mm.","breadcrumb":{"@id":"https:\/\/www.seraphina.si\/p\/zenski-prstan-iz-srebra-raw-beauty-kunzit\/#breadcrumb"},"inLanguage":"de"},{"@type":"ImageObject","inLanguage":"de","@id":"https:\/\/www.seraphina.si\/p\/zenski-prstan-iz-srebra-raw-beauty-kunzit\/#primaryimage","url":"https:\/\/www.seraphina.si\/wp-content\/uploads\/2023\/02\/1-11.jpg","contentUrl":"https:\/\/www.seraphina.si\/wp-content\/uploads\/2023\/02\/1-11.jpg","width":810,"height":810,"caption":"\u017denski prstan iz srebra RAW BEAUTY, Kunzit"},{"@type":"BreadcrumbList","@id":"https:\/\/www.seraphina.si\/p\/zenski-prstan-iz-srebra-raw-beauty-kunzit\/#breadcrumb","itemListElement":[{"@type":"ListItem","position":1,"name":"Home","item":"https:\/\/www.seraphina.si\/"},{"@type":"ListItem","position":2,"name":"Trgovina","item":"https:\/\/www.seraphina.si\/trgovina\/"},{"@type":"ListItem","position":3,"name":"\u017denski prstan iz srebra RAW BEAUTY, Kunzit"}]},{"@type":"WebSite","@id":"https:\/\/www.seraphina.si\/#website","url":"https:\/\/www.seraphina.si\/","name":"Einzigartiger Kristallschmuck - Seraphina","description":"Einzigartiger Kristallsteinschmuck, Silberringe und Ketten -","publisher":{"@id":"https:\/\/www.seraphina.si\/#organization"},"alternateName":"Seraphina - Unikatni nakit iz kristalov","potentialAction":[{"@type":"SearchAction","target":{"@type":"EntryPoint","urlTemplate":"https:\/\/www.seraphina.si\/?s={search_term_string}"},"query-input":{"@type":"PropertyValueSpecification","valueRequired":true,"valueName":"search_term_string"}}],"inLanguage":"de"},{"@type":"Organization","@id":"https:\/\/www.seraphina.si\/#organization","name":"Nakit Seraphina","alternateName":"Seraphina spletna trgovina z nakitom, kristali in minerali","url":"https:\/\/www.seraphina.si\/","logo":{"@type":"ImageObject","inLanguage":"de","@id":"https:\/\/www.seraphina.si\/#\/schema\/logo\/image\/","url":"https:\/\/www.seraphina.si\/wp-content\/uploads\/2025\/03\/logo-seraphina-2025-1.svg","contentUrl":"https:\/\/www.seraphina.si\/wp-content\/uploads\/2025\/03\/logo-seraphina-2025-1.svg","width":100,"height":100,"caption":"Nakit Seraphina"},"image":{"@id":"https:\/\/www.seraphina.si\/#\/schema\/logo\/image\/"},"sameAs":["https:\/\/www.facebook.com\/seraphina.si\/","https:\/\/www.instagram.com\/seraphinas_gemstones\/"]}]}},"_links":{"self":[{"href":"https:\/\/www.seraphina.si\/de\/wp-json\/wp\/v2\/product\/1858","targetHints":{"allow":["GET"]}}],"collection":[{"href":"https:\/\/www.seraphina.si\/de\/wp-json\/wp\/v2\/product"}],"about":[{"href":"https:\/\/www.seraphina.si\/de\/wp-json\/wp\/v2\/types\/product"}],"wp:featuredmedia":[{"embeddable":true,"href":"https:\/\/www.seraphina.si\/de\/wp-json\/wp\/v2\/media\/23129"}],"wp:attachment":[{"href":"https:\/\/www.seraphina.si\/de\/wp-json\/wp\/v2\/media?parent=1858"}],"wp:term":[{"taxonomy":"horoskop","embeddable":true,"href":"https:\/\/www.seraphina.si\/de\/wp-json\/wp\/v2\/horoskop?post=1858"},{"taxonomy":"kamen","embeddable":true,"href":"https:\/\/www.seraphina.si\/de\/wp-json\/wp\/v2\/kamen?post=1858"},{"taxonomy":"kolekcija","embeddable":true,"href":"https:\/\/www.seraphina.si\/de\/wp-json\/wp\/v2\/kolekcija?post=1858"},{"taxonomy":"mesec","embeddable":true,"href":"https:\/\/www.seraphina.si\/de\/wp-json\/wp\/v2\/mesec?post=1858"},{"taxonomy":"product_brand","embeddable":true,"href":"https:\/\/www.seraphina.si\/de\/wp-json\/wp\/v2\/product_brand?post=1858"},{"taxonomy":"product_cat","embeddable":true,"href":"https:\/\/www.seraphina.si\/de\/wp-json\/wp\/v2\/product_cat?post=1858"},{"taxonomy":"product_tag","embeddable":true,"href":"https:\/\/www.seraphina.si\/de\/wp-json\/wp\/v2\/product_tag?post=1858"}],"curies":[{"name":"wp","href":"https:\/\/api.w.org\/{rel}","templated":true}]}}