{"id":18341,"date":"2025-01-17T20:39:40","date_gmt":"2025-01-17T19:39:40","guid":{"rendered":"https:\/\/www.seraphina.si\/?post_type=product&#038;p=18341"},"modified":"2025-12-15T20:53:09","modified_gmt":"2025-12-15T19:53:09","slug":"damen-anhanger-silber-bernstein-bernstein","status":"publish","type":"product","link":"https:\/\/www.seraphina.si\/de\/p\/zenski-obesek-iz-srebra-amber-jantar\/","title":{"rendered":"Damen-Anh\u00e4nger aus Silber AMBER, Bernstein"},"content":{"rendered":"<p>Einzigartiger Anh\u00e4nger aus 925er Sterlingsilber mit nat\u00fcrlichem Rohbernstein.<\/p>\n<p>Sie erhalten das Produkt auf dem Bild.<\/p>\n<p>Die Ma\u00dfe des Anh\u00e4ngers sind ungef\u00e4hr 3 cm x 2 cm.<\/p>\n<p>&nbsp;<\/p>","protected":false},"excerpt":{"rendered":"<p>Unikaten srebrn obesek s surovim naravnim jantarjem, ki se pogosto uporablja kot talisman za sre\u010do, za\u0161\u010dito in izbolj\u0161anje razpolo\u017eenja. Njegove tople, son\u010dne barve iz\u017earevajo ob\u010dutek varnosti, optimizma in veselja do \u017eivljenja. Pomaga pri premagovanju stresa, tesnobe in depresije, ter nas povezuje s prvinsko energijo Zemlje.<\/p>\n<p>&nbsp;<\/p>","protected":false},"featured_media":18344,"template":"","meta":{"_acf_changed":false,"inline_featured_image":false},"horoskop":[],"kamen":[675],"kolekcija":[722],"mesec":[],"product_brand":[],"product_cat":[28,27,373,287,183],"product_tag":[563,21,57,33],"class_list":{"0":"post-18341","1":"product","2":"type-product","3":"status-publish","4":"has-post-thumbnail","6":"kamen-jantar","7":"kolekcija-raw-beauty","8":"product_cat-obeski","9":"product_cat-obeski-in-verizice","10":"product_cat-obeski-s-surovimi-kamni","11":"product_cat-surovi-kristali-in-minerali","12":"product_cat-vsa-ponudba","13":"product_tag-jantar","14":"product_tag-kristal","15":"product_tag-obesek","16":"product_tag-srebro","17":"pa_horoskop-devica","18":"pa_horoskop-dvojcka","19":"pa_horoskop-lev","20":"pa_horoskop-rak","21":"pa_horoskop-vodnar","22":"pa_kamen-jantar","23":"tm-has-options","25":"first","26":"instock","27":"taxable","28":"shipping-taxable","29":"purchasable","30":"product-type-simple"},"acf":[],"yoast_head":"<!-- This site is optimized with the Yoast SEO plugin v27.3 - https:\/\/yoast.com\/product\/yoast-seo-wordpress\/ -->\n<title>\u017denski obesek iz srebra AMBER, Jantar<\/title>\n<meta name=\"description\" content=\"Unikaten srebrn obesek s surovim naravnim jantarjem, ki se pogosto uporablja kot talisman za sre\u010do, za\u0161\u010dito in izbolj\u0161anje razpolo\u017eenja. Seraphina - naravni kristali in minerali v nakitu.\" \/>\n<meta name=\"robots\" content=\"index, follow, max-snippet:-1, max-image-preview:large, max-video-preview:-1\" \/>\n<link rel=\"canonical\" href=\"https:\/\/www.seraphina.si\/de\/p\/damen-anhanger-silber-bernstein-bernstein\/\" \/>\n<meta property=\"og:locale\" content=\"de_DE\" \/>\n<meta property=\"og:type\" content=\"article\" \/>\n<meta property=\"og:title\" content=\"\u017denski obesek iz srebra AMBER, Jantar\" \/>\n<meta property=\"og:description\" content=\"Unikaten srebrn obesek s surovim naravnim jantarjem, ki se pogosto uporablja kot talisman za sre\u010do, za\u0161\u010dito in izbolj\u0161anje razpolo\u017eenja. Seraphina - naravni kristali in minerali v nakitu.\" \/>\n<meta property=\"og:url\" content=\"https:\/\/www.seraphina.si\/de\/p\/damen-anhanger-silber-bernstein-bernstein\/\" \/>\n<meta property=\"og:site_name\" content=\"Seraphina\" \/>\n<meta property=\"article:publisher\" content=\"https:\/\/www.facebook.com\/seraphina.si\/\" \/>\n<meta property=\"article:modified_time\" content=\"2025-12-15T19:53:09+00:00\" \/>\n<meta property=\"og:image\" content=\"https:\/\/www.seraphina.si\/wp-content\/uploads\/2025\/01\/amb-1-27-1.jpg\" \/>\n\t<meta property=\"og:image:width\" content=\"800\" \/>\n\t<meta property=\"og:image:height\" content=\"800\" \/>\n\t<meta property=\"og:image:type\" content=\"image\/jpeg\" \/>\n<script type=\"application\/ld+json\" class=\"yoast-schema-graph\">{\"@context\":\"https:\\\/\\\/schema.org\",\"@graph\":[{\"@type\":[\"WebPage\",\"CollectionPage\"],\"@id\":\"https:\\\/\\\/www.seraphina.si\\\/p\\\/zenski-obesek-iz-srebra-amber-jantar\\\/\",\"url\":\"https:\\\/\\\/www.seraphina.si\\\/p\\\/zenski-obesek-iz-srebra-amber-jantar\\\/\",\"name\":\"\u017denski obesek iz srebra AMBER, Jantar\",\"isPartOf\":{\"@id\":\"https:\\\/\\\/www.seraphina.si\\\/#website\"},\"primaryImageOfPage\":{\"@id\":\"https:\\\/\\\/www.seraphina.si\\\/p\\\/zenski-obesek-iz-srebra-amber-jantar\\\/#primaryimage\"},\"image\":{\"@id\":\"https:\\\/\\\/www.seraphina.si\\\/p\\\/zenski-obesek-iz-srebra-amber-jantar\\\/#primaryimage\"},\"thumbnailUrl\":\"https:\\\/\\\/www.seraphina.si\\\/wp-content\\\/uploads\\\/2025\\\/01\\\/amb-1-27-1.jpg\",\"datePublished\":\"2025-01-17T19:39:40+00:00\",\"dateModified\":\"2025-12-15T19:53:09+00:00\",\"description\":\"Unikaten srebrn obesek s surovim naravnim jantarjem, ki se pogosto uporablja kot talisman za sre\u010do, za\u0161\u010dito in izbolj\u0161anje razpolo\u017eenja. Seraphina - naravni kristali in minerali v nakitu.\",\"breadcrumb\":{\"@id\":\"https:\\\/\\\/www.seraphina.si\\\/p\\\/zenski-obesek-iz-srebra-amber-jantar\\\/#breadcrumb\"},\"inLanguage\":\"de\"},{\"@type\":\"ImageObject\",\"inLanguage\":\"de\",\"@id\":\"https:\\\/\\\/www.seraphina.si\\\/p\\\/zenski-obesek-iz-srebra-amber-jantar\\\/#primaryimage\",\"url\":\"https:\\\/\\\/www.seraphina.si\\\/wp-content\\\/uploads\\\/2025\\\/01\\\/amb-1-27-1.jpg\",\"contentUrl\":\"https:\\\/\\\/www.seraphina.si\\\/wp-content\\\/uploads\\\/2025\\\/01\\\/amb-1-27-1.jpg\",\"width\":800,\"height\":800,\"caption\":\"\u017denski obesek iz srebra AMBER, Jantar\"},{\"@type\":\"BreadcrumbList\",\"@id\":\"https:\\\/\\\/www.seraphina.si\\\/p\\\/zenski-obesek-iz-srebra-amber-jantar\\\/#breadcrumb\",\"itemListElement\":[{\"@type\":\"ListItem\",\"position\":1,\"name\":\"Home\",\"item\":\"https:\\\/\\\/www.seraphina.si\\\/\"},{\"@type\":\"ListItem\",\"position\":2,\"name\":\"Trgovina\",\"item\":\"https:\\\/\\\/www.seraphina.si\\\/trgovina\\\/\"},{\"@type\":\"ListItem\",\"position\":3,\"name\":\"\u017denski obesek iz srebra AMBER, Jantar\"}]},{\"@type\":\"WebSite\",\"@id\":\"https:\\\/\\\/www.seraphina.si\\\/#website\",\"url\":\"https:\\\/\\\/www.seraphina.si\\\/\",\"name\":\"Unikatni nakit iz kristalov - Seraphina\",\"description\":\"Unikatni nakit kamen iz kristalov, srebrni prstani in veri\u017eice -\",\"publisher\":{\"@id\":\"https:\\\/\\\/www.seraphina.si\\\/#organization\"},\"alternateName\":\"Seraphina - Unikatni nakit iz kristalov\",\"potentialAction\":[{\"@type\":\"SearchAction\",\"target\":{\"@type\":\"EntryPoint\",\"urlTemplate\":\"https:\\\/\\\/www.seraphina.si\\\/?s={search_term_string}\"},\"query-input\":{\"@type\":\"PropertyValueSpecification\",\"valueRequired\":true,\"valueName\":\"search_term_string\"}}],\"inLanguage\":\"de\"},{\"@type\":\"Organization\",\"@id\":\"https:\\\/\\\/www.seraphina.si\\\/#organization\",\"name\":\"Nakit Seraphina\",\"alternateName\":\"Seraphina spletna trgovina z nakitom, kristali in minerali\",\"url\":\"https:\\\/\\\/www.seraphina.si\\\/\",\"logo\":{\"@type\":\"ImageObject\",\"inLanguage\":\"de\",\"@id\":\"https:\\\/\\\/www.seraphina.si\\\/#\\\/schema\\\/logo\\\/image\\\/\",\"url\":\"https:\\\/\\\/www.seraphina.si\\\/wp-content\\\/uploads\\\/2025\\\/03\\\/logo-seraphina-2025-1.svg\",\"contentUrl\":\"https:\\\/\\\/www.seraphina.si\\\/wp-content\\\/uploads\\\/2025\\\/03\\\/logo-seraphina-2025-1.svg\",\"width\":100,\"height\":100,\"caption\":\"Nakit Seraphina\"},\"image\":{\"@id\":\"https:\\\/\\\/www.seraphina.si\\\/#\\\/schema\\\/logo\\\/image\\\/\"},\"sameAs\":[\"https:\\\/\\\/www.facebook.com\\\/seraphina.si\\\/\",\"https:\\\/\\\/www.instagram.com\\\/seraphinas_gemstones\\\/\"]}]}<\/script>\n<!-- \/ Yoast SEO plugin. -->","yoast_head_json":{"title":"Damen-Anh\u00e4nger aus Silber AMBER, Bernstein","description":"Unikaten srebrn obesek s surovim naravnim jantarjem, ki se pogosto uporablja kot talisman za sre\u010do, za\u0161\u010dito in izbolj\u0161anje razpolo\u017eenja. Seraphina - naravni kristali in minerali v nakitu.","robots":{"index":"index","follow":"follow","max-snippet":"max-snippet:-1","max-image-preview":"max-image-preview:large","max-video-preview":"max-video-preview:-1"},"canonical":"https:\/\/www.seraphina.si\/de\/p\/damen-anhanger-silber-bernstein-bernstein\/","og_locale":"de_DE","og_type":"article","og_title":"\u017denski obesek iz srebra AMBER, Jantar","og_description":"Unikaten srebrn obesek s surovim naravnim jantarjem, ki se pogosto uporablja kot talisman za sre\u010do, za\u0161\u010dito in izbolj\u0161anje razpolo\u017eenja. Seraphina - naravni kristali in minerali v nakitu.","og_url":"https:\/\/www.seraphina.si\/de\/p\/damen-anhanger-silber-bernstein-bernstein\/","og_site_name":"Seraphina","article_publisher":"https:\/\/www.facebook.com\/seraphina.si\/","article_modified_time":"2025-12-15T19:53:09+00:00","og_image":[{"width":800,"height":800,"url":"https:\/\/www.seraphina.si\/wp-content\/uploads\/2025\/01\/amb-1-27-1.jpg","type":"image\/jpeg"}],"schema":{"@context":"https:\/\/schema.org","@graph":[{"@type":["WebPage","CollectionPage"],"@id":"https:\/\/www.seraphina.si\/p\/zenski-obesek-iz-srebra-amber-jantar\/","url":"https:\/\/www.seraphina.si\/p\/zenski-obesek-iz-srebra-amber-jantar\/","name":"Damen-Anh\u00e4nger aus Silber AMBER, Bernstein","isPartOf":{"@id":"https:\/\/www.seraphina.si\/#website"},"primaryImageOfPage":{"@id":"https:\/\/www.seraphina.si\/p\/zenski-obesek-iz-srebra-amber-jantar\/#primaryimage"},"image":{"@id":"https:\/\/www.seraphina.si\/p\/zenski-obesek-iz-srebra-amber-jantar\/#primaryimage"},"thumbnailUrl":"https:\/\/www.seraphina.si\/wp-content\/uploads\/2025\/01\/amb-1-27-1.jpg","datePublished":"2025-01-17T19:39:40+00:00","dateModified":"2025-12-15T19:53:09+00:00","description":"Unikaten srebrn obesek s surovim naravnim jantarjem, ki se pogosto uporablja kot talisman za sre\u010do, za\u0161\u010dito in izbolj\u0161anje razpolo\u017eenja. Seraphina - naravni kristali in minerali v nakitu.","breadcrumb":{"@id":"https:\/\/www.seraphina.si\/p\/zenski-obesek-iz-srebra-amber-jantar\/#breadcrumb"},"inLanguage":"de"},{"@type":"ImageObject","inLanguage":"de","@id":"https:\/\/www.seraphina.si\/p\/zenski-obesek-iz-srebra-amber-jantar\/#primaryimage","url":"https:\/\/www.seraphina.si\/wp-content\/uploads\/2025\/01\/amb-1-27-1.jpg","contentUrl":"https:\/\/www.seraphina.si\/wp-content\/uploads\/2025\/01\/amb-1-27-1.jpg","width":800,"height":800,"caption":"\u017denski obesek iz srebra AMBER, Jantar"},{"@type":"BreadcrumbList","@id":"https:\/\/www.seraphina.si\/p\/zenski-obesek-iz-srebra-amber-jantar\/#breadcrumb","itemListElement":[{"@type":"ListItem","position":1,"name":"Home","item":"https:\/\/www.seraphina.si\/"},{"@type":"ListItem","position":2,"name":"Trgovina","item":"https:\/\/www.seraphina.si\/trgovina\/"},{"@type":"ListItem","position":3,"name":"\u017denski obesek iz srebra AMBER, Jantar"}]},{"@type":"WebSite","@id":"https:\/\/www.seraphina.si\/#website","url":"https:\/\/www.seraphina.si\/","name":"Einzigartiger Kristallschmuck - Seraphina","description":"Einzigartiger Kristallsteinschmuck, Silberringe und Ketten -","publisher":{"@id":"https:\/\/www.seraphina.si\/#organization"},"alternateName":"Seraphina - Unikatni nakit iz kristalov","potentialAction":[{"@type":"SearchAction","target":{"@type":"EntryPoint","urlTemplate":"https:\/\/www.seraphina.si\/?s={search_term_string}"},"query-input":{"@type":"PropertyValueSpecification","valueRequired":true,"valueName":"search_term_string"}}],"inLanguage":"de"},{"@type":"Organization","@id":"https:\/\/www.seraphina.si\/#organization","name":"Nakit Seraphina","alternateName":"Seraphina spletna trgovina z nakitom, kristali in minerali","url":"https:\/\/www.seraphina.si\/","logo":{"@type":"ImageObject","inLanguage":"de","@id":"https:\/\/www.seraphina.si\/#\/schema\/logo\/image\/","url":"https:\/\/www.seraphina.si\/wp-content\/uploads\/2025\/03\/logo-seraphina-2025-1.svg","contentUrl":"https:\/\/www.seraphina.si\/wp-content\/uploads\/2025\/03\/logo-seraphina-2025-1.svg","width":100,"height":100,"caption":"Nakit Seraphina"},"image":{"@id":"https:\/\/www.seraphina.si\/#\/schema\/logo\/image\/"},"sameAs":["https:\/\/www.facebook.com\/seraphina.si\/","https:\/\/www.instagram.com\/seraphinas_gemstones\/"]}]}},"_links":{"self":[{"href":"https:\/\/www.seraphina.si\/de\/wp-json\/wp\/v2\/product\/18341","targetHints":{"allow":["GET"]}}],"collection":[{"href":"https:\/\/www.seraphina.si\/de\/wp-json\/wp\/v2\/product"}],"about":[{"href":"https:\/\/www.seraphina.si\/de\/wp-json\/wp\/v2\/types\/product"}],"wp:featuredmedia":[{"embeddable":true,"href":"https:\/\/www.seraphina.si\/de\/wp-json\/wp\/v2\/media\/18344"}],"wp:attachment":[{"href":"https:\/\/www.seraphina.si\/de\/wp-json\/wp\/v2\/media?parent=18341"}],"wp:term":[{"taxonomy":"horoskop","embeddable":true,"href":"https:\/\/www.seraphina.si\/de\/wp-json\/wp\/v2\/horoskop?post=18341"},{"taxonomy":"kamen","embeddable":true,"href":"https:\/\/www.seraphina.si\/de\/wp-json\/wp\/v2\/kamen?post=18341"},{"taxonomy":"kolekcija","embeddable":true,"href":"https:\/\/www.seraphina.si\/de\/wp-json\/wp\/v2\/kolekcija?post=18341"},{"taxonomy":"mesec","embeddable":true,"href":"https:\/\/www.seraphina.si\/de\/wp-json\/wp\/v2\/mesec?post=18341"},{"taxonomy":"product_brand","embeddable":true,"href":"https:\/\/www.seraphina.si\/de\/wp-json\/wp\/v2\/product_brand?post=18341"},{"taxonomy":"product_cat","embeddable":true,"href":"https:\/\/www.seraphina.si\/de\/wp-json\/wp\/v2\/product_cat?post=18341"},{"taxonomy":"product_tag","embeddable":true,"href":"https:\/\/www.seraphina.si\/de\/wp-json\/wp\/v2\/product_tag?post=18341"}],"curies":[{"name":"wp","href":"https:\/\/api.w.org\/{rel}","templated":true}]}}