{"id":1754,"date":"2023-03-22T21:03:23","date_gmt":"2023-03-22T21:03:23","guid":{"rendered":"https:\/\/www.seraphina.si\/?post_type=product&#038;p=1754"},"modified":"2026-03-16T18:37:07","modified_gmt":"2026-03-16T17:37:07","slug":"zenski-prstan-iz-srebra-villa-rozevec-in-beli-topaz","status":"publish","type":"product","link":"https:\/\/www.seraphina.si\/de\/p\/zenski-prstan-iz-srebra-villa-rozevec-in-beli-topaz\/","title":{"rendered":"\u017denski prstan iz srebra VILLA, Ro\u017eevec in Beli Topaz"},"content":{"rendered":"<p>Prstan izdelan iz 925 srebra, z naravnim bru\u0161enim ro\u017enatim kremenom (ro\u017eevcem) in belimi topazi.<\/p>\n<p>Erh\u00e4ltlich in 3 Versionen:<\/p>\n<ul>\n<li>Sterlingsilber<\/li>\n<li>Sterlingsilber 925 + rhodiniert<\/li>\n<li>925 Silber + 750\/1000 Gold (18 Karat), 2,5 Mikrometer dick.<\/li>\n<\/ul>\n<p>Der Kristall ist 6 mm x 4 mm gro\u00df.<\/p>\n<p>Ker gre za naravne kristale se le ti med seboj malenkost razlikujejo po barvi (svetlej\u0161a \u2013 temnej\u0161a roza), prav tako lahko vsebujejo vklju\u010dke. Slike prikazujejo tako posamezen prstan kot tudi nekatere izmed mo\u017enih kombinacij razli\u010dnih modelov prstanov.<\/p>","protected":false},"excerpt":{"rendered":"<p>Prstan izdelan iz 925 srebra, z naravnim bru\u0161enim ro\u017enatim kremenom (ro\u017eevcem) in belimi topazi, ki ki simbolizira univerzalno ljubezen in so\u010dutje. Ro\u017eevec neguje sr\u010dno \u010dakro, prina\u0161a zadovoljstvo, veselje in pomaga zaceliti stare \u010dustvene rane. Na voljo v 3 razli\u010dicah: srebro 925, srebro s prevleko iz rodija in srebro 925 s pozlato \u010distine 750\/1000 (18 karatov).<\/p>","protected":false},"featured_media":21271,"template":"","meta":{"_acf_changed":false,"inline_featured_image":false},"horoskop":[],"kamen":[700],"kolekcija":[721],"mesec":[],"product_brand":[],"product_cat":[289,25,31,349,183],"product_tag":[98,21,24,244,97,33],"class_list":{"0":"post-1754","1":"product","2":"type-product","3":"status-publish","4":"has-post-thumbnail","6":"kamen-rozevec-ali-roznati-kremen","7":"kolekcija-basic","8":"product_cat-bruseni-kristali-in-minerali","9":"product_cat-prstani","10":"product_cat-prstani-iz-srebra","11":"product_cat-prstani-z-brusenimi-kamni","12":"product_cat-vsa-ponudba","13":"product_tag-kremen","14":"product_tag-kristal","15":"product_tag-prstan","16":"product_tag-rose-quartz","17":"product_tag-roznati","18":"product_tag-srebro","19":"pa_horoskop-bik","20":"pa_horoskop-devica","21":"pa_horoskop-kozorog","22":"pa_horoskop-lev","23":"pa_horoskop-oven","24":"pa_horoskop-strelec","25":"pa_kamen-rozevec","26":"tm-has-options","28":"first","29":"instock","30":"taxable","31":"shipping-taxable","32":"purchasable","33":"product-type-variable","34":"has-default-attributes"},"acf":[],"yoast_head":"<!-- This site is optimized with the Yoast SEO plugin v27.3 - https:\/\/yoast.com\/product\/yoast-seo-wordpress\/ -->\n<title>Seraphina \u017denski prstan iz srebra VILLA, Ro\u017eevec in Beli Topaz<\/title>\n<meta name=\"description\" content=\"Prstan izdelan iz 925 srebra, z naravnim bru\u0161enim ro\u017enatim kremenom (ro\u017eevcem) in belimi topazi. Seraphina - nakit iz naravnih kristalov in poldragih\/dragih kamnov.\" \/>\n<meta name=\"robots\" content=\"index, follow, max-snippet:-1, max-image-preview:large, max-video-preview:-1\" \/>\n<link rel=\"canonical\" href=\"https:\/\/www.seraphina.si\/de\/p\/zenski-prstan-iz-srebra-villa-rozevec-in-beli-topaz\/\" \/>\n<meta property=\"og:locale\" content=\"de_DE\" \/>\n<meta property=\"og:type\" content=\"article\" \/>\n<meta property=\"og:title\" content=\"Seraphina \u017denski prstan iz srebra VILLA, Ro\u017eevec in Beli Topaz\" \/>\n<meta property=\"og:description\" content=\"Prstan izdelan iz 925 srebra, z naravnim bru\u0161enim ro\u017enatim kremenom (ro\u017eevcem) in belimi topazi. Seraphina - nakit iz naravnih kristalov in poldragih\/dragih kamnov.\" \/>\n<meta property=\"og:url\" content=\"https:\/\/www.seraphina.si\/de\/p\/zenski-prstan-iz-srebra-villa-rozevec-in-beli-topaz\/\" \/>\n<meta property=\"og:site_name\" content=\"Seraphina\" \/>\n<meta property=\"article:publisher\" content=\"https:\/\/www.facebook.com\/seraphina.si\/\" \/>\n<meta property=\"article:modified_time\" content=\"2026-03-16T17:37:07+00:00\" \/>\n<meta property=\"og:image\" content=\"https:\/\/www.seraphina.si\/wp-content\/uploads\/2022\/10\/1-8.jpg\" \/>\n\t<meta property=\"og:image:width\" content=\"1080\" \/>\n\t<meta property=\"og:image:height\" content=\"1080\" \/>\n\t<meta property=\"og:image:type\" content=\"image\/jpeg\" \/>\n<script type=\"application\/ld+json\" class=\"yoast-schema-graph\">{\"@context\":\"https:\\\/\\\/schema.org\",\"@graph\":[{\"@type\":[\"WebPage\",\"CollectionPage\"],\"@id\":\"https:\\\/\\\/www.seraphina.si\\\/p\\\/zenski-prstan-iz-srebra-villa-rozevec-in-beli-topaz\\\/\",\"url\":\"https:\\\/\\\/www.seraphina.si\\\/p\\\/zenski-prstan-iz-srebra-villa-rozevec-in-beli-topaz\\\/\",\"name\":\"Seraphina \u017denski prstan iz srebra VILLA, Ro\u017eevec in Beli Topaz\",\"isPartOf\":{\"@id\":\"https:\\\/\\\/www.seraphina.si\\\/#website\"},\"primaryImageOfPage\":{\"@id\":\"https:\\\/\\\/www.seraphina.si\\\/p\\\/zenski-prstan-iz-srebra-villa-rozevec-in-beli-topaz\\\/#primaryimage\"},\"image\":{\"@id\":\"https:\\\/\\\/www.seraphina.si\\\/p\\\/zenski-prstan-iz-srebra-villa-rozevec-in-beli-topaz\\\/#primaryimage\"},\"thumbnailUrl\":\"https:\\\/\\\/www.seraphina.si\\\/wp-content\\\/uploads\\\/2022\\\/10\\\/1-8.jpg\",\"datePublished\":\"2023-03-22T21:03:23+00:00\",\"dateModified\":\"2026-03-16T17:37:07+00:00\",\"description\":\"Prstan izdelan iz 925 srebra, z naravnim bru\u0161enim ro\u017enatim kremenom (ro\u017eevcem) in belimi topazi. Seraphina - nakit iz naravnih kristalov in poldragih\\\/dragih kamnov.\",\"breadcrumb\":{\"@id\":\"https:\\\/\\\/www.seraphina.si\\\/p\\\/zenski-prstan-iz-srebra-villa-rozevec-in-beli-topaz\\\/#breadcrumb\"},\"inLanguage\":\"de\"},{\"@type\":\"ImageObject\",\"inLanguage\":\"de\",\"@id\":\"https:\\\/\\\/www.seraphina.si\\\/p\\\/zenski-prstan-iz-srebra-villa-rozevec-in-beli-topaz\\\/#primaryimage\",\"url\":\"https:\\\/\\\/www.seraphina.si\\\/wp-content\\\/uploads\\\/2022\\\/10\\\/1-8.jpg\",\"contentUrl\":\"https:\\\/\\\/www.seraphina.si\\\/wp-content\\\/uploads\\\/2022\\\/10\\\/1-8.jpg\",\"width\":1080,\"height\":1080,\"caption\":\"\u017denski prstan iz srebra VILLA, Ro\u017eevec in Beli Topaz\"},{\"@type\":\"BreadcrumbList\",\"@id\":\"https:\\\/\\\/www.seraphina.si\\\/p\\\/zenski-prstan-iz-srebra-villa-rozevec-in-beli-topaz\\\/#breadcrumb\",\"itemListElement\":[{\"@type\":\"ListItem\",\"position\":1,\"name\":\"Home\",\"item\":\"https:\\\/\\\/www.seraphina.si\\\/\"},{\"@type\":\"ListItem\",\"position\":2,\"name\":\"Trgovina\",\"item\":\"https:\\\/\\\/www.seraphina.si\\\/trgovina\\\/\"},{\"@type\":\"ListItem\",\"position\":3,\"name\":\"\u017denski prstan iz srebra VILLA, Ro\u017eevec in Beli Topaz\"}]},{\"@type\":\"WebSite\",\"@id\":\"https:\\\/\\\/www.seraphina.si\\\/#website\",\"url\":\"https:\\\/\\\/www.seraphina.si\\\/\",\"name\":\"Unikatni nakit iz kristalov - Seraphina\",\"description\":\"Unikatni nakit kamen iz kristalov, srebrni prstani in veri\u017eice -\",\"publisher\":{\"@id\":\"https:\\\/\\\/www.seraphina.si\\\/#organization\"},\"alternateName\":\"Seraphina - Unikatni nakit iz kristalov\",\"potentialAction\":[{\"@type\":\"SearchAction\",\"target\":{\"@type\":\"EntryPoint\",\"urlTemplate\":\"https:\\\/\\\/www.seraphina.si\\\/?s={search_term_string}\"},\"query-input\":{\"@type\":\"PropertyValueSpecification\",\"valueRequired\":true,\"valueName\":\"search_term_string\"}}],\"inLanguage\":\"de\"},{\"@type\":\"Organization\",\"@id\":\"https:\\\/\\\/www.seraphina.si\\\/#organization\",\"name\":\"Nakit Seraphina\",\"alternateName\":\"Seraphina spletna trgovina z nakitom, kristali in minerali\",\"url\":\"https:\\\/\\\/www.seraphina.si\\\/\",\"logo\":{\"@type\":\"ImageObject\",\"inLanguage\":\"de\",\"@id\":\"https:\\\/\\\/www.seraphina.si\\\/#\\\/schema\\\/logo\\\/image\\\/\",\"url\":\"https:\\\/\\\/www.seraphina.si\\\/wp-content\\\/uploads\\\/2025\\\/03\\\/logo-seraphina-2025-1.svg\",\"contentUrl\":\"https:\\\/\\\/www.seraphina.si\\\/wp-content\\\/uploads\\\/2025\\\/03\\\/logo-seraphina-2025-1.svg\",\"width\":100,\"height\":100,\"caption\":\"Nakit Seraphina\"},\"image\":{\"@id\":\"https:\\\/\\\/www.seraphina.si\\\/#\\\/schema\\\/logo\\\/image\\\/\"},\"sameAs\":[\"https:\\\/\\\/www.facebook.com\\\/seraphina.si\\\/\",\"https:\\\/\\\/www.instagram.com\\\/seraphinas_gemstones\\\/\"]}]}<\/script>\n<!-- \/ Yoast SEO plugin. -->","yoast_head_json":{"title":"Seraphina \u017denski prstan iz srebra VILLA, Ro\u017eevec in Beli Topaz","description":"Prstan izdelan iz 925 srebra, z naravnim bru\u0161enim ro\u017enatim kremenom (ro\u017eevcem) in belimi topazi. Seraphina - nakit iz naravnih kristalov in poldragih\/dragih kamnov.","robots":{"index":"index","follow":"follow","max-snippet":"max-snippet:-1","max-image-preview":"max-image-preview:large","max-video-preview":"max-video-preview:-1"},"canonical":"https:\/\/www.seraphina.si\/de\/p\/zenski-prstan-iz-srebra-villa-rozevec-in-beli-topaz\/","og_locale":"de_DE","og_type":"article","og_title":"Seraphina \u017denski prstan iz srebra VILLA, Ro\u017eevec in Beli Topaz","og_description":"Prstan izdelan iz 925 srebra, z naravnim bru\u0161enim ro\u017enatim kremenom (ro\u017eevcem) in belimi topazi. Seraphina - nakit iz naravnih kristalov in poldragih\/dragih kamnov.","og_url":"https:\/\/www.seraphina.si\/de\/p\/zenski-prstan-iz-srebra-villa-rozevec-in-beli-topaz\/","og_site_name":"Seraphina","article_publisher":"https:\/\/www.facebook.com\/seraphina.si\/","article_modified_time":"2026-03-16T17:37:07+00:00","og_image":[{"width":1080,"height":1080,"url":"https:\/\/www.seraphina.si\/wp-content\/uploads\/2022\/10\/1-8.jpg","type":"image\/jpeg"}],"schema":{"@context":"https:\/\/schema.org","@graph":[{"@type":["WebPage","CollectionPage"],"@id":"https:\/\/www.seraphina.si\/p\/zenski-prstan-iz-srebra-villa-rozevec-in-beli-topaz\/","url":"https:\/\/www.seraphina.si\/p\/zenski-prstan-iz-srebra-villa-rozevec-in-beli-topaz\/","name":"Seraphina \u017denski prstan iz srebra VILLA, Ro\u017eevec in Beli Topaz","isPartOf":{"@id":"https:\/\/www.seraphina.si\/#website"},"primaryImageOfPage":{"@id":"https:\/\/www.seraphina.si\/p\/zenski-prstan-iz-srebra-villa-rozevec-in-beli-topaz\/#primaryimage"},"image":{"@id":"https:\/\/www.seraphina.si\/p\/zenski-prstan-iz-srebra-villa-rozevec-in-beli-topaz\/#primaryimage"},"thumbnailUrl":"https:\/\/www.seraphina.si\/wp-content\/uploads\/2022\/10\/1-8.jpg","datePublished":"2023-03-22T21:03:23+00:00","dateModified":"2026-03-16T17:37:07+00:00","description":"Prstan izdelan iz 925 srebra, z naravnim bru\u0161enim ro\u017enatim kremenom (ro\u017eevcem) in belimi topazi. Seraphina - nakit iz naravnih kristalov in poldragih\/dragih kamnov.","breadcrumb":{"@id":"https:\/\/www.seraphina.si\/p\/zenski-prstan-iz-srebra-villa-rozevec-in-beli-topaz\/#breadcrumb"},"inLanguage":"de"},{"@type":"ImageObject","inLanguage":"de","@id":"https:\/\/www.seraphina.si\/p\/zenski-prstan-iz-srebra-villa-rozevec-in-beli-topaz\/#primaryimage","url":"https:\/\/www.seraphina.si\/wp-content\/uploads\/2022\/10\/1-8.jpg","contentUrl":"https:\/\/www.seraphina.si\/wp-content\/uploads\/2022\/10\/1-8.jpg","width":1080,"height":1080,"caption":"\u017denski prstan iz srebra VILLA, Ro\u017eevec in Beli Topaz"},{"@type":"BreadcrumbList","@id":"https:\/\/www.seraphina.si\/p\/zenski-prstan-iz-srebra-villa-rozevec-in-beli-topaz\/#breadcrumb","itemListElement":[{"@type":"ListItem","position":1,"name":"Home","item":"https:\/\/www.seraphina.si\/"},{"@type":"ListItem","position":2,"name":"Trgovina","item":"https:\/\/www.seraphina.si\/trgovina\/"},{"@type":"ListItem","position":3,"name":"\u017denski prstan iz srebra VILLA, Ro\u017eevec in Beli Topaz"}]},{"@type":"WebSite","@id":"https:\/\/www.seraphina.si\/#website","url":"https:\/\/www.seraphina.si\/","name":"Einzigartiger Kristallschmuck - Seraphina","description":"Einzigartiger Kristallsteinschmuck, Silberringe und Ketten -","publisher":{"@id":"https:\/\/www.seraphina.si\/#organization"},"alternateName":"Seraphina - Unikatni nakit iz kristalov","potentialAction":[{"@type":"SearchAction","target":{"@type":"EntryPoint","urlTemplate":"https:\/\/www.seraphina.si\/?s={search_term_string}"},"query-input":{"@type":"PropertyValueSpecification","valueRequired":true,"valueName":"search_term_string"}}],"inLanguage":"de"},{"@type":"Organization","@id":"https:\/\/www.seraphina.si\/#organization","name":"Nakit Seraphina","alternateName":"Seraphina spletna trgovina z nakitom, kristali in minerali","url":"https:\/\/www.seraphina.si\/","logo":{"@type":"ImageObject","inLanguage":"de","@id":"https:\/\/www.seraphina.si\/#\/schema\/logo\/image\/","url":"https:\/\/www.seraphina.si\/wp-content\/uploads\/2025\/03\/logo-seraphina-2025-1.svg","contentUrl":"https:\/\/www.seraphina.si\/wp-content\/uploads\/2025\/03\/logo-seraphina-2025-1.svg","width":100,"height":100,"caption":"Nakit Seraphina"},"image":{"@id":"https:\/\/www.seraphina.si\/#\/schema\/logo\/image\/"},"sameAs":["https:\/\/www.facebook.com\/seraphina.si\/","https:\/\/www.instagram.com\/seraphinas_gemstones\/"]}]}},"_links":{"self":[{"href":"https:\/\/www.seraphina.si\/de\/wp-json\/wp\/v2\/product\/1754","targetHints":{"allow":["GET"]}}],"collection":[{"href":"https:\/\/www.seraphina.si\/de\/wp-json\/wp\/v2\/product"}],"about":[{"href":"https:\/\/www.seraphina.si\/de\/wp-json\/wp\/v2\/types\/product"}],"wp:featuredmedia":[{"embeddable":true,"href":"https:\/\/www.seraphina.si\/de\/wp-json\/wp\/v2\/media\/21271"}],"wp:attachment":[{"href":"https:\/\/www.seraphina.si\/de\/wp-json\/wp\/v2\/media?parent=1754"}],"wp:term":[{"taxonomy":"horoskop","embeddable":true,"href":"https:\/\/www.seraphina.si\/de\/wp-json\/wp\/v2\/horoskop?post=1754"},{"taxonomy":"kamen","embeddable":true,"href":"https:\/\/www.seraphina.si\/de\/wp-json\/wp\/v2\/kamen?post=1754"},{"taxonomy":"kolekcija","embeddable":true,"href":"https:\/\/www.seraphina.si\/de\/wp-json\/wp\/v2\/kolekcija?post=1754"},{"taxonomy":"mesec","embeddable":true,"href":"https:\/\/www.seraphina.si\/de\/wp-json\/wp\/v2\/mesec?post=1754"},{"taxonomy":"product_brand","embeddable":true,"href":"https:\/\/www.seraphina.si\/de\/wp-json\/wp\/v2\/product_brand?post=1754"},{"taxonomy":"product_cat","embeddable":true,"href":"https:\/\/www.seraphina.si\/de\/wp-json\/wp\/v2\/product_cat?post=1754"},{"taxonomy":"product_tag","embeddable":true,"href":"https:\/\/www.seraphina.si\/de\/wp-json\/wp\/v2\/product_tag?post=1754"}],"curies":[{"name":"wp","href":"https:\/\/api.w.org\/{rel}","templated":true}]}}