{"id":1664,"date":"2023-10-15T14:36:07","date_gmt":"2023-10-15T12:36:07","guid":{"rendered":"https:\/\/www.seraphina.si\/?post_type=product&#038;p=1664"},"modified":"2025-10-01T12:17:46","modified_gmt":"2025-10-01T10:17:46","slug":"damenring-aus-sterlingsilber-amadea-aqua-aura","status":"publish","type":"product","link":"https:\/\/www.seraphina.si\/de\/p\/zenski-prstan-iz-srebra-amadea-aqua-aura\/","title":{"rendered":"Damenring aus Sterlingsilber AMADEA, Aqua Aura"},"content":{"rendered":"<p>Unikaten prstan izdelan iz 925 srebra z kristalom aqua aura (naravni kristal kamene strele obdelan z zlatom).<\/p>\n<p>Prejmete prstan iz realne slike. Velikost prstana je 9, kar ustreza obsegu prsta 60 mm.<\/p>\n<h4><strong>Aqua Aura Quarz<\/strong><\/h4>\n<p>Herkunft:USA<\/p>\n<p>Der Aqua Aura-Kristall kombiniert die Kraft des Quarzes mit dem Metall, mit dem er verbunden ist, in diesem Fall Gold. Es handelt sich um einen transparenten Quarz (Quarz oder Bergblitz), der durch einen chemischen Prozess mit Gold verbunden wird. Durch die Bindung von Edelmetallen an die Oberfl\u00e4che des Kristalls entsteht eine besondere Synergie der Energien der beiden nat\u00fcrlichen Materialien, so dass er sowohl die Eigenschaften des Quarzes als auch die des Edelmetalls - Gold - in sich tr\u00e4gt.<\/p>\n<p>Er hat eine hohe, intensive Schwingung und wird daher auch zur St\u00e4rkung anderer Kristalle verwendet. Er hat eine beruhigende Wirkung und hilft dabei, Negativit\u00e4t und Stress loszulassen, intensive Emotionen zu bes\u00e4nftigen und die Aura zu heilen. Er wird verwendet, um alle Chakren zu aktivieren, stimuliert aber vor allem das Halschakra, wodurch die F\u00e4higkeit gest\u00e4rkt wird, Emotionen auf konstruktive, positive Weise auszudr\u00fccken und uns zu ermutigen, unsere Wahrheit von Herzen zu sagen.<\/p>\n<p>Die Aqua-Aura wird f\u00fcr ihre F\u00e4higkeit gesch\u00e4tzt, das Bewusstsein zu erweitern und den physischen und spirituellen K\u00f6rper durch ihre hohe Schwingung zu heilen. Sie aktiviert die Energie der Seele, befreit uns von Beschr\u00e4nkungen und schafft Raum f\u00fcr neue M\u00f6glichkeiten. Er sch\u00fctzt vor psychischen Angriffen, Energieverarmung und spirituellen Vampiren (Menschen, die uns emotional und geistig auslaugen) und sorgt f\u00fcr tiefen Frieden w\u00e4hrend der Meditation. Es hei\u00dft, dass er die Thymusdr\u00fcse und das Immunsystem st\u00e4rkt und bei genetischen St\u00f6rungen, Asbestose und Autismus hilft.<\/p>\n<p>Er ist ein ganz besonderer Stein, dessen Brillanz uns sanft an das Gleichgewicht in unserem Leben erinnert. Er ist ein wunderbarer Wegweiser f\u00fcr alle, die sich nach spirituellem Wachstum und neuen M\u00f6glichkeiten zur Verbindung mit anderen spirituellen Wesen dieser Welt sehnen. Aqua Aura ist ein Stein der Harmonie und hilft, in jeder Situation Frieden zu schaffen. Er beruhigt Gedanken, die uns aus dem Gleichgewicht bringen k\u00f6nnten, f\u00f6rdert Gef\u00fchle von Offenheit und kollektiver Verbundenheit - er ist f\u00f6rderlich f\u00fcr das Gruppenbewusstsein. Dadurch hilft er uns, unsere Beziehungen zu den Menschen, die uns nahe stehen, zu vertiefen und vertreibt Gef\u00fchle der Einsamkeit.<\/p>","protected":false},"excerpt":{"rendered":"<p>Unikaten prstan izdelan iz 925 srebra z velikim kristalom aqua aura. Ima visoke in intenzivne vibracije, ki pomagajo pri spro\u0161\u010danju negativnosti, umirjanju \u010dustev in zdravljenju avre. Aqua aura spodbuja duhovno rast, \u0161\u010diti pred psihi\u010dno iz\u010drpanostjo in napadi ter izbolj\u0161uje medsebojne odnose in ob\u010dutek povezanosti. Prejmete prstan iz slike.<\/p>","protected":false},"featured_media":7077,"template":"","meta":{"_acf_changed":false,"inline_featured_image":false},"horoskop":[],"kamen":[660],"kolekcija":[722],"mesec":[594],"product_brand":[],"product_cat":[25,31,350,287,183],"product_tag":[202,203,21,24,33,20,22],"class_list":{"0":"post-1664","1":"product","2":"type-product","3":"status-publish","4":"has-post-thumbnail","6":"kamen-aqua-aura","7":"kolekcija-raw-beauty","8":"mesec-april","9":"product_cat-prstani","10":"product_cat-prstani-iz-srebra","11":"product_cat-prstani-s-surovimi-kamni","12":"product_cat-surovi-kristali-in-minerali","13":"product_cat-vsa-ponudba","14":"product_tag-aqua","15":"product_tag-aura","16":"product_tag-kristal","17":"product_tag-prstan","18":"product_tag-srebro","19":"product_tag-surov","20":"product_tag-surovi","21":"pa_horoskop-ribi","22":"pa_horoskop-vodnar","23":"pa_kamen-aqua-aura","24":"tm-has-options","26":"first","27":"instock","28":"taxable","29":"shipping-taxable","30":"purchasable","31":"product-type-simple"},"acf":[],"yoast_head":"<!-- This site is optimized with the Yoast SEO plugin v27.3 - https:\/\/yoast.com\/product\/yoast-seo-wordpress\/ -->\n<title>\u017denski prstan iz srebra AMADEA, Aqua Aura<\/title>\n<meta name=\"description\" content=\"Unikaten prstan izdelan iz 925 srebra, s kristalom aqua aura (naravni kristal kamene strele obdelan z zlatom). Seraphina - nakit iz naravnih kristalov.\" \/>\n<meta name=\"robots\" content=\"index, follow, max-snippet:-1, max-image-preview:large, max-video-preview:-1\" \/>\n<link rel=\"canonical\" href=\"https:\/\/www.seraphina.si\/de\/p\/damenring-aus-sterlingsilber-amadea-aqua-aura\/\" \/>\n<meta property=\"og:locale\" content=\"de_DE\" \/>\n<meta property=\"og:type\" content=\"article\" \/>\n<meta property=\"og:title\" content=\"\u017denski prstan iz srebra AMADEA, Aqua Aura\" \/>\n<meta property=\"og:description\" content=\"Unikaten prstan izdelan iz 925 srebra, s kristalom aqua aura (naravni kristal kamene strele obdelan z zlatom). Seraphina - nakit iz naravnih kristalov.\" \/>\n<meta property=\"og:url\" content=\"https:\/\/www.seraphina.si\/de\/p\/damenring-aus-sterlingsilber-amadea-aqua-aura\/\" \/>\n<meta property=\"og:site_name\" content=\"Seraphina\" \/>\n<meta property=\"article:publisher\" content=\"https:\/\/www.facebook.com\/seraphina.si\/\" \/>\n<meta property=\"article:modified_time\" content=\"2025-10-01T10:17:46+00:00\" \/>\n<meta property=\"og:image\" content=\"https:\/\/www.seraphina.si\/wp-content\/uploads\/2022\/10\/7-3.jpg\" \/>\n\t<meta property=\"og:image:width\" content=\"700\" \/>\n\t<meta property=\"og:image:height\" content=\"700\" \/>\n\t<meta property=\"og:image:type\" content=\"image\/jpeg\" \/>\n<script type=\"application\/ld+json\" class=\"yoast-schema-graph\">{\"@context\":\"https:\\\/\\\/schema.org\",\"@graph\":[{\"@type\":[\"WebPage\",\"CollectionPage\"],\"@id\":\"https:\\\/\\\/www.seraphina.si\\\/p\\\/zenski-prstan-iz-srebra-amadea-aqua-aura\\\/\",\"url\":\"https:\\\/\\\/www.seraphina.si\\\/p\\\/zenski-prstan-iz-srebra-amadea-aqua-aura\\\/\",\"name\":\"\u017denski prstan iz srebra AMADEA, Aqua Aura\",\"isPartOf\":{\"@id\":\"https:\\\/\\\/www.seraphina.si\\\/#website\"},\"primaryImageOfPage\":{\"@id\":\"https:\\\/\\\/www.seraphina.si\\\/p\\\/zenski-prstan-iz-srebra-amadea-aqua-aura\\\/#primaryimage\"},\"image\":{\"@id\":\"https:\\\/\\\/www.seraphina.si\\\/p\\\/zenski-prstan-iz-srebra-amadea-aqua-aura\\\/#primaryimage\"},\"thumbnailUrl\":\"https:\\\/\\\/www.seraphina.si\\\/wp-content\\\/uploads\\\/2022\\\/10\\\/7-3.jpg\",\"datePublished\":\"2023-10-15T12:36:07+00:00\",\"dateModified\":\"2025-10-01T10:17:46+00:00\",\"description\":\"Unikaten prstan izdelan iz 925 srebra, s kristalom aqua aura (naravni kristal kamene strele obdelan z zlatom). Seraphina - nakit iz naravnih kristalov.\",\"breadcrumb\":{\"@id\":\"https:\\\/\\\/www.seraphina.si\\\/p\\\/zenski-prstan-iz-srebra-amadea-aqua-aura\\\/#breadcrumb\"},\"inLanguage\":\"de\"},{\"@type\":\"ImageObject\",\"inLanguage\":\"de\",\"@id\":\"https:\\\/\\\/www.seraphina.si\\\/p\\\/zenski-prstan-iz-srebra-amadea-aqua-aura\\\/#primaryimage\",\"url\":\"https:\\\/\\\/www.seraphina.si\\\/wp-content\\\/uploads\\\/2022\\\/10\\\/7-3.jpg\",\"contentUrl\":\"https:\\\/\\\/www.seraphina.si\\\/wp-content\\\/uploads\\\/2022\\\/10\\\/7-3.jpg\",\"width\":700,\"height\":700,\"caption\":\"\u017denski prstan iz srebra AMADEA, Aqua Aura\"},{\"@type\":\"BreadcrumbList\",\"@id\":\"https:\\\/\\\/www.seraphina.si\\\/p\\\/zenski-prstan-iz-srebra-amadea-aqua-aura\\\/#breadcrumb\",\"itemListElement\":[{\"@type\":\"ListItem\",\"position\":1,\"name\":\"Home\",\"item\":\"https:\\\/\\\/www.seraphina.si\\\/\"},{\"@type\":\"ListItem\",\"position\":2,\"name\":\"Trgovina\",\"item\":\"https:\\\/\\\/www.seraphina.si\\\/trgovina\\\/\"},{\"@type\":\"ListItem\",\"position\":3,\"name\":\"\u017denski prstan iz srebra AMADEA, Aqua Aura\"}]},{\"@type\":\"WebSite\",\"@id\":\"https:\\\/\\\/www.seraphina.si\\\/#website\",\"url\":\"https:\\\/\\\/www.seraphina.si\\\/\",\"name\":\"Unikatni nakit iz kristalov - Seraphina\",\"description\":\"Unikatni nakit kamen iz kristalov, srebrni prstani in veri\u017eice -\",\"publisher\":{\"@id\":\"https:\\\/\\\/www.seraphina.si\\\/#organization\"},\"alternateName\":\"Seraphina - Unikatni nakit iz kristalov\",\"potentialAction\":[{\"@type\":\"SearchAction\",\"target\":{\"@type\":\"EntryPoint\",\"urlTemplate\":\"https:\\\/\\\/www.seraphina.si\\\/?s={search_term_string}\"},\"query-input\":{\"@type\":\"PropertyValueSpecification\",\"valueRequired\":true,\"valueName\":\"search_term_string\"}}],\"inLanguage\":\"de\"},{\"@type\":\"Organization\",\"@id\":\"https:\\\/\\\/www.seraphina.si\\\/#organization\",\"name\":\"Nakit Seraphina\",\"alternateName\":\"Seraphina spletna trgovina z nakitom, kristali in minerali\",\"url\":\"https:\\\/\\\/www.seraphina.si\\\/\",\"logo\":{\"@type\":\"ImageObject\",\"inLanguage\":\"de\",\"@id\":\"https:\\\/\\\/www.seraphina.si\\\/#\\\/schema\\\/logo\\\/image\\\/\",\"url\":\"https:\\\/\\\/www.seraphina.si\\\/wp-content\\\/uploads\\\/2025\\\/03\\\/logo-seraphina-2025-1.svg\",\"contentUrl\":\"https:\\\/\\\/www.seraphina.si\\\/wp-content\\\/uploads\\\/2025\\\/03\\\/logo-seraphina-2025-1.svg\",\"width\":100,\"height\":100,\"caption\":\"Nakit Seraphina\"},\"image\":{\"@id\":\"https:\\\/\\\/www.seraphina.si\\\/#\\\/schema\\\/logo\\\/image\\\/\"},\"sameAs\":[\"https:\\\/\\\/www.facebook.com\\\/seraphina.si\\\/\",\"https:\\\/\\\/www.instagram.com\\\/seraphinas_gemstones\\\/\"]}]}<\/script>\n<!-- \/ Yoast SEO plugin. -->","yoast_head_json":{"title":"Damenring aus Sterlingsilber AMADEA, Aqua Aura","description":"Unikaten prstan izdelan iz 925 srebra, s kristalom aqua aura (naravni kristal kamene strele obdelan z zlatom). Seraphina - nakit iz naravnih kristalov.","robots":{"index":"index","follow":"follow","max-snippet":"max-snippet:-1","max-image-preview":"max-image-preview:large","max-video-preview":"max-video-preview:-1"},"canonical":"https:\/\/www.seraphina.si\/de\/p\/damenring-aus-sterlingsilber-amadea-aqua-aura\/","og_locale":"de_DE","og_type":"article","og_title":"\u017denski prstan iz srebra AMADEA, Aqua Aura","og_description":"Unikaten prstan izdelan iz 925 srebra, s kristalom aqua aura (naravni kristal kamene strele obdelan z zlatom). Seraphina - nakit iz naravnih kristalov.","og_url":"https:\/\/www.seraphina.si\/de\/p\/damenring-aus-sterlingsilber-amadea-aqua-aura\/","og_site_name":"Seraphina","article_publisher":"https:\/\/www.facebook.com\/seraphina.si\/","article_modified_time":"2025-10-01T10:17:46+00:00","og_image":[{"width":700,"height":700,"url":"https:\/\/www.seraphina.si\/wp-content\/uploads\/2022\/10\/7-3.jpg","type":"image\/jpeg"}],"schema":{"@context":"https:\/\/schema.org","@graph":[{"@type":["WebPage","CollectionPage"],"@id":"https:\/\/www.seraphina.si\/p\/zenski-prstan-iz-srebra-amadea-aqua-aura\/","url":"https:\/\/www.seraphina.si\/p\/zenski-prstan-iz-srebra-amadea-aqua-aura\/","name":"Damenring aus Sterlingsilber AMADEA, Aqua Aura","isPartOf":{"@id":"https:\/\/www.seraphina.si\/#website"},"primaryImageOfPage":{"@id":"https:\/\/www.seraphina.si\/p\/zenski-prstan-iz-srebra-amadea-aqua-aura\/#primaryimage"},"image":{"@id":"https:\/\/www.seraphina.si\/p\/zenski-prstan-iz-srebra-amadea-aqua-aura\/#primaryimage"},"thumbnailUrl":"https:\/\/www.seraphina.si\/wp-content\/uploads\/2022\/10\/7-3.jpg","datePublished":"2023-10-15T12:36:07+00:00","dateModified":"2025-10-01T10:17:46+00:00","description":"Unikaten prstan izdelan iz 925 srebra, s kristalom aqua aura (naravni kristal kamene strele obdelan z zlatom). Seraphina - nakit iz naravnih kristalov.","breadcrumb":{"@id":"https:\/\/www.seraphina.si\/p\/zenski-prstan-iz-srebra-amadea-aqua-aura\/#breadcrumb"},"inLanguage":"de"},{"@type":"ImageObject","inLanguage":"de","@id":"https:\/\/www.seraphina.si\/p\/zenski-prstan-iz-srebra-amadea-aqua-aura\/#primaryimage","url":"https:\/\/www.seraphina.si\/wp-content\/uploads\/2022\/10\/7-3.jpg","contentUrl":"https:\/\/www.seraphina.si\/wp-content\/uploads\/2022\/10\/7-3.jpg","width":700,"height":700,"caption":"\u017denski prstan iz srebra AMADEA, Aqua Aura"},{"@type":"BreadcrumbList","@id":"https:\/\/www.seraphina.si\/p\/zenski-prstan-iz-srebra-amadea-aqua-aura\/#breadcrumb","itemListElement":[{"@type":"ListItem","position":1,"name":"Home","item":"https:\/\/www.seraphina.si\/"},{"@type":"ListItem","position":2,"name":"Trgovina","item":"https:\/\/www.seraphina.si\/trgovina\/"},{"@type":"ListItem","position":3,"name":"\u017denski prstan iz srebra AMADEA, Aqua Aura"}]},{"@type":"WebSite","@id":"https:\/\/www.seraphina.si\/#website","url":"https:\/\/www.seraphina.si\/","name":"Einzigartiger Kristallschmuck - Seraphina","description":"Einzigartiger Kristallsteinschmuck, Silberringe und Ketten -","publisher":{"@id":"https:\/\/www.seraphina.si\/#organization"},"alternateName":"Seraphina - Unikatni nakit iz kristalov","potentialAction":[{"@type":"SearchAction","target":{"@type":"EntryPoint","urlTemplate":"https:\/\/www.seraphina.si\/?s={search_term_string}"},"query-input":{"@type":"PropertyValueSpecification","valueRequired":true,"valueName":"search_term_string"}}],"inLanguage":"de"},{"@type":"Organization","@id":"https:\/\/www.seraphina.si\/#organization","name":"Nakit Seraphina","alternateName":"Seraphina spletna trgovina z nakitom, kristali in minerali","url":"https:\/\/www.seraphina.si\/","logo":{"@type":"ImageObject","inLanguage":"de","@id":"https:\/\/www.seraphina.si\/#\/schema\/logo\/image\/","url":"https:\/\/www.seraphina.si\/wp-content\/uploads\/2025\/03\/logo-seraphina-2025-1.svg","contentUrl":"https:\/\/www.seraphina.si\/wp-content\/uploads\/2025\/03\/logo-seraphina-2025-1.svg","width":100,"height":100,"caption":"Nakit Seraphina"},"image":{"@id":"https:\/\/www.seraphina.si\/#\/schema\/logo\/image\/"},"sameAs":["https:\/\/www.facebook.com\/seraphina.si\/","https:\/\/www.instagram.com\/seraphinas_gemstones\/"]}]}},"_links":{"self":[{"href":"https:\/\/www.seraphina.si\/de\/wp-json\/wp\/v2\/product\/1664","targetHints":{"allow":["GET"]}}],"collection":[{"href":"https:\/\/www.seraphina.si\/de\/wp-json\/wp\/v2\/product"}],"about":[{"href":"https:\/\/www.seraphina.si\/de\/wp-json\/wp\/v2\/types\/product"}],"wp:featuredmedia":[{"embeddable":true,"href":"https:\/\/www.seraphina.si\/de\/wp-json\/wp\/v2\/media\/7077"}],"wp:attachment":[{"href":"https:\/\/www.seraphina.si\/de\/wp-json\/wp\/v2\/media?parent=1664"}],"wp:term":[{"taxonomy":"horoskop","embeddable":true,"href":"https:\/\/www.seraphina.si\/de\/wp-json\/wp\/v2\/horoskop?post=1664"},{"taxonomy":"kamen","embeddable":true,"href":"https:\/\/www.seraphina.si\/de\/wp-json\/wp\/v2\/kamen?post=1664"},{"taxonomy":"kolekcija","embeddable":true,"href":"https:\/\/www.seraphina.si\/de\/wp-json\/wp\/v2\/kolekcija?post=1664"},{"taxonomy":"mesec","embeddable":true,"href":"https:\/\/www.seraphina.si\/de\/wp-json\/wp\/v2\/mesec?post=1664"},{"taxonomy":"product_brand","embeddable":true,"href":"https:\/\/www.seraphina.si\/de\/wp-json\/wp\/v2\/product_brand?post=1664"},{"taxonomy":"product_cat","embeddable":true,"href":"https:\/\/www.seraphina.si\/de\/wp-json\/wp\/v2\/product_cat?post=1664"},{"taxonomy":"product_tag","embeddable":true,"href":"https:\/\/www.seraphina.si\/de\/wp-json\/wp\/v2\/product_tag?post=1664"}],"curies":[{"name":"wp","href":"https:\/\/api.w.org\/{rel}","templated":true}]}}