{"id":12517,"date":"2024-04-28T17:28:25","date_gmt":"2024-04-28T17:28:25","guid":{"rendered":"https:\/\/www.seraphina.si\/?post_type=product&#038;p=12517"},"modified":"2026-03-15T11:54:07","modified_gmt":"2026-03-15T10:54:07","slug":"damen-ohrringe-aus-silber-zen-monate-stein","status":"publish","type":"product","link":"https:\/\/www.seraphina.si\/de\/p\/zenski-uhani-iz-srebra-zen-mesecev-kamen\/","title":{"rendered":"Damen Silberohrringe ZEN, Mondstein"},"content":{"rendered":"<p>Ohrringe aus 925er Sterlingsilber mit nat\u00fcrlichem rohem Mondsteinkristall.<\/p>\n<p>Erh\u00e4ltlich in 3 Versionen:<\/p>\n<ul>\n<li>Sterlingsilber<\/li>\n<li>Sterlingsilber 925 + rhodiniert<\/li>\n<li>925er Sterlingsilber mit 750\/1000 (18 Karat) Goldplattierung, 2,5 Mikron Goldplattierung<\/li>\n<\/ul>\n<p>Der Mondstein hat einen Durchmesser von ca. 6 mm.<\/p>\n<p>Da es sich um nat\u00fcrliche Kristalle handelt, variieren die Farbnuancen und die Adulareszenz (blauer Glanz) von Produkt zu Produkt.<\/p>","protected":false},"excerpt":{"rendered":"<p>Ohrringe aus 925er Sterlingsilber mit nat\u00fcrlichem Mondstein, der f\u00fcr seinen mystischen Glanz bekannt ist. Er symbolisiert Z\u00e4rtlichkeit, Intuition und weibliche Energie. Er hilft bei der emotionalen Balance und f\u00f6rdert gleichzeitig das Einf\u00fchlungsverm\u00f6gen und das Verst\u00e4ndnis f\u00fcr die nat\u00fcrlichen Rhythmen des Lebens. Erh\u00e4ltlich in 3 Ausf\u00fchrungen: Sterling Silber 925, Sterling Silber 925 mit Rhodiumbeschichtung und Sterling Silber 925 mit Goldbeschichtung von 750\/1000 Reinheit (18 Karat).<\/p>","protected":false},"featured_media":12527,"template":"","meta":{"_acf_changed":false,"inline_featured_image":false},"horoskop":[],"kamen":[692],"kolekcija":[],"mesec":[596],"product_brand":[],"product_cat":[302,287,15,422,183],"product_tag":[34,37,33,46],"class_list":{"0":"post-12517","1":"product","2":"type-product","3":"status-publish","4":"has-post-thumbnail","6":"kamen-mesecev-kamen","7":"mesec-junij","8":"product_cat-kristali-in-minerali","9":"product_cat-surovi-kristali-in-minerali","10":"product_cat-uhani","11":"product_cat-uhani-s-surovimi-kamni","12":"product_cat-vsa-ponudba","13":"product_tag-mesecev-kamen","14":"product_tag-moonstone","15":"product_tag-srebro","16":"product_tag-uhani","17":"pa_horoskop-devica","18":"pa_horoskop-dvojcka","19":"pa_horoskop-rak","20":"pa_horoskop-ribi","21":"pa_kamen-mesecev-kamen","22":"tm-has-options","24":"first","25":"instock","26":"taxable","27":"shipping-taxable","28":"purchasable","29":"product-type-variable"},"acf":[],"yoast_head":"<!-- This site is optimized with the Yoast SEO plugin v27.3 - https:\/\/yoast.com\/product\/yoast-seo-wordpress\/ -->\n<title>\u017denski uhani iz srebra ZEN, Mese\u010dev kamen - Seraphina<\/title>\n<meta name=\"description\" content=\"Uhani izdelani iz 925 srebra z naravnim surovim kristalom mese\u010dev kamen iz Indije. Premer posameznega mese\u010devega kamna je 6 mm.\" \/>\n<meta name=\"robots\" content=\"index, follow, max-snippet:-1, max-image-preview:large, max-video-preview:-1\" \/>\n<link rel=\"canonical\" href=\"https:\/\/www.seraphina.si\/de\/p\/damen-ohrringe-aus-silber-zen-monate-stein\/\" \/>\n<meta property=\"og:locale\" content=\"de_DE\" \/>\n<meta property=\"og:type\" content=\"article\" \/>\n<meta property=\"og:title\" content=\"\u017denski uhani iz srebra ZEN, Mese\u010dev kamen - Seraphina\" \/>\n<meta property=\"og:description\" content=\"Uhani izdelani iz 925 srebra z naravnim surovim kristalom mese\u010dev kamen iz Indije. Premer posameznega mese\u010devega kamna je 6 mm.\" \/>\n<meta property=\"og:url\" content=\"https:\/\/www.seraphina.si\/de\/p\/damen-ohrringe-aus-silber-zen-monate-stein\/\" \/>\n<meta property=\"og:site_name\" content=\"Seraphina\" \/>\n<meta property=\"article:publisher\" content=\"https:\/\/www.facebook.com\/seraphina.si\/\" \/>\n<meta property=\"article:modified_time\" content=\"2026-03-15T10:54:07+00:00\" \/>\n<meta property=\"og:image\" content=\"https:\/\/www.seraphina.si\/wp-content\/uploads\/2024\/04\/1-6.jpg\" \/>\n\t<meta property=\"og:image:width\" content=\"1080\" \/>\n\t<meta property=\"og:image:height\" content=\"1080\" \/>\n\t<meta property=\"og:image:type\" content=\"image\/jpeg\" \/>\n<script type=\"application\/ld+json\" class=\"yoast-schema-graph\">{\"@context\":\"https:\\\/\\\/schema.org\",\"@graph\":[{\"@type\":[\"WebPage\",\"CollectionPage\"],\"@id\":\"https:\\\/\\\/www.seraphina.si\\\/p\\\/zenski-uhani-iz-srebra-zen-mesecev-kamen\\\/\",\"url\":\"https:\\\/\\\/www.seraphina.si\\\/p\\\/zenski-uhani-iz-srebra-zen-mesecev-kamen\\\/\",\"name\":\"\u017denski uhani iz srebra ZEN, Mese\u010dev kamen - Seraphina\",\"isPartOf\":{\"@id\":\"https:\\\/\\\/www.seraphina.si\\\/#website\"},\"primaryImageOfPage\":{\"@id\":\"https:\\\/\\\/www.seraphina.si\\\/p\\\/zenski-uhani-iz-srebra-zen-mesecev-kamen\\\/#primaryimage\"},\"image\":{\"@id\":\"https:\\\/\\\/www.seraphina.si\\\/p\\\/zenski-uhani-iz-srebra-zen-mesecev-kamen\\\/#primaryimage\"},\"thumbnailUrl\":\"https:\\\/\\\/www.seraphina.si\\\/wp-content\\\/uploads\\\/2024\\\/04\\\/1-6.jpg\",\"datePublished\":\"2024-04-28T17:28:25+00:00\",\"dateModified\":\"2026-03-15T10:54:07+00:00\",\"description\":\"Uhani izdelani iz 925 srebra z naravnim surovim kristalom mese\u010dev kamen iz Indije. Premer posameznega mese\u010devega kamna je 6 mm.\",\"breadcrumb\":{\"@id\":\"https:\\\/\\\/www.seraphina.si\\\/p\\\/zenski-uhani-iz-srebra-zen-mesecev-kamen\\\/#breadcrumb\"},\"inLanguage\":\"de\"},{\"@type\":\"ImageObject\",\"inLanguage\":\"de\",\"@id\":\"https:\\\/\\\/www.seraphina.si\\\/p\\\/zenski-uhani-iz-srebra-zen-mesecev-kamen\\\/#primaryimage\",\"url\":\"https:\\\/\\\/www.seraphina.si\\\/wp-content\\\/uploads\\\/2024\\\/04\\\/1-6.jpg\",\"contentUrl\":\"https:\\\/\\\/www.seraphina.si\\\/wp-content\\\/uploads\\\/2024\\\/04\\\/1-6.jpg\",\"width\":1080,\"height\":1080,\"caption\":\"Uhani Zen - Mese\u010dev kamen - Seraphina\"},{\"@type\":\"BreadcrumbList\",\"@id\":\"https:\\\/\\\/www.seraphina.si\\\/p\\\/zenski-uhani-iz-srebra-zen-mesecev-kamen\\\/#breadcrumb\",\"itemListElement\":[{\"@type\":\"ListItem\",\"position\":1,\"name\":\"Home\",\"item\":\"https:\\\/\\\/www.seraphina.si\\\/\"},{\"@type\":\"ListItem\",\"position\":2,\"name\":\"Trgovina\",\"item\":\"https:\\\/\\\/www.seraphina.si\\\/trgovina\\\/\"},{\"@type\":\"ListItem\",\"position\":3,\"name\":\"\u017denski uhani iz srebra ZEN, Mese\u010dev kamen\"}]},{\"@type\":\"WebSite\",\"@id\":\"https:\\\/\\\/www.seraphina.si\\\/#website\",\"url\":\"https:\\\/\\\/www.seraphina.si\\\/\",\"name\":\"Unikatni nakit iz kristalov - Seraphina\",\"description\":\"Unikatni nakit kamen iz kristalov, srebrni prstani in veri\u017eice -\",\"publisher\":{\"@id\":\"https:\\\/\\\/www.seraphina.si\\\/#organization\"},\"alternateName\":\"Seraphina - Unikatni nakit iz kristalov\",\"potentialAction\":[{\"@type\":\"SearchAction\",\"target\":{\"@type\":\"EntryPoint\",\"urlTemplate\":\"https:\\\/\\\/www.seraphina.si\\\/?s={search_term_string}\"},\"query-input\":{\"@type\":\"PropertyValueSpecification\",\"valueRequired\":true,\"valueName\":\"search_term_string\"}}],\"inLanguage\":\"de\"},{\"@type\":\"Organization\",\"@id\":\"https:\\\/\\\/www.seraphina.si\\\/#organization\",\"name\":\"Nakit Seraphina\",\"alternateName\":\"Seraphina spletna trgovina z nakitom, kristali in minerali\",\"url\":\"https:\\\/\\\/www.seraphina.si\\\/\",\"logo\":{\"@type\":\"ImageObject\",\"inLanguage\":\"de\",\"@id\":\"https:\\\/\\\/www.seraphina.si\\\/#\\\/schema\\\/logo\\\/image\\\/\",\"url\":\"https:\\\/\\\/www.seraphina.si\\\/wp-content\\\/uploads\\\/2025\\\/03\\\/logo-seraphina-2025-1.svg\",\"contentUrl\":\"https:\\\/\\\/www.seraphina.si\\\/wp-content\\\/uploads\\\/2025\\\/03\\\/logo-seraphina-2025-1.svg\",\"width\":100,\"height\":100,\"caption\":\"Nakit Seraphina\"},\"image\":{\"@id\":\"https:\\\/\\\/www.seraphina.si\\\/#\\\/schema\\\/logo\\\/image\\\/\"},\"sameAs\":[\"https:\\\/\\\/www.facebook.com\\\/seraphina.si\\\/\",\"https:\\\/\\\/www.instagram.com\\\/seraphinas_gemstones\\\/\"]}]}<\/script>\n<!-- \/ Yoast SEO plugin. -->","yoast_head_json":{"title":"Damen Silberohrringe ZEN, Mondstein - Seraphina","description":"Ohrringe aus 925er Sterlingsilber mit nat\u00fcrlichem rohem Mondsteinkristall aus Indien. Der Durchmesser jedes Mondsteins betr\u00e4gt 6 mm.","robots":{"index":"index","follow":"follow","max-snippet":"max-snippet:-1","max-image-preview":"max-image-preview:large","max-video-preview":"max-video-preview:-1"},"canonical":"https:\/\/www.seraphina.si\/de\/p\/damen-ohrringe-aus-silber-zen-monate-stein\/","og_locale":"de_DE","og_type":"article","og_title":"\u017denski uhani iz srebra ZEN, Mese\u010dev kamen - Seraphina","og_description":"Uhani izdelani iz 925 srebra z naravnim surovim kristalom mese\u010dev kamen iz Indije. Premer posameznega mese\u010devega kamna je 6 mm.","og_url":"https:\/\/www.seraphina.si\/de\/p\/damen-ohrringe-aus-silber-zen-monate-stein\/","og_site_name":"Seraphina","article_publisher":"https:\/\/www.facebook.com\/seraphina.si\/","article_modified_time":"2026-03-15T10:54:07+00:00","og_image":[{"width":1080,"height":1080,"url":"https:\/\/www.seraphina.si\/wp-content\/uploads\/2024\/04\/1-6.jpg","type":"image\/jpeg"}],"schema":{"@context":"https:\/\/schema.org","@graph":[{"@type":["WebPage","CollectionPage"],"@id":"https:\/\/www.seraphina.si\/p\/zenski-uhani-iz-srebra-zen-mesecev-kamen\/","url":"https:\/\/www.seraphina.si\/p\/zenski-uhani-iz-srebra-zen-mesecev-kamen\/","name":"Damen Silberohrringe ZEN, Mondstein - Seraphina","isPartOf":{"@id":"https:\/\/www.seraphina.si\/#website"},"primaryImageOfPage":{"@id":"https:\/\/www.seraphina.si\/p\/zenski-uhani-iz-srebra-zen-mesecev-kamen\/#primaryimage"},"image":{"@id":"https:\/\/www.seraphina.si\/p\/zenski-uhani-iz-srebra-zen-mesecev-kamen\/#primaryimage"},"thumbnailUrl":"https:\/\/www.seraphina.si\/wp-content\/uploads\/2024\/04\/1-6.jpg","datePublished":"2024-04-28T17:28:25+00:00","dateModified":"2026-03-15T10:54:07+00:00","description":"Ohrringe aus 925er Sterlingsilber mit nat\u00fcrlichem rohem Mondsteinkristall aus Indien. Der Durchmesser jedes Mondsteins betr\u00e4gt 6 mm.","breadcrumb":{"@id":"https:\/\/www.seraphina.si\/p\/zenski-uhani-iz-srebra-zen-mesecev-kamen\/#breadcrumb"},"inLanguage":"de"},{"@type":"ImageObject","inLanguage":"de","@id":"https:\/\/www.seraphina.si\/p\/zenski-uhani-iz-srebra-zen-mesecev-kamen\/#primaryimage","url":"https:\/\/www.seraphina.si\/wp-content\/uploads\/2024\/04\/1-6.jpg","contentUrl":"https:\/\/www.seraphina.si\/wp-content\/uploads\/2024\/04\/1-6.jpg","width":1080,"height":1080,"caption":"Uhani Zen - Mese\u010dev kamen - Seraphina"},{"@type":"BreadcrumbList","@id":"https:\/\/www.seraphina.si\/p\/zenski-uhani-iz-srebra-zen-mesecev-kamen\/#breadcrumb","itemListElement":[{"@type":"ListItem","position":1,"name":"Home","item":"https:\/\/www.seraphina.si\/"},{"@type":"ListItem","position":2,"name":"Trgovina","item":"https:\/\/www.seraphina.si\/trgovina\/"},{"@type":"ListItem","position":3,"name":"\u017denski uhani iz srebra ZEN, Mese\u010dev kamen"}]},{"@type":"WebSite","@id":"https:\/\/www.seraphina.si\/#website","url":"https:\/\/www.seraphina.si\/","name":"Einzigartiger Kristallschmuck - Seraphina","description":"Einzigartiger Kristallsteinschmuck, Silberringe und Ketten -","publisher":{"@id":"https:\/\/www.seraphina.si\/#organization"},"alternateName":"Seraphina - Unikatni nakit iz kristalov","potentialAction":[{"@type":"SearchAction","target":{"@type":"EntryPoint","urlTemplate":"https:\/\/www.seraphina.si\/?s={search_term_string}"},"query-input":{"@type":"PropertyValueSpecification","valueRequired":true,"valueName":"search_term_string"}}],"inLanguage":"de"},{"@type":"Organization","@id":"https:\/\/www.seraphina.si\/#organization","name":"Nakit Seraphina","alternateName":"Seraphina spletna trgovina z nakitom, kristali in minerali","url":"https:\/\/www.seraphina.si\/","logo":{"@type":"ImageObject","inLanguage":"de","@id":"https:\/\/www.seraphina.si\/#\/schema\/logo\/image\/","url":"https:\/\/www.seraphina.si\/wp-content\/uploads\/2025\/03\/logo-seraphina-2025-1.svg","contentUrl":"https:\/\/www.seraphina.si\/wp-content\/uploads\/2025\/03\/logo-seraphina-2025-1.svg","width":100,"height":100,"caption":"Nakit Seraphina"},"image":{"@id":"https:\/\/www.seraphina.si\/#\/schema\/logo\/image\/"},"sameAs":["https:\/\/www.facebook.com\/seraphina.si\/","https:\/\/www.instagram.com\/seraphinas_gemstones\/"]}]}},"_links":{"self":[{"href":"https:\/\/www.seraphina.si\/de\/wp-json\/wp\/v2\/product\/12517","targetHints":{"allow":["GET"]}}],"collection":[{"href":"https:\/\/www.seraphina.si\/de\/wp-json\/wp\/v2\/product"}],"about":[{"href":"https:\/\/www.seraphina.si\/de\/wp-json\/wp\/v2\/types\/product"}],"wp:featuredmedia":[{"embeddable":true,"href":"https:\/\/www.seraphina.si\/de\/wp-json\/wp\/v2\/media\/12527"}],"wp:attachment":[{"href":"https:\/\/www.seraphina.si\/de\/wp-json\/wp\/v2\/media?parent=12517"}],"wp:term":[{"taxonomy":"horoskop","embeddable":true,"href":"https:\/\/www.seraphina.si\/de\/wp-json\/wp\/v2\/horoskop?post=12517"},{"taxonomy":"kamen","embeddable":true,"href":"https:\/\/www.seraphina.si\/de\/wp-json\/wp\/v2\/kamen?post=12517"},{"taxonomy":"kolekcija","embeddable":true,"href":"https:\/\/www.seraphina.si\/de\/wp-json\/wp\/v2\/kolekcija?post=12517"},{"taxonomy":"mesec","embeddable":true,"href":"https:\/\/www.seraphina.si\/de\/wp-json\/wp\/v2\/mesec?post=12517"},{"taxonomy":"product_brand","embeddable":true,"href":"https:\/\/www.seraphina.si\/de\/wp-json\/wp\/v2\/product_brand?post=12517"},{"taxonomy":"product_cat","embeddable":true,"href":"https:\/\/www.seraphina.si\/de\/wp-json\/wp\/v2\/product_cat?post=12517"},{"taxonomy":"product_tag","embeddable":true,"href":"https:\/\/www.seraphina.si\/de\/wp-json\/wp\/v2\/product_tag?post=12517"}],"curies":[{"name":"wp","href":"https:\/\/api.w.org\/{rel}","templated":true}]}}