{"id":11981,"date":"2024-04-28T17:11:34","date_gmt":"2024-04-28T17:11:34","guid":{"rendered":"https:\/\/www.seraphina.si\/?post_type=product&#038;p=11981"},"modified":"2026-03-15T12:21:11","modified_gmt":"2026-03-15T11:21:11","slug":"zenski-obesek-iz-srebra-birthstone-junij-mesecev-kamen-in-beli-topaz","status":"publish","type":"product","link":"https:\/\/www.seraphina.si\/de\/p\/zenski-obesek-iz-srebra-birthstone-junij-mesecev-kamen-in-beli-topaz\/","title":{"rendered":"Damen Sterling Silber Anh\u00e4nger BIRTHSTONE June, Mondstein und Wei\u00dfer Topas"},"content":{"rendered":"<p>Anh\u00e4nger aus 925er Sterlingsilber mit nat\u00fcrlichem Mondsteinkristall und wei\u00dfen Topasen.<\/p>\n<p>Erh\u00e4ltlich in 3 Versionen:<\/p>\n<ul>\n<li>Sterlingsilber<\/li>\n<li>925er Sterlingsilber mit Rhodiumbeschichtung<\/li>\n<li>925er Sterlingsilber mit 750\/1000 (18 Karat) Goldplattierung, 2,5 Mikron Goldplattierung<\/li>\n<\/ul>\n<p>Die Gr\u00f6\u00dfe des Mondsteins betr\u00e4gt 10 mm x 7 mm.<\/p>\n<p>Nur der Anh\u00e4nger ist beim Kauf enthalten, die Kette ist separat erh\u00e4ltlich.<\/p>\n<p>Da es sich um nat\u00fcrliche Kristalle handelt, variieren die Farbnuancen und die Adulareszenz (blaues Schimmern) leicht von Produkt zu Produkt.<\/p>","protected":false},"excerpt":{"rendered":"<p>Anh\u00e4nger aus 925er Sterlingsilber mit nat\u00fcrlichem Mondsteinkristall und wei\u00dfen Topasen. Der Mondstein ist bekannt f\u00fcr seine mystische Ausstrahlung und symbolisiert Z\u00e4rtlichkeit, Intuition und die Verbindung zu den Zyklen des Mondes. Seine Energie wirkt beruhigend und unterst\u00fctzt das emotionale Gleichgewicht. Gleichzeitig f\u00f6rdert er das Einf\u00fchlungsverm\u00f6gen und das Verst\u00e4ndnis f\u00fcr die nat\u00fcrlichen Rhythmen des Lebens. Erh\u00e4ltlich in 3 Ausf\u00fchrungen: Sterlingsilber 925, Sterlingsilber 925 mit Rhodiumbeschichtung und Sterlingsilber 925 mit Goldbeschichtung von 750\/1000 Reinheit (18 Karat).<\/p>\n<p>&nbsp;<\/p>","protected":false},"featured_media":11997,"template":"","meta":{"_acf_changed":false,"inline_featured_image":false},"horoskop":[],"kamen":[692],"kolekcija":[720],"mesec":[596],"product_brand":[],"product_cat":[289,28,372,183],"product_tag":[34,57,33],"class_list":{"0":"post-11981","1":"product","2":"type-product","3":"status-publish","4":"has-post-thumbnail","6":"kamen-mesecev-kamen","7":"kolekcija-birthstone","8":"mesec-junij","9":"product_cat-bruseni-kristali-in-minerali","10":"product_cat-obeski","11":"product_cat-obeski-z-brusenimi-kamni","12":"product_cat-vsa-ponudba","13":"product_tag-mesecev-kamen","14":"product_tag-obesek","15":"product_tag-srebro","16":"pa_horoskop-devica","17":"pa_horoskop-dvojcka","18":"pa_horoskop-rak","19":"pa_horoskop-ribi","20":"pa_kamen-mesecev-kamen","21":"tm-has-options","23":"first","24":"instock","25":"taxable","26":"shipping-taxable","27":"purchasable","28":"product-type-variable"},"acf":[],"yoast_head":"<!-- This site is optimized with the Yoast SEO plugin v27.3 - https:\/\/yoast.com\/product\/yoast-seo-wordpress\/ -->\n<title>\u017denski obesek iz srebra BIRTHSTONE Junij, Mese\u010dev kamen in Beli Topaz - Seraphina<\/title>\n<meta name=\"description\" content=\"Obesek izdelan iz 925 srebra z naravnim kristalom mese\u010dev kamen in belimi topazi. Seraphina - nakit iz naravnih kristalov in poldragih - dragih kamnov.\" \/>\n<meta name=\"robots\" content=\"index, follow, max-snippet:-1, max-image-preview:large, max-video-preview:-1\" \/>\n<link rel=\"canonical\" href=\"https:\/\/www.seraphina.si\/de\/p\/zenski-obesek-iz-srebra-birthstone-junij-mesecev-kamen-in-beli-topaz\/\" \/>\n<meta property=\"og:locale\" content=\"de_DE\" \/>\n<meta property=\"og:type\" content=\"article\" \/>\n<meta property=\"og:title\" content=\"\u017denski obesek iz srebra BIRTHSTONE Junij, Mese\u010dev kamen in Beli Topaz - Seraphina\" \/>\n<meta property=\"og:description\" content=\"Obesek izdelan iz 925 srebra z naravnim kristalom mese\u010dev kamen in belimi topazi. Seraphina - nakit iz naravnih kristalov in poldragih - dragih kamnov.\" \/>\n<meta property=\"og:url\" content=\"https:\/\/www.seraphina.si\/de\/p\/zenski-obesek-iz-srebra-birthstone-junij-mesecev-kamen-in-beli-topaz\/\" \/>\n<meta property=\"og:site_name\" content=\"Seraphina\" \/>\n<meta property=\"article:publisher\" content=\"https:\/\/www.facebook.com\/seraphina.si\/\" \/>\n<meta property=\"article:modified_time\" content=\"2026-03-15T11:21:11+00:00\" \/>\n<meta property=\"og:image\" content=\"https:\/\/www.seraphina.si\/wp-content\/uploads\/2024\/04\/rbm-rp-76_2-2.jpg\" \/>\n\t<meta property=\"og:image:width\" content=\"800\" \/>\n\t<meta property=\"og:image:height\" content=\"800\" \/>\n\t<meta property=\"og:image:type\" content=\"image\/jpeg\" \/>\n<script type=\"application\/ld+json\" class=\"yoast-schema-graph\">{\"@context\":\"https:\\\/\\\/schema.org\",\"@graph\":[{\"@type\":[\"WebPage\",\"CollectionPage\"],\"@id\":\"https:\\\/\\\/www.seraphina.si\\\/p\\\/zenski-obesek-iz-srebra-birthstone-junij-mesecev-kamen-in-beli-topaz\\\/\",\"url\":\"https:\\\/\\\/www.seraphina.si\\\/p\\\/zenski-obesek-iz-srebra-birthstone-junij-mesecev-kamen-in-beli-topaz\\\/\",\"name\":\"\u017denski obesek iz srebra BIRTHSTONE Junij, Mese\u010dev kamen in Beli Topaz - Seraphina\",\"isPartOf\":{\"@id\":\"https:\\\/\\\/www.seraphina.si\\\/#website\"},\"primaryImageOfPage\":{\"@id\":\"https:\\\/\\\/www.seraphina.si\\\/p\\\/zenski-obesek-iz-srebra-birthstone-junij-mesecev-kamen-in-beli-topaz\\\/#primaryimage\"},\"image\":{\"@id\":\"https:\\\/\\\/www.seraphina.si\\\/p\\\/zenski-obesek-iz-srebra-birthstone-junij-mesecev-kamen-in-beli-topaz\\\/#primaryimage\"},\"thumbnailUrl\":\"https:\\\/\\\/www.seraphina.si\\\/wp-content\\\/uploads\\\/2024\\\/04\\\/rbm-rp-76_2-2.jpg\",\"datePublished\":\"2024-04-28T17:11:34+00:00\",\"dateModified\":\"2026-03-15T11:21:11+00:00\",\"description\":\"Obesek izdelan iz 925 srebra z naravnim kristalom mese\u010dev kamen in belimi topazi. Seraphina - nakit iz naravnih kristalov in poldragih - dragih kamnov.\",\"breadcrumb\":{\"@id\":\"https:\\\/\\\/www.seraphina.si\\\/p\\\/zenski-obesek-iz-srebra-birthstone-junij-mesecev-kamen-in-beli-topaz\\\/#breadcrumb\"},\"inLanguage\":\"de\"},{\"@type\":\"ImageObject\",\"inLanguage\":\"de\",\"@id\":\"https:\\\/\\\/www.seraphina.si\\\/p\\\/zenski-obesek-iz-srebra-birthstone-junij-mesecev-kamen-in-beli-topaz\\\/#primaryimage\",\"url\":\"https:\\\/\\\/www.seraphina.si\\\/wp-content\\\/uploads\\\/2024\\\/04\\\/rbm-rp-76_2-2.jpg\",\"contentUrl\":\"https:\\\/\\\/www.seraphina.si\\\/wp-content\\\/uploads\\\/2024\\\/04\\\/rbm-rp-76_2-2.jpg\",\"width\":800,\"height\":800,\"caption\":\"\u017denski obesek iz srebra BIRTHSTONE Junij, Mese\u010dev kamen in Beli Topaz\"},{\"@type\":\"BreadcrumbList\",\"@id\":\"https:\\\/\\\/www.seraphina.si\\\/p\\\/zenski-obesek-iz-srebra-birthstone-junij-mesecev-kamen-in-beli-topaz\\\/#breadcrumb\",\"itemListElement\":[{\"@type\":\"ListItem\",\"position\":1,\"name\":\"Home\",\"item\":\"https:\\\/\\\/www.seraphina.si\\\/\"},{\"@type\":\"ListItem\",\"position\":2,\"name\":\"Trgovina\",\"item\":\"https:\\\/\\\/www.seraphina.si\\\/trgovina\\\/\"},{\"@type\":\"ListItem\",\"position\":3,\"name\":\"\u017denski obesek iz srebra BIRTHSTONE Junij, Mese\u010dev kamen in Beli Topaz\"}]},{\"@type\":\"WebSite\",\"@id\":\"https:\\\/\\\/www.seraphina.si\\\/#website\",\"url\":\"https:\\\/\\\/www.seraphina.si\\\/\",\"name\":\"Unikatni nakit iz kristalov - Seraphina\",\"description\":\"Unikatni nakit kamen iz kristalov, srebrni prstani in veri\u017eice -\",\"publisher\":{\"@id\":\"https:\\\/\\\/www.seraphina.si\\\/#organization\"},\"alternateName\":\"Seraphina - Unikatni nakit iz kristalov\",\"potentialAction\":[{\"@type\":\"SearchAction\",\"target\":{\"@type\":\"EntryPoint\",\"urlTemplate\":\"https:\\\/\\\/www.seraphina.si\\\/?s={search_term_string}\"},\"query-input\":{\"@type\":\"PropertyValueSpecification\",\"valueRequired\":true,\"valueName\":\"search_term_string\"}}],\"inLanguage\":\"de\"},{\"@type\":\"Organization\",\"@id\":\"https:\\\/\\\/www.seraphina.si\\\/#organization\",\"name\":\"Nakit Seraphina\",\"alternateName\":\"Seraphina spletna trgovina z nakitom, kristali in minerali\",\"url\":\"https:\\\/\\\/www.seraphina.si\\\/\",\"logo\":{\"@type\":\"ImageObject\",\"inLanguage\":\"de\",\"@id\":\"https:\\\/\\\/www.seraphina.si\\\/#\\\/schema\\\/logo\\\/image\\\/\",\"url\":\"https:\\\/\\\/www.seraphina.si\\\/wp-content\\\/uploads\\\/2025\\\/03\\\/logo-seraphina-2025-1.svg\",\"contentUrl\":\"https:\\\/\\\/www.seraphina.si\\\/wp-content\\\/uploads\\\/2025\\\/03\\\/logo-seraphina-2025-1.svg\",\"width\":100,\"height\":100,\"caption\":\"Nakit Seraphina\"},\"image\":{\"@id\":\"https:\\\/\\\/www.seraphina.si\\\/#\\\/schema\\\/logo\\\/image\\\/\"},\"sameAs\":[\"https:\\\/\\\/www.facebook.com\\\/seraphina.si\\\/\",\"https:\\\/\\\/www.instagram.com\\\/seraphinas_gemstones\\\/\"]}]}<\/script>\n<!-- \/ Yoast SEO plugin. -->","yoast_head_json":{"title":"\u017denski obesek iz srebra BIRTHSTONE Junij, Mese\u010dev kamen in Beli Topaz - Seraphina","description":"Anh\u00e4nger aus 925er Sterlingsilber mit nat\u00fcrlichem Mondsteinkristall und wei\u00dfen Topasen. Seraphina - Schmuck aus nat\u00fcrlichen Kristallen und Halbedelsteinen.","robots":{"index":"index","follow":"follow","max-snippet":"max-snippet:-1","max-image-preview":"max-image-preview:large","max-video-preview":"max-video-preview:-1"},"canonical":"https:\/\/www.seraphina.si\/de\/p\/zenski-obesek-iz-srebra-birthstone-junij-mesecev-kamen-in-beli-topaz\/","og_locale":"de_DE","og_type":"article","og_title":"\u017denski obesek iz srebra BIRTHSTONE Junij, Mese\u010dev kamen in Beli Topaz - Seraphina","og_description":"Obesek izdelan iz 925 srebra z naravnim kristalom mese\u010dev kamen in belimi topazi. Seraphina - nakit iz naravnih kristalov in poldragih - dragih kamnov.","og_url":"https:\/\/www.seraphina.si\/de\/p\/zenski-obesek-iz-srebra-birthstone-junij-mesecev-kamen-in-beli-topaz\/","og_site_name":"Seraphina","article_publisher":"https:\/\/www.facebook.com\/seraphina.si\/","article_modified_time":"2026-03-15T11:21:11+00:00","og_image":[{"width":800,"height":800,"url":"https:\/\/www.seraphina.si\/wp-content\/uploads\/2024\/04\/rbm-rp-76_2-2.jpg","type":"image\/jpeg"}],"schema":{"@context":"https:\/\/schema.org","@graph":[{"@type":["WebPage","CollectionPage"],"@id":"https:\/\/www.seraphina.si\/p\/zenski-obesek-iz-srebra-birthstone-junij-mesecev-kamen-in-beli-topaz\/","url":"https:\/\/www.seraphina.si\/p\/zenski-obesek-iz-srebra-birthstone-junij-mesecev-kamen-in-beli-topaz\/","name":"\u017denski obesek iz srebra BIRTHSTONE Junij, Mese\u010dev kamen in Beli Topaz - Seraphina","isPartOf":{"@id":"https:\/\/www.seraphina.si\/#website"},"primaryImageOfPage":{"@id":"https:\/\/www.seraphina.si\/p\/zenski-obesek-iz-srebra-birthstone-junij-mesecev-kamen-in-beli-topaz\/#primaryimage"},"image":{"@id":"https:\/\/www.seraphina.si\/p\/zenski-obesek-iz-srebra-birthstone-junij-mesecev-kamen-in-beli-topaz\/#primaryimage"},"thumbnailUrl":"https:\/\/www.seraphina.si\/wp-content\/uploads\/2024\/04\/rbm-rp-76_2-2.jpg","datePublished":"2024-04-28T17:11:34+00:00","dateModified":"2026-03-15T11:21:11+00:00","description":"Anh\u00e4nger aus 925er Sterlingsilber mit nat\u00fcrlichem Mondsteinkristall und wei\u00dfen Topasen. Seraphina - Schmuck aus nat\u00fcrlichen Kristallen und Halbedelsteinen.","breadcrumb":{"@id":"https:\/\/www.seraphina.si\/p\/zenski-obesek-iz-srebra-birthstone-junij-mesecev-kamen-in-beli-topaz\/#breadcrumb"},"inLanguage":"de"},{"@type":"ImageObject","inLanguage":"de","@id":"https:\/\/www.seraphina.si\/p\/zenski-obesek-iz-srebra-birthstone-junij-mesecev-kamen-in-beli-topaz\/#primaryimage","url":"https:\/\/www.seraphina.si\/wp-content\/uploads\/2024\/04\/rbm-rp-76_2-2.jpg","contentUrl":"https:\/\/www.seraphina.si\/wp-content\/uploads\/2024\/04\/rbm-rp-76_2-2.jpg","width":800,"height":800,"caption":"\u017denski obesek iz srebra BIRTHSTONE Junij, Mese\u010dev kamen in Beli Topaz"},{"@type":"BreadcrumbList","@id":"https:\/\/www.seraphina.si\/p\/zenski-obesek-iz-srebra-birthstone-junij-mesecev-kamen-in-beli-topaz\/#breadcrumb","itemListElement":[{"@type":"ListItem","position":1,"name":"Home","item":"https:\/\/www.seraphina.si\/"},{"@type":"ListItem","position":2,"name":"Trgovina","item":"https:\/\/www.seraphina.si\/trgovina\/"},{"@type":"ListItem","position":3,"name":"\u017denski obesek iz srebra BIRTHSTONE Junij, Mese\u010dev kamen in Beli Topaz"}]},{"@type":"WebSite","@id":"https:\/\/www.seraphina.si\/#website","url":"https:\/\/www.seraphina.si\/","name":"Einzigartiger Kristallschmuck - Seraphina","description":"Einzigartiger Kristallsteinschmuck, Silberringe und Ketten -","publisher":{"@id":"https:\/\/www.seraphina.si\/#organization"},"alternateName":"Seraphina - Unikatni nakit iz kristalov","potentialAction":[{"@type":"SearchAction","target":{"@type":"EntryPoint","urlTemplate":"https:\/\/www.seraphina.si\/?s={search_term_string}"},"query-input":{"@type":"PropertyValueSpecification","valueRequired":true,"valueName":"search_term_string"}}],"inLanguage":"de"},{"@type":"Organization","@id":"https:\/\/www.seraphina.si\/#organization","name":"Nakit Seraphina","alternateName":"Seraphina spletna trgovina z nakitom, kristali in minerali","url":"https:\/\/www.seraphina.si\/","logo":{"@type":"ImageObject","inLanguage":"de","@id":"https:\/\/www.seraphina.si\/#\/schema\/logo\/image\/","url":"https:\/\/www.seraphina.si\/wp-content\/uploads\/2025\/03\/logo-seraphina-2025-1.svg","contentUrl":"https:\/\/www.seraphina.si\/wp-content\/uploads\/2025\/03\/logo-seraphina-2025-1.svg","width":100,"height":100,"caption":"Nakit Seraphina"},"image":{"@id":"https:\/\/www.seraphina.si\/#\/schema\/logo\/image\/"},"sameAs":["https:\/\/www.facebook.com\/seraphina.si\/","https:\/\/www.instagram.com\/seraphinas_gemstones\/"]}]}},"_links":{"self":[{"href":"https:\/\/www.seraphina.si\/de\/wp-json\/wp\/v2\/product\/11981","targetHints":{"allow":["GET"]}}],"collection":[{"href":"https:\/\/www.seraphina.si\/de\/wp-json\/wp\/v2\/product"}],"about":[{"href":"https:\/\/www.seraphina.si\/de\/wp-json\/wp\/v2\/types\/product"}],"wp:featuredmedia":[{"embeddable":true,"href":"https:\/\/www.seraphina.si\/de\/wp-json\/wp\/v2\/media\/11997"}],"wp:attachment":[{"href":"https:\/\/www.seraphina.si\/de\/wp-json\/wp\/v2\/media?parent=11981"}],"wp:term":[{"taxonomy":"horoskop","embeddable":true,"href":"https:\/\/www.seraphina.si\/de\/wp-json\/wp\/v2\/horoskop?post=11981"},{"taxonomy":"kamen","embeddable":true,"href":"https:\/\/www.seraphina.si\/de\/wp-json\/wp\/v2\/kamen?post=11981"},{"taxonomy":"kolekcija","embeddable":true,"href":"https:\/\/www.seraphina.si\/de\/wp-json\/wp\/v2\/kolekcija?post=11981"},{"taxonomy":"mesec","embeddable":true,"href":"https:\/\/www.seraphina.si\/de\/wp-json\/wp\/v2\/mesec?post=11981"},{"taxonomy":"product_brand","embeddable":true,"href":"https:\/\/www.seraphina.si\/de\/wp-json\/wp\/v2\/product_brand?post=11981"},{"taxonomy":"product_cat","embeddable":true,"href":"https:\/\/www.seraphina.si\/de\/wp-json\/wp\/v2\/product_cat?post=11981"},{"taxonomy":"product_tag","embeddable":true,"href":"https:\/\/www.seraphina.si\/de\/wp-json\/wp\/v2\/product_tag?post=11981"}],"curies":[{"name":"wp","href":"https:\/\/api.w.org\/{rel}","templated":true}]}}