{"id":11943,"date":"2024-04-28T17:11:36","date_gmt":"2024-04-28T17:11:36","guid":{"rendered":"https:\/\/www.seraphina.si\/?post_type=product&#038;p=11943"},"modified":"2025-11-27T15:05:30","modified_gmt":"2025-11-27T14:05:30","slug":"damenarmband-in-silber-horizont-larimar","status":"publish","type":"product","link":"https:\/\/www.seraphina.si\/de\/p\/zenska-zapestnica-iz-srebra-horizon-larimar\/","title":{"rendered":"Silbernes Damenarmband HORIZON, Larimar"},"content":{"rendered":"<p>Armband aus 925er Sterlingsilber, mit nat\u00fcrlichem Larimar-Kristall.<\/p>\n<p>Jeder Kristall hat einen Durchmesser von 5 mm. Da es sich um nat\u00fcrliche Kristalle handelt, variieren die Farben leicht von Produkt zu Produkt.<\/p>\n<p>Die L\u00e4nge des Armbands betr\u00e4gt 18,5 cm + 4 cm Verl\u00e4ngerung, f\u00fcr eine Gesamtl\u00e4nge von 22,5 cm.<\/p>\n<h4><strong>Larimar<\/strong><\/h4>\n<p>Herkunft: Dominikanische Republik<\/p>\n<p>Larimar, auch bekannt als der Stein von Atlantis, ist wie seine Farbe von der beruhigenden Energie des blauen Himmels und des karibischen Meeres durchdrungen. Er sieht aus, als k\u00e4me er aus dem Meer selbst, aber in Wirklichkeit wird er durch Hitze und Feuer geboren, insbesondere durch die Vulkanausbr\u00fcche in der Dominikanischen Republik. Er tr\u00e4gt also die Energie des Feuers in sich, die auf das Karibische Meer trifft und ihm eine ausgeglichene Energie verleiht. Larimar kann daher Hei\u00dfbl\u00fctigkeit bes\u00e4nftigen und innere St\u00e4rke, Ruhe und Mut vermitteln. Ob es nun sein Name, sein Aussehen oder die Energie ist, die er ausstrahlt, Larimar strotzt vor positiver Energie und l\u00e4dt uns ein, zu ihm zu kommen. Er ist eine Mischung aus reinigender Energie und beruhigender Kraft, die beide \u00e4u\u00dferst f\u00f6rderlich f\u00fcr unsere k\u00f6rperliche und geistige Gesundheit sind.<\/p>\n<p>Da es sich um einen relativ neuen Kristall handelt, sind viele seiner Eigenschaften noch unentdeckt und werden erst nach l\u00e4ngerem Gebrauch deutlich. Eine seiner bekanntesten Eigenschaften ist jedoch seine kraftvolle Rolle in der Kommunikation. Er tr\u00e4gt zur St\u00e4rkung der oberen Chakren bei, insbesondere des Halschakras, stimuliert also unsere Sprechf\u00e4higkeit, st\u00e4rkt unsere wahre Stimme und beruhigt den Hals. Sie ist in der Lage, \u00e4ngstliche Gedanken und \u00fcberm\u00e4\u00dfige Sorgen wegzusp\u00fclen. Sie vertreibt sch\u00e4dliche Gedanken und ist dank ihrer beruhigenden Energie eine wirksame Hilfe bei der \u00dcberwindung von Stress und damit verbundenen k\u00f6rperlichen Symptomen wie Schlaflosigkeit, Bluthochdruck und einigen Hautkrankheiten.<\/p>\n<p>Wie ein Stein des Ansto\u00dfes hilft er uns, Phobien zu \u00fcberwinden und unsere eigene innere St\u00e4rke zu finden. Er lenkt uns von selbstzerst\u00f6rerischen Gedankenmustern und unseren eigenen Lasten ab, die auf unserer Seele lasten. Er ist hilfreich f\u00fcr alle, die sich \u00fcberfordert f\u00fchlen, mit schwierigen Gef\u00fchlen k\u00e4mpfen oder schnell in toxische Denkmuster und Depressionen verfallen.<\/p>\n<p>Mit Larimar m\u00fcssen wir nur tief durchatmen und uns von ihm dorthin tragen lassen, wohin wir wollen. Seine Lichtenergie weckt in uns die Freude am Leben und hilft uns, die Welt mit den Augen eines Kindes zu sehen - als voller Leichtigkeit, Licht, Frieden und Hoffnung.<\/p>","protected":false},"excerpt":{"rendered":"<p>Armband aus 925er Sterlingsilber mit nat\u00fcrlichem Larimar-Kristall aus der Dominikanischen Republik, der mit seinem Blau des Karibischen Meeres und seiner beruhigenden Energie inneren Frieden, Mut und Lebensfreude bringt, w\u00e4hrend er die Kommunikation verbessert und Stress abbaut. Seine Energie ist beruhigend f\u00fcr K\u00f6rper und Geist und inspiriert uns mit Leichtigkeit und Hoffnung.<\/p>\n<p>&nbsp;<\/p>","protected":false},"featured_media":11959,"template":"","meta":{"_acf_changed":false,"inline_featured_image":false},"horoskop":[],"kamen":[685],"kolekcija":[721],"mesec":[],"product_brand":[],"product_cat":[288,183,26,420],"product_tag":[290,21,236,33,63],"class_list":{"0":"post-11943","1":"product","2":"type-product","3":"status-publish","4":"has-post-thumbnail","6":"kamen-larimar","7":"kolekcija-basic","8":"product_cat-kabosoni-polirani-kristali-in-minerali","9":"product_cat-vsa-ponudba","10":"product_cat-zapestnice","11":"product_cat-zapestnice-s-kabosoni","12":"product_tag-kaboson","13":"product_tag-kristal","14":"product_tag-larimar","15":"product_tag-srebro","16":"product_tag-zapestnica","17":"pa_horoskop-lev","18":"pa_horoskop-ribi","19":"pa_kamen-larimar","20":"tm-has-options","22":"first","23":"onbackorder","24":"sale","25":"taxable","26":"shipping-taxable","27":"purchasable","28":"product-type-simple"},"acf":[],"yoast_head":"<!-- This site is optimized with the Yoast SEO plugin v27.3 - https:\/\/yoast.com\/product\/yoast-seo-wordpress\/ -->\n<title>Seraphina - Zapestnica Horizon - Larimar<\/title>\n<meta name=\"description\" content=\"Zapestnica izdelana iz 925 srebra, z naravnim kristalom larimar. Seraphina - nakit iz naravnih kristalov in poldragih\/dragih kamnov.\" \/>\n<meta name=\"robots\" content=\"index, follow, max-snippet:-1, max-image-preview:large, max-video-preview:-1\" \/>\n<link rel=\"canonical\" href=\"https:\/\/www.seraphina.si\/de\/p\/damenarmband-in-silber-horizont-larimar\/\" \/>\n<meta property=\"og:locale\" content=\"de_DE\" \/>\n<meta property=\"og:type\" content=\"article\" \/>\n<meta property=\"og:title\" content=\"Seraphina - Zapestnica Horizon - Larimar\" \/>\n<meta property=\"og:description\" content=\"Zapestnica izdelana iz 925 srebra, z naravnim kristalom larimar. Seraphina - nakit iz naravnih kristalov in poldragih\/dragih kamnov.\" \/>\n<meta property=\"og:url\" content=\"https:\/\/www.seraphina.si\/de\/p\/damenarmband-in-silber-horizont-larimar\/\" \/>\n<meta property=\"og:site_name\" content=\"Seraphina\" \/>\n<meta property=\"article:publisher\" content=\"https:\/\/www.facebook.com\/seraphina.si\/\" \/>\n<meta property=\"article:modified_time\" content=\"2025-11-27T14:05:30+00:00\" \/>\n<meta property=\"og:image\" content=\"https:\/\/www.seraphina.si\/wp-content\/uploads\/2024\/04\/lar-rdb-170-2-1.jpg\" \/>\n\t<meta property=\"og:image:width\" content=\"800\" \/>\n\t<meta property=\"og:image:height\" content=\"800\" \/>\n\t<meta property=\"og:image:type\" content=\"image\/jpeg\" \/>\n<script type=\"application\/ld+json\" class=\"yoast-schema-graph\">{\"@context\":\"https:\\\/\\\/schema.org\",\"@graph\":[{\"@type\":[\"WebPage\",\"CollectionPage\"],\"@id\":\"https:\\\/\\\/www.seraphina.si\\\/p\\\/zenska-zapestnica-iz-srebra-horizon-larimar\\\/\",\"url\":\"https:\\\/\\\/www.seraphina.si\\\/p\\\/zenska-zapestnica-iz-srebra-horizon-larimar\\\/\",\"name\":\"Seraphina - Zapestnica Horizon - Larimar\",\"isPartOf\":{\"@id\":\"https:\\\/\\\/www.seraphina.si\\\/#website\"},\"primaryImageOfPage\":{\"@id\":\"https:\\\/\\\/www.seraphina.si\\\/p\\\/zenska-zapestnica-iz-srebra-horizon-larimar\\\/#primaryimage\"},\"image\":{\"@id\":\"https:\\\/\\\/www.seraphina.si\\\/p\\\/zenska-zapestnica-iz-srebra-horizon-larimar\\\/#primaryimage\"},\"thumbnailUrl\":\"https:\\\/\\\/www.seraphina.si\\\/wp-content\\\/uploads\\\/2024\\\/04\\\/lar-rdb-170-2-1.jpg\",\"datePublished\":\"2024-04-28T17:11:36+00:00\",\"dateModified\":\"2025-11-27T14:05:30+00:00\",\"description\":\"Zapestnica izdelana iz 925 srebra, z naravnim kristalom larimar. Seraphina - nakit iz naravnih kristalov in poldragih\\\/dragih kamnov.\",\"breadcrumb\":{\"@id\":\"https:\\\/\\\/www.seraphina.si\\\/p\\\/zenska-zapestnica-iz-srebra-horizon-larimar\\\/#breadcrumb\"},\"inLanguage\":\"de\"},{\"@type\":\"ImageObject\",\"inLanguage\":\"de\",\"@id\":\"https:\\\/\\\/www.seraphina.si\\\/p\\\/zenska-zapestnica-iz-srebra-horizon-larimar\\\/#primaryimage\",\"url\":\"https:\\\/\\\/www.seraphina.si\\\/wp-content\\\/uploads\\\/2024\\\/04\\\/lar-rdb-170-2-1.jpg\",\"contentUrl\":\"https:\\\/\\\/www.seraphina.si\\\/wp-content\\\/uploads\\\/2024\\\/04\\\/lar-rdb-170-2-1.jpg\",\"width\":800,\"height\":800,\"caption\":\"Zapestnica Horizon - Larimar - Seraphina\"},{\"@type\":\"BreadcrumbList\",\"@id\":\"https:\\\/\\\/www.seraphina.si\\\/p\\\/zenska-zapestnica-iz-srebra-horizon-larimar\\\/#breadcrumb\",\"itemListElement\":[{\"@type\":\"ListItem\",\"position\":1,\"name\":\"Home\",\"item\":\"https:\\\/\\\/www.seraphina.si\\\/\"},{\"@type\":\"ListItem\",\"position\":2,\"name\":\"Trgovina\",\"item\":\"https:\\\/\\\/www.seraphina.si\\\/trgovina\\\/\"},{\"@type\":\"ListItem\",\"position\":3,\"name\":\"\u017denska zapestnica iz srebra HORIZON, Larimar\"}]},{\"@type\":\"WebSite\",\"@id\":\"https:\\\/\\\/www.seraphina.si\\\/#website\",\"url\":\"https:\\\/\\\/www.seraphina.si\\\/\",\"name\":\"Unikatni nakit iz kristalov - Seraphina\",\"description\":\"Unikatni nakit kamen iz kristalov, srebrni prstani in veri\u017eice -\",\"publisher\":{\"@id\":\"https:\\\/\\\/www.seraphina.si\\\/#organization\"},\"alternateName\":\"Seraphina - Unikatni nakit iz kristalov\",\"potentialAction\":[{\"@type\":\"SearchAction\",\"target\":{\"@type\":\"EntryPoint\",\"urlTemplate\":\"https:\\\/\\\/www.seraphina.si\\\/?s={search_term_string}\"},\"query-input\":{\"@type\":\"PropertyValueSpecification\",\"valueRequired\":true,\"valueName\":\"search_term_string\"}}],\"inLanguage\":\"de\"},{\"@type\":\"Organization\",\"@id\":\"https:\\\/\\\/www.seraphina.si\\\/#organization\",\"name\":\"Nakit Seraphina\",\"alternateName\":\"Seraphina spletna trgovina z nakitom, kristali in minerali\",\"url\":\"https:\\\/\\\/www.seraphina.si\\\/\",\"logo\":{\"@type\":\"ImageObject\",\"inLanguage\":\"de\",\"@id\":\"https:\\\/\\\/www.seraphina.si\\\/#\\\/schema\\\/logo\\\/image\\\/\",\"url\":\"https:\\\/\\\/www.seraphina.si\\\/wp-content\\\/uploads\\\/2025\\\/03\\\/logo-seraphina-2025-1.svg\",\"contentUrl\":\"https:\\\/\\\/www.seraphina.si\\\/wp-content\\\/uploads\\\/2025\\\/03\\\/logo-seraphina-2025-1.svg\",\"width\":100,\"height\":100,\"caption\":\"Nakit Seraphina\"},\"image\":{\"@id\":\"https:\\\/\\\/www.seraphina.si\\\/#\\\/schema\\\/logo\\\/image\\\/\"},\"sameAs\":[\"https:\\\/\\\/www.facebook.com\\\/seraphina.si\\\/\",\"https:\\\/\\\/www.instagram.com\\\/seraphinas_gemstones\\\/\"]}]}<\/script>\n<!-- \/ Yoast SEO plugin. -->","yoast_head_json":{"title":"Seraphina - Horizont-Armband - Larimar","description":"Armband aus 925er Sterlingsilber, mit nat\u00fcrlichem Larimar-Kristall. Seraphina - Schmuck aus nat\u00fcrlichen Kristallen und Halbedelsteinen\/Edelsteinen.","robots":{"index":"index","follow":"follow","max-snippet":"max-snippet:-1","max-image-preview":"max-image-preview:large","max-video-preview":"max-video-preview:-1"},"canonical":"https:\/\/www.seraphina.si\/de\/p\/damenarmband-in-silber-horizont-larimar\/","og_locale":"de_DE","og_type":"article","og_title":"Seraphina - Zapestnica Horizon - Larimar","og_description":"Zapestnica izdelana iz 925 srebra, z naravnim kristalom larimar. Seraphina - nakit iz naravnih kristalov in poldragih\/dragih kamnov.","og_url":"https:\/\/www.seraphina.si\/de\/p\/damenarmband-in-silber-horizont-larimar\/","og_site_name":"Seraphina","article_publisher":"https:\/\/www.facebook.com\/seraphina.si\/","article_modified_time":"2025-11-27T14:05:30+00:00","og_image":[{"width":800,"height":800,"url":"https:\/\/www.seraphina.si\/wp-content\/uploads\/2024\/04\/lar-rdb-170-2-1.jpg","type":"image\/jpeg"}],"schema":{"@context":"https:\/\/schema.org","@graph":[{"@type":["WebPage","CollectionPage"],"@id":"https:\/\/www.seraphina.si\/p\/zenska-zapestnica-iz-srebra-horizon-larimar\/","url":"https:\/\/www.seraphina.si\/p\/zenska-zapestnica-iz-srebra-horizon-larimar\/","name":"Seraphina - Horizont-Armband - Larimar","isPartOf":{"@id":"https:\/\/www.seraphina.si\/#website"},"primaryImageOfPage":{"@id":"https:\/\/www.seraphina.si\/p\/zenska-zapestnica-iz-srebra-horizon-larimar\/#primaryimage"},"image":{"@id":"https:\/\/www.seraphina.si\/p\/zenska-zapestnica-iz-srebra-horizon-larimar\/#primaryimage"},"thumbnailUrl":"https:\/\/www.seraphina.si\/wp-content\/uploads\/2024\/04\/lar-rdb-170-2-1.jpg","datePublished":"2024-04-28T17:11:36+00:00","dateModified":"2025-11-27T14:05:30+00:00","description":"Armband aus 925er Sterlingsilber, mit nat\u00fcrlichem Larimar-Kristall. Seraphina - Schmuck aus nat\u00fcrlichen Kristallen und Halbedelsteinen\/Edelsteinen.","breadcrumb":{"@id":"https:\/\/www.seraphina.si\/p\/zenska-zapestnica-iz-srebra-horizon-larimar\/#breadcrumb"},"inLanguage":"de"},{"@type":"ImageObject","inLanguage":"de","@id":"https:\/\/www.seraphina.si\/p\/zenska-zapestnica-iz-srebra-horizon-larimar\/#primaryimage","url":"https:\/\/www.seraphina.si\/wp-content\/uploads\/2024\/04\/lar-rdb-170-2-1.jpg","contentUrl":"https:\/\/www.seraphina.si\/wp-content\/uploads\/2024\/04\/lar-rdb-170-2-1.jpg","width":800,"height":800,"caption":"Zapestnica Horizon - Larimar - Seraphina"},{"@type":"BreadcrumbList","@id":"https:\/\/www.seraphina.si\/p\/zenska-zapestnica-iz-srebra-horizon-larimar\/#breadcrumb","itemListElement":[{"@type":"ListItem","position":1,"name":"Home","item":"https:\/\/www.seraphina.si\/"},{"@type":"ListItem","position":2,"name":"Trgovina","item":"https:\/\/www.seraphina.si\/trgovina\/"},{"@type":"ListItem","position":3,"name":"\u017denska zapestnica iz srebra HORIZON, Larimar"}]},{"@type":"WebSite","@id":"https:\/\/www.seraphina.si\/#website","url":"https:\/\/www.seraphina.si\/","name":"Einzigartiger Kristallschmuck - Seraphina","description":"Einzigartiger Kristallsteinschmuck, Silberringe und Ketten -","publisher":{"@id":"https:\/\/www.seraphina.si\/#organization"},"alternateName":"Seraphina - Unikatni nakit iz kristalov","potentialAction":[{"@type":"SearchAction","target":{"@type":"EntryPoint","urlTemplate":"https:\/\/www.seraphina.si\/?s={search_term_string}"},"query-input":{"@type":"PropertyValueSpecification","valueRequired":true,"valueName":"search_term_string"}}],"inLanguage":"de"},{"@type":"Organization","@id":"https:\/\/www.seraphina.si\/#organization","name":"Nakit Seraphina","alternateName":"Seraphina spletna trgovina z nakitom, kristali in minerali","url":"https:\/\/www.seraphina.si\/","logo":{"@type":"ImageObject","inLanguage":"de","@id":"https:\/\/www.seraphina.si\/#\/schema\/logo\/image\/","url":"https:\/\/www.seraphina.si\/wp-content\/uploads\/2025\/03\/logo-seraphina-2025-1.svg","contentUrl":"https:\/\/www.seraphina.si\/wp-content\/uploads\/2025\/03\/logo-seraphina-2025-1.svg","width":100,"height":100,"caption":"Nakit Seraphina"},"image":{"@id":"https:\/\/www.seraphina.si\/#\/schema\/logo\/image\/"},"sameAs":["https:\/\/www.facebook.com\/seraphina.si\/","https:\/\/www.instagram.com\/seraphinas_gemstones\/"]}]}},"_links":{"self":[{"href":"https:\/\/www.seraphina.si\/de\/wp-json\/wp\/v2\/product\/11943","targetHints":{"allow":["GET"]}}],"collection":[{"href":"https:\/\/www.seraphina.si\/de\/wp-json\/wp\/v2\/product"}],"about":[{"href":"https:\/\/www.seraphina.si\/de\/wp-json\/wp\/v2\/types\/product"}],"wp:featuredmedia":[{"embeddable":true,"href":"https:\/\/www.seraphina.si\/de\/wp-json\/wp\/v2\/media\/11959"}],"wp:attachment":[{"href":"https:\/\/www.seraphina.si\/de\/wp-json\/wp\/v2\/media?parent=11943"}],"wp:term":[{"taxonomy":"horoskop","embeddable":true,"href":"https:\/\/www.seraphina.si\/de\/wp-json\/wp\/v2\/horoskop?post=11943"},{"taxonomy":"kamen","embeddable":true,"href":"https:\/\/www.seraphina.si\/de\/wp-json\/wp\/v2\/kamen?post=11943"},{"taxonomy":"kolekcija","embeddable":true,"href":"https:\/\/www.seraphina.si\/de\/wp-json\/wp\/v2\/kolekcija?post=11943"},{"taxonomy":"mesec","embeddable":true,"href":"https:\/\/www.seraphina.si\/de\/wp-json\/wp\/v2\/mesec?post=11943"},{"taxonomy":"product_brand","embeddable":true,"href":"https:\/\/www.seraphina.si\/de\/wp-json\/wp\/v2\/product_brand?post=11943"},{"taxonomy":"product_cat","embeddable":true,"href":"https:\/\/www.seraphina.si\/de\/wp-json\/wp\/v2\/product_cat?post=11943"},{"taxonomy":"product_tag","embeddable":true,"href":"https:\/\/www.seraphina.si\/de\/wp-json\/wp\/v2\/product_tag?post=11943"}],"curies":[{"name":"wp","href":"https:\/\/api.w.org\/{rel}","templated":true}]}}